{"id":1112,"date":"2025-02-23T13:58:44","date_gmt":"2025-02-23T13:58:44","guid":{"rendered":"https:\/\/protech.nu\/forside\/"},"modified":"2025-10-27T18:15:38","modified_gmt":"2025-10-27T18:15:38","slug":"forside","status":"publish","type":"page","link":"https:\/\/protech.nu\/da\/forside\/","title":{"rendered":"Forside"},"content":{"rendered":"\n<figure class=\"wp-block-image size-large\"><img decoding=\"async\" src=\"https:\/\/protech.nu\/wp-content\/uploads\/2025\/07\/IQi_Transducerized-Contoller_800x600px-1024x768.webp\" alt=\"PR&#xC6;CISIONSV&#xC6;RKT&#xD8;J MED LAVT MOMENT IQi-SERIENS ELEKTRISKE SKRUETR&#xC6;KKER\" class=\"wp-image-111\"\/><\/figure>\n","protected":false},"excerpt":{"rendered":"","protected":false},"author":1,"featured_media":0,"parent":0,"menu_order":0,"comment_status":"closed","ping_status":"closed","template":"elementor_header_footer","meta":{"_acf_changed":false,"_monsterinsights_skip_tracking":false,"_monsterinsights_sitenote_active":false,"_monsterinsights_sitenote_note":"","_monsterinsights_sitenote_category":0,"_themeisle_gutenberg_block_has_review":false,"footnotes":""},"class_list":["post-1112","page","type-page","status-publish","hentry"],"acf":[],"yoast_head":"<!-- This site is optimized with the Yoast SEO plugin v27.6 - https:\/\/yoast.com\/product\/yoast-seo-wordpress\/ -->\n<title>MyPowerToolsBox O\u00dc \u2013 Ingersoll Rand batteri- og trykluftv\u00e6rkt\u00f8j og industrielle l\u00f8sninger<\/title>\n<meta name=\"description\" content=\"Ingersoll Rand batteri- og trykluftv\u00e6rkt\u00f8j, pr\u00e6cisionsmonteringssystemer og l\u00f8ftel\u00f8sninger. Officiel distribut\u00f8r i Estland. Gratis levering ved bestillinger over 150 \u20ac.\" \/>\n<meta name=\"robots\" content=\"index, follow, max-snippet:-1, max-image-preview:large, max-video-preview:-1\" \/>\n<link rel=\"canonical\" href=\"https:\/\/protech.nu\/da\/forside\/\" \/>\n<meta property=\"og:locale\" content=\"da_DK\" \/>\n<meta property=\"og:type\" content=\"article\" \/>\n<meta property=\"og:title\" content=\"MyPowerToolsBox O\u00dc \u2013 Ingersoll Rand batteri- og trykluftv\u00e6rkt\u00f8j og industrielle l\u00f8sninger\" \/>\n<meta property=\"og:description\" content=\"Ingersoll Rand batteri- og trykluftv\u00e6rkt\u00f8j, pr\u00e6cisionsmonteringssystemer og l\u00f8ftel\u00f8sninger. Officiel distribut\u00f8r i Estland. Gratis levering ved bestillinger over 150 \u20ac.\" \/>\n<meta property=\"og:url\" content=\"https:\/\/protech.nu\/da\/forside\/\" \/>\n<meta property=\"og:site_name\" content=\"ProTech\" \/>\n<meta property=\"article:publisher\" content=\"https:\/\/www.facebook.com\/Protech.nu\/\" \/>\n<meta property=\"article:modified_time\" content=\"2025-10-27T18:15:38+00:00\" \/>\n<meta property=\"og:image\" content=\"https:\/\/2026.protech.nu\/wp-content\/uploads\/2025\/07\/IQi_Transducerized-Contoller_800x600px-1024x768.webp\" \/>\n<meta name=\"twitter:card\" content=\"summary_large_image\" \/>\n<meta name=\"twitter:label1\" content=\"Estimeret l\u00e6setid\" \/>\n\t<meta name=\"twitter:data1\" content=\"1 minut\" \/>\n<script type=\"application\/ld+json\" class=\"yoast-schema-graph\">{\"@context\":\"https:\\\/\\\/schema.org\",\"@graph\":[{\"@type\":[\"WebPage\",\"AboutPage\"],\"@id\":\"https:\\\/\\\/protech.nu\\\/da\\\/forside\\\/\",\"url\":\"https:\\\/\\\/protech.nu\\\/da\\\/forside\\\/\",\"name\":\"MyPowerToolsBox O\u00dc \u2013 Ingersoll Rand batteri- og trykluftv\u00e6rkt\u00f8j og industrielle l\u00f8sninger\",\"isPartOf\":{\"@id\":\"https:\\\/\\\/protech.nu\\\/da\\\/#website\"},\"primaryImageOfPage\":{\"@id\":\"https:\\\/\\\/protech.nu\\\/da\\\/forside\\\/#primaryimage\"},\"image\":{\"@id\":\"https:\\\/\\\/protech.nu\\\/da\\\/forside\\\/#primaryimage\"},\"thumbnailUrl\":\"https:\\\/\\\/2026.protech.nu\\\/wp-content\\\/uploads\\\/2025\\\/07\\\/IQi_Transducerized-Contoller_800x600px-1024x768.webp\",\"datePublished\":\"2025-02-23T13:58:44+00:00\",\"dateModified\":\"2025-10-27T18:15:38+00:00\",\"description\":\"Ingersoll Rand batteri- og trykluftv\u00e6rkt\u00f8j, pr\u00e6cisionsmonteringssystemer og l\u00f8ftel\u00f8sninger. Officiel distribut\u00f8r i Estland. Gratis levering ved bestillinger over 150 \u20ac.\",\"breadcrumb\":{\"@id\":\"https:\\\/\\\/protech.nu\\\/da\\\/forside\\\/#breadcrumb\"},\"inLanguage\":\"da-DK\",\"potentialAction\":[{\"@type\":\"ReadAction\",\"target\":[\"https:\\\/\\\/protech.nu\\\/da\\\/forside\\\/\"]}]},{\"@type\":\"ImageObject\",\"inLanguage\":\"da-DK\",\"@id\":\"https:\\\/\\\/protech.nu\\\/da\\\/forside\\\/#primaryimage\",\"url\":\"https:\\\/\\\/2026.protech.nu\\\/wp-content\\\/uploads\\\/2025\\\/07\\\/IQi_Transducerized-Contoller_800x600px-1024x768.webp\",\"contentUrl\":\"https:\\\/\\\/2026.protech.nu\\\/wp-content\\\/uploads\\\/2025\\\/07\\\/IQi_Transducerized-Contoller_800x600px-1024x768.webp\"},{\"@type\":\"BreadcrumbList\",\"@id\":\"https:\\\/\\\/protech.nu\\\/da\\\/forside\\\/#breadcrumb\",\"itemListElement\":[{\"@type\":\"ListItem\",\"position\":1,\"name\":\"Hjem\",\"item\":\"https:\\\/\\\/protech.nu\\\/da\\\/\"},{\"@type\":\"ListItem\",\"position\":2,\"name\":\"Forside\"}]},{\"@type\":\"WebSite\",\"@id\":\"https:\\\/\\\/protech.nu\\\/da\\\/#website\",\"url\":\"https:\\\/\\\/protech.nu\\\/da\\\/\",\"name\":\"PROTECH\",\"description\":\"\",\"publisher\":{\"@id\":\"https:\\\/\\\/protech.nu\\\/da\\\/#organization\"},\"potentialAction\":[{\"@type\":\"SearchAction\",\"target\":{\"@type\":\"EntryPoint\",\"urlTemplate\":\"https:\\\/\\\/protech.nu\\\/da\\\/?s={search_term_string}\"},\"query-input\":{\"@type\":\"PropertyValueSpecification\",\"valueRequired\":true,\"valueName\":\"search_term_string\"}}],\"inLanguage\":\"da-DK\"},{\"@type\":\"Organization\",\"@id\":\"https:\\\/\\\/protech.nu\\\/da\\\/#organization\",\"name\":\"MYPOWERTOOLSBOX\",\"alternateName\":\"ProTech\",\"url\":\"https:\\\/\\\/protech.nu\\\/da\\\/\",\"logo\":{\"@type\":\"ImageObject\",\"inLanguage\":\"da-DK\",\"@id\":\"https:\\\/\\\/protech.nu\\\/da\\\/#\\\/schema\\\/logo\\\/image\\\/\",\"url\":\"https:\\\/\\\/2026.protech.nu\\\/wp-content\\\/uploads\\\/2026\\\/02\\\/ProTech.png\",\"contentUrl\":\"https:\\\/\\\/2026.protech.nu\\\/wp-content\\\/uploads\\\/2026\\\/02\\\/ProTech.png\",\"width\":1024,\"height\":1024,\"caption\":\"MYPOWERTOOLSBOX\"},\"image\":{\"@id\":\"https:\\\/\\\/protech.nu\\\/da\\\/#\\\/schema\\\/logo\\\/image\\\/\"},\"sameAs\":[\"https:\\\/\\\/www.facebook.com\\\/Protech.nu\\\/\",\"https:\\\/\\\/www.instagram.com\\\/protech_sweden\\\/\",\"https:\\\/\\\/www.linkedin.com\\\/company\\\/protech-professional-technologies-sweden-ab\\\/\",\"https:\\\/\\\/www.youtube.com\\\/@Protech_nu\"]}]}<\/script>\n<!-- \/ Yoast SEO plugin. -->","yoast_head_json":{"title":"MyPowerToolsBox O\u00dc \u2013 Ingersoll Rand batteri- og trykluftv\u00e6rkt\u00f8j og industrielle l\u00f8sninger","description":"Ingersoll Rand batteri- og trykluftv\u00e6rkt\u00f8j, pr\u00e6cisionsmonteringssystemer og l\u00f8ftel\u00f8sninger. Officiel distribut\u00f8r i Estland. Gratis levering ved bestillinger over 150 \u20ac.","robots":{"index":"index","follow":"follow","max-snippet":"max-snippet:-1","max-image-preview":"max-image-preview:large","max-video-preview":"max-video-preview:-1"},"canonical":"https:\/\/protech.nu\/da\/forside\/","og_locale":"da_DK","og_type":"article","og_title":"MyPowerToolsBox O\u00dc \u2013 Ingersoll Rand batteri- og trykluftv\u00e6rkt\u00f8j og industrielle l\u00f8sninger","og_description":"Ingersoll Rand batteri- og trykluftv\u00e6rkt\u00f8j, pr\u00e6cisionsmonteringssystemer og l\u00f8ftel\u00f8sninger. Officiel distribut\u00f8r i Estland. Gratis levering ved bestillinger over 150 \u20ac.","og_url":"https:\/\/protech.nu\/da\/forside\/","og_site_name":"ProTech","article_publisher":"https:\/\/www.facebook.com\/Protech.nu\/","article_modified_time":"2025-10-27T18:15:38+00:00","og_image":[{"url":"https:\/\/2026.protech.nu\/wp-content\/uploads\/2025\/07\/IQi_Transducerized-Contoller_800x600px-1024x768.webp","type":"","width":"","height":""}],"twitter_card":"summary_large_image","twitter_misc":{"Estimeret l\u00e6setid":"1 minut"},"schema":{"@context":"https:\/\/schema.org","@graph":[{"@type":["WebPage","AboutPage"],"@id":"https:\/\/protech.nu\/da\/forside\/","url":"https:\/\/protech.nu\/da\/forside\/","name":"MyPowerToolsBox O\u00dc \u2013 Ingersoll Rand batteri- og trykluftv\u00e6rkt\u00f8j og industrielle l\u00f8sninger","isPartOf":{"@id":"https:\/\/protech.nu\/da\/#website"},"primaryImageOfPage":{"@id":"https:\/\/protech.nu\/da\/forside\/#primaryimage"},"image":{"@id":"https:\/\/protech.nu\/da\/forside\/#primaryimage"},"thumbnailUrl":"https:\/\/2026.protech.nu\/wp-content\/uploads\/2025\/07\/IQi_Transducerized-Contoller_800x600px-1024x768.webp","datePublished":"2025-02-23T13:58:44+00:00","dateModified":"2025-10-27T18:15:38+00:00","description":"Ingersoll Rand batteri- og trykluftv\u00e6rkt\u00f8j, pr\u00e6cisionsmonteringssystemer og l\u00f8ftel\u00f8sninger. Officiel distribut\u00f8r i Estland. Gratis levering ved bestillinger over 150 \u20ac.","breadcrumb":{"@id":"https:\/\/protech.nu\/da\/forside\/#breadcrumb"},"inLanguage":"da-DK","potentialAction":[{"@type":"ReadAction","target":["https:\/\/protech.nu\/da\/forside\/"]}]},{"@type":"ImageObject","inLanguage":"da-DK","@id":"https:\/\/protech.nu\/da\/forside\/#primaryimage","url":"https:\/\/2026.protech.nu\/wp-content\/uploads\/2025\/07\/IQi_Transducerized-Contoller_800x600px-1024x768.webp","contentUrl":"https:\/\/2026.protech.nu\/wp-content\/uploads\/2025\/07\/IQi_Transducerized-Contoller_800x600px-1024x768.webp"},{"@type":"BreadcrumbList","@id":"https:\/\/protech.nu\/da\/forside\/#breadcrumb","itemListElement":[{"@type":"ListItem","position":1,"name":"Hjem","item":"https:\/\/protech.nu\/da\/"},{"@type":"ListItem","position":2,"name":"Forside"}]},{"@type":"WebSite","@id":"https:\/\/protech.nu\/da\/#website","url":"https:\/\/protech.nu\/da\/","name":"PROTECH","description":"","publisher":{"@id":"https:\/\/protech.nu\/da\/#organization"},"potentialAction":[{"@type":"SearchAction","target":{"@type":"EntryPoint","urlTemplate":"https:\/\/protech.nu\/da\/?s={search_term_string}"},"query-input":{"@type":"PropertyValueSpecification","valueRequired":true,"valueName":"search_term_string"}}],"inLanguage":"da-DK"},{"@type":"Organization","@id":"https:\/\/protech.nu\/da\/#organization","name":"MYPOWERTOOLSBOX","alternateName":"ProTech","url":"https:\/\/protech.nu\/da\/","logo":{"@type":"ImageObject","inLanguage":"da-DK","@id":"https:\/\/protech.nu\/da\/#\/schema\/logo\/image\/","url":"https:\/\/2026.protech.nu\/wp-content\/uploads\/2026\/02\/ProTech.png","contentUrl":"https:\/\/2026.protech.nu\/wp-content\/uploads\/2026\/02\/ProTech.png","width":1024,"height":1024,"caption":"MYPOWERTOOLSBOX"},"image":{"@id":"https:\/\/protech.nu\/da\/#\/schema\/logo\/image\/"},"sameAs":["https:\/\/www.facebook.com\/Protech.nu\/","https:\/\/www.instagram.com\/protech_sweden\/","https:\/\/www.linkedin.com\/company\/protech-professional-technologies-sweden-ab\/","https:\/\/www.youtube.com\/@Protech_nu"]}]}},"_links":{"self":[{"href":"https:\/\/protech.nu\/da\/wp-json\/wp\/v2\/pages\/1112","targetHints":{"allow":["GET"]}}],"collection":[{"href":"https:\/\/protech.nu\/da\/wp-json\/wp\/v2\/pages"}],"about":[{"href":"https:\/\/protech.nu\/da\/wp-json\/wp\/v2\/types\/page"}],"author":[{"embeddable":true,"href":"https:\/\/protech.nu\/da\/wp-json\/wp\/v2\/users\/1"}],"replies":[{"embeddable":true,"href":"https:\/\/protech.nu\/da\/wp-json\/wp\/v2\/comments?post=1112"}],"version-history":[{"count":1,"href":"https:\/\/protech.nu\/da\/wp-json\/wp\/v2\/pages\/1112\/revisions"}],"predecessor-version":[{"id":1113,"href":"https:\/\/protech.nu\/da\/wp-json\/wp\/v2\/pages\/1112\/revisions\/1113"}],"wp:attachment":[{"href":"https:\/\/protech.nu\/da\/wp-json\/wp\/v2\/media?parent=1112"}],"curies":[{"name":"wp","href":"https:\/\/api.w.org\/{rel}","templated":true}]}}