{"id":1208,"date":"2025-03-22T22:34:12","date_gmt":"2025-03-22T22:34:12","guid":{"rendered":"https:\/\/protech.nu\/kurv\/"},"modified":"2025-10-11T23:00:43","modified_gmt":"2025-10-11T23:00:43","slug":"kurv","status":"publish","type":"page","link":"https:\/\/protech.nu\/da\/kurv\/","title":{"rendered":"Kurv"},"content":{"rendered":"\n<div data-block-name=\"woocommerce\/cart\" class=\"wp-block-woocommerce-cart alignwide is-loading\">\n<div data-block-name=\"woocommerce\/filled-cart-block\" class=\"wp-block-woocommerce-filled-cart-block\">\n<div data-block-name=\"woocommerce\/cart-items-block\" class=\"wp-block-woocommerce-cart-items-block\">\n<div data-block-name=\"woocommerce\/cart-line-items-block\" class=\"wp-block-woocommerce-cart-line-items-block\"><\/div>\n\n\n<\/div>\n\n\n\n\n<div data-block-name=\"woocommerce\/cart-totals-block\" class=\"wp-block-woocommerce-cart-totals-block\">\n<div data-block-name=\"woocommerce\/cart-order-summary-block\" class=\"wp-block-woocommerce-cart-order-summary-block\">\n<div data-block-name=\"woocommerce\/cart-order-summary-heading-block\" class=\"wp-block-woocommerce-cart-order-summary-heading-block\"><\/div><div data-block-name=\"woocommerce\/cart-order-summary-coupon-form-block\" class=\"wp-block-woocommerce-cart-order-summary-coupon-form-block\"><\/div><div data-block-name=\"woocommerce\/cart-order-summary-totals-block\" class=\"wp-block-woocommerce-cart-order-summary-totals-block\">\n<div data-block-name=\"woocommerce\/cart-order-summary-subtotal-block\" class=\"wp-block-woocommerce-cart-order-summary-subtotal-block\"><\/div>\n<div data-block-name=\"woocommerce\/cart-order-summary-discount-block\" class=\"wp-block-woocommerce-cart-order-summary-discount-block\"><\/div>\n<div data-block-name=\"woocommerce\/cart-order-summary-fee-block\" class=\"wp-block-woocommerce-cart-order-summary-fee-block\"><\/div>\n<div data-block-name=\"woocommerce\/cart-order-summary-shipping-block\" class=\"wp-block-woocommerce-cart-order-summary-shipping-block\"><\/div>\n<div data-block-name=\"woocommerce\/cart-order-summary-taxes-block\" class=\"wp-block-woocommerce-cart-order-summary-taxes-block\"><\/div><\/div>\n<\/div>\n\n\n\n<div data-block-name=\"woocommerce\/cart-express-payment-block\" class=\"wp-block-woocommerce-cart-express-payment-block\"><\/div>\n\n\n\n<div data-block-name=\"woocommerce\/proceed-to-checkout-block\" class=\"wp-block-woocommerce-proceed-to-checkout-block\"><\/div>\n\n\n\n<div data-block-name=\"woocommerce\/cart-accepted-payment-methods-block\" class=\"wp-block-woocommerce-cart-accepted-payment-methods-block\"><\/div>\n<\/div>\n<\/div>\n\n\n\n<div data-block-name=\"woocommerce\/empty-cart-block\" class=\"wp-block-woocommerce-empty-cart-block\">\n<h2 class=\"wp-block-heading has-text-align-center with-empty-cart-icon wc-block-cart__empty-cart__title\">Din kurv er lige nu tom!<\/h2>\n\n\n\n<hr class=\"wp-block-separator has-alpha-channel-opacity is-style-dots\"\/>\n\n\n\n<h2 class=\"wp-block-heading has-text-align-center\">Ny i webshop<\/h2>\n\n\n<div data-block-name=\"woocommerce\/product-new\" data-columns=\"4\" data-rows=\"1\" class=\"wc-block-grid wp-block-product-new wp-block-woocommerce-product-new wc-block-product-new has-4-columns\"><ul class=\"wc-block-grid__products\"><li class=\"wc-block-grid__product\">\n\t\t\t\t<a href=\"https:\/\/protech.nu\/da\/produkt\/ingersoll-rand-2125qtimax-1-2%e2%80%b3-trykluft-slagnogle-450-nm-copy\/\" class=\"wc-block-grid__product-link\">\n\t\t\t\t\t<div class=\"wc-block-grid__product-onsale\">\n\t\t\t<span aria-hidden=\"true\">Tilbud<\/span>\n\t\t\t<span class=\"screen-reader-text\">Vare p\u00e5 tilbud<\/span>\n\t\t<\/div>\n\t\t\t\t\t<div class=\"wc-block-grid__product-image\"><img fetchpriority=\"high\" decoding=\"async\" width=\"600\" height=\"600\" src=\"https:\/\/protech.nu\/wp-content\/uploads\/2026\/03\/ingersoll-rand-2115qtimax-3-8-air-impact-wrench-407nm.jpg\" class=\"attachment-woocommerce_thumbnail size-woocommerce_thumbnail\" alt=\"Ingersoll Rand 2115QTiMAX 3\/8 slagn\u00f8gle 407 Nm kompakt v\u00e6rkt\u00f8j\" srcset=\"https:\/\/protech.nu\/wp-content\/uploads\/2026\/03\/ingersoll-rand-2115qtimax-3-8-air-impact-wrench-407nm.jpg 600w, https:\/\/protech.nu\/wp-content\/uploads\/2026\/03\/ingersoll-rand-2115qtimax-3-8-air-impact-wrench-407nm-300x300.jpg 300w, https:\/\/protech.nu\/wp-content\/uploads\/2026\/03\/ingersoll-rand-2115qtimax-3-8-air-impact-wrench-407nm-150x150.jpg 150w, https:\/\/protech.nu\/wp-content\/uploads\/2026\/03\/ingersoll-rand-2115qtimax-3-8-air-impact-wrench-407nm-100x100.jpg 100w\" sizes=\"(max-width: 600px) 100vw, 600px\" \/><\/div>\n\t\t\t\t\t<div class=\"wc-block-grid__product-title\">Ingersoll Rand 2125QTiMAX \u2013 1\/2\u2033 trykluft slagn\u00f8gle, 450 Nm (Copy)<\/div>\n\t\t\t\t<\/a>\n\t\t\t\t<div class=\"wc-block-grid__product-price price\"><span class=\"woocommerce-Price-amount amount\">3 545&nbsp;<span class=\"woocommerce-Price-currencySymbol\">&#107;&#114;<\/span><\/span> <small>(inkl. moms)<\/small><\/div>\n\t\t\t\t\n\t\t\t\t<div class=\"wp-block-button wc-block-grid__product-add-to-cart\"><a href=\"\/da\/wp-json\/wp\/v2\/pages\/1208?add-to-cart=9407\" aria-label=\"L\u00e6g i kurv: &ldquo;Ingersoll Rand 2125QTiMAX \u2013 1\/2\u2033 trykluft slagn\u00f8gle, 450 Nm (Copy)&rdquo;\" data-quantity=\"1\" data-product_id=\"9407\" data-product_sku=\"2115QTIMAX\" data-price=\"2836\" rel=\"nofollow\" class=\"wp-block-button__link  add_to_cart_button ajax_add_to_cart\">Tilf\u00f8j til kurv<\/a><\/div>\n\t\t\t<\/li><li class=\"wc-block-grid__product\">\n\t\t\t\t<a href=\"https:\/\/protech.nu\/da\/produkt\/ingersoll-rand-2125qtimax-1-2%e2%80%b3-trykluft-slagnoegle-450-nm\/\" class=\"wc-block-grid__product-link\">\n\t\t\t\t\t<div class=\"wc-block-grid__product-onsale\">\n\t\t\t<span aria-hidden=\"true\">Tilbud<\/span>\n\t\t\t<span class=\"screen-reader-text\">Vare p\u00e5 tilbud<\/span>\n\t\t<\/div>\n\t\t\t\t\t<div class=\"wc-block-grid__product-image\"><img decoding=\"async\" width=\"500\" height=\"487\" src=\"https:\/\/protech.nu\/wp-content\/uploads\/2026\/03\/ingersoll-rand-2125qtimax-1-2-air-impact-wrench-450nm.jpg\" class=\"attachment-woocommerce_thumbnail size-woocommerce_thumbnail\" alt=\"Ingersoll Rand 2125QTiMAX 1\/2 slagn\u00f8gle 450 Nm kompakt professionelt v\u00e6rkt\u00f8j\" srcset=\"https:\/\/protech.nu\/wp-content\/uploads\/2026\/03\/ingersoll-rand-2125qtimax-1-2-air-impact-wrench-450nm.jpg 500w, https:\/\/protech.nu\/wp-content\/uploads\/2026\/03\/ingersoll-rand-2125qtimax-1-2-air-impact-wrench-450nm-300x292.jpg 300w\" sizes=\"(max-width: 500px) 100vw, 500px\" \/><\/div>\n\t\t\t\t\t<div class=\"wc-block-grid__product-title\">Ingersoll Rand 2125QTiMAX \u2013 1\/2\u2033 trykluft slagn\u00f8gle, 450 Nm<\/div>\n\t\t\t\t<\/a>\n\t\t\t\t<div class=\"wc-block-grid__product-price price\"><span class=\"woocommerce-Price-amount amount\">3 545&nbsp;<span class=\"woocommerce-Price-currencySymbol\">&#107;&#114;<\/span><\/span> <small>(inkl. moms)<\/small><\/div>\n\t\t\t\t\n\t\t\t\t<div class=\"wp-block-button wc-block-grid__product-add-to-cart\"><a href=\"\/da\/wp-json\/wp\/v2\/pages\/1208?add-to-cart=9379\" aria-label=\"L\u00e6g i kurv: &ldquo;Ingersoll Rand 2125QTiMAX \u2013 1\/2\u2033 trykluft slagn\u00f8gle, 450 Nm&rdquo;\" data-quantity=\"1\" data-product_id=\"9379\" data-product_sku=\"2125QTIMAX\" data-price=\"2836\" rel=\"nofollow\" class=\"wp-block-button__link  add_to_cart_button ajax_add_to_cart\">Tilf\u00f8j til kurv<\/a><\/div>\n\t\t\t<\/li><li class=\"wc-block-grid__product\">\n\t\t\t\t<a href=\"https:\/\/protech.nu\/da\/produkt\/ingersoll-rand-2850max-1%e2%80%b3-trykluft-slagnogle-2850-nm-copy\/\" class=\"wc-block-grid__product-link\">\n\t\t\t\t\t\n\t\t\t\t\t<div class=\"wc-block-grid__product-image\"><img decoding=\"async\" width=\"600\" height=\"312\" src=\"https:\/\/protech.nu\/wp-content\/uploads\/2026\/03\/ingersoll-rand-2850max-6-1-inch-extended-anvil-impact-wrench.jpg\" class=\"attachment-woocommerce_thumbnail size-woocommerce_thumbnail\" alt=\"Ingersoll Rand 2850MAX-6 1 tomme trykluft slagn\u00f8gle 2850 Nm\" srcset=\"https:\/\/protech.nu\/wp-content\/uploads\/2026\/03\/ingersoll-rand-2850max-6-1-inch-extended-anvil-impact-wrench.jpg 600w, https:\/\/protech.nu\/wp-content\/uploads\/2026\/03\/ingersoll-rand-2850max-6-1-inch-extended-anvil-impact-wrench-300x156.jpg 300w\" sizes=\"(max-width: 600px) 100vw, 600px\" \/><\/div>\n\t\t\t\t\t<div class=\"wc-block-grid__product-title\">Ingersoll Rand 2850MAX-6 \u2013 1\u2033 trykluft slagn\u00f8gle med 6\u2033 forl\u00e6nget aksel, 2850 Nm<\/div>\n\t\t\t\t<\/a>\n\t\t\t\t<div class=\"wc-block-grid__product-price price\"><span class=\"woocommerce-Price-amount amount\">13 550&nbsp;<span class=\"woocommerce-Price-currencySymbol\">&#107;&#114;<\/span><\/span> <small>(inkl. moms)<\/small><\/div>\n\t\t\t\t\n\t\t\t\t<div class=\"wp-block-button wc-block-grid__product-add-to-cart\"><a href=\"\/da\/wp-json\/wp\/v2\/pages\/1208?add-to-cart=9346\" aria-label=\"L\u00e6g i kurv: &ldquo;Ingersoll Rand 2850MAX-6 \u2013 1\u2033 trykluft slagn\u00f8gle med 6\u2033 forl\u00e6nget aksel, 2850 Nm&rdquo;\" data-quantity=\"1\" data-product_id=\"9346\" data-product_sku=\"2850MAX-6\" data-price=\"10840\" rel=\"nofollow\" class=\"wp-block-button__link  add_to_cart_button ajax_add_to_cart\">Tilf\u00f8j til kurv<\/a><\/div>\n\t\t\t<\/li><li class=\"wc-block-grid__product\">\n\t\t\t\t<a href=\"https:\/\/protech.nu\/da\/produkt\/ingersoll-rand-2850max-1%e2%80%b3-trykluft-slagnoegle-2850-nm\/\" class=\"wc-block-grid__product-link\">\n\t\t\t\t\t\n\t\t\t\t\t<div class=\"wc-block-grid__product-image\"><img loading=\"lazy\" decoding=\"async\" width=\"600\" height=\"389\" src=\"https:\/\/protech.nu\/wp-content\/uploads\/2026\/03\/ingersoll-rand-2850max-1-inch-air-impact-wrench.jpg\" class=\"attachment-woocommerce_thumbnail size-woocommerce_thumbnail\" alt=\"Ingersoll Rand 2850MAX 1 tomme kraftig trykluft slagn\u00f8gle 2850 Nm\" srcset=\"https:\/\/protech.nu\/wp-content\/uploads\/2026\/03\/ingersoll-rand-2850max-1-inch-air-impact-wrench.jpg 600w, https:\/\/protech.nu\/wp-content\/uploads\/2026\/03\/ingersoll-rand-2850max-1-inch-air-impact-wrench-300x195.jpg 300w\" sizes=\"(max-width: 600px) 100vw, 600px\" \/><\/div>\n\t\t\t\t\t<div class=\"wc-block-grid__product-title\">Ingersoll Rand 2850MAX \u2013 1\u2033 trykluft slagn\u00f8gle, 2850 Nm<\/div>\n\t\t\t\t<\/a>\n\t\t\t\t<div class=\"wc-block-grid__product-price price\"><span class=\"woocommerce-Price-amount amount\">13 344&nbsp;<span class=\"woocommerce-Price-currencySymbol\">&#107;&#114;<\/span><\/span> <small>(inkl. moms)<\/small><\/div>\n\t\t\t\t\n\t\t\t\t<div class=\"wp-block-button wc-block-grid__product-add-to-cart\"><a href=\"\/da\/wp-json\/wp\/v2\/pages\/1208?add-to-cart=9311\" aria-label=\"L\u00e6g i kurv: &ldquo;Ingersoll Rand 2850MAX \u2013 1\u2033 trykluft slagn\u00f8gle, 2850 Nm&rdquo;\" data-quantity=\"1\" data-product_id=\"9311\" data-product_sku=\"2850MAX\" data-price=\"10675\" rel=\"nofollow\" class=\"wp-block-button__link  add_to_cart_button ajax_add_to_cart\">Tilf\u00f8j til kurv<\/a><\/div>\n\t\t\t<\/li><\/ul><\/div><\/div>\n<\/div>\n","protected":false},"excerpt":{"rendered":"","protected":false},"author":1,"featured_media":0,"parent":0,"menu_order":0,"comment_status":"closed","ping_status":"closed","template":"","meta":{"_acf_changed":false,"_monsterinsights_skip_tracking":false,"_monsterinsights_sitenote_active":false,"_monsterinsights_sitenote_note":"","_monsterinsights_sitenote_category":0,"_themeisle_gutenberg_block_has_review":false,"footnotes":""},"class_list":["post-1208","page","type-page","status-publish","hentry"],"acf":[],"yoast_head":"<!-- This site is optimized with the Yoast SEO plugin v27.4 - https:\/\/yoast.com\/product\/yoast-seo-wordpress\/ -->\n<title>Kurv - ProTech<\/title>\n<meta name=\"robots\" content=\"index, follow, max-snippet:-1, max-image-preview:large, max-video-preview:-1\" \/>\n<link rel=\"canonical\" href=\"https:\/\/protech.nu\/da\/kurv\/\" \/>\n<meta property=\"og:locale\" content=\"da_DK\" \/>\n<meta property=\"og:type\" content=\"article\" \/>\n<meta property=\"og:title\" content=\"Kurv - ProTech\" \/>\n<meta property=\"og:url\" content=\"https:\/\/protech.nu\/da\/kurv\/\" \/>\n<meta property=\"og:site_name\" content=\"ProTech\" \/>\n<meta property=\"article:publisher\" content=\"https:\/\/www.facebook.com\/Protech.nu\/\" \/>\n<meta property=\"article:modified_time\" content=\"2025-10-11T23:00:43+00:00\" \/>\n<meta property=\"og:image\" content=\"https:\/\/protech.nu\/wp-content\/uploads\/2026\/02\/ProTech.png\" \/>\n\t<meta property=\"og:image:width\" content=\"1024\" \/>\n\t<meta property=\"og:image:height\" content=\"1024\" \/>\n\t<meta property=\"og:image:type\" content=\"image\/png\" \/>\n<meta name=\"twitter:card\" content=\"summary_large_image\" \/>\n<script type=\"application\/ld+json\" class=\"yoast-schema-graph\">{\"@context\":\"https:\\\/\\\/schema.org\",\"@graph\":[{\"@type\":[\"WebPage\",\"AboutPage\"],\"@id\":\"https:\\\/\\\/protech.nu\\\/da\\\/kurv\\\/\",\"url\":\"https:\\\/\\\/protech.nu\\\/da\\\/kurv\\\/\",\"name\":\"Kurv - ProTech\",\"isPartOf\":{\"@id\":\"https:\\\/\\\/protech.nu\\\/da\\\/#website\"},\"datePublished\":\"2025-03-22T22:34:12+00:00\",\"dateModified\":\"2025-10-11T23:00:43+00:00\",\"breadcrumb\":{\"@id\":\"https:\\\/\\\/protech.nu\\\/da\\\/kurv\\\/#breadcrumb\"},\"inLanguage\":\"da-DK\",\"potentialAction\":[{\"@type\":\"ReadAction\",\"target\":[\"https:\\\/\\\/protech.nu\\\/da\\\/kurv\\\/\"]}]},{\"@type\":\"BreadcrumbList\",\"@id\":\"https:\\\/\\\/protech.nu\\\/da\\\/kurv\\\/#breadcrumb\",\"itemListElement\":[{\"@type\":\"ListItem\",\"position\":1,\"name\":\"Hjem\",\"item\":\"https:\\\/\\\/protech.nu\\\/da\\\/\"},{\"@type\":\"ListItem\",\"position\":2,\"name\":\"Kurv\"}]},{\"@type\":\"WebSite\",\"@id\":\"https:\\\/\\\/protech.nu\\\/da\\\/#website\",\"url\":\"https:\\\/\\\/protech.nu\\\/da\\\/\",\"name\":\"PROTECH\",\"description\":\"\",\"publisher\":{\"@id\":\"https:\\\/\\\/protech.nu\\\/da\\\/#organization\"},\"potentialAction\":[{\"@type\":\"SearchAction\",\"target\":{\"@type\":\"EntryPoint\",\"urlTemplate\":\"https:\\\/\\\/protech.nu\\\/da\\\/?s={search_term_string}\"},\"query-input\":{\"@type\":\"PropertyValueSpecification\",\"valueRequired\":true,\"valueName\":\"search_term_string\"}}],\"inLanguage\":\"da-DK\"},{\"@type\":\"Organization\",\"@id\":\"https:\\\/\\\/protech.nu\\\/da\\\/#organization\",\"name\":\"MYPOWERTOOLSBOX\",\"alternateName\":\"ProTech\",\"url\":\"https:\\\/\\\/protech.nu\\\/da\\\/\",\"logo\":{\"@type\":\"ImageObject\",\"inLanguage\":\"da-DK\",\"@id\":\"https:\\\/\\\/protech.nu\\\/da\\\/#\\\/schema\\\/logo\\\/image\\\/\",\"url\":\"https:\\\/\\\/2026.protech.nu\\\/wp-content\\\/uploads\\\/2026\\\/02\\\/ProTech.png\",\"contentUrl\":\"https:\\\/\\\/2026.protech.nu\\\/wp-content\\\/uploads\\\/2026\\\/02\\\/ProTech.png\",\"width\":1024,\"height\":1024,\"caption\":\"MYPOWERTOOLSBOX\"},\"image\":{\"@id\":\"https:\\\/\\\/protech.nu\\\/da\\\/#\\\/schema\\\/logo\\\/image\\\/\"},\"sameAs\":[\"https:\\\/\\\/www.facebook.com\\\/Protech.nu\\\/\",\"https:\\\/\\\/www.instagram.com\\\/protech_sweden\\\/\",\"https:\\\/\\\/www.linkedin.com\\\/company\\\/protech-professional-technologies-sweden-ab\\\/\",\"https:\\\/\\\/www.youtube.com\\\/@Protech_nu\"]}]}<\/script>\n<!-- \/ Yoast SEO plugin. -->","yoast_head_json":{"title":"Kurv - ProTech","robots":{"index":"index","follow":"follow","max-snippet":"max-snippet:-1","max-image-preview":"max-image-preview:large","max-video-preview":"max-video-preview:-1"},"canonical":"https:\/\/protech.nu\/da\/kurv\/","og_locale":"da_DK","og_type":"article","og_title":"Kurv - ProTech","og_url":"https:\/\/protech.nu\/da\/kurv\/","og_site_name":"ProTech","article_publisher":"https:\/\/www.facebook.com\/Protech.nu\/","article_modified_time":"2025-10-11T23:00:43+00:00","og_image":[{"width":1024,"height":1024,"url":"https:\/\/protech.nu\/wp-content\/uploads\/2026\/02\/ProTech.png","type":"image\/png"}],"twitter_card":"summary_large_image","schema":{"@context":"https:\/\/schema.org","@graph":[{"@type":["WebPage","AboutPage"],"@id":"https:\/\/protech.nu\/da\/kurv\/","url":"https:\/\/protech.nu\/da\/kurv\/","name":"Kurv - ProTech","isPartOf":{"@id":"https:\/\/protech.nu\/da\/#website"},"datePublished":"2025-03-22T22:34:12+00:00","dateModified":"2025-10-11T23:00:43+00:00","breadcrumb":{"@id":"https:\/\/protech.nu\/da\/kurv\/#breadcrumb"},"inLanguage":"da-DK","potentialAction":[{"@type":"ReadAction","target":["https:\/\/protech.nu\/da\/kurv\/"]}]},{"@type":"BreadcrumbList","@id":"https:\/\/protech.nu\/da\/kurv\/#breadcrumb","itemListElement":[{"@type":"ListItem","position":1,"name":"Hjem","item":"https:\/\/protech.nu\/da\/"},{"@type":"ListItem","position":2,"name":"Kurv"}]},{"@type":"WebSite","@id":"https:\/\/protech.nu\/da\/#website","url":"https:\/\/protech.nu\/da\/","name":"PROTECH","description":"","publisher":{"@id":"https:\/\/protech.nu\/da\/#organization"},"potentialAction":[{"@type":"SearchAction","target":{"@type":"EntryPoint","urlTemplate":"https:\/\/protech.nu\/da\/?s={search_term_string}"},"query-input":{"@type":"PropertyValueSpecification","valueRequired":true,"valueName":"search_term_string"}}],"inLanguage":"da-DK"},{"@type":"Organization","@id":"https:\/\/protech.nu\/da\/#organization","name":"MYPOWERTOOLSBOX","alternateName":"ProTech","url":"https:\/\/protech.nu\/da\/","logo":{"@type":"ImageObject","inLanguage":"da-DK","@id":"https:\/\/protech.nu\/da\/#\/schema\/logo\/image\/","url":"https:\/\/2026.protech.nu\/wp-content\/uploads\/2026\/02\/ProTech.png","contentUrl":"https:\/\/2026.protech.nu\/wp-content\/uploads\/2026\/02\/ProTech.png","width":1024,"height":1024,"caption":"MYPOWERTOOLSBOX"},"image":{"@id":"https:\/\/protech.nu\/da\/#\/schema\/logo\/image\/"},"sameAs":["https:\/\/www.facebook.com\/Protech.nu\/","https:\/\/www.instagram.com\/protech_sweden\/","https:\/\/www.linkedin.com\/company\/protech-professional-technologies-sweden-ab\/","https:\/\/www.youtube.com\/@Protech_nu"]}]}},"_links":{"self":[{"href":"https:\/\/protech.nu\/da\/wp-json\/wp\/v2\/pages\/1208","targetHints":{"allow":["GET"]}}],"collection":[{"href":"https:\/\/protech.nu\/da\/wp-json\/wp\/v2\/pages"}],"about":[{"href":"https:\/\/protech.nu\/da\/wp-json\/wp\/v2\/types\/page"}],"author":[{"embeddable":true,"href":"https:\/\/protech.nu\/da\/wp-json\/wp\/v2\/users\/1"}],"replies":[{"embeddable":true,"href":"https:\/\/protech.nu\/da\/wp-json\/wp\/v2\/comments?post=1208"}],"version-history":[{"count":0,"href":"https:\/\/protech.nu\/da\/wp-json\/wp\/v2\/pages\/1208\/revisions"}],"wp:attachment":[{"href":"https:\/\/protech.nu\/da\/wp-json\/wp\/v2\/media?parent=1208"}],"curies":[{"name":"wp","href":"https:\/\/api.w.org\/{rel}","templated":true}]}}