{"id":2816,"date":"2025-11-10T16:17:37","date_gmt":"2025-11-10T16:17:37","guid":{"rendered":"https:\/\/protech.nu\/toode\/ingersoll-rand-bc1161-eu-batterioplader-40v\/"},"modified":"2026-01-20T00:48:38","modified_gmt":"2026-01-20T00:48:38","slug":"ingersoll-rand-bc1161-charger","status":"publish","type":"product","link":"https:\/\/protech.nu\/da\/produkt\/ingersoll-rand-bc1161-charger\/","title":{"rendered":"Ingersoll Rand BC1161-EU batterioplader 40V"},"content":{"rendered":"<h3>Ingersoll Rand BC1161-EU Hurtigoplader (40V)<\/h3>\n<p>Ingersoll Rand <strong>BC1161-EU hurtigoplader<\/strong> er designet til effektiv og hurtig opladning af IQV40\u2122-seriens 40V Li-Ion-batterier. Det er en uundv\u00e6rlig enhed til professionelle arbejdsmilj\u00f8er, der sikrer, at batterierne er klar p\u00e5 kort tid.<\/p>\n<p>Opladeren er udstyret med <strong>LED-energiindikator og lydsignal<\/strong>, som giver klar besked om batteriets opladningsniveau og fuldf\u00f8relse. Desuden har enheden en integreret <strong>USB-ladeport<\/strong>, som g\u00f8r det muligt at oplade en tablet eller mobiltelefon samtidigt. Det fleksible design g\u00f8r det muligt at montere opladeren p\u00e5 v\u00e6gge eller arbejdsborde \u2013 <strong>lodret eller vandret<\/strong> for at optimere pladsen p\u00e5 v\u00e6rkstedet.<\/p>\n<hr \/>\n<h3>Tekniske specifikationer:<\/h3>\n<ul>\n<li><strong>Kompatibilitet:<\/strong> IQV40\u2122-seriens batterier (40V Li-Ion)<\/li>\n<li><strong>Opladningstid:<\/strong> Hurtig opladning ca. 1 time<\/li>\n<li><strong>Indikatorer:<\/strong> LED-niveaum\u00e5ler og lydsignal<\/li>\n<li><strong>Ekstra:<\/strong> USB-port til opladning af mobile enheder<\/li>\n<li><strong>Montering:<\/strong> Lodret eller vandret (v\u00e6g\/bord)<\/li>\n<li><strong>V\u00e6gt:<\/strong> 1,31 kg<\/li>\n<\/ul>\n<p><strong>Download the IQV Series Product Catalog:<\/strong><\/p>\n<div style=\"margin: 15px 0 36px 0;\"><a style=\"display: inline-block; border: 2px solid #E14A2D; color: #e14a2d; padding: 12px 20px; border-radius: 4px; text-decoration: none; font-weight: 600; background: transparent;\" href=\"https:\/\/protech.nu\/wp-content\/uploads\/2025\/09\/ingersoll-rand-iqv20-cordless-tools-catalog.pdf\" target=\"_blank\" rel=\"noopener\">Ingersoll Rand IQV Cordless Tools | Power, Precision and Performance<br \/>\n<\/a><\/div>\n","protected":false},"excerpt":{"rendered":"<p>Ingersoll Rand <strong>BC1161-EU 40V IQV40\u2122 Oplader<\/strong>. Smart hurtigoplader med LED-indikator, lydsignal og USB-port. Giver mulighed for fleksibel montering og sikrer fuld opladning p\u00e5 kun \u00e9n time.<\/p>\n","protected":false},"featured_media":1680,"comment_status":"open","ping_status":"closed","template":"","meta":{"_acf_changed":false,"_monsterinsights_skip_tracking":false,"_monsterinsights_sitenote_active":false,"_monsterinsights_sitenote_note":"","_monsterinsights_sitenote_category":0,"_themeisle_gutenberg_block_has_review":false},"product_brand":[],"product_cat":[193,178],"product_tag":[],"class_list":{"0":"post-2816","1":"product","2":"type-product","3":"status-publish","4":"has-post-thumbnail","6":"product_cat-ingersoll-rand-batterier-og-opladere","7":"product_cat-ingersoll-rand-iqv20-series","9":"first","10":"instock","11":"taxable","12":"shipping-taxable","13":"purchasable","14":"product-type-simple"},"acf":[],"yoast_head":"<!-- This site is optimized with the Yoast SEO plugin v27.4 - https:\/\/yoast.com\/product\/yoast-seo-wordpress\/ -->\n<title>ingersoll-rand-bc1161-eu-batterioplader-40v<\/title>\n<meta name=\"description\" content=\"Ingersoll Rand BC1161-EU batterioplader 40V til IQV40\u2122 Li-Ion-batterier. Hurtig opladning, LED-indikator, USB-port og robust design til professionel brug.\" \/>\n<meta name=\"robots\" content=\"index, follow, max-snippet:-1, max-image-preview:large, max-video-preview:-1\" \/>\n<link rel=\"canonical\" href=\"https:\/\/protech.nu\/da\/produkt\/ingersoll-rand-bc1161-charger\/\" \/>\n<meta property=\"og:locale\" content=\"da_DK\" \/>\n<meta property=\"og:type\" content=\"article\" \/>\n<meta property=\"og:title\" content=\"ingersoll-rand-bc1161-eu-batterioplader-40v\" \/>\n<meta property=\"og:description\" content=\"Ingersoll Rand BC1161-EU batterioplader 40V til IQV40\u2122 Li-Ion-batterier. Hurtig opladning, LED-indikator, USB-port og robust design til professionel brug.\" \/>\n<meta property=\"og:url\" content=\"https:\/\/protech.nu\/da\/produkt\/ingersoll-rand-bc1161-charger\/\" \/>\n<meta property=\"og:site_name\" content=\"ProTech\" \/>\n<meta property=\"article:publisher\" content=\"https:\/\/www.facebook.com\/Protech.nu\/\" \/>\n<meta property=\"article:modified_time\" content=\"2026-01-20T00:48:38+00:00\" \/>\n<meta property=\"og:image\" content=\"https:\/\/protech.nu\/wp-content\/uploads\/2025\/08\/Ingersoll-Rand-iqv40-lithium-ion-40v-charger-bc1161.png\" \/>\n\t<meta property=\"og:image:width\" content=\"450\" \/>\n\t<meta property=\"og:image:height\" content=\"450\" \/>\n\t<meta property=\"og:image:type\" content=\"image\/png\" \/>\n<meta name=\"twitter:card\" content=\"summary_large_image\" \/>\n<meta name=\"twitter:label1\" content=\"Estimeret l\u00e6setid\" \/>\n\t<meta name=\"twitter:data1\" content=\"1 minut\" \/>\n<script type=\"application\/ld+json\" class=\"yoast-schema-graph\">{\"@context\":\"https:\\\/\\\/schema.org\",\"@graph\":[{\"@type\":\"WebPage\",\"@id\":\"https:\\\/\\\/protech.nu\\\/da\\\/produkt\\\/ingersoll-rand-bc1161-charger\\\/\",\"url\":\"https:\\\/\\\/protech.nu\\\/da\\\/produkt\\\/ingersoll-rand-bc1161-charger\\\/\",\"name\":\"ingersoll-rand-bc1161-eu-batterioplader-40v\",\"isPartOf\":{\"@id\":\"https:\\\/\\\/protech.nu\\\/da\\\/#website\"},\"primaryImageOfPage\":{\"@id\":\"https:\\\/\\\/protech.nu\\\/da\\\/produkt\\\/ingersoll-rand-bc1161-charger\\\/#primaryimage\"},\"image\":{\"@id\":\"https:\\\/\\\/protech.nu\\\/da\\\/produkt\\\/ingersoll-rand-bc1161-charger\\\/#primaryimage\"},\"thumbnailUrl\":\"https:\\\/\\\/protech.nu\\\/wp-content\\\/uploads\\\/2025\\\/08\\\/Ingersoll-Rand-iqv40-lithium-ion-40v-charger-bc1161.png\",\"datePublished\":\"2025-11-10T16:17:37+00:00\",\"dateModified\":\"2026-01-20T00:48:38+00:00\",\"description\":\"Ingersoll Rand BC1161-EU batterioplader 40V til IQV40\u2122 Li-Ion-batterier. Hurtig opladning, LED-indikator, USB-port og robust design til professionel brug.\",\"breadcrumb\":{\"@id\":\"https:\\\/\\\/protech.nu\\\/da\\\/produkt\\\/ingersoll-rand-bc1161-charger\\\/#breadcrumb\"},\"inLanguage\":\"da-DK\",\"potentialAction\":[{\"@type\":\"ReadAction\",\"target\":[\"https:\\\/\\\/protech.nu\\\/da\\\/produkt\\\/ingersoll-rand-bc1161-charger\\\/\"]}]},{\"@type\":\"ImageObject\",\"inLanguage\":\"da-DK\",\"@id\":\"https:\\\/\\\/protech.nu\\\/da\\\/produkt\\\/ingersoll-rand-bc1161-charger\\\/#primaryimage\",\"url\":\"https:\\\/\\\/protech.nu\\\/wp-content\\\/uploads\\\/2025\\\/08\\\/Ingersoll-Rand-iqv40-lithium-ion-40v-charger-bc1161.png\",\"contentUrl\":\"https:\\\/\\\/protech.nu\\\/wp-content\\\/uploads\\\/2025\\\/08\\\/Ingersoll-Rand-iqv40-lithium-ion-40v-charger-bc1161.png\",\"width\":450,\"height\":450,\"caption\":\"ngersoll Rand BC1161 akulaadija (40V) on loodud professionaalseks kasutuseks, tagades IR 40V Li-Ion akudele kiire ja t\u00f6\u00f6kindla laadimise. Sobib BL4011, BL4012 ja BL4013 akudele.\"},{\"@type\":\"BreadcrumbList\",\"@id\":\"https:\\\/\\\/protech.nu\\\/da\\\/produkt\\\/ingersoll-rand-bc1161-charger\\\/#breadcrumb\",\"itemListElement\":[{\"@type\":\"ListItem\",\"position\":1,\"name\":\"Hjem\",\"item\":\"https:\\\/\\\/protech.nu\\\/da\\\/\"},{\"@type\":\"ListItem\",\"position\":2,\"name\":\"Tooted\",\"item\":\"https:\\\/\\\/protech.nu\\\/products\\\/\"},{\"@type\":\"ListItem\",\"position\":3,\"name\":\"Ingersoll Rand BC1161-EU batterioplader 40V\"}]},{\"@type\":\"WebSite\",\"@id\":\"https:\\\/\\\/protech.nu\\\/da\\\/#website\",\"url\":\"https:\\\/\\\/protech.nu\\\/da\\\/\",\"name\":\"PROTECH\",\"description\":\"\",\"publisher\":{\"@id\":\"https:\\\/\\\/protech.nu\\\/da\\\/#organization\"},\"potentialAction\":[{\"@type\":\"SearchAction\",\"target\":{\"@type\":\"EntryPoint\",\"urlTemplate\":\"https:\\\/\\\/protech.nu\\\/da\\\/?s={search_term_string}\"},\"query-input\":{\"@type\":\"PropertyValueSpecification\",\"valueRequired\":true,\"valueName\":\"search_term_string\"}}],\"inLanguage\":\"da-DK\"},{\"@type\":\"Organization\",\"@id\":\"https:\\\/\\\/protech.nu\\\/da\\\/#organization\",\"name\":\"MYPOWERTOOLSBOX\",\"alternateName\":\"ProTech\",\"url\":\"https:\\\/\\\/protech.nu\\\/da\\\/\",\"logo\":{\"@type\":\"ImageObject\",\"inLanguage\":\"da-DK\",\"@id\":\"https:\\\/\\\/protech.nu\\\/da\\\/#\\\/schema\\\/logo\\\/image\\\/\",\"url\":\"https:\\\/\\\/2026.protech.nu\\\/wp-content\\\/uploads\\\/2026\\\/02\\\/ProTech.png\",\"contentUrl\":\"https:\\\/\\\/2026.protech.nu\\\/wp-content\\\/uploads\\\/2026\\\/02\\\/ProTech.png\",\"width\":1024,\"height\":1024,\"caption\":\"MYPOWERTOOLSBOX\"},\"image\":{\"@id\":\"https:\\\/\\\/protech.nu\\\/da\\\/#\\\/schema\\\/logo\\\/image\\\/\"},\"sameAs\":[\"https:\\\/\\\/www.facebook.com\\\/Protech.nu\\\/\",\"https:\\\/\\\/www.instagram.com\\\/protech_sweden\\\/\",\"https:\\\/\\\/www.linkedin.com\\\/company\\\/protech-professional-technologies-sweden-ab\\\/\",\"https:\\\/\\\/www.youtube.com\\\/@Protech_nu\"]}]}<\/script>\n<!-- \/ Yoast SEO plugin. -->","yoast_head_json":{"title":"ingersoll-rand-bc1161-eu-batterioplader-40v","description":"Ingersoll Rand BC1161-EU batterioplader 40V til IQV40\u2122 Li-Ion-batterier. Hurtig opladning, LED-indikator, USB-port og robust design til professionel brug.","robots":{"index":"index","follow":"follow","max-snippet":"max-snippet:-1","max-image-preview":"max-image-preview:large","max-video-preview":"max-video-preview:-1"},"canonical":"https:\/\/protech.nu\/da\/produkt\/ingersoll-rand-bc1161-charger\/","og_locale":"da_DK","og_type":"article","og_title":"ingersoll-rand-bc1161-eu-batterioplader-40v","og_description":"Ingersoll Rand BC1161-EU batterioplader 40V til IQV40\u2122 Li-Ion-batterier. Hurtig opladning, LED-indikator, USB-port og robust design til professionel brug.","og_url":"https:\/\/protech.nu\/da\/produkt\/ingersoll-rand-bc1161-charger\/","og_site_name":"ProTech","article_publisher":"https:\/\/www.facebook.com\/Protech.nu\/","article_modified_time":"2026-01-20T00:48:38+00:00","og_image":[{"width":450,"height":450,"url":"https:\/\/protech.nu\/wp-content\/uploads\/2025\/08\/Ingersoll-Rand-iqv40-lithium-ion-40v-charger-bc1161.png","type":"image\/png"}],"twitter_card":"summary_large_image","twitter_misc":{"Estimeret l\u00e6setid":"1 minut"},"schema":{"@context":"https:\/\/schema.org","@graph":[{"@type":"WebPage","@id":"https:\/\/protech.nu\/da\/produkt\/ingersoll-rand-bc1161-charger\/","url":"https:\/\/protech.nu\/da\/produkt\/ingersoll-rand-bc1161-charger\/","name":"ingersoll-rand-bc1161-eu-batterioplader-40v","isPartOf":{"@id":"https:\/\/protech.nu\/da\/#website"},"primaryImageOfPage":{"@id":"https:\/\/protech.nu\/da\/produkt\/ingersoll-rand-bc1161-charger\/#primaryimage"},"image":{"@id":"https:\/\/protech.nu\/da\/produkt\/ingersoll-rand-bc1161-charger\/#primaryimage"},"thumbnailUrl":"https:\/\/protech.nu\/wp-content\/uploads\/2025\/08\/Ingersoll-Rand-iqv40-lithium-ion-40v-charger-bc1161.png","datePublished":"2025-11-10T16:17:37+00:00","dateModified":"2026-01-20T00:48:38+00:00","description":"Ingersoll Rand BC1161-EU batterioplader 40V til IQV40\u2122 Li-Ion-batterier. Hurtig opladning, LED-indikator, USB-port og robust design til professionel brug.","breadcrumb":{"@id":"https:\/\/protech.nu\/da\/produkt\/ingersoll-rand-bc1161-charger\/#breadcrumb"},"inLanguage":"da-DK","potentialAction":[{"@type":"ReadAction","target":["https:\/\/protech.nu\/da\/produkt\/ingersoll-rand-bc1161-charger\/"]}]},{"@type":"ImageObject","inLanguage":"da-DK","@id":"https:\/\/protech.nu\/da\/produkt\/ingersoll-rand-bc1161-charger\/#primaryimage","url":"https:\/\/protech.nu\/wp-content\/uploads\/2025\/08\/Ingersoll-Rand-iqv40-lithium-ion-40v-charger-bc1161.png","contentUrl":"https:\/\/protech.nu\/wp-content\/uploads\/2025\/08\/Ingersoll-Rand-iqv40-lithium-ion-40v-charger-bc1161.png","width":450,"height":450,"caption":"ngersoll Rand BC1161 akulaadija (40V) on loodud professionaalseks kasutuseks, tagades IR 40V Li-Ion akudele kiire ja t\u00f6\u00f6kindla laadimise. Sobib BL4011, BL4012 ja BL4013 akudele."},{"@type":"BreadcrumbList","@id":"https:\/\/protech.nu\/da\/produkt\/ingersoll-rand-bc1161-charger\/#breadcrumb","itemListElement":[{"@type":"ListItem","position":1,"name":"Hjem","item":"https:\/\/protech.nu\/da\/"},{"@type":"ListItem","position":2,"name":"Tooted","item":"https:\/\/protech.nu\/products\/"},{"@type":"ListItem","position":3,"name":"Ingersoll Rand BC1161-EU batterioplader 40V"}]},{"@type":"WebSite","@id":"https:\/\/protech.nu\/da\/#website","url":"https:\/\/protech.nu\/da\/","name":"PROTECH","description":"","publisher":{"@id":"https:\/\/protech.nu\/da\/#organization"},"potentialAction":[{"@type":"SearchAction","target":{"@type":"EntryPoint","urlTemplate":"https:\/\/protech.nu\/da\/?s={search_term_string}"},"query-input":{"@type":"PropertyValueSpecification","valueRequired":true,"valueName":"search_term_string"}}],"inLanguage":"da-DK"},{"@type":"Organization","@id":"https:\/\/protech.nu\/da\/#organization","name":"MYPOWERTOOLSBOX","alternateName":"ProTech","url":"https:\/\/protech.nu\/da\/","logo":{"@type":"ImageObject","inLanguage":"da-DK","@id":"https:\/\/protech.nu\/da\/#\/schema\/logo\/image\/","url":"https:\/\/2026.protech.nu\/wp-content\/uploads\/2026\/02\/ProTech.png","contentUrl":"https:\/\/2026.protech.nu\/wp-content\/uploads\/2026\/02\/ProTech.png","width":1024,"height":1024,"caption":"MYPOWERTOOLSBOX"},"image":{"@id":"https:\/\/protech.nu\/da\/#\/schema\/logo\/image\/"},"sameAs":["https:\/\/www.facebook.com\/Protech.nu\/","https:\/\/www.instagram.com\/protech_sweden\/","https:\/\/www.linkedin.com\/company\/protech-professional-technologies-sweden-ab\/","https:\/\/www.youtube.com\/@Protech_nu"]}]}},"_links":{"self":[{"href":"https:\/\/protech.nu\/da\/wp-json\/wp\/v2\/product\/2816","targetHints":{"allow":["GET"]}}],"collection":[{"href":"https:\/\/protech.nu\/da\/wp-json\/wp\/v2\/product"}],"about":[{"href":"https:\/\/protech.nu\/da\/wp-json\/wp\/v2\/types\/product"}],"replies":[{"embeddable":true,"href":"https:\/\/protech.nu\/da\/wp-json\/wp\/v2\/comments?post=2816"}],"wp:featuredmedia":[{"embeddable":true,"href":"https:\/\/protech.nu\/da\/wp-json\/wp\/v2\/media\/1680"}],"wp:attachment":[{"href":"https:\/\/protech.nu\/da\/wp-json\/wp\/v2\/media?parent=2816"}],"wp:term":[{"taxonomy":"product_brand","embeddable":true,"href":"https:\/\/protech.nu\/da\/wp-json\/wp\/v2\/product_brand?post=2816"},{"taxonomy":"product_cat","embeddable":true,"href":"https:\/\/protech.nu\/da\/wp-json\/wp\/v2\/product_cat?post=2816"},{"taxonomy":"product_tag","embeddable":true,"href":"https:\/\/protech.nu\/da\/wp-json\/wp\/v2\/product_tag?post=2816"}],"curies":[{"name":"wp","href":"https:\/\/api.w.org\/{rel}","templated":true}]}}