{"id":3017,"date":"2025-11-13T20:04:03","date_gmt":"2025-11-13T20:04:03","guid":{"rendered":"https:\/\/protech.nu\/toode\/ingersoll-rand-w5133-k22a-eu-3-8%e2%80%b3-745-nm-iqv20-batteridrevet-slagnogle-saet-2-5-ah-5-0-ah-batterier-oplader-og-kuffert\/"},"modified":"2025-12-01T23:12:59","modified_gmt":"2025-12-01T23:12:59","slug":"ingersoll-rand-w5133-k22a-eu-3-8%e2%80%b3-745-nm-iqv20-batteridrevet-slagnogle-saet-2-5-ah-5-0-ah-batterier-oplader-og-kuffert","status":"publish","type":"product","link":"https:\/\/protech.nu\/da\/produkt\/ingersoll-rand-w5133-k22a-eu-3-8%e2%80%b3-745-nm-iqv20-batteridrevet-slagnogle-saet-2-5-ah-5-0-ah-batterier-oplader-og-kuffert\/","title":{"rendered":"Ingersoll Rand W5133-K22A-EU \u2013 3\/8\u2033, 745 Nm IQV20\u2122 batteridrevet slagn\u00f8gle s\u00e6t (2.5 Ah + 5.0 Ah batterier, oplader og kuffert)"},"content":{"rendered":"<p>W5153 er en kraftfuld, men kompakt batteridrevet slagn\u00f8gle, designet til p\u00e5lidelighed og alsidighed. Med det intelligente <strong>IQV\u00ae Power Control System<\/strong> har v\u00e6rkt\u00f8jet fire driftstilstande (Max, Mid, Wrench Tight, Hand Tight), som g\u00f8r det muligt at udf\u00f8re forskellige opgaver med \u00e9t enkelt v\u00e6rkt\u00f8j. Den b\u00f8rstel\u00f8se motor, gearkassen i metal og den st\u00e5lforst\u00e6rkede ramme sikrer lang levetid selv under kr\u00e6vende arbejdsforhold.<\/p>\n<p><strong>Tekniske specifikationer:<\/strong><\/p>\n<ul>\n<li>\n<p>Drev: 3\/8\u2033 firkant<\/p>\n<\/li>\n<li>\n<p>Opl\u00f8sningsmoment: 745 Nm<\/p>\n<\/li>\n<li>\n<p>Tilsp\u00e6ndingsmoment: 495 Nm<\/p>\n<\/li>\n<li>\n<p>Ubelastet hastighed: 2100 omdr.\/min<\/p>\n<\/li>\n<li>\n<p>Slagfrekvens: 3300 slag\/min<\/p>\n<\/li>\n<li>\n<p>V\u00e6gt uden batteri: 2,0 kg<\/p>\n<\/li>\n<li>\n<p>V\u00e6gt med batteri: 2,4 kg<\/p>\n<\/li>\n<li>\n<p>L\u00e6ngde: 183 mm<\/p>\n<\/li>\n<li>\n<p>Belysning: 360\u00b0 LED<\/p>\n<\/li>\n<\/ul>\n<p><strong>Download IQV20\u2122 produktkataloget:<\/strong><\/p>\n<p><a href=\"https:\/\/protech.nu\/wp-content\/uploads\/2025\/10\/ingersoll-rand-iqv20-akutooriistad-kataloog-2025.pdf\">IQV20\u2122 katalog for batteriv\u00e6rkt\u00f8j \u2013 kraft og p\u00e5lidelighed uden ledning<\/a><\/p>\n<p><a href=\"https:\/\/protech.nu\/wp-content\/uploads\/2025\/09\/ingersoll-rand-iqv20-cordless-tools-catalog.pdf\">Ingersoll Rand IQV20 Cordless Tools | Impact Wrenches, Drills &#038; Drivers<\/a><\/p>\n<p>&nbsp;<\/p>\n","protected":false},"excerpt":{"rendered":"<p class=\"p1\"><b>Ingersoll Rand W5153 3\/8\u2033 IQV20\u2122 batteridrevet slagn\u00f8gle<\/b><span class=\"s1\"> leverer <\/span><b>smart ydeevne og pr\u00e6cis kontrol<\/b><span class=\"s1\"> takket v\u00e6re <\/span><b>IQV\u00ae Power Control System<\/b><span class=\"s1\"> med fire tilstande: Max, Mid, Wrench Tight og Hand Tight.<\/span><\/p>\n<p class=\"p2\"><span class=\"s2\"><b>B\u00f8rstel\u00f8s motor<\/b><\/span>, <span class=\"s2\"><b>gearkasse i metal<\/b><\/span> og <span class=\"s2\"><b>st\u00e5lforst\u00e6rket ramme<\/b><\/span> sikrer lang levetid \u2013 selv under de h\u00e5rdeste arbejdsforhold.<\/p>\n<p class=\"p1\"><span class=\"s1\">S\u00e6ttet indeholder <\/span><b>to batterier (2.5 Ah og 5.0Ah)<\/b><span class=\"s1\">, <\/span><b>oplader<\/b><span class=\"s1\"> og <\/span><b>kuffert<\/b><span class=\"s1\">.<\/span><\/p>\n<p class=\"p1\"><b>Et sandt v\u00e6rkt\u00f8j til Barske forhold i Baltikum og Norden \u2013 kraft, pr\u00e6cision og holdbarhed i \u00e9t.<\/b><\/p>\n[video width=\"1920\" height=\"1080\" mp4=\"https:\/\/protech.nu\/wp-content\/uploads\/2025\/08\/W5133-20V-3-8-Compact-Impact-Wrench.mp4\"][\/video]\n","protected":false},"featured_media":3016,"comment_status":"open","ping_status":"closed","template":"","meta":{"_acf_changed":false,"_monsterinsights_skip_tracking":false,"_monsterinsights_sitenote_active":false,"_monsterinsights_sitenote_note":"","_monsterinsights_sitenote_category":0,"_themeisle_gutenberg_block_has_review":false},"product_brand":[],"product_cat":[179,178],"product_tag":[],"class_list":{"0":"post-3017","1":"product","2":"type-product","3":"status-publish","4":"has-post-thumbnail","6":"product_cat-ingersoll-rand-tradlose-slagnogler-og-skruetraekkere","7":"product_cat-ingersoll-rand-iqv20-series","9":"first","10":"instock","11":"taxable","12":"shipping-taxable","13":"purchasable","14":"product-type-simple"},"acf":[],"yoast_head":"<!-- This site is optimized with the Yoast SEO plugin v27.4 - https:\/\/yoast.com\/product\/yoast-seo-wordpress\/ -->\n<title>Ingersoll Rand W5133-K22A-EU | 3\/8\u2033 745 Nm IQV20\u2122 batteridrevet slagn\u00f8gle s\u00e6t<\/title>\n<meta name=\"description\" content=\"Ingersoll Rand W5133-K22A-EU \u2013 3\/8\u2033, 745 Nm IQV20\u2122 batteridrevet slagn\u00f8gle s\u00e6t med 2.5 Ah og 5.0 Ah batterier, oplader og robust kuffert. Kraftfuld, holdbar og ideel til autoreparation og industrielt arbejde. Hurtig levering i Estland, Letland, Litauen og Finland.\" \/>\n<meta name=\"robots\" content=\"index, follow, max-snippet:-1, max-image-preview:large, max-video-preview:-1\" \/>\n<link rel=\"canonical\" href=\"https:\/\/protech.nu\/da\/produkt\/ingersoll-rand-w5133-k22a-eu-3-8%e2%80%b3-745-nm-iqv20-batteridrevet-slagnogle-saet-2-5-ah-5-0-ah-batterier-oplader-og-kuffert\/\" \/>\n<meta property=\"og:locale\" content=\"da_DK\" \/>\n<meta property=\"og:type\" content=\"article\" \/>\n<meta property=\"og:title\" content=\"Ingersoll Rand W5133-K22A-EU | 3\/8\u2033 745 Nm IQV20\u2122 batteridrevet slagn\u00f8gle s\u00e6t\" \/>\n<meta property=\"og:description\" content=\"Ingersoll Rand W5133-K22A-EU \u2013 3\/8\u2033, 745 Nm IQV20\u2122 batteridrevet slagn\u00f8gle s\u00e6t med 2.5 Ah og 5.0 Ah batterier, oplader og robust kuffert. Kraftfuld, holdbar og ideel til autoreparation og industrielt arbejde. Hurtig levering i Estland, Letland, Litauen og Finland.\" \/>\n<meta property=\"og:url\" content=\"https:\/\/protech.nu\/da\/produkt\/ingersoll-rand-w5133-k22a-eu-3-8%e2%80%b3-745-nm-iqv20-batteridrevet-slagnogle-saet-2-5-ah-5-0-ah-batterier-oplader-og-kuffert\/\" \/>\n<meta property=\"og:site_name\" content=\"ProTech\" \/>\n<meta property=\"article:publisher\" content=\"https:\/\/www.facebook.com\/Protech.nu\/\" \/>\n<meta property=\"article:modified_time\" content=\"2025-12-01T23:12:59+00:00\" \/>\n<meta property=\"og:image\" content=\"https:\/\/protech.nu\/wp-content\/uploads\/2025\/11\/ingersoll-rand-w5133-k22a-eu-aku-lookmutrikeeraja-komplekt.jpg\" \/>\n\t<meta property=\"og:image:width\" content=\"600\" \/>\n\t<meta property=\"og:image:height\" content=\"600\" \/>\n\t<meta property=\"og:image:type\" content=\"image\/jpeg\" \/>\n<meta name=\"twitter:card\" content=\"summary_large_image\" \/>\n<meta name=\"twitter:label1\" content=\"Estimeret l\u00e6setid\" \/>\n\t<meta name=\"twitter:data1\" content=\"1 minut\" \/>\n<script type=\"application\/ld+json\" class=\"yoast-schema-graph\">{\"@context\":\"https:\\\/\\\/schema.org\",\"@graph\":[{\"@type\":\"WebPage\",\"@id\":\"https:\\\/\\\/protech.nu\\\/da\\\/produkt\\\/ingersoll-rand-w5133-k22a-eu-3-8%e2%80%b3-745-nm-iqv20-batteridrevet-slagnogle-saet-2-5-ah-5-0-ah-batterier-oplader-og-kuffert\\\/\",\"url\":\"https:\\\/\\\/protech.nu\\\/da\\\/produkt\\\/ingersoll-rand-w5133-k22a-eu-3-8%e2%80%b3-745-nm-iqv20-batteridrevet-slagnogle-saet-2-5-ah-5-0-ah-batterier-oplader-og-kuffert\\\/\",\"name\":\"Ingersoll Rand W5133-K22A-EU | 3\\\/8\u2033 745 Nm IQV20\u2122 batteridrevet slagn\u00f8gle s\u00e6t\",\"isPartOf\":{\"@id\":\"https:\\\/\\\/protech.nu\\\/da\\\/#website\"},\"primaryImageOfPage\":{\"@id\":\"https:\\\/\\\/protech.nu\\\/da\\\/produkt\\\/ingersoll-rand-w5133-k22a-eu-3-8%e2%80%b3-745-nm-iqv20-batteridrevet-slagnogle-saet-2-5-ah-5-0-ah-batterier-oplader-og-kuffert\\\/#primaryimage\"},\"image\":{\"@id\":\"https:\\\/\\\/protech.nu\\\/da\\\/produkt\\\/ingersoll-rand-w5133-k22a-eu-3-8%e2%80%b3-745-nm-iqv20-batteridrevet-slagnogle-saet-2-5-ah-5-0-ah-batterier-oplader-og-kuffert\\\/#primaryimage\"},\"thumbnailUrl\":\"https:\\\/\\\/protech.nu\\\/wp-content\\\/uploads\\\/2025\\\/11\\\/ingersoll-rand-w5133-k22a-eu-aku-lookmutrikeeraja-komplekt.jpg\",\"datePublished\":\"2025-11-13T20:04:03+00:00\",\"dateModified\":\"2025-12-01T23:12:59+00:00\",\"description\":\"Ingersoll Rand W5133-K22A-EU \u2013 3\\\/8\u2033, 745 Nm IQV20\u2122 batteridrevet slagn\u00f8gle s\u00e6t med 2.5 Ah og 5.0 Ah batterier, oplader og robust kuffert. Kraftfuld, holdbar og ideel til autoreparation og industrielt arbejde. Hurtig levering i Estland, Letland, Litauen og Finland.\",\"breadcrumb\":{\"@id\":\"https:\\\/\\\/protech.nu\\\/da\\\/produkt\\\/ingersoll-rand-w5133-k22a-eu-3-8%e2%80%b3-745-nm-iqv20-batteridrevet-slagnogle-saet-2-5-ah-5-0-ah-batterier-oplader-og-kuffert\\\/#breadcrumb\"},\"inLanguage\":\"da-DK\",\"potentialAction\":[{\"@type\":\"ReadAction\",\"target\":[\"https:\\\/\\\/protech.nu\\\/da\\\/produkt\\\/ingersoll-rand-w5133-k22a-eu-3-8%e2%80%b3-745-nm-iqv20-batteridrevet-slagnogle-saet-2-5-ah-5-0-ah-batterier-oplader-og-kuffert\\\/\"]}]},{\"@type\":\"ImageObject\",\"inLanguage\":\"da-DK\",\"@id\":\"https:\\\/\\\/protech.nu\\\/da\\\/produkt\\\/ingersoll-rand-w5133-k22a-eu-3-8%e2%80%b3-745-nm-iqv20-batteridrevet-slagnogle-saet-2-5-ah-5-0-ah-batterier-oplader-og-kuffert\\\/#primaryimage\",\"url\":\"https:\\\/\\\/protech.nu\\\/wp-content\\\/uploads\\\/2025\\\/11\\\/ingersoll-rand-w5133-k22a-eu-aku-lookmutrikeeraja-komplekt.jpg\",\"contentUrl\":\"https:\\\/\\\/protech.nu\\\/wp-content\\\/uploads\\\/2025\\\/11\\\/ingersoll-rand-w5133-k22a-eu-aku-lookmutrikeeraja-komplekt.jpg\",\"width\":600,\"height\":600,\"caption\":\"Ingersoll Rand W5133-K22A-EU \u2013 3\\\/8\u2033, 745 Nm IQV20\u2122 batteridrevet slagn\u00f8gle s\u00e6t (2.5 Ah + 5.0 Ah batterier, oplader og kuffert)\"},{\"@type\":\"BreadcrumbList\",\"@id\":\"https:\\\/\\\/protech.nu\\\/da\\\/produkt\\\/ingersoll-rand-w5133-k22a-eu-3-8%e2%80%b3-745-nm-iqv20-batteridrevet-slagnogle-saet-2-5-ah-5-0-ah-batterier-oplader-og-kuffert\\\/#breadcrumb\",\"itemListElement\":[{\"@type\":\"ListItem\",\"position\":1,\"name\":\"Hjem\",\"item\":\"https:\\\/\\\/protech.nu\\\/da\\\/\"},{\"@type\":\"ListItem\",\"position\":2,\"name\":\"Tooted\",\"item\":\"https:\\\/\\\/protech.nu\\\/products\\\/\"},{\"@type\":\"ListItem\",\"position\":3,\"name\":\"Ingersoll Rand W5133-K22A-EU \u2013 3\\\/8\u2033, 745 Nm IQV20\u2122 batteridrevet slagn\u00f8gle s\u00e6t (2.5 Ah + 5.0 Ah batterier, oplader og kuffert)\"}]},{\"@type\":\"WebSite\",\"@id\":\"https:\\\/\\\/protech.nu\\\/da\\\/#website\",\"url\":\"https:\\\/\\\/protech.nu\\\/da\\\/\",\"name\":\"PROTECH\",\"description\":\"\",\"publisher\":{\"@id\":\"https:\\\/\\\/protech.nu\\\/da\\\/#organization\"},\"potentialAction\":[{\"@type\":\"SearchAction\",\"target\":{\"@type\":\"EntryPoint\",\"urlTemplate\":\"https:\\\/\\\/protech.nu\\\/da\\\/?s={search_term_string}\"},\"query-input\":{\"@type\":\"PropertyValueSpecification\",\"valueRequired\":true,\"valueName\":\"search_term_string\"}}],\"inLanguage\":\"da-DK\"},{\"@type\":\"Organization\",\"@id\":\"https:\\\/\\\/protech.nu\\\/da\\\/#organization\",\"name\":\"MYPOWERTOOLSBOX\",\"alternateName\":\"ProTech\",\"url\":\"https:\\\/\\\/protech.nu\\\/da\\\/\",\"logo\":{\"@type\":\"ImageObject\",\"inLanguage\":\"da-DK\",\"@id\":\"https:\\\/\\\/protech.nu\\\/da\\\/#\\\/schema\\\/logo\\\/image\\\/\",\"url\":\"https:\\\/\\\/2026.protech.nu\\\/wp-content\\\/uploads\\\/2026\\\/02\\\/ProTech.png\",\"contentUrl\":\"https:\\\/\\\/2026.protech.nu\\\/wp-content\\\/uploads\\\/2026\\\/02\\\/ProTech.png\",\"width\":1024,\"height\":1024,\"caption\":\"MYPOWERTOOLSBOX\"},\"image\":{\"@id\":\"https:\\\/\\\/protech.nu\\\/da\\\/#\\\/schema\\\/logo\\\/image\\\/\"},\"sameAs\":[\"https:\\\/\\\/www.facebook.com\\\/Protech.nu\\\/\",\"https:\\\/\\\/www.instagram.com\\\/protech_sweden\\\/\",\"https:\\\/\\\/www.linkedin.com\\\/company\\\/protech-professional-technologies-sweden-ab\\\/\",\"https:\\\/\\\/www.youtube.com\\\/@Protech_nu\"]}]}<\/script>\n<!-- \/ Yoast SEO plugin. -->","yoast_head_json":{"title":"Ingersoll Rand W5133-K22A-EU | 3\/8\u2033 745 Nm IQV20\u2122 batteridrevet slagn\u00f8gle s\u00e6t","description":"Ingersoll Rand W5133-K22A-EU \u2013 3\/8\u2033, 745 Nm IQV20\u2122 batteridrevet slagn\u00f8gle s\u00e6t med 2.5 Ah og 5.0 Ah batterier, oplader og robust kuffert. Kraftfuld, holdbar og ideel til autoreparation og industrielt arbejde. Hurtig levering i Estland, Letland, Litauen og Finland.","robots":{"index":"index","follow":"follow","max-snippet":"max-snippet:-1","max-image-preview":"max-image-preview:large","max-video-preview":"max-video-preview:-1"},"canonical":"https:\/\/protech.nu\/da\/produkt\/ingersoll-rand-w5133-k22a-eu-3-8%e2%80%b3-745-nm-iqv20-batteridrevet-slagnogle-saet-2-5-ah-5-0-ah-batterier-oplader-og-kuffert\/","og_locale":"da_DK","og_type":"article","og_title":"Ingersoll Rand W5133-K22A-EU | 3\/8\u2033 745 Nm IQV20\u2122 batteridrevet slagn\u00f8gle s\u00e6t","og_description":"Ingersoll Rand W5133-K22A-EU \u2013 3\/8\u2033, 745 Nm IQV20\u2122 batteridrevet slagn\u00f8gle s\u00e6t med 2.5 Ah og 5.0 Ah batterier, oplader og robust kuffert. Kraftfuld, holdbar og ideel til autoreparation og industrielt arbejde. Hurtig levering i Estland, Letland, Litauen og Finland.","og_url":"https:\/\/protech.nu\/da\/produkt\/ingersoll-rand-w5133-k22a-eu-3-8%e2%80%b3-745-nm-iqv20-batteridrevet-slagnogle-saet-2-5-ah-5-0-ah-batterier-oplader-og-kuffert\/","og_site_name":"ProTech","article_publisher":"https:\/\/www.facebook.com\/Protech.nu\/","article_modified_time":"2025-12-01T23:12:59+00:00","og_image":[{"width":600,"height":600,"url":"https:\/\/protech.nu\/wp-content\/uploads\/2025\/11\/ingersoll-rand-w5133-k22a-eu-aku-lookmutrikeeraja-komplekt.jpg","type":"image\/jpeg"}],"twitter_card":"summary_large_image","twitter_misc":{"Estimeret l\u00e6setid":"1 minut"},"schema":{"@context":"https:\/\/schema.org","@graph":[{"@type":"WebPage","@id":"https:\/\/protech.nu\/da\/produkt\/ingersoll-rand-w5133-k22a-eu-3-8%e2%80%b3-745-nm-iqv20-batteridrevet-slagnogle-saet-2-5-ah-5-0-ah-batterier-oplader-og-kuffert\/","url":"https:\/\/protech.nu\/da\/produkt\/ingersoll-rand-w5133-k22a-eu-3-8%e2%80%b3-745-nm-iqv20-batteridrevet-slagnogle-saet-2-5-ah-5-0-ah-batterier-oplader-og-kuffert\/","name":"Ingersoll Rand W5133-K22A-EU | 3\/8\u2033 745 Nm IQV20\u2122 batteridrevet slagn\u00f8gle s\u00e6t","isPartOf":{"@id":"https:\/\/protech.nu\/da\/#website"},"primaryImageOfPage":{"@id":"https:\/\/protech.nu\/da\/produkt\/ingersoll-rand-w5133-k22a-eu-3-8%e2%80%b3-745-nm-iqv20-batteridrevet-slagnogle-saet-2-5-ah-5-0-ah-batterier-oplader-og-kuffert\/#primaryimage"},"image":{"@id":"https:\/\/protech.nu\/da\/produkt\/ingersoll-rand-w5133-k22a-eu-3-8%e2%80%b3-745-nm-iqv20-batteridrevet-slagnogle-saet-2-5-ah-5-0-ah-batterier-oplader-og-kuffert\/#primaryimage"},"thumbnailUrl":"https:\/\/protech.nu\/wp-content\/uploads\/2025\/11\/ingersoll-rand-w5133-k22a-eu-aku-lookmutrikeeraja-komplekt.jpg","datePublished":"2025-11-13T20:04:03+00:00","dateModified":"2025-12-01T23:12:59+00:00","description":"Ingersoll Rand W5133-K22A-EU \u2013 3\/8\u2033, 745 Nm IQV20\u2122 batteridrevet slagn\u00f8gle s\u00e6t med 2.5 Ah og 5.0 Ah batterier, oplader og robust kuffert. Kraftfuld, holdbar og ideel til autoreparation og industrielt arbejde. Hurtig levering i Estland, Letland, Litauen og Finland.","breadcrumb":{"@id":"https:\/\/protech.nu\/da\/produkt\/ingersoll-rand-w5133-k22a-eu-3-8%e2%80%b3-745-nm-iqv20-batteridrevet-slagnogle-saet-2-5-ah-5-0-ah-batterier-oplader-og-kuffert\/#breadcrumb"},"inLanguage":"da-DK","potentialAction":[{"@type":"ReadAction","target":["https:\/\/protech.nu\/da\/produkt\/ingersoll-rand-w5133-k22a-eu-3-8%e2%80%b3-745-nm-iqv20-batteridrevet-slagnogle-saet-2-5-ah-5-0-ah-batterier-oplader-og-kuffert\/"]}]},{"@type":"ImageObject","inLanguage":"da-DK","@id":"https:\/\/protech.nu\/da\/produkt\/ingersoll-rand-w5133-k22a-eu-3-8%e2%80%b3-745-nm-iqv20-batteridrevet-slagnogle-saet-2-5-ah-5-0-ah-batterier-oplader-og-kuffert\/#primaryimage","url":"https:\/\/protech.nu\/wp-content\/uploads\/2025\/11\/ingersoll-rand-w5133-k22a-eu-aku-lookmutrikeeraja-komplekt.jpg","contentUrl":"https:\/\/protech.nu\/wp-content\/uploads\/2025\/11\/ingersoll-rand-w5133-k22a-eu-aku-lookmutrikeeraja-komplekt.jpg","width":600,"height":600,"caption":"Ingersoll Rand W5133-K22A-EU \u2013 3\/8\u2033, 745 Nm IQV20\u2122 batteridrevet slagn\u00f8gle s\u00e6t (2.5 Ah + 5.0 Ah batterier, oplader og kuffert)"},{"@type":"BreadcrumbList","@id":"https:\/\/protech.nu\/da\/produkt\/ingersoll-rand-w5133-k22a-eu-3-8%e2%80%b3-745-nm-iqv20-batteridrevet-slagnogle-saet-2-5-ah-5-0-ah-batterier-oplader-og-kuffert\/#breadcrumb","itemListElement":[{"@type":"ListItem","position":1,"name":"Hjem","item":"https:\/\/protech.nu\/da\/"},{"@type":"ListItem","position":2,"name":"Tooted","item":"https:\/\/protech.nu\/products\/"},{"@type":"ListItem","position":3,"name":"Ingersoll Rand W5133-K22A-EU \u2013 3\/8\u2033, 745 Nm IQV20\u2122 batteridrevet slagn\u00f8gle s\u00e6t (2.5 Ah + 5.0 Ah batterier, oplader og kuffert)"}]},{"@type":"WebSite","@id":"https:\/\/protech.nu\/da\/#website","url":"https:\/\/protech.nu\/da\/","name":"PROTECH","description":"","publisher":{"@id":"https:\/\/protech.nu\/da\/#organization"},"potentialAction":[{"@type":"SearchAction","target":{"@type":"EntryPoint","urlTemplate":"https:\/\/protech.nu\/da\/?s={search_term_string}"},"query-input":{"@type":"PropertyValueSpecification","valueRequired":true,"valueName":"search_term_string"}}],"inLanguage":"da-DK"},{"@type":"Organization","@id":"https:\/\/protech.nu\/da\/#organization","name":"MYPOWERTOOLSBOX","alternateName":"ProTech","url":"https:\/\/protech.nu\/da\/","logo":{"@type":"ImageObject","inLanguage":"da-DK","@id":"https:\/\/protech.nu\/da\/#\/schema\/logo\/image\/","url":"https:\/\/2026.protech.nu\/wp-content\/uploads\/2026\/02\/ProTech.png","contentUrl":"https:\/\/2026.protech.nu\/wp-content\/uploads\/2026\/02\/ProTech.png","width":1024,"height":1024,"caption":"MYPOWERTOOLSBOX"},"image":{"@id":"https:\/\/protech.nu\/da\/#\/schema\/logo\/image\/"},"sameAs":["https:\/\/www.facebook.com\/Protech.nu\/","https:\/\/www.instagram.com\/protech_sweden\/","https:\/\/www.linkedin.com\/company\/protech-professional-technologies-sweden-ab\/","https:\/\/www.youtube.com\/@Protech_nu"]}]}},"_links":{"self":[{"href":"https:\/\/protech.nu\/da\/wp-json\/wp\/v2\/product\/3017","targetHints":{"allow":["GET"]}}],"collection":[{"href":"https:\/\/protech.nu\/da\/wp-json\/wp\/v2\/product"}],"about":[{"href":"https:\/\/protech.nu\/da\/wp-json\/wp\/v2\/types\/product"}],"replies":[{"embeddable":true,"href":"https:\/\/protech.nu\/da\/wp-json\/wp\/v2\/comments?post=3017"}],"wp:featuredmedia":[{"embeddable":true,"href":"https:\/\/protech.nu\/da\/wp-json\/wp\/v2\/media\/3016"}],"wp:attachment":[{"href":"https:\/\/protech.nu\/da\/wp-json\/wp\/v2\/media?parent=3017"}],"wp:term":[{"taxonomy":"product_brand","embeddable":true,"href":"https:\/\/protech.nu\/da\/wp-json\/wp\/v2\/product_brand?post=3017"},{"taxonomy":"product_cat","embeddable":true,"href":"https:\/\/protech.nu\/da\/wp-json\/wp\/v2\/product_cat?post=3017"},{"taxonomy":"product_tag","embeddable":true,"href":"https:\/\/protech.nu\/da\/wp-json\/wp\/v2\/product_tag?post=3017"}],"curies":[{"name":"wp","href":"https:\/\/api.w.org\/{rel}","templated":true}]}}