{"id":3053,"date":"2025-11-13T21:22:46","date_gmt":"2025-11-13T20:22:46","guid":{"rendered":"https:\/\/protech.nu\/toode\/ingersoll-rand-w5153-k22b-eu-1-2%e2%80%b3-745-nm-iqv20-batteridrevet-slagnogle-saet-2-x-5-0-ah-batterier-oplader-og-kuffert\/"},"modified":"2026-04-01T13:08:51","modified_gmt":"2026-04-01T11:08:51","slug":"ingersoll-rand-w5153-k22b-eu-1-2%e2%80%b3-745-nm-iqv20-batteridrevet-slagnogle-saet-2-x-5-0-ah-batterier-oplader-og-kuffert","status":"publish","type":"product","link":"https:\/\/protech.nu\/da\/produkt\/ingersoll-rand-w5153-k22b-eu-1-2%e2%80%b3-745-nm-iqv20-batteridrevet-slagnogle-saet-2-x-5-0-ah-batterier-oplader-og-kuffert\/","title":{"rendered":"Ingersoll Rand W5153-K22B-EU \u2013 1\/2\u2033, 745 Nm IQV20\u2122 batteridrevet slagn\u00f8gle s\u00e6t (2 \u00d7 5.0 Ah batterier, oplader og kuffert)"},"content":{"rendered":"<div style=\"display: flex; flex-wrap: wrap; gap: 30px; align-items: flex-start; font-family: Arial, sans-serif; line-height: 1.6; color: #333;\">\n<div style=\"flex: 1; min-width: 320px;\">\n<p><strong>Ingersoll Rand W5153-K22B-EU IQV20\u2122<\/strong> er n\u00e6ste generations 1\/2\u2033 akku slagn\u00f8gle, designet til at im\u00f8dekomme professionelle krav om h\u00f8jere effekt og bedre tilg\u00e6ngelighed. Den kombinerer et <strong>exceptionelt kraft-til-v\u00e6gt-forhold<\/strong>, som giver teknikerne den n\u00f8dvendige styrke uden un\u00f8dig v\u00e6gt.<\/p>\n<h4 style=\"color: #000; margin-top: 20px;\">Intelligent ydeevne og 4 indstillinger<\/h4>\n<p><strong>IQV\u00ae Power Control System<\/strong> g\u00f8r det muligt at v\u00e6lge det pr\u00e6cise momentniveau med et enkelt tryk, hvilket overfl\u00f8digg\u00f8r behovet for flere v\u00e6rkt\u00f8jer:<\/p>\n<ul style=\"margin-top: 10px;\">\n<li><strong>Max Power:<\/strong> Leverer et maksimalt anbefalet tilsp\u00e6ndingsmoment p\u00e5 op til 380 Nm. Ved l\u00f8sning leverer maskinen j\u00e6vn kraft op til 495 Nm.<\/li>\n<li><strong>Mid Power:<\/strong> 312 Nm til mellemtunge opgaver.<\/li>\n<li><strong>Wrench Tight:<\/strong> 13\u201333 Nm med automatisk stop-funktion for at forhindre oversp\u00e6nding.<\/li>\n<li><strong>Hand Tight:<\/strong> 3\u201312 Nm til forsigtig indledende montering.<\/li>\n<\/ul>\n<p>Til de mest kr\u00e6vende opgaver har maskinen et <strong>&#8220;Nut-Busting Torque&#8221; p\u00e5 745 Nm<\/strong>. Dette er den maksimale kraft ved l\u00f8sning, men for at maksimere v\u00e6rkt\u00f8jets levetid anbefales det at holde sig inden for de standardiserede driftsomr\u00e5der ved dagligt arbejde.<\/p>\n<h4 style=\"color: #000; margin-top: 20px;\">Bygget til holdbarhed og tilg\u00e6ngelighed<\/h4>\n<p>Takket vis sit kompakte ergonomiske design (kun 183 mm lang) kan W5153 nemt komme til p\u00e5 trange steder. Den <strong>b\u00f8rstl\u00f8se motor<\/strong> og drivlinjen i fuldmetal sikrer en lang levetid, mens det kemikaliebestandige kompositkabinet beskytter v\u00e6rkt\u00f8jet mod v\u00e6rkstedsv\u00e6sker.<\/p>\n<p>Det integrerede <strong>360\u00b0 COB LED-lys<\/strong> omgiver firkantf\u00e6stet og giver en bred lyskegle med skyggefri synlighed, selv i de m\u00f8rkeste arbejdsomr\u00e5der.<\/p>\n<h4 style=\"color: #d71920; margin-top: 20px;\">IQV20\u2122-seriens garanti<\/h4>\n<p>W5153 giver tryghed gennem Ingersoll Rands <strong>3-2-1 garantiplan<\/strong>, som d\u00e6kker v\u00e6rkt\u00f8j, oplader og batterier for professionel support i mange \u00e5r.<\/p>\n<div style=\"display: flex; flex-wrap: wrap; gap: 40px; margin-top: 20px; background: #f9f9f9; padding: 20px; border-radius: 12px;\">\n<div style=\"flex: 1; min-width: 200px;\">\n                <strong>S\u00e6ttet indeholder:<\/strong><\/p>\n<ul style=\"margin-top: 10px;\">\n<li>2 \u00d7 5.0 Ah IQV20\u2122 batterier (BL2022)<\/li>\n<li>Hurtigoplader<\/li>\n<li>Slidst\u00e6rk transporttaske<\/li>\n<\/ul><\/div>\n<div style=\"flex: 1; min-width: 200px;\">\n                <strong>Tekniske specifikationer:<\/strong><\/p>\n<ul style=\"margin-top: 10px;\">\n<li>Drevst\u00f8rrelse: 1\/2\u2033 Square (med friktionsring)<\/li>\n<li>L\u00f8srivningsmoment (Nut-Busting): 745 Nm<\/li>\n<li>Max tilsp\u00e6ndingsmoment (Max Power): 380 Nm<\/li>\n<li>L\u00e6ngde: 183 mm<\/li>\n<li>V\u00e6gt med batteri (BL2022): 2,44 kg<\/li>\n<\/ul><\/div>\n<\/p><\/div>\n<\/p><\/div>\n<div style=\"flex: 0 0 280px; text-align: center; background: #fff; padding: 15px; border: 1px solid #eee; border-radius: 12px; box-shadow: 0 4px 10px rgba(0,0,0,0.05);\">\n        <img decoding=\"async\" src=\"https:\/\/protech.nu\/wp-content\/uploads\/2025\/11\/ingersoll-rand-iqv20-warranty-3-year-tool-2-year-battery-1-year-replacement-scaled.jpg\" alt=\"Ingersoll Rand IQV20 garanti\" width=\"239\" height=\"127\" style=\"max-width: 100%; height: auto;\" \/><\/p>\n<div style=\"font-size: 14px; line-height: 1.5; margin-top: 15px; text-align: left; padding: 0 10px;\">\n<p><strong>IQV20\u2122-seriens garanti:<\/strong><\/p>\n<p style=\"margin-bottom: 8px;\"><b>3 \u00e5r:<\/b> V\u00e6rkt\u00f8j og oplader<\/p>\n<p style=\"margin-bottom: 8px;\"><b>2 \u00e5r:<\/b> Batterier<\/p>\n<p style=\"margin-bottom: 0;\"><b>1 \u00e5r:<\/b> Fuld udskiftning ved fabrikationsfejl<\/p>\n<\/p><\/div>\n<\/p><\/div>\n<\/div>\n","protected":false},"excerpt":{"rendered":"<section style=\"text-align: left !important; max-width: 900px; margin-left: 0; margin-right: auto; font-family: Arial, sans-serif; line-height: 1.5; color: #333;\">\n<h3 style=\"color: #d71920; margin-bottom: 10px; font-size: 22px;\">Ingersoll Rand W5153-K22B-EU \u2013 Kompakt Kraft<\/h3>\n<p style=\"margin-bottom: 15px;\">Denne 1\/2\u2033 akku slagn\u00f8gle leverer klassens bedste <b>l\u00f8srivningsmoment p\u00e5 745 Nm<\/b> og fuld kontrol takket v\u00e6re <b>IQV\u00ae Power Control System<\/b> med 4 specialiserede indstillinger.<\/p>\n<div style=\"background: #f9f9f9; padding: 15px; border-radius: 10px; margin-bottom: 20px; border: 1px solid #eee;\">\n<ul style=\"list-style: none; padding: 0; margin: 0;\">\n<li style=\"margin-bottom: 8px;\"><b>Holdbarhed:<\/b> B\u00f8rstl\u00f8s motor og patenteret st\u00e5lforst\u00e6rket ramme.<\/li>\n<li style=\"margin-bottom: 8px;\"><b>IQV\u2122 Garanti:<\/b> 3-2-1 garantisystem (maskine, batterier, udskiftning).<\/li>\n<li style=\"margin-bottom: 0;\"><b>S\u00e6ttet indeholder:<\/b> 2 \u00d7 5.0 Ah batterier (BL2022), oplader og taske.<\/li>\n<\/ul><\/div>\n<div style=\"max-width: 720px; margin: 0 0 20px 0; border-radius: 12px; overflow: hidden; box-shadow: 0 10px 30px rgba(0,0,0,0.15);\">\n        [video width=\"1920\" height=\"1080\" mp4=\"https:\/\/protech.nu\/wp-content\/uploads\/2025\/08\/W5133-20V-3-8-Compact-Impact-Wrench.mp4\" preload=\"auto\" autoplay=\"true\" loop=\"true\" muted=\"true\"][\/video]\n    <\/div>\n<\/section>\n","protected":false},"featured_media":3052,"comment_status":"open","ping_status":"closed","template":"","meta":{"_acf_changed":false,"_monsterinsights_skip_tracking":false,"_monsterinsights_sitenote_active":false,"_monsterinsights_sitenote_note":"","_monsterinsights_sitenote_category":0,"_themeisle_gutenberg_block_has_review":false},"product_brand":[],"product_cat":[179,178,6250],"product_tag":[],"class_list":{"0":"post-3053","1":"product","2":"type-product","3":"status-publish","4":"has-post-thumbnail","6":"product_cat-ingersoll-rand-tradlose-slagnogler-og-skruetraekkere","7":"product_cat-ingersoll-rand-iqv20-series","8":"product_cat-promotions","10":"first","11":"instock","12":"sale","13":"taxable","14":"shipping-taxable","15":"purchasable","16":"product-type-simple"},"acf":[],"yoast_head":"<!-- This site is optimized with the Yoast SEO plugin v27.5 - https:\/\/yoast.com\/product\/yoast-seo-wordpress\/ -->\n<title>Ingersoll Rand W5153-K22B-EU 1\/2&quot; Akku slagn\u00f8gle s\u00e6t 745 Nm | Protech<\/title>\n<meta name=\"description\" content=\"K\u00f8b Ingersoll Rand W5153-K22B-EU 1\/2&quot; akku slagn\u00f8gle. 745 Nm l\u00f8srivningsmoment, IQV\u00ae Power Control med 4 indstillinger og 360\u00b0 LED-lysring. S\u00e6t inkl. 2x 5.0 Ah batterier.\" \/>\n<meta name=\"robots\" content=\"index, follow, max-snippet:-1, max-image-preview:large, max-video-preview:-1\" \/>\n<link rel=\"canonical\" href=\"https:\/\/protech.nu\/da\/produkt\/ingersoll-rand-w5153-k22b-eu-1-2%e2%80%b3-745-nm-iqv20-batteridrevet-slagnogle-saet-2-x-5-0-ah-batterier-oplader-og-kuffert\/\" \/>\n<meta property=\"og:locale\" content=\"da_DK\" \/>\n<meta property=\"og:type\" content=\"article\" \/>\n<meta property=\"og:title\" content=\"Ingersoll Rand W5153-K22B-EU 1\/2&quot; Akku slagn\u00f8gle s\u00e6t 745 Nm | Protech\" \/>\n<meta property=\"og:description\" content=\"K\u00f8b Ingersoll Rand W5153-K22B-EU 1\/2&quot; akku slagn\u00f8gle. 745 Nm l\u00f8srivningsmoment, IQV\u00ae Power Control med 4 indstillinger og 360\u00b0 LED-lysring. S\u00e6t inkl. 2x 5.0 Ah batterier.\" \/>\n<meta property=\"og:url\" content=\"https:\/\/protech.nu\/da\/produkt\/ingersoll-rand-w5153-k22b-eu-1-2%e2%80%b3-745-nm-iqv20-batteridrevet-slagnogle-saet-2-x-5-0-ah-batterier-oplader-og-kuffert\/\" \/>\n<meta property=\"og:site_name\" content=\"ProTech\" \/>\n<meta property=\"article:publisher\" content=\"https:\/\/www.facebook.com\/Protech.nu\/\" \/>\n<meta property=\"article:modified_time\" content=\"2026-04-01T11:08:51+00:00\" \/>\n<meta property=\"og:image\" content=\"https:\/\/protech.nu\/wp-content\/uploads\/2025\/11\/ingersoll-rand-w5153-k22b-eu-aku-lookmutrikeeraja-komplekt.jpg\" \/>\n\t<meta property=\"og:image:width\" content=\"600\" \/>\n\t<meta property=\"og:image:height\" content=\"600\" \/>\n\t<meta property=\"og:image:type\" content=\"image\/jpeg\" \/>\n<meta name=\"twitter:card\" content=\"summary_large_image\" \/>\n<meta name=\"twitter:label1\" content=\"Estimeret l\u00e6setid\" \/>\n\t<meta name=\"twitter:data1\" content=\"1 minut\" \/>\n<script type=\"application\/ld+json\" class=\"yoast-schema-graph\">{\"@context\":\"https:\\\/\\\/schema.org\",\"@graph\":[{\"@type\":\"WebPage\",\"@id\":\"https:\\\/\\\/protech.nu\\\/da\\\/produkt\\\/ingersoll-rand-w5153-k22b-eu-1-2%e2%80%b3-745-nm-iqv20-batteridrevet-slagnogle-saet-2-x-5-0-ah-batterier-oplader-og-kuffert\\\/\",\"url\":\"https:\\\/\\\/protech.nu\\\/da\\\/produkt\\\/ingersoll-rand-w5153-k22b-eu-1-2%e2%80%b3-745-nm-iqv20-batteridrevet-slagnogle-saet-2-x-5-0-ah-batterier-oplader-og-kuffert\\\/\",\"name\":\"Ingersoll Rand W5153-K22B-EU 1\\\/2\\\" Akku slagn\u00f8gle s\u00e6t 745 Nm | Protech\",\"isPartOf\":{\"@id\":\"https:\\\/\\\/protech.nu\\\/da\\\/#website\"},\"primaryImageOfPage\":{\"@id\":\"https:\\\/\\\/protech.nu\\\/da\\\/produkt\\\/ingersoll-rand-w5153-k22b-eu-1-2%e2%80%b3-745-nm-iqv20-batteridrevet-slagnogle-saet-2-x-5-0-ah-batterier-oplader-og-kuffert\\\/#primaryimage\"},\"image\":{\"@id\":\"https:\\\/\\\/protech.nu\\\/da\\\/produkt\\\/ingersoll-rand-w5153-k22b-eu-1-2%e2%80%b3-745-nm-iqv20-batteridrevet-slagnogle-saet-2-x-5-0-ah-batterier-oplader-og-kuffert\\\/#primaryimage\"},\"thumbnailUrl\":\"https:\\\/\\\/protech.nu\\\/wp-content\\\/uploads\\\/2025\\\/11\\\/ingersoll-rand-w5153-k22b-eu-aku-lookmutrikeeraja-komplekt.jpg\",\"datePublished\":\"2025-11-13T20:22:46+00:00\",\"dateModified\":\"2026-04-01T11:08:51+00:00\",\"description\":\"K\u00f8b Ingersoll Rand W5153-K22B-EU 1\\\/2\\\" akku slagn\u00f8gle. 745 Nm l\u00f8srivningsmoment, IQV\u00ae Power Control med 4 indstillinger og 360\u00b0 LED-lysring. S\u00e6t inkl. 2x 5.0 Ah batterier.\",\"breadcrumb\":{\"@id\":\"https:\\\/\\\/protech.nu\\\/da\\\/produkt\\\/ingersoll-rand-w5153-k22b-eu-1-2%e2%80%b3-745-nm-iqv20-batteridrevet-slagnogle-saet-2-x-5-0-ah-batterier-oplader-og-kuffert\\\/#breadcrumb\"},\"inLanguage\":\"da-DK\",\"potentialAction\":[{\"@type\":\"ReadAction\",\"target\":[\"https:\\\/\\\/protech.nu\\\/da\\\/produkt\\\/ingersoll-rand-w5153-k22b-eu-1-2%e2%80%b3-745-nm-iqv20-batteridrevet-slagnogle-saet-2-x-5-0-ah-batterier-oplader-og-kuffert\\\/\"]}]},{\"@type\":\"ImageObject\",\"inLanguage\":\"da-DK\",\"@id\":\"https:\\\/\\\/protech.nu\\\/da\\\/produkt\\\/ingersoll-rand-w5153-k22b-eu-1-2%e2%80%b3-745-nm-iqv20-batteridrevet-slagnogle-saet-2-x-5-0-ah-batterier-oplader-og-kuffert\\\/#primaryimage\",\"url\":\"https:\\\/\\\/protech.nu\\\/wp-content\\\/uploads\\\/2025\\\/11\\\/ingersoll-rand-w5153-k22b-eu-aku-lookmutrikeeraja-komplekt.jpg\",\"contentUrl\":\"https:\\\/\\\/protech.nu\\\/wp-content\\\/uploads\\\/2025\\\/11\\\/ingersoll-rand-w5153-k22b-eu-aku-lookmutrikeeraja-komplekt.jpg\",\"width\":600,\"height\":600,\"caption\":\"Ingersoll Rand W5153-K22B-EU \u2013 1\\\/2\u2033, 745 Nm IQV20\u2122 batteridrevet slagn\u00f8gle s\u00e6t (2 \u00d7 5.0 Ah batterier, oplader og kuffert)\"},{\"@type\":\"BreadcrumbList\",\"@id\":\"https:\\\/\\\/protech.nu\\\/da\\\/produkt\\\/ingersoll-rand-w5153-k22b-eu-1-2%e2%80%b3-745-nm-iqv20-batteridrevet-slagnogle-saet-2-x-5-0-ah-batterier-oplader-og-kuffert\\\/#breadcrumb\",\"itemListElement\":[{\"@type\":\"ListItem\",\"position\":1,\"name\":\"Hjem\",\"item\":\"https:\\\/\\\/protech.nu\\\/da\\\/\"},{\"@type\":\"ListItem\",\"position\":2,\"name\":\"Tooted\",\"item\":\"https:\\\/\\\/protech.nu\\\/products\\\/\"},{\"@type\":\"ListItem\",\"position\":3,\"name\":\"Ingersoll Rand W5153-K22B-EU \u2013 1\\\/2\u2033, 745 Nm IQV20\u2122 batteridrevet slagn\u00f8gle s\u00e6t (2 \u00d7 5.0 Ah batterier, oplader og kuffert)\"}]},{\"@type\":\"WebSite\",\"@id\":\"https:\\\/\\\/protech.nu\\\/da\\\/#website\",\"url\":\"https:\\\/\\\/protech.nu\\\/da\\\/\",\"name\":\"PROTECH\",\"description\":\"\",\"publisher\":{\"@id\":\"https:\\\/\\\/protech.nu\\\/da\\\/#organization\"},\"potentialAction\":[{\"@type\":\"SearchAction\",\"target\":{\"@type\":\"EntryPoint\",\"urlTemplate\":\"https:\\\/\\\/protech.nu\\\/da\\\/?s={search_term_string}\"},\"query-input\":{\"@type\":\"PropertyValueSpecification\",\"valueRequired\":true,\"valueName\":\"search_term_string\"}}],\"inLanguage\":\"da-DK\"},{\"@type\":\"Organization\",\"@id\":\"https:\\\/\\\/protech.nu\\\/da\\\/#organization\",\"name\":\"MYPOWERTOOLSBOX\",\"alternateName\":\"ProTech\",\"url\":\"https:\\\/\\\/protech.nu\\\/da\\\/\",\"logo\":{\"@type\":\"ImageObject\",\"inLanguage\":\"da-DK\",\"@id\":\"https:\\\/\\\/protech.nu\\\/da\\\/#\\\/schema\\\/logo\\\/image\\\/\",\"url\":\"https:\\\/\\\/2026.protech.nu\\\/wp-content\\\/uploads\\\/2026\\\/02\\\/ProTech.png\",\"contentUrl\":\"https:\\\/\\\/2026.protech.nu\\\/wp-content\\\/uploads\\\/2026\\\/02\\\/ProTech.png\",\"width\":1024,\"height\":1024,\"caption\":\"MYPOWERTOOLSBOX\"},\"image\":{\"@id\":\"https:\\\/\\\/protech.nu\\\/da\\\/#\\\/schema\\\/logo\\\/image\\\/\"},\"sameAs\":[\"https:\\\/\\\/www.facebook.com\\\/Protech.nu\\\/\",\"https:\\\/\\\/www.instagram.com\\\/protech_sweden\\\/\",\"https:\\\/\\\/www.linkedin.com\\\/company\\\/protech-professional-technologies-sweden-ab\\\/\",\"https:\\\/\\\/www.youtube.com\\\/@Protech_nu\"]}]}<\/script>\n<!-- \/ Yoast SEO plugin. -->","yoast_head_json":{"title":"Ingersoll Rand W5153-K22B-EU 1\/2\" Akku slagn\u00f8gle s\u00e6t 745 Nm | Protech","description":"K\u00f8b Ingersoll Rand W5153-K22B-EU 1\/2\" akku slagn\u00f8gle. 745 Nm l\u00f8srivningsmoment, IQV\u00ae Power Control med 4 indstillinger og 360\u00b0 LED-lysring. S\u00e6t inkl. 2x 5.0 Ah batterier.","robots":{"index":"index","follow":"follow","max-snippet":"max-snippet:-1","max-image-preview":"max-image-preview:large","max-video-preview":"max-video-preview:-1"},"canonical":"https:\/\/protech.nu\/da\/produkt\/ingersoll-rand-w5153-k22b-eu-1-2%e2%80%b3-745-nm-iqv20-batteridrevet-slagnogle-saet-2-x-5-0-ah-batterier-oplader-og-kuffert\/","og_locale":"da_DK","og_type":"article","og_title":"Ingersoll Rand W5153-K22B-EU 1\/2\" Akku slagn\u00f8gle s\u00e6t 745 Nm | Protech","og_description":"K\u00f8b Ingersoll Rand W5153-K22B-EU 1\/2\" akku slagn\u00f8gle. 745 Nm l\u00f8srivningsmoment, IQV\u00ae Power Control med 4 indstillinger og 360\u00b0 LED-lysring. S\u00e6t inkl. 2x 5.0 Ah batterier.","og_url":"https:\/\/protech.nu\/da\/produkt\/ingersoll-rand-w5153-k22b-eu-1-2%e2%80%b3-745-nm-iqv20-batteridrevet-slagnogle-saet-2-x-5-0-ah-batterier-oplader-og-kuffert\/","og_site_name":"ProTech","article_publisher":"https:\/\/www.facebook.com\/Protech.nu\/","article_modified_time":"2026-04-01T11:08:51+00:00","og_image":[{"width":600,"height":600,"url":"https:\/\/protech.nu\/wp-content\/uploads\/2025\/11\/ingersoll-rand-w5153-k22b-eu-aku-lookmutrikeeraja-komplekt.jpg","type":"image\/jpeg"}],"twitter_card":"summary_large_image","twitter_misc":{"Estimeret l\u00e6setid":"1 minut"},"schema":{"@context":"https:\/\/schema.org","@graph":[{"@type":"WebPage","@id":"https:\/\/protech.nu\/da\/produkt\/ingersoll-rand-w5153-k22b-eu-1-2%e2%80%b3-745-nm-iqv20-batteridrevet-slagnogle-saet-2-x-5-0-ah-batterier-oplader-og-kuffert\/","url":"https:\/\/protech.nu\/da\/produkt\/ingersoll-rand-w5153-k22b-eu-1-2%e2%80%b3-745-nm-iqv20-batteridrevet-slagnogle-saet-2-x-5-0-ah-batterier-oplader-og-kuffert\/","name":"Ingersoll Rand W5153-K22B-EU 1\/2\" Akku slagn\u00f8gle s\u00e6t 745 Nm | Protech","isPartOf":{"@id":"https:\/\/protech.nu\/da\/#website"},"primaryImageOfPage":{"@id":"https:\/\/protech.nu\/da\/produkt\/ingersoll-rand-w5153-k22b-eu-1-2%e2%80%b3-745-nm-iqv20-batteridrevet-slagnogle-saet-2-x-5-0-ah-batterier-oplader-og-kuffert\/#primaryimage"},"image":{"@id":"https:\/\/protech.nu\/da\/produkt\/ingersoll-rand-w5153-k22b-eu-1-2%e2%80%b3-745-nm-iqv20-batteridrevet-slagnogle-saet-2-x-5-0-ah-batterier-oplader-og-kuffert\/#primaryimage"},"thumbnailUrl":"https:\/\/protech.nu\/wp-content\/uploads\/2025\/11\/ingersoll-rand-w5153-k22b-eu-aku-lookmutrikeeraja-komplekt.jpg","datePublished":"2025-11-13T20:22:46+00:00","dateModified":"2026-04-01T11:08:51+00:00","description":"K\u00f8b Ingersoll Rand W5153-K22B-EU 1\/2\" akku slagn\u00f8gle. 745 Nm l\u00f8srivningsmoment, IQV\u00ae Power Control med 4 indstillinger og 360\u00b0 LED-lysring. S\u00e6t inkl. 2x 5.0 Ah batterier.","breadcrumb":{"@id":"https:\/\/protech.nu\/da\/produkt\/ingersoll-rand-w5153-k22b-eu-1-2%e2%80%b3-745-nm-iqv20-batteridrevet-slagnogle-saet-2-x-5-0-ah-batterier-oplader-og-kuffert\/#breadcrumb"},"inLanguage":"da-DK","potentialAction":[{"@type":"ReadAction","target":["https:\/\/protech.nu\/da\/produkt\/ingersoll-rand-w5153-k22b-eu-1-2%e2%80%b3-745-nm-iqv20-batteridrevet-slagnogle-saet-2-x-5-0-ah-batterier-oplader-og-kuffert\/"]}]},{"@type":"ImageObject","inLanguage":"da-DK","@id":"https:\/\/protech.nu\/da\/produkt\/ingersoll-rand-w5153-k22b-eu-1-2%e2%80%b3-745-nm-iqv20-batteridrevet-slagnogle-saet-2-x-5-0-ah-batterier-oplader-og-kuffert\/#primaryimage","url":"https:\/\/protech.nu\/wp-content\/uploads\/2025\/11\/ingersoll-rand-w5153-k22b-eu-aku-lookmutrikeeraja-komplekt.jpg","contentUrl":"https:\/\/protech.nu\/wp-content\/uploads\/2025\/11\/ingersoll-rand-w5153-k22b-eu-aku-lookmutrikeeraja-komplekt.jpg","width":600,"height":600,"caption":"Ingersoll Rand W5153-K22B-EU \u2013 1\/2\u2033, 745 Nm IQV20\u2122 batteridrevet slagn\u00f8gle s\u00e6t (2 \u00d7 5.0 Ah batterier, oplader og kuffert)"},{"@type":"BreadcrumbList","@id":"https:\/\/protech.nu\/da\/produkt\/ingersoll-rand-w5153-k22b-eu-1-2%e2%80%b3-745-nm-iqv20-batteridrevet-slagnogle-saet-2-x-5-0-ah-batterier-oplader-og-kuffert\/#breadcrumb","itemListElement":[{"@type":"ListItem","position":1,"name":"Hjem","item":"https:\/\/protech.nu\/da\/"},{"@type":"ListItem","position":2,"name":"Tooted","item":"https:\/\/protech.nu\/products\/"},{"@type":"ListItem","position":3,"name":"Ingersoll Rand W5153-K22B-EU \u2013 1\/2\u2033, 745 Nm IQV20\u2122 batteridrevet slagn\u00f8gle s\u00e6t (2 \u00d7 5.0 Ah batterier, oplader og kuffert)"}]},{"@type":"WebSite","@id":"https:\/\/protech.nu\/da\/#website","url":"https:\/\/protech.nu\/da\/","name":"PROTECH","description":"","publisher":{"@id":"https:\/\/protech.nu\/da\/#organization"},"potentialAction":[{"@type":"SearchAction","target":{"@type":"EntryPoint","urlTemplate":"https:\/\/protech.nu\/da\/?s={search_term_string}"},"query-input":{"@type":"PropertyValueSpecification","valueRequired":true,"valueName":"search_term_string"}}],"inLanguage":"da-DK"},{"@type":"Organization","@id":"https:\/\/protech.nu\/da\/#organization","name":"MYPOWERTOOLSBOX","alternateName":"ProTech","url":"https:\/\/protech.nu\/da\/","logo":{"@type":"ImageObject","inLanguage":"da-DK","@id":"https:\/\/protech.nu\/da\/#\/schema\/logo\/image\/","url":"https:\/\/2026.protech.nu\/wp-content\/uploads\/2026\/02\/ProTech.png","contentUrl":"https:\/\/2026.protech.nu\/wp-content\/uploads\/2026\/02\/ProTech.png","width":1024,"height":1024,"caption":"MYPOWERTOOLSBOX"},"image":{"@id":"https:\/\/protech.nu\/da\/#\/schema\/logo\/image\/"},"sameAs":["https:\/\/www.facebook.com\/Protech.nu\/","https:\/\/www.instagram.com\/protech_sweden\/","https:\/\/www.linkedin.com\/company\/protech-professional-technologies-sweden-ab\/","https:\/\/www.youtube.com\/@Protech_nu"]}]}},"_links":{"self":[{"href":"https:\/\/protech.nu\/da\/wp-json\/wp\/v2\/product\/3053","targetHints":{"allow":["GET"]}}],"collection":[{"href":"https:\/\/protech.nu\/da\/wp-json\/wp\/v2\/product"}],"about":[{"href":"https:\/\/protech.nu\/da\/wp-json\/wp\/v2\/types\/product"}],"replies":[{"embeddable":true,"href":"https:\/\/protech.nu\/da\/wp-json\/wp\/v2\/comments?post=3053"}],"wp:featuredmedia":[{"embeddable":true,"href":"https:\/\/protech.nu\/da\/wp-json\/wp\/v2\/media\/3052"}],"wp:attachment":[{"href":"https:\/\/protech.nu\/da\/wp-json\/wp\/v2\/media?parent=3053"}],"wp:term":[{"taxonomy":"product_brand","embeddable":true,"href":"https:\/\/protech.nu\/da\/wp-json\/wp\/v2\/product_brand?post=3053"},{"taxonomy":"product_cat","embeddable":true,"href":"https:\/\/protech.nu\/da\/wp-json\/wp\/v2\/product_cat?post=3053"},{"taxonomy":"product_tag","embeddable":true,"href":"https:\/\/protech.nu\/da\/wp-json\/wp\/v2\/product_tag?post=3053"}],"curies":[{"name":"wp","href":"https:\/\/api.w.org\/{rel}","templated":true}]}}