{"id":3758,"date":"2025-11-27T21:18:47","date_gmt":"2025-11-27T21:18:47","guid":{"rendered":"https:\/\/protech.nu\/toode\/ingersoll-rand-w9491-1-firkant-3500-nm-iqv20-batteridrevet-slagnogle-kun-vaerktoj\/"},"modified":"2026-01-01T01:28:11","modified_gmt":"2026-01-01T01:28:11","slug":"ingersoll-rand-w9491-1-firkant-3500-nm-iqv20-batteridrevet-slagnogle-kun-vaerktoj","status":"publish","type":"product","link":"https:\/\/protech.nu\/da\/produkt\/ingersoll-rand-w9491-1-firkant-3500-nm-iqv20-batteridrevet-slagnogle-kun-vaerktoj\/","title":{"rendered":"Ingersoll Rand W9491 \u2013 1\u201d firkant, 3500 Nm IQV20\u2122 batteridrevet slagn\u00f8gle (kun v\u00e6rkt\u00f8j)"},"content":{"rendered":"<p>W9491 l\u00f8fter Ingersoll Rands batteriserie til et nyt niveau og leverer en ydeevne, der overg\u00e5r mange pneumatiske alternativer. Denne 1&#8243; slagn\u00f8gle leverer op til 3500 Nm l\u00f8snemoment og 3000 Nm tilsp\u00e6ndingsmoment, hvilket g\u00f8r den velegnet til h\u00e5ndtering af store bolte og fastg\u00f8relseselementer ved vedligeholdelse af tunge k\u00f8ret\u00f8jer, jernbaneudstyr, marineapplikationer og industrielle maskiner. Den b\u00f8rstel\u00f8se motor og det robuste hus sikrer driftssikkerhed selv under ekstreme arbejdsforhold.<\/p>\n<p><strong>Tekniske specifikationer:<\/strong><\/p>\n<ul>\n<li>Drivst\u00f8rrelse: 1&#8243; firkant<\/li>\n<li>L\u00f8snemoment: op til 3500 Nm<\/li>\n<li>Tilsp\u00e6ndingsmoment: op til 3000 Nm<\/li>\n<li>Omdrejningstal uden belastning: 890 o\/min<\/li>\n<li>Slagfrekvens: 1170 slag\/min<\/li>\n<li>V\u00e6gt med batteri: 12,5 kg (med 5.0 Ah batteri)<\/li>\n<li>L\u00e6ngde: 511 mm<\/li>\n<li>Belysning: ingen<\/li>\n<\/ul>\n<p><strong>Download IQV20\u2122 produktkatalog:<\/strong><\/p>\n<div style=\"margin: 0 0 10px 0;\"><\/div>\n<div style=\"margin: 0 0 10px 0;\"><a style=\"display: inline-block; background: #E14A2D; color: #ffffff; padding: 12px 20px; border-radius: 4px; text-decoration: none; font-weight: 600;\" href=\"https:\/\/protech.nu\/wp-content\/uploads\/2025\/09\/ingersoll-rand-iqv20-cordless-tools-catalog.pdf\">Ingersoll Rand IQV20 Cordless Tools | Impact Wrenches, Drills &amp; Drivers<br \/>\n<\/a><\/div>\n","protected":false},"excerpt":{"rendered":"<p>Ingersoll Rand W9491 er en 1&#8243; batteridrevet slagn\u00f8gle med op til 3500 Nm l\u00f8sningsmoment og 3000 Nm tilsp\u00e6ndingsmoment. V\u00e6rkt\u00f8jet vejer 12,5 kg med batterier og er udviklet til tunge industrielle og vedligeholdsopgaver, hvor maksimal styrke og driftssikkerhed er p\u00e5kr\u00e6vet.<\/p>\n[video width=\"1920\" height=\"1012\" mp4=\"https:\/\/protech.nu\/wp-content\/uploads\/2025\/08\/Worlds-Most-Powerful-20V-1-Cordless-Impact-Wrench-W9691-W9491.mp4\"][\/video]\n","protected":false},"featured_media":3757,"comment_status":"open","ping_status":"closed","template":"","meta":{"_acf_changed":false,"_monsterinsights_skip_tracking":false,"_monsterinsights_sitenote_active":false,"_monsterinsights_sitenote_note":"","_monsterinsights_sitenote_category":0,"_themeisle_gutenberg_block_has_review":false},"product_brand":[],"product_cat":[179,178],"product_tag":[],"class_list":{"0":"post-3758","1":"product","2":"type-product","3":"status-publish","4":"has-post-thumbnail","6":"product_cat-ingersoll-rand-tradlose-slagnogler-og-skruetraekkere","7":"product_cat-ingersoll-rand-iqv20-series","8":"pa_pikkus-mm-1472","10":"first","11":"instock","12":"taxable","13":"shipping-taxable","14":"purchasable","15":"product-type-simple"},"acf":[],"yoast_head":"<!-- This site is optimized with the Yoast SEO plugin v27.5 - https:\/\/yoast.com\/product\/yoast-seo-wordpress\/ -->\n<title>Ingersoll Rand W9491 \u2013 1\u201d 3500 Nm IQV20 batteridrevet slagn\u00f8gle (Kun v\u00e6rkt\u00f8j)<\/title>\n<meta name=\"description\" content=\"Ingersoll Rand W9491 er en 1\u201d og 3500 Nm IQV20\u2122 batteridrevet slagn\u00f8gle til kr\u00e6vende service- og industribrug. Op til 3500 Nm l\u00f8sningsmoment, 3000 Nm tilsp\u00e6nding, b\u00f8rstel\u00f8s motor og IPX6-beskyttelse. Kun v\u00e6rkt\u00f8j.\" \/>\n<meta name=\"robots\" content=\"index, follow, max-snippet:-1, max-image-preview:large, max-video-preview:-1\" \/>\n<link rel=\"canonical\" href=\"https:\/\/protech.nu\/da\/produkt\/ingersoll-rand-w9491-1-firkant-3500-nm-iqv20-batteridrevet-slagnogle-kun-vaerktoj\/\" \/>\n<meta property=\"og:locale\" content=\"da_DK\" \/>\n<meta property=\"og:type\" content=\"article\" \/>\n<meta property=\"og:title\" content=\"Ingersoll Rand W9491 \u2013 1\u201d 3500 Nm IQV20 batteridrevet slagn\u00f8gle (Kun v\u00e6rkt\u00f8j)\" \/>\n<meta property=\"og:description\" content=\"Ingersoll Rand W9491 er en 1\u201d og 3500 Nm IQV20\u2122 batteridrevet slagn\u00f8gle til kr\u00e6vende service- og industribrug. Op til 3500 Nm l\u00f8sningsmoment, 3000 Nm tilsp\u00e6nding, b\u00f8rstel\u00f8s motor og IPX6-beskyttelse. Kun v\u00e6rkt\u00f8j.\" \/>\n<meta property=\"og:url\" content=\"https:\/\/protech.nu\/da\/produkt\/ingersoll-rand-w9491-1-firkant-3500-nm-iqv20-batteridrevet-slagnogle-kun-vaerktoj\/\" \/>\n<meta property=\"og:site_name\" content=\"ProTech\" \/>\n<meta property=\"article:publisher\" content=\"https:\/\/www.facebook.com\/Protech.nu\/\" \/>\n<meta property=\"article:modified_time\" content=\"2026-01-01T01:28:11+00:00\" \/>\n<meta property=\"og:image\" content=\"https:\/\/protech.nu\/wp-content\/uploads\/2025\/11\/ingersoll-rand-w9491-1in-3500nm-iqv20-impact-wrench.jpg\" \/>\n\t<meta property=\"og:image:width\" content=\"600\" \/>\n\t<meta property=\"og:image:height\" content=\"600\" \/>\n\t<meta property=\"og:image:type\" content=\"image\/jpeg\" \/>\n<meta name=\"twitter:card\" content=\"summary_large_image\" \/>\n<meta name=\"twitter:label1\" content=\"Estimeret l\u00e6setid\" \/>\n\t<meta name=\"twitter:data1\" content=\"1 minut\" \/>\n<script type=\"application\/ld+json\" class=\"yoast-schema-graph\">{\"@context\":\"https:\\\/\\\/schema.org\",\"@graph\":[{\"@type\":\"WebPage\",\"@id\":\"https:\\\/\\\/protech.nu\\\/da\\\/produkt\\\/ingersoll-rand-w9491-1-firkant-3500-nm-iqv20-batteridrevet-slagnogle-kun-vaerktoj\\\/\",\"url\":\"https:\\\/\\\/protech.nu\\\/da\\\/produkt\\\/ingersoll-rand-w9491-1-firkant-3500-nm-iqv20-batteridrevet-slagnogle-kun-vaerktoj\\\/\",\"name\":\"Ingersoll Rand W9491 \u2013 1\u201d 3500 Nm IQV20 batteridrevet slagn\u00f8gle (Kun v\u00e6rkt\u00f8j)\",\"isPartOf\":{\"@id\":\"https:\\\/\\\/protech.nu\\\/da\\\/#website\"},\"primaryImageOfPage\":{\"@id\":\"https:\\\/\\\/protech.nu\\\/da\\\/produkt\\\/ingersoll-rand-w9491-1-firkant-3500-nm-iqv20-batteridrevet-slagnogle-kun-vaerktoj\\\/#primaryimage\"},\"image\":{\"@id\":\"https:\\\/\\\/protech.nu\\\/da\\\/produkt\\\/ingersoll-rand-w9491-1-firkant-3500-nm-iqv20-batteridrevet-slagnogle-kun-vaerktoj\\\/#primaryimage\"},\"thumbnailUrl\":\"https:\\\/\\\/protech.nu\\\/wp-content\\\/uploads\\\/2025\\\/11\\\/ingersoll-rand-w9491-1in-3500nm-iqv20-impact-wrench.jpg\",\"datePublished\":\"2025-11-27T21:18:47+00:00\",\"dateModified\":\"2026-01-01T01:28:11+00:00\",\"description\":\"Ingersoll Rand W9491 er en 1\u201d og 3500 Nm IQV20\u2122 batteridrevet slagn\u00f8gle til kr\u00e6vende service- og industribrug. Op til 3500 Nm l\u00f8sningsmoment, 3000 Nm tilsp\u00e6nding, b\u00f8rstel\u00f8s motor og IPX6-beskyttelse. Kun v\u00e6rkt\u00f8j.\",\"breadcrumb\":{\"@id\":\"https:\\\/\\\/protech.nu\\\/da\\\/produkt\\\/ingersoll-rand-w9491-1-firkant-3500-nm-iqv20-batteridrevet-slagnogle-kun-vaerktoj\\\/#breadcrumb\"},\"inLanguage\":\"da-DK\",\"potentialAction\":[{\"@type\":\"ReadAction\",\"target\":[\"https:\\\/\\\/protech.nu\\\/da\\\/produkt\\\/ingersoll-rand-w9491-1-firkant-3500-nm-iqv20-batteridrevet-slagnogle-kun-vaerktoj\\\/\"]}]},{\"@type\":\"ImageObject\",\"inLanguage\":\"da-DK\",\"@id\":\"https:\\\/\\\/protech.nu\\\/da\\\/produkt\\\/ingersoll-rand-w9491-1-firkant-3500-nm-iqv20-batteridrevet-slagnogle-kun-vaerktoj\\\/#primaryimage\",\"url\":\"https:\\\/\\\/protech.nu\\\/wp-content\\\/uploads\\\/2025\\\/11\\\/ingersoll-rand-w9491-1in-3500nm-iqv20-impact-wrench.jpg\",\"contentUrl\":\"https:\\\/\\\/protech.nu\\\/wp-content\\\/uploads\\\/2025\\\/11\\\/ingersoll-rand-w9491-1in-3500nm-iqv20-impact-wrench.jpg\",\"width\":600,\"height\":600,\"caption\":\"Ingersoll Rand W9491 \u2013 1\u201d, 3500 Nm IQV20\u2122 professionel batteridrevet slagn\u00f8gle\"},{\"@type\":\"BreadcrumbList\",\"@id\":\"https:\\\/\\\/protech.nu\\\/da\\\/produkt\\\/ingersoll-rand-w9491-1-firkant-3500-nm-iqv20-batteridrevet-slagnogle-kun-vaerktoj\\\/#breadcrumb\",\"itemListElement\":[{\"@type\":\"ListItem\",\"position\":1,\"name\":\"Hjem\",\"item\":\"https:\\\/\\\/protech.nu\\\/da\\\/\"},{\"@type\":\"ListItem\",\"position\":2,\"name\":\"Tooted\",\"item\":\"https:\\\/\\\/protech.nu\\\/products\\\/\"},{\"@type\":\"ListItem\",\"position\":3,\"name\":\"Ingersoll Rand W9491 \u2013 1\u201d firkant, 3500 Nm IQV20\u2122 batteridrevet slagn\u00f8gle (kun v\u00e6rkt\u00f8j)\"}]},{\"@type\":\"WebSite\",\"@id\":\"https:\\\/\\\/protech.nu\\\/da\\\/#website\",\"url\":\"https:\\\/\\\/protech.nu\\\/da\\\/\",\"name\":\"PROTECH\",\"description\":\"\",\"publisher\":{\"@id\":\"https:\\\/\\\/protech.nu\\\/da\\\/#organization\"},\"potentialAction\":[{\"@type\":\"SearchAction\",\"target\":{\"@type\":\"EntryPoint\",\"urlTemplate\":\"https:\\\/\\\/protech.nu\\\/da\\\/?s={search_term_string}\"},\"query-input\":{\"@type\":\"PropertyValueSpecification\",\"valueRequired\":true,\"valueName\":\"search_term_string\"}}],\"inLanguage\":\"da-DK\"},{\"@type\":\"Organization\",\"@id\":\"https:\\\/\\\/protech.nu\\\/da\\\/#organization\",\"name\":\"MYPOWERTOOLSBOX\",\"alternateName\":\"ProTech\",\"url\":\"https:\\\/\\\/protech.nu\\\/da\\\/\",\"logo\":{\"@type\":\"ImageObject\",\"inLanguage\":\"da-DK\",\"@id\":\"https:\\\/\\\/protech.nu\\\/da\\\/#\\\/schema\\\/logo\\\/image\\\/\",\"url\":\"https:\\\/\\\/2026.protech.nu\\\/wp-content\\\/uploads\\\/2026\\\/02\\\/ProTech.png\",\"contentUrl\":\"https:\\\/\\\/2026.protech.nu\\\/wp-content\\\/uploads\\\/2026\\\/02\\\/ProTech.png\",\"width\":1024,\"height\":1024,\"caption\":\"MYPOWERTOOLSBOX\"},\"image\":{\"@id\":\"https:\\\/\\\/protech.nu\\\/da\\\/#\\\/schema\\\/logo\\\/image\\\/\"},\"sameAs\":[\"https:\\\/\\\/www.facebook.com\\\/Protech.nu\\\/\",\"https:\\\/\\\/www.instagram.com\\\/protech_sweden\\\/\",\"https:\\\/\\\/www.linkedin.com\\\/company\\\/protech-professional-technologies-sweden-ab\\\/\",\"https:\\\/\\\/www.youtube.com\\\/@Protech_nu\"]}]}<\/script>\n<!-- \/ Yoast SEO plugin. -->","yoast_head_json":{"title":"Ingersoll Rand W9491 \u2013 1\u201d 3500 Nm IQV20 batteridrevet slagn\u00f8gle (Kun v\u00e6rkt\u00f8j)","description":"Ingersoll Rand W9491 er en 1\u201d og 3500 Nm IQV20\u2122 batteridrevet slagn\u00f8gle til kr\u00e6vende service- og industribrug. Op til 3500 Nm l\u00f8sningsmoment, 3000 Nm tilsp\u00e6nding, b\u00f8rstel\u00f8s motor og IPX6-beskyttelse. Kun v\u00e6rkt\u00f8j.","robots":{"index":"index","follow":"follow","max-snippet":"max-snippet:-1","max-image-preview":"max-image-preview:large","max-video-preview":"max-video-preview:-1"},"canonical":"https:\/\/protech.nu\/da\/produkt\/ingersoll-rand-w9491-1-firkant-3500-nm-iqv20-batteridrevet-slagnogle-kun-vaerktoj\/","og_locale":"da_DK","og_type":"article","og_title":"Ingersoll Rand W9491 \u2013 1\u201d 3500 Nm IQV20 batteridrevet slagn\u00f8gle (Kun v\u00e6rkt\u00f8j)","og_description":"Ingersoll Rand W9491 er en 1\u201d og 3500 Nm IQV20\u2122 batteridrevet slagn\u00f8gle til kr\u00e6vende service- og industribrug. Op til 3500 Nm l\u00f8sningsmoment, 3000 Nm tilsp\u00e6nding, b\u00f8rstel\u00f8s motor og IPX6-beskyttelse. Kun v\u00e6rkt\u00f8j.","og_url":"https:\/\/protech.nu\/da\/produkt\/ingersoll-rand-w9491-1-firkant-3500-nm-iqv20-batteridrevet-slagnogle-kun-vaerktoj\/","og_site_name":"ProTech","article_publisher":"https:\/\/www.facebook.com\/Protech.nu\/","article_modified_time":"2026-01-01T01:28:11+00:00","og_image":[{"width":600,"height":600,"url":"https:\/\/protech.nu\/wp-content\/uploads\/2025\/11\/ingersoll-rand-w9491-1in-3500nm-iqv20-impact-wrench.jpg","type":"image\/jpeg"}],"twitter_card":"summary_large_image","twitter_misc":{"Estimeret l\u00e6setid":"1 minut"},"schema":{"@context":"https:\/\/schema.org","@graph":[{"@type":"WebPage","@id":"https:\/\/protech.nu\/da\/produkt\/ingersoll-rand-w9491-1-firkant-3500-nm-iqv20-batteridrevet-slagnogle-kun-vaerktoj\/","url":"https:\/\/protech.nu\/da\/produkt\/ingersoll-rand-w9491-1-firkant-3500-nm-iqv20-batteridrevet-slagnogle-kun-vaerktoj\/","name":"Ingersoll Rand W9491 \u2013 1\u201d 3500 Nm IQV20 batteridrevet slagn\u00f8gle (Kun v\u00e6rkt\u00f8j)","isPartOf":{"@id":"https:\/\/protech.nu\/da\/#website"},"primaryImageOfPage":{"@id":"https:\/\/protech.nu\/da\/produkt\/ingersoll-rand-w9491-1-firkant-3500-nm-iqv20-batteridrevet-slagnogle-kun-vaerktoj\/#primaryimage"},"image":{"@id":"https:\/\/protech.nu\/da\/produkt\/ingersoll-rand-w9491-1-firkant-3500-nm-iqv20-batteridrevet-slagnogle-kun-vaerktoj\/#primaryimage"},"thumbnailUrl":"https:\/\/protech.nu\/wp-content\/uploads\/2025\/11\/ingersoll-rand-w9491-1in-3500nm-iqv20-impact-wrench.jpg","datePublished":"2025-11-27T21:18:47+00:00","dateModified":"2026-01-01T01:28:11+00:00","description":"Ingersoll Rand W9491 er en 1\u201d og 3500 Nm IQV20\u2122 batteridrevet slagn\u00f8gle til kr\u00e6vende service- og industribrug. Op til 3500 Nm l\u00f8sningsmoment, 3000 Nm tilsp\u00e6nding, b\u00f8rstel\u00f8s motor og IPX6-beskyttelse. Kun v\u00e6rkt\u00f8j.","breadcrumb":{"@id":"https:\/\/protech.nu\/da\/produkt\/ingersoll-rand-w9491-1-firkant-3500-nm-iqv20-batteridrevet-slagnogle-kun-vaerktoj\/#breadcrumb"},"inLanguage":"da-DK","potentialAction":[{"@type":"ReadAction","target":["https:\/\/protech.nu\/da\/produkt\/ingersoll-rand-w9491-1-firkant-3500-nm-iqv20-batteridrevet-slagnogle-kun-vaerktoj\/"]}]},{"@type":"ImageObject","inLanguage":"da-DK","@id":"https:\/\/protech.nu\/da\/produkt\/ingersoll-rand-w9491-1-firkant-3500-nm-iqv20-batteridrevet-slagnogle-kun-vaerktoj\/#primaryimage","url":"https:\/\/protech.nu\/wp-content\/uploads\/2025\/11\/ingersoll-rand-w9491-1in-3500nm-iqv20-impact-wrench.jpg","contentUrl":"https:\/\/protech.nu\/wp-content\/uploads\/2025\/11\/ingersoll-rand-w9491-1in-3500nm-iqv20-impact-wrench.jpg","width":600,"height":600,"caption":"Ingersoll Rand W9491 \u2013 1\u201d, 3500 Nm IQV20\u2122 professionel batteridrevet slagn\u00f8gle"},{"@type":"BreadcrumbList","@id":"https:\/\/protech.nu\/da\/produkt\/ingersoll-rand-w9491-1-firkant-3500-nm-iqv20-batteridrevet-slagnogle-kun-vaerktoj\/#breadcrumb","itemListElement":[{"@type":"ListItem","position":1,"name":"Hjem","item":"https:\/\/protech.nu\/da\/"},{"@type":"ListItem","position":2,"name":"Tooted","item":"https:\/\/protech.nu\/products\/"},{"@type":"ListItem","position":3,"name":"Ingersoll Rand W9491 \u2013 1\u201d firkant, 3500 Nm IQV20\u2122 batteridrevet slagn\u00f8gle (kun v\u00e6rkt\u00f8j)"}]},{"@type":"WebSite","@id":"https:\/\/protech.nu\/da\/#website","url":"https:\/\/protech.nu\/da\/","name":"PROTECH","description":"","publisher":{"@id":"https:\/\/protech.nu\/da\/#organization"},"potentialAction":[{"@type":"SearchAction","target":{"@type":"EntryPoint","urlTemplate":"https:\/\/protech.nu\/da\/?s={search_term_string}"},"query-input":{"@type":"PropertyValueSpecification","valueRequired":true,"valueName":"search_term_string"}}],"inLanguage":"da-DK"},{"@type":"Organization","@id":"https:\/\/protech.nu\/da\/#organization","name":"MYPOWERTOOLSBOX","alternateName":"ProTech","url":"https:\/\/protech.nu\/da\/","logo":{"@type":"ImageObject","inLanguage":"da-DK","@id":"https:\/\/protech.nu\/da\/#\/schema\/logo\/image\/","url":"https:\/\/2026.protech.nu\/wp-content\/uploads\/2026\/02\/ProTech.png","contentUrl":"https:\/\/2026.protech.nu\/wp-content\/uploads\/2026\/02\/ProTech.png","width":1024,"height":1024,"caption":"MYPOWERTOOLSBOX"},"image":{"@id":"https:\/\/protech.nu\/da\/#\/schema\/logo\/image\/"},"sameAs":["https:\/\/www.facebook.com\/Protech.nu\/","https:\/\/www.instagram.com\/protech_sweden\/","https:\/\/www.linkedin.com\/company\/protech-professional-technologies-sweden-ab\/","https:\/\/www.youtube.com\/@Protech_nu"]}]}},"_links":{"self":[{"href":"https:\/\/protech.nu\/da\/wp-json\/wp\/v2\/product\/3758","targetHints":{"allow":["GET"]}}],"collection":[{"href":"https:\/\/protech.nu\/da\/wp-json\/wp\/v2\/product"}],"about":[{"href":"https:\/\/protech.nu\/da\/wp-json\/wp\/v2\/types\/product"}],"replies":[{"embeddable":true,"href":"https:\/\/protech.nu\/da\/wp-json\/wp\/v2\/comments?post=3758"}],"wp:featuredmedia":[{"embeddable":true,"href":"https:\/\/protech.nu\/da\/wp-json\/wp\/v2\/media\/3757"}],"wp:attachment":[{"href":"https:\/\/protech.nu\/da\/wp-json\/wp\/v2\/media?parent=3758"}],"wp:term":[{"taxonomy":"product_brand","embeddable":true,"href":"https:\/\/protech.nu\/da\/wp-json\/wp\/v2\/product_brand?post=3758"},{"taxonomy":"product_cat","embeddable":true,"href":"https:\/\/protech.nu\/da\/wp-json\/wp\/v2\/product_cat?post=3758"},{"taxonomy":"product_tag","embeddable":true,"href":"https:\/\/protech.nu\/da\/wp-json\/wp\/v2\/product_tag?post=3758"}],"curies":[{"name":"wp","href":"https:\/\/api.w.org\/{rel}","templated":true}]}}