{"id":4036,"date":"2025-11-30T13:43:38","date_gmt":"2025-11-30T13:43:38","guid":{"rendered":"https:\/\/protech.nu\/?page_id=4036"},"modified":"2025-12-31T01:20:48","modified_gmt":"2025-12-31T01:20:48","slug":"smart-tools","status":"publish","type":"page","link":"https:\/\/protech.nu\/et\/smart-tools\/","title":{"rendered":"Nutikad t\u00f6\u00f6riistad \u2013 T\u00d6\u00d6STUS 4.0"},"content":{"rendered":"<h2>Nutikad t\u00f6\u00f6riistad \u2013 T\u00f6\u00f6stus 4.0<\/h2>\n<p><em>Mis teeb t\u00f6\u00f6riista t\u00f5eliselt \u201enutikaks\u201d ja miks liiguvad tootmisettev\u00f5tted \u00fcle intelligentsetele Ingersoll Randi lahendustele?<\/em><\/p>\n<hr \/>\n<h3>Miks nutikad t\u00f6\u00f6riistad on tuleviku t\u00f6\u00f6stusstandard?<\/h3>\n<p>Nutikad t\u00f6\u00f6riistad kasutavad andureid, reaalajas juhtimist, momentkontrolli ja suhtlust tootmisliiniga.<br \/>\nSee tagab:<\/p>\n<ul>\n<li>t\u00e4pse ja korduva kvaliteedi igas liites;<\/li>\n<li>v\u00e4hem praaki;<\/li>\n<li>v\u00e4hem \u00fcmbert\u00f6\u00f6tlust;<\/li>\n<li>kiirema t\u00f6\u00f6protsessi ja l\u00fchemad seisakud;<\/li>\n<li>v\u00e4iksemad operatiivkulud;<\/li>\n<li>t\u00e4ieliku digitaalse j\u00e4lgitavuse (traceability).<\/li>\n<\/ul>\n<hr \/>\n<h3>1. Kiirem seadistamine<\/h3>\n<p>Traditsiooniliste t\u00f6\u00f6riistade seadistamine on aeglane ja n\u00f5uab palju k\u00e4sit\u00f6\u00f6d.<br \/>\nNutikate t\u00f6\u00f6riistade puhul on olukord teine:<\/p>\n<ul>\n<li>programmide loomine ja muutmine v\u00f5tab alla 2 minuti;<\/li>\n<li>seadistamine toimub t\u00f6\u00f6riista ekraanilt, arvutist v\u00f5i veebibrauserist;<\/li>\n<li>v\u00f5imalik on kaugjuhtimine ja diagnoos (IQi \/ QX \/ INSIGHT platvormid).<\/li>\n<\/ul>\n<p><strong>Tulemus:<\/strong> v\u00e4hem seisakuid ja oluliselt kiirem t\u00f6\u00f6voog.<\/p>\n<hr \/>\n<h3>2. Parandatud kvaliteet<\/h3>\n<p>Nutikad t\u00f6\u00f6riistad aitavad v\u00e4ltida t\u00fc\u00fcpilisi kinnituse vigu:<\/p>\n<ul>\n<li>ristkeermestamist;<\/li>\n<li>\u00fclepingutamist;<\/li>\n<li>alapingutamist.<\/li>\n<\/ul>\n<p>Seda t\u00e4nu:<\/p>\n<ul>\n<li>transducer-anduritele t\u00e4pseks momentm\u00f5\u00f5tmiseks;<\/li>\n<li>nurgaanduritele ja asendituvastusele;<\/li>\n<li>reaalajas protsessikontrollile.<\/li>\n<\/ul>\n<p><strong>Tulemus:<\/strong> \u00fchtlane kvaliteet s\u00f5ltumata operaatorist.<\/p>\n<hr \/>\n<h3>3. N\u00f5uetele vastavus ja j\u00e4lgitavus<\/h3>\n<p>Nutikad t\u00f6\u00f6riistad logivad iga pingutuse ning loovad t\u00e4ieliku digitaalse j\u00e4lje:<\/p>\n<ul>\n<li>moment ja nurk;<\/li>\n<li>t\u00f6\u00f6aeg;<\/li>\n<li>OK \/ NOK tulemus;<\/li>\n<li>operaatori ID ja jaama info;<\/li>\n<li>vajadusel partii- ja tooteandmed.<\/li>\n<\/ul>\n<p>See lihtsustab auditite l\u00e4bimist ning v\u00e4hendab garantiisid ja \u00f5igusriske.<\/p>\n<hr \/>\n<h3>4. Protsesside optimeerimine<\/h3>\n<p>Nutikad t\u00f6\u00f6riistad on osa kogu tootmisprotsessi juhtimisest:<\/p>\n<ul>\n<li>MES- ja Fieldbus-\u00fchendused otse t\u00f6\u00f6riista v\u00f5i kontrolleriga;<\/li>\n<li>automaatne programmil\u00fclitus vastavalt t\u00f6\u00f6le v\u00f5i detailile;<\/li>\n<li>digitaalne t\u00f6\u00f6koha juhtimine ja reaalajas tagasiside operaatorile.<\/li>\n<\/ul>\n<p>RTS Connect ja QX Series lahendused v\u00f5ivad anda kuni <strong>77% kiirema pingutuse<\/strong> v\u00f5rreldes tavap\u00e4raste akumutrikeerajatega.<\/p>\n<hr \/>\n<h3>5. Madalam kogukulu<\/h3>\n<p>Kuigi nutikas t\u00f6\u00f6riist v\u00f5ib maksta rohkem kui tavaline, on kogukulu pikemas plaanis oluliselt madalam:<\/p>\n<ul>\n<li>v\u00e4hem praaki ja vigaseid tooteid;<\/li>\n<li>v\u00e4hem \u00fcmbert\u00f6\u00f6tlust ja lisat\u00f6\u00f6d;<\/li>\n<li>pikem t\u00f6\u00f6riista ja tarvikute eluiga;<\/li>\n<li>k\u00f5rge t\u00f6\u00f6kindlus (\u00fcle <strong>1 000 000 ts\u00fckli<\/strong> k\u00f5rge koormusega liinidel).<\/li>\n<\/ul>\n<hr \/>\n<h3>Kellele nutikad t\u00f6\u00f6riistad sobivad?<\/h3>\n<ul>\n<li>elektroonikatootmine;<\/li>\n<li>auto- ja kommertss\u00f5idukite tootmine;<\/li>\n<li>rasketehnika ja masinat\u00f6\u00f6stus;<\/li>\n<li>energeetika ja infrastruktuur;<\/li>\n<li>iga tootmis\u00fcksus, kus on oluline momentkontroll ja j\u00e4lgitavus.<\/li>\n<\/ul>\n<p>Eriti palju v\u00f5idavad ettev\u00f5tted, kes soovivad:<\/p>\n<ul>\n<li>t\u00f5sta kvaliteeti ja v\u00e4hendada defekte;<\/li>\n<li>v\u00e4hendada t\u00f6\u00f6- ja materjalikulu;<\/li>\n<li>automatiseerida t\u00f6\u00f6kohti ja standardiseerida protsesse;<\/li>\n<li>valmistuda T\u00f6\u00f6stus 4.0 n\u00f5ueteks ja klientide rangemate standardite t\u00e4itmiseks.<\/li>\n<\/ul>\n<hr \/>\n<h2>Ingersoll Rand Smart Tools tooteperede \u00fclevaade<\/h2>\n<ul>\n<li style=\"list-style-type: none;\">\n<ul>\n<li><strong><a href=\"https:\/\/protech.nu\/tootekategooria\/ingersoll-rand-tappiskruvikeerajad-ja-mutrikeerajad\/ingersoll-rand-iqi-tappiskruvikeerajad\/?v=08a4415e9d59\" target=\"_blank\" rel=\"noopener\">IQi Series <\/a><\/strong>\u2013 anduriga elektrilised kruvikeerajad (transducerized).<\/li>\n<li><strong><a href=\"https:\/\/protech.nu\/tootekategooria\/ingersoll-rand-tappiskruvikeerajad-ja-mutrikeerajad\/ingersoll-rand-qx-series\/?v=08a4415e9d59\" target=\"_blank\" rel=\"noopener\">QX Connect Series <\/a><\/strong>\u2013 t\u00e4ppis kruvikeerajad ja t\u00e4ppis mutriv\u00f5tmed; samuti QX Limitless WiFi-seeria nutikad t\u00f6\u00f6riistad Wi-Fi\/Bluetooth \u00fchendusega, mis suhtlevad INSIGHT kontrolleriga.<\/li>\n<li><strong><a href=\"https:\/\/protech.nu\/tootekategooria\/ingersoll-rand-tappiskruvikeerajad-ja-mutrikeerajad\/ingersoll-rand-qc-series\/?v=08a4415e9d59\" target=\"_blank\" rel=\"noopener\">QC Series <\/a><\/strong>\u2013 intelligent clutch s\u00fcsteemiga kruvikeerajad.<\/li>\n<li><strong><a href=\"https:\/\/protech.nu\/tootekategooria\/ingersoll-rand-tappiskruvikeerajad-ja-mutrikeerajad\/ingersoll-rand-rts-series\/?v=08a4415e9d59\" target=\"_blank\" rel=\"noopener\">RTS Series (RTS Connect) <\/a><\/strong>\u2013 nutikad mechanical pulse t\u00f6\u00f6riistad kiireks ja kontrollitud pingutamiseks.<\/li>\n<\/ul>\n<\/li>\n<\/ul>\n<hr \/>\n<h3>Loe edasi: \u201eWhat Makes a Smart Tool \u2018Smart\u2019?\u201d<\/h3>\n<p>Originaalartikkel Ingersoll Randi ametlikul lehel:<\/p>\n<p><a href=\"https:\/\/powertools.ingersollrand.com\/en\/news\/what-makes-a-smart-tool-smart\/\" target=\"_blank\" rel=\"noopener\">https:\/\/powertools.ingersollrand.com\/en\/news\/what-makes-a-smart-tool-smart\/<br \/>\n<\/a><\/p>\n<hr \/>\n<h3>V\u00f5ta \u00fchendust Smart Tools pilootprojekti osas<\/h3>\n<p>Soovid testida nutikaid t\u00f6\u00f6riistu oma tootmisliinis, n\u00e4ha ROI arvutust v\u00f5i saada tehnilist konsultatsiooni?<br \/>\nV\u00f5ta meiega \u00fchendust \u2013 aitame valida sobivad IQi, QX, QC v\u00f5i RTS t\u00f6\u00f6riistad ning koostame<br \/>\nsinu ettev\u00f5ttele sobiva \u00fcleminekuplaani T\u00f6\u00f6stus 4.0 tasemele.<\/p>\n<p><strong>Nutikad t\u00f6\u00f6riistad \u2013 tuleviku tootmine algab siit.<\/strong><\/p>\n","protected":false},"excerpt":{"rendered":"<p>Nutikad t\u00f6\u00f6riistad \u2013 T\u00f6\u00f6stus 4.0 Mis teeb t\u00f6\u00f6riista t\u00f5eliselt \u201enutikaks\u201d ja miks liiguvad tootmisettev\u00f5tted \u00fcle intelligentsetele Ingersoll Randi lahendustele? Miks nutikad t\u00f6\u00f6riistad on tuleviku t\u00f6\u00f6stusstandard? Nutikad t\u00f6\u00f6riistad kasutavad andureid, reaalajas juhtimist, momentkontrolli ja suhtlust tootmisliiniga. See tagab: t\u00e4pse ja korduva kvaliteedi igas liites; v\u00e4hem praaki; v\u00e4hem \u00fcmbert\u00f6\u00f6tlust; kiirema t\u00f6\u00f6protsessi ja l\u00fchemad seisakud; v\u00e4iksemad operatiivkulud; t\u00e4ieliku [&hellip;]<\/p>\n","protected":false},"author":1,"featured_media":0,"parent":0,"menu_order":0,"comment_status":"closed","ping_status":"closed","template":"","meta":{"_acf_changed":false,"_monsterinsights_skip_tracking":false,"_monsterinsights_sitenote_active":false,"_monsterinsights_sitenote_note":"","_monsterinsights_sitenote_category":0,"_themeisle_gutenberg_block_has_review":false,"footnotes":""},"class_list":["post-4036","page","type-page","status-publish","hentry"],"acf":[],"yoast_head":"<!-- This site is optimized with the Yoast SEO plugin v27.5 - https:\/\/yoast.com\/product\/yoast-seo-wordpress\/ -->\n<title>nutikad t\u00f6\u00f6riistad t\u00f6\u00f6stus 4.0<\/title>\n<meta name=\"description\" content=\"Loe, mis teeb nutikatest t\u00f6\u00f6riistadest (Smart Tools) uue t\u00f6\u00f6stusstandardi. T\u00e4pne momentkontroll, v\u00e4iksem praak, v\u00e4hem \u00fcmbert\u00f6\u00f6tlust ja t\u00e4ielik digitaalse j\u00e4lgitavuse tugi. Valmistu T\u00f6\u00f6stus 4.0 n\u00f5ueteks.\" \/>\n<meta name=\"robots\" content=\"index, follow, max-snippet:-1, max-image-preview:large, max-video-preview:-1\" \/>\n<link rel=\"canonical\" href=\"https:\/\/protech.nu\/et\/smart-tools\/\" \/>\n<meta property=\"og:locale\" content=\"et_EE\" \/>\n<meta property=\"og:type\" content=\"article\" \/>\n<meta property=\"og:title\" content=\"nutikad t\u00f6\u00f6riistad t\u00f6\u00f6stus 4.0\" \/>\n<meta property=\"og:description\" content=\"Loe, mis teeb nutikatest t\u00f6\u00f6riistadest (Smart Tools) uue t\u00f6\u00f6stusstandardi. T\u00e4pne momentkontroll, v\u00e4iksem praak, v\u00e4hem \u00fcmbert\u00f6\u00f6tlust ja t\u00e4ielik digitaalse j\u00e4lgitavuse tugi. Valmistu T\u00f6\u00f6stus 4.0 n\u00f5ueteks.\" \/>\n<meta property=\"og:url\" content=\"https:\/\/protech.nu\/et\/smart-tools\/\" \/>\n<meta property=\"og:site_name\" content=\"Protech\" \/>\n<meta property=\"article:publisher\" content=\"https:\/\/www.facebook.com\/Protech.nu\/\" \/>\n<meta property=\"article:modified_time\" content=\"2025-12-31T01:20:48+00:00\" \/>\n<meta property=\"og:image\" content=\"https:\/\/protech.nu\/wp-content\/uploads\/2026\/02\/ProTech.png\" \/>\n\t<meta property=\"og:image:width\" content=\"1024\" \/>\n\t<meta property=\"og:image:height\" content=\"1024\" \/>\n\t<meta property=\"og:image:type\" content=\"image\/png\" \/>\n<meta name=\"twitter:card\" content=\"summary_large_image\" \/>\n<meta name=\"twitter:label1\" content=\"Est. reading time\" \/>\n\t<meta name=\"twitter:data1\" content=\"2 minutit\" \/>\n<script type=\"application\/ld+json\" class=\"yoast-schema-graph\">{\"@context\":\"https:\\\/\\\/schema.org\",\"@graph\":[{\"@type\":[\"WebPage\",\"AboutPage\"],\"@id\":\"https:\\\/\\\/protech.nu\\\/et\\\/smart-tools\\\/\",\"url\":\"https:\\\/\\\/protech.nu\\\/et\\\/smart-tools\\\/\",\"name\":\"nutikad t\u00f6\u00f6riistad t\u00f6\u00f6stus 4.0\",\"isPartOf\":{\"@id\":\"https:\\\/\\\/protech.nu\\\/et\\\/#website\"},\"datePublished\":\"2025-11-30T13:43:38+00:00\",\"dateModified\":\"2025-12-31T01:20:48+00:00\",\"description\":\"Loe, mis teeb nutikatest t\u00f6\u00f6riistadest (Smart Tools) uue t\u00f6\u00f6stusstandardi. T\u00e4pne momentkontroll, v\u00e4iksem praak, v\u00e4hem \u00fcmbert\u00f6\u00f6tlust ja t\u00e4ielik digitaalse j\u00e4lgitavuse tugi. Valmistu T\u00f6\u00f6stus 4.0 n\u00f5ueteks.\",\"breadcrumb\":{\"@id\":\"https:\\\/\\\/protech.nu\\\/et\\\/smart-tools\\\/#breadcrumb\"},\"inLanguage\":\"et\",\"potentialAction\":[{\"@type\":\"ReadAction\",\"target\":[\"https:\\\/\\\/protech.nu\\\/et\\\/smart-tools\\\/\"]}]},{\"@type\":\"BreadcrumbList\",\"@id\":\"https:\\\/\\\/protech.nu\\\/et\\\/smart-tools\\\/#breadcrumb\",\"itemListElement\":[{\"@type\":\"ListItem\",\"position\":1,\"name\":\"Esileht\",\"item\":\"https:\\\/\\\/protech.nu\\\/et\\\/\"},{\"@type\":\"ListItem\",\"position\":2,\"name\":\"Nutikad t\u00f6\u00f6riistad \u2013 T\u00d6\u00d6STUS 4.0\"}]},{\"@type\":\"WebSite\",\"@id\":\"https:\\\/\\\/protech.nu\\\/et\\\/#website\",\"url\":\"https:\\\/\\\/protech.nu\\\/et\\\/\",\"name\":\"PROTECH\",\"description\":\"\",\"publisher\":{\"@id\":\"https:\\\/\\\/protech.nu\\\/et\\\/#organization\"},\"potentialAction\":[{\"@type\":\"SearchAction\",\"target\":{\"@type\":\"EntryPoint\",\"urlTemplate\":\"https:\\\/\\\/protech.nu\\\/et\\\/?s={search_term_string}\"},\"query-input\":{\"@type\":\"PropertyValueSpecification\",\"valueRequired\":true,\"valueName\":\"search_term_string\"}}],\"inLanguage\":\"et\"},{\"@type\":\"Organization\",\"@id\":\"https:\\\/\\\/protech.nu\\\/et\\\/#organization\",\"name\":\"MYPOWERTOOLSBOX\",\"alternateName\":\"ProTech\",\"url\":\"https:\\\/\\\/protech.nu\\\/et\\\/\",\"logo\":{\"@type\":\"ImageObject\",\"inLanguage\":\"et\",\"@id\":\"https:\\\/\\\/protech.nu\\\/et\\\/#\\\/schema\\\/logo\\\/image\\\/\",\"url\":\"https:\\\/\\\/2026.protech.nu\\\/wp-content\\\/uploads\\\/2026\\\/02\\\/ProTech.png\",\"contentUrl\":\"https:\\\/\\\/2026.protech.nu\\\/wp-content\\\/uploads\\\/2026\\\/02\\\/ProTech.png\",\"width\":1024,\"height\":1024,\"caption\":\"MYPOWERTOOLSBOX\"},\"image\":{\"@id\":\"https:\\\/\\\/protech.nu\\\/et\\\/#\\\/schema\\\/logo\\\/image\\\/\"},\"sameAs\":[\"https:\\\/\\\/www.facebook.com\\\/Protech.nu\\\/\",\"https:\\\/\\\/www.instagram.com\\\/protech_sweden\\\/\",\"https:\\\/\\\/www.linkedin.com\\\/company\\\/protech-professional-technologies-sweden-ab\\\/\",\"https:\\\/\\\/www.youtube.com\\\/@Protech_nu\"]}]}<\/script>\n<!-- \/ Yoast SEO plugin. -->","yoast_head_json":{"title":"nutikad t\u00f6\u00f6riistad t\u00f6\u00f6stus 4.0","description":"Loe, mis teeb nutikatest t\u00f6\u00f6riistadest (Smart Tools) uue t\u00f6\u00f6stusstandardi. T\u00e4pne momentkontroll, v\u00e4iksem praak, v\u00e4hem \u00fcmbert\u00f6\u00f6tlust ja t\u00e4ielik digitaalse j\u00e4lgitavuse tugi. Valmistu T\u00f6\u00f6stus 4.0 n\u00f5ueteks.","robots":{"index":"index","follow":"follow","max-snippet":"max-snippet:-1","max-image-preview":"max-image-preview:large","max-video-preview":"max-video-preview:-1"},"canonical":"https:\/\/protech.nu\/et\/smart-tools\/","og_locale":"et_EE","og_type":"article","og_title":"nutikad t\u00f6\u00f6riistad t\u00f6\u00f6stus 4.0","og_description":"Loe, mis teeb nutikatest t\u00f6\u00f6riistadest (Smart Tools) uue t\u00f6\u00f6stusstandardi. T\u00e4pne momentkontroll, v\u00e4iksem praak, v\u00e4hem \u00fcmbert\u00f6\u00f6tlust ja t\u00e4ielik digitaalse j\u00e4lgitavuse tugi. Valmistu T\u00f6\u00f6stus 4.0 n\u00f5ueteks.","og_url":"https:\/\/protech.nu\/et\/smart-tools\/","og_site_name":"Protech","article_publisher":"https:\/\/www.facebook.com\/Protech.nu\/","article_modified_time":"2025-12-31T01:20:48+00:00","og_image":[{"width":1024,"height":1024,"url":"https:\/\/protech.nu\/wp-content\/uploads\/2026\/02\/ProTech.png","type":"image\/png"}],"twitter_card":"summary_large_image","twitter_misc":{"Est. reading time":"2 minutit"},"schema":{"@context":"https:\/\/schema.org","@graph":[{"@type":["WebPage","AboutPage"],"@id":"https:\/\/protech.nu\/et\/smart-tools\/","url":"https:\/\/protech.nu\/et\/smart-tools\/","name":"nutikad t\u00f6\u00f6riistad t\u00f6\u00f6stus 4.0","isPartOf":{"@id":"https:\/\/protech.nu\/et\/#website"},"datePublished":"2025-11-30T13:43:38+00:00","dateModified":"2025-12-31T01:20:48+00:00","description":"Loe, mis teeb nutikatest t\u00f6\u00f6riistadest (Smart Tools) uue t\u00f6\u00f6stusstandardi. T\u00e4pne momentkontroll, v\u00e4iksem praak, v\u00e4hem \u00fcmbert\u00f6\u00f6tlust ja t\u00e4ielik digitaalse j\u00e4lgitavuse tugi. Valmistu T\u00f6\u00f6stus 4.0 n\u00f5ueteks.","breadcrumb":{"@id":"https:\/\/protech.nu\/et\/smart-tools\/#breadcrumb"},"inLanguage":"et","potentialAction":[{"@type":"ReadAction","target":["https:\/\/protech.nu\/et\/smart-tools\/"]}]},{"@type":"BreadcrumbList","@id":"https:\/\/protech.nu\/et\/smart-tools\/#breadcrumb","itemListElement":[{"@type":"ListItem","position":1,"name":"Esileht","item":"https:\/\/protech.nu\/et\/"},{"@type":"ListItem","position":2,"name":"Nutikad t\u00f6\u00f6riistad \u2013 T\u00d6\u00d6STUS 4.0"}]},{"@type":"WebSite","@id":"https:\/\/protech.nu\/et\/#website","url":"https:\/\/protech.nu\/et\/","name":"PROTECH","description":"","publisher":{"@id":"https:\/\/protech.nu\/et\/#organization"},"potentialAction":[{"@type":"SearchAction","target":{"@type":"EntryPoint","urlTemplate":"https:\/\/protech.nu\/et\/?s={search_term_string}"},"query-input":{"@type":"PropertyValueSpecification","valueRequired":true,"valueName":"search_term_string"}}],"inLanguage":"et"},{"@type":"Organization","@id":"https:\/\/protech.nu\/et\/#organization","name":"MYPOWERTOOLSBOX","alternateName":"ProTech","url":"https:\/\/protech.nu\/et\/","logo":{"@type":"ImageObject","inLanguage":"et","@id":"https:\/\/protech.nu\/et\/#\/schema\/logo\/image\/","url":"https:\/\/2026.protech.nu\/wp-content\/uploads\/2026\/02\/ProTech.png","contentUrl":"https:\/\/2026.protech.nu\/wp-content\/uploads\/2026\/02\/ProTech.png","width":1024,"height":1024,"caption":"MYPOWERTOOLSBOX"},"image":{"@id":"https:\/\/protech.nu\/et\/#\/schema\/logo\/image\/"},"sameAs":["https:\/\/www.facebook.com\/Protech.nu\/","https:\/\/www.instagram.com\/protech_sweden\/","https:\/\/www.linkedin.com\/company\/protech-professional-technologies-sweden-ab\/","https:\/\/www.youtube.com\/@Protech_nu"]}]}},"_links":{"self":[{"href":"https:\/\/protech.nu\/et\/wp-json\/wp\/v2\/pages\/4036","targetHints":{"allow":["GET"]}}],"collection":[{"href":"https:\/\/protech.nu\/et\/wp-json\/wp\/v2\/pages"}],"about":[{"href":"https:\/\/protech.nu\/et\/wp-json\/wp\/v2\/types\/page"}],"author":[{"embeddable":true,"href":"https:\/\/protech.nu\/et\/wp-json\/wp\/v2\/users\/1"}],"replies":[{"embeddable":true,"href":"https:\/\/protech.nu\/et\/wp-json\/wp\/v2\/comments?post=4036"}],"version-history":[{"count":5,"href":"https:\/\/protech.nu\/et\/wp-json\/wp\/v2\/pages\/4036\/revisions"}],"predecessor-version":[{"id":6563,"href":"https:\/\/protech.nu\/et\/wp-json\/wp\/v2\/pages\/4036\/revisions\/6563"}],"wp:attachment":[{"href":"https:\/\/protech.nu\/et\/wp-json\/wp\/v2\/media?parent=4036"}],"curies":[{"name":"wp","href":"https:\/\/api.w.org\/{rel}","templated":true}]}}