{"id":43,"date":"2025-03-22T22:34:12","date_gmt":"2025-03-22T22:34:12","guid":{"rendered":"https:\/\/protech.nu\/pood\/"},"modified":"2025-08-23T11:08:33","modified_gmt":"2025-08-23T11:08:33","slug":"pood-ingersoll-rand-tooriistad-ja-tarvikud","status":"publish","type":"page","link":"https:\/\/protech.nu\/et\/pood-ingersoll-rand-tooriistad-ja-tarvikud\/","title":{"rendered":"Pood"},"content":{"rendered":"","protected":false},"excerpt":{"rendered":"","protected":false},"author":1,"featured_media":0,"parent":0,"menu_order":0,"comment_status":"closed","ping_status":"closed","template":"","meta":{"_acf_changed":false,"_monsterinsights_skip_tracking":false,"_monsterinsights_sitenote_active":false,"_monsterinsights_sitenote_note":"","_monsterinsights_sitenote_category":0,"_themeisle_gutenberg_block_has_review":false,"footnotes":""},"class_list":["post-43","page","type-page","status-publish","hentry"],"acf":[],"yoast_head":"<!-- This site is optimized with the Yoast SEO plugin v27.4 - https:\/\/yoast.com\/product\/yoast-seo-wordpress\/ -->\n<title>Pood - Protech<\/title>\n<meta name=\"description\" content=\"Tutvu meie valikuga t\u00f6\u00f6stustele: Ingersoll Randi mutrikeerajad, kruvikeerajad, t\u00e4psed t\u00f6\u00f6riistad, mootorid, starterid ja lisatarvikud. Kiire tarne ja professionaalne tugi Eestis, Baltikumis ja Skandinaavias.\" \/>\n<meta name=\"robots\" content=\"index, follow, max-snippet:-1, max-image-preview:large, max-video-preview:-1\" \/>\n<link rel=\"canonical\" href=\"https:\/\/protech.nu\/et\/pood-ingersoll-rand-tooriistad-ja-tarvikud\/\" \/>\n<meta property=\"og:locale\" content=\"et_EE\" \/>\n<meta property=\"og:type\" content=\"article\" \/>\n<meta property=\"og:title\" content=\"Pood - Protech\" \/>\n<meta property=\"og:description\" content=\"Tutvu meie valikuga t\u00f6\u00f6stustele: Ingersoll Randi mutrikeerajad, kruvikeerajad, t\u00e4psed t\u00f6\u00f6riistad, mootorid, starterid ja lisatarvikud. Kiire tarne ja professionaalne tugi Eestis, Baltikumis ja Skandinaavias.\" \/>\n<meta property=\"og:url\" content=\"https:\/\/protech.nu\/et\/pood-ingersoll-rand-tooriistad-ja-tarvikud\/\" \/>\n<meta property=\"og:site_name\" content=\"Protech\" \/>\n<meta property=\"article:publisher\" content=\"https:\/\/www.facebook.com\/Protech.nu\/\" \/>\n<meta property=\"article:modified_time\" content=\"2025-08-23T11:08:33+00:00\" \/>\n<meta property=\"og:image\" content=\"https:\/\/protech.nu\/wp-content\/uploads\/2026\/02\/ProTech.png\" \/>\n\t<meta property=\"og:image:width\" content=\"1024\" \/>\n\t<meta property=\"og:image:height\" content=\"1024\" \/>\n\t<meta property=\"og:image:type\" content=\"image\/png\" \/>\n<meta name=\"twitter:card\" content=\"summary_large_image\" \/>\n<script type=\"application\/ld+json\" class=\"yoast-schema-graph\">{\"@context\":\"https:\\\/\\\/schema.org\",\"@graph\":[{\"@type\":[\"WebPage\",\"AboutPage\"],\"@id\":\"https:\\\/\\\/protech.nu\\\/et\\\/pood-ingersoll-rand-tooriistad-ja-tarvikud\\\/\",\"url\":\"https:\\\/\\\/protech.nu\\\/et\\\/pood-ingersoll-rand-tooriistad-ja-tarvikud\\\/\",\"name\":\"Pood - Protech\",\"isPartOf\":{\"@id\":\"https:\\\/\\\/protech.nu\\\/et\\\/#website\"},\"datePublished\":\"2025-03-22T22:34:12+00:00\",\"dateModified\":\"2025-08-23T11:08:33+00:00\",\"description\":\"Tutvu meie valikuga t\u00f6\u00f6stustele: Ingersoll Randi mutrikeerajad, kruvikeerajad, t\u00e4psed t\u00f6\u00f6riistad, mootorid, starterid ja lisatarvikud. Kiire tarne ja professionaalne tugi Eestis, Baltikumis ja Skandinaavias.\",\"breadcrumb\":{\"@id\":\"https:\\\/\\\/protech.nu\\\/et\\\/pood-ingersoll-rand-tooriistad-ja-tarvikud\\\/#breadcrumb\"},\"inLanguage\":\"et\",\"potentialAction\":[{\"@type\":\"ReadAction\",\"target\":[\"https:\\\/\\\/protech.nu\\\/et\\\/pood-ingersoll-rand-tooriistad-ja-tarvikud\\\/\"]}]},{\"@type\":\"BreadcrumbList\",\"@id\":\"https:\\\/\\\/protech.nu\\\/et\\\/pood-ingersoll-rand-tooriistad-ja-tarvikud\\\/#breadcrumb\",\"itemListElement\":[{\"@type\":\"ListItem\",\"position\":1,\"name\":\"Esileht\",\"item\":\"https:\\\/\\\/protech.nu\\\/et\\\/\"},{\"@type\":\"ListItem\",\"position\":2,\"name\":\"Pood\"}]},{\"@type\":\"WebSite\",\"@id\":\"https:\\\/\\\/protech.nu\\\/et\\\/#website\",\"url\":\"https:\\\/\\\/protech.nu\\\/et\\\/\",\"name\":\"PROTECH\",\"description\":\"\",\"publisher\":{\"@id\":\"https:\\\/\\\/protech.nu\\\/et\\\/#organization\"},\"potentialAction\":[{\"@type\":\"SearchAction\",\"target\":{\"@type\":\"EntryPoint\",\"urlTemplate\":\"https:\\\/\\\/protech.nu\\\/et\\\/?s={search_term_string}\"},\"query-input\":{\"@type\":\"PropertyValueSpecification\",\"valueRequired\":true,\"valueName\":\"search_term_string\"}}],\"inLanguage\":\"et\"},{\"@type\":\"Organization\",\"@id\":\"https:\\\/\\\/protech.nu\\\/et\\\/#organization\",\"name\":\"MYPOWERTOOLSBOX\",\"alternateName\":\"ProTech\",\"url\":\"https:\\\/\\\/protech.nu\\\/et\\\/\",\"logo\":{\"@type\":\"ImageObject\",\"inLanguage\":\"et\",\"@id\":\"https:\\\/\\\/protech.nu\\\/et\\\/#\\\/schema\\\/logo\\\/image\\\/\",\"url\":\"https:\\\/\\\/2026.protech.nu\\\/wp-content\\\/uploads\\\/2026\\\/02\\\/ProTech.png\",\"contentUrl\":\"https:\\\/\\\/2026.protech.nu\\\/wp-content\\\/uploads\\\/2026\\\/02\\\/ProTech.png\",\"width\":1024,\"height\":1024,\"caption\":\"MYPOWERTOOLSBOX\"},\"image\":{\"@id\":\"https:\\\/\\\/protech.nu\\\/et\\\/#\\\/schema\\\/logo\\\/image\\\/\"},\"sameAs\":[\"https:\\\/\\\/www.facebook.com\\\/Protech.nu\\\/\",\"https:\\\/\\\/www.instagram.com\\\/protech_sweden\\\/\",\"https:\\\/\\\/www.linkedin.com\\\/company\\\/protech-professional-technologies-sweden-ab\\\/\",\"https:\\\/\\\/www.youtube.com\\\/@Protech_nu\"]}]}<\/script>\n<!-- \/ Yoast SEO plugin. -->","yoast_head_json":{"title":"Pood - Protech","description":"Tutvu meie valikuga t\u00f6\u00f6stustele: Ingersoll Randi mutrikeerajad, kruvikeerajad, t\u00e4psed t\u00f6\u00f6riistad, mootorid, starterid ja lisatarvikud. Kiire tarne ja professionaalne tugi Eestis, Baltikumis ja Skandinaavias.","robots":{"index":"index","follow":"follow","max-snippet":"max-snippet:-1","max-image-preview":"max-image-preview:large","max-video-preview":"max-video-preview:-1"},"canonical":"https:\/\/protech.nu\/et\/pood-ingersoll-rand-tooriistad-ja-tarvikud\/","og_locale":"et_EE","og_type":"article","og_title":"Pood - Protech","og_description":"Tutvu meie valikuga t\u00f6\u00f6stustele: Ingersoll Randi mutrikeerajad, kruvikeerajad, t\u00e4psed t\u00f6\u00f6riistad, mootorid, starterid ja lisatarvikud. Kiire tarne ja professionaalne tugi Eestis, Baltikumis ja Skandinaavias.","og_url":"https:\/\/protech.nu\/et\/pood-ingersoll-rand-tooriistad-ja-tarvikud\/","og_site_name":"Protech","article_publisher":"https:\/\/www.facebook.com\/Protech.nu\/","article_modified_time":"2025-08-23T11:08:33+00:00","og_image":[{"width":1024,"height":1024,"url":"https:\/\/protech.nu\/wp-content\/uploads\/2026\/02\/ProTech.png","type":"image\/png"}],"twitter_card":"summary_large_image","schema":{"@context":"https:\/\/schema.org","@graph":[{"@type":["WebPage","AboutPage"],"@id":"https:\/\/protech.nu\/et\/pood-ingersoll-rand-tooriistad-ja-tarvikud\/","url":"https:\/\/protech.nu\/et\/pood-ingersoll-rand-tooriistad-ja-tarvikud\/","name":"Pood - Protech","isPartOf":{"@id":"https:\/\/protech.nu\/et\/#website"},"datePublished":"2025-03-22T22:34:12+00:00","dateModified":"2025-08-23T11:08:33+00:00","description":"Tutvu meie valikuga t\u00f6\u00f6stustele: Ingersoll Randi mutrikeerajad, kruvikeerajad, t\u00e4psed t\u00f6\u00f6riistad, mootorid, starterid ja lisatarvikud. Kiire tarne ja professionaalne tugi Eestis, Baltikumis ja Skandinaavias.","breadcrumb":{"@id":"https:\/\/protech.nu\/et\/pood-ingersoll-rand-tooriistad-ja-tarvikud\/#breadcrumb"},"inLanguage":"et","potentialAction":[{"@type":"ReadAction","target":["https:\/\/protech.nu\/et\/pood-ingersoll-rand-tooriistad-ja-tarvikud\/"]}]},{"@type":"BreadcrumbList","@id":"https:\/\/protech.nu\/et\/pood-ingersoll-rand-tooriistad-ja-tarvikud\/#breadcrumb","itemListElement":[{"@type":"ListItem","position":1,"name":"Esileht","item":"https:\/\/protech.nu\/et\/"},{"@type":"ListItem","position":2,"name":"Pood"}]},{"@type":"WebSite","@id":"https:\/\/protech.nu\/et\/#website","url":"https:\/\/protech.nu\/et\/","name":"PROTECH","description":"","publisher":{"@id":"https:\/\/protech.nu\/et\/#organization"},"potentialAction":[{"@type":"SearchAction","target":{"@type":"EntryPoint","urlTemplate":"https:\/\/protech.nu\/et\/?s={search_term_string}"},"query-input":{"@type":"PropertyValueSpecification","valueRequired":true,"valueName":"search_term_string"}}],"inLanguage":"et"},{"@type":"Organization","@id":"https:\/\/protech.nu\/et\/#organization","name":"MYPOWERTOOLSBOX","alternateName":"ProTech","url":"https:\/\/protech.nu\/et\/","logo":{"@type":"ImageObject","inLanguage":"et","@id":"https:\/\/protech.nu\/et\/#\/schema\/logo\/image\/","url":"https:\/\/2026.protech.nu\/wp-content\/uploads\/2026\/02\/ProTech.png","contentUrl":"https:\/\/2026.protech.nu\/wp-content\/uploads\/2026\/02\/ProTech.png","width":1024,"height":1024,"caption":"MYPOWERTOOLSBOX"},"image":{"@id":"https:\/\/protech.nu\/et\/#\/schema\/logo\/image\/"},"sameAs":["https:\/\/www.facebook.com\/Protech.nu\/","https:\/\/www.instagram.com\/protech_sweden\/","https:\/\/www.linkedin.com\/company\/protech-professional-technologies-sweden-ab\/","https:\/\/www.youtube.com\/@Protech_nu"]}]}},"_links":{"self":[{"href":"https:\/\/protech.nu\/et\/wp-json\/wp\/v2\/pages\/43","targetHints":{"allow":["GET"]}}],"collection":[{"href":"https:\/\/protech.nu\/et\/wp-json\/wp\/v2\/pages"}],"about":[{"href":"https:\/\/protech.nu\/et\/wp-json\/wp\/v2\/types\/page"}],"author":[{"embeddable":true,"href":"https:\/\/protech.nu\/et\/wp-json\/wp\/v2\/users\/1"}],"replies":[{"embeddable":true,"href":"https:\/\/protech.nu\/et\/wp-json\/wp\/v2\/comments?post=43"}],"version-history":[{"count":2,"href":"https:\/\/protech.nu\/et\/wp-json\/wp\/v2\/pages\/43\/revisions"}],"predecessor-version":[{"id":419,"href":"https:\/\/protech.nu\/et\/wp-json\/wp\/v2\/pages\/43\/revisions\/419"}],"wp:attachment":[{"href":"https:\/\/protech.nu\/et\/wp-json\/wp\/v2\/media?parent=43"}],"curies":[{"name":"wp","href":"https:\/\/api.w.org\/{rel}","templated":true}]}}