{"id":6341,"date":"2026-01-15T15:44:34","date_gmt":"2026-01-15T14:44:34","guid":{"rendered":"https:\/\/protech.nu\/?page_id=6341"},"modified":"2026-03-15T22:44:47","modified_gmt":"2026-03-15T21:44:47","slug":"meist","status":"publish","type":"page","link":"https:\/\/protech.nu\/et\/meist\/","title":{"rendered":"Meist"},"content":{"rendered":"<section class=\"protech-about\" style=\"max-width: 900px; margin: 0 auto;\">\n<p><!-- LOGO --><\/p>\n<div class=\"protech-about-logo\" style=\"text-align: center; margin: 10px 0 30px 0;\"><img fetchpriority=\"high\" decoding=\"async\" class=\"size-full wp-image-6130 alignleft\" src=\"https:\/\/protech.nu\/wp-content\/uploads\/2026\/01\/cropped-3039344f-dba9-4168-b8d7-ff9fa42b7fe1.jpeg\" alt=\"\" width=\"493\" height=\"250\" srcset=\"https:\/\/protech.nu\/wp-content\/uploads\/2026\/01\/cropped-3039344f-dba9-4168-b8d7-ff9fa42b7fe1.jpeg 493w, https:\/\/protech.nu\/wp-content\/uploads\/2026\/01\/cropped-3039344f-dba9-4168-b8d7-ff9fa42b7fe1-300x152.jpeg 300w, https:\/\/protech.nu\/wp-content\/uploads\/2026\/01\/cropped-3039344f-dba9-4168-b8d7-ff9fa42b7fe1-18x9.jpeg 18w\" sizes=\"(max-width: 493px) 100vw, 493px\" \/><\/div>\n<p><!-- INTRO --><\/p>\n<p><strong>Professional Technologies Sweden AB (ProTech)<\/strong> on t\u00f6\u00f6stuslike t\u00f6\u00f6riistade ja teenuste ettev\u00f5te, mis keskendub kvaliteetsetele lahendustele tootmis-, <span style=\"font-size: revert;\">hooldus- ja t\u00f6\u00f6stusettev\u00f5tetele. Meie peakontor asub Rootsi l\u00e4\u00e4nerannikul <\/span><strong style=\"font-size: revert;\">Stenungsundis<\/strong><span style=\"font-size: revert;\">, m\u00f5ni k\u00fcmnend kilomeetrit G\u00f6teborgist p\u00f5hja pool, ning teenindame kliente \u00fcle kogu Rootsi.<\/span><\/p>\n<p>ProTechi tugevus seisneb s\u00fcgavas tehnilises kompetentsis, pikaajalises kogemuses ning tihedas koost\u00f6\u00f6s juhtivate t\u00f6\u00f6stusbr\u00e4ndidega.<\/p>\n<hr style=\"margin: 28px 0;\" \/>\n<p><!-- HISTORY --><\/p>\n<h3>Meie ajalugu ja areng<\/h3>\n<ul style=\"margin-top: 12px;\">\n<li><strong>2006<\/strong> \u2013 ProTech alustas tegevust, kui Ingersoll Rand palus meil v\u00f5tta \u00fcle suru\u00f5hul t\u00f6\u00f6tavate starterite m\u00fc\u00fck ja teenindus Volvo Penta rakendustele. Samal perioodil alustasime ka Ingersoll Randi \u00f5humootorite m\u00fc\u00fcgiga ning viisime l\u00f5pule kvaliteedi- ja keskkonnajuhtimiss\u00fcsteemide sertifitseerimise.<\/li>\n<li><strong>2008<\/strong> \u2013 Kolime paremini sobivatesse ruumidesse Munker\u00f6di piirkonnas Stenungsundis ning saame ligip\u00e4\u00e4su kogu Ingersoll Randi tooteportfellile.<\/li>\n<li><strong>2010<\/strong> \u2013 Laiendame teenindustegevust, palkame t\u00e4iendava spetsialisti ning investeerime momendiv\u00f5tmete kalibreerimisseadmetesse. Alustame ka Stahlwille ja Simson toodete edasim\u00fc\u00fcki.<\/li>\n<li><strong>2011<\/strong> \u2013 Palkame t\u00e4iendava spetsialisti ning avame t\u00f6\u00f6koja Sk\u00f6vdes.<\/li>\n<li><strong>2012<\/strong> \u2013 Laiendame valikut ning s\u00f5lmime edasim\u00fc\u00fcgi- ja koost\u00f6\u00f6lepinguid mitmete t\u00f6\u00f6stuspartneritega.<\/li>\n<li><strong>2013<\/strong> \u2013 Omandame Sk\u00f6vdes t\u00e4iendava tegevuse, mis toob kaasa uued ruumid ja lisanduva kompetentsi.<\/li>\n<li><strong>2015<\/strong> \u2013 Teeme strateegilise otsuse keskenduda oma p\u00f5hitugevustele ning m\u00fc\u00fcme h\u00fcdraulika\u00fcksuse.<\/li>\n<li><strong>2016<\/strong> \u2013 Sk\u00f6vde tegevus m\u00fc\u00fcakse Svets och Materialteknik i Skaraborg AB-le. Fookus ja investeeringud koonduvad Stenungsundi keskusesse.<\/li>\n<li><strong>2018<\/strong> \u2013 S\u00f5lmime \u00fcleriigilise koost\u00f6\u00f6lepingu RECNormiga, mis on Rootsis oluline tarvikute ja kinnitusvahendite tarnija t\u00f6\u00f6stusele ja hooldusele.<\/li>\n<\/ul>\n<hr style=\"margin: 28px 0;\" \/>\n<p><!-- NEW ERA --><\/p>\n<h3>Uus etapp alates 2026. aastast<\/h3>\n<p><strong>1. jaanuaril 2026<\/strong> liitus ProTechiga osanikuna <strong>Andrus Paabusk<\/strong>, tuues ettev\u00f5ttesse enam kui <strong>20 aastat kogemust<\/strong> Ingersoll Randi toodete, tehniliste lahenduste ja rahvusvahelise m\u00fc\u00fcgi valdkonnas.<\/p>\n<p>See samm tugevdab ProTechi positsiooni eelk\u00f5ige:<\/p>\n<ul>\n<li>t\u00f6\u00f6stuslike t\u00f6\u00f6riistade tehnilise kompetentsi osas,<\/li>\n<li>keerukate kliendirakenduste n\u00f5ustamises,<\/li>\n<li>kvaliteedi, j\u00e4lgitavuse ja protsessip\u00f5histe lahenduste pakkumisel.<\/li>\n<\/ul>\n<p>Meie eesm\u00e4rk on luua tugev alus ProTechi edasiseks kasvuks ning pikaajaliseks partnerluseks t\u00f6\u00f6stusklientidega Rootsis ja l\u00e4hiregioonides.<\/p>\n<hr style=\"margin: 28px 0;\" \/>\n<p><!-- TODAY --><\/p>\n<h3>Meie fookus t\u00e4na<\/h3>\n<p>T\u00e4na keskendub ProTech:<\/p>\n<ul>\n<li>t\u00f6\u00f6stuslike t\u00f6\u00f6riistade m\u00fc\u00fcgile ja hooldusele,<\/li>\n<li>kalibreerimis- ja kvaliteediteenustele,<\/li>\n<li>pikaajalistele koost\u00f6\u00f6suhetele professionaalsete klientidega.<\/li>\n<\/ul>\n<p>Meie eesm\u00e4rk on olla <strong>usaldusv\u00e4\u00e4rne ja tehniliselt p\u00e4dev partner<\/strong>, kes aitab klientidel parandada t\u00f6\u00f6kindlust, kvaliteeti ja efektiivsust.<\/p>\n<\/section>\n\n\n<figure class=\"wp-block-image size-full is-resized\"><img decoding=\"async\" width=\"125\" height=\"60\" src=\"https:\/\/protech.nu\/wp-content\/uploads\/2026\/01\/Picture1.jpg\" alt=\"\" class=\"wp-image-6113\" style=\"aspect-ratio:2.083482676224612;width:275px;height:auto\" srcset=\"https:\/\/protech.nu\/wp-content\/uploads\/2026\/01\/Picture1.jpg 125w, https:\/\/protech.nu\/wp-content\/uploads\/2026\/01\/Picture1-18x9.jpg 18w\" sizes=\"(max-width: 125px) 100vw, 125px\" \/><\/figure>\n\n\n\n<p><\/p>\n","protected":false},"excerpt":{"rendered":"<p>Professional Technologies Sweden AB (ProTech) on t\u00f6\u00f6stuslike t\u00f6\u00f6riistade ja teenuste ettev\u00f5te, mis keskendub kvaliteetsetele lahendustele tootmis-, hooldus- ja t\u00f6\u00f6stusettev\u00f5tetele. Meie peakontor asub Rootsi l\u00e4\u00e4nerannikul Stenungsundis, m\u00f5ni k\u00fcmnend kilomeetrit G\u00f6teborgist p\u00f5hja pool, ning teenindame kliente \u00fcle kogu Rootsi. ProTechi tugevus seisneb s\u00fcgavas tehnilises kompetentsis, pikaajalises kogemuses ning tihedas koost\u00f6\u00f6s juhtivate t\u00f6\u00f6stusbr\u00e4ndidega. Meie ajalugu ja areng 2006 [&hellip;]<\/p>\n","protected":false},"author":1,"featured_media":0,"parent":0,"menu_order":0,"comment_status":"closed","ping_status":"closed","template":"","meta":{"_acf_changed":false,"_monsterinsights_skip_tracking":false,"_monsterinsights_sitenote_active":false,"_monsterinsights_sitenote_note":"","_monsterinsights_sitenote_category":0,"_themeisle_gutenberg_block_has_review":false,"footnotes":""},"class_list":["post-6341","page","type-page","status-publish","hentry"],"acf":[],"yoast_head":"<!-- This site is optimized with the Yoast SEO plugin v27.4 - https:\/\/yoast.com\/product\/yoast-seo-wordpress\/ -->\n<title>Meist \u2013 Professional Technologies Sweden AB | ProTech<\/title>\n<meta name=\"description\" content=\"Professional Technologies Sweden AB (ProTech) on Rootsi t\u00f6\u00f6stuslike t\u00f6\u00f6riistade ja teenuste ettev\u00f5te. Pakume t\u00f6\u00f6stuslike t\u00f6\u00f6riistade m\u00fc\u00fcki, hooldust ja kalibreerimislahendusi tootmis-, hooldus- ja t\u00f6\u00f6stusettev\u00f5tetele \u00fcle kogu Rootsi.\" \/>\n<meta name=\"robots\" content=\"index, follow, max-snippet:-1, max-image-preview:large, max-video-preview:-1\" \/>\n<link rel=\"canonical\" href=\"https:\/\/protech.nu\/et\/meist\/\" \/>\n<meta property=\"og:locale\" content=\"et_EE\" \/>\n<meta property=\"og:type\" content=\"article\" \/>\n<meta property=\"og:title\" content=\"Meist \u2013 Professional Technologies Sweden AB | ProTech\" \/>\n<meta property=\"og:description\" content=\"Professional Technologies Sweden AB (ProTech) on Rootsi t\u00f6\u00f6stuslike t\u00f6\u00f6riistade ja teenuste ettev\u00f5te. Pakume t\u00f6\u00f6stuslike t\u00f6\u00f6riistade m\u00fc\u00fcki, hooldust ja kalibreerimislahendusi tootmis-, hooldus- ja t\u00f6\u00f6stusettev\u00f5tetele \u00fcle kogu Rootsi.\" \/>\n<meta property=\"og:url\" content=\"https:\/\/protech.nu\/et\/meist\/\" \/>\n<meta property=\"og:site_name\" content=\"Protech\" \/>\n<meta property=\"article:publisher\" content=\"https:\/\/www.facebook.com\/Protech.nu\/\" \/>\n<meta property=\"article:modified_time\" content=\"2026-03-15T21:44:47+00:00\" \/>\n<meta property=\"og:image\" content=\"https:\/\/protech.nu\/wp-content\/uploads\/2026\/01\/cropped-3039344f-dba9-4168-b8d7-ff9fa42b7fe1.jpeg\" \/>\n\t<meta property=\"og:image:width\" content=\"493\" \/>\n\t<meta property=\"og:image:height\" content=\"250\" \/>\n\t<meta property=\"og:image:type\" content=\"image\/jpeg\" \/>\n<meta name=\"twitter:card\" content=\"summary_large_image\" \/>\n<meta name=\"twitter:label1\" content=\"Est. reading time\" \/>\n\t<meta name=\"twitter:data1\" content=\"2 minutit\" \/>\n<script type=\"application\/ld+json\" class=\"yoast-schema-graph\">{\"@context\":\"https:\\\/\\\/schema.org\",\"@graph\":[{\"@type\":[\"WebPage\",\"AboutPage\"],\"@id\":\"https:\\\/\\\/protech.nu\\\/et\\\/meist\\\/\",\"url\":\"https:\\\/\\\/protech.nu\\\/et\\\/meist\\\/\",\"name\":\"Meist \u2013 Professional Technologies Sweden AB | ProTech\",\"isPartOf\":{\"@id\":\"https:\\\/\\\/protech.nu\\\/et\\\/#website\"},\"primaryImageOfPage\":{\"@id\":\"https:\\\/\\\/protech.nu\\\/et\\\/meist\\\/#primaryimage\"},\"image\":{\"@id\":\"https:\\\/\\\/protech.nu\\\/et\\\/meist\\\/#primaryimage\"},\"thumbnailUrl\":\"https:\\\/\\\/2026.protech.nu\\\/wp-content\\\/uploads\\\/2026\\\/01\\\/cropped-3039344f-dba9-4168-b8d7-ff9fa42b7fe1.jpeg\",\"datePublished\":\"2026-01-15T14:44:34+00:00\",\"dateModified\":\"2026-03-15T21:44:47+00:00\",\"description\":\"Professional Technologies Sweden AB (ProTech) on Rootsi t\u00f6\u00f6stuslike t\u00f6\u00f6riistade ja teenuste ettev\u00f5te. Pakume t\u00f6\u00f6stuslike t\u00f6\u00f6riistade m\u00fc\u00fcki, hooldust ja kalibreerimislahendusi tootmis-, hooldus- ja t\u00f6\u00f6stusettev\u00f5tetele \u00fcle kogu Rootsi.\",\"breadcrumb\":{\"@id\":\"https:\\\/\\\/protech.nu\\\/et\\\/meist\\\/#breadcrumb\"},\"inLanguage\":\"et\",\"potentialAction\":[{\"@type\":\"ReadAction\",\"target\":[\"https:\\\/\\\/protech.nu\\\/et\\\/meist\\\/\"]}]},{\"@type\":\"ImageObject\",\"inLanguage\":\"et\",\"@id\":\"https:\\\/\\\/protech.nu\\\/et\\\/meist\\\/#primaryimage\",\"url\":\"https:\\\/\\\/2026.protech.nu\\\/wp-content\\\/uploads\\\/2026\\\/01\\\/cropped-3039344f-dba9-4168-b8d7-ff9fa42b7fe1.jpeg\",\"contentUrl\":\"https:\\\/\\\/2026.protech.nu\\\/wp-content\\\/uploads\\\/2026\\\/01\\\/cropped-3039344f-dba9-4168-b8d7-ff9fa42b7fe1.jpeg\"},{\"@type\":\"BreadcrumbList\",\"@id\":\"https:\\\/\\\/protech.nu\\\/et\\\/meist\\\/#breadcrumb\",\"itemListElement\":[{\"@type\":\"ListItem\",\"position\":1,\"name\":\"Esileht\",\"item\":\"https:\\\/\\\/protech.nu\\\/et\\\/\"},{\"@type\":\"ListItem\",\"position\":2,\"name\":\"Meist\"}]},{\"@type\":\"WebSite\",\"@id\":\"https:\\\/\\\/protech.nu\\\/et\\\/#website\",\"url\":\"https:\\\/\\\/protech.nu\\\/et\\\/\",\"name\":\"PROTECH\",\"description\":\"\",\"publisher\":{\"@id\":\"https:\\\/\\\/protech.nu\\\/et\\\/#organization\"},\"potentialAction\":[{\"@type\":\"SearchAction\",\"target\":{\"@type\":\"EntryPoint\",\"urlTemplate\":\"https:\\\/\\\/protech.nu\\\/et\\\/?s={search_term_string}\"},\"query-input\":{\"@type\":\"PropertyValueSpecification\",\"valueRequired\":true,\"valueName\":\"search_term_string\"}}],\"inLanguage\":\"et\"},{\"@type\":\"Organization\",\"@id\":\"https:\\\/\\\/protech.nu\\\/et\\\/#organization\",\"name\":\"MYPOWERTOOLSBOX\",\"alternateName\":\"ProTech\",\"url\":\"https:\\\/\\\/protech.nu\\\/et\\\/\",\"logo\":{\"@type\":\"ImageObject\",\"inLanguage\":\"et\",\"@id\":\"https:\\\/\\\/protech.nu\\\/et\\\/#\\\/schema\\\/logo\\\/image\\\/\",\"url\":\"https:\\\/\\\/2026.protech.nu\\\/wp-content\\\/uploads\\\/2026\\\/02\\\/ProTech.png\",\"contentUrl\":\"https:\\\/\\\/2026.protech.nu\\\/wp-content\\\/uploads\\\/2026\\\/02\\\/ProTech.png\",\"width\":1024,\"height\":1024,\"caption\":\"MYPOWERTOOLSBOX\"},\"image\":{\"@id\":\"https:\\\/\\\/protech.nu\\\/et\\\/#\\\/schema\\\/logo\\\/image\\\/\"},\"sameAs\":[\"https:\\\/\\\/www.facebook.com\\\/Protech.nu\\\/\",\"https:\\\/\\\/www.instagram.com\\\/protech_sweden\\\/\",\"https:\\\/\\\/www.linkedin.com\\\/company\\\/protech-professional-technologies-sweden-ab\\\/\",\"https:\\\/\\\/www.youtube.com\\\/@Protech_nu\"]}]}<\/script>\n<!-- \/ Yoast SEO plugin. -->","yoast_head_json":{"title":"Meist \u2013 Professional Technologies Sweden AB | ProTech","description":"Professional Technologies Sweden AB (ProTech) on Rootsi t\u00f6\u00f6stuslike t\u00f6\u00f6riistade ja teenuste ettev\u00f5te. Pakume t\u00f6\u00f6stuslike t\u00f6\u00f6riistade m\u00fc\u00fcki, hooldust ja kalibreerimislahendusi tootmis-, hooldus- ja t\u00f6\u00f6stusettev\u00f5tetele \u00fcle kogu Rootsi.","robots":{"index":"index","follow":"follow","max-snippet":"max-snippet:-1","max-image-preview":"max-image-preview:large","max-video-preview":"max-video-preview:-1"},"canonical":"https:\/\/protech.nu\/et\/meist\/","og_locale":"et_EE","og_type":"article","og_title":"Meist \u2013 Professional Technologies Sweden AB | ProTech","og_description":"Professional Technologies Sweden AB (ProTech) on Rootsi t\u00f6\u00f6stuslike t\u00f6\u00f6riistade ja teenuste ettev\u00f5te. Pakume t\u00f6\u00f6stuslike t\u00f6\u00f6riistade m\u00fc\u00fcki, hooldust ja kalibreerimislahendusi tootmis-, hooldus- ja t\u00f6\u00f6stusettev\u00f5tetele \u00fcle kogu Rootsi.","og_url":"https:\/\/protech.nu\/et\/meist\/","og_site_name":"Protech","article_publisher":"https:\/\/www.facebook.com\/Protech.nu\/","article_modified_time":"2026-03-15T21:44:47+00:00","og_image":[{"width":493,"height":250,"url":"https:\/\/protech.nu\/wp-content\/uploads\/2026\/01\/cropped-3039344f-dba9-4168-b8d7-ff9fa42b7fe1.jpeg","type":"image\/jpeg"}],"twitter_card":"summary_large_image","twitter_misc":{"Est. reading time":"2 minutit"},"schema":{"@context":"https:\/\/schema.org","@graph":[{"@type":["WebPage","AboutPage"],"@id":"https:\/\/protech.nu\/et\/meist\/","url":"https:\/\/protech.nu\/et\/meist\/","name":"Meist \u2013 Professional Technologies Sweden AB | ProTech","isPartOf":{"@id":"https:\/\/protech.nu\/et\/#website"},"primaryImageOfPage":{"@id":"https:\/\/protech.nu\/et\/meist\/#primaryimage"},"image":{"@id":"https:\/\/protech.nu\/et\/meist\/#primaryimage"},"thumbnailUrl":"https:\/\/2026.protech.nu\/wp-content\/uploads\/2026\/01\/cropped-3039344f-dba9-4168-b8d7-ff9fa42b7fe1.jpeg","datePublished":"2026-01-15T14:44:34+00:00","dateModified":"2026-03-15T21:44:47+00:00","description":"Professional Technologies Sweden AB (ProTech) on Rootsi t\u00f6\u00f6stuslike t\u00f6\u00f6riistade ja teenuste ettev\u00f5te. Pakume t\u00f6\u00f6stuslike t\u00f6\u00f6riistade m\u00fc\u00fcki, hooldust ja kalibreerimislahendusi tootmis-, hooldus- ja t\u00f6\u00f6stusettev\u00f5tetele \u00fcle kogu Rootsi.","breadcrumb":{"@id":"https:\/\/protech.nu\/et\/meist\/#breadcrumb"},"inLanguage":"et","potentialAction":[{"@type":"ReadAction","target":["https:\/\/protech.nu\/et\/meist\/"]}]},{"@type":"ImageObject","inLanguage":"et","@id":"https:\/\/protech.nu\/et\/meist\/#primaryimage","url":"https:\/\/2026.protech.nu\/wp-content\/uploads\/2026\/01\/cropped-3039344f-dba9-4168-b8d7-ff9fa42b7fe1.jpeg","contentUrl":"https:\/\/2026.protech.nu\/wp-content\/uploads\/2026\/01\/cropped-3039344f-dba9-4168-b8d7-ff9fa42b7fe1.jpeg"},{"@type":"BreadcrumbList","@id":"https:\/\/protech.nu\/et\/meist\/#breadcrumb","itemListElement":[{"@type":"ListItem","position":1,"name":"Esileht","item":"https:\/\/protech.nu\/et\/"},{"@type":"ListItem","position":2,"name":"Meist"}]},{"@type":"WebSite","@id":"https:\/\/protech.nu\/et\/#website","url":"https:\/\/protech.nu\/et\/","name":"PROTECH","description":"","publisher":{"@id":"https:\/\/protech.nu\/et\/#organization"},"potentialAction":[{"@type":"SearchAction","target":{"@type":"EntryPoint","urlTemplate":"https:\/\/protech.nu\/et\/?s={search_term_string}"},"query-input":{"@type":"PropertyValueSpecification","valueRequired":true,"valueName":"search_term_string"}}],"inLanguage":"et"},{"@type":"Organization","@id":"https:\/\/protech.nu\/et\/#organization","name":"MYPOWERTOOLSBOX","alternateName":"ProTech","url":"https:\/\/protech.nu\/et\/","logo":{"@type":"ImageObject","inLanguage":"et","@id":"https:\/\/protech.nu\/et\/#\/schema\/logo\/image\/","url":"https:\/\/2026.protech.nu\/wp-content\/uploads\/2026\/02\/ProTech.png","contentUrl":"https:\/\/2026.protech.nu\/wp-content\/uploads\/2026\/02\/ProTech.png","width":1024,"height":1024,"caption":"MYPOWERTOOLSBOX"},"image":{"@id":"https:\/\/protech.nu\/et\/#\/schema\/logo\/image\/"},"sameAs":["https:\/\/www.facebook.com\/Protech.nu\/","https:\/\/www.instagram.com\/protech_sweden\/","https:\/\/www.linkedin.com\/company\/protech-professional-technologies-sweden-ab\/","https:\/\/www.youtube.com\/@Protech_nu"]}]}},"_links":{"self":[{"href":"https:\/\/protech.nu\/et\/wp-json\/wp\/v2\/pages\/6341","targetHints":{"allow":["GET"]}}],"collection":[{"href":"https:\/\/protech.nu\/et\/wp-json\/wp\/v2\/pages"}],"about":[{"href":"https:\/\/protech.nu\/et\/wp-json\/wp\/v2\/types\/page"}],"author":[{"embeddable":true,"href":"https:\/\/protech.nu\/et\/wp-json\/wp\/v2\/users\/1"}],"replies":[{"embeddable":true,"href":"https:\/\/protech.nu\/et\/wp-json\/wp\/v2\/comments?post=6341"}],"version-history":[{"count":9,"href":"https:\/\/protech.nu\/et\/wp-json\/wp\/v2\/pages\/6341\/revisions"}],"predecessor-version":[{"id":8651,"href":"https:\/\/protech.nu\/et\/wp-json\/wp\/v2\/pages\/6341\/revisions\/8651"}],"wp:attachment":[{"href":"https:\/\/protech.nu\/et\/wp-json\/wp\/v2\/media?parent=6341"}],"curies":[{"name":"wp","href":"https:\/\/api.w.org\/{rel}","templated":true}]}}