{"id":261,"date":"2025-08-22T08:04:27","date_gmt":"2025-08-22T08:04:27","guid":{"rendered":"https:\/\/protech.nu\/?post_type=product&#038;p=261"},"modified":"2025-09-26T07:44:20","modified_gmt":"2025-09-26T07:44:20","slug":"ingersoll-rand-suruohustarterid-abimootorid","status":"publish","type":"product","link":"https:\/\/protech.nu\/et\/produkt\/ingersoll-rand-suruohustarterid-abimootorid\/","title":{"rendered":"Suru\u00f5hup\u00f6\u00f6rdeajam -B006PVR374-03-51PH"},"content":{"rendered":"<p data-start=\"262\" data-end=\"643\"><strong data-start=\"262\" data-end=\"299\">Ingersoll Rand B006PVR374-03-51PH<\/strong> on tugev pneumaatiline p\u00f6\u00f6rdeajam, m\u00f5eldud diisel- ja gaasimootorite hooldusprotsesside h\u00f5lbustamiseks. See seade v\u00f5imaldab mootorit aeglaselt p\u00f6\u00f6rata, reguleerida klapid, teha sidurid ja muud hooldust\u00f6\u00f6d turvaliselt, kontrollitud viisil. T\u00e4nu t\u00e4psele juhtimisele ja p\u00f6\u00f6ratavale vane-mootorile saab kasutada \u00fcksi, mis s\u00e4\u00e4stab aega ja t\u00f6\u00f6j\u00f5udu.<\/p>\n<h3 data-start=\"645\" data-end=\"667\">Peamised omadused:<\/h3>\n<div class=\"_tableContainer_1rjym_1\">\n<div class=\"group w-fit _tableWrapper_1rjym_13 flex flex-col-reverse\" tabindex=\"-1\">\n<table class=\"w-fit min-w-(--thread-content-width)\" data-start=\"669\" data-end=\"1461\">\n<thead data-start=\"669\" data-end=\"693\">\n<tr data-start=\"669\" data-end=\"693\">\n<th data-start=\"669\" data-end=\"682\" data-col-size=\"sm\">Parameeter<\/th>\n<th data-start=\"682\" data-end=\"693\" data-col-size=\"lg\">V\u00e4\u00e4rtus<\/th>\n<\/tr>\n<\/thead>\n<tbody data-start=\"719\" data-end=\"1461\">\n<tr data-start=\"719\" data-end=\"823\">\n<td data-start=\"719\" data-end=\"753\" data-col-size=\"sm\">P\u00f6\u00f6rdemoment (breakaway torque)<\/td>\n<td data-col-size=\"lg\" data-start=\"753\" data-end=\"823\"><strong data-start=\"773\" data-end=\"783\">207 Nm<\/strong><\/td>\n<\/tr>\n<tr data-start=\"824\" data-end=\"900\">\n<td data-start=\"824\" data-end=\"840\" data-col-size=\"sm\">\u00d5hur\u00f5hk t\u00f6\u00f6ks<\/td>\n<td data-col-size=\"lg\" data-start=\"840\" data-end=\"900\"><strong data-start=\"851\" data-end=\"860\">6 bar<\/strong><\/td>\n<\/tr>\n<tr data-start=\"901\" data-end=\"992\">\n<td data-start=\"901\" data-end=\"940\" data-col-size=\"sm\">P\u00f6\u00f6rlemiskiirus maksimaalse paindega<\/td>\n<td data-start=\"940\" data-end=\"992\" data-col-size=\"lg\"><strong data-start=\"942\" data-end=\"952\">23 p\/min<\/strong><\/td>\n<\/tr>\n<tr data-start=\"993\" data-end=\"1165\">\n<td data-start=\"993\" data-end=\"1002\" data-col-size=\"sm\">Kaal<\/td>\n<td data-start=\"1002\" data-end=\"1165\" data-col-size=\"lg\">11,3 kg) versioonides, kus on lisatud riputusjuhe ja tarvikud; baaskaal ilma nendeta 8,6 kg<\/td>\n<\/tr>\n<tr data-start=\"1166\" data-end=\"1254\">\n<td data-start=\"1166\" data-end=\"1182\" data-col-size=\"sm\">Flants suurus<\/td>\n<td data-col-size=\"lg\" data-start=\"1182\" data-end=\"1254\">\u00a003 flantsi versioon<\/td>\n<\/tr>\n<tr data-start=\"1255\" data-end=\"1360\">\n<td data-start=\"1255\" data-end=\"1280\" data-col-size=\"sm\">Pinjonhammasratas<\/td>\n<td data-start=\"1280\" data-end=\"1360\" data-col-size=\"lg\">Hammasratta mudel \u00a051<\/td>\n<\/tr>\n<tr data-start=\"1361\" data-end=\"1461\">\n<td data-start=\"1361\" data-end=\"1373\" data-col-size=\"sm\">Juhtimine<\/td>\n<td data-start=\"1373\" data-end=\"1461\" data-col-size=\"lg\">Revers-labamootor<\/td>\n<\/tr>\n<\/tbody>\n<\/table>\n<\/div>\n<\/div>\n<h3 data-start=\"1463\" data-end=\"1492\">Kus ja milleks kasutusel:<\/h3>\n<ul data-start=\"1494\" data-end=\"1900\">\n<li data-start=\"1494\" data-end=\"1634\">\n<p data-start=\"1496\" data-end=\"1634\">Sobib <strong data-start=\"1502\" data-end=\"1542\">diiselmootoritele kuni ~100 liitrini<\/strong> ja <strong data-start=\"1546\" data-end=\"1584\">gaasmootoritele kuni ~200 liitrini<\/strong> t\u00f6\u00f6mahult<\/p>\n<\/li>\n<li data-start=\"1635\" data-end=\"1735\">\n<p data-start=\"1637\" data-end=\"1735\">Hooldust\u00f6\u00f6deks \u2013 klappide korrigeerimine, sidurite kalibreerimine, k\u00e4ivituskomponentide kontroll<\/p>\n<\/li>\n<li data-start=\"1736\" data-end=\"1900\">\n<p data-start=\"1738\" data-end=\"1900\">V\u00f5imalik kasutada paigaldatuna v\u00f5i kaasaskantavalt, sobib v\u00e4litingimustesse ja t\u00f6\u00f6stuslikku keskkonda, kus elektriline starter v\u00f5ib mitte sobida v\u00f5i olla ohtlik<\/p>\n<\/li>\n<\/ul>\n","protected":false},"excerpt":{"rendered":"<p>Ingersoll Rand B006PVR374-03-51PH on tugev pneumaatiline p\u00f6\u00f6rdeajam, m\u00f5eldud diisel- ja gaasimootorite hooldusprotsesside h\u00f5lbustamiseks. See seade v\u00f5imaldab mootorit aeglaselt p\u00f6\u00f6rata, reguleerida klapid, teha sidurid ja muud hooldust\u00f6\u00f6d turvaliselt, kontrollitud viisil. T\u00e4nu t\u00e4psele juhtimisele ja p\u00f6\u00f6ratavale vane-mootorile saab kasutada \u00fcksi, mis s\u00e4\u00e4stab aega ja t\u00f6\u00f6j\u00f5udu. Peamised omadused: Parameeter V\u00e4\u00e4rtus P\u00f6\u00f6rdemoment (breakaway torque) 207 Nm \u00d5hur\u00f5hk t\u00f6\u00f6ks 6 [&hellip;]<\/p>\n","protected":false},"featured_media":775,"comment_status":"open","ping_status":"closed","template":"","meta":{"_acf_changed":false,"_monsterinsights_skip_tracking":false,"_monsterinsights_sitenote_active":false,"_monsterinsights_sitenote_note":"","_monsterinsights_sitenote_category":0,"_themeisle_gutenberg_block_has_review":false},"product_brand":[28],"product_cat":[41],"product_tag":[71],"class_list":{"0":"post-261","1":"product","2":"type-product","3":"status-publish","4":"has-post-thumbnail","6":"product_brand-ingersoll-rand","7":"product_cat-suruohustarterid-ja-mootorid","8":"product_tag-no-demo","10":"first","11":"outofstock","12":"taxable","13":"shipping-taxable","14":"product-type-simple"},"acf":[],"yoast_head":"<!-- This site is optimized with the Yoast SEO plugin v27.6 - https:\/\/yoast.com\/product\/yoast-seo-wordpress\/ -->\n<title>Ingersoll Rand B006PVR374-03-51PH \u2022 \u00f5hu p\u00f6\u00f6rdeajam | Engine Barring Motor<\/title>\n<meta name=\"description\" content=\"Tutvu Ingersoll Rand B006PVR374-03-51PH \u00f5hu p\u00f6\u00f6rdeajamiga: 207 Nm p\u00f6\u00f6rdemoment, 23 p\/min, t\u00f6\u00f6tab 6 bar \u00f5hur\u00f5huga. Sobib diisel- ja gaasimootoritele kuni 100\/200 liitrit. Saadaval Eestis ja Baltikumis.\" \/>\n<meta name=\"robots\" content=\"index, follow, max-snippet:-1, max-image-preview:large, max-video-preview:-1\" \/>\n<link rel=\"canonical\" href=\"https:\/\/protech.nu\/et\/produkt\/ingersoll-rand-suruohustarterid-abimootorid\/\" \/>\n<meta property=\"og:locale\" content=\"et_EE\" \/>\n<meta property=\"og:type\" content=\"article\" \/>\n<meta property=\"og:title\" content=\"Ingersoll Rand B006PVR374-03-51PH \u2022 \u00f5hu p\u00f6\u00f6rdeajam | Engine Barring Motor\" \/>\n<meta property=\"og:description\" content=\"Tutvu Ingersoll Rand B006PVR374-03-51PH \u00f5hu p\u00f6\u00f6rdeajamiga: 207 Nm p\u00f6\u00f6rdemoment, 23 p\/min, t\u00f6\u00f6tab 6 bar \u00f5hur\u00f5huga. Sobib diisel- ja gaasimootoritele kuni 100\/200 liitrit. Saadaval Eestis ja Baltikumis.\" \/>\n<meta property=\"og:url\" content=\"https:\/\/protech.nu\/et\/produkt\/ingersoll-rand-suruohustarterid-abimootorid\/\" \/>\n<meta property=\"og:site_name\" content=\"Protech\" \/>\n<meta property=\"article:publisher\" content=\"https:\/\/www.facebook.com\/Protech.nu\/\" \/>\n<meta property=\"article:modified_time\" content=\"2025-09-26T07:44:20+00:00\" \/>\n<meta property=\"og:image\" content=\"https:\/\/protech.nu\/wp-content\/uploads\/2025\/08\/ingersoll-rand-b006pvr374-03-51ph-poordeajam.jpg.png\" \/>\n\t<meta property=\"og:image:width\" content=\"1277\" \/>\n\t<meta property=\"og:image:height\" content=\"841\" \/>\n\t<meta property=\"og:image:type\" content=\"image\/png\" \/>\n<meta name=\"twitter:card\" content=\"summary_large_image\" \/>\n<meta name=\"twitter:label1\" content=\"Est. reading time\" \/>\n\t<meta name=\"twitter:data1\" content=\"1 minut\" \/>\n<script type=\"application\/ld+json\" class=\"yoast-schema-graph\">{\"@context\":\"https:\\\/\\\/schema.org\",\"@graph\":[{\"@type\":\"WebPage\",\"@id\":\"https:\\\/\\\/protech.nu\\\/et\\\/produkt\\\/ingersoll-rand-suruohustarterid-abimootorid\\\/\",\"url\":\"https:\\\/\\\/protech.nu\\\/et\\\/produkt\\\/ingersoll-rand-suruohustarterid-abimootorid\\\/\",\"name\":\"Ingersoll Rand B006PVR374-03-51PH \u2022 \u00f5hu p\u00f6\u00f6rdeajam | Engine Barring Motor\",\"isPartOf\":{\"@id\":\"https:\\\/\\\/protech.nu\\\/et\\\/#website\"},\"primaryImageOfPage\":{\"@id\":\"https:\\\/\\\/protech.nu\\\/et\\\/produkt\\\/ingersoll-rand-suruohustarterid-abimootorid\\\/#primaryimage\"},\"image\":{\"@id\":\"https:\\\/\\\/protech.nu\\\/et\\\/produkt\\\/ingersoll-rand-suruohustarterid-abimootorid\\\/#primaryimage\"},\"thumbnailUrl\":\"https:\\\/\\\/protech.nu\\\/wp-content\\\/uploads\\\/2025\\\/08\\\/ingersoll-rand-b006pvr374-03-51ph-poordeajam.jpg.png\",\"datePublished\":\"2025-08-22T08:04:27+00:00\",\"dateModified\":\"2025-09-26T07:44:20+00:00\",\"description\":\"Tutvu Ingersoll Rand B006PVR374-03-51PH \u00f5hu p\u00f6\u00f6rdeajamiga: 207 Nm p\u00f6\u00f6rdemoment, 23 p\\\/min, t\u00f6\u00f6tab 6 bar \u00f5hur\u00f5huga. Sobib diisel- ja gaasimootoritele kuni 100\\\/200 liitrit. Saadaval Eestis ja Baltikumis.\",\"breadcrumb\":{\"@id\":\"https:\\\/\\\/protech.nu\\\/et\\\/produkt\\\/ingersoll-rand-suruohustarterid-abimootorid\\\/#breadcrumb\"},\"inLanguage\":\"et\",\"potentialAction\":[{\"@type\":\"ReadAction\",\"target\":[\"https:\\\/\\\/protech.nu\\\/et\\\/produkt\\\/ingersoll-rand-suruohustarterid-abimootorid\\\/\"]}]},{\"@type\":\"ImageObject\",\"inLanguage\":\"et\",\"@id\":\"https:\\\/\\\/protech.nu\\\/et\\\/produkt\\\/ingersoll-rand-suruohustarterid-abimootorid\\\/#primaryimage\",\"url\":\"https:\\\/\\\/protech.nu\\\/wp-content\\\/uploads\\\/2025\\\/08\\\/ingersoll-rand-b006pvr374-03-51ph-poordeajam.jpg.png\",\"contentUrl\":\"https:\\\/\\\/protech.nu\\\/wp-content\\\/uploads\\\/2025\\\/08\\\/ingersoll-rand-b006pvr374-03-51ph-poordeajam.jpg.png\",\"width\":1277,\"height\":841,\"caption\":\"B006 seeria p\u00f6\u00f6rdeajam 207 Nm, 90 psi, Size 03 flange\"},{\"@type\":\"BreadcrumbList\",\"@id\":\"https:\\\/\\\/protech.nu\\\/et\\\/produkt\\\/ingersoll-rand-suruohustarterid-abimootorid\\\/#breadcrumb\",\"itemListElement\":[{\"@type\":\"ListItem\",\"position\":1,\"name\":\"Esileht\",\"item\":\"https:\\\/\\\/protech.nu\\\/et\\\/\"},{\"@type\":\"ListItem\",\"position\":2,\"name\":\"Tooted\",\"item\":\"https:\\\/\\\/protech.nu\\\/products\\\/\"},{\"@type\":\"ListItem\",\"position\":3,\"name\":\"Suru\u00f5hup\u00f6\u00f6rdeajam -B006PVR374-03-51PH\"}]},{\"@type\":\"WebSite\",\"@id\":\"https:\\\/\\\/protech.nu\\\/et\\\/#website\",\"url\":\"https:\\\/\\\/protech.nu\\\/et\\\/\",\"name\":\"PROTECH\",\"description\":\"\",\"publisher\":{\"@id\":\"https:\\\/\\\/protech.nu\\\/et\\\/#organization\"},\"potentialAction\":[{\"@type\":\"SearchAction\",\"target\":{\"@type\":\"EntryPoint\",\"urlTemplate\":\"https:\\\/\\\/protech.nu\\\/et\\\/?s={search_term_string}\"},\"query-input\":{\"@type\":\"PropertyValueSpecification\",\"valueRequired\":true,\"valueName\":\"search_term_string\"}}],\"inLanguage\":\"et\"},{\"@type\":\"Organization\",\"@id\":\"https:\\\/\\\/protech.nu\\\/et\\\/#organization\",\"name\":\"MYPOWERTOOLSBOX\",\"alternateName\":\"ProTech\",\"url\":\"https:\\\/\\\/protech.nu\\\/et\\\/\",\"logo\":{\"@type\":\"ImageObject\",\"inLanguage\":\"et\",\"@id\":\"https:\\\/\\\/protech.nu\\\/et\\\/#\\\/schema\\\/logo\\\/image\\\/\",\"url\":\"https:\\\/\\\/2026.protech.nu\\\/wp-content\\\/uploads\\\/2026\\\/02\\\/ProTech.png\",\"contentUrl\":\"https:\\\/\\\/2026.protech.nu\\\/wp-content\\\/uploads\\\/2026\\\/02\\\/ProTech.png\",\"width\":1024,\"height\":1024,\"caption\":\"MYPOWERTOOLSBOX\"},\"image\":{\"@id\":\"https:\\\/\\\/protech.nu\\\/et\\\/#\\\/schema\\\/logo\\\/image\\\/\"},\"sameAs\":[\"https:\\\/\\\/www.facebook.com\\\/Protech.nu\\\/\",\"https:\\\/\\\/www.instagram.com\\\/protech_sweden\\\/\",\"https:\\\/\\\/www.linkedin.com\\\/company\\\/protech-professional-technologies-sweden-ab\\\/\",\"https:\\\/\\\/www.youtube.com\\\/@Protech_nu\"]}]}<\/script>\n<!-- \/ Yoast SEO plugin. -->","yoast_head_json":{"title":"Ingersoll Rand B006PVR374-03-51PH \u2022 \u00f5hu p\u00f6\u00f6rdeajam | Engine Barring Motor","description":"Tutvu Ingersoll Rand B006PVR374-03-51PH \u00f5hu p\u00f6\u00f6rdeajamiga: 207 Nm p\u00f6\u00f6rdemoment, 23 p\/min, t\u00f6\u00f6tab 6 bar \u00f5hur\u00f5huga. Sobib diisel- ja gaasimootoritele kuni 100\/200 liitrit. Saadaval Eestis ja Baltikumis.","robots":{"index":"index","follow":"follow","max-snippet":"max-snippet:-1","max-image-preview":"max-image-preview:large","max-video-preview":"max-video-preview:-1"},"canonical":"https:\/\/protech.nu\/et\/produkt\/ingersoll-rand-suruohustarterid-abimootorid\/","og_locale":"et_EE","og_type":"article","og_title":"Ingersoll Rand B006PVR374-03-51PH \u2022 \u00f5hu p\u00f6\u00f6rdeajam | Engine Barring Motor","og_description":"Tutvu Ingersoll Rand B006PVR374-03-51PH \u00f5hu p\u00f6\u00f6rdeajamiga: 207 Nm p\u00f6\u00f6rdemoment, 23 p\/min, t\u00f6\u00f6tab 6 bar \u00f5hur\u00f5huga. Sobib diisel- ja gaasimootoritele kuni 100\/200 liitrit. Saadaval Eestis ja Baltikumis.","og_url":"https:\/\/protech.nu\/et\/produkt\/ingersoll-rand-suruohustarterid-abimootorid\/","og_site_name":"Protech","article_publisher":"https:\/\/www.facebook.com\/Protech.nu\/","article_modified_time":"2025-09-26T07:44:20+00:00","og_image":[{"width":1277,"height":841,"url":"https:\/\/protech.nu\/wp-content\/uploads\/2025\/08\/ingersoll-rand-b006pvr374-03-51ph-poordeajam.jpg.png","type":"image\/png"}],"twitter_card":"summary_large_image","twitter_misc":{"Est. reading time":"1 minut"},"schema":{"@context":"https:\/\/schema.org","@graph":[{"@type":"WebPage","@id":"https:\/\/protech.nu\/et\/produkt\/ingersoll-rand-suruohustarterid-abimootorid\/","url":"https:\/\/protech.nu\/et\/produkt\/ingersoll-rand-suruohustarterid-abimootorid\/","name":"Ingersoll Rand B006PVR374-03-51PH \u2022 \u00f5hu p\u00f6\u00f6rdeajam | Engine Barring Motor","isPartOf":{"@id":"https:\/\/protech.nu\/et\/#website"},"primaryImageOfPage":{"@id":"https:\/\/protech.nu\/et\/produkt\/ingersoll-rand-suruohustarterid-abimootorid\/#primaryimage"},"image":{"@id":"https:\/\/protech.nu\/et\/produkt\/ingersoll-rand-suruohustarterid-abimootorid\/#primaryimage"},"thumbnailUrl":"https:\/\/protech.nu\/wp-content\/uploads\/2025\/08\/ingersoll-rand-b006pvr374-03-51ph-poordeajam.jpg.png","datePublished":"2025-08-22T08:04:27+00:00","dateModified":"2025-09-26T07:44:20+00:00","description":"Tutvu Ingersoll Rand B006PVR374-03-51PH \u00f5hu p\u00f6\u00f6rdeajamiga: 207 Nm p\u00f6\u00f6rdemoment, 23 p\/min, t\u00f6\u00f6tab 6 bar \u00f5hur\u00f5huga. Sobib diisel- ja gaasimootoritele kuni 100\/200 liitrit. Saadaval Eestis ja Baltikumis.","breadcrumb":{"@id":"https:\/\/protech.nu\/et\/produkt\/ingersoll-rand-suruohustarterid-abimootorid\/#breadcrumb"},"inLanguage":"et","potentialAction":[{"@type":"ReadAction","target":["https:\/\/protech.nu\/et\/produkt\/ingersoll-rand-suruohustarterid-abimootorid\/"]}]},{"@type":"ImageObject","inLanguage":"et","@id":"https:\/\/protech.nu\/et\/produkt\/ingersoll-rand-suruohustarterid-abimootorid\/#primaryimage","url":"https:\/\/protech.nu\/wp-content\/uploads\/2025\/08\/ingersoll-rand-b006pvr374-03-51ph-poordeajam.jpg.png","contentUrl":"https:\/\/protech.nu\/wp-content\/uploads\/2025\/08\/ingersoll-rand-b006pvr374-03-51ph-poordeajam.jpg.png","width":1277,"height":841,"caption":"B006 seeria p\u00f6\u00f6rdeajam 207 Nm, 90 psi, Size 03 flange"},{"@type":"BreadcrumbList","@id":"https:\/\/protech.nu\/et\/produkt\/ingersoll-rand-suruohustarterid-abimootorid\/#breadcrumb","itemListElement":[{"@type":"ListItem","position":1,"name":"Esileht","item":"https:\/\/protech.nu\/et\/"},{"@type":"ListItem","position":2,"name":"Tooted","item":"https:\/\/protech.nu\/products\/"},{"@type":"ListItem","position":3,"name":"Suru\u00f5hup\u00f6\u00f6rdeajam -B006PVR374-03-51PH"}]},{"@type":"WebSite","@id":"https:\/\/protech.nu\/et\/#website","url":"https:\/\/protech.nu\/et\/","name":"PROTECH","description":"","publisher":{"@id":"https:\/\/protech.nu\/et\/#organization"},"potentialAction":[{"@type":"SearchAction","target":{"@type":"EntryPoint","urlTemplate":"https:\/\/protech.nu\/et\/?s={search_term_string}"},"query-input":{"@type":"PropertyValueSpecification","valueRequired":true,"valueName":"search_term_string"}}],"inLanguage":"et"},{"@type":"Organization","@id":"https:\/\/protech.nu\/et\/#organization","name":"MYPOWERTOOLSBOX","alternateName":"ProTech","url":"https:\/\/protech.nu\/et\/","logo":{"@type":"ImageObject","inLanguage":"et","@id":"https:\/\/protech.nu\/et\/#\/schema\/logo\/image\/","url":"https:\/\/2026.protech.nu\/wp-content\/uploads\/2026\/02\/ProTech.png","contentUrl":"https:\/\/2026.protech.nu\/wp-content\/uploads\/2026\/02\/ProTech.png","width":1024,"height":1024,"caption":"MYPOWERTOOLSBOX"},"image":{"@id":"https:\/\/protech.nu\/et\/#\/schema\/logo\/image\/"},"sameAs":["https:\/\/www.facebook.com\/Protech.nu\/","https:\/\/www.instagram.com\/protech_sweden\/","https:\/\/www.linkedin.com\/company\/protech-professional-technologies-sweden-ab\/","https:\/\/www.youtube.com\/@Protech_nu"]}]}},"_links":{"self":[{"href":"https:\/\/protech.nu\/et\/wp-json\/wp\/v2\/product\/261","targetHints":{"allow":["GET"]}}],"collection":[{"href":"https:\/\/protech.nu\/et\/wp-json\/wp\/v2\/product"}],"about":[{"href":"https:\/\/protech.nu\/et\/wp-json\/wp\/v2\/types\/product"}],"replies":[{"embeddable":true,"href":"https:\/\/protech.nu\/et\/wp-json\/wp\/v2\/comments?post=261"}],"wp:featuredmedia":[{"embeddable":true,"href":"https:\/\/protech.nu\/et\/wp-json\/wp\/v2\/media\/775"}],"wp:attachment":[{"href":"https:\/\/protech.nu\/et\/wp-json\/wp\/v2\/media?parent=261"}],"wp:term":[{"taxonomy":"product_brand","embeddable":true,"href":"https:\/\/protech.nu\/et\/wp-json\/wp\/v2\/product_brand?post=261"},{"taxonomy":"product_cat","embeddable":true,"href":"https:\/\/protech.nu\/et\/wp-json\/wp\/v2\/product_cat?post=261"},{"taxonomy":"product_tag","embeddable":true,"href":"https:\/\/protech.nu\/et\/wp-json\/wp\/v2\/product_tag?post=261"}],"curies":[{"name":"wp","href":"https:\/\/api.w.org\/{rel}","templated":true}]}}