{"id":2815,"date":"2025-11-10T16:17:37","date_gmt":"2025-11-10T16:17:37","guid":{"rendered":"https:\/\/protech.nu\/?post_type=product&#038;p=2815"},"modified":"2026-03-30T22:08:37","modified_gmt":"2026-03-30T20:08:37","slug":"ingersoll-rand-bc1161-charger","status":"publish","type":"product","link":"https:\/\/protech.nu\/et\/produkt\/ingersoll-rand-bc1161-charger\/","title":{"rendered":"Ingersoll Rand BC1161-EU akulaadija 40V"},"content":{"rendered":"<h3>Ingersoll Rand BC1161-EU kiirlaadija (40V)<\/h3>\n<p>Ingersoll Rand <strong>BC1161-EU kiirlaadija<\/strong> on m\u00f5eldud IQV40\u2122 seeria 40 V Li-Ion akude efektiivseks ja kiireks laadimiseks. See on asendamatu seade professionaalsesse t\u00f6\u00f6keskkonda, tagades akude valmiduse l\u00fchikese ajaga.<\/p>\n<p>Laadija on varustatud <strong>LED-energian\u00e4idiku ja helisignaaliga<\/strong>, mis annavad selgelt m\u00e4rku aku laetuse tasemest ja t\u00e4islaadimisest. Lisaks on seadmel integreeritud <strong>USB-laadimispesa<\/strong>, mis v\u00f5imaldab samal ajal mugavalt laadida tahvelarvutit v\u00f5i mobiiltelefoni. Paindlik disain v\u00f5imaldab laadijat paigaldada nii seintele kui t\u00f6\u00f6pingile \u2013 <strong>vertikaalselt v\u00f5i horisontaalselt<\/strong>, et optimeerida ruumikasutust t\u00f6\u00f6kojas.<\/p>\n<hr \/>\n<h3>Tehnilised andmed:<\/h3>\n<ul>\n<li><strong>Sobib:<\/strong> IQV40\u2122 seeria akudele (40 V Li-Ion)<\/li>\n<li><strong>Laadimisaeg:<\/strong> Kiirlaadimine u 1 tund<\/li>\n<li><strong>Indikaatorid:<\/strong> LED-fuel gauge ja helisignaal<\/li>\n<li><strong>Lisad:<\/strong> USB-pesa mobiilseadmete laadimiseks<\/li>\n<li><strong>Paigaldus:<\/strong> Vertikaalne v\u00f5i horisontaalne (seinale\/lauale)<\/li>\n<li><strong>Kaal:<\/strong> 1,31 kg<\/li>\n<\/ul>\n<p><strong>Download the IQV Series Product Catalog:<\/strong><\/p>\n<div style=\"margin: 15px 0 36px 0;\"><a style=\"display: inline-block; border: 2px solid #E14A2D; color: #e14a2d; padding: 12px 20px; border-radius: 4px; text-decoration: none; font-weight: 600; background: transparent;\" href=\"https:\/\/protech.nu\/wp-content\/uploads\/2025\/09\/ingersoll-rand-iqv20-cordless-tools-catalog.pdf\" target=\"_blank\" rel=\"noopener\">Ingersoll Rand IQV Cordless Tools | Power, Precision and Performance<br \/>\n<\/a><\/div>\n","protected":false},"excerpt":{"rendered":"<p>Ingersoll Rand <strong>BC1161-EU 40 V IQV40\u2122 laadija<\/strong>. Nutikas kiirlaadija koos LED-n\u00e4idiku, helisignaali ja USB-pesaga. V\u00f5imaldab paindlikku paigaldust ja tagab aku t\u00e4islaadimise vaid \u00fche tunniga.<\/p>\n","protected":false},"featured_media":631,"comment_status":"open","ping_status":"closed","template":"","meta":{"_acf_changed":false,"_monsterinsights_skip_tracking":false,"_monsterinsights_sitenote_active":false,"_monsterinsights_sitenote_note":"","_monsterinsights_sitenote_category":0,"_themeisle_gutenberg_block_has_review":false},"product_brand":[28],"product_cat":[57,32],"product_tag":[],"class_list":{"0":"post-2815","1":"product","2":"type-product","3":"status-publish","4":"has-post-thumbnail","6":"product_brand-ingersoll-rand","7":"product_cat-ingersoll-rand-akud-ja-akulaadijad","8":"product_cat-ingersoll-rand-iqv20-series","10":"first","11":"instock","12":"taxable","13":"shipping-taxable","14":"purchasable","15":"product-type-simple"},"acf":[],"yoast_head":"<!-- This site is optimized with the Yoast SEO plugin v27.5 - https:\/\/yoast.com\/product\/yoast-seo-wordpress\/ -->\n<title>ingersoll-rand-bc1161-eu-akulaadija-40v<\/title>\n<meta name=\"description\" content=\"Ingersoll Rand BC1161-EU akulaadija 40V IQV40\u2122 Li-Ion akudele. Kiire laadimine, LED-indikaator ja vastupidav korpus professionaalseks kasutamiseks.\" \/>\n<meta name=\"robots\" content=\"index, follow, max-snippet:-1, max-image-preview:large, max-video-preview:-1\" \/>\n<link rel=\"canonical\" href=\"https:\/\/protech.nu\/et\/produkt\/ingersoll-rand-bc1161-charger\/\" \/>\n<meta property=\"og:locale\" content=\"et_EE\" \/>\n<meta property=\"og:type\" content=\"article\" \/>\n<meta property=\"og:title\" content=\"ingersoll-rand-bc1161-eu-akulaadija-40v\" \/>\n<meta property=\"og:description\" content=\"Ingersoll Rand BC1161-EU akulaadija 40V IQV40\u2122 Li-Ion akudele. Kiire laadimine, LED-indikaator ja vastupidav korpus professionaalseks kasutamiseks.\" \/>\n<meta property=\"og:url\" content=\"https:\/\/protech.nu\/et\/produkt\/ingersoll-rand-bc1161-charger\/\" \/>\n<meta property=\"og:site_name\" content=\"Protech\" \/>\n<meta property=\"article:publisher\" content=\"https:\/\/www.facebook.com\/Protech.nu\/\" \/>\n<meta property=\"article:modified_time\" content=\"2026-03-30T20:08:37+00:00\" \/>\n<meta property=\"og:image\" content=\"https:\/\/protech.nu\/wp-content\/uploads\/2025\/08\/Ingersoll-Rand-iqv40-lithium-ion-40v-charger-bc1161.png\" \/>\n\t<meta property=\"og:image:width\" content=\"450\" \/>\n\t<meta property=\"og:image:height\" content=\"450\" \/>\n\t<meta property=\"og:image:type\" content=\"image\/png\" \/>\n<meta name=\"twitter:card\" content=\"summary_large_image\" \/>\n<meta name=\"twitter:label1\" content=\"Est. reading time\" \/>\n\t<meta name=\"twitter:data1\" content=\"1 minut\" \/>\n<script type=\"application\/ld+json\" class=\"yoast-schema-graph\">{\"@context\":\"https:\\\/\\\/schema.org\",\"@graph\":[{\"@type\":\"WebPage\",\"@id\":\"https:\\\/\\\/protech.nu\\\/et\\\/produkt\\\/ingersoll-rand-bc1161-charger\\\/\",\"url\":\"https:\\\/\\\/protech.nu\\\/et\\\/produkt\\\/ingersoll-rand-bc1161-charger\\\/\",\"name\":\"ingersoll-rand-bc1161-eu-akulaadija-40v\",\"isPartOf\":{\"@id\":\"https:\\\/\\\/protech.nu\\\/et\\\/#website\"},\"primaryImageOfPage\":{\"@id\":\"https:\\\/\\\/protech.nu\\\/et\\\/produkt\\\/ingersoll-rand-bc1161-charger\\\/#primaryimage\"},\"image\":{\"@id\":\"https:\\\/\\\/protech.nu\\\/et\\\/produkt\\\/ingersoll-rand-bc1161-charger\\\/#primaryimage\"},\"thumbnailUrl\":\"https:\\\/\\\/protech.nu\\\/wp-content\\\/uploads\\\/2025\\\/08\\\/Ingersoll-Rand-iqv40-lithium-ion-40v-charger-bc1161.png\",\"datePublished\":\"2025-11-10T16:17:37+00:00\",\"dateModified\":\"2026-03-30T20:08:37+00:00\",\"description\":\"Ingersoll Rand BC1161-EU akulaadija 40V IQV40\u2122 Li-Ion akudele. Kiire laadimine, LED-indikaator ja vastupidav korpus professionaalseks kasutamiseks.\",\"breadcrumb\":{\"@id\":\"https:\\\/\\\/protech.nu\\\/et\\\/produkt\\\/ingersoll-rand-bc1161-charger\\\/#breadcrumb\"},\"inLanguage\":\"et\",\"potentialAction\":[{\"@type\":\"ReadAction\",\"target\":[\"https:\\\/\\\/protech.nu\\\/et\\\/produkt\\\/ingersoll-rand-bc1161-charger\\\/\"]}]},{\"@type\":\"ImageObject\",\"inLanguage\":\"et\",\"@id\":\"https:\\\/\\\/protech.nu\\\/et\\\/produkt\\\/ingersoll-rand-bc1161-charger\\\/#primaryimage\",\"url\":\"https:\\\/\\\/protech.nu\\\/wp-content\\\/uploads\\\/2025\\\/08\\\/Ingersoll-Rand-iqv40-lithium-ion-40v-charger-bc1161.png\",\"contentUrl\":\"https:\\\/\\\/protech.nu\\\/wp-content\\\/uploads\\\/2025\\\/08\\\/Ingersoll-Rand-iqv40-lithium-ion-40v-charger-bc1161.png\",\"width\":450,\"height\":450,\"caption\":\"Ingersoll Rand BC1161 akulaadija (40V) on loodud professionaalseks kasutuseks, tagades IR 40V Li-Ion akudele kiire ja t\u00f6\u00f6kindla laadimise. Sobib BL4011, BL4012 ja BL4013 akudele.\"},{\"@type\":\"BreadcrumbList\",\"@id\":\"https:\\\/\\\/protech.nu\\\/et\\\/produkt\\\/ingersoll-rand-bc1161-charger\\\/#breadcrumb\",\"itemListElement\":[{\"@type\":\"ListItem\",\"position\":1,\"name\":\"Esileht\",\"item\":\"https:\\\/\\\/protech.nu\\\/et\\\/\"},{\"@type\":\"ListItem\",\"position\":2,\"name\":\"Tooted\",\"item\":\"https:\\\/\\\/protech.nu\\\/products\\\/\"},{\"@type\":\"ListItem\",\"position\":3,\"name\":\"Ingersoll Rand BC1161-EU akulaadija 40V\"}]},{\"@type\":\"WebSite\",\"@id\":\"https:\\\/\\\/protech.nu\\\/et\\\/#website\",\"url\":\"https:\\\/\\\/protech.nu\\\/et\\\/\",\"name\":\"PROTECH\",\"description\":\"\",\"publisher\":{\"@id\":\"https:\\\/\\\/protech.nu\\\/et\\\/#organization\"},\"potentialAction\":[{\"@type\":\"SearchAction\",\"target\":{\"@type\":\"EntryPoint\",\"urlTemplate\":\"https:\\\/\\\/protech.nu\\\/et\\\/?s={search_term_string}\"},\"query-input\":{\"@type\":\"PropertyValueSpecification\",\"valueRequired\":true,\"valueName\":\"search_term_string\"}}],\"inLanguage\":\"et\"},{\"@type\":\"Organization\",\"@id\":\"https:\\\/\\\/protech.nu\\\/et\\\/#organization\",\"name\":\"MYPOWERTOOLSBOX\",\"alternateName\":\"ProTech\",\"url\":\"https:\\\/\\\/protech.nu\\\/et\\\/\",\"logo\":{\"@type\":\"ImageObject\",\"inLanguage\":\"et\",\"@id\":\"https:\\\/\\\/protech.nu\\\/et\\\/#\\\/schema\\\/logo\\\/image\\\/\",\"url\":\"https:\\\/\\\/2026.protech.nu\\\/wp-content\\\/uploads\\\/2026\\\/02\\\/ProTech.png\",\"contentUrl\":\"https:\\\/\\\/2026.protech.nu\\\/wp-content\\\/uploads\\\/2026\\\/02\\\/ProTech.png\",\"width\":1024,\"height\":1024,\"caption\":\"MYPOWERTOOLSBOX\"},\"image\":{\"@id\":\"https:\\\/\\\/protech.nu\\\/et\\\/#\\\/schema\\\/logo\\\/image\\\/\"},\"sameAs\":[\"https:\\\/\\\/www.facebook.com\\\/Protech.nu\\\/\",\"https:\\\/\\\/www.instagram.com\\\/protech_sweden\\\/\",\"https:\\\/\\\/www.linkedin.com\\\/company\\\/protech-professional-technologies-sweden-ab\\\/\",\"https:\\\/\\\/www.youtube.com\\\/@Protech_nu\"]}]}<\/script>\n<!-- \/ Yoast SEO plugin. -->","yoast_head_json":{"title":"ingersoll-rand-bc1161-eu-akulaadija-40v","description":"Ingersoll Rand BC1161-EU akulaadija 40V IQV40\u2122 Li-Ion akudele. Kiire laadimine, LED-indikaator ja vastupidav korpus professionaalseks kasutamiseks.","robots":{"index":"index","follow":"follow","max-snippet":"max-snippet:-1","max-image-preview":"max-image-preview:large","max-video-preview":"max-video-preview:-1"},"canonical":"https:\/\/protech.nu\/et\/produkt\/ingersoll-rand-bc1161-charger\/","og_locale":"et_EE","og_type":"article","og_title":"ingersoll-rand-bc1161-eu-akulaadija-40v","og_description":"Ingersoll Rand BC1161-EU akulaadija 40V IQV40\u2122 Li-Ion akudele. Kiire laadimine, LED-indikaator ja vastupidav korpus professionaalseks kasutamiseks.","og_url":"https:\/\/protech.nu\/et\/produkt\/ingersoll-rand-bc1161-charger\/","og_site_name":"Protech","article_publisher":"https:\/\/www.facebook.com\/Protech.nu\/","article_modified_time":"2026-03-30T20:08:37+00:00","og_image":[{"width":450,"height":450,"url":"https:\/\/protech.nu\/wp-content\/uploads\/2025\/08\/Ingersoll-Rand-iqv40-lithium-ion-40v-charger-bc1161.png","type":"image\/png"}],"twitter_card":"summary_large_image","twitter_misc":{"Est. reading time":"1 minut"},"schema":{"@context":"https:\/\/schema.org","@graph":[{"@type":"WebPage","@id":"https:\/\/protech.nu\/et\/produkt\/ingersoll-rand-bc1161-charger\/","url":"https:\/\/protech.nu\/et\/produkt\/ingersoll-rand-bc1161-charger\/","name":"ingersoll-rand-bc1161-eu-akulaadija-40v","isPartOf":{"@id":"https:\/\/protech.nu\/et\/#website"},"primaryImageOfPage":{"@id":"https:\/\/protech.nu\/et\/produkt\/ingersoll-rand-bc1161-charger\/#primaryimage"},"image":{"@id":"https:\/\/protech.nu\/et\/produkt\/ingersoll-rand-bc1161-charger\/#primaryimage"},"thumbnailUrl":"https:\/\/protech.nu\/wp-content\/uploads\/2025\/08\/Ingersoll-Rand-iqv40-lithium-ion-40v-charger-bc1161.png","datePublished":"2025-11-10T16:17:37+00:00","dateModified":"2026-03-30T20:08:37+00:00","description":"Ingersoll Rand BC1161-EU akulaadija 40V IQV40\u2122 Li-Ion akudele. Kiire laadimine, LED-indikaator ja vastupidav korpus professionaalseks kasutamiseks.","breadcrumb":{"@id":"https:\/\/protech.nu\/et\/produkt\/ingersoll-rand-bc1161-charger\/#breadcrumb"},"inLanguage":"et","potentialAction":[{"@type":"ReadAction","target":["https:\/\/protech.nu\/et\/produkt\/ingersoll-rand-bc1161-charger\/"]}]},{"@type":"ImageObject","inLanguage":"et","@id":"https:\/\/protech.nu\/et\/produkt\/ingersoll-rand-bc1161-charger\/#primaryimage","url":"https:\/\/protech.nu\/wp-content\/uploads\/2025\/08\/Ingersoll-Rand-iqv40-lithium-ion-40v-charger-bc1161.png","contentUrl":"https:\/\/protech.nu\/wp-content\/uploads\/2025\/08\/Ingersoll-Rand-iqv40-lithium-ion-40v-charger-bc1161.png","width":450,"height":450,"caption":"Ingersoll Rand BC1161 akulaadija (40V) on loodud professionaalseks kasutuseks, tagades IR 40V Li-Ion akudele kiire ja t\u00f6\u00f6kindla laadimise. Sobib BL4011, BL4012 ja BL4013 akudele."},{"@type":"BreadcrumbList","@id":"https:\/\/protech.nu\/et\/produkt\/ingersoll-rand-bc1161-charger\/#breadcrumb","itemListElement":[{"@type":"ListItem","position":1,"name":"Esileht","item":"https:\/\/protech.nu\/et\/"},{"@type":"ListItem","position":2,"name":"Tooted","item":"https:\/\/protech.nu\/products\/"},{"@type":"ListItem","position":3,"name":"Ingersoll Rand BC1161-EU akulaadija 40V"}]},{"@type":"WebSite","@id":"https:\/\/protech.nu\/et\/#website","url":"https:\/\/protech.nu\/et\/","name":"PROTECH","description":"","publisher":{"@id":"https:\/\/protech.nu\/et\/#organization"},"potentialAction":[{"@type":"SearchAction","target":{"@type":"EntryPoint","urlTemplate":"https:\/\/protech.nu\/et\/?s={search_term_string}"},"query-input":{"@type":"PropertyValueSpecification","valueRequired":true,"valueName":"search_term_string"}}],"inLanguage":"et"},{"@type":"Organization","@id":"https:\/\/protech.nu\/et\/#organization","name":"MYPOWERTOOLSBOX","alternateName":"ProTech","url":"https:\/\/protech.nu\/et\/","logo":{"@type":"ImageObject","inLanguage":"et","@id":"https:\/\/protech.nu\/et\/#\/schema\/logo\/image\/","url":"https:\/\/2026.protech.nu\/wp-content\/uploads\/2026\/02\/ProTech.png","contentUrl":"https:\/\/2026.protech.nu\/wp-content\/uploads\/2026\/02\/ProTech.png","width":1024,"height":1024,"caption":"MYPOWERTOOLSBOX"},"image":{"@id":"https:\/\/protech.nu\/et\/#\/schema\/logo\/image\/"},"sameAs":["https:\/\/www.facebook.com\/Protech.nu\/","https:\/\/www.instagram.com\/protech_sweden\/","https:\/\/www.linkedin.com\/company\/protech-professional-technologies-sweden-ab\/","https:\/\/www.youtube.com\/@Protech_nu"]}]}},"_links":{"self":[{"href":"https:\/\/protech.nu\/et\/wp-json\/wp\/v2\/product\/2815","targetHints":{"allow":["GET"]}}],"collection":[{"href":"https:\/\/protech.nu\/et\/wp-json\/wp\/v2\/product"}],"about":[{"href":"https:\/\/protech.nu\/et\/wp-json\/wp\/v2\/types\/product"}],"replies":[{"embeddable":true,"href":"https:\/\/protech.nu\/et\/wp-json\/wp\/v2\/comments?post=2815"}],"wp:featuredmedia":[{"embeddable":true,"href":"https:\/\/protech.nu\/et\/wp-json\/wp\/v2\/media\/631"}],"wp:attachment":[{"href":"https:\/\/protech.nu\/et\/wp-json\/wp\/v2\/media?parent=2815"}],"wp:term":[{"taxonomy":"product_brand","embeddable":true,"href":"https:\/\/protech.nu\/et\/wp-json\/wp\/v2\/product_brand?post=2815"},{"taxonomy":"product_cat","embeddable":true,"href":"https:\/\/protech.nu\/et\/wp-json\/wp\/v2\/product_cat?post=2815"},{"taxonomy":"product_tag","embeddable":true,"href":"https:\/\/protech.nu\/et\/wp-json\/wp\/v2\/product_tag?post=2815"}],"curies":[{"name":"wp","href":"https:\/\/api.w.org\/{rel}","templated":true}]}}