{"id":2844,"date":"2025-11-11T20:15:22","date_gmt":"2025-11-11T20:15:22","guid":{"rendered":"https:\/\/protech.nu\/?post_type=product&#038;p=2844"},"modified":"2026-03-30T22:05:54","modified_gmt":"2026-03-30T20:05:54","slug":"ingersoll-rand-w5330-38-iqv20-nurgaga-akuloogmutrikeeraja-ainult-tooriist","status":"publish","type":"product","link":"https:\/\/protech.nu\/et\/toode\/ingersoll-rand-w5330-38-iqv20-nurgaga-akuloogmutrikeeraja-ainult-tooriist\/","title":{"rendered":"Ingersoll Rand W5330 \u2013 3\/8\u2033 IQV20\u2122 nurgaga akul\u00f6\u00f6kmutrikeeraja (ainult t\u00f6\u00f6riist)"},"content":{"rendered":"<p data-start=\"469\" data-end=\"893\">W5330 akutoitel nurk l\u00f6\u00f6kmutrikeeraja on loodud t\u00f6\u00f6deks, kus ligip\u00e4\u00e4s on piiratud. Nurkdisain v\u00f5imaldab j\u00f5uda kohtadesse, kuhu tavalised mutrikeerajad ei mahu. T\u00f6\u00f6riist pakub kuni 230 Nm avamismomenti ja 190 Nm kinnitamist, sobides suurep\u00e4raselt autoremondiks, hooldust\u00f6\u00f6deks ja t\u00f6\u00f6stuslike seadmete paigaldamiseks. Brushless mootor ja vastupidav metallkonstruktsioon tagavad pika eluea.<\/p>\n<p data-start=\"895\" data-end=\"921\"><strong data-start=\"895\" data-end=\"919\">Tehnilised n\u00e4itajad:<\/strong><\/p>\n<ul data-start=\"922\" data-end=\"1163\">\n<li data-start=\"922\" data-end=\"951\">\n<p data-start=\"924\" data-end=\"951\">Otsik: 3\/8&#8243; nelikant<\/p>\n<\/li>\n<li data-start=\"952\" data-end=\"976\">\n<p data-start=\"954\" data-end=\"976\">Avamismoment: 245 Nm<\/p>\n<\/li>\n<li data-start=\"977\" data-end=\"1007\">\n<p data-start=\"979\" data-end=\"1007\">Kinnitamise moment: 245 Nm<\/p>\n<\/li>\n<li data-start=\"1008\" data-end=\"1041\">\n<p data-start=\"1010\" data-end=\"1041\">Kiirus t\u00fchik\u00e4igul: 1850 p\/min<\/p>\n<\/li>\n<li data-start=\"1042\" data-end=\"1074\">\n<p data-start=\"1044\" data-end=\"1074\">L\u00f6\u00f6gisagedus: 3000 l\u00f6\u00f6ki\/min<\/p>\n<\/li>\n<li data-start=\"1075\" data-end=\"1118\">\n<p data-start=\"1077\" data-end=\"1118\">Kaal koos akuga: 2,06 kg (2.5 Ah akuga)<\/p>\n<\/li>\n<li data-start=\"1119\" data-end=\"1137\">\n<p data-start=\"1121\" data-end=\"1137\">Pikkus koos akuga: 439 mm<\/p>\n<\/li>\n<\/ul>\n<p data-start=\"267\" data-end=\"280\"><strong>Laadi alla IQV20\u2122 seeria tootekataloog:<\/strong><\/p>\n<p><a href=\"https:\/\/protech.nu\/wp-content\/uploads\/2025\/10\/ingersoll-rand-iqv20-akutooriistad-kataloog-2025.pdf\">IQV20\u2122 akut\u00f6\u00f6riistade kataloog \u2013 juhtmevaba j\u00f5ud ja t\u00f6\u00f6kindlus<\/a><\/p>\n<p><a href=\"https:\/\/protech.nu\/wp-content\/uploads\/2025\/09\/ingersoll-rand-iqv20-cordless-tools-catalog.pdf\">Ingersoll Rand IQV20 Cordless Tools | Impact Wrenches, Drills &amp; Drivers<\/a><\/p>\n<p>&nbsp;<\/p>\n","protected":false},"excerpt":{"rendered":"<p class=\"p1\"><b>Ingersoll Rand W5350 3\/8\u2033 IQV20\u2122 akutoitel nurk l\u00f6\u00f6kmutrikeeraja<\/b><span class=\"s1\"> on loodud t\u00f6\u00f6deks, kus <\/span><b>ligip\u00e4\u00e4s on piiratud<\/b><span class=\"s1\">, kuid <\/span><b>j\u00f5udlust ei saa ohverdada<\/b><span class=\"s1\">.<\/span><\/p>\n<p class=\"p2\">Nurkdisain v\u00f5imaldab t\u00f6\u00f6tada kohtades, kuhu tavalised mutrikeerajad ei mahu, pakkudes kuni <span class=\"s2\"><b>245 Nm avamismomenti <\/b><\/span>ja <span class=\"s2\"><b>245 Nm kinnitamisj\u00f5udu<\/b><\/span>.<\/p>\n<p class=\"p1\"><span class=\"s1\">Ideaalne valik <\/span><b>autoremondiks, hooldust\u00f6\u00f6deks ja t\u00f6\u00f6stuslike seadmete paigaldamiseks<\/b><span class=\"s1\">.<\/span><\/p>\n<p class=\"p1\"><b>Harjavaba mootor<\/b><span class=\"s1\"> ja <\/span><b>vastupidav metallkonstruktsioon<\/b><span class=\"s1\"> tagavad pika t\u00f6\u00f6ea ka <\/span><b>karmi kliima ja t\u00f6\u00f6tingimustega Balti\u2013P\u00f5hjala regioonis<\/b><span class=\"s1\">.<\/span><\/p>\n<p class=\"p1\"><b>T\u00e4psus ja j\u00f5ud seal, kus ruumi on v\u00e4he.<\/b><\/p>\n[video width=\"1280\" height=\"720\" mp4=\"https:\/\/protech.nu\/wp-content\/uploads\/2025\/08\/Ingersoll-Rand-W5330-Work-Has-No-Place-To-Hide.mp4\"][\/video]\n","protected":false},"featured_media":2916,"comment_status":"open","ping_status":"closed","template":"","meta":{"_acf_changed":false,"_monsterinsights_skip_tracking":false,"_monsterinsights_sitenote_active":false,"_monsterinsights_sitenote_note":"","_monsterinsights_sitenote_category":0,"_themeisle_gutenberg_block_has_review":false},"product_brand":[28],"product_cat":[33,32],"product_tag":[],"class_list":{"0":"post-2844","1":"product","2":"type-product","3":"status-publish","4":"has-post-thumbnail","6":"product_brand-ingersoll-rand","7":"product_cat-ingersoll-rand-akulookmutrikeerajad-ja-kruvikeerajad","8":"product_cat-ingersoll-rand-iqv20-series","10":"first","11":"instock","12":"taxable","13":"shipping-taxable","14":"purchasable","15":"product-type-simple"},"acf":[],"yoast_head":"<!-- This site is optimized with the Yoast SEO plugin v27.4 - https:\/\/yoast.com\/product\/yoast-seo-wordpress\/ -->\n<title>Ingersoll Rand W5330 \u2013 3\/8\u2033 IQV20\u2122 nurgaga akul\u00f6\u00f6kmutrikeeraja (ainult t\u00f6\u00f6riist)<\/title>\n<meta name=\"description\" content=\"Ingersoll Rand W5330 \u2013 3\/8\u2033 IQV20\u2122 nurgaga akul\u00f6\u00f6kmutrikeeraja. V\u00f5imas, kompaktne ja professionaalne akutoitel lahendus kitsastesse t\u00f6\u00f6kohtadesse. Ainult t\u00f6\u00f6riist \u2013 kiire tarne Baltikumis ja P\u00f5hjamaades.\" \/>\n<meta name=\"robots\" content=\"index, follow, max-snippet:-1, max-image-preview:large, max-video-preview:-1\" \/>\n<link rel=\"canonical\" href=\"https:\/\/protech.nu\/et\/toode\/ingersoll-rand-w5330-38-iqv20-nurgaga-akuloogmutrikeeraja-ainult-tooriist\/\" \/>\n<meta property=\"og:locale\" content=\"et_EE\" \/>\n<meta property=\"og:type\" content=\"article\" \/>\n<meta property=\"og:title\" content=\"Ingersoll Rand W5330 \u2013 3\/8\u2033 IQV20\u2122 nurgaga akul\u00f6\u00f6kmutrikeeraja (ainult t\u00f6\u00f6riist)\" \/>\n<meta property=\"og:description\" content=\"Ingersoll Rand W5330 \u2013 3\/8\u2033 IQV20\u2122 nurgaga akul\u00f6\u00f6kmutrikeeraja. V\u00f5imas, kompaktne ja professionaalne akutoitel lahendus kitsastesse t\u00f6\u00f6kohtadesse. Ainult t\u00f6\u00f6riist \u2013 kiire tarne Baltikumis ja P\u00f5hjamaades.\" \/>\n<meta property=\"og:url\" content=\"https:\/\/protech.nu\/et\/toode\/ingersoll-rand-w5330-38-iqv20-nurgaga-akuloogmutrikeeraja-ainult-tooriist\/\" \/>\n<meta property=\"og:site_name\" content=\"Protech\" \/>\n<meta property=\"article:publisher\" content=\"https:\/\/www.facebook.com\/Protech.nu\/\" \/>\n<meta property=\"article:modified_time\" content=\"2026-03-30T20:05:54+00:00\" \/>\n<meta property=\"og:image\" content=\"https:\/\/protech.nu\/wp-content\/uploads\/2025\/11\/ingersoll-rand-w5330-akuga-nurk-lookmutrikeeraja-38.png\" \/>\n\t<meta property=\"og:image:width\" content=\"700\" \/>\n\t<meta property=\"og:image:height\" content=\"700\" \/>\n\t<meta property=\"og:image:type\" content=\"image\/png\" \/>\n<meta name=\"twitter:card\" content=\"summary_large_image\" \/>\n<meta name=\"twitter:label1\" content=\"Est. reading time\" \/>\n\t<meta name=\"twitter:data1\" content=\"1 minut\" \/>\n<script type=\"application\/ld+json\" class=\"yoast-schema-graph\">{\"@context\":\"https:\\\/\\\/schema.org\",\"@graph\":[{\"@type\":\"WebPage\",\"@id\":\"https:\\\/\\\/protech.nu\\\/et\\\/toode\\\/ingersoll-rand-w5330-38-iqv20-nurgaga-akuloogmutrikeeraja-ainult-tooriist\\\/\",\"url\":\"https:\\\/\\\/protech.nu\\\/et\\\/toode\\\/ingersoll-rand-w5330-38-iqv20-nurgaga-akuloogmutrikeeraja-ainult-tooriist\\\/\",\"name\":\"Ingersoll Rand W5330 \u2013 3\\\/8\u2033 IQV20\u2122 nurgaga akul\u00f6\u00f6kmutrikeeraja (ainult t\u00f6\u00f6riist)\",\"isPartOf\":{\"@id\":\"https:\\\/\\\/protech.nu\\\/et\\\/#website\"},\"primaryImageOfPage\":{\"@id\":\"https:\\\/\\\/protech.nu\\\/et\\\/toode\\\/ingersoll-rand-w5330-38-iqv20-nurgaga-akuloogmutrikeeraja-ainult-tooriist\\\/#primaryimage\"},\"image\":{\"@id\":\"https:\\\/\\\/protech.nu\\\/et\\\/toode\\\/ingersoll-rand-w5330-38-iqv20-nurgaga-akuloogmutrikeeraja-ainult-tooriist\\\/#primaryimage\"},\"thumbnailUrl\":\"https:\\\/\\\/protech.nu\\\/wp-content\\\/uploads\\\/2025\\\/11\\\/ingersoll-rand-w5330-akuga-nurk-lookmutrikeeraja-38.png\",\"datePublished\":\"2025-11-11T20:15:22+00:00\",\"dateModified\":\"2026-03-30T20:05:54+00:00\",\"description\":\"Ingersoll Rand W5330 \u2013 3\\\/8\u2033 IQV20\u2122 nurgaga akul\u00f6\u00f6kmutrikeeraja. V\u00f5imas, kompaktne ja professionaalne akutoitel lahendus kitsastesse t\u00f6\u00f6kohtadesse. Ainult t\u00f6\u00f6riist \u2013 kiire tarne Baltikumis ja P\u00f5hjamaades.\",\"breadcrumb\":{\"@id\":\"https:\\\/\\\/protech.nu\\\/et\\\/toode\\\/ingersoll-rand-w5330-38-iqv20-nurgaga-akuloogmutrikeeraja-ainult-tooriist\\\/#breadcrumb\"},\"inLanguage\":\"et\",\"potentialAction\":[{\"@type\":\"ReadAction\",\"target\":[\"https:\\\/\\\/protech.nu\\\/et\\\/toode\\\/ingersoll-rand-w5330-38-iqv20-nurgaga-akuloogmutrikeeraja-ainult-tooriist\\\/\"]}]},{\"@type\":\"ImageObject\",\"inLanguage\":\"et\",\"@id\":\"https:\\\/\\\/protech.nu\\\/et\\\/toode\\\/ingersoll-rand-w5330-38-iqv20-nurgaga-akuloogmutrikeeraja-ainult-tooriist\\\/#primaryimage\",\"url\":\"https:\\\/\\\/protech.nu\\\/wp-content\\\/uploads\\\/2025\\\/11\\\/ingersoll-rand-w5330-akuga-nurk-lookmutrikeeraja-38.png\",\"contentUrl\":\"https:\\\/\\\/protech.nu\\\/wp-content\\\/uploads\\\/2025\\\/11\\\/ingersoll-rand-w5330-akuga-nurk-lookmutrikeeraja-38.png\",\"width\":700,\"height\":700,\"caption\":\"Ingersoll Rand W5330 \u2013 3\\\/8\u2033 IQV20\u2122 nurgaga akul\u00f6\u00f6kmutrikeeraja (ainult t\u00f6\u00f6riist)\"},{\"@type\":\"BreadcrumbList\",\"@id\":\"https:\\\/\\\/protech.nu\\\/et\\\/toode\\\/ingersoll-rand-w5330-38-iqv20-nurgaga-akuloogmutrikeeraja-ainult-tooriist\\\/#breadcrumb\",\"itemListElement\":[{\"@type\":\"ListItem\",\"position\":1,\"name\":\"Esileht\",\"item\":\"https:\\\/\\\/protech.nu\\\/et\\\/\"},{\"@type\":\"ListItem\",\"position\":2,\"name\":\"Tooted\",\"item\":\"https:\\\/\\\/protech.nu\\\/products\\\/\"},{\"@type\":\"ListItem\",\"position\":3,\"name\":\"Ingersoll Rand W5330 \u2013 3\\\/8\u2033 IQV20\u2122 nurgaga akul\u00f6\u00f6kmutrikeeraja (ainult t\u00f6\u00f6riist)\"}]},{\"@type\":\"WebSite\",\"@id\":\"https:\\\/\\\/protech.nu\\\/et\\\/#website\",\"url\":\"https:\\\/\\\/protech.nu\\\/et\\\/\",\"name\":\"PROTECH\",\"description\":\"\",\"publisher\":{\"@id\":\"https:\\\/\\\/protech.nu\\\/et\\\/#organization\"},\"potentialAction\":[{\"@type\":\"SearchAction\",\"target\":{\"@type\":\"EntryPoint\",\"urlTemplate\":\"https:\\\/\\\/protech.nu\\\/et\\\/?s={search_term_string}\"},\"query-input\":{\"@type\":\"PropertyValueSpecification\",\"valueRequired\":true,\"valueName\":\"search_term_string\"}}],\"inLanguage\":\"et\"},{\"@type\":\"Organization\",\"@id\":\"https:\\\/\\\/protech.nu\\\/et\\\/#organization\",\"name\":\"MYPOWERTOOLSBOX\",\"alternateName\":\"ProTech\",\"url\":\"https:\\\/\\\/protech.nu\\\/et\\\/\",\"logo\":{\"@type\":\"ImageObject\",\"inLanguage\":\"et\",\"@id\":\"https:\\\/\\\/protech.nu\\\/et\\\/#\\\/schema\\\/logo\\\/image\\\/\",\"url\":\"https:\\\/\\\/2026.protech.nu\\\/wp-content\\\/uploads\\\/2026\\\/02\\\/ProTech.png\",\"contentUrl\":\"https:\\\/\\\/2026.protech.nu\\\/wp-content\\\/uploads\\\/2026\\\/02\\\/ProTech.png\",\"width\":1024,\"height\":1024,\"caption\":\"MYPOWERTOOLSBOX\"},\"image\":{\"@id\":\"https:\\\/\\\/protech.nu\\\/et\\\/#\\\/schema\\\/logo\\\/image\\\/\"},\"sameAs\":[\"https:\\\/\\\/www.facebook.com\\\/Protech.nu\\\/\",\"https:\\\/\\\/www.instagram.com\\\/protech_sweden\\\/\",\"https:\\\/\\\/www.linkedin.com\\\/company\\\/protech-professional-technologies-sweden-ab\\\/\",\"https:\\\/\\\/www.youtube.com\\\/@Protech_nu\"]}]}<\/script>\n<!-- \/ Yoast SEO plugin. -->","yoast_head_json":{"title":"Ingersoll Rand W5330 \u2013 3\/8\u2033 IQV20\u2122 nurgaga akul\u00f6\u00f6kmutrikeeraja (ainult t\u00f6\u00f6riist)","description":"Ingersoll Rand W5330 \u2013 3\/8\u2033 IQV20\u2122 nurgaga akul\u00f6\u00f6kmutrikeeraja. V\u00f5imas, kompaktne ja professionaalne akutoitel lahendus kitsastesse t\u00f6\u00f6kohtadesse. Ainult t\u00f6\u00f6riist \u2013 kiire tarne Baltikumis ja P\u00f5hjamaades.","robots":{"index":"index","follow":"follow","max-snippet":"max-snippet:-1","max-image-preview":"max-image-preview:large","max-video-preview":"max-video-preview:-1"},"canonical":"https:\/\/protech.nu\/et\/toode\/ingersoll-rand-w5330-38-iqv20-nurgaga-akuloogmutrikeeraja-ainult-tooriist\/","og_locale":"et_EE","og_type":"article","og_title":"Ingersoll Rand W5330 \u2013 3\/8\u2033 IQV20\u2122 nurgaga akul\u00f6\u00f6kmutrikeeraja (ainult t\u00f6\u00f6riist)","og_description":"Ingersoll Rand W5330 \u2013 3\/8\u2033 IQV20\u2122 nurgaga akul\u00f6\u00f6kmutrikeeraja. V\u00f5imas, kompaktne ja professionaalne akutoitel lahendus kitsastesse t\u00f6\u00f6kohtadesse. Ainult t\u00f6\u00f6riist \u2013 kiire tarne Baltikumis ja P\u00f5hjamaades.","og_url":"https:\/\/protech.nu\/et\/toode\/ingersoll-rand-w5330-38-iqv20-nurgaga-akuloogmutrikeeraja-ainult-tooriist\/","og_site_name":"Protech","article_publisher":"https:\/\/www.facebook.com\/Protech.nu\/","article_modified_time":"2026-03-30T20:05:54+00:00","og_image":[{"width":700,"height":700,"url":"https:\/\/protech.nu\/wp-content\/uploads\/2025\/11\/ingersoll-rand-w5330-akuga-nurk-lookmutrikeeraja-38.png","type":"image\/png"}],"twitter_card":"summary_large_image","twitter_misc":{"Est. reading time":"1 minut"},"schema":{"@context":"https:\/\/schema.org","@graph":[{"@type":"WebPage","@id":"https:\/\/protech.nu\/et\/toode\/ingersoll-rand-w5330-38-iqv20-nurgaga-akuloogmutrikeeraja-ainult-tooriist\/","url":"https:\/\/protech.nu\/et\/toode\/ingersoll-rand-w5330-38-iqv20-nurgaga-akuloogmutrikeeraja-ainult-tooriist\/","name":"Ingersoll Rand W5330 \u2013 3\/8\u2033 IQV20\u2122 nurgaga akul\u00f6\u00f6kmutrikeeraja (ainult t\u00f6\u00f6riist)","isPartOf":{"@id":"https:\/\/protech.nu\/et\/#website"},"primaryImageOfPage":{"@id":"https:\/\/protech.nu\/et\/toode\/ingersoll-rand-w5330-38-iqv20-nurgaga-akuloogmutrikeeraja-ainult-tooriist\/#primaryimage"},"image":{"@id":"https:\/\/protech.nu\/et\/toode\/ingersoll-rand-w5330-38-iqv20-nurgaga-akuloogmutrikeeraja-ainult-tooriist\/#primaryimage"},"thumbnailUrl":"https:\/\/protech.nu\/wp-content\/uploads\/2025\/11\/ingersoll-rand-w5330-akuga-nurk-lookmutrikeeraja-38.png","datePublished":"2025-11-11T20:15:22+00:00","dateModified":"2026-03-30T20:05:54+00:00","description":"Ingersoll Rand W5330 \u2013 3\/8\u2033 IQV20\u2122 nurgaga akul\u00f6\u00f6kmutrikeeraja. V\u00f5imas, kompaktne ja professionaalne akutoitel lahendus kitsastesse t\u00f6\u00f6kohtadesse. Ainult t\u00f6\u00f6riist \u2013 kiire tarne Baltikumis ja P\u00f5hjamaades.","breadcrumb":{"@id":"https:\/\/protech.nu\/et\/toode\/ingersoll-rand-w5330-38-iqv20-nurgaga-akuloogmutrikeeraja-ainult-tooriist\/#breadcrumb"},"inLanguage":"et","potentialAction":[{"@type":"ReadAction","target":["https:\/\/protech.nu\/et\/toode\/ingersoll-rand-w5330-38-iqv20-nurgaga-akuloogmutrikeeraja-ainult-tooriist\/"]}]},{"@type":"ImageObject","inLanguage":"et","@id":"https:\/\/protech.nu\/et\/toode\/ingersoll-rand-w5330-38-iqv20-nurgaga-akuloogmutrikeeraja-ainult-tooriist\/#primaryimage","url":"https:\/\/protech.nu\/wp-content\/uploads\/2025\/11\/ingersoll-rand-w5330-akuga-nurk-lookmutrikeeraja-38.png","contentUrl":"https:\/\/protech.nu\/wp-content\/uploads\/2025\/11\/ingersoll-rand-w5330-akuga-nurk-lookmutrikeeraja-38.png","width":700,"height":700,"caption":"Ingersoll Rand W5330 \u2013 3\/8\u2033 IQV20\u2122 nurgaga akul\u00f6\u00f6kmutrikeeraja (ainult t\u00f6\u00f6riist)"},{"@type":"BreadcrumbList","@id":"https:\/\/protech.nu\/et\/toode\/ingersoll-rand-w5330-38-iqv20-nurgaga-akuloogmutrikeeraja-ainult-tooriist\/#breadcrumb","itemListElement":[{"@type":"ListItem","position":1,"name":"Esileht","item":"https:\/\/protech.nu\/et\/"},{"@type":"ListItem","position":2,"name":"Tooted","item":"https:\/\/protech.nu\/products\/"},{"@type":"ListItem","position":3,"name":"Ingersoll Rand W5330 \u2013 3\/8\u2033 IQV20\u2122 nurgaga akul\u00f6\u00f6kmutrikeeraja (ainult t\u00f6\u00f6riist)"}]},{"@type":"WebSite","@id":"https:\/\/protech.nu\/et\/#website","url":"https:\/\/protech.nu\/et\/","name":"PROTECH","description":"","publisher":{"@id":"https:\/\/protech.nu\/et\/#organization"},"potentialAction":[{"@type":"SearchAction","target":{"@type":"EntryPoint","urlTemplate":"https:\/\/protech.nu\/et\/?s={search_term_string}"},"query-input":{"@type":"PropertyValueSpecification","valueRequired":true,"valueName":"search_term_string"}}],"inLanguage":"et"},{"@type":"Organization","@id":"https:\/\/protech.nu\/et\/#organization","name":"MYPOWERTOOLSBOX","alternateName":"ProTech","url":"https:\/\/protech.nu\/et\/","logo":{"@type":"ImageObject","inLanguage":"et","@id":"https:\/\/protech.nu\/et\/#\/schema\/logo\/image\/","url":"https:\/\/2026.protech.nu\/wp-content\/uploads\/2026\/02\/ProTech.png","contentUrl":"https:\/\/2026.protech.nu\/wp-content\/uploads\/2026\/02\/ProTech.png","width":1024,"height":1024,"caption":"MYPOWERTOOLSBOX"},"image":{"@id":"https:\/\/protech.nu\/et\/#\/schema\/logo\/image\/"},"sameAs":["https:\/\/www.facebook.com\/Protech.nu\/","https:\/\/www.instagram.com\/protech_sweden\/","https:\/\/www.linkedin.com\/company\/protech-professional-technologies-sweden-ab\/","https:\/\/www.youtube.com\/@Protech_nu"]}]}},"_links":{"self":[{"href":"https:\/\/protech.nu\/et\/wp-json\/wp\/v2\/product\/2844","targetHints":{"allow":["GET"]}}],"collection":[{"href":"https:\/\/protech.nu\/et\/wp-json\/wp\/v2\/product"}],"about":[{"href":"https:\/\/protech.nu\/et\/wp-json\/wp\/v2\/types\/product"}],"replies":[{"embeddable":true,"href":"https:\/\/protech.nu\/et\/wp-json\/wp\/v2\/comments?post=2844"}],"wp:featuredmedia":[{"embeddable":true,"href":"https:\/\/protech.nu\/et\/wp-json\/wp\/v2\/media\/2916"}],"wp:attachment":[{"href":"https:\/\/protech.nu\/et\/wp-json\/wp\/v2\/media?parent=2844"}],"wp:term":[{"taxonomy":"product_brand","embeddable":true,"href":"https:\/\/protech.nu\/et\/wp-json\/wp\/v2\/product_brand?post=2844"},{"taxonomy":"product_cat","embeddable":true,"href":"https:\/\/protech.nu\/et\/wp-json\/wp\/v2\/product_cat?post=2844"},{"taxonomy":"product_tag","embeddable":true,"href":"https:\/\/protech.nu\/et\/wp-json\/wp\/v2\/product_tag?post=2844"}],"curies":[{"name":"wp","href":"https:\/\/api.w.org\/{rel}","templated":true}]}}