{"id":3776,"date":"2025-11-27T23:31:57","date_gmt":"2025-11-27T23:31:57","guid":{"rendered":"https:\/\/protech.nu\/?post_type=product&#038;p=3776"},"modified":"2026-03-30T20:12:32","modified_gmt":"2026-03-30T18:12:32","slug":"ingersoll-rand-w9691-1x6-4000nm-iqv20-akuloogmutrikeeraja","status":"publish","type":"product","link":"https:\/\/protech.nu\/et\/produkt\/ingersoll-rand-w9691-1x6-4000nm-iqv20-akuloogmutrikeeraja\/","title":{"rendered":"Ingersoll Rand W9691 \u2013 1\u2033 \u00d7 6\u2033, 4000 Nm IQV20\u2122 akul\u00f6\u00f6kmutrikeeraja (ainult t\u00f6\u00f6riist)"},"content":{"rendered":"<p>W9691 viib Ingersoll Randi akuseeria uuele tasemele, pakkudes j\u00f5udlust, mis \u00fcletab isegi paljusid pneumaatilisi alternatiive. See 1&#8243; x 6&#8243; \u00a0l\u00f6\u00f6kmutrikeeraja arendab kuni 4000 Nm avamismomenti ja 3000 Nm kinnitamist, olles sobilik suurimate poltide ja mutrite k\u00e4sitlemiseks raskeveokite, rongide, laevade ja t\u00f6\u00f6stuslike seadmete hoolduses. Harjadeta mootor ja tugev korpus kaitseklass tagavad t\u00f6\u00f6kindluse ka ekstreemsetes t\u00f6\u00f6tingimustes<\/p>\n<p data-start=\"944\" data-end=\"970\"><strong data-start=\"944\" data-end=\"968\">Tehnilised n\u00e4itajad:<\/strong><\/p>\n<ul data-start=\"971\" data-end=\"1220\">\n<li data-start=\"971\" data-end=\"998\">\n<p data-start=\"973\" data-end=\"998\">Ajam \/ Otsik: 1&#8243; nelikant, 6&#8243; pikk<\/p>\n<\/li>\n<li data-start=\"999\" data-end=\"1029\">\n<p data-start=\"1001\" data-end=\"1029\">Avamismoment: kuni 4000 Nm<\/p>\n<\/li>\n<li data-start=\"1030\" data-end=\"1066\">\n<p data-start=\"1032\" data-end=\"1066\">Kinnitamise moment: kuni 3000 Nm<\/p>\n<\/li>\n<li data-start=\"1067\" data-end=\"1100\">\n<p data-start=\"1069\" data-end=\"1100\">Kiirus t\u00fchik\u00e4igul: 890 p\/min<\/p>\n<\/li>\n<li data-start=\"1101\" data-end=\"1133\">\n<p data-start=\"1103\" data-end=\"1133\">L\u00f6\u00f6gisagedus: 1170 l\u00f6\u00f6ki\/min<\/p>\n<\/li>\n<li data-start=\"1134\" data-end=\"1177\">\n<p data-start=\"1136\" data-end=\"1177\">Kaal koos akudega: 13,2, kg (5.0 Ah akuga)<\/p>\n<\/li>\n<li data-start=\"1178\" data-end=\"1196\">\n<p data-start=\"1180\" data-end=\"1196\">Pikkus: 663 mm<\/p>\n<\/li>\n<li data-start=\"1197\" data-end=\"1220\">\n<p data-start=\"1199\" data-end=\"1220\">Valgustus: puudub<\/p>\n<\/li>\n<\/ul>\n<p data-start=\"267\" data-end=\"280\"><strong>Laadi alla IQV20\u2122 seeria tootekataloog:<\/strong><\/p>\n<div style=\"margin: 0 0 10px 0;\"><a style=\"display: inline-block; background: #E14A2D; color: #ffffff; padding: 12px 20px; border-radius: 4px; text-decoration: none; font-weight: 600;\" href=\"https:\/\/protech.nu\/wp-content\/uploads\/2025\/10\/ingersoll-rand-iqv20-akutooriistad-kataloog-2025.pdf\">IQV20\u2122 akut\u00f6\u00f6riistade kataloog \u2013 juhtmevaba j\u00f5ud ja t\u00f6\u00f6kindlus<br \/>\n<\/a><\/div>\n<div style=\"margin: 0 0 10px 0;\"><a style=\"display: inline-block; background: #E14A2D; color: #ffffff; padding: 12px 20px; border-radius: 4px; text-decoration: none; font-weight: 600;\" href=\"https:\/\/protech.nu\/wp-content\/uploads\/2025\/09\/ingersoll-rand-iqv20-cordless-tools-catalog.pdf\">Ingersoll Rand IQV20 Cordless Tools | Impact Wrenches, Drills &amp; Drivers<\/a><!-- Video --><\/div>\n","protected":false},"excerpt":{"rendered":"<p>Ingersoll Rand W9691 on 1&#8243; x 6&#8243; akuga l\u00f6\u00f6kmutrikeeraja, mille avamismoment on kuni 400 Nm ja kinnitamise moment 3000 Nm. T\u00f6\u00f6riist kaalub 13,2 kg koos akuga, varustatud 360\u00b0 LED-valgustusega \u2013 loodud k\u00f5ige raskemateks t\u00f6\u00f6stus- ja hooldust\u00f6\u00f6deks.<\/p>\n[video width=\"1920\" height=\"1012\" mp4=\"https:\/\/protech.nu\/wp-content\/uploads\/2025\/08\/Worlds-Most-Powerful-20V-1-Cordless-Impact-Wrench-W9691-W9491.mp4\"][\/video]\n","protected":false},"featured_media":3786,"comment_status":"open","ping_status":"closed","template":"","meta":{"_acf_changed":false,"_monsterinsights_skip_tracking":false,"_monsterinsights_sitenote_active":false,"_monsterinsights_sitenote_note":"","_monsterinsights_sitenote_category":0,"_themeisle_gutenberg_block_has_review":false},"product_brand":[28],"product_cat":[33,32],"product_tag":[],"class_list":{"0":"post-3776","1":"product","2":"type-product","3":"status-publish","4":"has-post-thumbnail","6":"product_brand-ingersoll-rand","7":"product_cat-ingersoll-rand-akulookmutrikeerajad-ja-kruvikeerajad","8":"product_cat-ingersoll-rand-iqv20-series","9":"pa_pikkus-mm-1536","11":"first","12":"instock","13":"taxable","14":"shipping-taxable","15":"purchasable","16":"product-type-simple"},"acf":[],"yoast_head":"<!-- This site is optimized with the Yoast SEO plugin v27.5 - https:\/\/yoast.com\/product\/yoast-seo-wordpress\/ -->\n<title>Ingersoll Rand W9691 \u2013 1\u2033 \u00d7 6\u2033 4000 Nm IQV20 akul\u00f6\u00f6kmutrikeeraja (ainult t\u00f6\u00f6riist)<\/title>\n<meta name=\"description\" content=\"Ingersoll Rand W9691 on 1\u2033 \u00d7 6\u2033 4000 Nm IQV20\u2122 akul\u00f6\u00f6kmutrikeeraja, mis pakub erakordset j\u00f5udlust raskete poltide ja mutrite avamisel. Harjadeta mootor ja tugev korpus tagavad vastupidavuse ka ekstreemsetes t\u00f6\u00f6oludes. Ainult t\u00f6\u00f6riist.\" \/>\n<meta name=\"robots\" content=\"index, follow, max-snippet:-1, max-image-preview:large, max-video-preview:-1\" \/>\n<link rel=\"canonical\" href=\"https:\/\/protech.nu\/et\/produkt\/ingersoll-rand-w9691-1x6-4000nm-iqv20-akuloogmutrikeeraja\/\" \/>\n<meta property=\"og:locale\" content=\"et_EE\" \/>\n<meta property=\"og:type\" content=\"article\" \/>\n<meta property=\"og:title\" content=\"Ingersoll Rand W9691 \u2013 1\u2033 \u00d7 6\u2033 4000 Nm IQV20 akul\u00f6\u00f6kmutrikeeraja (ainult t\u00f6\u00f6riist)\" \/>\n<meta property=\"og:description\" content=\"Ingersoll Rand W9691 on 1\u2033 \u00d7 6\u2033 4000 Nm IQV20\u2122 akul\u00f6\u00f6kmutrikeeraja, mis pakub erakordset j\u00f5udlust raskete poltide ja mutrite avamisel. Harjadeta mootor ja tugev korpus tagavad vastupidavuse ka ekstreemsetes t\u00f6\u00f6oludes. Ainult t\u00f6\u00f6riist.\" \/>\n<meta property=\"og:url\" content=\"https:\/\/protech.nu\/et\/produkt\/ingersoll-rand-w9691-1x6-4000nm-iqv20-akuloogmutrikeeraja\/\" \/>\n<meta property=\"og:site_name\" content=\"Protech\" \/>\n<meta property=\"article:publisher\" content=\"https:\/\/www.facebook.com\/Protech.nu\/\" \/>\n<meta property=\"article:modified_time\" content=\"2026-03-30T18:12:32+00:00\" \/>\n<meta property=\"og:image\" content=\"https:\/\/protech.nu\/wp-content\/uploads\/2025\/11\/ingersoll-rand-w9691-1x6in-4000nm-iqv20-akuloogmutrikeeraja.jpg\" \/>\n\t<meta property=\"og:image:width\" content=\"600\" \/>\n\t<meta property=\"og:image:height\" content=\"600\" \/>\n\t<meta property=\"og:image:type\" content=\"image\/jpeg\" \/>\n<meta name=\"twitter:card\" content=\"summary_large_image\" \/>\n<meta name=\"twitter:label1\" content=\"Est. reading time\" \/>\n\t<meta name=\"twitter:data1\" content=\"1 minut\" \/>\n<script type=\"application\/ld+json\" class=\"yoast-schema-graph\">{\"@context\":\"https:\\\/\\\/schema.org\",\"@graph\":[{\"@type\":\"WebPage\",\"@id\":\"https:\\\/\\\/protech.nu\\\/et\\\/produkt\\\/ingersoll-rand-w9691-1x6-4000nm-iqv20-akuloogmutrikeeraja\\\/\",\"url\":\"https:\\\/\\\/protech.nu\\\/et\\\/produkt\\\/ingersoll-rand-w9691-1x6-4000nm-iqv20-akuloogmutrikeeraja\\\/\",\"name\":\"Ingersoll Rand W9691 \u2013 1\u2033 \u00d7 6\u2033 4000 Nm IQV20 akul\u00f6\u00f6kmutrikeeraja (ainult t\u00f6\u00f6riist)\",\"isPartOf\":{\"@id\":\"https:\\\/\\\/protech.nu\\\/et\\\/#website\"},\"primaryImageOfPage\":{\"@id\":\"https:\\\/\\\/protech.nu\\\/et\\\/produkt\\\/ingersoll-rand-w9691-1x6-4000nm-iqv20-akuloogmutrikeeraja\\\/#primaryimage\"},\"image\":{\"@id\":\"https:\\\/\\\/protech.nu\\\/et\\\/produkt\\\/ingersoll-rand-w9691-1x6-4000nm-iqv20-akuloogmutrikeeraja\\\/#primaryimage\"},\"thumbnailUrl\":\"https:\\\/\\\/protech.nu\\\/wp-content\\\/uploads\\\/2025\\\/11\\\/ingersoll-rand-w9691-1x6in-4000nm-iqv20-akuloogmutrikeeraja.jpg\",\"datePublished\":\"2025-11-27T23:31:57+00:00\",\"dateModified\":\"2026-03-30T18:12:32+00:00\",\"description\":\"Ingersoll Rand W9691 on 1\u2033 \u00d7 6\u2033 4000 Nm IQV20\u2122 akul\u00f6\u00f6kmutrikeeraja, mis pakub erakordset j\u00f5udlust raskete poltide ja mutrite avamisel. Harjadeta mootor ja tugev korpus tagavad vastupidavuse ka ekstreemsetes t\u00f6\u00f6oludes. Ainult t\u00f6\u00f6riist.\",\"breadcrumb\":{\"@id\":\"https:\\\/\\\/protech.nu\\\/et\\\/produkt\\\/ingersoll-rand-w9691-1x6-4000nm-iqv20-akuloogmutrikeeraja\\\/#breadcrumb\"},\"inLanguage\":\"et\",\"potentialAction\":[{\"@type\":\"ReadAction\",\"target\":[\"https:\\\/\\\/protech.nu\\\/et\\\/produkt\\\/ingersoll-rand-w9691-1x6-4000nm-iqv20-akuloogmutrikeeraja\\\/\"]}]},{\"@type\":\"ImageObject\",\"inLanguage\":\"et\",\"@id\":\"https:\\\/\\\/protech.nu\\\/et\\\/produkt\\\/ingersoll-rand-w9691-1x6-4000nm-iqv20-akuloogmutrikeeraja\\\/#primaryimage\",\"url\":\"https:\\\/\\\/protech.nu\\\/wp-content\\\/uploads\\\/2025\\\/11\\\/ingersoll-rand-w9691-1x6in-4000nm-iqv20-akuloogmutrikeeraja.jpg\",\"contentUrl\":\"https:\\\/\\\/protech.nu\\\/wp-content\\\/uploads\\\/2025\\\/11\\\/ingersoll-rand-w9691-1x6in-4000nm-iqv20-akuloogmutrikeeraja.jpg\",\"width\":600,\"height\":600,\"caption\":\"Ingersoll Rand W9691 \u2013 1\u2033 \u00d7 6\u2033, 4000 Nm IQV20\u2122 professionaalne akul\u00f6\u00f6kmutrikeeraja\"},{\"@type\":\"BreadcrumbList\",\"@id\":\"https:\\\/\\\/protech.nu\\\/et\\\/produkt\\\/ingersoll-rand-w9691-1x6-4000nm-iqv20-akuloogmutrikeeraja\\\/#breadcrumb\",\"itemListElement\":[{\"@type\":\"ListItem\",\"position\":1,\"name\":\"Esileht\",\"item\":\"https:\\\/\\\/protech.nu\\\/et\\\/\"},{\"@type\":\"ListItem\",\"position\":2,\"name\":\"Tooted\",\"item\":\"https:\\\/\\\/protech.nu\\\/products\\\/\"},{\"@type\":\"ListItem\",\"position\":3,\"name\":\"Ingersoll Rand W9691 \u2013 1\u2033 \u00d7 6\u2033, 4000 Nm IQV20\u2122 akul\u00f6\u00f6kmutrikeeraja (ainult t\u00f6\u00f6riist)\"}]},{\"@type\":\"WebSite\",\"@id\":\"https:\\\/\\\/protech.nu\\\/et\\\/#website\",\"url\":\"https:\\\/\\\/protech.nu\\\/et\\\/\",\"name\":\"PROTECH\",\"description\":\"\",\"publisher\":{\"@id\":\"https:\\\/\\\/protech.nu\\\/et\\\/#organization\"},\"potentialAction\":[{\"@type\":\"SearchAction\",\"target\":{\"@type\":\"EntryPoint\",\"urlTemplate\":\"https:\\\/\\\/protech.nu\\\/et\\\/?s={search_term_string}\"},\"query-input\":{\"@type\":\"PropertyValueSpecification\",\"valueRequired\":true,\"valueName\":\"search_term_string\"}}],\"inLanguage\":\"et\"},{\"@type\":\"Organization\",\"@id\":\"https:\\\/\\\/protech.nu\\\/et\\\/#organization\",\"name\":\"MYPOWERTOOLSBOX\",\"alternateName\":\"ProTech\",\"url\":\"https:\\\/\\\/protech.nu\\\/et\\\/\",\"logo\":{\"@type\":\"ImageObject\",\"inLanguage\":\"et\",\"@id\":\"https:\\\/\\\/protech.nu\\\/et\\\/#\\\/schema\\\/logo\\\/image\\\/\",\"url\":\"https:\\\/\\\/2026.protech.nu\\\/wp-content\\\/uploads\\\/2026\\\/02\\\/ProTech.png\",\"contentUrl\":\"https:\\\/\\\/2026.protech.nu\\\/wp-content\\\/uploads\\\/2026\\\/02\\\/ProTech.png\",\"width\":1024,\"height\":1024,\"caption\":\"MYPOWERTOOLSBOX\"},\"image\":{\"@id\":\"https:\\\/\\\/protech.nu\\\/et\\\/#\\\/schema\\\/logo\\\/image\\\/\"},\"sameAs\":[\"https:\\\/\\\/www.facebook.com\\\/Protech.nu\\\/\",\"https:\\\/\\\/www.instagram.com\\\/protech_sweden\\\/\",\"https:\\\/\\\/www.linkedin.com\\\/company\\\/protech-professional-technologies-sweden-ab\\\/\",\"https:\\\/\\\/www.youtube.com\\\/@Protech_nu\"]}]}<\/script>\n<!-- \/ Yoast SEO plugin. -->","yoast_head_json":{"title":"Ingersoll Rand W9691 \u2013 1\u2033 \u00d7 6\u2033 4000 Nm IQV20 akul\u00f6\u00f6kmutrikeeraja (ainult t\u00f6\u00f6riist)","description":"Ingersoll Rand W9691 on 1\u2033 \u00d7 6\u2033 4000 Nm IQV20\u2122 akul\u00f6\u00f6kmutrikeeraja, mis pakub erakordset j\u00f5udlust raskete poltide ja mutrite avamisel. Harjadeta mootor ja tugev korpus tagavad vastupidavuse ka ekstreemsetes t\u00f6\u00f6oludes. Ainult t\u00f6\u00f6riist.","robots":{"index":"index","follow":"follow","max-snippet":"max-snippet:-1","max-image-preview":"max-image-preview:large","max-video-preview":"max-video-preview:-1"},"canonical":"https:\/\/protech.nu\/et\/produkt\/ingersoll-rand-w9691-1x6-4000nm-iqv20-akuloogmutrikeeraja\/","og_locale":"et_EE","og_type":"article","og_title":"Ingersoll Rand W9691 \u2013 1\u2033 \u00d7 6\u2033 4000 Nm IQV20 akul\u00f6\u00f6kmutrikeeraja (ainult t\u00f6\u00f6riist)","og_description":"Ingersoll Rand W9691 on 1\u2033 \u00d7 6\u2033 4000 Nm IQV20\u2122 akul\u00f6\u00f6kmutrikeeraja, mis pakub erakordset j\u00f5udlust raskete poltide ja mutrite avamisel. Harjadeta mootor ja tugev korpus tagavad vastupidavuse ka ekstreemsetes t\u00f6\u00f6oludes. Ainult t\u00f6\u00f6riist.","og_url":"https:\/\/protech.nu\/et\/produkt\/ingersoll-rand-w9691-1x6-4000nm-iqv20-akuloogmutrikeeraja\/","og_site_name":"Protech","article_publisher":"https:\/\/www.facebook.com\/Protech.nu\/","article_modified_time":"2026-03-30T18:12:32+00:00","og_image":[{"width":600,"height":600,"url":"https:\/\/protech.nu\/wp-content\/uploads\/2025\/11\/ingersoll-rand-w9691-1x6in-4000nm-iqv20-akuloogmutrikeeraja.jpg","type":"image\/jpeg"}],"twitter_card":"summary_large_image","twitter_misc":{"Est. reading time":"1 minut"},"schema":{"@context":"https:\/\/schema.org","@graph":[{"@type":"WebPage","@id":"https:\/\/protech.nu\/et\/produkt\/ingersoll-rand-w9691-1x6-4000nm-iqv20-akuloogmutrikeeraja\/","url":"https:\/\/protech.nu\/et\/produkt\/ingersoll-rand-w9691-1x6-4000nm-iqv20-akuloogmutrikeeraja\/","name":"Ingersoll Rand W9691 \u2013 1\u2033 \u00d7 6\u2033 4000 Nm IQV20 akul\u00f6\u00f6kmutrikeeraja (ainult t\u00f6\u00f6riist)","isPartOf":{"@id":"https:\/\/protech.nu\/et\/#website"},"primaryImageOfPage":{"@id":"https:\/\/protech.nu\/et\/produkt\/ingersoll-rand-w9691-1x6-4000nm-iqv20-akuloogmutrikeeraja\/#primaryimage"},"image":{"@id":"https:\/\/protech.nu\/et\/produkt\/ingersoll-rand-w9691-1x6-4000nm-iqv20-akuloogmutrikeeraja\/#primaryimage"},"thumbnailUrl":"https:\/\/protech.nu\/wp-content\/uploads\/2025\/11\/ingersoll-rand-w9691-1x6in-4000nm-iqv20-akuloogmutrikeeraja.jpg","datePublished":"2025-11-27T23:31:57+00:00","dateModified":"2026-03-30T18:12:32+00:00","description":"Ingersoll Rand W9691 on 1\u2033 \u00d7 6\u2033 4000 Nm IQV20\u2122 akul\u00f6\u00f6kmutrikeeraja, mis pakub erakordset j\u00f5udlust raskete poltide ja mutrite avamisel. Harjadeta mootor ja tugev korpus tagavad vastupidavuse ka ekstreemsetes t\u00f6\u00f6oludes. Ainult t\u00f6\u00f6riist.","breadcrumb":{"@id":"https:\/\/protech.nu\/et\/produkt\/ingersoll-rand-w9691-1x6-4000nm-iqv20-akuloogmutrikeeraja\/#breadcrumb"},"inLanguage":"et","potentialAction":[{"@type":"ReadAction","target":["https:\/\/protech.nu\/et\/produkt\/ingersoll-rand-w9691-1x6-4000nm-iqv20-akuloogmutrikeeraja\/"]}]},{"@type":"ImageObject","inLanguage":"et","@id":"https:\/\/protech.nu\/et\/produkt\/ingersoll-rand-w9691-1x6-4000nm-iqv20-akuloogmutrikeeraja\/#primaryimage","url":"https:\/\/protech.nu\/wp-content\/uploads\/2025\/11\/ingersoll-rand-w9691-1x6in-4000nm-iqv20-akuloogmutrikeeraja.jpg","contentUrl":"https:\/\/protech.nu\/wp-content\/uploads\/2025\/11\/ingersoll-rand-w9691-1x6in-4000nm-iqv20-akuloogmutrikeeraja.jpg","width":600,"height":600,"caption":"Ingersoll Rand W9691 \u2013 1\u2033 \u00d7 6\u2033, 4000 Nm IQV20\u2122 professionaalne akul\u00f6\u00f6kmutrikeeraja"},{"@type":"BreadcrumbList","@id":"https:\/\/protech.nu\/et\/produkt\/ingersoll-rand-w9691-1x6-4000nm-iqv20-akuloogmutrikeeraja\/#breadcrumb","itemListElement":[{"@type":"ListItem","position":1,"name":"Esileht","item":"https:\/\/protech.nu\/et\/"},{"@type":"ListItem","position":2,"name":"Tooted","item":"https:\/\/protech.nu\/products\/"},{"@type":"ListItem","position":3,"name":"Ingersoll Rand W9691 \u2013 1\u2033 \u00d7 6\u2033, 4000 Nm IQV20\u2122 akul\u00f6\u00f6kmutrikeeraja (ainult t\u00f6\u00f6riist)"}]},{"@type":"WebSite","@id":"https:\/\/protech.nu\/et\/#website","url":"https:\/\/protech.nu\/et\/","name":"PROTECH","description":"","publisher":{"@id":"https:\/\/protech.nu\/et\/#organization"},"potentialAction":[{"@type":"SearchAction","target":{"@type":"EntryPoint","urlTemplate":"https:\/\/protech.nu\/et\/?s={search_term_string}"},"query-input":{"@type":"PropertyValueSpecification","valueRequired":true,"valueName":"search_term_string"}}],"inLanguage":"et"},{"@type":"Organization","@id":"https:\/\/protech.nu\/et\/#organization","name":"MYPOWERTOOLSBOX","alternateName":"ProTech","url":"https:\/\/protech.nu\/et\/","logo":{"@type":"ImageObject","inLanguage":"et","@id":"https:\/\/protech.nu\/et\/#\/schema\/logo\/image\/","url":"https:\/\/2026.protech.nu\/wp-content\/uploads\/2026\/02\/ProTech.png","contentUrl":"https:\/\/2026.protech.nu\/wp-content\/uploads\/2026\/02\/ProTech.png","width":1024,"height":1024,"caption":"MYPOWERTOOLSBOX"},"image":{"@id":"https:\/\/protech.nu\/et\/#\/schema\/logo\/image\/"},"sameAs":["https:\/\/www.facebook.com\/Protech.nu\/","https:\/\/www.instagram.com\/protech_sweden\/","https:\/\/www.linkedin.com\/company\/protech-professional-technologies-sweden-ab\/","https:\/\/www.youtube.com\/@Protech_nu"]}]}},"_links":{"self":[{"href":"https:\/\/protech.nu\/et\/wp-json\/wp\/v2\/product\/3776","targetHints":{"allow":["GET"]}}],"collection":[{"href":"https:\/\/protech.nu\/et\/wp-json\/wp\/v2\/product"}],"about":[{"href":"https:\/\/protech.nu\/et\/wp-json\/wp\/v2\/types\/product"}],"replies":[{"embeddable":true,"href":"https:\/\/protech.nu\/et\/wp-json\/wp\/v2\/comments?post=3776"}],"wp:featuredmedia":[{"embeddable":true,"href":"https:\/\/protech.nu\/et\/wp-json\/wp\/v2\/media\/3786"}],"wp:attachment":[{"href":"https:\/\/protech.nu\/et\/wp-json\/wp\/v2\/media?parent=3776"}],"wp:term":[{"taxonomy":"product_brand","embeddable":true,"href":"https:\/\/protech.nu\/et\/wp-json\/wp\/v2\/product_brand?post=3776"},{"taxonomy":"product_cat","embeddable":true,"href":"https:\/\/protech.nu\/et\/wp-json\/wp\/v2\/product_cat?post=3776"},{"taxonomy":"product_tag","embeddable":true,"href":"https:\/\/protech.nu\/et\/wp-json\/wp\/v2\/product_tag?post=3776"}],"curies":[{"name":"wp","href":"https:\/\/api.w.org\/{rel}","templated":true}]}}