{"id":1050,"date":"2025-02-23T13:58:44","date_gmt":"2025-02-23T13:58:44","guid":{"rendered":"https:\/\/protech.nu\/etusivu\/"},"modified":"2025-10-27T18:23:54","modified_gmt":"2025-10-27T18:23:54","slug":"etusivu","status":"publish","type":"page","link":"https:\/\/protech.nu\/fi\/etusivu\/","title":{"rendered":"Etusivu"},"content":{"rendered":"\n<figure class=\"wp-block-image size-large\"><img decoding=\"async\" src=\"https:\/\/protech.nu\/wp-content\/uploads\/2025\/07\/IQi_Transducerized-Contoller_800x600px-1024x768.webp\" alt=\"MATALAN V&#xC4;&#xC4;NT&#xD6;MOMENTIN TARKKUUSTY&#xD6;KALU IQi-SARJAN S&#xC4;HK&#xD6;RUUVINV&#xC4;&#xC4;NNIN\" class=\"wp-image-111\"\/><\/figure>\n","protected":false},"excerpt":{"rendered":"","protected":false},"author":1,"featured_media":0,"parent":0,"menu_order":0,"comment_status":"closed","ping_status":"closed","template":"elementor_header_footer","meta":{"_acf_changed":false,"_monsterinsights_skip_tracking":false,"_monsterinsights_sitenote_active":false,"_monsterinsights_sitenote_note":"","_monsterinsights_sitenote_category":0,"_themeisle_gutenberg_block_has_review":false,"footnotes":""},"class_list":["post-1050","page","type-page","status-publish","hentry"],"acf":[],"yoast_head":"<!-- This site is optimized with the Yoast SEO plugin v27.6 - https:\/\/yoast.com\/product\/yoast-seo-wordpress\/ -->\n<title>MyPowerToolsBox O\u00dc \u2013 Ingersoll Rand akku- ja paineilmaty\u00f6kalut sek\u00e4 teollisuusratkaisut<\/title>\n<meta name=\"description\" content=\"Ingersoll Rand akku- ja paineilmaty\u00f6kalut, tarkat kiinnitysratkaisut ja nostoj\u00e4rjestelm\u00e4t. Virallinen j\u00e4lleenmyyj\u00e4 Virossa. Ilmainen toimitus yli 150 \u20ac tilauksille.\" \/>\n<meta name=\"robots\" content=\"index, follow, max-snippet:-1, max-image-preview:large, max-video-preview:-1\" \/>\n<link rel=\"canonical\" href=\"https:\/\/protech.nu\/fi\/etusivu\/\" \/>\n<meta property=\"og:locale\" content=\"fi_FI\" \/>\n<meta property=\"og:type\" content=\"article\" \/>\n<meta property=\"og:title\" content=\"MyPowerToolsBox O\u00dc \u2013 Ingersoll Rand akku- ja paineilmaty\u00f6kalut sek\u00e4 teollisuusratkaisut\" \/>\n<meta property=\"og:description\" content=\"Ingersoll Rand akku- ja paineilmaty\u00f6kalut, tarkat kiinnitysratkaisut ja nostoj\u00e4rjestelm\u00e4t. Virallinen j\u00e4lleenmyyj\u00e4 Virossa. Ilmainen toimitus yli 150 \u20ac tilauksille.\" \/>\n<meta property=\"og:url\" content=\"https:\/\/protech.nu\/fi\/etusivu\/\" \/>\n<meta property=\"og:site_name\" content=\"ProTech\" \/>\n<meta property=\"article:publisher\" content=\"https:\/\/www.facebook.com\/Protech.nu\/\" \/>\n<meta property=\"article:modified_time\" content=\"2025-10-27T18:23:54+00:00\" \/>\n<meta property=\"og:image\" content=\"https:\/\/2026.protech.nu\/wp-content\/uploads\/2025\/07\/IQi_Transducerized-Contoller_800x600px-1024x768.webp\" \/>\n<meta name=\"twitter:card\" content=\"summary_large_image\" \/>\n<meta name=\"twitter:label1\" content=\"Arvioitu lukuaika\" \/>\n\t<meta name=\"twitter:data1\" content=\"1 minuutti\" \/>\n<script type=\"application\/ld+json\" class=\"yoast-schema-graph\">{\"@context\":\"https:\\\/\\\/schema.org\",\"@graph\":[{\"@type\":[\"WebPage\",\"AboutPage\"],\"@id\":\"https:\\\/\\\/protech.nu\\\/fi\\\/etusivu\\\/\",\"url\":\"https:\\\/\\\/protech.nu\\\/fi\\\/etusivu\\\/\",\"name\":\"MyPowerToolsBox O\u00dc \u2013 Ingersoll Rand akku- ja paineilmaty\u00f6kalut sek\u00e4 teollisuusratkaisut\",\"isPartOf\":{\"@id\":\"https:\\\/\\\/protech.nu\\\/fi\\\/#website\"},\"primaryImageOfPage\":{\"@id\":\"https:\\\/\\\/protech.nu\\\/fi\\\/etusivu\\\/#primaryimage\"},\"image\":{\"@id\":\"https:\\\/\\\/protech.nu\\\/fi\\\/etusivu\\\/#primaryimage\"},\"thumbnailUrl\":\"https:\\\/\\\/2026.protech.nu\\\/wp-content\\\/uploads\\\/2025\\\/07\\\/IQi_Transducerized-Contoller_800x600px-1024x768.webp\",\"datePublished\":\"2025-02-23T13:58:44+00:00\",\"dateModified\":\"2025-10-27T18:23:54+00:00\",\"description\":\"Ingersoll Rand akku- ja paineilmaty\u00f6kalut, tarkat kiinnitysratkaisut ja nostoj\u00e4rjestelm\u00e4t. Virallinen j\u00e4lleenmyyj\u00e4 Virossa. Ilmainen toimitus yli 150 \u20ac tilauksille.\",\"breadcrumb\":{\"@id\":\"https:\\\/\\\/protech.nu\\\/fi\\\/etusivu\\\/#breadcrumb\"},\"inLanguage\":\"fi\",\"potentialAction\":[{\"@type\":\"ReadAction\",\"target\":[\"https:\\\/\\\/protech.nu\\\/fi\\\/etusivu\\\/\"]}]},{\"@type\":\"ImageObject\",\"inLanguage\":\"fi\",\"@id\":\"https:\\\/\\\/protech.nu\\\/fi\\\/etusivu\\\/#primaryimage\",\"url\":\"https:\\\/\\\/2026.protech.nu\\\/wp-content\\\/uploads\\\/2025\\\/07\\\/IQi_Transducerized-Contoller_800x600px-1024x768.webp\",\"contentUrl\":\"https:\\\/\\\/2026.protech.nu\\\/wp-content\\\/uploads\\\/2025\\\/07\\\/IQi_Transducerized-Contoller_800x600px-1024x768.webp\"},{\"@type\":\"BreadcrumbList\",\"@id\":\"https:\\\/\\\/protech.nu\\\/fi\\\/etusivu\\\/#breadcrumb\",\"itemListElement\":[{\"@type\":\"ListItem\",\"position\":1,\"name\":\"Etusivu\",\"item\":\"https:\\\/\\\/protech.nu\\\/fi\\\/\"},{\"@type\":\"ListItem\",\"position\":2,\"name\":\"Etusivu\"}]},{\"@type\":\"WebSite\",\"@id\":\"https:\\\/\\\/protech.nu\\\/fi\\\/#website\",\"url\":\"https:\\\/\\\/protech.nu\\\/fi\\\/\",\"name\":\"PROTECH\",\"description\":\"\",\"publisher\":{\"@id\":\"https:\\\/\\\/protech.nu\\\/fi\\\/#organization\"},\"potentialAction\":[{\"@type\":\"SearchAction\",\"target\":{\"@type\":\"EntryPoint\",\"urlTemplate\":\"https:\\\/\\\/protech.nu\\\/fi\\\/?s={search_term_string}\"},\"query-input\":{\"@type\":\"PropertyValueSpecification\",\"valueRequired\":true,\"valueName\":\"search_term_string\"}}],\"inLanguage\":\"fi\"},{\"@type\":\"Organization\",\"@id\":\"https:\\\/\\\/protech.nu\\\/fi\\\/#organization\",\"name\":\"MYPOWERTOOLSBOX\",\"alternateName\":\"ProTech\",\"url\":\"https:\\\/\\\/protech.nu\\\/fi\\\/\",\"logo\":{\"@type\":\"ImageObject\",\"inLanguage\":\"fi\",\"@id\":\"https:\\\/\\\/protech.nu\\\/fi\\\/#\\\/schema\\\/logo\\\/image\\\/\",\"url\":\"https:\\\/\\\/2026.protech.nu\\\/wp-content\\\/uploads\\\/2026\\\/02\\\/ProTech.png\",\"contentUrl\":\"https:\\\/\\\/2026.protech.nu\\\/wp-content\\\/uploads\\\/2026\\\/02\\\/ProTech.png\",\"width\":1024,\"height\":1024,\"caption\":\"MYPOWERTOOLSBOX\"},\"image\":{\"@id\":\"https:\\\/\\\/protech.nu\\\/fi\\\/#\\\/schema\\\/logo\\\/image\\\/\"},\"sameAs\":[\"https:\\\/\\\/www.facebook.com\\\/Protech.nu\\\/\",\"https:\\\/\\\/www.instagram.com\\\/protech_sweden\\\/\",\"https:\\\/\\\/www.linkedin.com\\\/company\\\/protech-professional-technologies-sweden-ab\\\/\",\"https:\\\/\\\/www.youtube.com\\\/@Protech_nu\"]}]}<\/script>\n<!-- \/ Yoast SEO plugin. -->","yoast_head_json":{"title":"MyPowerToolsBox O\u00dc \u2013 Ingersoll Rand akku- ja paineilmaty\u00f6kalut sek\u00e4 teollisuusratkaisut","description":"Ingersoll Rand akku- ja paineilmaty\u00f6kalut, tarkat kiinnitysratkaisut ja nostoj\u00e4rjestelm\u00e4t. Virallinen j\u00e4lleenmyyj\u00e4 Virossa. Ilmainen toimitus yli 150 \u20ac tilauksille.","robots":{"index":"index","follow":"follow","max-snippet":"max-snippet:-1","max-image-preview":"max-image-preview:large","max-video-preview":"max-video-preview:-1"},"canonical":"https:\/\/protech.nu\/fi\/etusivu\/","og_locale":"fi_FI","og_type":"article","og_title":"MyPowerToolsBox O\u00dc \u2013 Ingersoll Rand akku- ja paineilmaty\u00f6kalut sek\u00e4 teollisuusratkaisut","og_description":"Ingersoll Rand akku- ja paineilmaty\u00f6kalut, tarkat kiinnitysratkaisut ja nostoj\u00e4rjestelm\u00e4t. Virallinen j\u00e4lleenmyyj\u00e4 Virossa. Ilmainen toimitus yli 150 \u20ac tilauksille.","og_url":"https:\/\/protech.nu\/fi\/etusivu\/","og_site_name":"ProTech","article_publisher":"https:\/\/www.facebook.com\/Protech.nu\/","article_modified_time":"2025-10-27T18:23:54+00:00","og_image":[{"url":"https:\/\/2026.protech.nu\/wp-content\/uploads\/2025\/07\/IQi_Transducerized-Contoller_800x600px-1024x768.webp","type":"","width":"","height":""}],"twitter_card":"summary_large_image","twitter_misc":{"Arvioitu lukuaika":"1 minuutti"},"schema":{"@context":"https:\/\/schema.org","@graph":[{"@type":["WebPage","AboutPage"],"@id":"https:\/\/protech.nu\/fi\/etusivu\/","url":"https:\/\/protech.nu\/fi\/etusivu\/","name":"MyPowerToolsBox O\u00dc \u2013 Ingersoll Rand akku- ja paineilmaty\u00f6kalut sek\u00e4 teollisuusratkaisut","isPartOf":{"@id":"https:\/\/protech.nu\/fi\/#website"},"primaryImageOfPage":{"@id":"https:\/\/protech.nu\/fi\/etusivu\/#primaryimage"},"image":{"@id":"https:\/\/protech.nu\/fi\/etusivu\/#primaryimage"},"thumbnailUrl":"https:\/\/2026.protech.nu\/wp-content\/uploads\/2025\/07\/IQi_Transducerized-Contoller_800x600px-1024x768.webp","datePublished":"2025-02-23T13:58:44+00:00","dateModified":"2025-10-27T18:23:54+00:00","description":"Ingersoll Rand akku- ja paineilmaty\u00f6kalut, tarkat kiinnitysratkaisut ja nostoj\u00e4rjestelm\u00e4t. Virallinen j\u00e4lleenmyyj\u00e4 Virossa. Ilmainen toimitus yli 150 \u20ac tilauksille.","breadcrumb":{"@id":"https:\/\/protech.nu\/fi\/etusivu\/#breadcrumb"},"inLanguage":"fi","potentialAction":[{"@type":"ReadAction","target":["https:\/\/protech.nu\/fi\/etusivu\/"]}]},{"@type":"ImageObject","inLanguage":"fi","@id":"https:\/\/protech.nu\/fi\/etusivu\/#primaryimage","url":"https:\/\/2026.protech.nu\/wp-content\/uploads\/2025\/07\/IQi_Transducerized-Contoller_800x600px-1024x768.webp","contentUrl":"https:\/\/2026.protech.nu\/wp-content\/uploads\/2025\/07\/IQi_Transducerized-Contoller_800x600px-1024x768.webp"},{"@type":"BreadcrumbList","@id":"https:\/\/protech.nu\/fi\/etusivu\/#breadcrumb","itemListElement":[{"@type":"ListItem","position":1,"name":"Etusivu","item":"https:\/\/protech.nu\/fi\/"},{"@type":"ListItem","position":2,"name":"Etusivu"}]},{"@type":"WebSite","@id":"https:\/\/protech.nu\/fi\/#website","url":"https:\/\/protech.nu\/fi\/","name":"PROTECH","description":"","publisher":{"@id":"https:\/\/protech.nu\/fi\/#organization"},"potentialAction":[{"@type":"SearchAction","target":{"@type":"EntryPoint","urlTemplate":"https:\/\/protech.nu\/fi\/?s={search_term_string}"},"query-input":{"@type":"PropertyValueSpecification","valueRequired":true,"valueName":"search_term_string"}}],"inLanguage":"fi"},{"@type":"Organization","@id":"https:\/\/protech.nu\/fi\/#organization","name":"MYPOWERTOOLSBOX","alternateName":"ProTech","url":"https:\/\/protech.nu\/fi\/","logo":{"@type":"ImageObject","inLanguage":"fi","@id":"https:\/\/protech.nu\/fi\/#\/schema\/logo\/image\/","url":"https:\/\/2026.protech.nu\/wp-content\/uploads\/2026\/02\/ProTech.png","contentUrl":"https:\/\/2026.protech.nu\/wp-content\/uploads\/2026\/02\/ProTech.png","width":1024,"height":1024,"caption":"MYPOWERTOOLSBOX"},"image":{"@id":"https:\/\/protech.nu\/fi\/#\/schema\/logo\/image\/"},"sameAs":["https:\/\/www.facebook.com\/Protech.nu\/","https:\/\/www.instagram.com\/protech_sweden\/","https:\/\/www.linkedin.com\/company\/protech-professional-technologies-sweden-ab\/","https:\/\/www.youtube.com\/@Protech_nu"]}]}},"_links":{"self":[{"href":"https:\/\/protech.nu\/fi\/wp-json\/wp\/v2\/pages\/1050","targetHints":{"allow":["GET"]}}],"collection":[{"href":"https:\/\/protech.nu\/fi\/wp-json\/wp\/v2\/pages"}],"about":[{"href":"https:\/\/protech.nu\/fi\/wp-json\/wp\/v2\/types\/page"}],"author":[{"embeddable":true,"href":"https:\/\/protech.nu\/fi\/wp-json\/wp\/v2\/users\/1"}],"replies":[{"embeddable":true,"href":"https:\/\/protech.nu\/fi\/wp-json\/wp\/v2\/comments?post=1050"}],"version-history":[{"count":1,"href":"https:\/\/protech.nu\/fi\/wp-json\/wp\/v2\/pages\/1050\/revisions"}],"predecessor-version":[{"id":1051,"href":"https:\/\/protech.nu\/fi\/wp-json\/wp\/v2\/pages\/1050\/revisions\/1051"}],"wp:attachment":[{"href":"https:\/\/protech.nu\/fi\/wp-json\/wp\/v2\/media?parent=1050"}],"curies":[{"name":"wp","href":"https:\/\/api.w.org\/{rel}","templated":true}]}}