{"id":4045,"date":"2025-11-30T13:43:38","date_gmt":"2025-11-30T13:43:38","guid":{"rendered":"https:\/\/protech.nu\/alytyokalut-teollisuus-4-0\/"},"modified":"2025-11-30T13:43:38","modified_gmt":"2025-11-30T13:43:38","slug":"alytyokalut-teollisuus-4-0","status":"publish","type":"page","link":"https:\/\/protech.nu\/fi\/alytyokalut-teollisuus-4-0\/","title":{"rendered":"\u00c4lyty\u00f6kalut \u2013 Teollisuus 4.0"},"content":{"rendered":"<h2>\u00c4lyty\u00f6kalut \u2013 Teollisuus 4.0<\/h2>\n<p><em>Mik\u00e4 tekee ty\u00f6kalusta aidosti \u201d\u00e4lykk\u00e4\u00e4n\u201d ja miksi valmistavat yritykset siirtyv\u00e4t Ingersoll Randin \u00e4lykk\u00e4isiin ratkaisuihin?<\/em><\/p>\n<hr \/>\n<h3>Miksi \u00e4lyty\u00f6kalut ovat tulevaisuuden teollisuusstandardi?<\/h3>\n<p>\u00c4lyty\u00f6kalut hy\u00f6dynt\u00e4v\u00e4t antureita, reaaliaikaista ohjausta, momentinvalvontaa ja kommunikointia tuotantolinjan kanssa.<br \/>\nT\u00e4m\u00e4n ansiosta saadaan:<\/p>\n<ul>\n<li>t\u00e4sm\u00e4llinen ja toistettava laatu jokaisessa liitoksessa;<\/li>\n<li>v\u00e4hemm\u00e4n hukkamateriaalia;<\/li>\n<li>v\u00e4hemm\u00e4n uudelleenty\u00f6st\u00f6\u00e4;<\/li>\n<li>nopeammat prosessit ja lyhyempi seisokkiaika;<\/li>\n<li>matalammat k\u00e4ytt\u00f6kustannukset;<\/li>\n<li>t\u00e4ysi digitaalinen j\u00e4ljitett\u00e4vyys.<\/li>\n<\/ul>\n<hr \/>\n<h3>1. Nopea k\u00e4ytt\u00f6\u00f6notto<\/h3>\n<p>Perinteisten ty\u00f6kalujen asetusten muuttaminen on hidasta ja vaatii paljon k\u00e4sity\u00f6t\u00e4.<br \/>\n\u00c4lyty\u00f6kalujen kanssa tilanne on toinen:<\/p>\n<ul>\n<li>kiristysohjelmien luonti ja muokkaus vie alle 2 minuuttia;<\/li>\n<li>asetukset tehd\u00e4\u00e4n ty\u00f6kalun n\u00e4yt\u00f6lt\u00e4, tietokoneelta tai verkkoselaimesta;<\/li>\n<li>et\u00e4hallinta ja diagnostiikka ovat mahdollisia (IQi \/ QX \/ INSIGHT -alustat).<\/li>\n<\/ul>\n<p><strong>Tulos:<\/strong> v\u00e4hemm\u00e4n seisokkia ja huomattavasti sujuvampi ty\u00f6nkulku.<\/p>\n<hr \/>\n<h3>2. Parempi laatu<\/h3>\n<p>\u00c4lyty\u00f6kalut auttavat v\u00e4ltt\u00e4m\u00e4\u00e4n tyypilliset kiristysvirheet:<\/p>\n<ul>\n<li>ristikierteitys;<\/li>\n<li>ylikiristys;<\/li>\n<li>alikiristys.<\/li>\n<\/ul>\n<p>T\u00e4m\u00e4 onnistuu, koska k\u00e4yt\u00f6ss\u00e4 on:<\/p>\n<ul>\n<li>momenttianturit tarkkaan momentinmittaukseen;<\/li>\n<li>kulma- ja asentotunnistimet;<\/li>\n<li>prosessin reaaliaikainen valvonta.<\/li>\n<\/ul>\n<p><strong>Tulos:<\/strong> tasainen laatu riippumatta operaattorista.<\/p>\n<hr \/>\n<h3>3. Standardien t\u00e4ytt\u00e4minen ja j\u00e4ljitett\u00e4vyys<\/h3>\n<p>\u00c4lyty\u00f6kalut kirjaavat jokaisen kiristyksen ja luovat t\u00e4ydellisen digitaalisen kirjausketjun:<\/p>\n<ul>\n<li>momentti ja kulma;<\/li>\n<li>kiertoaika;<\/li>\n<li>OK \/ NOK -tulos;<\/li>\n<li>operaattorin ID ja aseman tiedot;<\/li>\n<li>tarvittaessa er\u00e4- ja tuotetiedot.<\/li>\n<\/ul>\n<p>T\u00e4m\u00e4 helpottaa auditointeja ja v\u00e4hent\u00e4\u00e4 takuukustannuksia sek\u00e4 oikeudellisia riskej\u00e4.<\/p>\n<hr \/>\n<h3>4. Prosessien optimointi<\/h3>\n<p>\u00c4lyty\u00f6kalut ovat osa koko tuotantoprosessin ohjausta:<\/p>\n<ul>\n<li>MES- ja Fieldbus-yhteydet suoraan ty\u00f6kaluun tai ohjaimeen;<\/li>\n<li>automaattinen ohjelman vaihto ty\u00f6n tai kappaleen mukaan;<\/li>\n<li>digitaalinen ty\u00f6pisteohjaus ja v\u00e4lit\u00f6n palaute operaattorille.<\/li>\n<\/ul>\n<p>RTS Connect- ja QX-sarjan ratkaisut voivat tarjota jopa <strong>77 % nopeamman kiristyksen<\/strong> verrattuna tavallisiin akkuk\u00e4ytt\u00f6isiin mutterinv\u00e4\u00e4ntimiin.<\/p>\n<hr \/>\n<h3>5. Pienemm\u00e4t kokonaiskustannukset<\/h3>\n<p>Vaikka \u00e4lyty\u00f6kalu voi olla hankintahinnaltaan kalliimpi, kokonaiskustannus on pitk\u00e4ll\u00e4 aikav\u00e4lill\u00e4 selv\u00e4sti pienempi:<\/p>\n<ul>\n<li>v\u00e4hemm\u00e4n hylky\u00e4 ja virheellisi\u00e4 tuotteita;<\/li>\n<li>v\u00e4hemm\u00e4n uudelleenty\u00f6st\u00f6\u00e4 ja lis\u00e4ty\u00f6t\u00e4;<\/li>\n<li>pidempi ty\u00f6kalujen ja lis\u00e4varusteiden elinik\u00e4;<\/li>\n<li>eritt\u00e4in korkea luotettavuus (yli <strong>1 000 000 jaksoa<\/strong> raskaissa tuotantolinjoissa).<\/li>\n<\/ul>\n<hr \/>\n<h3>Kenelle \u00e4lyty\u00f6kalut sopivat?<\/h3>\n<ul>\n<li>elektroniikkateollisuus;<\/li>\n<li>henkil\u00f6- ja hy\u00f6tyajoneuvojen valmistus;<\/li>\n<li>raskaiden koneiden ja laitteiden valmistus;<\/li>\n<li>energia- ja infrastruktuurialat;<\/li>\n<li>kaikki tuotantoymp\u00e4rist\u00f6t, joissa momentinhallinta ja j\u00e4ljitett\u00e4vyys ovat t\u00e4rkeit\u00e4.<\/li>\n<\/ul>\n<p>Erityisen paljon hy\u00f6tyv\u00e4t yritykset, jotka haluavat:<\/p>\n<ul>\n<li>nostaa laatutasoa ja v\u00e4hent\u00e4\u00e4 virheit\u00e4;<\/li>\n<li>pienent\u00e4\u00e4 ty\u00f6- ja materiaalikustannuksia;<\/li>\n<li>automatisoida ty\u00f6pisteit\u00e4 ja vakioida prosesseja;<\/li>\n<li>valmistautua Teollisuus 4.0 -vaatimuksiin ja tiukempiin asiakasstandardeihin.<\/li>\n<\/ul>\n<hr \/>\n<h2>Ingersoll Rand Smart Tools -tuoteperheiden yhteenveto<\/h2>\n<ul>\n<li><strong><a href=\"https:\/\/protech.nu\/fi\/tuotekategoria\/ingersoll-rand-tarkkuusruuvinvayantimet-ja-mutterinvayantimet\/ingersoll-rand-iqi-momenttiohjatut-ruuvinvayntimet\/?v=08a4415e9d59\" target=\"_blank\" rel=\"noopener\">IQi-sarja<\/a><\/strong> \u2013 momenttiohjatut, anturiohjatut s\u00e4hk\u00f6ruuvinv\u00e4\u00e4ntimet.<\/li>\n<li><strong><a href=\"\/?product_cat=ingersoll-rand-qx-connect-sarjan-momenttiohjatut-tarkkuusruuvinvayntimet&#038;v=08a4415e9d59\" target=\"_blank\" rel=\"noopener\">QX Connect -sarja \/ QX Limitless WiFi<\/a><\/strong> \u2013 momenttiohjatut tarkkuusruuvinv\u00e4\u00e4ntimet ja mutterinv\u00e4\u00e4ntimet, my\u00f6s WiFi\/Bluetooth-yhteydell\u00e4 INSIGHT-ohjaimeen liitett\u00e4v\u00e4t \u00e4lyty\u00f6kalut.<\/li>\n<li><strong><a href=\"\/?product_cat=ingersoll-rand-qc-sarja-kytkinmekanismilla-varustetut-tyokalut&#038;v=08a4415e9d59\" target=\"_blank\" rel=\"noopener\">QC-sarja<\/a><\/strong> \u2013 kytkinmekanismilla varustetut tarkkuusty\u00f6kalut.<\/li>\n<li><strong><a href=\"\/?product_cat=ingersoll-rand-rts-sarja-mekaaninen-pulssimekanismi-ruuvinvayntimetimpulssimekanismilla&#038;v=08a4415e9d59\" target=\"_blank\" rel=\"noopener\">RTS-sarja (RTS Connect)<\/a><\/strong> \u2013 mekaanisella pulssimekanismilla varustetut \u00e4lykk\u00e4\u00e4t ruuvinv\u00e4\u00e4ntimet nopeaan ja hallittuun kiristykseen.<\/li>\n<\/ul>\n<hr \/>\n<h3>Lue lis\u00e4\u00e4: \u201cWhat Makes a Smart Tool \u2018Smart\u2019?\u201d<\/h3>\n<p>Alkuper\u00e4inen artikkeli Ingersoll Randin sivustolla:<br \/>\n<br \/>\n<a href=\"https:\/\/powertools.ingersollrand.com\/en\/news\/what-makes-a-smart-tool-smart\/\" target=\"_blank\" rel=\"noopener\"><br \/>\nhttps:\/\/powertools.ingersollrand.com\/en\/news\/what-makes-a-smart-tool-smart\/<br \/>\n<\/a><\/p>\n<hr \/>\n<h3>Ota yhteytt\u00e4 Smart Tools -pilottiprojektista<\/h3>\n<p>Haluatko testata \u00e4lyty\u00f6kaluja tuotantolinjallasi, n\u00e4hd\u00e4 ROI-laskelman tai saada teknist\u00e4 konsultointia?<br \/>\nOta meihin yhteytt\u00e4 \u2013 autamme valitsemaan sopivat IQi-, QX-, QC- ja RTS-ty\u00f6kalut ja rakennamme yrityksellesi<br \/>\nselke\u00e4n polun Teollisuus 4.0 -tasolle.<\/p>\n<p><strong>\u00c4lyty\u00f6kalut \u2013 tulevaisuuden tuotanto alkaa t\u00e4st\u00e4.<\/strong><\/p>\n","protected":false},"excerpt":{"rendered":"<p>\u00c4lyty\u00f6kalut \u2013 Teollisuus 4.0 Mik\u00e4 tekee ty\u00f6kalusta aidosti \u201d\u00e4lykk\u00e4\u00e4n\u201d ja miksi valmistavat yritykset siirtyv\u00e4t Ingersoll Randin \u00e4lykk\u00e4isiin ratkaisuihin? Miksi \u00e4lyty\u00f6kalut ovat tulevaisuuden teollisuusstandardi? \u00c4lyty\u00f6kalut hy\u00f6dynt\u00e4v\u00e4t antureita, reaaliaikaista ohjausta, momentinvalvontaa ja kommunikointia tuotantolinjan kanssa. T\u00e4m\u00e4n ansiosta saadaan: t\u00e4sm\u00e4llinen ja toistettava laatu jokaisessa liitoksessa; v\u00e4hemm\u00e4n hukkamateriaalia; v\u00e4hemm\u00e4n uudelleenty\u00f6st\u00f6\u00e4; nopeammat prosessit ja lyhyempi seisokkiaika; matalammat k\u00e4ytt\u00f6kustannukset; t\u00e4ysi digitaalinen [&hellip;]<\/p>\n","protected":false},"author":1,"featured_media":0,"parent":0,"menu_order":0,"comment_status":"closed","ping_status":"closed","template":"","meta":{"_acf_changed":false,"_monsterinsights_skip_tracking":false,"_monsterinsights_sitenote_active":false,"_monsterinsights_sitenote_note":"","_monsterinsights_sitenote_category":0,"_themeisle_gutenberg_block_has_review":false,"footnotes":""},"class_list":["post-4045","page","type-page","status-publish","hentry"],"acf":[],"yoast_head":"<!-- This site is optimized with the Yoast SEO plugin v27.5 - https:\/\/yoast.com\/product\/yoast-seo-wordpress\/ -->\n<title>\u00c4lyty\u00f6kalut \u2013 Teollisuus 4.0 | Ingersoll Rand Smart Tools<\/title>\n<meta name=\"description\" content=\"Lue, miksi Ingersoll Randin \u00e4lyty\u00f6kalut ovat uusi teollisuusstandardi. Tarkka momentinhallinta, v\u00e4hemm\u00e4n virheit\u00e4, parempi j\u00e4ljitett\u00e4vyys ja t\u00e4ysi Teollisuus 4.0 -valmius.\" \/>\n<meta name=\"robots\" content=\"index, follow, max-snippet:-1, max-image-preview:large, max-video-preview:-1\" \/>\n<link rel=\"canonical\" href=\"https:\/\/protech.nu\/fi\/alytyokalut-teollisuus-4-0\/\" \/>\n<meta property=\"og:locale\" content=\"fi_FI\" \/>\n<meta property=\"og:type\" content=\"article\" \/>\n<meta property=\"og:title\" content=\"\u00c4lyty\u00f6kalut \u2013 Teollisuus 4.0 | Ingersoll Rand Smart Tools\" \/>\n<meta property=\"og:description\" content=\"Lue, miksi Ingersoll Randin \u00e4lyty\u00f6kalut ovat uusi teollisuusstandardi. Tarkka momentinhallinta, v\u00e4hemm\u00e4n virheit\u00e4, parempi j\u00e4ljitett\u00e4vyys ja t\u00e4ysi Teollisuus 4.0 -valmius.\" \/>\n<meta property=\"og:url\" content=\"https:\/\/protech.nu\/fi\/alytyokalut-teollisuus-4-0\/\" \/>\n<meta property=\"og:site_name\" content=\"ProTech\" \/>\n<meta property=\"article:publisher\" content=\"https:\/\/www.facebook.com\/Protech.nu\/\" \/>\n<meta property=\"og:image\" content=\"https:\/\/protech.nu\/wp-content\/uploads\/2026\/02\/ProTech.png\" \/>\n\t<meta property=\"og:image:width\" content=\"1024\" \/>\n\t<meta property=\"og:image:height\" content=\"1024\" \/>\n\t<meta property=\"og:image:type\" content=\"image\/png\" \/>\n<meta name=\"twitter:card\" content=\"summary_large_image\" \/>\n<meta name=\"twitter:label1\" content=\"Arvioitu lukuaika\" \/>\n\t<meta name=\"twitter:data1\" content=\"3 minuuttia\" \/>\n<script type=\"application\/ld+json\" class=\"yoast-schema-graph\">{\"@context\":\"https:\\\/\\\/schema.org\",\"@graph\":[{\"@type\":[\"WebPage\",\"AboutPage\"],\"@id\":\"https:\\\/\\\/protech.nu\\\/fi\\\/alytyokalut-teollisuus-4-0\\\/\",\"url\":\"https:\\\/\\\/protech.nu\\\/fi\\\/alytyokalut-teollisuus-4-0\\\/\",\"name\":\"\u00c4lyty\u00f6kalut \u2013 Teollisuus 4.0 | Ingersoll Rand Smart Tools\",\"isPartOf\":{\"@id\":\"https:\\\/\\\/protech.nu\\\/fi\\\/#website\"},\"datePublished\":\"2025-11-30T13:43:38+00:00\",\"description\":\"Lue, miksi Ingersoll Randin \u00e4lyty\u00f6kalut ovat uusi teollisuusstandardi. Tarkka momentinhallinta, v\u00e4hemm\u00e4n virheit\u00e4, parempi j\u00e4ljitett\u00e4vyys ja t\u00e4ysi Teollisuus 4.0 -valmius.\",\"breadcrumb\":{\"@id\":\"https:\\\/\\\/protech.nu\\\/fi\\\/alytyokalut-teollisuus-4-0\\\/#breadcrumb\"},\"inLanguage\":\"fi\",\"potentialAction\":[{\"@type\":\"ReadAction\",\"target\":[\"https:\\\/\\\/protech.nu\\\/fi\\\/alytyokalut-teollisuus-4-0\\\/\"]}]},{\"@type\":\"BreadcrumbList\",\"@id\":\"https:\\\/\\\/protech.nu\\\/fi\\\/alytyokalut-teollisuus-4-0\\\/#breadcrumb\",\"itemListElement\":[{\"@type\":\"ListItem\",\"position\":1,\"name\":\"Etusivu\",\"item\":\"https:\\\/\\\/protech.nu\\\/fi\\\/\"},{\"@type\":\"ListItem\",\"position\":2,\"name\":\"\u00c4lyty\u00f6kalut \u2013 Teollisuus 4.0\"}]},{\"@type\":\"WebSite\",\"@id\":\"https:\\\/\\\/protech.nu\\\/fi\\\/#website\",\"url\":\"https:\\\/\\\/protech.nu\\\/fi\\\/\",\"name\":\"PROTECH\",\"description\":\"\",\"publisher\":{\"@id\":\"https:\\\/\\\/protech.nu\\\/fi\\\/#organization\"},\"potentialAction\":[{\"@type\":\"SearchAction\",\"target\":{\"@type\":\"EntryPoint\",\"urlTemplate\":\"https:\\\/\\\/protech.nu\\\/fi\\\/?s={search_term_string}\"},\"query-input\":{\"@type\":\"PropertyValueSpecification\",\"valueRequired\":true,\"valueName\":\"search_term_string\"}}],\"inLanguage\":\"fi\"},{\"@type\":\"Organization\",\"@id\":\"https:\\\/\\\/protech.nu\\\/fi\\\/#organization\",\"name\":\"MYPOWERTOOLSBOX\",\"alternateName\":\"ProTech\",\"url\":\"https:\\\/\\\/protech.nu\\\/fi\\\/\",\"logo\":{\"@type\":\"ImageObject\",\"inLanguage\":\"fi\",\"@id\":\"https:\\\/\\\/protech.nu\\\/fi\\\/#\\\/schema\\\/logo\\\/image\\\/\",\"url\":\"https:\\\/\\\/2026.protech.nu\\\/wp-content\\\/uploads\\\/2026\\\/02\\\/ProTech.png\",\"contentUrl\":\"https:\\\/\\\/2026.protech.nu\\\/wp-content\\\/uploads\\\/2026\\\/02\\\/ProTech.png\",\"width\":1024,\"height\":1024,\"caption\":\"MYPOWERTOOLSBOX\"},\"image\":{\"@id\":\"https:\\\/\\\/protech.nu\\\/fi\\\/#\\\/schema\\\/logo\\\/image\\\/\"},\"sameAs\":[\"https:\\\/\\\/www.facebook.com\\\/Protech.nu\\\/\",\"https:\\\/\\\/www.instagram.com\\\/protech_sweden\\\/\",\"https:\\\/\\\/www.linkedin.com\\\/company\\\/protech-professional-technologies-sweden-ab\\\/\",\"https:\\\/\\\/www.youtube.com\\\/@Protech_nu\"]}]}<\/script>\n<!-- \/ Yoast SEO plugin. -->","yoast_head_json":{"title":"\u00c4lyty\u00f6kalut \u2013 Teollisuus 4.0 | Ingersoll Rand Smart Tools","description":"Lue, miksi Ingersoll Randin \u00e4lyty\u00f6kalut ovat uusi teollisuusstandardi. Tarkka momentinhallinta, v\u00e4hemm\u00e4n virheit\u00e4, parempi j\u00e4ljitett\u00e4vyys ja t\u00e4ysi Teollisuus 4.0 -valmius.","robots":{"index":"index","follow":"follow","max-snippet":"max-snippet:-1","max-image-preview":"max-image-preview:large","max-video-preview":"max-video-preview:-1"},"canonical":"https:\/\/protech.nu\/fi\/alytyokalut-teollisuus-4-0\/","og_locale":"fi_FI","og_type":"article","og_title":"\u00c4lyty\u00f6kalut \u2013 Teollisuus 4.0 | Ingersoll Rand Smart Tools","og_description":"Lue, miksi Ingersoll Randin \u00e4lyty\u00f6kalut ovat uusi teollisuusstandardi. Tarkka momentinhallinta, v\u00e4hemm\u00e4n virheit\u00e4, parempi j\u00e4ljitett\u00e4vyys ja t\u00e4ysi Teollisuus 4.0 -valmius.","og_url":"https:\/\/protech.nu\/fi\/alytyokalut-teollisuus-4-0\/","og_site_name":"ProTech","article_publisher":"https:\/\/www.facebook.com\/Protech.nu\/","og_image":[{"width":1024,"height":1024,"url":"https:\/\/protech.nu\/wp-content\/uploads\/2026\/02\/ProTech.png","type":"image\/png"}],"twitter_card":"summary_large_image","twitter_misc":{"Arvioitu lukuaika":"3 minuuttia"},"schema":{"@context":"https:\/\/schema.org","@graph":[{"@type":["WebPage","AboutPage"],"@id":"https:\/\/protech.nu\/fi\/alytyokalut-teollisuus-4-0\/","url":"https:\/\/protech.nu\/fi\/alytyokalut-teollisuus-4-0\/","name":"\u00c4lyty\u00f6kalut \u2013 Teollisuus 4.0 | Ingersoll Rand Smart Tools","isPartOf":{"@id":"https:\/\/protech.nu\/fi\/#website"},"datePublished":"2025-11-30T13:43:38+00:00","description":"Lue, miksi Ingersoll Randin \u00e4lyty\u00f6kalut ovat uusi teollisuusstandardi. Tarkka momentinhallinta, v\u00e4hemm\u00e4n virheit\u00e4, parempi j\u00e4ljitett\u00e4vyys ja t\u00e4ysi Teollisuus 4.0 -valmius.","breadcrumb":{"@id":"https:\/\/protech.nu\/fi\/alytyokalut-teollisuus-4-0\/#breadcrumb"},"inLanguage":"fi","potentialAction":[{"@type":"ReadAction","target":["https:\/\/protech.nu\/fi\/alytyokalut-teollisuus-4-0\/"]}]},{"@type":"BreadcrumbList","@id":"https:\/\/protech.nu\/fi\/alytyokalut-teollisuus-4-0\/#breadcrumb","itemListElement":[{"@type":"ListItem","position":1,"name":"Etusivu","item":"https:\/\/protech.nu\/fi\/"},{"@type":"ListItem","position":2,"name":"\u00c4lyty\u00f6kalut \u2013 Teollisuus 4.0"}]},{"@type":"WebSite","@id":"https:\/\/protech.nu\/fi\/#website","url":"https:\/\/protech.nu\/fi\/","name":"PROTECH","description":"","publisher":{"@id":"https:\/\/protech.nu\/fi\/#organization"},"potentialAction":[{"@type":"SearchAction","target":{"@type":"EntryPoint","urlTemplate":"https:\/\/protech.nu\/fi\/?s={search_term_string}"},"query-input":{"@type":"PropertyValueSpecification","valueRequired":true,"valueName":"search_term_string"}}],"inLanguage":"fi"},{"@type":"Organization","@id":"https:\/\/protech.nu\/fi\/#organization","name":"MYPOWERTOOLSBOX","alternateName":"ProTech","url":"https:\/\/protech.nu\/fi\/","logo":{"@type":"ImageObject","inLanguage":"fi","@id":"https:\/\/protech.nu\/fi\/#\/schema\/logo\/image\/","url":"https:\/\/2026.protech.nu\/wp-content\/uploads\/2026\/02\/ProTech.png","contentUrl":"https:\/\/2026.protech.nu\/wp-content\/uploads\/2026\/02\/ProTech.png","width":1024,"height":1024,"caption":"MYPOWERTOOLSBOX"},"image":{"@id":"https:\/\/protech.nu\/fi\/#\/schema\/logo\/image\/"},"sameAs":["https:\/\/www.facebook.com\/Protech.nu\/","https:\/\/www.instagram.com\/protech_sweden\/","https:\/\/www.linkedin.com\/company\/protech-professional-technologies-sweden-ab\/","https:\/\/www.youtube.com\/@Protech_nu"]}]}},"_links":{"self":[{"href":"https:\/\/protech.nu\/fi\/wp-json\/wp\/v2\/pages\/4045","targetHints":{"allow":["GET"]}}],"collection":[{"href":"https:\/\/protech.nu\/fi\/wp-json\/wp\/v2\/pages"}],"about":[{"href":"https:\/\/protech.nu\/fi\/wp-json\/wp\/v2\/types\/page"}],"author":[{"embeddable":true,"href":"https:\/\/protech.nu\/fi\/wp-json\/wp\/v2\/users\/1"}],"replies":[{"embeddable":true,"href":"https:\/\/protech.nu\/fi\/wp-json\/wp\/v2\/comments?post=4045"}],"version-history":[{"count":0,"href":"https:\/\/protech.nu\/fi\/wp-json\/wp\/v2\/pages\/4045\/revisions"}],"wp:attachment":[{"href":"https:\/\/protech.nu\/fi\/wp-json\/wp\/v2\/media?parent=4045"}],"curies":[{"name":"wp","href":"https:\/\/api.w.org\/{rel}","templated":true}]}}