{"id":6179,"date":"2026-01-11T23:13:45","date_gmt":"2026-01-11T22:13:45","guid":{"rendered":"https:\/\/protech.nu\/huolto-ja-kunnossapito\/"},"modified":"2026-01-12T12:40:37","modified_gmt":"2026-01-12T12:40:37","slug":"huolto-ja-kunnossapito","status":"publish","type":"page","link":"https:\/\/protech.nu\/fi\/huolto-ja-kunnossapito\/","title":{"rendered":"Huolto ja kunnossapito"},"content":{"rendered":"\n<h1 class=\"wp-block-heading\">ProTechin palvelut teollisuudelle ja kunnossapitoon<\/h1>\n\n<p>ProTech tarjoaa teollisuus- ja kunnossapitoty\u00f6kalujen kalibrointia, huoltoa ja korjausta. Olemme Ingersoll Randin virallinen huoltokeskus Pohjoismaissa ja palvelemme asiakkaita my\u00f6s Baltiassa.<\/p>\n\n<h2 class=\"wp-block-heading\">Kalibrointi<\/h2>\n\n<p>Suoritamme momenttiavainten ja muiden v\u00e4\u00e4nt\u00f6momenttia mittaavien ty\u00f6kalujen kalibrointeja voimassa olevien standardien mukaisesti. Varmistamme mittaustulosten j\u00e4ljitett\u00e4vyyden, ja jokaisen kalibroinnin yhteydess\u00e4 toimitamme virallisen kalibrointitodistuksen. Tarvittaessa autamme my\u00f6s s\u00e4\u00e4nn\u00f6llisen kalibrointiaikataulun sopimisessa.<\/p>\n\n<p>Suoritamme momenttiavainten kalibrointeja <strong>kaikkien valmistajien laitteille<\/strong> standardin <strong>ISO 6789<\/strong> mukaisesti sek\u00e4 t\u00e4ydellisell\u00e4 mittausketjun j\u00e4ljitett\u00e4vyydell\u00e4. Tarvittaessa teemme my\u00f6s <strong>s\u00e4\u00e4t\u00f6\u00e4 ja korjausta<\/strong> \u2013 emme hylk\u00e4\u00e4 laitetta, joka ei ensimm\u00e4isell\u00e4 testill\u00e4 t\u00e4yt\u00e4 vaatimuksia, vaan pyrimme s\u00e4\u00e4t\u00e4m\u00e4\u00e4n sen vaatimusten mukaiseksi.<\/p>\n\n<p>Tavoitteemme on, ett\u00e4 ty\u00f6kalu palautetaan asiakkaalle <strong>jo seuraavana ty\u00f6p\u00e4iv\u00e4n\u00e4<\/strong> sen saapumisen j\u00e4lkeen. Kalibroitava laite j\u00e4tet\u00e4\u00e4n aina y\u00f6n yli l\u00e4mp\u00f6tilan tasaantumista varten, mik\u00e4 on erityisen t\u00e4rke\u00e4\u00e4 talviolosuhteissa.<\/p>\n\n<div style=\"margin: 12px 0;\">\r\n  <a style=\"display:inline-block;padding:10px 16px;border:2px solid #E14A2D;border-radius:4px;text-decoration:none;font-weight:600;color:#E14A2D;\" href=\"https:\/\/protech.nu\/wp-content\/uploads\/2026\/01\/Kalibreringsblankett-2023-1.pdf\" target=\"_blank\" rel=\"noopener\">\r\n    Lataa: Kalibrointilomake (PDF)\r\n  <\/a>\r\n<\/div>\n\n<h2 class=\"wp-block-heading\">Takuu ja diagnostiikka<\/h2>\n\n<p>Olemme Ingersoll Randin virallinen huoltopartneri ja suoritamme takuukorjauksia sek\u00e4 teknist\u00e4 diagnostiikkaa valmistajan vaatimusten mukaisesti. Selvit\u00e4mme vikojen syyt nopeasti ja tarjoamme l\u00e4pin\u00e4kyv\u00e4n ratkaisun sek\u00e4 takuutapauksiin ett\u00e4 takuun ulkopuolisiin t\u00f6ihin.<\/p>\n\n<p>ProTech on <strong>Ingersoll Randin valtuutettu huoltopartneri<\/strong> ja suorittaa kaikkien Ingersoll Rand -ty\u00f6kalujen ja -laitteiden huollon ja korjauksen. Ingersoll Randin varaosat ja tekninen tuki ovat osa-alue, jossa meill\u00e4 on <strong>yli 30 vuoden kokemus<\/strong> \u2013 autamme sek\u00e4 uusien ett\u00e4 vanhempien laitteiden ja ty\u00f6kalujen kanssa.<\/p>\n\n<div style=\"margin: 12px 0;\">\r\n  <a style=\"display:inline-block;padding:10px 16px;border:2px solid #E14A2D;border-radius:4px;text-decoration:none;font-weight:600;color:#E14A2D;\" href=\"https:\/\/protech.nu\/wp-content\/uploads\/2026\/01\/Reparationsblankett-for-Ingersoll-Rand-2023_ver-4.pdf\" target=\"_blank\" rel=\"noopener\">\r\n    Lataa: Ingersoll Rand -korjauslomake (PDF)\r\n  <\/a>\r\n<\/div>\n\n<h2 class=\"wp-block-heading\">Huolto ja korjaus<\/h2>\n\n<p>Tarjoamme ammattimaista teollisuus- ja kunnossapitoty\u00f6kalujen huoltoa ja korjausta varmistaaksemme laitteiden luotettavan toiminnan ja pitk\u00e4n k\u00e4ytt\u00f6i\u00e4n. K\u00e4yt\u00e4mme alkuper\u00e4isi\u00e4 varaosia ja noudatamme valmistajan huolto-ohjeita. Palvelemme asiakkaita koko Pohjoismaissa.<\/p>\n\n<p>Suoritamme pienkoneiden huoltoa ja korjausta seuraaville laitteille:<\/p>\n\n<ul class=\"wp-block-list\">\n  <li>useimmille <strong>paineilmaty\u00f6kaluille<\/strong> (eri valmistajat)<\/li>\n  <li>useimmille <strong>s\u00e4hk\u00f6- ja akkuty\u00f6kaluille<\/strong> (esim. Makita, Bosch, DeWalt, Hitachi \/ Hikoki ym.)<\/li>\n  <li>useimmille <strong>naulapyssyille<\/strong><\/li>\n  <li>useimmille <strong>painepesureille<\/strong> (esim. K\u00e4rcher, Alto)<\/li>\n  <li>useimmille <strong>kunnossapidon ja teollisuuden hydraulisille laitteille<\/strong><\/li>\n<\/ul>\n\n<div style=\"margin: 12px 0;\">\r\n  <a style=\"display:inline-block;padding:10px 16px;border:2px solid #E14A2D;border-radius:4px;text-decoration:none;font-weight:600;color:#E14A2D;\" href=\"https:\/\/protech.nu\/wp-content\/uploads\/2026\/01\/Reparationsblankett-2023_ver-2.pdf\" target=\"_blank\" rel=\"noopener\">\r\n    Lataa: Korjauslomake (PDF)\r\n  <\/a>\r\n<\/div>\n\n<h2 class=\"wp-block-heading\">Ota yhteytt\u00e4<\/h2>\n\n<p>Tarvitsetko ty\u00f6kalujen huoltoa, korjausta, kalibrointia tai varaosia? ProTech on Ingersoll Randin virallinen huoltokeskus ja palvelee teollisuusasiakkaita koko Pohjoismaissa ja Baltiassa.<\/p>\n\n<div style=\"margin: 14px 0;\">\r\n  <a style=\"display:inline-block;padding:10px 16px;border:2px solid #E14A2D;border-radius:4px;text-decoration:none;font-weight:600;color:#E14A2D;\" href=\"mailto:protech@protech.nu?subject=Tiedustelu%20%E2%80%93%20huolto%2C%20varaosat%20tai%20tuki&#038;body=Hei%2C%0A%0AHaluaisin%20kysy%C3%A4%20huollosta%2C%20varaosista%20tai%20teknisest%C3%A4%20tuesta.%0A%0AYritys%3A%0ANimi%3A%0APuhelin%3A%0ALaitteen%20malli%2Ftuotekoodi%3A%0AKuvaus%3A%0A%0AKiitos%21\" rel=\"noopener\">\r\n    Pyyd\u00e4 huoltoa, varaosia tai tukea\r\n  <\/a>\r\n<\/div>\n","protected":false},"excerpt":{"rendered":"<p>ProTechin palvelut teollisuudelle ja kunnossapitoon ProTech tarjoaa teollisuus- ja kunnossapitoty\u00f6kalujen kalibrointia, huoltoa ja korjausta. Olemme Ingersoll Randin virallinen huoltokeskus Pohjoismaissa ja palvelemme asiakkaita my\u00f6s Baltiassa. Kalibrointi Suoritamme momenttiavainten ja muiden v\u00e4\u00e4nt\u00f6momenttia mittaavien ty\u00f6kalujen kalibrointeja voimassa olevien standardien mukaisesti. Varmistamme mittaustulosten j\u00e4ljitett\u00e4vyyden, ja jokaisen kalibroinnin yhteydess\u00e4 toimitamme virallisen kalibrointitodistuksen. Tarvittaessa autamme my\u00f6s s\u00e4\u00e4nn\u00f6llisen kalibrointiaikataulun sopimisessa. Suoritamme [&hellip;]<\/p>\n","protected":false},"author":1,"featured_media":0,"parent":0,"menu_order":0,"comment_status":"closed","ping_status":"closed","template":"","meta":{"_acf_changed":false,"_monsterinsights_skip_tracking":false,"_monsterinsights_sitenote_active":false,"_monsterinsights_sitenote_note":"","_monsterinsights_sitenote_category":0,"_themeisle_gutenberg_block_has_review":false,"footnotes":""},"class_list":["post-6179","page","type-page","status-publish","hentry"],"acf":[],"yoast_head":"<!-- This site is optimized with the Yoast SEO plugin v27.4 - https:\/\/yoast.com\/product\/yoast-seo-wordpress\/ -->\n<title>ProTechin palvelut teollisuudelle ja kunnossapitoon | Kalibrointi ja korjaus<\/title>\n<meta name=\"description\" content=\"ProTech tarjoaa teollisuusty\u00f6kalujen huoltoa, korjausta, kalibrointia sek\u00e4 takuudiagnostiikkaa. Virallinen Ingersoll Rand -huoltokeskus Pohjoismaissa.\" \/>\n<meta name=\"robots\" content=\"index, follow, max-snippet:-1, max-image-preview:large, max-video-preview:-1\" \/>\n<link rel=\"canonical\" href=\"https:\/\/protech.nu\/fi\/huolto-ja-kunnossapito\/\" \/>\n<meta property=\"og:locale\" content=\"fi_FI\" \/>\n<meta property=\"og:type\" content=\"article\" \/>\n<meta property=\"og:title\" content=\"ProTechin palvelut teollisuudelle ja kunnossapitoon | Kalibrointi ja korjaus\" \/>\n<meta property=\"og:description\" content=\"ProTech tarjoaa teollisuusty\u00f6kalujen huoltoa, korjausta, kalibrointia sek\u00e4 takuudiagnostiikkaa. Virallinen Ingersoll Rand -huoltokeskus Pohjoismaissa.\" \/>\n<meta property=\"og:url\" content=\"https:\/\/protech.nu\/fi\/huolto-ja-kunnossapito\/\" \/>\n<meta property=\"og:site_name\" content=\"ProTech\" \/>\n<meta property=\"article:publisher\" content=\"https:\/\/www.facebook.com\/Protech.nu\/\" \/>\n<meta property=\"article:modified_time\" content=\"2026-01-12T12:40:37+00:00\" \/>\n<meta property=\"og:image\" content=\"https:\/\/protech.nu\/wp-content\/uploads\/2026\/02\/ProTech.png\" \/>\n\t<meta property=\"og:image:width\" content=\"1024\" \/>\n\t<meta property=\"og:image:height\" content=\"1024\" \/>\n\t<meta property=\"og:image:type\" content=\"image\/png\" \/>\n<meta name=\"twitter:card\" content=\"summary_large_image\" \/>\n<meta name=\"twitter:label1\" content=\"Arvioitu lukuaika\" \/>\n\t<meta name=\"twitter:data1\" content=\"2 minuuttia\" \/>\n<script type=\"application\/ld+json\" class=\"yoast-schema-graph\">{\"@context\":\"https:\\\/\\\/schema.org\",\"@graph\":[{\"@type\":[\"WebPage\",\"AboutPage\"],\"@id\":\"https:\\\/\\\/protech.nu\\\/fi\\\/huolto-ja-kunnossapito\\\/\",\"url\":\"https:\\\/\\\/protech.nu\\\/fi\\\/huolto-ja-kunnossapito\\\/\",\"name\":\"ProTechin palvelut teollisuudelle ja kunnossapitoon | Kalibrointi ja korjaus\",\"isPartOf\":{\"@id\":\"https:\\\/\\\/protech.nu\\\/fi\\\/#website\"},\"datePublished\":\"2026-01-11T22:13:45+00:00\",\"dateModified\":\"2026-01-12T12:40:37+00:00\",\"description\":\"ProTech tarjoaa teollisuusty\u00f6kalujen huoltoa, korjausta, kalibrointia sek\u00e4 takuudiagnostiikkaa. Virallinen Ingersoll Rand -huoltokeskus Pohjoismaissa.\",\"breadcrumb\":{\"@id\":\"https:\\\/\\\/protech.nu\\\/fi\\\/huolto-ja-kunnossapito\\\/#breadcrumb\"},\"inLanguage\":\"fi\",\"potentialAction\":[{\"@type\":\"ReadAction\",\"target\":[\"https:\\\/\\\/protech.nu\\\/fi\\\/huolto-ja-kunnossapito\\\/\"]}]},{\"@type\":\"BreadcrumbList\",\"@id\":\"https:\\\/\\\/protech.nu\\\/fi\\\/huolto-ja-kunnossapito\\\/#breadcrumb\",\"itemListElement\":[{\"@type\":\"ListItem\",\"position\":1,\"name\":\"Etusivu\",\"item\":\"https:\\\/\\\/protech.nu\\\/fi\\\/\"},{\"@type\":\"ListItem\",\"position\":2,\"name\":\"Huolto ja kunnossapito\"}]},{\"@type\":\"WebSite\",\"@id\":\"https:\\\/\\\/protech.nu\\\/fi\\\/#website\",\"url\":\"https:\\\/\\\/protech.nu\\\/fi\\\/\",\"name\":\"PROTECH\",\"description\":\"\",\"publisher\":{\"@id\":\"https:\\\/\\\/protech.nu\\\/fi\\\/#organization\"},\"potentialAction\":[{\"@type\":\"SearchAction\",\"target\":{\"@type\":\"EntryPoint\",\"urlTemplate\":\"https:\\\/\\\/protech.nu\\\/fi\\\/?s={search_term_string}\"},\"query-input\":{\"@type\":\"PropertyValueSpecification\",\"valueRequired\":true,\"valueName\":\"search_term_string\"}}],\"inLanguage\":\"fi\"},{\"@type\":\"Organization\",\"@id\":\"https:\\\/\\\/protech.nu\\\/fi\\\/#organization\",\"name\":\"MYPOWERTOOLSBOX\",\"alternateName\":\"ProTech\",\"url\":\"https:\\\/\\\/protech.nu\\\/fi\\\/\",\"logo\":{\"@type\":\"ImageObject\",\"inLanguage\":\"fi\",\"@id\":\"https:\\\/\\\/protech.nu\\\/fi\\\/#\\\/schema\\\/logo\\\/image\\\/\",\"url\":\"https:\\\/\\\/2026.protech.nu\\\/wp-content\\\/uploads\\\/2026\\\/02\\\/ProTech.png\",\"contentUrl\":\"https:\\\/\\\/2026.protech.nu\\\/wp-content\\\/uploads\\\/2026\\\/02\\\/ProTech.png\",\"width\":1024,\"height\":1024,\"caption\":\"MYPOWERTOOLSBOX\"},\"image\":{\"@id\":\"https:\\\/\\\/protech.nu\\\/fi\\\/#\\\/schema\\\/logo\\\/image\\\/\"},\"sameAs\":[\"https:\\\/\\\/www.facebook.com\\\/Protech.nu\\\/\",\"https:\\\/\\\/www.instagram.com\\\/protech_sweden\\\/\",\"https:\\\/\\\/www.linkedin.com\\\/company\\\/protech-professional-technologies-sweden-ab\\\/\",\"https:\\\/\\\/www.youtube.com\\\/@Protech_nu\"]}]}<\/script>\n<!-- \/ Yoast SEO plugin. -->","yoast_head_json":{"title":"ProTechin palvelut teollisuudelle ja kunnossapitoon | Kalibrointi ja korjaus","description":"ProTech tarjoaa teollisuusty\u00f6kalujen huoltoa, korjausta, kalibrointia sek\u00e4 takuudiagnostiikkaa. Virallinen Ingersoll Rand -huoltokeskus Pohjoismaissa.","robots":{"index":"index","follow":"follow","max-snippet":"max-snippet:-1","max-image-preview":"max-image-preview:large","max-video-preview":"max-video-preview:-1"},"canonical":"https:\/\/protech.nu\/fi\/huolto-ja-kunnossapito\/","og_locale":"fi_FI","og_type":"article","og_title":"ProTechin palvelut teollisuudelle ja kunnossapitoon | Kalibrointi ja korjaus","og_description":"ProTech tarjoaa teollisuusty\u00f6kalujen huoltoa, korjausta, kalibrointia sek\u00e4 takuudiagnostiikkaa. Virallinen Ingersoll Rand -huoltokeskus Pohjoismaissa.","og_url":"https:\/\/protech.nu\/fi\/huolto-ja-kunnossapito\/","og_site_name":"ProTech","article_publisher":"https:\/\/www.facebook.com\/Protech.nu\/","article_modified_time":"2026-01-12T12:40:37+00:00","og_image":[{"width":1024,"height":1024,"url":"https:\/\/protech.nu\/wp-content\/uploads\/2026\/02\/ProTech.png","type":"image\/png"}],"twitter_card":"summary_large_image","twitter_misc":{"Arvioitu lukuaika":"2 minuuttia"},"schema":{"@context":"https:\/\/schema.org","@graph":[{"@type":["WebPage","AboutPage"],"@id":"https:\/\/protech.nu\/fi\/huolto-ja-kunnossapito\/","url":"https:\/\/protech.nu\/fi\/huolto-ja-kunnossapito\/","name":"ProTechin palvelut teollisuudelle ja kunnossapitoon | Kalibrointi ja korjaus","isPartOf":{"@id":"https:\/\/protech.nu\/fi\/#website"},"datePublished":"2026-01-11T22:13:45+00:00","dateModified":"2026-01-12T12:40:37+00:00","description":"ProTech tarjoaa teollisuusty\u00f6kalujen huoltoa, korjausta, kalibrointia sek\u00e4 takuudiagnostiikkaa. Virallinen Ingersoll Rand -huoltokeskus Pohjoismaissa.","breadcrumb":{"@id":"https:\/\/protech.nu\/fi\/huolto-ja-kunnossapito\/#breadcrumb"},"inLanguage":"fi","potentialAction":[{"@type":"ReadAction","target":["https:\/\/protech.nu\/fi\/huolto-ja-kunnossapito\/"]}]},{"@type":"BreadcrumbList","@id":"https:\/\/protech.nu\/fi\/huolto-ja-kunnossapito\/#breadcrumb","itemListElement":[{"@type":"ListItem","position":1,"name":"Etusivu","item":"https:\/\/protech.nu\/fi\/"},{"@type":"ListItem","position":2,"name":"Huolto ja kunnossapito"}]},{"@type":"WebSite","@id":"https:\/\/protech.nu\/fi\/#website","url":"https:\/\/protech.nu\/fi\/","name":"PROTECH","description":"","publisher":{"@id":"https:\/\/protech.nu\/fi\/#organization"},"potentialAction":[{"@type":"SearchAction","target":{"@type":"EntryPoint","urlTemplate":"https:\/\/protech.nu\/fi\/?s={search_term_string}"},"query-input":{"@type":"PropertyValueSpecification","valueRequired":true,"valueName":"search_term_string"}}],"inLanguage":"fi"},{"@type":"Organization","@id":"https:\/\/protech.nu\/fi\/#organization","name":"MYPOWERTOOLSBOX","alternateName":"ProTech","url":"https:\/\/protech.nu\/fi\/","logo":{"@type":"ImageObject","inLanguage":"fi","@id":"https:\/\/protech.nu\/fi\/#\/schema\/logo\/image\/","url":"https:\/\/2026.protech.nu\/wp-content\/uploads\/2026\/02\/ProTech.png","contentUrl":"https:\/\/2026.protech.nu\/wp-content\/uploads\/2026\/02\/ProTech.png","width":1024,"height":1024,"caption":"MYPOWERTOOLSBOX"},"image":{"@id":"https:\/\/protech.nu\/fi\/#\/schema\/logo\/image\/"},"sameAs":["https:\/\/www.facebook.com\/Protech.nu\/","https:\/\/www.instagram.com\/protech_sweden\/","https:\/\/www.linkedin.com\/company\/protech-professional-technologies-sweden-ab\/","https:\/\/www.youtube.com\/@Protech_nu"]}]}},"_links":{"self":[{"href":"https:\/\/protech.nu\/fi\/wp-json\/wp\/v2\/pages\/6179","targetHints":{"allow":["GET"]}}],"collection":[{"href":"https:\/\/protech.nu\/fi\/wp-json\/wp\/v2\/pages"}],"about":[{"href":"https:\/\/protech.nu\/fi\/wp-json\/wp\/v2\/types\/page"}],"author":[{"embeddable":true,"href":"https:\/\/protech.nu\/fi\/wp-json\/wp\/v2\/users\/1"}],"replies":[{"embeddable":true,"href":"https:\/\/protech.nu\/fi\/wp-json\/wp\/v2\/comments?post=6179"}],"version-history":[{"count":1,"href":"https:\/\/protech.nu\/fi\/wp-json\/wp\/v2\/pages\/6179\/revisions"}],"predecessor-version":[{"id":6180,"href":"https:\/\/protech.nu\/fi\/wp-json\/wp\/v2\/pages\/6179\/revisions\/6180"}],"wp:attachment":[{"href":"https:\/\/protech.nu\/fi\/wp-json\/wp\/v2\/media?parent=6179"}],"curies":[{"name":"wp","href":"https:\/\/api.w.org\/{rel}","templated":true}]}}