{"id":6468,"date":"2026-01-15T21:38:30","date_gmt":"2026-01-15T21:38:30","guid":{"rendered":"https:\/\/protech.nu\/toimintapolitiikka\/"},"modified":"2026-01-15T21:44:33","modified_gmt":"2026-01-15T21:44:33","slug":"toimintapolitiikka","status":"publish","type":"page","link":"https:\/\/protech.nu\/fi\/toimintapolitiikka\/","title":{"rendered":"Toimintapolitiikka"},"content":{"rendered":"\n<section class=\"protech-business-policy\" style=\"max-width: 900px; margin: 0 auto;\">\r\n\r\n  <h1>Toimintapolitiikka<\/h1>\r\n\r\n  <p>\r\n    ProTech on moderni ja joustava myynti- ja palveluyritys, joka tekee arjesta hieman helpompaa.\r\n  <\/p>\r\n\r\n  <p><strong>Olemme sitoutuneet:<\/strong><\/p>\r\n\r\n  <h2>Tekem\u00e4\u00e4n tiivist\u00e4 yhteisty\u00f6t\u00e4 asiakkaidemme, kumppaneidemme, toimittajiemme ja muiden sidosryhmien kanssa:<\/h2>\r\n  <ul>\r\n    <li>Ymm\u00e4rt\u00e4m\u00e4\u00e4n ja t\u00e4ytt\u00e4m\u00e4\u00e4n asiakkaidemme yksil\u00f6lliset vaatimukset kokemuksen ja asiantuntemuksen avulla<\/li>\r\n    <li>Tekem\u00e4\u00e4n yhteisty\u00f6st\u00e4 kanssamme helppoa asiakkaille ja kumppaneille<\/li>\r\n    <li>Olemaan helposti tavoitettavissa<\/li>\r\n    <li>Pyrkim\u00e4\u00e4n pitk\u00e4aikaisiin suhteisiin kaikkien sidosryhmien kanssa<\/li>\r\n    <li>Suojelemaan ymp\u00e4rist\u00f6\u00e4 ja ehk\u00e4isem\u00e4\u00e4n p\u00e4\u00e4st\u00f6j\u00e4 omassa toiminnassamme<\/li>\r\n  <\/ul>\r\n\r\n  <h2>Toimimaan ammattimaisesti:<\/h2>\r\n  <ul>\r\n    <li>Olemaan joustavia ja k\u00e4yt\u00e4nn\u00f6nl\u00e4heisi\u00e4 ilman tarpeetonta arvovaltaa<\/li>\r\n    <li>Pit\u00e4m\u00e4\u00e4n kiinni lupauksistamme, toimitusajoista ja hyv\u00e4st\u00e4 laadusta<\/li>\r\n    <li>Varmistamaan kaikkien lakis\u00e4\u00e4teisten vaatimusten ja s\u00e4\u00e4nt\u00f6jen noudattamisen<\/li>\r\n    <li>Yll\u00e4pit\u00e4m\u00e4\u00e4n eettist\u00e4 ohjeistusta, josta voimme olla ylpeit\u00e4<\/li>\r\n  <\/ul>\r\n\r\n  <h2>Osallistuminen ja sitoutuminen:<\/h2>\r\n  <ul>\r\n    <li>Selke\u00e4 johtaminen, selke\u00e4t tavoitteet ja motivoitunut henkil\u00f6st\u00f6<\/li>\r\n    <li>Henkil\u00f6st\u00f6n jatkuva koulutus ja osaamisen kehitt\u00e4minen<\/li>\r\n    <li>Hyv\u00e4 ty\u00f6ymp\u00e4rist\u00f6 ilman syrjint\u00e4\u00e4, h\u00e4irint\u00e4\u00e4 tai ulkopuolelle j\u00e4tt\u00e4mist\u00e4<\/li>\r\n  <\/ul>\r\n\r\n  <h2>Jatkuva parantaminen:<\/h2>\r\n  <ul>\r\n    <li>Markkinoiden tarpeiden ymm\u00e4rt\u00e4minen ja liiketoimintamahdollisuuksien tunnistaminen<\/li>\r\n    <li>Nopea toiminta asiakkaan kokeman ongelman ratkaisemiseksi ja toistumisen est\u00e4miseksi<\/li>\r\n    <li>Tehokkuuden parantaminen ja parhaiden sis\u00e4isten ratkaisujen etsiminen<\/li>\r\n    <li>Negatiivisten ymp\u00e4rist\u00f6vaikutusten v\u00e4hent\u00e4minen pit\u00e4m\u00e4ll\u00e4 laitteet hyv\u00e4ss\u00e4 kunnossa<\/li>\r\n    <li>Negatiivisten ymp\u00e4rist\u00f6vaikutusten v\u00e4hent\u00e4minen huoltamalla ja korjaamalla pienkoneita kohtuullisessa m\u00e4\u00e4rin<\/li>\r\n    <li>Negatiivisten ymp\u00e4rist\u00f6vaikutusten v\u00e4hent\u00e4minen optimoitujen kuljetusratkaisujen avulla<\/li>\r\n  <\/ul>\r\n\r\n  <p style=\"margin-top: 30px;\">\r\n    <strong>P\u00e4iv\u00e4m\u00e4\u00e4r\u00e4:<\/strong> 2021-11-01\r\n  <\/p>\r\n\r\n<\/section>\n","protected":false},"excerpt":{"rendered":"<p>Toimintapolitiikka ProTech on moderni ja joustava myynti- ja palveluyritys, joka tekee arjesta hieman helpompaa. Olemme sitoutuneet: Tekem\u00e4\u00e4n tiivist\u00e4 yhteisty\u00f6t\u00e4 asiakkaidemme, kumppaneidemme, toimittajiemme ja muiden sidosryhmien kanssa: Ymm\u00e4rt\u00e4m\u00e4\u00e4n ja t\u00e4ytt\u00e4m\u00e4\u00e4n asiakkaidemme yksil\u00f6lliset vaatimukset kokemuksen ja asiantuntemuksen avulla Tekem\u00e4\u00e4n yhteisty\u00f6st\u00e4 kanssamme helppoa asiakkaille ja kumppaneille Olemaan helposti tavoitettavissa Pyrkim\u00e4\u00e4n pitk\u00e4aikaisiin suhteisiin kaikkien sidosryhmien kanssa Suojelemaan ymp\u00e4rist\u00f6\u00e4 ja [&hellip;]<\/p>\n","protected":false},"author":1,"featured_media":0,"parent":0,"menu_order":0,"comment_status":"closed","ping_status":"closed","template":"","meta":{"_acf_changed":false,"_monsterinsights_skip_tracking":false,"_monsterinsights_sitenote_active":false,"_monsterinsights_sitenote_note":"","_monsterinsights_sitenote_category":0,"_themeisle_gutenberg_block_has_review":false,"footnotes":""},"class_list":["post-6468","page","type-page","status-publish","hentry"],"acf":[],"yoast_head":"<!-- This site is optimized with the Yoast SEO plugin v27.4 - https:\/\/yoast.com\/product\/yoast-seo-wordpress\/ -->\n<title>Toimintapolitiikka \u2013 laatu, ymp\u00e4rist\u00f6 ja yhteisty\u00f6 | ProTech<\/title>\n<meta name=\"description\" content=\"ProTechin toimintapolitiikka kuvaa periaatteemme yhteisty\u00f6ss\u00e4 asiakkaiden ja kumppaneiden kanssa, ammattimaisessa toiminnassa, henkil\u00f6st\u00f6n sitouttamisessa sek\u00e4 jatkuvassa laadun ja ymp\u00e4rist\u00f6n parantamisessa.\" \/>\n<meta name=\"robots\" content=\"index, follow, max-snippet:-1, max-image-preview:large, max-video-preview:-1\" \/>\n<link rel=\"canonical\" href=\"https:\/\/protech.nu\/fi\/toimintapolitiikka\/\" \/>\n<meta property=\"og:locale\" content=\"fi_FI\" \/>\n<meta property=\"og:type\" content=\"article\" \/>\n<meta property=\"og:title\" content=\"Toimintapolitiikka \u2013 laatu, ymp\u00e4rist\u00f6 ja yhteisty\u00f6 | ProTech\" \/>\n<meta property=\"og:description\" content=\"ProTechin toimintapolitiikka kuvaa periaatteemme yhteisty\u00f6ss\u00e4 asiakkaiden ja kumppaneiden kanssa, ammattimaisessa toiminnassa, henkil\u00f6st\u00f6n sitouttamisessa sek\u00e4 jatkuvassa laadun ja ymp\u00e4rist\u00f6n parantamisessa.\" \/>\n<meta property=\"og:url\" content=\"https:\/\/protech.nu\/fi\/toimintapolitiikka\/\" \/>\n<meta property=\"og:site_name\" content=\"ProTech\" \/>\n<meta property=\"article:publisher\" content=\"https:\/\/www.facebook.com\/Protech.nu\/\" \/>\n<meta property=\"article:modified_time\" content=\"2026-01-15T21:44:33+00:00\" \/>\n<meta property=\"og:image\" content=\"https:\/\/protech.nu\/wp-content\/uploads\/2026\/02\/ProTech.png\" \/>\n\t<meta property=\"og:image:width\" content=\"1024\" \/>\n\t<meta property=\"og:image:height\" content=\"1024\" \/>\n\t<meta property=\"og:image:type\" content=\"image\/png\" \/>\n<meta name=\"twitter:card\" content=\"summary_large_image\" \/>\n<meta name=\"twitter:label1\" content=\"Arvioitu lukuaika\" \/>\n\t<meta name=\"twitter:data1\" content=\"1 minuutti\" \/>\n<script type=\"application\/ld+json\" class=\"yoast-schema-graph\">{\"@context\":\"https:\\\/\\\/schema.org\",\"@graph\":[{\"@type\":[\"WebPage\",\"AboutPage\"],\"@id\":\"https:\\\/\\\/protech.nu\\\/fi\\\/toimintapolitiikka\\\/\",\"url\":\"https:\\\/\\\/protech.nu\\\/fi\\\/toimintapolitiikka\\\/\",\"name\":\"Toimintapolitiikka \u2013 laatu, ymp\u00e4rist\u00f6 ja yhteisty\u00f6 | ProTech\",\"isPartOf\":{\"@id\":\"https:\\\/\\\/protech.nu\\\/fi\\\/#website\"},\"datePublished\":\"2026-01-15T21:38:30+00:00\",\"dateModified\":\"2026-01-15T21:44:33+00:00\",\"description\":\"ProTechin toimintapolitiikka kuvaa periaatteemme yhteisty\u00f6ss\u00e4 asiakkaiden ja kumppaneiden kanssa, ammattimaisessa toiminnassa, henkil\u00f6st\u00f6n sitouttamisessa sek\u00e4 jatkuvassa laadun ja ymp\u00e4rist\u00f6n parantamisessa.\",\"breadcrumb\":{\"@id\":\"https:\\\/\\\/protech.nu\\\/fi\\\/toimintapolitiikka\\\/#breadcrumb\"},\"inLanguage\":\"fi\",\"potentialAction\":[{\"@type\":\"ReadAction\",\"target\":[\"https:\\\/\\\/protech.nu\\\/fi\\\/toimintapolitiikka\\\/\"]}]},{\"@type\":\"BreadcrumbList\",\"@id\":\"https:\\\/\\\/protech.nu\\\/fi\\\/toimintapolitiikka\\\/#breadcrumb\",\"itemListElement\":[{\"@type\":\"ListItem\",\"position\":1,\"name\":\"Etusivu\",\"item\":\"https:\\\/\\\/protech.nu\\\/fi\\\/\"},{\"@type\":\"ListItem\",\"position\":2,\"name\":\"Toimintapolitiikka\"}]},{\"@type\":\"WebSite\",\"@id\":\"https:\\\/\\\/protech.nu\\\/fi\\\/#website\",\"url\":\"https:\\\/\\\/protech.nu\\\/fi\\\/\",\"name\":\"PROTECH\",\"description\":\"\",\"publisher\":{\"@id\":\"https:\\\/\\\/protech.nu\\\/fi\\\/#organization\"},\"potentialAction\":[{\"@type\":\"SearchAction\",\"target\":{\"@type\":\"EntryPoint\",\"urlTemplate\":\"https:\\\/\\\/protech.nu\\\/fi\\\/?s={search_term_string}\"},\"query-input\":{\"@type\":\"PropertyValueSpecification\",\"valueRequired\":true,\"valueName\":\"search_term_string\"}}],\"inLanguage\":\"fi\"},{\"@type\":\"Organization\",\"@id\":\"https:\\\/\\\/protech.nu\\\/fi\\\/#organization\",\"name\":\"MYPOWERTOOLSBOX\",\"alternateName\":\"ProTech\",\"url\":\"https:\\\/\\\/protech.nu\\\/fi\\\/\",\"logo\":{\"@type\":\"ImageObject\",\"inLanguage\":\"fi\",\"@id\":\"https:\\\/\\\/protech.nu\\\/fi\\\/#\\\/schema\\\/logo\\\/image\\\/\",\"url\":\"https:\\\/\\\/2026.protech.nu\\\/wp-content\\\/uploads\\\/2026\\\/02\\\/ProTech.png\",\"contentUrl\":\"https:\\\/\\\/2026.protech.nu\\\/wp-content\\\/uploads\\\/2026\\\/02\\\/ProTech.png\",\"width\":1024,\"height\":1024,\"caption\":\"MYPOWERTOOLSBOX\"},\"image\":{\"@id\":\"https:\\\/\\\/protech.nu\\\/fi\\\/#\\\/schema\\\/logo\\\/image\\\/\"},\"sameAs\":[\"https:\\\/\\\/www.facebook.com\\\/Protech.nu\\\/\",\"https:\\\/\\\/www.instagram.com\\\/protech_sweden\\\/\",\"https:\\\/\\\/www.linkedin.com\\\/company\\\/protech-professional-technologies-sweden-ab\\\/\",\"https:\\\/\\\/www.youtube.com\\\/@Protech_nu\"]}]}<\/script>\n<!-- \/ Yoast SEO plugin. -->","yoast_head_json":{"title":"Toimintapolitiikka \u2013 laatu, ymp\u00e4rist\u00f6 ja yhteisty\u00f6 | ProTech","description":"ProTechin toimintapolitiikka kuvaa periaatteemme yhteisty\u00f6ss\u00e4 asiakkaiden ja kumppaneiden kanssa, ammattimaisessa toiminnassa, henkil\u00f6st\u00f6n sitouttamisessa sek\u00e4 jatkuvassa laadun ja ymp\u00e4rist\u00f6n parantamisessa.","robots":{"index":"index","follow":"follow","max-snippet":"max-snippet:-1","max-image-preview":"max-image-preview:large","max-video-preview":"max-video-preview:-1"},"canonical":"https:\/\/protech.nu\/fi\/toimintapolitiikka\/","og_locale":"fi_FI","og_type":"article","og_title":"Toimintapolitiikka \u2013 laatu, ymp\u00e4rist\u00f6 ja yhteisty\u00f6 | ProTech","og_description":"ProTechin toimintapolitiikka kuvaa periaatteemme yhteisty\u00f6ss\u00e4 asiakkaiden ja kumppaneiden kanssa, ammattimaisessa toiminnassa, henkil\u00f6st\u00f6n sitouttamisessa sek\u00e4 jatkuvassa laadun ja ymp\u00e4rist\u00f6n parantamisessa.","og_url":"https:\/\/protech.nu\/fi\/toimintapolitiikka\/","og_site_name":"ProTech","article_publisher":"https:\/\/www.facebook.com\/Protech.nu\/","article_modified_time":"2026-01-15T21:44:33+00:00","og_image":[{"width":1024,"height":1024,"url":"https:\/\/protech.nu\/wp-content\/uploads\/2026\/02\/ProTech.png","type":"image\/png"}],"twitter_card":"summary_large_image","twitter_misc":{"Arvioitu lukuaika":"1 minuutti"},"schema":{"@context":"https:\/\/schema.org","@graph":[{"@type":["WebPage","AboutPage"],"@id":"https:\/\/protech.nu\/fi\/toimintapolitiikka\/","url":"https:\/\/protech.nu\/fi\/toimintapolitiikka\/","name":"Toimintapolitiikka \u2013 laatu, ymp\u00e4rist\u00f6 ja yhteisty\u00f6 | ProTech","isPartOf":{"@id":"https:\/\/protech.nu\/fi\/#website"},"datePublished":"2026-01-15T21:38:30+00:00","dateModified":"2026-01-15T21:44:33+00:00","description":"ProTechin toimintapolitiikka kuvaa periaatteemme yhteisty\u00f6ss\u00e4 asiakkaiden ja kumppaneiden kanssa, ammattimaisessa toiminnassa, henkil\u00f6st\u00f6n sitouttamisessa sek\u00e4 jatkuvassa laadun ja ymp\u00e4rist\u00f6n parantamisessa.","breadcrumb":{"@id":"https:\/\/protech.nu\/fi\/toimintapolitiikka\/#breadcrumb"},"inLanguage":"fi","potentialAction":[{"@type":"ReadAction","target":["https:\/\/protech.nu\/fi\/toimintapolitiikka\/"]}]},{"@type":"BreadcrumbList","@id":"https:\/\/protech.nu\/fi\/toimintapolitiikka\/#breadcrumb","itemListElement":[{"@type":"ListItem","position":1,"name":"Etusivu","item":"https:\/\/protech.nu\/fi\/"},{"@type":"ListItem","position":2,"name":"Toimintapolitiikka"}]},{"@type":"WebSite","@id":"https:\/\/protech.nu\/fi\/#website","url":"https:\/\/protech.nu\/fi\/","name":"PROTECH","description":"","publisher":{"@id":"https:\/\/protech.nu\/fi\/#organization"},"potentialAction":[{"@type":"SearchAction","target":{"@type":"EntryPoint","urlTemplate":"https:\/\/protech.nu\/fi\/?s={search_term_string}"},"query-input":{"@type":"PropertyValueSpecification","valueRequired":true,"valueName":"search_term_string"}}],"inLanguage":"fi"},{"@type":"Organization","@id":"https:\/\/protech.nu\/fi\/#organization","name":"MYPOWERTOOLSBOX","alternateName":"ProTech","url":"https:\/\/protech.nu\/fi\/","logo":{"@type":"ImageObject","inLanguage":"fi","@id":"https:\/\/protech.nu\/fi\/#\/schema\/logo\/image\/","url":"https:\/\/2026.protech.nu\/wp-content\/uploads\/2026\/02\/ProTech.png","contentUrl":"https:\/\/2026.protech.nu\/wp-content\/uploads\/2026\/02\/ProTech.png","width":1024,"height":1024,"caption":"MYPOWERTOOLSBOX"},"image":{"@id":"https:\/\/protech.nu\/fi\/#\/schema\/logo\/image\/"},"sameAs":["https:\/\/www.facebook.com\/Protech.nu\/","https:\/\/www.instagram.com\/protech_sweden\/","https:\/\/www.linkedin.com\/company\/protech-professional-technologies-sweden-ab\/","https:\/\/www.youtube.com\/@Protech_nu"]}]}},"_links":{"self":[{"href":"https:\/\/protech.nu\/fi\/wp-json\/wp\/v2\/pages\/6468","targetHints":{"allow":["GET"]}}],"collection":[{"href":"https:\/\/protech.nu\/fi\/wp-json\/wp\/v2\/pages"}],"about":[{"href":"https:\/\/protech.nu\/fi\/wp-json\/wp\/v2\/types\/page"}],"author":[{"embeddable":true,"href":"https:\/\/protech.nu\/fi\/wp-json\/wp\/v2\/users\/1"}],"replies":[{"embeddable":true,"href":"https:\/\/protech.nu\/fi\/wp-json\/wp\/v2\/comments?post=6468"}],"version-history":[{"count":1,"href":"https:\/\/protech.nu\/fi\/wp-json\/wp\/v2\/pages\/6468\/revisions"}],"predecessor-version":[{"id":6469,"href":"https:\/\/protech.nu\/fi\/wp-json\/wp\/v2\/pages\/6468\/revisions\/6469"}],"wp:attachment":[{"href":"https:\/\/protech.nu\/fi\/wp-json\/wp\/v2\/media?parent=6468"}],"curies":[{"name":"wp","href":"https:\/\/api.w.org\/{rel}","templated":true}]}}