{"id":2818,"date":"2025-11-10T16:17:37","date_gmt":"2025-11-10T16:17:37","guid":{"rendered":"https:\/\/protech.nu\/toode\/ingersoll-rand-bc1161-eu-akkulaturi-40v\/"},"modified":"2026-01-20T00:43:16","modified_gmt":"2026-01-20T00:43:16","slug":"ingersoll-rand-bc1161-charger","status":"publish","type":"product","link":"https:\/\/protech.nu\/fi\/tuote\/ingersoll-rand-bc1161-charger\/","title":{"rendered":"Ingersoll Rand BC1161-EU akkulaturi 40V"},"content":{"rendered":"<h3>Ingersoll Rand BC1161-EU Pikalaturi (40V)<\/h3>\n<p>Ingersoll Rand <strong>BC1161-EU pikalaturi<\/strong> on suunniteltu IQV40\u2122-sarjan 40V Li-Ion-akkujen tehokkaaseen ja nopeaan lataamiseen. Se on v\u00e4ltt\u00e4m\u00e4t\u00f6n laite ammattik\u00e4ytt\u00f6\u00f6n, varmistaen akkujen k\u00e4ytt\u00f6valmiuden lyhyess\u00e4 ajassa.<\/p>\n<p>Laturissa on <strong>LED-polttoainemittari ja \u00e4\u00e4nimerkki<\/strong>, jotka ilmoittavat selke\u00e4sti akun varaustason ja latauksen valmistumisen. Lis\u00e4ksi laitteessa on integroitu <strong>USB-latausportti<\/strong>, jonka avulla voit ladata samanaikaisesti tabletin tai matkapuhelimen. Joustava muotoilu mahdollistaa laturin asentamisen sein\u00e4lle tai ty\u00f6p\u00f6yd\u00e4lle \u2013 <strong>pysty- tai vaakasuoraan<\/strong> ty\u00f6tilan optimoimiseksi.<\/p>\n<hr \/>\n<h3>Tekniset tiedot:<\/h3>\n<ul>\n<li><strong>Yhteensopivuus:<\/strong> IQV40\u2122-sarjan akut (40V Li-Ion)<\/li>\n<li><strong>Latausaika:<\/strong> Pikalataus n. 1 tunti<\/li>\n<li><strong>Indikaattorit:<\/strong> LED-mittari ja \u00e4\u00e4nimerkki<\/li>\n<li><strong>Lis\u00e4ominaisuudet:<\/strong> USB-portti mobiililaitteille<\/li>\n<li><strong>Asennus:<\/strong> Pysty- tai vaakasuora (sein\u00e4\/p\u00f6yt\u00e4)<\/li>\n<li><strong>Paino:<\/strong> 1,31 kg<\/li>\n<\/ul>\n<p><strong>Download the IQV Series Product Catalog:<\/strong><\/p>\n<div style=\"margin: 15px 0 36px 0;\"><a style=\"display: inline-block; border: 2px solid #E14A2D; color: #e14a2d; padding: 12px 20px; border-radius: 4px; text-decoration: none; font-weight: 600; background: transparent;\" href=\"https:\/\/protech.nu\/wp-content\/uploads\/2025\/09\/ingersoll-rand-iqv20-cordless-tools-catalog.pdf\" target=\"_blank\" rel=\"noopener\">Ingersoll Rand IQV Cordless Tools | Power, Precision and Performance<br \/>\n<\/a><\/div>\n","protected":false},"excerpt":{"rendered":"<p>Ingersoll Rand <strong>BC1161-EU 40V IQV40\u2122 Laturi<\/strong>. \u00c4lyk\u00e4s pikalaturi LED-n\u00e4yt\u00f6ll\u00e4, \u00e4\u00e4nimerkill\u00e4 ja USB-portilla. Mahdollistaa joustavan asennuksen ja lataa akun t\u00e4yteen vain tunnissa.<\/p>\n","protected":false},"featured_media":1686,"comment_status":"open","ping_status":"closed","template":"","meta":{"_acf_changed":false,"_monsterinsights_skip_tracking":false,"_monsterinsights_sitenote_active":false,"_monsterinsights_sitenote_note":"","_monsterinsights_sitenote_category":0,"_themeisle_gutenberg_block_has_review":false},"product_brand":[],"product_cat":[194,122],"product_tag":[],"class_list":{"0":"post-2818","1":"product","2":"type-product","3":"status-publish","4":"has-post-thumbnail","6":"product_cat-ingersoll-rand-akut-ja-laturit","7":"product_cat-ingersoll-rand-iqv20-series","9":"first","10":"instock","11":"taxable","12":"shipping-taxable","13":"purchasable","14":"product-type-simple"},"acf":[],"yoast_head":"<!-- This site is optimized with the Yoast SEO plugin v27.4 - https:\/\/yoast.com\/product\/yoast-seo-wordpress\/ -->\n<title>ingersoll-rand-bc1161-eu-akkulaturi-40v<\/title>\n<meta name=\"description\" content=\"Ingersoll Rand BC1161-EU akkulaturi 40V IQV40\u2122 Li-Ion-akuille. Nopea lataus, LED-ilmaisin, USB-portti ja kest\u00e4v\u00e4 rakenne ammattik\u00e4ytt\u00f6\u00f6n.\" \/>\n<meta name=\"robots\" content=\"index, follow, max-snippet:-1, max-image-preview:large, max-video-preview:-1\" \/>\n<link rel=\"canonical\" href=\"https:\/\/protech.nu\/fi\/tuote\/ingersoll-rand-bc1161-charger\/\" \/>\n<meta property=\"og:locale\" content=\"fi_FI\" \/>\n<meta property=\"og:type\" content=\"article\" \/>\n<meta property=\"og:title\" content=\"ingersoll-rand-bc1161-eu-akkulaturi-40v\" \/>\n<meta property=\"og:description\" content=\"Ingersoll Rand BC1161-EU akkulaturi 40V IQV40\u2122 Li-Ion-akuille. Nopea lataus, LED-ilmaisin, USB-portti ja kest\u00e4v\u00e4 rakenne ammattik\u00e4ytt\u00f6\u00f6n.\" \/>\n<meta property=\"og:url\" content=\"https:\/\/protech.nu\/fi\/tuote\/ingersoll-rand-bc1161-charger\/\" \/>\n<meta property=\"og:site_name\" content=\"ProTech\" \/>\n<meta property=\"article:publisher\" content=\"https:\/\/www.facebook.com\/Protech.nu\/\" \/>\n<meta property=\"article:modified_time\" content=\"2026-01-20T00:43:16+00:00\" \/>\n<meta property=\"og:image\" content=\"https:\/\/protech.nu\/wp-content\/uploads\/2025\/08\/Ingersoll-Rand-iqv40-lithium-ion-40v-charger-bc1161.png\" \/>\n\t<meta property=\"og:image:width\" content=\"450\" \/>\n\t<meta property=\"og:image:height\" content=\"450\" \/>\n\t<meta property=\"og:image:type\" content=\"image\/png\" \/>\n<meta name=\"twitter:card\" content=\"summary_large_image\" \/>\n<meta name=\"twitter:label1\" content=\"Arvioitu lukuaika\" \/>\n\t<meta name=\"twitter:data1\" content=\"1 minuutti\" \/>\n<script type=\"application\/ld+json\" class=\"yoast-schema-graph\">{\"@context\":\"https:\\\/\\\/schema.org\",\"@graph\":[{\"@type\":\"WebPage\",\"@id\":\"https:\\\/\\\/protech.nu\\\/fi\\\/tuote\\\/ingersoll-rand-bc1161-charger\\\/\",\"url\":\"https:\\\/\\\/protech.nu\\\/fi\\\/tuote\\\/ingersoll-rand-bc1161-charger\\\/\",\"name\":\"ingersoll-rand-bc1161-eu-akkulaturi-40v\",\"isPartOf\":{\"@id\":\"https:\\\/\\\/protech.nu\\\/fi\\\/#website\"},\"primaryImageOfPage\":{\"@id\":\"https:\\\/\\\/protech.nu\\\/fi\\\/tuote\\\/ingersoll-rand-bc1161-charger\\\/#primaryimage\"},\"image\":{\"@id\":\"https:\\\/\\\/protech.nu\\\/fi\\\/tuote\\\/ingersoll-rand-bc1161-charger\\\/#primaryimage\"},\"thumbnailUrl\":\"https:\\\/\\\/protech.nu\\\/wp-content\\\/uploads\\\/2025\\\/08\\\/Ingersoll-Rand-iqv40-lithium-ion-40v-charger-bc1161.png\",\"datePublished\":\"2025-11-10T16:17:37+00:00\",\"dateModified\":\"2026-01-20T00:43:16+00:00\",\"description\":\"Ingersoll Rand BC1161-EU akkulaturi 40V IQV40\u2122 Li-Ion-akuille. Nopea lataus, LED-ilmaisin, USB-portti ja kest\u00e4v\u00e4 rakenne ammattik\u00e4ytt\u00f6\u00f6n.\",\"breadcrumb\":{\"@id\":\"https:\\\/\\\/protech.nu\\\/fi\\\/tuote\\\/ingersoll-rand-bc1161-charger\\\/#breadcrumb\"},\"inLanguage\":\"fi\",\"potentialAction\":[{\"@type\":\"ReadAction\",\"target\":[\"https:\\\/\\\/protech.nu\\\/fi\\\/tuote\\\/ingersoll-rand-bc1161-charger\\\/\"]}]},{\"@type\":\"ImageObject\",\"inLanguage\":\"fi\",\"@id\":\"https:\\\/\\\/protech.nu\\\/fi\\\/tuote\\\/ingersoll-rand-bc1161-charger\\\/#primaryimage\",\"url\":\"https:\\\/\\\/protech.nu\\\/wp-content\\\/uploads\\\/2025\\\/08\\\/Ingersoll-Rand-iqv40-lithium-ion-40v-charger-bc1161.png\",\"contentUrl\":\"https:\\\/\\\/protech.nu\\\/wp-content\\\/uploads\\\/2025\\\/08\\\/Ingersoll-Rand-iqv40-lithium-ion-40v-charger-bc1161.png\",\"width\":450,\"height\":450,\"caption\":\"ngersoll Rand BC1161 akulaadija (40V) on loodud professionaalseks kasutuseks, tagades IR 40V Li-Ion akudele kiire ja t\u00f6\u00f6kindla laadimise. Sobib BL4011, BL4012 ja BL4013 akudele.\"},{\"@type\":\"BreadcrumbList\",\"@id\":\"https:\\\/\\\/protech.nu\\\/fi\\\/tuote\\\/ingersoll-rand-bc1161-charger\\\/#breadcrumb\",\"itemListElement\":[{\"@type\":\"ListItem\",\"position\":1,\"name\":\"Etusivu\",\"item\":\"https:\\\/\\\/protech.nu\\\/fi\\\/\"},{\"@type\":\"ListItem\",\"position\":2,\"name\":\"Tooted\",\"item\":\"https:\\\/\\\/protech.nu\\\/products\\\/\"},{\"@type\":\"ListItem\",\"position\":3,\"name\":\"Ingersoll Rand BC1161-EU akkulaturi 40V\"}]},{\"@type\":\"WebSite\",\"@id\":\"https:\\\/\\\/protech.nu\\\/fi\\\/#website\",\"url\":\"https:\\\/\\\/protech.nu\\\/fi\\\/\",\"name\":\"PROTECH\",\"description\":\"\",\"publisher\":{\"@id\":\"https:\\\/\\\/protech.nu\\\/fi\\\/#organization\"},\"potentialAction\":[{\"@type\":\"SearchAction\",\"target\":{\"@type\":\"EntryPoint\",\"urlTemplate\":\"https:\\\/\\\/protech.nu\\\/fi\\\/?s={search_term_string}\"},\"query-input\":{\"@type\":\"PropertyValueSpecification\",\"valueRequired\":true,\"valueName\":\"search_term_string\"}}],\"inLanguage\":\"fi\"},{\"@type\":\"Organization\",\"@id\":\"https:\\\/\\\/protech.nu\\\/fi\\\/#organization\",\"name\":\"MYPOWERTOOLSBOX\",\"alternateName\":\"ProTech\",\"url\":\"https:\\\/\\\/protech.nu\\\/fi\\\/\",\"logo\":{\"@type\":\"ImageObject\",\"inLanguage\":\"fi\",\"@id\":\"https:\\\/\\\/protech.nu\\\/fi\\\/#\\\/schema\\\/logo\\\/image\\\/\",\"url\":\"https:\\\/\\\/2026.protech.nu\\\/wp-content\\\/uploads\\\/2026\\\/02\\\/ProTech.png\",\"contentUrl\":\"https:\\\/\\\/2026.protech.nu\\\/wp-content\\\/uploads\\\/2026\\\/02\\\/ProTech.png\",\"width\":1024,\"height\":1024,\"caption\":\"MYPOWERTOOLSBOX\"},\"image\":{\"@id\":\"https:\\\/\\\/protech.nu\\\/fi\\\/#\\\/schema\\\/logo\\\/image\\\/\"},\"sameAs\":[\"https:\\\/\\\/www.facebook.com\\\/Protech.nu\\\/\",\"https:\\\/\\\/www.instagram.com\\\/protech_sweden\\\/\",\"https:\\\/\\\/www.linkedin.com\\\/company\\\/protech-professional-technologies-sweden-ab\\\/\",\"https:\\\/\\\/www.youtube.com\\\/@Protech_nu\"]}]}<\/script>\n<!-- \/ Yoast SEO plugin. -->","yoast_head_json":{"title":"ingersoll-rand-bc1161-eu-akkulaturi-40v","description":"Ingersoll Rand BC1161-EU akkulaturi 40V IQV40\u2122 Li-Ion-akuille. Nopea lataus, LED-ilmaisin, USB-portti ja kest\u00e4v\u00e4 rakenne ammattik\u00e4ytt\u00f6\u00f6n.","robots":{"index":"index","follow":"follow","max-snippet":"max-snippet:-1","max-image-preview":"max-image-preview:large","max-video-preview":"max-video-preview:-1"},"canonical":"https:\/\/protech.nu\/fi\/tuote\/ingersoll-rand-bc1161-charger\/","og_locale":"fi_FI","og_type":"article","og_title":"ingersoll-rand-bc1161-eu-akkulaturi-40v","og_description":"Ingersoll Rand BC1161-EU akkulaturi 40V IQV40\u2122 Li-Ion-akuille. Nopea lataus, LED-ilmaisin, USB-portti ja kest\u00e4v\u00e4 rakenne ammattik\u00e4ytt\u00f6\u00f6n.","og_url":"https:\/\/protech.nu\/fi\/tuote\/ingersoll-rand-bc1161-charger\/","og_site_name":"ProTech","article_publisher":"https:\/\/www.facebook.com\/Protech.nu\/","article_modified_time":"2026-01-20T00:43:16+00:00","og_image":[{"width":450,"height":450,"url":"https:\/\/protech.nu\/wp-content\/uploads\/2025\/08\/Ingersoll-Rand-iqv40-lithium-ion-40v-charger-bc1161.png","type":"image\/png"}],"twitter_card":"summary_large_image","twitter_misc":{"Arvioitu lukuaika":"1 minuutti"},"schema":{"@context":"https:\/\/schema.org","@graph":[{"@type":"WebPage","@id":"https:\/\/protech.nu\/fi\/tuote\/ingersoll-rand-bc1161-charger\/","url":"https:\/\/protech.nu\/fi\/tuote\/ingersoll-rand-bc1161-charger\/","name":"ingersoll-rand-bc1161-eu-akkulaturi-40v","isPartOf":{"@id":"https:\/\/protech.nu\/fi\/#website"},"primaryImageOfPage":{"@id":"https:\/\/protech.nu\/fi\/tuote\/ingersoll-rand-bc1161-charger\/#primaryimage"},"image":{"@id":"https:\/\/protech.nu\/fi\/tuote\/ingersoll-rand-bc1161-charger\/#primaryimage"},"thumbnailUrl":"https:\/\/protech.nu\/wp-content\/uploads\/2025\/08\/Ingersoll-Rand-iqv40-lithium-ion-40v-charger-bc1161.png","datePublished":"2025-11-10T16:17:37+00:00","dateModified":"2026-01-20T00:43:16+00:00","description":"Ingersoll Rand BC1161-EU akkulaturi 40V IQV40\u2122 Li-Ion-akuille. Nopea lataus, LED-ilmaisin, USB-portti ja kest\u00e4v\u00e4 rakenne ammattik\u00e4ytt\u00f6\u00f6n.","breadcrumb":{"@id":"https:\/\/protech.nu\/fi\/tuote\/ingersoll-rand-bc1161-charger\/#breadcrumb"},"inLanguage":"fi","potentialAction":[{"@type":"ReadAction","target":["https:\/\/protech.nu\/fi\/tuote\/ingersoll-rand-bc1161-charger\/"]}]},{"@type":"ImageObject","inLanguage":"fi","@id":"https:\/\/protech.nu\/fi\/tuote\/ingersoll-rand-bc1161-charger\/#primaryimage","url":"https:\/\/protech.nu\/wp-content\/uploads\/2025\/08\/Ingersoll-Rand-iqv40-lithium-ion-40v-charger-bc1161.png","contentUrl":"https:\/\/protech.nu\/wp-content\/uploads\/2025\/08\/Ingersoll-Rand-iqv40-lithium-ion-40v-charger-bc1161.png","width":450,"height":450,"caption":"ngersoll Rand BC1161 akulaadija (40V) on loodud professionaalseks kasutuseks, tagades IR 40V Li-Ion akudele kiire ja t\u00f6\u00f6kindla laadimise. Sobib BL4011, BL4012 ja BL4013 akudele."},{"@type":"BreadcrumbList","@id":"https:\/\/protech.nu\/fi\/tuote\/ingersoll-rand-bc1161-charger\/#breadcrumb","itemListElement":[{"@type":"ListItem","position":1,"name":"Etusivu","item":"https:\/\/protech.nu\/fi\/"},{"@type":"ListItem","position":2,"name":"Tooted","item":"https:\/\/protech.nu\/products\/"},{"@type":"ListItem","position":3,"name":"Ingersoll Rand BC1161-EU akkulaturi 40V"}]},{"@type":"WebSite","@id":"https:\/\/protech.nu\/fi\/#website","url":"https:\/\/protech.nu\/fi\/","name":"PROTECH","description":"","publisher":{"@id":"https:\/\/protech.nu\/fi\/#organization"},"potentialAction":[{"@type":"SearchAction","target":{"@type":"EntryPoint","urlTemplate":"https:\/\/protech.nu\/fi\/?s={search_term_string}"},"query-input":{"@type":"PropertyValueSpecification","valueRequired":true,"valueName":"search_term_string"}}],"inLanguage":"fi"},{"@type":"Organization","@id":"https:\/\/protech.nu\/fi\/#organization","name":"MYPOWERTOOLSBOX","alternateName":"ProTech","url":"https:\/\/protech.nu\/fi\/","logo":{"@type":"ImageObject","inLanguage":"fi","@id":"https:\/\/protech.nu\/fi\/#\/schema\/logo\/image\/","url":"https:\/\/2026.protech.nu\/wp-content\/uploads\/2026\/02\/ProTech.png","contentUrl":"https:\/\/2026.protech.nu\/wp-content\/uploads\/2026\/02\/ProTech.png","width":1024,"height":1024,"caption":"MYPOWERTOOLSBOX"},"image":{"@id":"https:\/\/protech.nu\/fi\/#\/schema\/logo\/image\/"},"sameAs":["https:\/\/www.facebook.com\/Protech.nu\/","https:\/\/www.instagram.com\/protech_sweden\/","https:\/\/www.linkedin.com\/company\/protech-professional-technologies-sweden-ab\/","https:\/\/www.youtube.com\/@Protech_nu"]}]}},"_links":{"self":[{"href":"https:\/\/protech.nu\/fi\/wp-json\/wp\/v2\/product\/2818","targetHints":{"allow":["GET"]}}],"collection":[{"href":"https:\/\/protech.nu\/fi\/wp-json\/wp\/v2\/product"}],"about":[{"href":"https:\/\/protech.nu\/fi\/wp-json\/wp\/v2\/types\/product"}],"replies":[{"embeddable":true,"href":"https:\/\/protech.nu\/fi\/wp-json\/wp\/v2\/comments?post=2818"}],"wp:featuredmedia":[{"embeddable":true,"href":"https:\/\/protech.nu\/fi\/wp-json\/wp\/v2\/media\/1686"}],"wp:attachment":[{"href":"https:\/\/protech.nu\/fi\/wp-json\/wp\/v2\/media?parent=2818"}],"wp:term":[{"taxonomy":"product_brand","embeddable":true,"href":"https:\/\/protech.nu\/fi\/wp-json\/wp\/v2\/product_brand?post=2818"},{"taxonomy":"product_cat","embeddable":true,"href":"https:\/\/protech.nu\/fi\/wp-json\/wp\/v2\/product_cat?post=2818"},{"taxonomy":"product_tag","embeddable":true,"href":"https:\/\/protech.nu\/fi\/wp-json\/wp\/v2\/product_tag?post=2818"}],"curies":[{"name":"wp","href":"https:\/\/api.w.org\/{rel}","templated":true}]}}