{"id":3821,"date":"2025-11-28T13:49:01","date_gmt":"2025-11-28T13:49:01","guid":{"rendered":"https:\/\/protech.nu\/?post_type=product&#038;p=3821"},"modified":"2026-01-01T01:28:12","modified_gmt":"2026-01-01T01:28:12","slug":"ingersoll-rand-w9491-1-3500-nm-iqv20-akkukuvavaannin-vain-tyokalu-copy-2","status":"publish","type":"product","link":"https:\/\/protech.nu\/fi\/tuote\/ingersoll-rand-w9491-1-3500-nm-iqv20-akkukuvavaannin-vain-tyokalu-copy-2\/","title":{"rendered":"Ingersoll Rand W9491-K2E-EU \u2013 1\u201d, 3500 Nm IQV20\u2122 akkuiskuv\u00e4\u00e4nnin paketti (2 \u00d7 5.0 Ah akut ja laturi)"},"content":{"rendered":"<p>W9491 nostaa Ingersoll Randin akkuty\u00f6kalusarjan uudelle tasolle, tarjoten suorituskyky\u00e4, joka ylitt\u00e4\u00e4 monet pneumaattiset vaihtoehdot. T\u00e4m\u00e4 1&#8243; iskev\u00e4 mutterinv\u00e4\u00e4nnin tuottaa jopa 3500 Nm avaamismomentin ja 3000 Nm kiristysmomentin, mik\u00e4 tekee siit\u00e4 ihanteellisen suurten pulttien ja muttereiden k\u00e4sittelyyn raskaankaluston huollossa, rautatie- ja merik\u00e4yt\u00f6ss\u00e4 sek\u00e4 teollisuuden kunnossapidossa. Harjaton moottori ja kest\u00e4v\u00e4 runkorakenne takaavat luotettavuuden my\u00f6s \u00e4\u00e4rimm\u00e4isiss\u00e4 ty\u00f6olosuhteissa.<\/p>\n<p><strong>Tekniset tiedot:<\/strong><\/p>\n<ul>\n<li>Kara \/ kiinnitys: 1&#8243; neli\u00f6kara<\/li>\n<li>Avausmomentti: jopa 3500 Nm<\/li>\n<li>Kiristysmomentti: jopa 3000 Nm<\/li>\n<li>Kierrosnopeus ilman kuormaa: 890 r\/min<\/li>\n<li>Iskutaajuus: 1170 iskua\/min<\/li>\n<li>Paino akun kanssa: 12,5 kg (5.0 Ah akulla)<\/li>\n<li>Pituus: 511 mm<\/li>\n<li>Valaistus: ei ole<\/li>\n<\/ul>\n<p><strong>Pakkauksen sis\u00e4lt\u00f6:<\/strong><\/p>\n<ul>\n<li>1 \u00d7 Ingersoll Rand W9491 akkukuv\u00e4v\u00e4\u00e4nnin<\/li>\n<li>2 \u00d7 20V 5.0Ah BL2022 IQV20\u2122 Li-Ion akkua<\/li>\n<li>1 \u00d7 BC1221-EU kaksoislaturi<\/li>\n<\/ul>\n<p><strong>Lataa IQV20\u2122-sarjan tuoteluettelo:<\/strong><\/p>\n<div style=\"margin: 0 0 10px 0;\"><a style=\"display: inline-block; background: #E14A2D; color: #ffffff; padding: 12px 20px; border-radius: 4px; text-decoration: none; font-weight: 600;\" href=\"https:\/\/protech.nu\/wp-content\/uploads\/2025\/09\/ingersoll-rand-iqv20-cordless-tools-catalog.pdf\">Ingersoll Rand IQV20 Cordless Tools | Impact Wrenches, Drills &amp; Drivers<br \/>\n<\/a><\/div>\n","protected":false},"excerpt":{"rendered":"<p>Ingersoll Rand W9491 on 1\u2033 akkuk\u00e4ytt\u00f6inen iskev\u00e4 mutterinv\u00e4\u00e4nnin, joka tuottaa jopa 3500 Nm avaamismomentin ja 3000 Nm kiristysmomentin. Ty\u00f6kalun paino kahden 5,0 Ah akun kanssa on 12,5 kg. Ingersoll Randin innovatiivinen muotoilu tarjoaa tasapainoisen painojakauman, ergonomisen D-kahvan 360\u00b0 apukahvalla sek\u00e4 suojatun IQV\u00ae20-akkuj\u00e4rjestelm\u00e4n, joka takaa tehon koko ty\u00f6p\u00e4iv\u00e4ksi.<\/p>\n[video width=\"1920\" height=\"1012\" mp4=\"https:\/\/protech.nu\/wp-content\/uploads\/2025\/08\/Worlds-Most-Powerful-20V-1-Cordless-Impact-Wrench-W9691-W9491.mp4\"][\/video]\n","protected":false},"featured_media":3832,"comment_status":"open","ping_status":"closed","template":"","meta":{"_acf_changed":false,"_monsterinsights_skip_tracking":false,"_monsterinsights_sitenote_active":false,"_monsterinsights_sitenote_note":"","_monsterinsights_sitenote_category":0,"_themeisle_gutenberg_block_has_review":false},"product_brand":[],"product_cat":[123,122],"product_tag":[],"class_list":{"0":"post-3821","1":"product","2":"type-product","3":"status-publish","4":"has-post-thumbnail","6":"product_cat-ingersoll-rand-akkukayttoiset-iskevat-mutterinvayntimet-ja-ruuvinvayntimet","7":"product_cat-ingersoll-rand-iqv20-series","8":"pa_pikkus-mm-1479","10":"first","11":"instock","12":"taxable","13":"shipping-taxable","14":"purchasable","15":"product-type-simple"},"acf":[],"yoast_head":"<!-- This site is optimized with the Yoast SEO plugin v27.4 - https:\/\/yoast.com\/product\/yoast-seo-wordpress\/ -->\n<title>Ingersoll Rand W9491-K2E-EU \u2013 1\u201d 3500 Nm IQV20 akkukuv\u00e4v\u00e4\u00e4nnin paketti (2 \u00d7 5.0 Ah akut ja laturi)<\/title>\n<meta name=\"description\" content=\"Ingersoll Rand W9491-K2E-EU on 1\u201d, 3500 Nm IQV20\u2122 akkukuv\u00e4v\u00e4\u00e4nnin paketti, joka sis\u00e4lt\u00e4\u00e4 kaksi 5.0 Ah BL2022-akkua ja BC1221-EU kaksoislaturin. Ihanteellinen raskaaseen teollisuus-, ajoneuvo- ja huoltok\u00e4ytt\u00f6\u00f6n.\" \/>\n<meta name=\"robots\" content=\"index, follow, max-snippet:-1, max-image-preview:large, max-video-preview:-1\" \/>\n<link rel=\"canonical\" href=\"https:\/\/protech.nu\/fi\/tuote\/ingersoll-rand-w9491-1-3500-nm-iqv20-akkukuvavaannin-vain-tyokalu-copy-2\/\" \/>\n<meta property=\"og:locale\" content=\"fi_FI\" \/>\n<meta property=\"og:type\" content=\"article\" \/>\n<meta property=\"og:title\" content=\"Ingersoll Rand W9491-K2E-EU \u2013 1\u201d 3500 Nm IQV20 akkukuv\u00e4v\u00e4\u00e4nnin paketti (2 \u00d7 5.0 Ah akut ja laturi)\" \/>\n<meta property=\"og:description\" content=\"Ingersoll Rand W9491-K2E-EU on 1\u201d, 3500 Nm IQV20\u2122 akkukuv\u00e4v\u00e4\u00e4nnin paketti, joka sis\u00e4lt\u00e4\u00e4 kaksi 5.0 Ah BL2022-akkua ja BC1221-EU kaksoislaturin. Ihanteellinen raskaaseen teollisuus-, ajoneuvo- ja huoltok\u00e4ytt\u00f6\u00f6n.\" \/>\n<meta property=\"og:url\" content=\"https:\/\/protech.nu\/fi\/tuote\/ingersoll-rand-w9491-1-3500-nm-iqv20-akkukuvavaannin-vain-tyokalu-copy-2\/\" \/>\n<meta property=\"og:site_name\" content=\"ProTech\" \/>\n<meta property=\"article:publisher\" content=\"https:\/\/www.facebook.com\/Protech.nu\/\" \/>\n<meta property=\"article:modified_time\" content=\"2026-01-01T01:28:12+00:00\" \/>\n<meta property=\"og:image\" content=\"https:\/\/protech.nu\/wp-content\/uploads\/2025\/11\/ingersoll-rand-w9491-k2e-eu-1in-3500nm-iqv20-akuloogmutrikeeraja-komplekt.jpg\" \/>\n\t<meta property=\"og:image:width\" content=\"600\" \/>\n\t<meta property=\"og:image:height\" content=\"600\" \/>\n\t<meta property=\"og:image:type\" content=\"image\/jpeg\" \/>\n<meta name=\"twitter:card\" content=\"summary_large_image\" \/>\n<meta name=\"twitter:label1\" content=\"Arvioitu lukuaika\" \/>\n\t<meta name=\"twitter:data1\" content=\"1 minuutti\" \/>\n<script type=\"application\/ld+json\" class=\"yoast-schema-graph\">{\"@context\":\"https:\\\/\\\/schema.org\",\"@graph\":[{\"@type\":\"WebPage\",\"@id\":\"https:\\\/\\\/protech.nu\\\/fi\\\/tuote\\\/ingersoll-rand-w9491-1-3500-nm-iqv20-akkukuvavaannin-vain-tyokalu-copy-2\\\/\",\"url\":\"https:\\\/\\\/protech.nu\\\/fi\\\/tuote\\\/ingersoll-rand-w9491-1-3500-nm-iqv20-akkukuvavaannin-vain-tyokalu-copy-2\\\/\",\"name\":\"Ingersoll Rand W9491-K2E-EU \u2013 1\u201d 3500 Nm IQV20 akkukuv\u00e4v\u00e4\u00e4nnin paketti (2 \u00d7 5.0 Ah akut ja laturi)\",\"isPartOf\":{\"@id\":\"https:\\\/\\\/protech.nu\\\/fi\\\/#website\"},\"primaryImageOfPage\":{\"@id\":\"https:\\\/\\\/protech.nu\\\/fi\\\/tuote\\\/ingersoll-rand-w9491-1-3500-nm-iqv20-akkukuvavaannin-vain-tyokalu-copy-2\\\/#primaryimage\"},\"image\":{\"@id\":\"https:\\\/\\\/protech.nu\\\/fi\\\/tuote\\\/ingersoll-rand-w9491-1-3500-nm-iqv20-akkukuvavaannin-vain-tyokalu-copy-2\\\/#primaryimage\"},\"thumbnailUrl\":\"https:\\\/\\\/protech.nu\\\/wp-content\\\/uploads\\\/2025\\\/11\\\/ingersoll-rand-w9491-k2e-eu-1in-3500nm-iqv20-akuloogmutrikeeraja-komplekt.jpg\",\"datePublished\":\"2025-11-28T13:49:01+00:00\",\"dateModified\":\"2026-01-01T01:28:12+00:00\",\"description\":\"Ingersoll Rand W9491-K2E-EU on 1\u201d, 3500 Nm IQV20\u2122 akkukuv\u00e4v\u00e4\u00e4nnin paketti, joka sis\u00e4lt\u00e4\u00e4 kaksi 5.0 Ah BL2022-akkua ja BC1221-EU kaksoislaturin. Ihanteellinen raskaaseen teollisuus-, ajoneuvo- ja huoltok\u00e4ytt\u00f6\u00f6n.\",\"breadcrumb\":{\"@id\":\"https:\\\/\\\/protech.nu\\\/fi\\\/tuote\\\/ingersoll-rand-w9491-1-3500-nm-iqv20-akkukuvavaannin-vain-tyokalu-copy-2\\\/#breadcrumb\"},\"inLanguage\":\"fi\",\"potentialAction\":[{\"@type\":\"ReadAction\",\"target\":[\"https:\\\/\\\/protech.nu\\\/fi\\\/tuote\\\/ingersoll-rand-w9491-1-3500-nm-iqv20-akkukuvavaannin-vain-tyokalu-copy-2\\\/\"]}]},{\"@type\":\"ImageObject\",\"inLanguage\":\"fi\",\"@id\":\"https:\\\/\\\/protech.nu\\\/fi\\\/tuote\\\/ingersoll-rand-w9491-1-3500-nm-iqv20-akkukuvavaannin-vain-tyokalu-copy-2\\\/#primaryimage\",\"url\":\"https:\\\/\\\/protech.nu\\\/wp-content\\\/uploads\\\/2025\\\/11\\\/ingersoll-rand-w9491-k2e-eu-1in-3500nm-iqv20-akuloogmutrikeeraja-komplekt.jpg\",\"contentUrl\":\"https:\\\/\\\/protech.nu\\\/wp-content\\\/uploads\\\/2025\\\/11\\\/ingersoll-rand-w9491-k2e-eu-1in-3500nm-iqv20-akuloogmutrikeeraja-komplekt.jpg\",\"width\":600,\"height\":600,\"caption\":\"Ingersoll Rand W9491-K2E-EU \u2013 1\u201d 3500 Nm IQV20\u2122 akkuiskuv\u00e4\u00e4nnin paketti (2 \u00d7 5.0 Ah akut ja laturi)\"},{\"@type\":\"BreadcrumbList\",\"@id\":\"https:\\\/\\\/protech.nu\\\/fi\\\/tuote\\\/ingersoll-rand-w9491-1-3500-nm-iqv20-akkukuvavaannin-vain-tyokalu-copy-2\\\/#breadcrumb\",\"itemListElement\":[{\"@type\":\"ListItem\",\"position\":1,\"name\":\"Etusivu\",\"item\":\"https:\\\/\\\/protech.nu\\\/fi\\\/\"},{\"@type\":\"ListItem\",\"position\":2,\"name\":\"Tooted\",\"item\":\"https:\\\/\\\/protech.nu\\\/products\\\/\"},{\"@type\":\"ListItem\",\"position\":3,\"name\":\"Ingersoll Rand W9491-K2E-EU \u2013 1\u201d, 3500 Nm IQV20\u2122 akkuiskuv\u00e4\u00e4nnin paketti (2 \u00d7 5.0 Ah akut ja laturi)\"}]},{\"@type\":\"WebSite\",\"@id\":\"https:\\\/\\\/protech.nu\\\/fi\\\/#website\",\"url\":\"https:\\\/\\\/protech.nu\\\/fi\\\/\",\"name\":\"PROTECH\",\"description\":\"\",\"publisher\":{\"@id\":\"https:\\\/\\\/protech.nu\\\/fi\\\/#organization\"},\"potentialAction\":[{\"@type\":\"SearchAction\",\"target\":{\"@type\":\"EntryPoint\",\"urlTemplate\":\"https:\\\/\\\/protech.nu\\\/fi\\\/?s={search_term_string}\"},\"query-input\":{\"@type\":\"PropertyValueSpecification\",\"valueRequired\":true,\"valueName\":\"search_term_string\"}}],\"inLanguage\":\"fi\"},{\"@type\":\"Organization\",\"@id\":\"https:\\\/\\\/protech.nu\\\/fi\\\/#organization\",\"name\":\"MYPOWERTOOLSBOX\",\"alternateName\":\"ProTech\",\"url\":\"https:\\\/\\\/protech.nu\\\/fi\\\/\",\"logo\":{\"@type\":\"ImageObject\",\"inLanguage\":\"fi\",\"@id\":\"https:\\\/\\\/protech.nu\\\/fi\\\/#\\\/schema\\\/logo\\\/image\\\/\",\"url\":\"https:\\\/\\\/2026.protech.nu\\\/wp-content\\\/uploads\\\/2026\\\/02\\\/ProTech.png\",\"contentUrl\":\"https:\\\/\\\/2026.protech.nu\\\/wp-content\\\/uploads\\\/2026\\\/02\\\/ProTech.png\",\"width\":1024,\"height\":1024,\"caption\":\"MYPOWERTOOLSBOX\"},\"image\":{\"@id\":\"https:\\\/\\\/protech.nu\\\/fi\\\/#\\\/schema\\\/logo\\\/image\\\/\"},\"sameAs\":[\"https:\\\/\\\/www.facebook.com\\\/Protech.nu\\\/\",\"https:\\\/\\\/www.instagram.com\\\/protech_sweden\\\/\",\"https:\\\/\\\/www.linkedin.com\\\/company\\\/protech-professional-technologies-sweden-ab\\\/\",\"https:\\\/\\\/www.youtube.com\\\/@Protech_nu\"]}]}<\/script>\n<!-- \/ Yoast SEO plugin. -->","yoast_head_json":{"title":"Ingersoll Rand W9491-K2E-EU \u2013 1\u201d 3500 Nm IQV20 akkukuv\u00e4v\u00e4\u00e4nnin paketti (2 \u00d7 5.0 Ah akut ja laturi)","description":"Ingersoll Rand W9491-K2E-EU on 1\u201d, 3500 Nm IQV20\u2122 akkukuv\u00e4v\u00e4\u00e4nnin paketti, joka sis\u00e4lt\u00e4\u00e4 kaksi 5.0 Ah BL2022-akkua ja BC1221-EU kaksoislaturin. Ihanteellinen raskaaseen teollisuus-, ajoneuvo- ja huoltok\u00e4ytt\u00f6\u00f6n.","robots":{"index":"index","follow":"follow","max-snippet":"max-snippet:-1","max-image-preview":"max-image-preview:large","max-video-preview":"max-video-preview:-1"},"canonical":"https:\/\/protech.nu\/fi\/tuote\/ingersoll-rand-w9491-1-3500-nm-iqv20-akkukuvavaannin-vain-tyokalu-copy-2\/","og_locale":"fi_FI","og_type":"article","og_title":"Ingersoll Rand W9491-K2E-EU \u2013 1\u201d 3500 Nm IQV20 akkukuv\u00e4v\u00e4\u00e4nnin paketti (2 \u00d7 5.0 Ah akut ja laturi)","og_description":"Ingersoll Rand W9491-K2E-EU on 1\u201d, 3500 Nm IQV20\u2122 akkukuv\u00e4v\u00e4\u00e4nnin paketti, joka sis\u00e4lt\u00e4\u00e4 kaksi 5.0 Ah BL2022-akkua ja BC1221-EU kaksoislaturin. Ihanteellinen raskaaseen teollisuus-, ajoneuvo- ja huoltok\u00e4ytt\u00f6\u00f6n.","og_url":"https:\/\/protech.nu\/fi\/tuote\/ingersoll-rand-w9491-1-3500-nm-iqv20-akkukuvavaannin-vain-tyokalu-copy-2\/","og_site_name":"ProTech","article_publisher":"https:\/\/www.facebook.com\/Protech.nu\/","article_modified_time":"2026-01-01T01:28:12+00:00","og_image":[{"width":600,"height":600,"url":"https:\/\/protech.nu\/wp-content\/uploads\/2025\/11\/ingersoll-rand-w9491-k2e-eu-1in-3500nm-iqv20-akuloogmutrikeeraja-komplekt.jpg","type":"image\/jpeg"}],"twitter_card":"summary_large_image","twitter_misc":{"Arvioitu lukuaika":"1 minuutti"},"schema":{"@context":"https:\/\/schema.org","@graph":[{"@type":"WebPage","@id":"https:\/\/protech.nu\/fi\/tuote\/ingersoll-rand-w9491-1-3500-nm-iqv20-akkukuvavaannin-vain-tyokalu-copy-2\/","url":"https:\/\/protech.nu\/fi\/tuote\/ingersoll-rand-w9491-1-3500-nm-iqv20-akkukuvavaannin-vain-tyokalu-copy-2\/","name":"Ingersoll Rand W9491-K2E-EU \u2013 1\u201d 3500 Nm IQV20 akkukuv\u00e4v\u00e4\u00e4nnin paketti (2 \u00d7 5.0 Ah akut ja laturi)","isPartOf":{"@id":"https:\/\/protech.nu\/fi\/#website"},"primaryImageOfPage":{"@id":"https:\/\/protech.nu\/fi\/tuote\/ingersoll-rand-w9491-1-3500-nm-iqv20-akkukuvavaannin-vain-tyokalu-copy-2\/#primaryimage"},"image":{"@id":"https:\/\/protech.nu\/fi\/tuote\/ingersoll-rand-w9491-1-3500-nm-iqv20-akkukuvavaannin-vain-tyokalu-copy-2\/#primaryimage"},"thumbnailUrl":"https:\/\/protech.nu\/wp-content\/uploads\/2025\/11\/ingersoll-rand-w9491-k2e-eu-1in-3500nm-iqv20-akuloogmutrikeeraja-komplekt.jpg","datePublished":"2025-11-28T13:49:01+00:00","dateModified":"2026-01-01T01:28:12+00:00","description":"Ingersoll Rand W9491-K2E-EU on 1\u201d, 3500 Nm IQV20\u2122 akkukuv\u00e4v\u00e4\u00e4nnin paketti, joka sis\u00e4lt\u00e4\u00e4 kaksi 5.0 Ah BL2022-akkua ja BC1221-EU kaksoislaturin. Ihanteellinen raskaaseen teollisuus-, ajoneuvo- ja huoltok\u00e4ytt\u00f6\u00f6n.","breadcrumb":{"@id":"https:\/\/protech.nu\/fi\/tuote\/ingersoll-rand-w9491-1-3500-nm-iqv20-akkukuvavaannin-vain-tyokalu-copy-2\/#breadcrumb"},"inLanguage":"fi","potentialAction":[{"@type":"ReadAction","target":["https:\/\/protech.nu\/fi\/tuote\/ingersoll-rand-w9491-1-3500-nm-iqv20-akkukuvavaannin-vain-tyokalu-copy-2\/"]}]},{"@type":"ImageObject","inLanguage":"fi","@id":"https:\/\/protech.nu\/fi\/tuote\/ingersoll-rand-w9491-1-3500-nm-iqv20-akkukuvavaannin-vain-tyokalu-copy-2\/#primaryimage","url":"https:\/\/protech.nu\/wp-content\/uploads\/2025\/11\/ingersoll-rand-w9491-k2e-eu-1in-3500nm-iqv20-akuloogmutrikeeraja-komplekt.jpg","contentUrl":"https:\/\/protech.nu\/wp-content\/uploads\/2025\/11\/ingersoll-rand-w9491-k2e-eu-1in-3500nm-iqv20-akuloogmutrikeeraja-komplekt.jpg","width":600,"height":600,"caption":"Ingersoll Rand W9491-K2E-EU \u2013 1\u201d 3500 Nm IQV20\u2122 akkuiskuv\u00e4\u00e4nnin paketti (2 \u00d7 5.0 Ah akut ja laturi)"},{"@type":"BreadcrumbList","@id":"https:\/\/protech.nu\/fi\/tuote\/ingersoll-rand-w9491-1-3500-nm-iqv20-akkukuvavaannin-vain-tyokalu-copy-2\/#breadcrumb","itemListElement":[{"@type":"ListItem","position":1,"name":"Etusivu","item":"https:\/\/protech.nu\/fi\/"},{"@type":"ListItem","position":2,"name":"Tooted","item":"https:\/\/protech.nu\/products\/"},{"@type":"ListItem","position":3,"name":"Ingersoll Rand W9491-K2E-EU \u2013 1\u201d, 3500 Nm IQV20\u2122 akkuiskuv\u00e4\u00e4nnin paketti (2 \u00d7 5.0 Ah akut ja laturi)"}]},{"@type":"WebSite","@id":"https:\/\/protech.nu\/fi\/#website","url":"https:\/\/protech.nu\/fi\/","name":"PROTECH","description":"","publisher":{"@id":"https:\/\/protech.nu\/fi\/#organization"},"potentialAction":[{"@type":"SearchAction","target":{"@type":"EntryPoint","urlTemplate":"https:\/\/protech.nu\/fi\/?s={search_term_string}"},"query-input":{"@type":"PropertyValueSpecification","valueRequired":true,"valueName":"search_term_string"}}],"inLanguage":"fi"},{"@type":"Organization","@id":"https:\/\/protech.nu\/fi\/#organization","name":"MYPOWERTOOLSBOX","alternateName":"ProTech","url":"https:\/\/protech.nu\/fi\/","logo":{"@type":"ImageObject","inLanguage":"fi","@id":"https:\/\/protech.nu\/fi\/#\/schema\/logo\/image\/","url":"https:\/\/2026.protech.nu\/wp-content\/uploads\/2026\/02\/ProTech.png","contentUrl":"https:\/\/2026.protech.nu\/wp-content\/uploads\/2026\/02\/ProTech.png","width":1024,"height":1024,"caption":"MYPOWERTOOLSBOX"},"image":{"@id":"https:\/\/protech.nu\/fi\/#\/schema\/logo\/image\/"},"sameAs":["https:\/\/www.facebook.com\/Protech.nu\/","https:\/\/www.instagram.com\/protech_sweden\/","https:\/\/www.linkedin.com\/company\/protech-professional-technologies-sweden-ab\/","https:\/\/www.youtube.com\/@Protech_nu"]}]}},"_links":{"self":[{"href":"https:\/\/protech.nu\/fi\/wp-json\/wp\/v2\/product\/3821","targetHints":{"allow":["GET"]}}],"collection":[{"href":"https:\/\/protech.nu\/fi\/wp-json\/wp\/v2\/product"}],"about":[{"href":"https:\/\/protech.nu\/fi\/wp-json\/wp\/v2\/types\/product"}],"replies":[{"embeddable":true,"href":"https:\/\/protech.nu\/fi\/wp-json\/wp\/v2\/comments?post=3821"}],"wp:featuredmedia":[{"embeddable":true,"href":"https:\/\/protech.nu\/fi\/wp-json\/wp\/v2\/media\/3832"}],"wp:attachment":[{"href":"https:\/\/protech.nu\/fi\/wp-json\/wp\/v2\/media?parent=3821"}],"wp:term":[{"taxonomy":"product_brand","embeddable":true,"href":"https:\/\/protech.nu\/fi\/wp-json\/wp\/v2\/product_brand?post=3821"},{"taxonomy":"product_cat","embeddable":true,"href":"https:\/\/protech.nu\/fi\/wp-json\/wp\/v2\/product_cat?post=3821"},{"taxonomy":"product_tag","embeddable":true,"href":"https:\/\/protech.nu\/fi\/wp-json\/wp\/v2\/product_tag?post=3821"}],"curies":[{"name":"wp","href":"https:\/\/api.w.org\/{rel}","templated":true}]}}