{"id":4411,"date":"2025-12-01T15:14:21","date_gmt":"2025-12-01T15:14:21","guid":{"rendered":"https:\/\/protech.nu\/toode\/ingersoll-rand-iqi2lt0050pq4-1-4-01-05-nm-iqi-series-tarkkuusruuvinvaannin-vain-tyokalu\/"},"modified":"2026-01-19T16:14:15","modified_gmt":"2026-01-19T16:14:15","slug":"ingersoll-rand-iqi2lt0050pq4","status":"publish","type":"product","link":"https:\/\/protech.nu\/fi\/produkt\/ingersoll-rand-iqi2lt0050pq4\/","title":{"rendered":"Ingersoll Rand IQI2LT0050PQ4 \u2013 1\/4\u201d, 0,1\u20130,5 Nm IQi Series\u2122 tarkkuusruuvinv\u00e4\u00e4nnin (vain ty\u00f6kalu)"},"content":{"rendered":"<p><strong>Ingersoll Rand IQI2LT0050PQ4<\/strong> kuuluu <strong>IQi Series\u2122 Transducerized<\/strong> -sarjan s\u00e4hk\u00f6isiin tarkkuusruuvinv\u00e4\u00e4ntimiin. T\u00e4m\u00e4 kompakti ja eritt\u00e4in tarkka anturiohjattu ty\u00f6kalu on suunniteltu tuotantolinjoille, joissa on tiukat tarkkuus- ja auditointivaatimukset ja joissa jokaisella kiristyksell\u00e4 on kriittinen rooli. Momenttialue <strong>0,1\u20130,5 Nm<\/strong> soveltuu erinomaisesti elektroniikkateollisuuden, l\u00e4\u00e4kint\u00e4tekniikan ja hienomekaniikan kokoonpanoprosesseihin. 1\/4\u2033 QC-kuusiokiinnitys takaa nopean k\u00e4rjenvaihdon ja vakaan prosessitarkkuuden.<\/p>\n<h3>Keskeiset ominaisuudet:<\/h3>\n<ul>\n<li><strong>\u00b13,5 % momenttitarkkuus<\/strong> \u2013 markkinoiden johtava tarkkuus, joka on ihanteellinen korkeimpien laatustandardien tuotantolinjoille.<\/li>\n<li><strong>Reaaliaikainen momentti- ja kulma-anturipalaute<\/strong> \u2013 jokainen kiristysjakso on valvottu ja t\u00e4ysin auditoitavissa reaaliajassa.<\/li>\n<li><strong>Moniv\u00e4rinen 360\u00b0 LED-merkkivalo:<\/strong>\n<ul>\n<li><strong>Vihre\u00e4<\/strong> \u2013 kiristys OK<\/li>\n<li><strong>Punainen<\/strong> \u2013 kiristys NOK (virhe)<\/li>\n<li><strong>Valkoinen<\/strong> \u2013 ty\u00f6valo<\/li>\n<li><strong>Sininen<\/strong> \u2013 suunnanvaihto (reverssi)<\/li>\n<\/ul>\n<\/li>\n<li><strong>1\/4\u2033 kuusiokiinnitys (QC)<\/strong> \u2013 yhteensopiva vakiok\u00e4rkien kanssa, mik\u00e4 takaa nopean ja turvallisen ty\u00f6kalunvaihdon.<\/li>\n<li><strong>Ergonominen muotoilu<\/strong> \u2013 pehmustettu otekahva, tasapainotettu paino, t\u00e4rin\u00e4t\u00f6n toiminta ja t\u00e4ysi ESD-suojaus.<\/li>\n<li><strong>Digitaalinen yhteensopivuus<\/strong> \u2013 t\u00e4ysi integraatio IQI-ohjausyksik\u00f6iden, MES-j\u00e4rjestelmien ja Fieldbus-ratkaisujen kanssa mahdollistaa paperittoman ja j\u00e4ljitett\u00e4v\u00e4n tuotannon.<\/li>\n<li><strong>Prosessin j\u00e4ljitett\u00e4vyys<\/strong> \u2013 jokainen kiristys tallennetaan automaattisesti laadunvalvontaa, auditointia ja vaatimustenmukaisuutta varten.<\/li>\n<\/ul>\n<h3>Tyypilliset k\u00e4ytt\u00f6kohteet:<\/h3>\n<ul>\n<li><strong>L\u00e4\u00e4kint\u00e4tekniikan kokoonpano ja valmistus<\/strong><\/li>\n<li>Korkean tarkkuuden tuotantolinjat elektroniikkateollisuudessa<\/li>\n<li>Hienomekaniikan ja mikromoduulien valmistus<\/li>\n<li>Vaativat ja t\u00e4ysin auditoitavat kiristysprosessit auto- ja ilmailuteollisuudessa<\/li>\n<\/ul>\n<p><strong>IQi Series\u2122 -anturity\u00f6kalut ovat saatavilla Pohjoismaissa ja Baltiassa ProTechin kautta.<\/strong><\/p>\n<h3>Download IQi Series\u2122 Transducerized catalog (EN)<\/h3>\n<div style=\"margin: 0 0 12px 0;\"><a style=\"display: inline-block; border: 2px solid #E14A2D; color: #e14a2d; padding: 12px 22px; border-radius: 4px; text-decoration: none; font-weight: 600;\" href=\"https:\/\/protech.nu\/wp-content\/uploads\/2025\/09\/ingersoll-rand-iqi-series-transducerized-catalog.pdf\" target=\"_blank\" rel=\"noopener\">IQi Series Catalog \u2013 Transducerized Screwdrivers (EN)<\/a><\/div>\n","protected":false},"excerpt":{"rendered":"<p><strong>Ingersoll Rand IQI2LT0050PQ4 -anturiohjattu tarkkuusruuvinv\u00e4\u00e4nnin (1\/4\u2033 QC, 0,1\u20130,5 Nm)<\/strong> tarjoaa \u00b13,5 % tarkkuuden, digitaalisen j\u00e4ljitett\u00e4vyyden ja 360\u00b0 LED-palautteen. Se on ammattimainen ratkaisu <strong>l\u00e4\u00e4kint\u00e4tekniikan<\/strong>, elektroniikan ja hienomekaniikan tuotantolinjoille Pohjoismaissa ja Baltiassa. Saatavilla <strong>ProTechin<\/strong> kautta.<\/p>\n<div style=\"margin-top: 15px;\">\n[video width=\"1920\" height=\"1080\" mp4=\"https:\/\/protech.nu\/wp-content\/uploads\/2025\/08\/IQi-Series-Precision-Electric-Screwdriver-That-Powers-Performance.mp4\"][\/video]\n<\/div>\n","protected":false},"featured_media":4410,"comment_status":"open","ping_status":"closed","template":"","meta":{"_acf_changed":false,"_monsterinsights_skip_tracking":false,"_monsterinsights_sitenote_active":false,"_monsterinsights_sitenote_note":"","_monsterinsights_sitenote_category":0,"_themeisle_gutenberg_block_has_review":false},"product_brand":[28],"product_cat":[261,4489,134],"product_tag":[154],"class_list":{"0":"post-4411","1":"product","2":"type-product","3":"status-publish","4":"has-post-thumbnail","6":"product_brand-ingersoll-rand","7":"product_cat-ingersoll-rand-iqi-momenttiohjatut-ruuvinvayntimet","8":"product_cat-iqi-transducer-control","9":"product_cat-ingersoll-rand-tarkkuusruuvinvayantimet-ja-mutterinvayantimet","10":"product_tag-no-demo","11":"pa_kaal-kg-0-49","12":"pa_pikkus-mm-4424","14":"first","15":"outofstock","16":"taxable","17":"shipping-taxable","18":"product-type-simple"},"acf":[],"yoast_head":"<!-- This site is optimized with the Yoast SEO plugin v27.5 - https:\/\/yoast.com\/product\/yoast-seo-wordpress\/ -->\n<title>Ingersoll Rand IQI2LT0050PQ4 \u2013 0,1\u20130,5 Nm IQi Series\u2122 tarkkuusruuvinv\u00e4\u00e4nnin<\/title>\n<meta name=\"description\" content=\"Ingersoll Rand IQI2LT0050PQ4 on 1\/4\u201d, 0,1\u20130,5 Nm IQi Series\u2122 -tarkkuusruuvinv\u00e4\u00e4nnin, jossa on \u00b13,5 % momenttitarkkuus, reaaliaikainen seuranta ja t\u00e4ydellinen prosessij\u00e4ljitett\u00e4vyys. Soveltuu elektroniikan ja l\u00e4\u00e4kinn\u00e4llisten mikrokokoonpanojen tuotantoon Suomessa, Baltiassa ja Skandinaviassa.\" \/>\n<meta name=\"robots\" content=\"index, follow, max-snippet:-1, max-image-preview:large, max-video-preview:-1\" \/>\n<link rel=\"canonical\" href=\"https:\/\/protech.nu\/fi\/produkt\/ingersoll-rand-iqi2lt0050pq4\/\" \/>\n<meta property=\"og:locale\" content=\"fi_FI\" \/>\n<meta property=\"og:type\" content=\"article\" \/>\n<meta property=\"og:title\" content=\"Ingersoll Rand IQI2LT0050PQ4 \u2013 0,1\u20130,5 Nm IQi Series\u2122 tarkkuusruuvinv\u00e4\u00e4nnin\" \/>\n<meta property=\"og:description\" content=\"Ingersoll Rand IQI2LT0050PQ4 on 1\/4\u201d, 0,1\u20130,5 Nm IQi Series\u2122 -tarkkuusruuvinv\u00e4\u00e4nnin, jossa on \u00b13,5 % momenttitarkkuus, reaaliaikainen seuranta ja t\u00e4ydellinen prosessij\u00e4ljitett\u00e4vyys. Soveltuu elektroniikan ja l\u00e4\u00e4kinn\u00e4llisten mikrokokoonpanojen tuotantoon Suomessa, Baltiassa ja Skandinaviassa.\" \/>\n<meta property=\"og:url\" content=\"https:\/\/protech.nu\/fi\/produkt\/ingersoll-rand-iqi2lt0050pq4\/\" \/>\n<meta property=\"og:site_name\" content=\"ProTech\" \/>\n<meta property=\"article:publisher\" content=\"https:\/\/www.facebook.com\/Protech.nu\/\" \/>\n<meta property=\"article:modified_time\" content=\"2026-01-19T16:14:15+00:00\" \/>\n<meta property=\"og:image\" content=\"https:\/\/protech.nu\/wp-content\/uploads\/2025\/12\/ingersoll-rand-iqi2lt0050pq4-transducerized-screwdriver.png\" \/>\n\t<meta property=\"og:image:width\" content=\"598\" \/>\n\t<meta property=\"og:image:height\" content=\"600\" \/>\n\t<meta property=\"og:image:type\" content=\"image\/png\" \/>\n<meta name=\"twitter:card\" content=\"summary_large_image\" \/>\n<meta name=\"twitter:label1\" content=\"Arvioitu lukuaika\" \/>\n\t<meta name=\"twitter:data1\" content=\"2 minuuttia\" \/>\n<script type=\"application\/ld+json\" class=\"yoast-schema-graph\">{\"@context\":\"https:\\\/\\\/schema.org\",\"@graph\":[{\"@type\":\"WebPage\",\"@id\":\"https:\\\/\\\/protech.nu\\\/fi\\\/produkt\\\/ingersoll-rand-iqi2lt0050pq4\\\/\",\"url\":\"https:\\\/\\\/protech.nu\\\/fi\\\/produkt\\\/ingersoll-rand-iqi2lt0050pq4\\\/\",\"name\":\"Ingersoll Rand IQI2LT0050PQ4 \u2013 0,1\u20130,5 Nm IQi Series\u2122 tarkkuusruuvinv\u00e4\u00e4nnin\",\"isPartOf\":{\"@id\":\"https:\\\/\\\/protech.nu\\\/fi\\\/#website\"},\"primaryImageOfPage\":{\"@id\":\"https:\\\/\\\/protech.nu\\\/fi\\\/produkt\\\/ingersoll-rand-iqi2lt0050pq4\\\/#primaryimage\"},\"image\":{\"@id\":\"https:\\\/\\\/protech.nu\\\/fi\\\/produkt\\\/ingersoll-rand-iqi2lt0050pq4\\\/#primaryimage\"},\"thumbnailUrl\":\"https:\\\/\\\/protech.nu\\\/wp-content\\\/uploads\\\/2025\\\/12\\\/ingersoll-rand-iqi2lt0050pq4-transducerized-screwdriver.png\",\"datePublished\":\"2025-12-01T15:14:21+00:00\",\"dateModified\":\"2026-01-19T16:14:15+00:00\",\"description\":\"Ingersoll Rand IQI2LT0050PQ4 on 1\\\/4\u201d, 0,1\u20130,5 Nm IQi Series\u2122 -tarkkuusruuvinv\u00e4\u00e4nnin, jossa on \u00b13,5 % momenttitarkkuus, reaaliaikainen seuranta ja t\u00e4ydellinen prosessij\u00e4ljitett\u00e4vyys. Soveltuu elektroniikan ja l\u00e4\u00e4kinn\u00e4llisten mikrokokoonpanojen tuotantoon Suomessa, Baltiassa ja Skandinaviassa.\",\"breadcrumb\":{\"@id\":\"https:\\\/\\\/protech.nu\\\/fi\\\/produkt\\\/ingersoll-rand-iqi2lt0050pq4\\\/#breadcrumb\"},\"inLanguage\":\"fi\",\"potentialAction\":[{\"@type\":\"ReadAction\",\"target\":[\"https:\\\/\\\/protech.nu\\\/fi\\\/produkt\\\/ingersoll-rand-iqi2lt0050pq4\\\/\"]}]},{\"@type\":\"ImageObject\",\"inLanguage\":\"fi\",\"@id\":\"https:\\\/\\\/protech.nu\\\/fi\\\/produkt\\\/ingersoll-rand-iqi2lt0050pq4\\\/#primaryimage\",\"url\":\"https:\\\/\\\/protech.nu\\\/wp-content\\\/uploads\\\/2025\\\/12\\\/ingersoll-rand-iqi2lt0050pq4-transducerized-screwdriver.png\",\"contentUrl\":\"https:\\\/\\\/protech.nu\\\/wp-content\\\/uploads\\\/2025\\\/12\\\/ingersoll-rand-iqi2lt0050pq4-transducerized-screwdriver.png\",\"width\":598,\"height\":600,\"caption\":\"Ingersoll Rand IQI2LT0050PQ4 \u2013 tarkka ja kompakti ruuvinv\u00e4\u00e4nnin mikromomenttisovelluksiin.\"},{\"@type\":\"BreadcrumbList\",\"@id\":\"https:\\\/\\\/protech.nu\\\/fi\\\/produkt\\\/ingersoll-rand-iqi2lt0050pq4\\\/#breadcrumb\",\"itemListElement\":[{\"@type\":\"ListItem\",\"position\":1,\"name\":\"Etusivu\",\"item\":\"https:\\\/\\\/protech.nu\\\/fi\\\/\"},{\"@type\":\"ListItem\",\"position\":2,\"name\":\"Tooted\",\"item\":\"https:\\\/\\\/protech.nu\\\/products\\\/\"},{\"@type\":\"ListItem\",\"position\":3,\"name\":\"Ingersoll Rand IQI2LT0050PQ4 \u2013 1\\\/4\u201d, 0,1\u20130,5 Nm IQi Series\u2122 tarkkuusruuvinv\u00e4\u00e4nnin (vain ty\u00f6kalu)\"}]},{\"@type\":\"WebSite\",\"@id\":\"https:\\\/\\\/protech.nu\\\/fi\\\/#website\",\"url\":\"https:\\\/\\\/protech.nu\\\/fi\\\/\",\"name\":\"PROTECH\",\"description\":\"\",\"publisher\":{\"@id\":\"https:\\\/\\\/protech.nu\\\/fi\\\/#organization\"},\"potentialAction\":[{\"@type\":\"SearchAction\",\"target\":{\"@type\":\"EntryPoint\",\"urlTemplate\":\"https:\\\/\\\/protech.nu\\\/fi\\\/?s={search_term_string}\"},\"query-input\":{\"@type\":\"PropertyValueSpecification\",\"valueRequired\":true,\"valueName\":\"search_term_string\"}}],\"inLanguage\":\"fi\"},{\"@type\":\"Organization\",\"@id\":\"https:\\\/\\\/protech.nu\\\/fi\\\/#organization\",\"name\":\"MYPOWERTOOLSBOX\",\"alternateName\":\"ProTech\",\"url\":\"https:\\\/\\\/protech.nu\\\/fi\\\/\",\"logo\":{\"@type\":\"ImageObject\",\"inLanguage\":\"fi\",\"@id\":\"https:\\\/\\\/protech.nu\\\/fi\\\/#\\\/schema\\\/logo\\\/image\\\/\",\"url\":\"https:\\\/\\\/2026.protech.nu\\\/wp-content\\\/uploads\\\/2026\\\/02\\\/ProTech.png\",\"contentUrl\":\"https:\\\/\\\/2026.protech.nu\\\/wp-content\\\/uploads\\\/2026\\\/02\\\/ProTech.png\",\"width\":1024,\"height\":1024,\"caption\":\"MYPOWERTOOLSBOX\"},\"image\":{\"@id\":\"https:\\\/\\\/protech.nu\\\/fi\\\/#\\\/schema\\\/logo\\\/image\\\/\"},\"sameAs\":[\"https:\\\/\\\/www.facebook.com\\\/Protech.nu\\\/\",\"https:\\\/\\\/www.instagram.com\\\/protech_sweden\\\/\",\"https:\\\/\\\/www.linkedin.com\\\/company\\\/protech-professional-technologies-sweden-ab\\\/\",\"https:\\\/\\\/www.youtube.com\\\/@Protech_nu\"]}]}<\/script>\n<!-- \/ Yoast SEO plugin. -->","yoast_head_json":{"title":"Ingersoll Rand IQI2LT0050PQ4 \u2013 0,1\u20130,5 Nm IQi Series\u2122 tarkkuusruuvinv\u00e4\u00e4nnin","description":"Ingersoll Rand IQI2LT0050PQ4 on 1\/4\u201d, 0,1\u20130,5 Nm IQi Series\u2122 -tarkkuusruuvinv\u00e4\u00e4nnin, jossa on \u00b13,5 % momenttitarkkuus, reaaliaikainen seuranta ja t\u00e4ydellinen prosessij\u00e4ljitett\u00e4vyys. Soveltuu elektroniikan ja l\u00e4\u00e4kinn\u00e4llisten mikrokokoonpanojen tuotantoon Suomessa, Baltiassa ja Skandinaviassa.","robots":{"index":"index","follow":"follow","max-snippet":"max-snippet:-1","max-image-preview":"max-image-preview:large","max-video-preview":"max-video-preview:-1"},"canonical":"https:\/\/protech.nu\/fi\/produkt\/ingersoll-rand-iqi2lt0050pq4\/","og_locale":"fi_FI","og_type":"article","og_title":"Ingersoll Rand IQI2LT0050PQ4 \u2013 0,1\u20130,5 Nm IQi Series\u2122 tarkkuusruuvinv\u00e4\u00e4nnin","og_description":"Ingersoll Rand IQI2LT0050PQ4 on 1\/4\u201d, 0,1\u20130,5 Nm IQi Series\u2122 -tarkkuusruuvinv\u00e4\u00e4nnin, jossa on \u00b13,5 % momenttitarkkuus, reaaliaikainen seuranta ja t\u00e4ydellinen prosessij\u00e4ljitett\u00e4vyys. Soveltuu elektroniikan ja l\u00e4\u00e4kinn\u00e4llisten mikrokokoonpanojen tuotantoon Suomessa, Baltiassa ja Skandinaviassa.","og_url":"https:\/\/protech.nu\/fi\/produkt\/ingersoll-rand-iqi2lt0050pq4\/","og_site_name":"ProTech","article_publisher":"https:\/\/www.facebook.com\/Protech.nu\/","article_modified_time":"2026-01-19T16:14:15+00:00","og_image":[{"width":598,"height":600,"url":"https:\/\/protech.nu\/wp-content\/uploads\/2025\/12\/ingersoll-rand-iqi2lt0050pq4-transducerized-screwdriver.png","type":"image\/png"}],"twitter_card":"summary_large_image","twitter_misc":{"Arvioitu lukuaika":"2 minuuttia"},"schema":{"@context":"https:\/\/schema.org","@graph":[{"@type":"WebPage","@id":"https:\/\/protech.nu\/fi\/produkt\/ingersoll-rand-iqi2lt0050pq4\/","url":"https:\/\/protech.nu\/fi\/produkt\/ingersoll-rand-iqi2lt0050pq4\/","name":"Ingersoll Rand IQI2LT0050PQ4 \u2013 0,1\u20130,5 Nm IQi Series\u2122 tarkkuusruuvinv\u00e4\u00e4nnin","isPartOf":{"@id":"https:\/\/protech.nu\/fi\/#website"},"primaryImageOfPage":{"@id":"https:\/\/protech.nu\/fi\/produkt\/ingersoll-rand-iqi2lt0050pq4\/#primaryimage"},"image":{"@id":"https:\/\/protech.nu\/fi\/produkt\/ingersoll-rand-iqi2lt0050pq4\/#primaryimage"},"thumbnailUrl":"https:\/\/protech.nu\/wp-content\/uploads\/2025\/12\/ingersoll-rand-iqi2lt0050pq4-transducerized-screwdriver.png","datePublished":"2025-12-01T15:14:21+00:00","dateModified":"2026-01-19T16:14:15+00:00","description":"Ingersoll Rand IQI2LT0050PQ4 on 1\/4\u201d, 0,1\u20130,5 Nm IQi Series\u2122 -tarkkuusruuvinv\u00e4\u00e4nnin, jossa on \u00b13,5 % momenttitarkkuus, reaaliaikainen seuranta ja t\u00e4ydellinen prosessij\u00e4ljitett\u00e4vyys. Soveltuu elektroniikan ja l\u00e4\u00e4kinn\u00e4llisten mikrokokoonpanojen tuotantoon Suomessa, Baltiassa ja Skandinaviassa.","breadcrumb":{"@id":"https:\/\/protech.nu\/fi\/produkt\/ingersoll-rand-iqi2lt0050pq4\/#breadcrumb"},"inLanguage":"fi","potentialAction":[{"@type":"ReadAction","target":["https:\/\/protech.nu\/fi\/produkt\/ingersoll-rand-iqi2lt0050pq4\/"]}]},{"@type":"ImageObject","inLanguage":"fi","@id":"https:\/\/protech.nu\/fi\/produkt\/ingersoll-rand-iqi2lt0050pq4\/#primaryimage","url":"https:\/\/protech.nu\/wp-content\/uploads\/2025\/12\/ingersoll-rand-iqi2lt0050pq4-transducerized-screwdriver.png","contentUrl":"https:\/\/protech.nu\/wp-content\/uploads\/2025\/12\/ingersoll-rand-iqi2lt0050pq4-transducerized-screwdriver.png","width":598,"height":600,"caption":"Ingersoll Rand IQI2LT0050PQ4 \u2013 tarkka ja kompakti ruuvinv\u00e4\u00e4nnin mikromomenttisovelluksiin."},{"@type":"BreadcrumbList","@id":"https:\/\/protech.nu\/fi\/produkt\/ingersoll-rand-iqi2lt0050pq4\/#breadcrumb","itemListElement":[{"@type":"ListItem","position":1,"name":"Etusivu","item":"https:\/\/protech.nu\/fi\/"},{"@type":"ListItem","position":2,"name":"Tooted","item":"https:\/\/protech.nu\/products\/"},{"@type":"ListItem","position":3,"name":"Ingersoll Rand IQI2LT0050PQ4 \u2013 1\/4\u201d, 0,1\u20130,5 Nm IQi Series\u2122 tarkkuusruuvinv\u00e4\u00e4nnin (vain ty\u00f6kalu)"}]},{"@type":"WebSite","@id":"https:\/\/protech.nu\/fi\/#website","url":"https:\/\/protech.nu\/fi\/","name":"PROTECH","description":"","publisher":{"@id":"https:\/\/protech.nu\/fi\/#organization"},"potentialAction":[{"@type":"SearchAction","target":{"@type":"EntryPoint","urlTemplate":"https:\/\/protech.nu\/fi\/?s={search_term_string}"},"query-input":{"@type":"PropertyValueSpecification","valueRequired":true,"valueName":"search_term_string"}}],"inLanguage":"fi"},{"@type":"Organization","@id":"https:\/\/protech.nu\/fi\/#organization","name":"MYPOWERTOOLSBOX","alternateName":"ProTech","url":"https:\/\/protech.nu\/fi\/","logo":{"@type":"ImageObject","inLanguage":"fi","@id":"https:\/\/protech.nu\/fi\/#\/schema\/logo\/image\/","url":"https:\/\/2026.protech.nu\/wp-content\/uploads\/2026\/02\/ProTech.png","contentUrl":"https:\/\/2026.protech.nu\/wp-content\/uploads\/2026\/02\/ProTech.png","width":1024,"height":1024,"caption":"MYPOWERTOOLSBOX"},"image":{"@id":"https:\/\/protech.nu\/fi\/#\/schema\/logo\/image\/"},"sameAs":["https:\/\/www.facebook.com\/Protech.nu\/","https:\/\/www.instagram.com\/protech_sweden\/","https:\/\/www.linkedin.com\/company\/protech-professional-technologies-sweden-ab\/","https:\/\/www.youtube.com\/@Protech_nu"]}]}},"_links":{"self":[{"href":"https:\/\/protech.nu\/fi\/wp-json\/wp\/v2\/product\/4411","targetHints":{"allow":["GET"]}}],"collection":[{"href":"https:\/\/protech.nu\/fi\/wp-json\/wp\/v2\/product"}],"about":[{"href":"https:\/\/protech.nu\/fi\/wp-json\/wp\/v2\/types\/product"}],"replies":[{"embeddable":true,"href":"https:\/\/protech.nu\/fi\/wp-json\/wp\/v2\/comments?post=4411"}],"wp:featuredmedia":[{"embeddable":true,"href":"https:\/\/protech.nu\/fi\/wp-json\/wp\/v2\/media\/4410"}],"wp:attachment":[{"href":"https:\/\/protech.nu\/fi\/wp-json\/wp\/v2\/media?parent=4411"}],"wp:term":[{"taxonomy":"product_brand","embeddable":true,"href":"https:\/\/protech.nu\/fi\/wp-json\/wp\/v2\/product_brand?post=4411"},{"taxonomy":"product_cat","embeddable":true,"href":"https:\/\/protech.nu\/fi\/wp-json\/wp\/v2\/product_cat?post=4411"},{"taxonomy":"product_tag","embeddable":true,"href":"https:\/\/protech.nu\/fi\/wp-json\/wp\/v2\/product_tag?post=4411"}],"curies":[{"name":"wp","href":"https:\/\/api.w.org\/{rel}","templated":true}]}}