{"id":5017,"date":"2025-12-28T16:48:41","date_gmt":"2025-12-28T15:48:41","guid":{"rendered":"https:\/\/protech.nu\/?post_type=product&#038;p=5017"},"modified":"2025-12-28T18:54:27","modified_gmt":"2025-12-28T18:54:27","slug":"ingersoll-rand-w3111-k22-eu-iqv20-cordless-impact-driver","status":"publish","type":"product","link":"https:\/\/protech.nu\/fi\/tuote\/ingersoll-rand-w3111-k22-eu-iqv20-cordless-impact-driver\/","title":{"rendered":"Ingersoll Rand W3111-K22-EU \u2013 1\/4\u2033, 360 Nm IQV20\u2122 akkuiskuruuvinv\u00e4\u00e4nnin paketti (2 \u00d7 2.5 Ah akut ja laturi)"},"content":{"rendered":"<p><strong>Ingersoll Rand W3111<\/strong> akkuiskuruuvinv\u00e4\u00e4nnin on suunniteltu ammattik\u00e4ytt\u00f6\u00f6n, jossa vaaditaan suurta v\u00e4\u00e4nt\u00f6\u00e4, tarkkaa hallintaa ja luotettavuutta kompaktissa rungossa. Harjaton (brushless) moottori yhdess\u00e4 kest\u00e4v\u00e4n metallivaihteiston kanssa takaa pitk\u00e4n k\u00e4ytt\u00f6i\u00e4n my\u00f6s vaativassa p\u00e4ivitt\u00e4isess\u00e4 k\u00e4yt\u00f6ss\u00e4.<\/p>\n<p>Kevyen ja hyvin tasapainotetun rakenteensa ansiosta W3111 soveltuu erinomaisesti ajoneuvojen huolto- ja korjaust\u00f6ihin, kunnossapitoon sek\u00e4 tuotantolinjoille ja kokoonpanot\u00f6ihin. Patentoitu <strong>360\u00b0 LED-valokeh\u00e4rengas<\/strong> valaisee ty\u00f6skentelyalueen tasaisesti, v\u00e4hent\u00e4\u00e4 varjoja ja parantaa n\u00e4kyvyytt\u00e4 my\u00f6s ahtaissa ja heikosti valaistuissa kohteissa.<\/p>\n<p>Ty\u00f6kalussa on <strong>kolme nopeusasetusta<\/strong>, joiden avulla k\u00e4ytt\u00e4j\u00e4 voi valita sopivan tehon kiinnittimen koon ja ty\u00f6teht\u00e4v\u00e4n mukaan. Lis\u00e4ksi <strong>portaaton nopeudens\u00e4\u00e4t\u00f6 liipaisimella (variable speed trigger)<\/strong> mahdollistaa tarkan hallinnan sek\u00e4 kiristyksess\u00e4 ett\u00e4 avaamisessa. T\u00e4m\u00e4 auttaa ehk\u00e4isem\u00e4\u00e4n kierteiden vaurioitumista ja ylikirist\u00e4mist\u00e4 sek\u00e4 parantaa ty\u00f6n toistotarkkuutta \u2013 erityisen t\u00e4rke\u00e4\u00e4 sarjatuotannossa ja tarkkuutta vaativissa t\u00f6iss\u00e4.<\/p>\n<p><strong>1\/4\u2033 HEX-pikakiinnitys<\/strong> mahdollistaa k\u00e4rjen nopean ja turvallisen vaihdon yhdell\u00e4 k\u00e4dell\u00e4, mik\u00e4 tehostaa ty\u00f6skentely\u00e4 ja v\u00e4hent\u00e4\u00e4 seisokkiaikaa. Jopa <strong>360 Nm:n<\/strong> v\u00e4\u00e4nt\u00f6momentti tarjoaa riitt\u00e4v\u00e4sti voimaa my\u00f6s tiukasti kiinnittyneiden tai ruostuneiden kiinnikkeiden irrotukseen s\u00e4ilytt\u00e4en samalla hyv\u00e4n hallittavuuden.<\/p>\n<p>W3111 kuuluu <strong>IQV20\u2122<\/strong>-akkuj\u00e4rjestelm\u00e4\u00e4n, jonka ansiosta samaa Ingersoll Rand IQV20\u2122 -akkua voidaan k\u00e4ytt\u00e4\u00e4 useissa eri ty\u00f6kaluissa. T\u00e4m\u00e4 parantaa ty\u00f6n sujuvuutta, v\u00e4hent\u00e4\u00e4 tarvittavien akkujen m\u00e4\u00e4r\u00e4\u00e4 ja tekee ty\u00f6skentelyst\u00e4 kustannustehokasta koko ty\u00f6p\u00e4iv\u00e4n ajan.<\/p>\n<p><strong>Tekniset tiedot:<\/strong><\/p>\n<ul>\n<li>Kiinnitys \/ istukka: 1\/4\u2033 HEX pikakiinnitys<\/li>\n<li>Avausmomentti: 360 Nm<\/li>\n<li>Kiristysmomentti: 360 Nm<\/li>\n<li>Tyhj\u00e4k\u00e4yntinopeus: 2 800 r\/min<\/li>\n<li>Iskuluku: 4 200 iskua\/min<\/li>\n<li>Paino ilman akkua: 1,0 kg<\/li>\n<li>Paino 2,5 Ah akulla: 1,4 kg<\/li>\n<li>Paino 5,0 Ah akulla: 1,7 kg<\/li>\n<li>Pituus: 132 mm<\/li>\n<li>Valaistus: 360\u00b0 LED-valokeh\u00e4rengas<\/li>\n<li>Pakkaus sis\u00e4lt\u00e4\u00e4: ty\u00f6kalu, 2 \u00d7 20V 2,5 Ah Li-Ion-akkua, 1 laturi (EU-versio)<\/li>\n<\/ul>\n<p><strong>Lataa IQV20\u2122-sarjan tuoteluettelot:<\/strong><\/p>\n<p><!-- EN CATALOG BOX --><\/p>\n<div style=\"margin: 0 0 10px 0;\"><a style=\"display: inline-block; padding: 10px 16px; border: 2px solid #E14A2D; border-radius: 4px; text-decoration: none; font-weight: 600; color: #e14a2d;\" href=\"https:\/\/protech.nu\/wp-content\/uploads\/2025\/09\/ingersoll-rand-iqv20-cordless-tools-catalog.pdf\" target=\"_blank\" rel=\"noopener\">Ingersoll Rand IQV20\u2122 Cordless Tools Catalog | Impact Wrenches, Drills &amp; Drivers<br \/>\n<\/a><\/div>\n","protected":false},"excerpt":{"rendered":"[video width=\"1920\" height=\"1080\" mp4=\"https:\/\/protech.nu\/wp-content\/uploads\/2025\/08\/IQV\u2122-20V-Cordless-Compact-Impact-Wrenches.mp4\" autoplay=\"true\"][\/video]\n<p>&nbsp;<\/p>\n<p><strong>Ingersoll Rand W3111-K22-EU akkuiskuruuvinv\u00e4\u00e4nnin sarja<\/strong> sis\u00e4lt\u00e4\u00e4 ty\u00f6kalun, kaksi 20V 2,5 Ah IQV20\u2122 -akkua ja laturin. Kompakti 1\/4\u2033 iskuruuvinv\u00e4\u00e4nnin tarjoaa jopa 360 Nm v\u00e4\u00e4nt\u00f6momentin, kolme nopeusasetusta, portaaton nopeudens\u00e4\u00e4t\u00f6 liipaisimella sek\u00e4 360\u00b0 LED-valaistuksen \u2013 ihanteellinen ratkaisu ammattik\u00e4ytt\u00f6\u00f6n my\u00f6s ahtaissa tiloissa.<\/p>\n","protected":false},"featured_media":5033,"comment_status":"open","ping_status":"closed","template":"","meta":{"_acf_changed":false,"_monsterinsights_skip_tracking":false,"_monsterinsights_sitenote_active":false,"_monsterinsights_sitenote_note":"","_monsterinsights_sitenote_category":0,"_themeisle_gutenberg_block_has_review":false},"product_brand":[],"product_cat":[6251,123,122],"product_tag":[],"class_list":{"0":"post-5017","1":"product","2":"type-product","3":"status-publish","4":"has-post-thumbnail","6":"product_cat-promotions","7":"product_cat-ingersoll-rand-akkukayttoiset-iskevat-mutterinvayntimet-ja-ruuvinvayntimet","8":"product_cat-ingersoll-rand-iqv20-series","9":"pa_kaal-kg-1-0","10":"pa_pikkus-mm-5339","12":"first","13":"instock","14":"sale","15":"downloadable","16":"taxable","17":"shipping-taxable","18":"purchasable","19":"product-type-simple"},"acf":[],"yoast_head":"<!-- This site is optimized with the Yoast SEO plugin v27.4 - https:\/\/yoast.com\/product\/yoast-seo-wordpress\/ -->\n<title>Ingersoll Rand W3111-K22-EU IQV20\u2122 akkuiskuruuvinv\u00e4\u00e4nnin | 360 Nm<\/title>\n<meta name=\"description\" content=\"Ingersoll Rand W3111-K22-EU IQV20\u2122 akkuiskuruuvinv\u00e4\u00e4nnin sarja sis\u00e4lt\u00e4\u00e4 2 \u00d7 2,5 Ah akut ja laturin. 360 Nm, kolme nopeusasetusta ja 360\u00b0 LED-valaistus ammattik\u00e4ytt\u00f6\u00f6n.\" \/>\n<meta name=\"robots\" content=\"index, follow, max-snippet:-1, max-image-preview:large, max-video-preview:-1\" \/>\n<link rel=\"canonical\" href=\"https:\/\/protech.nu\/fi\/tuote\/ingersoll-rand-w3111-k22-eu-iqv20-cordless-impact-driver\/\" \/>\n<meta property=\"og:locale\" content=\"fi_FI\" \/>\n<meta property=\"og:type\" content=\"article\" \/>\n<meta property=\"og:title\" content=\"Ingersoll Rand W3111-K22-EU IQV20\u2122 akkuiskuruuvinv\u00e4\u00e4nnin | 360 Nm\" \/>\n<meta property=\"og:description\" content=\"Ingersoll Rand W3111-K22-EU IQV20\u2122 akkuiskuruuvinv\u00e4\u00e4nnin sarja sis\u00e4lt\u00e4\u00e4 2 \u00d7 2,5 Ah akut ja laturin. 360 Nm, kolme nopeusasetusta ja 360\u00b0 LED-valaistus ammattik\u00e4ytt\u00f6\u00f6n.\" \/>\n<meta property=\"og:url\" content=\"https:\/\/protech.nu\/fi\/tuote\/ingersoll-rand-w3111-k22-eu-iqv20-cordless-impact-driver\/\" \/>\n<meta property=\"og:site_name\" content=\"ProTech\" \/>\n<meta property=\"article:publisher\" content=\"https:\/\/www.facebook.com\/Protech.nu\/\" \/>\n<meta property=\"article:modified_time\" content=\"2025-12-28T18:54:27+00:00\" \/>\n<meta property=\"og:image\" content=\"https:\/\/protech.nu\/wp-content\/uploads\/2025\/12\/ingersoll-rand-w3111-k22-eu-iqv20-akulookkruvikeeraja-3.jpg\" \/>\n\t<meta property=\"og:image:width\" content=\"600\" \/>\n\t<meta property=\"og:image:height\" content=\"600\" \/>\n\t<meta property=\"og:image:type\" content=\"image\/jpeg\" \/>\n<meta name=\"twitter:card\" content=\"summary_large_image\" \/>\n<meta name=\"twitter:label1\" content=\"Arvioitu lukuaika\" \/>\n\t<meta name=\"twitter:data1\" content=\"2 minuuttia\" \/>\n<script type=\"application\/ld+json\" class=\"yoast-schema-graph\">{\"@context\":\"https:\\\/\\\/schema.org\",\"@graph\":[{\"@type\":\"WebPage\",\"@id\":\"https:\\\/\\\/protech.nu\\\/fi\\\/tuote\\\/ingersoll-rand-w3111-k22-eu-iqv20-cordless-impact-driver\\\/\",\"url\":\"https:\\\/\\\/protech.nu\\\/fi\\\/tuote\\\/ingersoll-rand-w3111-k22-eu-iqv20-cordless-impact-driver\\\/\",\"name\":\"Ingersoll Rand W3111-K22-EU IQV20\u2122 akkuiskuruuvinv\u00e4\u00e4nnin | 360 Nm\",\"isPartOf\":{\"@id\":\"https:\\\/\\\/protech.nu\\\/fi\\\/#website\"},\"primaryImageOfPage\":{\"@id\":\"https:\\\/\\\/protech.nu\\\/fi\\\/tuote\\\/ingersoll-rand-w3111-k22-eu-iqv20-cordless-impact-driver\\\/#primaryimage\"},\"image\":{\"@id\":\"https:\\\/\\\/protech.nu\\\/fi\\\/tuote\\\/ingersoll-rand-w3111-k22-eu-iqv20-cordless-impact-driver\\\/#primaryimage\"},\"thumbnailUrl\":\"https:\\\/\\\/protech.nu\\\/wp-content\\\/uploads\\\/2025\\\/12\\\/ingersoll-rand-w3111-k22-eu-iqv20-akulookkruvikeeraja-3.jpg\",\"datePublished\":\"2025-12-28T15:48:41+00:00\",\"dateModified\":\"2025-12-28T18:54:27+00:00\",\"description\":\"Ingersoll Rand W3111-K22-EU IQV20\u2122 akkuiskuruuvinv\u00e4\u00e4nnin sarja sis\u00e4lt\u00e4\u00e4 2 \u00d7 2,5 Ah akut ja laturin. 360 Nm, kolme nopeusasetusta ja 360\u00b0 LED-valaistus ammattik\u00e4ytt\u00f6\u00f6n.\",\"breadcrumb\":{\"@id\":\"https:\\\/\\\/protech.nu\\\/fi\\\/tuote\\\/ingersoll-rand-w3111-k22-eu-iqv20-cordless-impact-driver\\\/#breadcrumb\"},\"inLanguage\":\"fi\",\"potentialAction\":[{\"@type\":\"ReadAction\",\"target\":[\"https:\\\/\\\/protech.nu\\\/fi\\\/tuote\\\/ingersoll-rand-w3111-k22-eu-iqv20-cordless-impact-driver\\\/\"]}]},{\"@type\":\"ImageObject\",\"inLanguage\":\"fi\",\"@id\":\"https:\\\/\\\/protech.nu\\\/fi\\\/tuote\\\/ingersoll-rand-w3111-k22-eu-iqv20-cordless-impact-driver\\\/#primaryimage\",\"url\":\"https:\\\/\\\/protech.nu\\\/wp-content\\\/uploads\\\/2025\\\/12\\\/ingersoll-rand-w3111-k22-eu-iqv20-akulookkruvikeeraja-3.jpg\",\"contentUrl\":\"https:\\\/\\\/protech.nu\\\/wp-content\\\/uploads\\\/2025\\\/12\\\/ingersoll-rand-w3111-k22-eu-iqv20-akulookkruvikeeraja-3.jpg\",\"width\":600,\"height\":600,\"caption\":\"Ingersoll Rand W3111-K22-EU IQV20\u2122 akkuiskuruuvinv\u00e4\u00e4nnin \u2013 sarja akkujen ja laturin kanssa\"},{\"@type\":\"BreadcrumbList\",\"@id\":\"https:\\\/\\\/protech.nu\\\/fi\\\/tuote\\\/ingersoll-rand-w3111-k22-eu-iqv20-cordless-impact-driver\\\/#breadcrumb\",\"itemListElement\":[{\"@type\":\"ListItem\",\"position\":1,\"name\":\"Etusivu\",\"item\":\"https:\\\/\\\/protech.nu\\\/fi\\\/\"},{\"@type\":\"ListItem\",\"position\":2,\"name\":\"Tooted\",\"item\":\"https:\\\/\\\/protech.nu\\\/products\\\/\"},{\"@type\":\"ListItem\",\"position\":3,\"name\":\"Ingersoll Rand W3111-K22-EU \u2013 1\\\/4\u2033, 360 Nm IQV20\u2122 akkuiskuruuvinv\u00e4\u00e4nnin paketti (2 \u00d7 2.5 Ah akut ja laturi)\"}]},{\"@type\":\"WebSite\",\"@id\":\"https:\\\/\\\/protech.nu\\\/fi\\\/#website\",\"url\":\"https:\\\/\\\/protech.nu\\\/fi\\\/\",\"name\":\"PROTECH\",\"description\":\"\",\"publisher\":{\"@id\":\"https:\\\/\\\/protech.nu\\\/fi\\\/#organization\"},\"potentialAction\":[{\"@type\":\"SearchAction\",\"target\":{\"@type\":\"EntryPoint\",\"urlTemplate\":\"https:\\\/\\\/protech.nu\\\/fi\\\/?s={search_term_string}\"},\"query-input\":{\"@type\":\"PropertyValueSpecification\",\"valueRequired\":true,\"valueName\":\"search_term_string\"}}],\"inLanguage\":\"fi\"},{\"@type\":\"Organization\",\"@id\":\"https:\\\/\\\/protech.nu\\\/fi\\\/#organization\",\"name\":\"MYPOWERTOOLSBOX\",\"alternateName\":\"ProTech\",\"url\":\"https:\\\/\\\/protech.nu\\\/fi\\\/\",\"logo\":{\"@type\":\"ImageObject\",\"inLanguage\":\"fi\",\"@id\":\"https:\\\/\\\/protech.nu\\\/fi\\\/#\\\/schema\\\/logo\\\/image\\\/\",\"url\":\"https:\\\/\\\/2026.protech.nu\\\/wp-content\\\/uploads\\\/2026\\\/02\\\/ProTech.png\",\"contentUrl\":\"https:\\\/\\\/2026.protech.nu\\\/wp-content\\\/uploads\\\/2026\\\/02\\\/ProTech.png\",\"width\":1024,\"height\":1024,\"caption\":\"MYPOWERTOOLSBOX\"},\"image\":{\"@id\":\"https:\\\/\\\/protech.nu\\\/fi\\\/#\\\/schema\\\/logo\\\/image\\\/\"},\"sameAs\":[\"https:\\\/\\\/www.facebook.com\\\/Protech.nu\\\/\",\"https:\\\/\\\/www.instagram.com\\\/protech_sweden\\\/\",\"https:\\\/\\\/www.linkedin.com\\\/company\\\/protech-professional-technologies-sweden-ab\\\/\",\"https:\\\/\\\/www.youtube.com\\\/@Protech_nu\"]}]}<\/script>\n<!-- \/ Yoast SEO plugin. -->","yoast_head_json":{"title":"Ingersoll Rand W3111-K22-EU IQV20\u2122 akkuiskuruuvinv\u00e4\u00e4nnin | 360 Nm","description":"Ingersoll Rand W3111-K22-EU IQV20\u2122 akkuiskuruuvinv\u00e4\u00e4nnin sarja sis\u00e4lt\u00e4\u00e4 2 \u00d7 2,5 Ah akut ja laturin. 360 Nm, kolme nopeusasetusta ja 360\u00b0 LED-valaistus ammattik\u00e4ytt\u00f6\u00f6n.","robots":{"index":"index","follow":"follow","max-snippet":"max-snippet:-1","max-image-preview":"max-image-preview:large","max-video-preview":"max-video-preview:-1"},"canonical":"https:\/\/protech.nu\/fi\/tuote\/ingersoll-rand-w3111-k22-eu-iqv20-cordless-impact-driver\/","og_locale":"fi_FI","og_type":"article","og_title":"Ingersoll Rand W3111-K22-EU IQV20\u2122 akkuiskuruuvinv\u00e4\u00e4nnin | 360 Nm","og_description":"Ingersoll Rand W3111-K22-EU IQV20\u2122 akkuiskuruuvinv\u00e4\u00e4nnin sarja sis\u00e4lt\u00e4\u00e4 2 \u00d7 2,5 Ah akut ja laturin. 360 Nm, kolme nopeusasetusta ja 360\u00b0 LED-valaistus ammattik\u00e4ytt\u00f6\u00f6n.","og_url":"https:\/\/protech.nu\/fi\/tuote\/ingersoll-rand-w3111-k22-eu-iqv20-cordless-impact-driver\/","og_site_name":"ProTech","article_publisher":"https:\/\/www.facebook.com\/Protech.nu\/","article_modified_time":"2025-12-28T18:54:27+00:00","og_image":[{"width":600,"height":600,"url":"https:\/\/protech.nu\/wp-content\/uploads\/2025\/12\/ingersoll-rand-w3111-k22-eu-iqv20-akulookkruvikeeraja-3.jpg","type":"image\/jpeg"}],"twitter_card":"summary_large_image","twitter_misc":{"Arvioitu lukuaika":"2 minuuttia"},"schema":{"@context":"https:\/\/schema.org","@graph":[{"@type":"WebPage","@id":"https:\/\/protech.nu\/fi\/tuote\/ingersoll-rand-w3111-k22-eu-iqv20-cordless-impact-driver\/","url":"https:\/\/protech.nu\/fi\/tuote\/ingersoll-rand-w3111-k22-eu-iqv20-cordless-impact-driver\/","name":"Ingersoll Rand W3111-K22-EU IQV20\u2122 akkuiskuruuvinv\u00e4\u00e4nnin | 360 Nm","isPartOf":{"@id":"https:\/\/protech.nu\/fi\/#website"},"primaryImageOfPage":{"@id":"https:\/\/protech.nu\/fi\/tuote\/ingersoll-rand-w3111-k22-eu-iqv20-cordless-impact-driver\/#primaryimage"},"image":{"@id":"https:\/\/protech.nu\/fi\/tuote\/ingersoll-rand-w3111-k22-eu-iqv20-cordless-impact-driver\/#primaryimage"},"thumbnailUrl":"https:\/\/protech.nu\/wp-content\/uploads\/2025\/12\/ingersoll-rand-w3111-k22-eu-iqv20-akulookkruvikeeraja-3.jpg","datePublished":"2025-12-28T15:48:41+00:00","dateModified":"2025-12-28T18:54:27+00:00","description":"Ingersoll Rand W3111-K22-EU IQV20\u2122 akkuiskuruuvinv\u00e4\u00e4nnin sarja sis\u00e4lt\u00e4\u00e4 2 \u00d7 2,5 Ah akut ja laturin. 360 Nm, kolme nopeusasetusta ja 360\u00b0 LED-valaistus ammattik\u00e4ytt\u00f6\u00f6n.","breadcrumb":{"@id":"https:\/\/protech.nu\/fi\/tuote\/ingersoll-rand-w3111-k22-eu-iqv20-cordless-impact-driver\/#breadcrumb"},"inLanguage":"fi","potentialAction":[{"@type":"ReadAction","target":["https:\/\/protech.nu\/fi\/tuote\/ingersoll-rand-w3111-k22-eu-iqv20-cordless-impact-driver\/"]}]},{"@type":"ImageObject","inLanguage":"fi","@id":"https:\/\/protech.nu\/fi\/tuote\/ingersoll-rand-w3111-k22-eu-iqv20-cordless-impact-driver\/#primaryimage","url":"https:\/\/protech.nu\/wp-content\/uploads\/2025\/12\/ingersoll-rand-w3111-k22-eu-iqv20-akulookkruvikeeraja-3.jpg","contentUrl":"https:\/\/protech.nu\/wp-content\/uploads\/2025\/12\/ingersoll-rand-w3111-k22-eu-iqv20-akulookkruvikeeraja-3.jpg","width":600,"height":600,"caption":"Ingersoll Rand W3111-K22-EU IQV20\u2122 akkuiskuruuvinv\u00e4\u00e4nnin \u2013 sarja akkujen ja laturin kanssa"},{"@type":"BreadcrumbList","@id":"https:\/\/protech.nu\/fi\/tuote\/ingersoll-rand-w3111-k22-eu-iqv20-cordless-impact-driver\/#breadcrumb","itemListElement":[{"@type":"ListItem","position":1,"name":"Etusivu","item":"https:\/\/protech.nu\/fi\/"},{"@type":"ListItem","position":2,"name":"Tooted","item":"https:\/\/protech.nu\/products\/"},{"@type":"ListItem","position":3,"name":"Ingersoll Rand W3111-K22-EU \u2013 1\/4\u2033, 360 Nm IQV20\u2122 akkuiskuruuvinv\u00e4\u00e4nnin paketti (2 \u00d7 2.5 Ah akut ja laturi)"}]},{"@type":"WebSite","@id":"https:\/\/protech.nu\/fi\/#website","url":"https:\/\/protech.nu\/fi\/","name":"PROTECH","description":"","publisher":{"@id":"https:\/\/protech.nu\/fi\/#organization"},"potentialAction":[{"@type":"SearchAction","target":{"@type":"EntryPoint","urlTemplate":"https:\/\/protech.nu\/fi\/?s={search_term_string}"},"query-input":{"@type":"PropertyValueSpecification","valueRequired":true,"valueName":"search_term_string"}}],"inLanguage":"fi"},{"@type":"Organization","@id":"https:\/\/protech.nu\/fi\/#organization","name":"MYPOWERTOOLSBOX","alternateName":"ProTech","url":"https:\/\/protech.nu\/fi\/","logo":{"@type":"ImageObject","inLanguage":"fi","@id":"https:\/\/protech.nu\/fi\/#\/schema\/logo\/image\/","url":"https:\/\/2026.protech.nu\/wp-content\/uploads\/2026\/02\/ProTech.png","contentUrl":"https:\/\/2026.protech.nu\/wp-content\/uploads\/2026\/02\/ProTech.png","width":1024,"height":1024,"caption":"MYPOWERTOOLSBOX"},"image":{"@id":"https:\/\/protech.nu\/fi\/#\/schema\/logo\/image\/"},"sameAs":["https:\/\/www.facebook.com\/Protech.nu\/","https:\/\/www.instagram.com\/protech_sweden\/","https:\/\/www.linkedin.com\/company\/protech-professional-technologies-sweden-ab\/","https:\/\/www.youtube.com\/@Protech_nu"]}]}},"_links":{"self":[{"href":"https:\/\/protech.nu\/fi\/wp-json\/wp\/v2\/product\/5017","targetHints":{"allow":["GET"]}}],"collection":[{"href":"https:\/\/protech.nu\/fi\/wp-json\/wp\/v2\/product"}],"about":[{"href":"https:\/\/protech.nu\/fi\/wp-json\/wp\/v2\/types\/product"}],"replies":[{"embeddable":true,"href":"https:\/\/protech.nu\/fi\/wp-json\/wp\/v2\/comments?post=5017"}],"wp:featuredmedia":[{"embeddable":true,"href":"https:\/\/protech.nu\/fi\/wp-json\/wp\/v2\/media\/5033"}],"wp:attachment":[{"href":"https:\/\/protech.nu\/fi\/wp-json\/wp\/v2\/media?parent=5017"}],"wp:term":[{"taxonomy":"product_brand","embeddable":true,"href":"https:\/\/protech.nu\/fi\/wp-json\/wp\/v2\/product_brand?post=5017"},{"taxonomy":"product_cat","embeddable":true,"href":"https:\/\/protech.nu\/fi\/wp-json\/wp\/v2\/product_cat?post=5017"},{"taxonomy":"product_tag","embeddable":true,"href":"https:\/\/protech.nu\/fi\/wp-json\/wp\/v2\/product_tag?post=5017"}],"curies":[{"name":"wp","href":"https:\/\/api.w.org\/{rel}","templated":true}]}}