{"id":5056,"date":"2025-12-28T20:39:44","date_gmt":"2025-12-28T20:39:44","guid":{"rendered":"https:\/\/protech.nu\/?post_type=product&#038;p=5056"},"modified":"2025-12-28T22:38:50","modified_gmt":"2025-12-28T22:38:50","slug":"ingersoll-rand-d3411-iqv20-cordless-screwdriver","status":"publish","type":"product","link":"https:\/\/protech.nu\/fi\/tuote\/ingersoll-rand-d3411-iqv20-cordless-screwdriver\/","title":{"rendered":"Ingersoll Rand D3411 \u2013 1\/4&#8243;, 50 Nm IQV20\u2122 akkuruuvinv\u00e4\u00e4nnin (vain ty\u00f6kalu)"},"content":{"rendered":"<p><strong>Ingersoll Rand D3411<\/strong> on suunniteltu ammattilaisille, jotka tarvitsevat kevyen, tarkan ja luotettavan akkuruuvinv\u00e4\u00e4ntimen p\u00e4ivitt\u00e4isiin kiinnityst\u00f6ihin. Kompaktin rakenteensa ja alhaisen painonsa ansiosta D3411 soveltuu erinomaisesti toistuvaan k\u00e4ytt\u00f6\u00f6n ahtaissa tiloissa, kuten kokoonpanolinjoilla, huoltot\u00f6iss\u00e4 ja teollisessa asennuksessa.<\/p>\n<p>Harjaton (brushless) moottori takaa korkean hy\u00f6tysuhteen, pitk\u00e4n k\u00e4ytt\u00f6i\u00e4n ja tasaisen suorituskyvyn my\u00f6s vaativassa ammattik\u00e4yt\u00f6ss\u00e4. Ergonomisesti muotoiltu kahva v\u00e4hent\u00e4\u00e4 k\u00e4den rasitusta ja parantaa ty\u00f6skentelymukavuutta koko ty\u00f6p\u00e4iv\u00e4n ajan.<\/p>\n<p>D3411 on varustettu <strong>18-portaisella kytkimell\u00e4<\/strong>, jonka avulla kiristysmomentti voidaan s\u00e4\u00e4t\u00e4\u00e4 tarkasti eri ruuvi- ja materiaalikokoihin. T\u00e4m\u00e4 mahdollistaa kiinnityssyvyyden hienos\u00e4\u00e4d\u00f6n, v\u00e4hent\u00e4\u00e4 ylikirist\u00e4misen riski\u00e4 ja parantaa ty\u00f6n toistotarkkuutta \u2013 erityisen t\u00e4rke\u00e4\u00e4 tarkkuutta vaativissa kokoonpanosovelluksissa.<\/p>\n<p>Integroitu <strong>LED-valonauha<\/strong> valaisee ty\u00f6skentelyalueen tehokkaasti, parantaen n\u00e4kyvyytt\u00e4 heikosti valaistuissa ja suljetuissa kohteissa. 1\/4\u2033 kuusiokantainen pikakiinnitys mahdollistaa nopean ja turvallisen k\u00e4rkien vaihdon.<\/p>\n<p>D3411 kuuluu <strong>IQV20\u2122-akkuj\u00e4rjestelm\u00e4\u00e4n<\/strong>, joka mahdollistaa saman akun k\u00e4yt\u00f6n useiden Ingersoll Rand -ty\u00f6kalujen v\u00e4lill\u00e4. T\u00e4m\u00e4 parantaa ty\u00f6maan tehokkuutta ja v\u00e4hent\u00e4\u00e4 akkujen kokonaism\u00e4\u00e4r\u00e4\u00e4. Tuotteella on <strong>3 vuoden takuu<\/strong>, joka korostaa Ingersoll Randin laatua ja luotettavuutta.<\/p>\n<p><strong>Tekniset tiedot:<\/strong><\/p>\n<ul>\n<li>Ajam \/ k\u00e4rki: 1\/4\u2033 kuusiokanta, pikakiinnitys<\/li>\n<li>Maks. kiristysmomentti: 50 Nm<\/li>\n<li>Tyhj\u00e4k\u00e4yntinopeus: 1 800 r\/min<\/li>\n<li>Kytkin: 18-portainen momentins\u00e4\u00e4t\u00f6<\/li>\n<li>Paino ilman akkua: 0,8 kg<\/li>\n<li>Paino 2.5 Ah akulla: 1,2 kg<\/li>\n<li>Paino 5.0 Ah akulla: 1,5 kg<\/li>\n<li>Pituus: 127 mm<\/li>\n<li>Valaistus: LED-valonauha<\/li>\n<li>Takuu: 3 vuotta<\/li>\n<\/ul>\n<p><strong>Lataa IQV20\u2122-sarjan tuotekatalogit:<\/strong><\/p>\n<div style=\"margin: 0 0 10px 0;\"><\/div>\n<div><a style=\"display: inline-block; padding: 10px 16px; border: 2px solid #E14A2D; border-radius: 4px; text-decoration: none; font-weight: 600; color: #e14a2d;\" href=\"https:\/\/protech.nu\/wp-content\/uploads\/2025\/09\/ingersoll-rand-iqv20-cordless-tools-catalog.pdf\" target=\"_blank\" rel=\"noopener\">Ingersoll Rand IQV20\u2122 Cordless Tools Catalog<br \/>\n<\/a><\/div>\n","protected":false},"excerpt":{"rendered":"[video width=\"1920\" height=\"1080\" mp4=\"https:\/\/protech.nu\/wp-content\/uploads\/2025\/08\/IQV20\u2122-Cordless-Compact-Screwdriver-D3411-Tool-Spotlight.mp4\" autoplay=\"true\"][\/video]\n<p>&nbsp;<\/p>\n<p><strong>Ingersoll Rand D3411<\/strong> on kompakti 1\/4\u2033 akkuruuvinv\u00e4\u00e4nnin tarkkuutta vaativiin asennust\u00f6ihin. Se tarjoaa jopa 50 Nm kiristysmomentin, 18-portaisen kytkimen, 1 800 r\/min nopeuden ja eritt\u00e4in lyhyen 127 mm rungon \u2013 ihanteellinen ratkaisu ammattik\u00e4ytt\u00f6\u00f6n ahtaissa tiloissa.<\/p>\n","protected":false},"featured_media":5071,"comment_status":"open","ping_status":"closed","template":"","meta":{"_acf_changed":false,"_monsterinsights_skip_tracking":false,"_monsterinsights_sitenote_active":false,"_monsterinsights_sitenote_note":"","_monsterinsights_sitenote_category":0,"_themeisle_gutenberg_block_has_review":false},"product_brand":[],"product_cat":[123,122],"product_tag":[],"class_list":{"0":"post-5056","1":"product","2":"type-product","3":"status-publish","4":"has-post-thumbnail","6":"product_cat-ingersoll-rand-akkukayttoiset-iskevat-mutterinvayntimet-ja-ruuvinvayntimet","7":"product_cat-ingersoll-rand-iqv20-series","8":"pa_kaal-kg-0-8","9":"pa_pikkus-mm-5445","11":"first","12":"instock","13":"downloadable","14":"taxable","15":"shipping-taxable","16":"purchasable","17":"product-type-simple"},"acf":[],"yoast_head":"<!-- This site is optimized with the Yoast SEO plugin v27.4 - https:\/\/yoast.com\/product\/yoast-seo-wordpress\/ -->\n<title>Ingersoll Rand D3411 | 1\/4\u2033 50 Nm IQV20\u2122 akkuruuvinv\u00e4\u00e4nnin<\/title>\n<meta name=\"description\" content=\"Ingersoll Rand D3411 IQV20\u2122 akkuruuvinv\u00e4\u00e4nnin tarjoaa 50 Nm kiristysmomentin, 18-portaisen kytkimen, LED-valaistuksen ja harjattoman moottorin ammattik\u00e4ytt\u00f6\u00f6n.\" \/>\n<meta name=\"robots\" content=\"index, follow, max-snippet:-1, max-image-preview:large, max-video-preview:-1\" \/>\n<link rel=\"canonical\" href=\"https:\/\/protech.nu\/fi\/tuote\/ingersoll-rand-d3411-iqv20-cordless-screwdriver\/\" \/>\n<meta property=\"og:locale\" content=\"fi_FI\" \/>\n<meta property=\"og:type\" content=\"article\" \/>\n<meta property=\"og:title\" content=\"Ingersoll Rand D3411 | 1\/4\u2033 50 Nm IQV20\u2122 akkuruuvinv\u00e4\u00e4nnin\" \/>\n<meta property=\"og:description\" content=\"Ingersoll Rand D3411 IQV20\u2122 akkuruuvinv\u00e4\u00e4nnin tarjoaa 50 Nm kiristysmomentin, 18-portaisen kytkimen, LED-valaistuksen ja harjattoman moottorin ammattik\u00e4ytt\u00f6\u00f6n.\" \/>\n<meta property=\"og:url\" content=\"https:\/\/protech.nu\/fi\/tuote\/ingersoll-rand-d3411-iqv20-cordless-screwdriver\/\" \/>\n<meta property=\"og:site_name\" content=\"ProTech\" \/>\n<meta property=\"article:publisher\" content=\"https:\/\/www.facebook.com\/Protech.nu\/\" \/>\n<meta property=\"article:modified_time\" content=\"2025-12-28T22:38:50+00:00\" \/>\n<meta property=\"og:image\" content=\"https:\/\/protech.nu\/wp-content\/uploads\/2025\/12\/ingersoll-rand-d3411-iqv20-cordless-screwdriver-3.jpg\" \/>\n\t<meta property=\"og:image:width\" content=\"600\" \/>\n\t<meta property=\"og:image:height\" content=\"600\" \/>\n\t<meta property=\"og:image:type\" content=\"image\/jpeg\" \/>\n<meta name=\"twitter:card\" content=\"summary_large_image\" \/>\n<meta name=\"twitter:label1\" content=\"Arvioitu lukuaika\" \/>\n\t<meta name=\"twitter:data1\" content=\"2 minuuttia\" \/>\n<script type=\"application\/ld+json\" class=\"yoast-schema-graph\">{\"@context\":\"https:\\\/\\\/schema.org\",\"@graph\":[{\"@type\":\"WebPage\",\"@id\":\"https:\\\/\\\/protech.nu\\\/fi\\\/tuote\\\/ingersoll-rand-d3411-iqv20-cordless-screwdriver\\\/\",\"url\":\"https:\\\/\\\/protech.nu\\\/fi\\\/tuote\\\/ingersoll-rand-d3411-iqv20-cordless-screwdriver\\\/\",\"name\":\"Ingersoll Rand D3411 | 1\\\/4\u2033 50 Nm IQV20\u2122 akkuruuvinv\u00e4\u00e4nnin\",\"isPartOf\":{\"@id\":\"https:\\\/\\\/protech.nu\\\/fi\\\/#website\"},\"primaryImageOfPage\":{\"@id\":\"https:\\\/\\\/protech.nu\\\/fi\\\/tuote\\\/ingersoll-rand-d3411-iqv20-cordless-screwdriver\\\/#primaryimage\"},\"image\":{\"@id\":\"https:\\\/\\\/protech.nu\\\/fi\\\/tuote\\\/ingersoll-rand-d3411-iqv20-cordless-screwdriver\\\/#primaryimage\"},\"thumbnailUrl\":\"https:\\\/\\\/protech.nu\\\/wp-content\\\/uploads\\\/2025\\\/12\\\/ingersoll-rand-d3411-iqv20-cordless-screwdriver-3.jpg\",\"datePublished\":\"2025-12-28T20:39:44+00:00\",\"dateModified\":\"2025-12-28T22:38:50+00:00\",\"description\":\"Ingersoll Rand D3411 IQV20\u2122 akkuruuvinv\u00e4\u00e4nnin tarjoaa 50 Nm kiristysmomentin, 18-portaisen kytkimen, LED-valaistuksen ja harjattoman moottorin ammattik\u00e4ytt\u00f6\u00f6n.\",\"breadcrumb\":{\"@id\":\"https:\\\/\\\/protech.nu\\\/fi\\\/tuote\\\/ingersoll-rand-d3411-iqv20-cordless-screwdriver\\\/#breadcrumb\"},\"inLanguage\":\"fi\",\"potentialAction\":[{\"@type\":\"ReadAction\",\"target\":[\"https:\\\/\\\/protech.nu\\\/fi\\\/tuote\\\/ingersoll-rand-d3411-iqv20-cordless-screwdriver\\\/\"]}]},{\"@type\":\"ImageObject\",\"inLanguage\":\"fi\",\"@id\":\"https:\\\/\\\/protech.nu\\\/fi\\\/tuote\\\/ingersoll-rand-d3411-iqv20-cordless-screwdriver\\\/#primaryimage\",\"url\":\"https:\\\/\\\/protech.nu\\\/wp-content\\\/uploads\\\/2025\\\/12\\\/ingersoll-rand-d3411-iqv20-cordless-screwdriver-3.jpg\",\"contentUrl\":\"https:\\\/\\\/protech.nu\\\/wp-content\\\/uploads\\\/2025\\\/12\\\/ingersoll-rand-d3411-iqv20-cordless-screwdriver-3.jpg\",\"width\":600,\"height\":600,\"caption\":\"Ingersoll Rand D3411 IQV20\u2122 akkuruuvinv\u00e4\u00e4nnin tarkkaan kiinnitysty\u00f6h\u00f6n\"},{\"@type\":\"BreadcrumbList\",\"@id\":\"https:\\\/\\\/protech.nu\\\/fi\\\/tuote\\\/ingersoll-rand-d3411-iqv20-cordless-screwdriver\\\/#breadcrumb\",\"itemListElement\":[{\"@type\":\"ListItem\",\"position\":1,\"name\":\"Etusivu\",\"item\":\"https:\\\/\\\/protech.nu\\\/fi\\\/\"},{\"@type\":\"ListItem\",\"position\":2,\"name\":\"Tooted\",\"item\":\"https:\\\/\\\/protech.nu\\\/products\\\/\"},{\"@type\":\"ListItem\",\"position\":3,\"name\":\"Ingersoll Rand D3411 \u2013 1\\\/4&#8243;, 50 Nm IQV20\u2122 akkuruuvinv\u00e4\u00e4nnin (vain ty\u00f6kalu)\"}]},{\"@type\":\"WebSite\",\"@id\":\"https:\\\/\\\/protech.nu\\\/fi\\\/#website\",\"url\":\"https:\\\/\\\/protech.nu\\\/fi\\\/\",\"name\":\"PROTECH\",\"description\":\"\",\"publisher\":{\"@id\":\"https:\\\/\\\/protech.nu\\\/fi\\\/#organization\"},\"potentialAction\":[{\"@type\":\"SearchAction\",\"target\":{\"@type\":\"EntryPoint\",\"urlTemplate\":\"https:\\\/\\\/protech.nu\\\/fi\\\/?s={search_term_string}\"},\"query-input\":{\"@type\":\"PropertyValueSpecification\",\"valueRequired\":true,\"valueName\":\"search_term_string\"}}],\"inLanguage\":\"fi\"},{\"@type\":\"Organization\",\"@id\":\"https:\\\/\\\/protech.nu\\\/fi\\\/#organization\",\"name\":\"MYPOWERTOOLSBOX\",\"alternateName\":\"ProTech\",\"url\":\"https:\\\/\\\/protech.nu\\\/fi\\\/\",\"logo\":{\"@type\":\"ImageObject\",\"inLanguage\":\"fi\",\"@id\":\"https:\\\/\\\/protech.nu\\\/fi\\\/#\\\/schema\\\/logo\\\/image\\\/\",\"url\":\"https:\\\/\\\/2026.protech.nu\\\/wp-content\\\/uploads\\\/2026\\\/02\\\/ProTech.png\",\"contentUrl\":\"https:\\\/\\\/2026.protech.nu\\\/wp-content\\\/uploads\\\/2026\\\/02\\\/ProTech.png\",\"width\":1024,\"height\":1024,\"caption\":\"MYPOWERTOOLSBOX\"},\"image\":{\"@id\":\"https:\\\/\\\/protech.nu\\\/fi\\\/#\\\/schema\\\/logo\\\/image\\\/\"},\"sameAs\":[\"https:\\\/\\\/www.facebook.com\\\/Protech.nu\\\/\",\"https:\\\/\\\/www.instagram.com\\\/protech_sweden\\\/\",\"https:\\\/\\\/www.linkedin.com\\\/company\\\/protech-professional-technologies-sweden-ab\\\/\",\"https:\\\/\\\/www.youtube.com\\\/@Protech_nu\"]}]}<\/script>\n<!-- \/ Yoast SEO plugin. -->","yoast_head_json":{"title":"Ingersoll Rand D3411 | 1\/4\u2033 50 Nm IQV20\u2122 akkuruuvinv\u00e4\u00e4nnin","description":"Ingersoll Rand D3411 IQV20\u2122 akkuruuvinv\u00e4\u00e4nnin tarjoaa 50 Nm kiristysmomentin, 18-portaisen kytkimen, LED-valaistuksen ja harjattoman moottorin ammattik\u00e4ytt\u00f6\u00f6n.","robots":{"index":"index","follow":"follow","max-snippet":"max-snippet:-1","max-image-preview":"max-image-preview:large","max-video-preview":"max-video-preview:-1"},"canonical":"https:\/\/protech.nu\/fi\/tuote\/ingersoll-rand-d3411-iqv20-cordless-screwdriver\/","og_locale":"fi_FI","og_type":"article","og_title":"Ingersoll Rand D3411 | 1\/4\u2033 50 Nm IQV20\u2122 akkuruuvinv\u00e4\u00e4nnin","og_description":"Ingersoll Rand D3411 IQV20\u2122 akkuruuvinv\u00e4\u00e4nnin tarjoaa 50 Nm kiristysmomentin, 18-portaisen kytkimen, LED-valaistuksen ja harjattoman moottorin ammattik\u00e4ytt\u00f6\u00f6n.","og_url":"https:\/\/protech.nu\/fi\/tuote\/ingersoll-rand-d3411-iqv20-cordless-screwdriver\/","og_site_name":"ProTech","article_publisher":"https:\/\/www.facebook.com\/Protech.nu\/","article_modified_time":"2025-12-28T22:38:50+00:00","og_image":[{"width":600,"height":600,"url":"https:\/\/protech.nu\/wp-content\/uploads\/2025\/12\/ingersoll-rand-d3411-iqv20-cordless-screwdriver-3.jpg","type":"image\/jpeg"}],"twitter_card":"summary_large_image","twitter_misc":{"Arvioitu lukuaika":"2 minuuttia"},"schema":{"@context":"https:\/\/schema.org","@graph":[{"@type":"WebPage","@id":"https:\/\/protech.nu\/fi\/tuote\/ingersoll-rand-d3411-iqv20-cordless-screwdriver\/","url":"https:\/\/protech.nu\/fi\/tuote\/ingersoll-rand-d3411-iqv20-cordless-screwdriver\/","name":"Ingersoll Rand D3411 | 1\/4\u2033 50 Nm IQV20\u2122 akkuruuvinv\u00e4\u00e4nnin","isPartOf":{"@id":"https:\/\/protech.nu\/fi\/#website"},"primaryImageOfPage":{"@id":"https:\/\/protech.nu\/fi\/tuote\/ingersoll-rand-d3411-iqv20-cordless-screwdriver\/#primaryimage"},"image":{"@id":"https:\/\/protech.nu\/fi\/tuote\/ingersoll-rand-d3411-iqv20-cordless-screwdriver\/#primaryimage"},"thumbnailUrl":"https:\/\/protech.nu\/wp-content\/uploads\/2025\/12\/ingersoll-rand-d3411-iqv20-cordless-screwdriver-3.jpg","datePublished":"2025-12-28T20:39:44+00:00","dateModified":"2025-12-28T22:38:50+00:00","description":"Ingersoll Rand D3411 IQV20\u2122 akkuruuvinv\u00e4\u00e4nnin tarjoaa 50 Nm kiristysmomentin, 18-portaisen kytkimen, LED-valaistuksen ja harjattoman moottorin ammattik\u00e4ytt\u00f6\u00f6n.","breadcrumb":{"@id":"https:\/\/protech.nu\/fi\/tuote\/ingersoll-rand-d3411-iqv20-cordless-screwdriver\/#breadcrumb"},"inLanguage":"fi","potentialAction":[{"@type":"ReadAction","target":["https:\/\/protech.nu\/fi\/tuote\/ingersoll-rand-d3411-iqv20-cordless-screwdriver\/"]}]},{"@type":"ImageObject","inLanguage":"fi","@id":"https:\/\/protech.nu\/fi\/tuote\/ingersoll-rand-d3411-iqv20-cordless-screwdriver\/#primaryimage","url":"https:\/\/protech.nu\/wp-content\/uploads\/2025\/12\/ingersoll-rand-d3411-iqv20-cordless-screwdriver-3.jpg","contentUrl":"https:\/\/protech.nu\/wp-content\/uploads\/2025\/12\/ingersoll-rand-d3411-iqv20-cordless-screwdriver-3.jpg","width":600,"height":600,"caption":"Ingersoll Rand D3411 IQV20\u2122 akkuruuvinv\u00e4\u00e4nnin tarkkaan kiinnitysty\u00f6h\u00f6n"},{"@type":"BreadcrumbList","@id":"https:\/\/protech.nu\/fi\/tuote\/ingersoll-rand-d3411-iqv20-cordless-screwdriver\/#breadcrumb","itemListElement":[{"@type":"ListItem","position":1,"name":"Etusivu","item":"https:\/\/protech.nu\/fi\/"},{"@type":"ListItem","position":2,"name":"Tooted","item":"https:\/\/protech.nu\/products\/"},{"@type":"ListItem","position":3,"name":"Ingersoll Rand D3411 \u2013 1\/4&#8243;, 50 Nm IQV20\u2122 akkuruuvinv\u00e4\u00e4nnin (vain ty\u00f6kalu)"}]},{"@type":"WebSite","@id":"https:\/\/protech.nu\/fi\/#website","url":"https:\/\/protech.nu\/fi\/","name":"PROTECH","description":"","publisher":{"@id":"https:\/\/protech.nu\/fi\/#organization"},"potentialAction":[{"@type":"SearchAction","target":{"@type":"EntryPoint","urlTemplate":"https:\/\/protech.nu\/fi\/?s={search_term_string}"},"query-input":{"@type":"PropertyValueSpecification","valueRequired":true,"valueName":"search_term_string"}}],"inLanguage":"fi"},{"@type":"Organization","@id":"https:\/\/protech.nu\/fi\/#organization","name":"MYPOWERTOOLSBOX","alternateName":"ProTech","url":"https:\/\/protech.nu\/fi\/","logo":{"@type":"ImageObject","inLanguage":"fi","@id":"https:\/\/protech.nu\/fi\/#\/schema\/logo\/image\/","url":"https:\/\/2026.protech.nu\/wp-content\/uploads\/2026\/02\/ProTech.png","contentUrl":"https:\/\/2026.protech.nu\/wp-content\/uploads\/2026\/02\/ProTech.png","width":1024,"height":1024,"caption":"MYPOWERTOOLSBOX"},"image":{"@id":"https:\/\/protech.nu\/fi\/#\/schema\/logo\/image\/"},"sameAs":["https:\/\/www.facebook.com\/Protech.nu\/","https:\/\/www.instagram.com\/protech_sweden\/","https:\/\/www.linkedin.com\/company\/protech-professional-technologies-sweden-ab\/","https:\/\/www.youtube.com\/@Protech_nu"]}]}},"_links":{"self":[{"href":"https:\/\/protech.nu\/fi\/wp-json\/wp\/v2\/product\/5056","targetHints":{"allow":["GET"]}}],"collection":[{"href":"https:\/\/protech.nu\/fi\/wp-json\/wp\/v2\/product"}],"about":[{"href":"https:\/\/protech.nu\/fi\/wp-json\/wp\/v2\/types\/product"}],"replies":[{"embeddable":true,"href":"https:\/\/protech.nu\/fi\/wp-json\/wp\/v2\/comments?post=5056"}],"wp:featuredmedia":[{"embeddable":true,"href":"https:\/\/protech.nu\/fi\/wp-json\/wp\/v2\/media\/5071"}],"wp:attachment":[{"href":"https:\/\/protech.nu\/fi\/wp-json\/wp\/v2\/media?parent=5056"}],"wp:term":[{"taxonomy":"product_brand","embeddable":true,"href":"https:\/\/protech.nu\/fi\/wp-json\/wp\/v2\/product_brand?post=5056"},{"taxonomy":"product_cat","embeddable":true,"href":"https:\/\/protech.nu\/fi\/wp-json\/wp\/v2\/product_cat?post=5056"},{"taxonomy":"product_tag","embeddable":true,"href":"https:\/\/protech.nu\/fi\/wp-json\/wp\/v2\/product_tag?post=5056"}],"curies":[{"name":"wp","href":"https:\/\/api.w.org\/{rel}","templated":true}]}}