{"id":5755,"date":"2025-08-27T10:58:39","date_gmt":"2025-08-27T10:58:39","guid":{"rendered":"https:\/\/protech.nu\/toode\/ingersoll-rand-r3130-3-8%e2%80%b3-73-nm-iqv20-akkukayttoinen-raikkaavaannin-vain-tyokalu\/"},"modified":"2026-01-03T14:44:32","modified_gmt":"2026-01-03T14:44:32","slug":"ingersoll-rand-r3130-akkukayttoinen-raikkavaannin","status":"publish","type":"product","link":"https:\/\/protech.nu\/fi\/produkt\/ingersoll-rand-r3130-akkukayttoinen-raikkavaannin\/","title":{"rendered":"Ingersoll Rand R3130 \u2013 3\/8\u2033, 73 Nm IQV20\u2122 akkuk\u00e4ytt\u00f6inen r\u00e4ikk\u00e4\u00e4v\u00e4\u00e4nnin (vain ty\u00f6kalu)"},"content":{"rendered":"<div style=\"width: 1200px;\" class=\"wp-video\"><video class=\"wp-video-shortcode\" id=\"video-5755-1\" loop autoplay muted preload=\"metadata\" controls=\"controls\" playsinline><source type=\"video\/mp4\" src=\"https:\/\/protech.nu\/wp-content\/uploads\/2026\/01\/Slim-line-Cordless-Rachet-Ideal-for-Tight-Spaces.mp4?_=1\" \/><a href=\"https:\/\/protech.nu\/wp-content\/uploads\/2026\/01\/Slim-line-Cordless-Rachet-Ideal-for-Tight-Spaces.mp4\">https:\/\/protech.nu\/wp-content\/uploads\/2026\/01\/Slim-line-Cordless-Rachet-Ideal-for-Tight-Spaces.mp4<\/a><\/video><\/div>\n<p>&nbsp;<\/p>\n<p><strong>Ingersoll Rand R3130 IQV20\u2122 akkuk\u00e4ytt\u00f6inen r\u00e4ikk\u00e4v\u00e4\u00e4\u00e4nnin<\/strong> on suunniteltu ammattik\u00e4ytt\u00f6\u00f6n ahtaissa ja vaikeap\u00e4\u00e4syisiss\u00e4 ty\u00f6ymp\u00e4rist\u00f6iss\u00e4, joissa perinteiset iskuv\u00e4\u00e4ntimet tai k\u00e4sity\u00f6kalut eiv\u00e4t mahdu toimimaan. Kompakti slim-line-rakenne, tarkka hallinta ja luotettava suorituskyky tekev\u00e4t R3130-mallista erinomaisen valinnan autokorjaamoihin, kuljetuskaluston huoltoon, teolliseen kunnossapitoon ja asennust\u00f6ihin.<\/p>\n<p>Ty\u00f6kalun <strong>enint\u00e4\u00e4n 73 Nm irrotusmomentti<\/strong> ja <strong>73 Nm manuaalik\u00e4yt\u00f6ss\u00e4<\/strong> tarjoavat riitt\u00e4v\u00e4n tehon p\u00e4ivitt\u00e4isiin huoltot\u00f6ihin s\u00e4ilytt\u00e4en samalla tarkan ja hallitun kiinnityksen. <strong>Portaaton nopeudens\u00e4\u00e4t\u00f6 elektronisella jarrulla<\/strong> parantaa k\u00e4ytt\u00f6turvallisuutta \u2013 liipaisimen vapauttaminen pys\u00e4ytt\u00e4\u00e4 py\u00f6rimisen v\u00e4litt\u00f6m\u00e4sti.<\/p>\n<p><strong>Metalli- ja komposiittirakenne<\/strong> yhdist\u00e4\u00e4 kevyen painon ja korkean kest\u00e4vyyden. <strong>Vahvistettu kahva<\/strong> on suunniteltu kest\u00e4m\u00e4\u00e4n sek\u00e4 manuaalista r\u00e4ikytyst\u00e4 ett\u00e4 tiukkojen pulttien irrotusta vaativissa olosuhteissa. <strong>Tukeva ter\u00e4srunko<\/strong> suojaa sis\u00e4isi\u00e4 komponentteja kolhuilta ja pudotuksilta ammattik\u00e4yt\u00f6ss\u00e4.<\/p>\n<p>R3130 hy\u00f6dynt\u00e4\u00e4 samaa <strong>todistetusti kest\u00e4v\u00e4\u00e4 r\u00e4ikk\u00e4p\u00e4\u00e4t\u00e4<\/strong> kuin Ingersoll Randin paineilmak\u00e4ytt\u00f6iset mallit sek\u00e4 <strong>t\u00e4ysmetallista vaihteistoa<\/strong>, joka on optimoitu maksimaaliseen luotettavuuteen ja pitk\u00e4\u00e4n k\u00e4ytt\u00f6ik\u00e4\u00e4n. Ergonominen muotoilu tarjoaa saman ulottuvuuden kuin paineilmar\u00e4ikk\u00e4 \u2013 mutta ilman letkuja, kompressoria ja ylim\u00e4\u00e4r\u00e4ist\u00e4 melua.<\/p>\n<p>Osana <strong>Ingersoll Rand IQV20\u2122 20V -akkuj\u00e4rjestelm\u00e4\u00e4<\/strong> R3130 on yhteensopiva kaikkien IQV20\u2122-sarjan akkujen ja latureiden kanssa. Yhten\u00e4inen akkualusta v\u00e4hent\u00e4\u00e4 seisokkiaikaa ja alentaa kokonaiskustannuksia ammattik\u00e4yt\u00f6ss\u00e4.<\/p>\n<h3>T\u00e4rkeimm\u00e4t edut<\/h3>\n<ul>\n<li><strong>Akkuk\u00e4ytt\u00f6inen vapaus<\/strong> \u2013 ei letkuja eik\u00e4 kompressoria<\/li>\n<li><strong>Slim-line-rakenne<\/strong> \u2013 ihanteellinen ahtaisiin ja piilossa oleviin kiinnityspisteisiin<\/li>\n<li><strong>Tarkka hallinta<\/strong> \u2013 portaaton nopeudens\u00e4\u00e4t\u00f6 ja elektroninen jarru<\/li>\n<li><strong>Kest\u00e4v\u00e4 rakenne<\/strong> \u2013 metallinen vaihteisto, vahvistettu kahva ja ter\u00e4srunko<\/li>\n<li><strong>IQV20\u2122-akkuj\u00e4rjestelm\u00e4<\/strong> \u2013 yksi akku kaikille Ingersoll Randin 20V-ty\u00f6kaluille<\/li>\n<li><strong>3 vuoden takuu<\/strong> \u2013 suunniteltu vaativaan ammattik\u00e4ytt\u00f6\u00f6n<\/li>\n<\/ul>\n<h3>K\u00e4ytt\u00f6kohteet<\/h3>\n<ul>\n<li>Autokorjaamot ja huoltopisteet<\/li>\n<li>Kuorma-autojen, linja-autojen ja maatalouskoneiden huolto<\/li>\n<li>Teollisuus, tuotantolinjat ja kunnossapito<\/li>\n<li>Ammattilaiset, jotka tarvitsevat tarkan ja kompaktin kiinnitysty\u00f6kalun<\/li>\n<\/ul>\n<p><strong>Lataa IQV20\u2122-tuotekatalogi:<\/strong><\/p>\n<div style=\"margin: 0 0 10px 0;\"><a style=\"display: inline-block; padding: 10px 16px; border: 2px solid #E14A2D; border-radius: 4px; text-decoration: none; font-weight: 600; color: #e14a2d;\" href=\"https:\/\/protech.nu\/wp-content\/uploads\/2025\/09\/ingersoll-rand-iqv20-cordless-tools-catalog.pdf\" target=\"_blank\" rel=\"noopener\">Ingersoll Rand IQV20\u2122 Cordless Tools \u2013 Product Catalog (EN)<br \/>\n<\/a><\/div>\n","protected":false},"excerpt":{"rendered":"<p><strong>Ingersoll Rand R3130 IQV20\u2122 akkuk\u00e4ytt\u00f6inen r\u00e4ikk\u00e4v\u00e4\u00e4\u00e4nnin<\/strong> on kompakti ja tehokas ty\u00f6kalu ammattik\u00e4ytt\u00f6\u00f6n ahtaissa ty\u00f6skentelytiloissa.<\/p>\n<p><strong>73 Nm irrotusmomentti<\/strong>, <strong>slim-line-rakenne<\/strong> ja <strong>portaaton nopeudens\u00e4\u00e4t\u00f6<\/strong> takaavat tarkan ja hallitun ty\u00f6skentelyn ilman letkuja ja kompressoria.<\/p>\n<p><strong>Suunniteltu korjaamoihin ja teollisuuteen, joissa saavutettavuus, tarkkuus ja kest\u00e4vyys ovat ratkaisevia.<\/strong><\/p>\n","protected":false},"featured_media":5754,"comment_status":"open","ping_status":"closed","template":"","meta":{"_acf_changed":false,"_monsterinsights_skip_tracking":false,"_monsterinsights_sitenote_active":false,"_monsterinsights_sitenote_note":"","_monsterinsights_sitenote_category":0,"_themeisle_gutenberg_block_has_review":false},"product_brand":[],"product_cat":[233,122],"product_tag":[154],"class_list":{"0":"post-5755","1":"product","2":"type-product","3":"status-publish","4":"has-post-thumbnail","6":"product_cat-ingersoll-rand-akkukayttoiset-raikkavaantimet","7":"product_cat-ingersoll-rand-iqv20-series","8":"product_tag-no-demo","10":"first","11":"instock","12":"taxable","13":"shipping-taxable","14":"purchasable","15":"product-type-simple"},"acf":[],"yoast_head":"<!-- This site is optimized with the Yoast SEO plugin v27.5 - https:\/\/yoast.com\/product\/yoast-seo-wordpress\/ -->\n<title>Ingersoll Rand R3130 \u2013 3\/8\u2033, 73 Nm IQV20\u2122 akkuk\u00e4ytt\u00f6inen r\u00e4ikk\u00e4\u00e4v\u00e4\u00e4nnin (vain ty\u00f6kalu) - ProTech<\/title>\n<meta name=\"robots\" content=\"index, follow, max-snippet:-1, max-image-preview:large, max-video-preview:-1\" \/>\n<link rel=\"canonical\" href=\"https:\/\/protech.nu\/fi\/produkt\/ingersoll-rand-r3130-akkukayttoinen-raikkavaannin\/\" \/>\n<meta property=\"og:locale\" content=\"fi_FI\" \/>\n<meta property=\"og:type\" content=\"article\" \/>\n<meta property=\"og:title\" content=\"Ingersoll Rand R3130 \u2013 3\/8\u2033, 73 Nm IQV20\u2122 akkuk\u00e4ytt\u00f6inen r\u00e4ikk\u00e4\u00e4v\u00e4\u00e4nnin (vain ty\u00f6kalu) - ProTech\" \/>\n<meta property=\"og:description\" content=\"Ingersoll Rand R3130 IQV20\u2122 akkuk\u00e4ytt\u00f6inen r\u00e4ikk\u00e4v\u00e4\u00e4\u00e4nnin on kompakti ja tehokas ty\u00f6kalu ammattik\u00e4ytt\u00f6\u00f6n ahtaissa ty\u00f6skentelytiloissa.  73 Nm irrotusmomentti, slim-line-rakenne ja portaaton nopeudens\u00e4\u00e4t\u00f6 takaavat tarkan ja hallitun ty\u00f6skentelyn ilman letkuja ja kompressoria.  Suunniteltu korjaamoihin ja teollisuuteen, joissa saavutettavuus, tarkkuus ja kest\u00e4vyys ovat ratkaisevia.\" \/>\n<meta property=\"og:url\" content=\"https:\/\/protech.nu\/fi\/produkt\/ingersoll-rand-r3130-akkukayttoinen-raikkavaannin\/\" \/>\n<meta property=\"og:site_name\" content=\"ProTech\" \/>\n<meta property=\"article:publisher\" content=\"https:\/\/www.facebook.com\/Protech.nu\/\" \/>\n<meta property=\"article:modified_time\" content=\"2026-01-03T14:44:32+00:00\" \/>\n<meta property=\"og:image\" content=\"https:\/\/protech.nu\/wp-content\/uploads\/2025\/08\/ingersoll-rand-r3150-akuga-nurkmutrikeeraja-12.jpg\" \/>\n\t<meta property=\"og:image:width\" content=\"800\" \/>\n\t<meta property=\"og:image:height\" content=\"800\" \/>\n\t<meta property=\"og:image:type\" content=\"image\/jpeg\" \/>\n<meta name=\"twitter:card\" content=\"summary_large_image\" \/>\n<meta name=\"twitter:label1\" content=\"Arvioitu lukuaika\" \/>\n\t<meta name=\"twitter:data1\" content=\"2 minuuttia\" \/>\n<script type=\"application\/ld+json\" class=\"yoast-schema-graph\">{\"@context\":\"https:\\\/\\\/schema.org\",\"@graph\":[{\"@type\":\"WebPage\",\"@id\":\"https:\\\/\\\/protech.nu\\\/fi\\\/produkt\\\/ingersoll-rand-r3130-akkukayttoinen-raikkavaannin\\\/\",\"url\":\"https:\\\/\\\/protech.nu\\\/fi\\\/produkt\\\/ingersoll-rand-r3130-akkukayttoinen-raikkavaannin\\\/\",\"name\":\"Ingersoll Rand R3130 \u2013 3\\\/8\u2033, 73 Nm IQV20\u2122 akkuk\u00e4ytt\u00f6inen r\u00e4ikk\u00e4\u00e4v\u00e4\u00e4nnin (vain ty\u00f6kalu) - ProTech\",\"isPartOf\":{\"@id\":\"https:\\\/\\\/protech.nu\\\/fi\\\/#website\"},\"primaryImageOfPage\":{\"@id\":\"https:\\\/\\\/protech.nu\\\/fi\\\/produkt\\\/ingersoll-rand-r3130-akkukayttoinen-raikkavaannin\\\/#primaryimage\"},\"image\":{\"@id\":\"https:\\\/\\\/protech.nu\\\/fi\\\/produkt\\\/ingersoll-rand-r3130-akkukayttoinen-raikkavaannin\\\/#primaryimage\"},\"thumbnailUrl\":\"https:\\\/\\\/protech.nu\\\/wp-content\\\/uploads\\\/2025\\\/08\\\/ingersoll-rand-r3150-akuga-nurkmutrikeeraja-12.jpg\",\"datePublished\":\"2025-08-27T10:58:39+00:00\",\"dateModified\":\"2026-01-03T14:44:32+00:00\",\"breadcrumb\":{\"@id\":\"https:\\\/\\\/protech.nu\\\/fi\\\/produkt\\\/ingersoll-rand-r3130-akkukayttoinen-raikkavaannin\\\/#breadcrumb\"},\"inLanguage\":\"fi\",\"potentialAction\":[{\"@type\":\"ReadAction\",\"target\":[\"https:\\\/\\\/protech.nu\\\/fi\\\/produkt\\\/ingersoll-rand-r3130-akkukayttoinen-raikkavaannin\\\/\"]}]},{\"@type\":\"ImageObject\",\"inLanguage\":\"fi\",\"@id\":\"https:\\\/\\\/protech.nu\\\/fi\\\/produkt\\\/ingersoll-rand-r3130-akkukayttoinen-raikkavaannin\\\/#primaryimage\",\"url\":\"https:\\\/\\\/protech.nu\\\/wp-content\\\/uploads\\\/2025\\\/08\\\/ingersoll-rand-r3150-akuga-nurkmutrikeeraja-12.jpg\",\"contentUrl\":\"https:\\\/\\\/protech.nu\\\/wp-content\\\/uploads\\\/2025\\\/08\\\/ingersoll-rand-r3150-akuga-nurkmutrikeeraja-12.jpg\",\"width\":800,\"height\":800,\"caption\":\"Ingersoll Rand R3150 \u2013 IQV20\u2122 1\\\/2\u2033 akkuk\u00e4ytt\u00f6inen r\u00e4ikk\u00e4\u00e4v\u00e4\u00e4nnin ammattik\u00e4ytt\u00f6\u00f6n.\"},{\"@type\":\"BreadcrumbList\",\"@id\":\"https:\\\/\\\/protech.nu\\\/fi\\\/produkt\\\/ingersoll-rand-r3130-akkukayttoinen-raikkavaannin\\\/#breadcrumb\",\"itemListElement\":[{\"@type\":\"ListItem\",\"position\":1,\"name\":\"Etusivu\",\"item\":\"https:\\\/\\\/protech.nu\\\/fi\\\/\"},{\"@type\":\"ListItem\",\"position\":2,\"name\":\"Tooted\",\"item\":\"https:\\\/\\\/protech.nu\\\/products\\\/\"},{\"@type\":\"ListItem\",\"position\":3,\"name\":\"Ingersoll Rand R3130 \u2013 3\\\/8\u2033, 73 Nm IQV20\u2122 akkuk\u00e4ytt\u00f6inen r\u00e4ikk\u00e4\u00e4v\u00e4\u00e4nnin (vain ty\u00f6kalu)\"}]},{\"@type\":\"WebSite\",\"@id\":\"https:\\\/\\\/protech.nu\\\/fi\\\/#website\",\"url\":\"https:\\\/\\\/protech.nu\\\/fi\\\/\",\"name\":\"PROTECH\",\"description\":\"\",\"publisher\":{\"@id\":\"https:\\\/\\\/protech.nu\\\/fi\\\/#organization\"},\"potentialAction\":[{\"@type\":\"SearchAction\",\"target\":{\"@type\":\"EntryPoint\",\"urlTemplate\":\"https:\\\/\\\/protech.nu\\\/fi\\\/?s={search_term_string}\"},\"query-input\":{\"@type\":\"PropertyValueSpecification\",\"valueRequired\":true,\"valueName\":\"search_term_string\"}}],\"inLanguage\":\"fi\"},{\"@type\":\"Organization\",\"@id\":\"https:\\\/\\\/protech.nu\\\/fi\\\/#organization\",\"name\":\"MYPOWERTOOLSBOX\",\"alternateName\":\"ProTech\",\"url\":\"https:\\\/\\\/protech.nu\\\/fi\\\/\",\"logo\":{\"@type\":\"ImageObject\",\"inLanguage\":\"fi\",\"@id\":\"https:\\\/\\\/protech.nu\\\/fi\\\/#\\\/schema\\\/logo\\\/image\\\/\",\"url\":\"https:\\\/\\\/2026.protech.nu\\\/wp-content\\\/uploads\\\/2026\\\/02\\\/ProTech.png\",\"contentUrl\":\"https:\\\/\\\/2026.protech.nu\\\/wp-content\\\/uploads\\\/2026\\\/02\\\/ProTech.png\",\"width\":1024,\"height\":1024,\"caption\":\"MYPOWERTOOLSBOX\"},\"image\":{\"@id\":\"https:\\\/\\\/protech.nu\\\/fi\\\/#\\\/schema\\\/logo\\\/image\\\/\"},\"sameAs\":[\"https:\\\/\\\/www.facebook.com\\\/Protech.nu\\\/\",\"https:\\\/\\\/www.instagram.com\\\/protech_sweden\\\/\",\"https:\\\/\\\/www.linkedin.com\\\/company\\\/protech-professional-technologies-sweden-ab\\\/\",\"https:\\\/\\\/www.youtube.com\\\/@Protech_nu\"]}]}<\/script>\n<!-- \/ Yoast SEO plugin. -->","yoast_head_json":{"title":"Ingersoll Rand R3130 \u2013 3\/8\u2033, 73 Nm IQV20\u2122 akkuk\u00e4ytt\u00f6inen r\u00e4ikk\u00e4\u00e4v\u00e4\u00e4nnin (vain ty\u00f6kalu) - ProTech","robots":{"index":"index","follow":"follow","max-snippet":"max-snippet:-1","max-image-preview":"max-image-preview:large","max-video-preview":"max-video-preview:-1"},"canonical":"https:\/\/protech.nu\/fi\/produkt\/ingersoll-rand-r3130-akkukayttoinen-raikkavaannin\/","og_locale":"fi_FI","og_type":"article","og_title":"Ingersoll Rand R3130 \u2013 3\/8\u2033, 73 Nm IQV20\u2122 akkuk\u00e4ytt\u00f6inen r\u00e4ikk\u00e4\u00e4v\u00e4\u00e4nnin (vain ty\u00f6kalu) - ProTech","og_description":"Ingersoll Rand R3130 IQV20\u2122 akkuk\u00e4ytt\u00f6inen r\u00e4ikk\u00e4v\u00e4\u00e4\u00e4nnin on kompakti ja tehokas ty\u00f6kalu ammattik\u00e4ytt\u00f6\u00f6n ahtaissa ty\u00f6skentelytiloissa.  73 Nm irrotusmomentti, slim-line-rakenne ja portaaton nopeudens\u00e4\u00e4t\u00f6 takaavat tarkan ja hallitun ty\u00f6skentelyn ilman letkuja ja kompressoria.  Suunniteltu korjaamoihin ja teollisuuteen, joissa saavutettavuus, tarkkuus ja kest\u00e4vyys ovat ratkaisevia.","og_url":"https:\/\/protech.nu\/fi\/produkt\/ingersoll-rand-r3130-akkukayttoinen-raikkavaannin\/","og_site_name":"ProTech","article_publisher":"https:\/\/www.facebook.com\/Protech.nu\/","article_modified_time":"2026-01-03T14:44:32+00:00","og_image":[{"width":800,"height":800,"url":"https:\/\/protech.nu\/wp-content\/uploads\/2025\/08\/ingersoll-rand-r3150-akuga-nurkmutrikeeraja-12.jpg","type":"image\/jpeg"}],"twitter_card":"summary_large_image","twitter_misc":{"Arvioitu lukuaika":"2 minuuttia"},"schema":{"@context":"https:\/\/schema.org","@graph":[{"@type":"WebPage","@id":"https:\/\/protech.nu\/fi\/produkt\/ingersoll-rand-r3130-akkukayttoinen-raikkavaannin\/","url":"https:\/\/protech.nu\/fi\/produkt\/ingersoll-rand-r3130-akkukayttoinen-raikkavaannin\/","name":"Ingersoll Rand R3130 \u2013 3\/8\u2033, 73 Nm IQV20\u2122 akkuk\u00e4ytt\u00f6inen r\u00e4ikk\u00e4\u00e4v\u00e4\u00e4nnin (vain ty\u00f6kalu) - ProTech","isPartOf":{"@id":"https:\/\/protech.nu\/fi\/#website"},"primaryImageOfPage":{"@id":"https:\/\/protech.nu\/fi\/produkt\/ingersoll-rand-r3130-akkukayttoinen-raikkavaannin\/#primaryimage"},"image":{"@id":"https:\/\/protech.nu\/fi\/produkt\/ingersoll-rand-r3130-akkukayttoinen-raikkavaannin\/#primaryimage"},"thumbnailUrl":"https:\/\/protech.nu\/wp-content\/uploads\/2025\/08\/ingersoll-rand-r3150-akuga-nurkmutrikeeraja-12.jpg","datePublished":"2025-08-27T10:58:39+00:00","dateModified":"2026-01-03T14:44:32+00:00","breadcrumb":{"@id":"https:\/\/protech.nu\/fi\/produkt\/ingersoll-rand-r3130-akkukayttoinen-raikkavaannin\/#breadcrumb"},"inLanguage":"fi","potentialAction":[{"@type":"ReadAction","target":["https:\/\/protech.nu\/fi\/produkt\/ingersoll-rand-r3130-akkukayttoinen-raikkavaannin\/"]}]},{"@type":"ImageObject","inLanguage":"fi","@id":"https:\/\/protech.nu\/fi\/produkt\/ingersoll-rand-r3130-akkukayttoinen-raikkavaannin\/#primaryimage","url":"https:\/\/protech.nu\/wp-content\/uploads\/2025\/08\/ingersoll-rand-r3150-akuga-nurkmutrikeeraja-12.jpg","contentUrl":"https:\/\/protech.nu\/wp-content\/uploads\/2025\/08\/ingersoll-rand-r3150-akuga-nurkmutrikeeraja-12.jpg","width":800,"height":800,"caption":"Ingersoll Rand R3150 \u2013 IQV20\u2122 1\/2\u2033 akkuk\u00e4ytt\u00f6inen r\u00e4ikk\u00e4\u00e4v\u00e4\u00e4nnin ammattik\u00e4ytt\u00f6\u00f6n."},{"@type":"BreadcrumbList","@id":"https:\/\/protech.nu\/fi\/produkt\/ingersoll-rand-r3130-akkukayttoinen-raikkavaannin\/#breadcrumb","itemListElement":[{"@type":"ListItem","position":1,"name":"Etusivu","item":"https:\/\/protech.nu\/fi\/"},{"@type":"ListItem","position":2,"name":"Tooted","item":"https:\/\/protech.nu\/products\/"},{"@type":"ListItem","position":3,"name":"Ingersoll Rand R3130 \u2013 3\/8\u2033, 73 Nm IQV20\u2122 akkuk\u00e4ytt\u00f6inen r\u00e4ikk\u00e4\u00e4v\u00e4\u00e4nnin (vain ty\u00f6kalu)"}]},{"@type":"WebSite","@id":"https:\/\/protech.nu\/fi\/#website","url":"https:\/\/protech.nu\/fi\/","name":"PROTECH","description":"","publisher":{"@id":"https:\/\/protech.nu\/fi\/#organization"},"potentialAction":[{"@type":"SearchAction","target":{"@type":"EntryPoint","urlTemplate":"https:\/\/protech.nu\/fi\/?s={search_term_string}"},"query-input":{"@type":"PropertyValueSpecification","valueRequired":true,"valueName":"search_term_string"}}],"inLanguage":"fi"},{"@type":"Organization","@id":"https:\/\/protech.nu\/fi\/#organization","name":"MYPOWERTOOLSBOX","alternateName":"ProTech","url":"https:\/\/protech.nu\/fi\/","logo":{"@type":"ImageObject","inLanguage":"fi","@id":"https:\/\/protech.nu\/fi\/#\/schema\/logo\/image\/","url":"https:\/\/2026.protech.nu\/wp-content\/uploads\/2026\/02\/ProTech.png","contentUrl":"https:\/\/2026.protech.nu\/wp-content\/uploads\/2026\/02\/ProTech.png","width":1024,"height":1024,"caption":"MYPOWERTOOLSBOX"},"image":{"@id":"https:\/\/protech.nu\/fi\/#\/schema\/logo\/image\/"},"sameAs":["https:\/\/www.facebook.com\/Protech.nu\/","https:\/\/www.instagram.com\/protech_sweden\/","https:\/\/www.linkedin.com\/company\/protech-professional-technologies-sweden-ab\/","https:\/\/www.youtube.com\/@Protech_nu"]}]}},"_links":{"self":[{"href":"https:\/\/protech.nu\/fi\/wp-json\/wp\/v2\/product\/5755","targetHints":{"allow":["GET"]}}],"collection":[{"href":"https:\/\/protech.nu\/fi\/wp-json\/wp\/v2\/product"}],"about":[{"href":"https:\/\/protech.nu\/fi\/wp-json\/wp\/v2\/types\/product"}],"replies":[{"embeddable":true,"href":"https:\/\/protech.nu\/fi\/wp-json\/wp\/v2\/comments?post=5755"}],"wp:featuredmedia":[{"embeddable":true,"href":"https:\/\/protech.nu\/fi\/wp-json\/wp\/v2\/media\/5754"}],"wp:attachment":[{"href":"https:\/\/protech.nu\/fi\/wp-json\/wp\/v2\/media?parent=5755"}],"wp:term":[{"taxonomy":"product_brand","embeddable":true,"href":"https:\/\/protech.nu\/fi\/wp-json\/wp\/v2\/product_brand?post=5755"},{"taxonomy":"product_cat","embeddable":true,"href":"https:\/\/protech.nu\/fi\/wp-json\/wp\/v2\/product_cat?post=5755"},{"taxonomy":"product_tag","embeddable":true,"href":"https:\/\/protech.nu\/fi\/wp-json\/wp\/v2\/product_tag?post=5755"}],"curies":[{"name":"wp","href":"https:\/\/api.w.org\/{rel}","templated":true}]}}