{"id":6390,"date":"2026-01-15T15:44:34","date_gmt":"2026-01-15T14:44:34","guid":{"rendered":"https:\/\/protech.nu\/apie-mus\/"},"modified":"2026-01-15T19:45:14","modified_gmt":"2026-01-15T19:45:14","slug":"apie-mus","status":"publish","type":"page","link":"https:\/\/protech.nu\/lt\/apie-mus\/","title":{"rendered":"Apie mus"},"content":{"rendered":"<section class=\"protech-about\" style=\"max-width: 900px; margin: 0 auto;\">\n<p><!-- LOGO --><\/p>\n<div class=\"protech-about-logo\" style=\"text-align: center; margin: 10px 0 30px 0;\">\n  <img fetchpriority=\"high\" decoding=\"async\" class=\"size-full wp-image-6130 alignleft\"\n       src=\"https:\/\/protech.nu\/wp-content\/uploads\/2026\/01\/cropped-3039344f-dba9-4168-b8d7-ff9fa42b7fe1.jpeg\"\n       alt=\"Professional Technologies Sweden AB (ProTech) logotipas\"\n       width=\"493\"\n       height=\"250\" srcset=\"https:\/\/protech.nu\/wp-content\/uploads\/2026\/01\/cropped-3039344f-dba9-4168-b8d7-ff9fa42b7fe1.jpeg 493w, https:\/\/protech.nu\/wp-content\/uploads\/2026\/01\/cropped-3039344f-dba9-4168-b8d7-ff9fa42b7fe1-300x152.jpeg 300w, https:\/\/protech.nu\/wp-content\/uploads\/2026\/01\/cropped-3039344f-dba9-4168-b8d7-ff9fa42b7fe1-18x9.jpeg 18w\" sizes=\"(max-width: 493px) 100vw, 493px\" \/>\n<\/div>\n<p><!-- INTRO --><\/p>\n<p>\n  <strong>Professional Technologies Sweden AB (ProTech)<\/strong> yra \u0160vedijos pramonini\u0173 \u012franki\u0173 ir paslaug\u0173 \u012fmon\u0117, orientuota \u012f auk\u0161tos kokyb\u0117s sprendimus gamybos, technin\u0117s prie\u017ei\u016bros ir pramon\u0117s \u012fmon\u0117ms.<br \/>\n  M\u016bs\u0173 pagrindin\u0117 b\u016bstin\u0117 \u012fsik\u016brusi \u0160vedijos vakarin\u0117je pakrant\u0117je, <strong>Stenungsunde<\/strong>, ma\u017edaug keliasde\u0161imt kilometr\u0173 \u012f \u0161iaur\u0119 nuo Geteborgo, o klientus aptarnaujame visoje \u0160vedijoje.\n<\/p>\n<p>\n  ProTech stipryb\u0117 \u2013 gilios technin\u0117s \u017einios, ilgamet\u0117 patirtis ir glaudus bendradarbiavimas su pirmaujan\u010diais pramon\u0117s preki\u0173 \u017eenklais.\n<\/p>\n<hr style=\"margin: 28px 0;\" \/>\n<p><!-- HISTORY --><\/p>\n<h3>M\u016bs\u0173 istorija ir pl\u0117tra<\/h3>\n<ul style=\"margin-top: 12px;\">\n<li><strong>2006<\/strong> \u2013 ProTech prad\u0117jo veikl\u0105, kai Ingersoll Rand papra\u0161\u0117 perimti pneumatini\u0173 starteri\u0173 pardavim\u0105 ir technin\u0119 prie\u017ei\u016br\u0105 Volvo Penta taikymams. Tuo pa\u010diu laikotarpiu buvo prad\u0117ta Ingersoll Rand oro varikli\u0173 prekyba bei \u012fgyvendintos kokyb\u0117s ir aplinkosaugos vadybos sistem\u0173 sertifikacijos.<\/li>\n<li><strong>2008<\/strong> \u2013 Persik\u0117limas \u012f labiau pritaikytas patalpas Munker\u00f6d rajone Stenungsunde ir prieiga prie viso Ingersoll Rand produkt\u0173 portfelio.<\/li>\n<li><strong>2010<\/strong> \u2013 Technin\u0117s prie\u017ei\u016bros veiklos pl\u0117tra, papildom\u0173 specialist\u0173 \u012fdarbinimas ir investicijos \u012f sukimo momento \u012franki\u0173 kalibravimo \u012frang\u0105. Prad\u0117ta Stahlwille ir Simson produkt\u0173 distribucija.<\/li>\n<li><strong>2011<\/strong> \u2013 Papildomas personalo didinimas ir dirbtuvi\u0173 atidarymas Sk\u00f6vde.<\/li>\n<li><strong>2012<\/strong> \u2013 Produkt\u0173 asortimento pl\u0117tra ir platinimo bei bendradarbiavimo sutar\u010di\u0173 sudarymas su keliais pramon\u0117s partneriais.<\/li>\n<li><strong>2013<\/strong> \u2013 Papildomos veiklos \u012fsigijimas Sk\u00f6vde, suteik\u0119s naujas patalpas ir i\u0161pl\u0117st\u0105 kompetencij\u0105.<\/li>\n<li><strong>2015<\/strong> \u2013 Strateginis sprendimas sutelkti d\u0117mes\u012f \u012f pagrindines kompetencijas; hidraulikos veikla buvo parduota.<\/li>\n<li><strong>2016<\/strong> \u2013 Sk\u00f6vde veikla buvo parduota \u012fmonei Svets och Materialteknik i Skaraborg AB. Veikla ir investicijos sutelktos Stenungsunde.<\/li>\n<li><strong>2018<\/strong> \u2013 Sudaryta nacionalinio masto bendradarbiavimo sutartis su RECNorm \u2013 svarbiu pramon\u0117s vartojimo ir tvirtinimo med\u017eiag\u0173 tiek\u0117ju.<\/li>\n<\/ul>\n<hr style=\"margin: 28px 0;\" \/>\n<p><!-- NEW ERA --><\/p>\n<h3>Naujas etapas nuo 2026 met\u0173<\/h3>\n<p>\n  <strong>2026 m. sausio 1 d.<\/strong> <strong>Andrus Paabusk<\/strong> prisijung\u0117 prie ProTech kaip bendrasavininkis, atne\u0161damas daugiau nei <strong>20 met\u0173 patirt\u012f<\/strong> Ingersoll Rand produkt\u0173, technini\u0173 sprendim\u0173 ir tarptautini\u0173 pardavim\u0173 srityje.\n<\/p>\n<p>\u0160is \u017eingsnis sustiprina ProTech pozicijas ypa\u010d \u0161iose srityse:<\/p>\n<ul>\n<li>technin\u0117 kompetencija pramonini\u0173 \u012franki\u0173 srityje,<\/li>\n<li>konsultavimas sud\u0117tinguose klient\u0173 taikymuose,<\/li>\n<li>kokyb\u0117s, atsekamumo ir procesais gr\u012fsti sprendimai.<\/li>\n<\/ul>\n<p>\n  M\u016bs\u0173 tikslas \u2013 sukurti tvirt\u0105 pagrind\u0105 tolesniam ProTech augimui ir ilgalaik\u0117ms partneryst\u0117ms su pramon\u0117s klientais \u0160vedijoje ir kaimyniniuose regionuose.\n<\/p>\n<hr style=\"margin: 28px 0;\" \/>\n<p><!-- TODAY --><\/p>\n<h3>M\u016bs\u0173 d\u0117mesys \u0161iandien<\/h3>\n<p>\u0160iandien ProTech orientuojasi \u012f:<\/p>\n<ul>\n<li>pramonini\u0173 \u012franki\u0173 pardavim\u0105 ir technin\u0119 prie\u017ei\u016br\u0105,<\/li>\n<li>kalibravimo ir kokyb\u0117s paslaugas,<\/li>\n<li>ilgalaik\u012f bendradarbiavim\u0105 su profesionaliais klientais.<\/li>\n<\/ul>\n<p>\n  M\u016bs\u0173 tikslas \u2013 b\u016bti <strong>patikimu ir techni\u0161kai kompetentingu partneriu<\/strong>, padedan\u010diu klientams gerinti veiklos patikimum\u0105, kokyb\u0119 ir efektyvum\u0105.\n<\/p>\n<\/section>\n\n<figure class=\"wp-block-image size-full is-resized\"><img decoding=\"async\" width=\"125\" height=\"60\" src=\"https:\/\/protech.nu\/wp-content\/uploads\/2026\/01\/Picture1.jpg\" alt=\"\" class=\"wp-image-6113\" style=\"aspect-ratio:2.083482676224612;width:275px;height:auto\" srcset=\"https:\/\/protech.nu\/wp-content\/uploads\/2026\/01\/Picture1.jpg 125w, https:\/\/protech.nu\/wp-content\/uploads\/2026\/01\/Picture1-18x9.jpg 18w\" sizes=\"(max-width: 125px) 100vw, 125px\" \/><\/figure>\n\n<p><\/p>\n","protected":false},"excerpt":{"rendered":"<p>Professional Technologies Sweden AB (ProTech) yra \u0160vedijos pramonini\u0173 \u012franki\u0173 ir paslaug\u0173 \u012fmon\u0117, orientuota \u012f auk\u0161tos kokyb\u0117s sprendimus gamybos, technin\u0117s prie\u017ei\u016bros ir pramon\u0117s \u012fmon\u0117ms. M\u016bs\u0173 pagrindin\u0117 b\u016bstin\u0117 \u012fsik\u016brusi \u0160vedijos vakarin\u0117je pakrant\u0117je, Stenungsunde, ma\u017edaug keliasde\u0161imt kilometr\u0173 \u012f \u0161iaur\u0119 nuo Geteborgo, o klientus aptarnaujame visoje \u0160vedijoje. ProTech stipryb\u0117 \u2013 gilios technin\u0117s \u017einios, ilgamet\u0117 patirtis ir glaudus bendradarbiavimas su [&hellip;]<\/p>\n","protected":false},"author":1,"featured_media":0,"parent":0,"menu_order":0,"comment_status":"closed","ping_status":"closed","template":"","meta":{"_acf_changed":false,"_monsterinsights_skip_tracking":false,"_monsterinsights_sitenote_active":false,"_monsterinsights_sitenote_note":"","_monsterinsights_sitenote_category":0,"_themeisle_gutenberg_block_has_review":false,"footnotes":""},"class_list":["post-6390","page","type-page","status-publish","hentry"],"acf":[],"yoast_head":"<!-- This site is optimized with the Yoast SEO plugin v27.4 - https:\/\/yoast.com\/product\/yoast-seo-wordpress\/ -->\n<title>Apie mus \u2013 Professional Technologies Sweden AB | ProTech<\/title>\n<meta name=\"description\" content=\"Professional Technologies Sweden AB (ProTech) yra \u0160vedijos pramonini\u0173 \u012franki\u0173 ir paslaug\u0173 \u012fmon\u0117, teikianti pardavimo, aptarnavimo ir kalibravimo sprendimus profesionaliems klientams.\" \/>\n<meta name=\"robots\" content=\"index, follow, max-snippet:-1, max-image-preview:large, max-video-preview:-1\" \/>\n<link rel=\"canonical\" href=\"https:\/\/protech.nu\/lt\/apie-mus\/\" \/>\n<meta property=\"og:locale\" content=\"lt_LT\" \/>\n<meta property=\"og:type\" content=\"article\" \/>\n<meta property=\"og:title\" content=\"Apie mus \u2013 Professional Technologies Sweden AB | ProTech\" \/>\n<meta property=\"og:description\" content=\"Professional Technologies Sweden AB (ProTech) yra \u0160vedijos pramonini\u0173 \u012franki\u0173 ir paslaug\u0173 \u012fmon\u0117, teikianti pardavimo, aptarnavimo ir kalibravimo sprendimus profesionaliems klientams.\" \/>\n<meta property=\"og:url\" content=\"https:\/\/protech.nu\/lt\/apie-mus\/\" \/>\n<meta property=\"og:site_name\" content=\"ProTech\" \/>\n<meta property=\"article:publisher\" content=\"https:\/\/www.facebook.com\/Protech.nu\/\" \/>\n<meta property=\"article:modified_time\" content=\"2026-01-15T19:45:14+00:00\" \/>\n<meta property=\"og:image\" content=\"https:\/\/2026.protech.nu\/wp-content\/uploads\/2026\/01\/cropped-3039344f-dba9-4168-b8d7-ff9fa42b7fe1.jpeg\" \/>\n<meta name=\"twitter:card\" content=\"summary_large_image\" \/>\n<meta name=\"twitter:label1\" content=\"Est. reading time\" \/>\n\t<meta name=\"twitter:data1\" content=\"2 minut\u0117s\" \/>\n<script type=\"application\/ld+json\" class=\"yoast-schema-graph\">{\"@context\":\"https:\\\/\\\/schema.org\",\"@graph\":[{\"@type\":[\"WebPage\",\"AboutPage\"],\"@id\":\"https:\\\/\\\/protech.nu\\\/lt\\\/apie-mus\\\/\",\"url\":\"https:\\\/\\\/protech.nu\\\/lt\\\/apie-mus\\\/\",\"name\":\"Apie mus \u2013 Professional Technologies Sweden AB | ProTech\",\"isPartOf\":{\"@id\":\"https:\\\/\\\/protech.nu\\\/lt\\\/#website\"},\"primaryImageOfPage\":{\"@id\":\"https:\\\/\\\/protech.nu\\\/lt\\\/apie-mus\\\/#primaryimage\"},\"image\":{\"@id\":\"https:\\\/\\\/protech.nu\\\/lt\\\/apie-mus\\\/#primaryimage\"},\"thumbnailUrl\":\"https:\\\/\\\/2026.protech.nu\\\/wp-content\\\/uploads\\\/2026\\\/01\\\/cropped-3039344f-dba9-4168-b8d7-ff9fa42b7fe1.jpeg\",\"datePublished\":\"2026-01-15T14:44:34+00:00\",\"dateModified\":\"2026-01-15T19:45:14+00:00\",\"description\":\"Professional Technologies Sweden AB (ProTech) yra \u0160vedijos pramonini\u0173 \u012franki\u0173 ir paslaug\u0173 \u012fmon\u0117, teikianti pardavimo, aptarnavimo ir kalibravimo sprendimus profesionaliems klientams.\",\"breadcrumb\":{\"@id\":\"https:\\\/\\\/protech.nu\\\/lt\\\/apie-mus\\\/#breadcrumb\"},\"inLanguage\":\"lt-LT\",\"potentialAction\":[{\"@type\":\"ReadAction\",\"target\":[\"https:\\\/\\\/protech.nu\\\/lt\\\/apie-mus\\\/\"]}]},{\"@type\":\"ImageObject\",\"inLanguage\":\"lt-LT\",\"@id\":\"https:\\\/\\\/protech.nu\\\/lt\\\/apie-mus\\\/#primaryimage\",\"url\":\"https:\\\/\\\/2026.protech.nu\\\/wp-content\\\/uploads\\\/2026\\\/01\\\/cropped-3039344f-dba9-4168-b8d7-ff9fa42b7fe1.jpeg\",\"contentUrl\":\"https:\\\/\\\/2026.protech.nu\\\/wp-content\\\/uploads\\\/2026\\\/01\\\/cropped-3039344f-dba9-4168-b8d7-ff9fa42b7fe1.jpeg\"},{\"@type\":\"BreadcrumbList\",\"@id\":\"https:\\\/\\\/protech.nu\\\/lt\\\/apie-mus\\\/#breadcrumb\",\"itemListElement\":[{\"@type\":\"ListItem\",\"position\":1,\"name\":\"WooCommerce Skydelis\",\"item\":\"https:\\\/\\\/protech.nu\\\/lt\\\/\"},{\"@type\":\"ListItem\",\"position\":2,\"name\":\"Apie mus\"}]},{\"@type\":\"WebSite\",\"@id\":\"https:\\\/\\\/protech.nu\\\/lt\\\/#website\",\"url\":\"https:\\\/\\\/protech.nu\\\/lt\\\/\",\"name\":\"PROTECH\",\"description\":\"\",\"publisher\":{\"@id\":\"https:\\\/\\\/protech.nu\\\/lt\\\/#organization\"},\"potentialAction\":[{\"@type\":\"SearchAction\",\"target\":{\"@type\":\"EntryPoint\",\"urlTemplate\":\"https:\\\/\\\/protech.nu\\\/lt\\\/?s={search_term_string}\"},\"query-input\":{\"@type\":\"PropertyValueSpecification\",\"valueRequired\":true,\"valueName\":\"search_term_string\"}}],\"inLanguage\":\"lt-LT\"},{\"@type\":\"Organization\",\"@id\":\"https:\\\/\\\/protech.nu\\\/lt\\\/#organization\",\"name\":\"MYPOWERTOOLSBOX\",\"alternateName\":\"ProTech\",\"url\":\"https:\\\/\\\/protech.nu\\\/lt\\\/\",\"logo\":{\"@type\":\"ImageObject\",\"inLanguage\":\"lt-LT\",\"@id\":\"https:\\\/\\\/protech.nu\\\/lt\\\/#\\\/schema\\\/logo\\\/image\\\/\",\"url\":\"https:\\\/\\\/2026.protech.nu\\\/wp-content\\\/uploads\\\/2026\\\/02\\\/ProTech.png\",\"contentUrl\":\"https:\\\/\\\/2026.protech.nu\\\/wp-content\\\/uploads\\\/2026\\\/02\\\/ProTech.png\",\"width\":1024,\"height\":1024,\"caption\":\"MYPOWERTOOLSBOX\"},\"image\":{\"@id\":\"https:\\\/\\\/protech.nu\\\/lt\\\/#\\\/schema\\\/logo\\\/image\\\/\"},\"sameAs\":[\"https:\\\/\\\/www.facebook.com\\\/Protech.nu\\\/\",\"https:\\\/\\\/www.instagram.com\\\/protech_sweden\\\/\",\"https:\\\/\\\/www.linkedin.com\\\/company\\\/protech-professional-technologies-sweden-ab\\\/\",\"https:\\\/\\\/www.youtube.com\\\/@Protech_nu\"]}]}<\/script>\n<!-- \/ Yoast SEO plugin. -->","yoast_head_json":{"title":"Apie mus \u2013 Professional Technologies Sweden AB | ProTech","description":"Professional Technologies Sweden AB (ProTech) yra \u0160vedijos pramonini\u0173 \u012franki\u0173 ir paslaug\u0173 \u012fmon\u0117, teikianti pardavimo, aptarnavimo ir kalibravimo sprendimus profesionaliems klientams.","robots":{"index":"index","follow":"follow","max-snippet":"max-snippet:-1","max-image-preview":"max-image-preview:large","max-video-preview":"max-video-preview:-1"},"canonical":"https:\/\/protech.nu\/lt\/apie-mus\/","og_locale":"lt_LT","og_type":"article","og_title":"Apie mus \u2013 Professional Technologies Sweden AB | ProTech","og_description":"Professional Technologies Sweden AB (ProTech) yra \u0160vedijos pramonini\u0173 \u012franki\u0173 ir paslaug\u0173 \u012fmon\u0117, teikianti pardavimo, aptarnavimo ir kalibravimo sprendimus profesionaliems klientams.","og_url":"https:\/\/protech.nu\/lt\/apie-mus\/","og_site_name":"ProTech","article_publisher":"https:\/\/www.facebook.com\/Protech.nu\/","article_modified_time":"2026-01-15T19:45:14+00:00","og_image":[{"url":"https:\/\/2026.protech.nu\/wp-content\/uploads\/2026\/01\/cropped-3039344f-dba9-4168-b8d7-ff9fa42b7fe1.jpeg","type":"","width":"","height":""}],"twitter_card":"summary_large_image","twitter_misc":{"Est. reading time":"2 minut\u0117s"},"schema":{"@context":"https:\/\/schema.org","@graph":[{"@type":["WebPage","AboutPage"],"@id":"https:\/\/protech.nu\/lt\/apie-mus\/","url":"https:\/\/protech.nu\/lt\/apie-mus\/","name":"Apie mus \u2013 Professional Technologies Sweden AB | ProTech","isPartOf":{"@id":"https:\/\/protech.nu\/lt\/#website"},"primaryImageOfPage":{"@id":"https:\/\/protech.nu\/lt\/apie-mus\/#primaryimage"},"image":{"@id":"https:\/\/protech.nu\/lt\/apie-mus\/#primaryimage"},"thumbnailUrl":"https:\/\/2026.protech.nu\/wp-content\/uploads\/2026\/01\/cropped-3039344f-dba9-4168-b8d7-ff9fa42b7fe1.jpeg","datePublished":"2026-01-15T14:44:34+00:00","dateModified":"2026-01-15T19:45:14+00:00","description":"Professional Technologies Sweden AB (ProTech) yra \u0160vedijos pramonini\u0173 \u012franki\u0173 ir paslaug\u0173 \u012fmon\u0117, teikianti pardavimo, aptarnavimo ir kalibravimo sprendimus profesionaliems klientams.","breadcrumb":{"@id":"https:\/\/protech.nu\/lt\/apie-mus\/#breadcrumb"},"inLanguage":"lt-LT","potentialAction":[{"@type":"ReadAction","target":["https:\/\/protech.nu\/lt\/apie-mus\/"]}]},{"@type":"ImageObject","inLanguage":"lt-LT","@id":"https:\/\/protech.nu\/lt\/apie-mus\/#primaryimage","url":"https:\/\/2026.protech.nu\/wp-content\/uploads\/2026\/01\/cropped-3039344f-dba9-4168-b8d7-ff9fa42b7fe1.jpeg","contentUrl":"https:\/\/2026.protech.nu\/wp-content\/uploads\/2026\/01\/cropped-3039344f-dba9-4168-b8d7-ff9fa42b7fe1.jpeg"},{"@type":"BreadcrumbList","@id":"https:\/\/protech.nu\/lt\/apie-mus\/#breadcrumb","itemListElement":[{"@type":"ListItem","position":1,"name":"WooCommerce Skydelis","item":"https:\/\/protech.nu\/lt\/"},{"@type":"ListItem","position":2,"name":"Apie mus"}]},{"@type":"WebSite","@id":"https:\/\/protech.nu\/lt\/#website","url":"https:\/\/protech.nu\/lt\/","name":"PROTECH","description":"","publisher":{"@id":"https:\/\/protech.nu\/lt\/#organization"},"potentialAction":[{"@type":"SearchAction","target":{"@type":"EntryPoint","urlTemplate":"https:\/\/protech.nu\/lt\/?s={search_term_string}"},"query-input":{"@type":"PropertyValueSpecification","valueRequired":true,"valueName":"search_term_string"}}],"inLanguage":"lt-LT"},{"@type":"Organization","@id":"https:\/\/protech.nu\/lt\/#organization","name":"MYPOWERTOOLSBOX","alternateName":"ProTech","url":"https:\/\/protech.nu\/lt\/","logo":{"@type":"ImageObject","inLanguage":"lt-LT","@id":"https:\/\/protech.nu\/lt\/#\/schema\/logo\/image\/","url":"https:\/\/2026.protech.nu\/wp-content\/uploads\/2026\/02\/ProTech.png","contentUrl":"https:\/\/2026.protech.nu\/wp-content\/uploads\/2026\/02\/ProTech.png","width":1024,"height":1024,"caption":"MYPOWERTOOLSBOX"},"image":{"@id":"https:\/\/protech.nu\/lt\/#\/schema\/logo\/image\/"},"sameAs":["https:\/\/www.facebook.com\/Protech.nu\/","https:\/\/www.instagram.com\/protech_sweden\/","https:\/\/www.linkedin.com\/company\/protech-professional-technologies-sweden-ab\/","https:\/\/www.youtube.com\/@Protech_nu"]}]}},"_links":{"self":[{"href":"https:\/\/protech.nu\/lt\/wp-json\/wp\/v2\/pages\/6390","targetHints":{"allow":["GET"]}}],"collection":[{"href":"https:\/\/protech.nu\/lt\/wp-json\/wp\/v2\/pages"}],"about":[{"href":"https:\/\/protech.nu\/lt\/wp-json\/wp\/v2\/types\/page"}],"author":[{"embeddable":true,"href":"https:\/\/protech.nu\/lt\/wp-json\/wp\/v2\/users\/1"}],"replies":[{"embeddable":true,"href":"https:\/\/protech.nu\/lt\/wp-json\/wp\/v2\/comments?post=6390"}],"version-history":[{"count":1,"href":"https:\/\/protech.nu\/lt\/wp-json\/wp\/v2\/pages\/6390\/revisions"}],"predecessor-version":[{"id":6392,"href":"https:\/\/protech.nu\/lt\/wp-json\/wp\/v2\/pages\/6390\/revisions\/6392"}],"wp:attachment":[{"href":"https:\/\/protech.nu\/lt\/wp-json\/wp\/v2\/media?parent=6390"}],"curies":[{"name":"wp","href":"https:\/\/api.w.org\/{rel}","templated":true}]}}