{"id":946,"date":"2025-03-22T22:34:12","date_gmt":"2025-03-22T22:34:12","guid":{"rendered":"https:\/\/protech.nu\/parduotuve\/"},"modified":"2025-10-13T22:54:34","modified_gmt":"2025-10-13T22:54:34","slug":"parduotuve","status":"publish","type":"page","link":"https:\/\/protech.nu\/lt\/parduotuve\/","title":{"rendered":"Parduotuv\u0117"},"content":{"rendered":"","protected":false},"excerpt":{"rendered":"","protected":false},"author":1,"featured_media":0,"parent":0,"menu_order":0,"comment_status":"closed","ping_status":"closed","template":"","meta":{"_acf_changed":false,"_monsterinsights_skip_tracking":false,"_monsterinsights_sitenote_active":false,"_monsterinsights_sitenote_note":"","_monsterinsights_sitenote_category":0,"_themeisle_gutenberg_block_has_review":false,"footnotes":""},"class_list":["post-946","page","type-page","status-publish","hentry"],"acf":[],"yoast_head":"<!-- This site is optimized with the Yoast SEO plugin v27.4 - https:\/\/yoast.com\/product\/yoast-seo-wordpress\/ -->\n<title>Parduotuv\u0117 - ProTech<\/title>\n<meta name=\"description\" content=\"Atraskite m\u016bs\u0173 pramon\u0117s \u0161akoms skirt\u0105 asortiment\u0105: \u201eIngersoll Rand\u201c ver\u017eliarak\u010diai, atsuktuvai, tiksl\u016bs \u012frankiai, varikliai, starteriai ir priedai. Greitas pristatymas ir profesionali pagalba Estijoje, Baltijos \u0161alyse ir Skandinavijoje.\" \/>\n<meta name=\"robots\" content=\"index, follow, max-snippet:-1, max-image-preview:large, max-video-preview:-1\" \/>\n<link rel=\"canonical\" href=\"https:\/\/protech.nu\/lt\/parduotuve\/\" \/>\n<meta property=\"og:locale\" content=\"lt_LT\" \/>\n<meta property=\"og:type\" content=\"article\" \/>\n<meta property=\"og:title\" content=\"Parduotuv\u0117 - ProTech\" \/>\n<meta property=\"og:description\" content=\"Atraskite m\u016bs\u0173 pramon\u0117s \u0161akoms skirt\u0105 asortiment\u0105: \u201eIngersoll Rand\u201c ver\u017eliarak\u010diai, atsuktuvai, tiksl\u016bs \u012frankiai, varikliai, starteriai ir priedai. Greitas pristatymas ir profesionali pagalba Estijoje, Baltijos \u0161alyse ir Skandinavijoje.\" \/>\n<meta property=\"og:url\" content=\"https:\/\/protech.nu\/lt\/parduotuve\/\" \/>\n<meta property=\"og:site_name\" content=\"ProTech\" \/>\n<meta property=\"article:publisher\" content=\"https:\/\/www.facebook.com\/Protech.nu\/\" \/>\n<meta property=\"article:modified_time\" content=\"2025-10-13T22:54:34+00:00\" \/>\n<meta property=\"og:image\" content=\"https:\/\/protech.nu\/wp-content\/uploads\/2026\/02\/ProTech.png\" \/>\n\t<meta property=\"og:image:width\" content=\"1024\" \/>\n\t<meta property=\"og:image:height\" content=\"1024\" \/>\n\t<meta property=\"og:image:type\" content=\"image\/png\" \/>\n<meta name=\"twitter:card\" content=\"summary_large_image\" \/>\n<script type=\"application\/ld+json\" class=\"yoast-schema-graph\">{\"@context\":\"https:\\\/\\\/schema.org\",\"@graph\":[{\"@type\":[\"WebPage\",\"AboutPage\"],\"@id\":\"https:\\\/\\\/protech.nu\\\/lt\\\/parduotuve\\\/\",\"url\":\"https:\\\/\\\/protech.nu\\\/lt\\\/parduotuve\\\/\",\"name\":\"Parduotuv\u0117 - ProTech\",\"isPartOf\":{\"@id\":\"https:\\\/\\\/protech.nu\\\/lt\\\/#website\"},\"datePublished\":\"2025-03-22T22:34:12+00:00\",\"dateModified\":\"2025-10-13T22:54:34+00:00\",\"description\":\"Atraskite m\u016bs\u0173 pramon\u0117s \u0161akoms skirt\u0105 asortiment\u0105: \u201eIngersoll Rand\u201c ver\u017eliarak\u010diai, atsuktuvai, tiksl\u016bs \u012frankiai, varikliai, starteriai ir priedai. Greitas pristatymas ir profesionali pagalba Estijoje, Baltijos \u0161alyse ir Skandinavijoje.\",\"breadcrumb\":{\"@id\":\"https:\\\/\\\/protech.nu\\\/lt\\\/parduotuve\\\/#breadcrumb\"},\"inLanguage\":\"lt-LT\",\"potentialAction\":[{\"@type\":\"ReadAction\",\"target\":[\"https:\\\/\\\/protech.nu\\\/lt\\\/parduotuve\\\/\"]}]},{\"@type\":\"BreadcrumbList\",\"@id\":\"https:\\\/\\\/protech.nu\\\/lt\\\/parduotuve\\\/#breadcrumb\",\"itemListElement\":[{\"@type\":\"ListItem\",\"position\":1,\"name\":\"WooCommerce Skydelis\",\"item\":\"https:\\\/\\\/protech.nu\\\/lt\\\/\"},{\"@type\":\"ListItem\",\"position\":2,\"name\":\"Parduotuv\u0117\"}]},{\"@type\":\"WebSite\",\"@id\":\"https:\\\/\\\/protech.nu\\\/lt\\\/#website\",\"url\":\"https:\\\/\\\/protech.nu\\\/lt\\\/\",\"name\":\"PROTECH\",\"description\":\"\",\"publisher\":{\"@id\":\"https:\\\/\\\/protech.nu\\\/lt\\\/#organization\"},\"potentialAction\":[{\"@type\":\"SearchAction\",\"target\":{\"@type\":\"EntryPoint\",\"urlTemplate\":\"https:\\\/\\\/protech.nu\\\/lt\\\/?s={search_term_string}\"},\"query-input\":{\"@type\":\"PropertyValueSpecification\",\"valueRequired\":true,\"valueName\":\"search_term_string\"}}],\"inLanguage\":\"lt-LT\"},{\"@type\":\"Organization\",\"@id\":\"https:\\\/\\\/protech.nu\\\/lt\\\/#organization\",\"name\":\"MYPOWERTOOLSBOX\",\"alternateName\":\"ProTech\",\"url\":\"https:\\\/\\\/protech.nu\\\/lt\\\/\",\"logo\":{\"@type\":\"ImageObject\",\"inLanguage\":\"lt-LT\",\"@id\":\"https:\\\/\\\/protech.nu\\\/lt\\\/#\\\/schema\\\/logo\\\/image\\\/\",\"url\":\"https:\\\/\\\/2026.protech.nu\\\/wp-content\\\/uploads\\\/2026\\\/02\\\/ProTech.png\",\"contentUrl\":\"https:\\\/\\\/2026.protech.nu\\\/wp-content\\\/uploads\\\/2026\\\/02\\\/ProTech.png\",\"width\":1024,\"height\":1024,\"caption\":\"MYPOWERTOOLSBOX\"},\"image\":{\"@id\":\"https:\\\/\\\/protech.nu\\\/lt\\\/#\\\/schema\\\/logo\\\/image\\\/\"},\"sameAs\":[\"https:\\\/\\\/www.facebook.com\\\/Protech.nu\\\/\",\"https:\\\/\\\/www.instagram.com\\\/protech_sweden\\\/\",\"https:\\\/\\\/www.linkedin.com\\\/company\\\/protech-professional-technologies-sweden-ab\\\/\",\"https:\\\/\\\/www.youtube.com\\\/@Protech_nu\"]}]}<\/script>\n<!-- \/ Yoast SEO plugin. -->","yoast_head_json":{"title":"Parduotuv\u0117 - ProTech","description":"Atraskite m\u016bs\u0173 pramon\u0117s \u0161akoms skirt\u0105 asortiment\u0105: \u201eIngersoll Rand\u201c ver\u017eliarak\u010diai, atsuktuvai, tiksl\u016bs \u012frankiai, varikliai, starteriai ir priedai. Greitas pristatymas ir profesionali pagalba Estijoje, Baltijos \u0161alyse ir Skandinavijoje.","robots":{"index":"index","follow":"follow","max-snippet":"max-snippet:-1","max-image-preview":"max-image-preview:large","max-video-preview":"max-video-preview:-1"},"canonical":"https:\/\/protech.nu\/lt\/parduotuve\/","og_locale":"lt_LT","og_type":"article","og_title":"Parduotuv\u0117 - ProTech","og_description":"Atraskite m\u016bs\u0173 pramon\u0117s \u0161akoms skirt\u0105 asortiment\u0105: \u201eIngersoll Rand\u201c ver\u017eliarak\u010diai, atsuktuvai, tiksl\u016bs \u012frankiai, varikliai, starteriai ir priedai. Greitas pristatymas ir profesionali pagalba Estijoje, Baltijos \u0161alyse ir Skandinavijoje.","og_url":"https:\/\/protech.nu\/lt\/parduotuve\/","og_site_name":"ProTech","article_publisher":"https:\/\/www.facebook.com\/Protech.nu\/","article_modified_time":"2025-10-13T22:54:34+00:00","og_image":[{"width":1024,"height":1024,"url":"https:\/\/protech.nu\/wp-content\/uploads\/2026\/02\/ProTech.png","type":"image\/png"}],"twitter_card":"summary_large_image","schema":{"@context":"https:\/\/schema.org","@graph":[{"@type":["WebPage","AboutPage"],"@id":"https:\/\/protech.nu\/lt\/parduotuve\/","url":"https:\/\/protech.nu\/lt\/parduotuve\/","name":"Parduotuv\u0117 - ProTech","isPartOf":{"@id":"https:\/\/protech.nu\/lt\/#website"},"datePublished":"2025-03-22T22:34:12+00:00","dateModified":"2025-10-13T22:54:34+00:00","description":"Atraskite m\u016bs\u0173 pramon\u0117s \u0161akoms skirt\u0105 asortiment\u0105: \u201eIngersoll Rand\u201c ver\u017eliarak\u010diai, atsuktuvai, tiksl\u016bs \u012frankiai, varikliai, starteriai ir priedai. Greitas pristatymas ir profesionali pagalba Estijoje, Baltijos \u0161alyse ir Skandinavijoje.","breadcrumb":{"@id":"https:\/\/protech.nu\/lt\/parduotuve\/#breadcrumb"},"inLanguage":"lt-LT","potentialAction":[{"@type":"ReadAction","target":["https:\/\/protech.nu\/lt\/parduotuve\/"]}]},{"@type":"BreadcrumbList","@id":"https:\/\/protech.nu\/lt\/parduotuve\/#breadcrumb","itemListElement":[{"@type":"ListItem","position":1,"name":"WooCommerce Skydelis","item":"https:\/\/protech.nu\/lt\/"},{"@type":"ListItem","position":2,"name":"Parduotuv\u0117"}]},{"@type":"WebSite","@id":"https:\/\/protech.nu\/lt\/#website","url":"https:\/\/protech.nu\/lt\/","name":"PROTECH","description":"","publisher":{"@id":"https:\/\/protech.nu\/lt\/#organization"},"potentialAction":[{"@type":"SearchAction","target":{"@type":"EntryPoint","urlTemplate":"https:\/\/protech.nu\/lt\/?s={search_term_string}"},"query-input":{"@type":"PropertyValueSpecification","valueRequired":true,"valueName":"search_term_string"}}],"inLanguage":"lt-LT"},{"@type":"Organization","@id":"https:\/\/protech.nu\/lt\/#organization","name":"MYPOWERTOOLSBOX","alternateName":"ProTech","url":"https:\/\/protech.nu\/lt\/","logo":{"@type":"ImageObject","inLanguage":"lt-LT","@id":"https:\/\/protech.nu\/lt\/#\/schema\/logo\/image\/","url":"https:\/\/2026.protech.nu\/wp-content\/uploads\/2026\/02\/ProTech.png","contentUrl":"https:\/\/2026.protech.nu\/wp-content\/uploads\/2026\/02\/ProTech.png","width":1024,"height":1024,"caption":"MYPOWERTOOLSBOX"},"image":{"@id":"https:\/\/protech.nu\/lt\/#\/schema\/logo\/image\/"},"sameAs":["https:\/\/www.facebook.com\/Protech.nu\/","https:\/\/www.instagram.com\/protech_sweden\/","https:\/\/www.linkedin.com\/company\/protech-professional-technologies-sweden-ab\/","https:\/\/www.youtube.com\/@Protech_nu"]}]}},"_links":{"self":[{"href":"https:\/\/protech.nu\/lt\/wp-json\/wp\/v2\/pages\/946","targetHints":{"allow":["GET"]}}],"collection":[{"href":"https:\/\/protech.nu\/lt\/wp-json\/wp\/v2\/pages"}],"about":[{"href":"https:\/\/protech.nu\/lt\/wp-json\/wp\/v2\/types\/page"}],"author":[{"embeddable":true,"href":"https:\/\/protech.nu\/lt\/wp-json\/wp\/v2\/users\/1"}],"replies":[{"embeddable":true,"href":"https:\/\/protech.nu\/lt\/wp-json\/wp\/v2\/comments?post=946"}],"version-history":[{"count":1,"href":"https:\/\/protech.nu\/lt\/wp-json\/wp\/v2\/pages\/946\/revisions"}],"predecessor-version":[{"id":1247,"href":"https:\/\/protech.nu\/lt\/wp-json\/wp\/v2\/pages\/946\/revisions\/1247"}],"wp:attachment":[{"href":"https:\/\/protech.nu\/lt\/wp-json\/wp\/v2\/media?parent=946"}],"curies":[{"name":"wp","href":"https:\/\/api.w.org\/{rel}","templated":true}]}}