{"id":1187,"date":"2025-08-22T10:20:28","date_gmt":"2025-08-22T10:20:28","guid":{"rendered":"https:\/\/protech.nu\/toode\/atsargines-dalys-ir-technines-prieziuros-rinkiniai\/"},"modified":"2025-08-22T10:20:28","modified_gmt":"2025-08-22T10:20:28","slug":"atsargines-dalys-ir-technines-prieziuros-rinkiniai","status":"publish","type":"product","link":"https:\/\/protech.nu\/lt\/produktas\/atsargines-dalys-ir-technines-prieziuros-rinkiniai\/","title":{"rendered":"Atsargin\u0117s dalys ir technin\u0117s prie\u017ei\u016bros rinkiniai"},"content":{"rendered":"","protected":false},"excerpt":{"rendered":"","protected":false},"featured_media":310,"comment_status":"open","ping_status":"closed","template":"","meta":{"_acf_changed":false,"_monsterinsights_skip_tracking":false,"_monsterinsights_sitenote_active":false,"_monsterinsights_sitenote_note":"","_monsterinsights_sitenote_category":0,"_themeisle_gutenberg_block_has_review":false},"product_brand":[28],"product_cat":[163],"product_tag":[161],"class_list":{"0":"post-1187","1":"product","2":"type-product","3":"status-publish","4":"has-post-thumbnail","6":"product_brand-ingersoll-rand","7":"product_cat-ingersoll-rand-atsargines-dalys-ir-priedai","8":"product_tag-no-demo","10":"first","11":"outofstock","12":"taxable","13":"shipping-taxable","14":"product-type-simple"},"acf":[],"yoast_head":"<!-- This site is optimized with the Yoast SEO plugin v27.4 - https:\/\/yoast.com\/product\/yoast-seo-wordpress\/ -->\n<title>Ingersoll Rand atsargin\u0117s dalys ir technin\u0117s prie\u017ei\u016bros rinkiniai \u2013 originali kokyb\u0117<\/title>\n<meta name=\"description\" content=\"Ingersoll Rand atsargin\u0117s dalys ir technin\u0117s prie\u017ei\u016bros rinkiniai \u2013 originalios atsargin\u0117s dalys, sandarinimo rinkiniai ir technin\u0117s prie\u017ei\u016bros paketai \u012franki\u0173 tarnavimo laiko prailginimui ir patikimumui u\u017etikrinti\" \/>\n<meta name=\"robots\" content=\"index, follow, max-snippet:-1, max-image-preview:large, max-video-preview:-1\" \/>\n<link rel=\"canonical\" href=\"https:\/\/protech.nu\/lt\/produktas\/atsargines-dalys-ir-technines-prieziuros-rinkiniai\/\" \/>\n<meta property=\"og:locale\" content=\"lt_LT\" \/>\n<meta property=\"og:type\" content=\"article\" \/>\n<meta property=\"og:title\" content=\"Ingersoll Rand atsargin\u0117s dalys ir technin\u0117s prie\u017ei\u016bros rinkiniai \u2013 originali kokyb\u0117\" \/>\n<meta property=\"og:description\" content=\"Ingersoll Rand atsargin\u0117s dalys ir technin\u0117s prie\u017ei\u016bros rinkiniai \u2013 originalios atsargin\u0117s dalys, sandarinimo rinkiniai ir technin\u0117s prie\u017ei\u016bros paketai \u012franki\u0173 tarnavimo laiko prailginimui ir patikimumui u\u017etikrinti\" \/>\n<meta property=\"og:url\" content=\"https:\/\/protech.nu\/lt\/produktas\/atsargines-dalys-ir-technines-prieziuros-rinkiniai\/\" \/>\n<meta property=\"og:site_name\" content=\"ProTech\" \/>\n<meta property=\"article:publisher\" content=\"https:\/\/www.facebook.com\/Protech.nu\/\" \/>\n<meta property=\"og:image\" content=\"https:\/\/protech.nu\/wp-content\/uploads\/2025\/08\/3-4-impact-wrench-tune-up-kits_web-1.webp\" \/>\n\t<meta property=\"og:image:width\" content=\"1000\" \/>\n\t<meta property=\"og:image:height\" content=\"1000\" \/>\n\t<meta property=\"og:image:type\" content=\"image\/webp\" \/>\n<meta name=\"twitter:card\" content=\"summary_large_image\" \/>\n<script type=\"application\/ld+json\" class=\"yoast-schema-graph\">{\"@context\":\"https:\\\/\\\/schema.org\",\"@graph\":[{\"@type\":\"WebPage\",\"@id\":\"https:\\\/\\\/protech.nu\\\/lt\\\/produktas\\\/atsargines-dalys-ir-technines-prieziuros-rinkiniai\\\/\",\"url\":\"https:\\\/\\\/protech.nu\\\/lt\\\/produktas\\\/atsargines-dalys-ir-technines-prieziuros-rinkiniai\\\/\",\"name\":\"Ingersoll Rand atsargin\u0117s dalys ir technin\u0117s prie\u017ei\u016bros rinkiniai \u2013 originali kokyb\u0117\",\"isPartOf\":{\"@id\":\"https:\\\/\\\/protech.nu\\\/lt\\\/#website\"},\"primaryImageOfPage\":{\"@id\":\"https:\\\/\\\/protech.nu\\\/lt\\\/produktas\\\/atsargines-dalys-ir-technines-prieziuros-rinkiniai\\\/#primaryimage\"},\"image\":{\"@id\":\"https:\\\/\\\/protech.nu\\\/lt\\\/produktas\\\/atsargines-dalys-ir-technines-prieziuros-rinkiniai\\\/#primaryimage\"},\"thumbnailUrl\":\"https:\\\/\\\/protech.nu\\\/wp-content\\\/uploads\\\/2025\\\/08\\\/3-4-impact-wrench-tune-up-kits_web-1.webp\",\"datePublished\":\"2025-08-22T10:20:28+00:00\",\"description\":\"Ingersoll Rand atsargin\u0117s dalys ir technin\u0117s prie\u017ei\u016bros rinkiniai \u2013 originalios atsargin\u0117s dalys, sandarinimo rinkiniai ir technin\u0117s prie\u017ei\u016bros paketai \u012franki\u0173 tarnavimo laiko prailginimui ir patikimumui u\u017etikrinti\",\"breadcrumb\":{\"@id\":\"https:\\\/\\\/protech.nu\\\/lt\\\/produktas\\\/atsargines-dalys-ir-technines-prieziuros-rinkiniai\\\/#breadcrumb\"},\"inLanguage\":\"lt-LT\",\"potentialAction\":[{\"@type\":\"ReadAction\",\"target\":[\"https:\\\/\\\/protech.nu\\\/lt\\\/produktas\\\/atsargines-dalys-ir-technines-prieziuros-rinkiniai\\\/\"]}]},{\"@type\":\"ImageObject\",\"inLanguage\":\"lt-LT\",\"@id\":\"https:\\\/\\\/protech.nu\\\/lt\\\/produktas\\\/atsargines-dalys-ir-technines-prieziuros-rinkiniai\\\/#primaryimage\",\"url\":\"https:\\\/\\\/protech.nu\\\/wp-content\\\/uploads\\\/2025\\\/08\\\/3-4-impact-wrench-tune-up-kits_web-1.webp\",\"contentUrl\":\"https:\\\/\\\/protech.nu\\\/wp-content\\\/uploads\\\/2025\\\/08\\\/3-4-impact-wrench-tune-up-kits_web-1.webp\",\"width\":1000,\"height\":1000},{\"@type\":\"BreadcrumbList\",\"@id\":\"https:\\\/\\\/protech.nu\\\/lt\\\/produktas\\\/atsargines-dalys-ir-technines-prieziuros-rinkiniai\\\/#breadcrumb\",\"itemListElement\":[{\"@type\":\"ListItem\",\"position\":1,\"name\":\"WooCommerce Skydelis\",\"item\":\"https:\\\/\\\/protech.nu\\\/lt\\\/\"},{\"@type\":\"ListItem\",\"position\":2,\"name\":\"Tooted\",\"item\":\"https:\\\/\\\/protech.nu\\\/products\\\/\"},{\"@type\":\"ListItem\",\"position\":3,\"name\":\"Atsargin\u0117s dalys ir technin\u0117s prie\u017ei\u016bros rinkiniai\"}]},{\"@type\":\"WebSite\",\"@id\":\"https:\\\/\\\/protech.nu\\\/lt\\\/#website\",\"url\":\"https:\\\/\\\/protech.nu\\\/lt\\\/\",\"name\":\"PROTECH\",\"description\":\"\",\"publisher\":{\"@id\":\"https:\\\/\\\/protech.nu\\\/lt\\\/#organization\"},\"potentialAction\":[{\"@type\":\"SearchAction\",\"target\":{\"@type\":\"EntryPoint\",\"urlTemplate\":\"https:\\\/\\\/protech.nu\\\/lt\\\/?s={search_term_string}\"},\"query-input\":{\"@type\":\"PropertyValueSpecification\",\"valueRequired\":true,\"valueName\":\"search_term_string\"}}],\"inLanguage\":\"lt-LT\"},{\"@type\":\"Organization\",\"@id\":\"https:\\\/\\\/protech.nu\\\/lt\\\/#organization\",\"name\":\"MYPOWERTOOLSBOX\",\"alternateName\":\"ProTech\",\"url\":\"https:\\\/\\\/protech.nu\\\/lt\\\/\",\"logo\":{\"@type\":\"ImageObject\",\"inLanguage\":\"lt-LT\",\"@id\":\"https:\\\/\\\/protech.nu\\\/lt\\\/#\\\/schema\\\/logo\\\/image\\\/\",\"url\":\"https:\\\/\\\/2026.protech.nu\\\/wp-content\\\/uploads\\\/2026\\\/02\\\/ProTech.png\",\"contentUrl\":\"https:\\\/\\\/2026.protech.nu\\\/wp-content\\\/uploads\\\/2026\\\/02\\\/ProTech.png\",\"width\":1024,\"height\":1024,\"caption\":\"MYPOWERTOOLSBOX\"},\"image\":{\"@id\":\"https:\\\/\\\/protech.nu\\\/lt\\\/#\\\/schema\\\/logo\\\/image\\\/\"},\"sameAs\":[\"https:\\\/\\\/www.facebook.com\\\/Protech.nu\\\/\",\"https:\\\/\\\/www.instagram.com\\\/protech_sweden\\\/\",\"https:\\\/\\\/www.linkedin.com\\\/company\\\/protech-professional-technologies-sweden-ab\\\/\",\"https:\\\/\\\/www.youtube.com\\\/@Protech_nu\"]}]}<\/script>\n<!-- \/ Yoast SEO plugin. -->","yoast_head_json":{"title":"Ingersoll Rand atsargin\u0117s dalys ir technin\u0117s prie\u017ei\u016bros rinkiniai \u2013 originali kokyb\u0117","description":"Ingersoll Rand atsargin\u0117s dalys ir technin\u0117s prie\u017ei\u016bros rinkiniai \u2013 originalios atsargin\u0117s dalys, sandarinimo rinkiniai ir technin\u0117s prie\u017ei\u016bros paketai \u012franki\u0173 tarnavimo laiko prailginimui ir patikimumui u\u017etikrinti","robots":{"index":"index","follow":"follow","max-snippet":"max-snippet:-1","max-image-preview":"max-image-preview:large","max-video-preview":"max-video-preview:-1"},"canonical":"https:\/\/protech.nu\/lt\/produktas\/atsargines-dalys-ir-technines-prieziuros-rinkiniai\/","og_locale":"lt_LT","og_type":"article","og_title":"Ingersoll Rand atsargin\u0117s dalys ir technin\u0117s prie\u017ei\u016bros rinkiniai \u2013 originali kokyb\u0117","og_description":"Ingersoll Rand atsargin\u0117s dalys ir technin\u0117s prie\u017ei\u016bros rinkiniai \u2013 originalios atsargin\u0117s dalys, sandarinimo rinkiniai ir technin\u0117s prie\u017ei\u016bros paketai \u012franki\u0173 tarnavimo laiko prailginimui ir patikimumui u\u017etikrinti","og_url":"https:\/\/protech.nu\/lt\/produktas\/atsargines-dalys-ir-technines-prieziuros-rinkiniai\/","og_site_name":"ProTech","article_publisher":"https:\/\/www.facebook.com\/Protech.nu\/","og_image":[{"width":1000,"height":1000,"url":"https:\/\/protech.nu\/wp-content\/uploads\/2025\/08\/3-4-impact-wrench-tune-up-kits_web-1.webp","type":"image\/webp"}],"twitter_card":"summary_large_image","schema":{"@context":"https:\/\/schema.org","@graph":[{"@type":"WebPage","@id":"https:\/\/protech.nu\/lt\/produktas\/atsargines-dalys-ir-technines-prieziuros-rinkiniai\/","url":"https:\/\/protech.nu\/lt\/produktas\/atsargines-dalys-ir-technines-prieziuros-rinkiniai\/","name":"Ingersoll Rand atsargin\u0117s dalys ir technin\u0117s prie\u017ei\u016bros rinkiniai \u2013 originali kokyb\u0117","isPartOf":{"@id":"https:\/\/protech.nu\/lt\/#website"},"primaryImageOfPage":{"@id":"https:\/\/protech.nu\/lt\/produktas\/atsargines-dalys-ir-technines-prieziuros-rinkiniai\/#primaryimage"},"image":{"@id":"https:\/\/protech.nu\/lt\/produktas\/atsargines-dalys-ir-technines-prieziuros-rinkiniai\/#primaryimage"},"thumbnailUrl":"https:\/\/protech.nu\/wp-content\/uploads\/2025\/08\/3-4-impact-wrench-tune-up-kits_web-1.webp","datePublished":"2025-08-22T10:20:28+00:00","description":"Ingersoll Rand atsargin\u0117s dalys ir technin\u0117s prie\u017ei\u016bros rinkiniai \u2013 originalios atsargin\u0117s dalys, sandarinimo rinkiniai ir technin\u0117s prie\u017ei\u016bros paketai \u012franki\u0173 tarnavimo laiko prailginimui ir patikimumui u\u017etikrinti","breadcrumb":{"@id":"https:\/\/protech.nu\/lt\/produktas\/atsargines-dalys-ir-technines-prieziuros-rinkiniai\/#breadcrumb"},"inLanguage":"lt-LT","potentialAction":[{"@type":"ReadAction","target":["https:\/\/protech.nu\/lt\/produktas\/atsargines-dalys-ir-technines-prieziuros-rinkiniai\/"]}]},{"@type":"ImageObject","inLanguage":"lt-LT","@id":"https:\/\/protech.nu\/lt\/produktas\/atsargines-dalys-ir-technines-prieziuros-rinkiniai\/#primaryimage","url":"https:\/\/protech.nu\/wp-content\/uploads\/2025\/08\/3-4-impact-wrench-tune-up-kits_web-1.webp","contentUrl":"https:\/\/protech.nu\/wp-content\/uploads\/2025\/08\/3-4-impact-wrench-tune-up-kits_web-1.webp","width":1000,"height":1000},{"@type":"BreadcrumbList","@id":"https:\/\/protech.nu\/lt\/produktas\/atsargines-dalys-ir-technines-prieziuros-rinkiniai\/#breadcrumb","itemListElement":[{"@type":"ListItem","position":1,"name":"WooCommerce Skydelis","item":"https:\/\/protech.nu\/lt\/"},{"@type":"ListItem","position":2,"name":"Tooted","item":"https:\/\/protech.nu\/products\/"},{"@type":"ListItem","position":3,"name":"Atsargin\u0117s dalys ir technin\u0117s prie\u017ei\u016bros rinkiniai"}]},{"@type":"WebSite","@id":"https:\/\/protech.nu\/lt\/#website","url":"https:\/\/protech.nu\/lt\/","name":"PROTECH","description":"","publisher":{"@id":"https:\/\/protech.nu\/lt\/#organization"},"potentialAction":[{"@type":"SearchAction","target":{"@type":"EntryPoint","urlTemplate":"https:\/\/protech.nu\/lt\/?s={search_term_string}"},"query-input":{"@type":"PropertyValueSpecification","valueRequired":true,"valueName":"search_term_string"}}],"inLanguage":"lt-LT"},{"@type":"Organization","@id":"https:\/\/protech.nu\/lt\/#organization","name":"MYPOWERTOOLSBOX","alternateName":"ProTech","url":"https:\/\/protech.nu\/lt\/","logo":{"@type":"ImageObject","inLanguage":"lt-LT","@id":"https:\/\/protech.nu\/lt\/#\/schema\/logo\/image\/","url":"https:\/\/2026.protech.nu\/wp-content\/uploads\/2026\/02\/ProTech.png","contentUrl":"https:\/\/2026.protech.nu\/wp-content\/uploads\/2026\/02\/ProTech.png","width":1024,"height":1024,"caption":"MYPOWERTOOLSBOX"},"image":{"@id":"https:\/\/protech.nu\/lt\/#\/schema\/logo\/image\/"},"sameAs":["https:\/\/www.facebook.com\/Protech.nu\/","https:\/\/www.instagram.com\/protech_sweden\/","https:\/\/www.linkedin.com\/company\/protech-professional-technologies-sweden-ab\/","https:\/\/www.youtube.com\/@Protech_nu"]}]}},"_links":{"self":[{"href":"https:\/\/protech.nu\/lt\/wp-json\/wp\/v2\/product\/1187","targetHints":{"allow":["GET"]}}],"collection":[{"href":"https:\/\/protech.nu\/lt\/wp-json\/wp\/v2\/product"}],"about":[{"href":"https:\/\/protech.nu\/lt\/wp-json\/wp\/v2\/types\/product"}],"replies":[{"embeddable":true,"href":"https:\/\/protech.nu\/lt\/wp-json\/wp\/v2\/comments?post=1187"}],"wp:featuredmedia":[{"embeddable":true,"href":"https:\/\/protech.nu\/lt\/wp-json\/wp\/v2\/media\/310"}],"wp:attachment":[{"href":"https:\/\/protech.nu\/lt\/wp-json\/wp\/v2\/media?parent=1187"}],"wp:term":[{"taxonomy":"product_brand","embeddable":true,"href":"https:\/\/protech.nu\/lt\/wp-json\/wp\/v2\/product_brand?post=1187"},{"taxonomy":"product_cat","embeddable":true,"href":"https:\/\/protech.nu\/lt\/wp-json\/wp\/v2\/product_cat?post=1187"},{"taxonomy":"product_tag","embeddable":true,"href":"https:\/\/protech.nu\/lt\/wp-json\/wp\/v2\/product_tag?post=1187"}],"curies":[{"name":"wp","href":"https:\/\/api.w.org\/{rel}","templated":true}]}}