{"id":2730,"date":"2025-11-08T01:35:39","date_gmt":"2025-11-08T01:35:39","guid":{"rendered":"https:\/\/protech.nu\/toode\/ingersoll-rand-bl2022-li-ion-akumuliatorius-20v-5-0-ah\/"},"modified":"2026-01-19T23:32:58","modified_gmt":"2026-01-19T23:32:58","slug":"ingersoll-rand-bl2022-battery","status":"publish","type":"product","link":"https:\/\/protech.nu\/lt\/produktas\/ingersoll-rand-bl2022-battery\/","title":{"rendered":"Ingersoll Rand BL2022 akumuliatorius (20V, 5.0Ah)"},"content":{"rendered":"<h3>Ingersoll Rand BL2022 Li-Ion akumuliatorius (20V, 5,0 Ah)<\/h3>\n<p>BL2022 yra didel\u0117s talpos 5,0 Ah li\u010dio jon\u0173 akumuliatorius i\u0161 IQV20\u2122 serijos, sukurtas u\u017etikrinti maksimal\u0173 na\u0161um\u0105 ir itin ilg\u0105 veikimo laik\u0105 sud\u0117tingomis s\u0105lygomis.<\/p>\n<p>Akumuliatorius apr\u016bpintas <strong>i\u0161mani\u0105ja Battery Management System (BMS)<\/strong> sistema, kuri apsaugo nuo perkrovos, per didelio \u012fkrovimo ir i\u0161sikrovimo \u2013 taip prailginamas tiek \u012frankio, tiek akumuliatoriaus tarnavimo laikas. BL2022 u\u017etikrina ilgalaik\u012f produktyvum\u0105 be da\u017eno \u012fkrovimo poreikio.<\/p>\n<hr \/>\n<h3>Techniniai duomenys:<\/h3>\n<ul>\n<li><strong>Modelis:<\/strong> BL2022<\/li>\n<li><strong>\u012etampa:<\/strong> 20 V<\/li>\n<li><strong>Talpa:<\/strong> 5,0 Ah<\/li>\n<li><strong>\u012ekrovimo laikas:<\/strong> 90 minu\u010di\u0173<\/li>\n<li><strong>Apsaugos sistema:<\/strong> I\u0161manioji BMS<\/li>\n<li><strong>Svoris:<\/strong> 0,75 kg<\/li>\n<\/ul>\n<p><strong>Download the IQV20\u2122 Series Product Catalog:<\/strong><\/p>\n<div style=\"margin: 15px 0 36px 0;\"><a style=\"display: inline-block; border: 2px solid #E14A2D; color: #e14a2d; padding: 12px 20px; border-radius: 4px; text-decoration: none; font-weight: 600; background: transparent;\" href=\"https:\/\/protech.nu\/wp-content\/uploads\/2025\/09\/ingersoll-rand-iqv20-cordless-tools-catalog.pdf\" target=\"_blank\" rel=\"noopener\">Ingersoll Rand IQV20 Cordless Tools | Impact Wrenches, Drills &amp; Drivers<br \/>\n<\/a><\/div>\n","protected":false},"excerpt":{"rendered":"<p>Ingersoll Rand <strong>BL2022 Li-Ion akumuliatorius<\/strong> (20V, 5.0 Ah) IQV20\u2122 \u012frankiams. U\u017etikrina maksimal\u0173 na\u0161um\u0105, i\u0161skirtin\u012f veikimo laik\u0105 ir leid\u017eia atsukti <strong>daugiau nei 800 var\u017et\u0173<\/strong> vienu \u012fkrovimu.<\/p>\n[video width=\"1920\" height=\"1080\" mp4=\"https:\/\/protech.nu\/wp-content\/uploads\/2025\/08\/Power-Through-Any-Job-Ingersoll-Rand\u00ae-IQV20\u2122-Battery.mp4\"][\/video]\n","protected":false},"featured_media":1575,"comment_status":"open","ping_status":"closed","template":"","meta":{"_acf_changed":false,"_monsterinsights_skip_tracking":false,"_monsterinsights_sitenote_active":false,"_monsterinsights_sitenote_note":"","_monsterinsights_sitenote_category":0,"_themeisle_gutenberg_block_has_review":false},"product_brand":[],"product_cat":[196,126,159,132],"product_tag":[],"class_list":{"0":"post-2730","1":"product","2":"type-product","3":"status-publish","4":"has-post-thumbnail","6":"product_cat-ingersoll-rand-baterijos-ir-ikrovikliai","7":"product_cat-ingersoll-rand-iqv20-series","8":"product_cat-ingersoll-rand-rts-series","9":"product_cat-ingersoll-rand-tiksliosios-atsuktuvai-ir-verzliasukiai","11":"first","12":"instock","13":"taxable","14":"shipping-taxable","15":"purchasable","16":"product-type-simple"},"acf":[],"yoast_head":"<!-- This site is optimized with the Yoast SEO plugin v27.4 - https:\/\/yoast.com\/product\/yoast-seo-wordpress\/ -->\n<title>Ingersoll Rand BL2022 akumuliatorius 20V 5.0Ah<\/title>\n<meta name=\"description\" content=\"Ingersoll Rand BL2022 akumuliatorius (20V, 5.0Ah) IQV20\u2122 Li-Ion \u012frankiams. Galingas, patikimas ir didel\u0117s talpos akumuliatorius profesionaliam naudojimui.\" \/>\n<meta name=\"robots\" content=\"index, follow, max-snippet:-1, max-image-preview:large, max-video-preview:-1\" \/>\n<link rel=\"canonical\" href=\"https:\/\/protech.nu\/lt\/produktas\/ingersoll-rand-bl2022-battery\/\" \/>\n<meta property=\"og:locale\" content=\"lt_LT\" \/>\n<meta property=\"og:type\" content=\"article\" \/>\n<meta property=\"og:title\" content=\"Ingersoll Rand BL2022 akumuliatorius 20V 5.0Ah\" \/>\n<meta property=\"og:description\" content=\"Ingersoll Rand BL2022 akumuliatorius (20V, 5.0Ah) IQV20\u2122 Li-Ion \u012frankiams. Galingas, patikimas ir didel\u0117s talpos akumuliatorius profesionaliam naudojimui.\" \/>\n<meta property=\"og:url\" content=\"https:\/\/protech.nu\/lt\/produktas\/ingersoll-rand-bl2022-battery\/\" \/>\n<meta property=\"og:site_name\" content=\"ProTech\" \/>\n<meta property=\"article:publisher\" content=\"https:\/\/www.facebook.com\/Protech.nu\/\" \/>\n<meta property=\"article:modified_time\" content=\"2026-01-19T23:32:58+00:00\" \/>\n<meta property=\"og:image\" content=\"https:\/\/protech.nu\/wp-content\/uploads\/2025\/08\/ingersoll-rand-bl2022-aku-20v-5ah.png.jpg\" \/>\n\t<meta property=\"og:image:width\" content=\"600\" \/>\n\t<meta property=\"og:image:height\" content=\"600\" \/>\n\t<meta property=\"og:image:type\" content=\"image\/jpeg\" \/>\n<meta name=\"twitter:card\" content=\"summary_large_image\" \/>\n<meta name=\"twitter:label1\" content=\"Est. reading time\" \/>\n\t<meta name=\"twitter:data1\" content=\"1 minut\u0117\" \/>\n<script type=\"application\/ld+json\" class=\"yoast-schema-graph\">{\"@context\":\"https:\\\/\\\/schema.org\",\"@graph\":[{\"@type\":\"WebPage\",\"@id\":\"https:\\\/\\\/protech.nu\\\/lt\\\/produktas\\\/ingersoll-rand-bl2022-battery\\\/\",\"url\":\"https:\\\/\\\/protech.nu\\\/lt\\\/produktas\\\/ingersoll-rand-bl2022-battery\\\/\",\"name\":\"Ingersoll Rand BL2022 akumuliatorius 20V 5.0Ah\",\"isPartOf\":{\"@id\":\"https:\\\/\\\/protech.nu\\\/lt\\\/#website\"},\"primaryImageOfPage\":{\"@id\":\"https:\\\/\\\/protech.nu\\\/lt\\\/produktas\\\/ingersoll-rand-bl2022-battery\\\/#primaryimage\"},\"image\":{\"@id\":\"https:\\\/\\\/protech.nu\\\/lt\\\/produktas\\\/ingersoll-rand-bl2022-battery\\\/#primaryimage\"},\"thumbnailUrl\":\"https:\\\/\\\/protech.nu\\\/wp-content\\\/uploads\\\/2025\\\/08\\\/ingersoll-rand-bl2022-aku-20v-5ah.png.jpg\",\"datePublished\":\"2025-11-08T01:35:39+00:00\",\"dateModified\":\"2026-01-19T23:32:58+00:00\",\"description\":\"Ingersoll Rand BL2022 akumuliatorius (20V, 5.0Ah) IQV20\u2122 Li-Ion \u012frankiams. Galingas, patikimas ir didel\u0117s talpos akumuliatorius profesionaliam naudojimui.\",\"breadcrumb\":{\"@id\":\"https:\\\/\\\/protech.nu\\\/lt\\\/produktas\\\/ingersoll-rand-bl2022-battery\\\/#breadcrumb\"},\"inLanguage\":\"lt-LT\",\"potentialAction\":[{\"@type\":\"ReadAction\",\"target\":[\"https:\\\/\\\/protech.nu\\\/lt\\\/produktas\\\/ingersoll-rand-bl2022-battery\\\/\"]}]},{\"@type\":\"ImageObject\",\"inLanguage\":\"lt-LT\",\"@id\":\"https:\\\/\\\/protech.nu\\\/lt\\\/produktas\\\/ingersoll-rand-bl2022-battery\\\/#primaryimage\",\"url\":\"https:\\\/\\\/protech.nu\\\/wp-content\\\/uploads\\\/2025\\\/08\\\/ingersoll-rand-bl2022-aku-20v-5ah.png.jpg\",\"contentUrl\":\"https:\\\/\\\/protech.nu\\\/wp-content\\\/uploads\\\/2025\\\/08\\\/ingersoll-rand-bl2022-aku-20v-5ah.png.jpg\",\"width\":600,\"height\":600,\"caption\":\"Ingersoll Rand BL2022 Li-Ion akumuliatorius 20V 5.0 Ah \u2013 IQV20\u2122 \u012frankiams\"},{\"@type\":\"BreadcrumbList\",\"@id\":\"https:\\\/\\\/protech.nu\\\/lt\\\/produktas\\\/ingersoll-rand-bl2022-battery\\\/#breadcrumb\",\"itemListElement\":[{\"@type\":\"ListItem\",\"position\":1,\"name\":\"WooCommerce Skydelis\",\"item\":\"https:\\\/\\\/protech.nu\\\/lt\\\/\"},{\"@type\":\"ListItem\",\"position\":2,\"name\":\"Tooted\",\"item\":\"https:\\\/\\\/protech.nu\\\/products\\\/\"},{\"@type\":\"ListItem\",\"position\":3,\"name\":\"Ingersoll Rand BL2022 akumuliatorius (20V, 5.0Ah)\"}]},{\"@type\":\"WebSite\",\"@id\":\"https:\\\/\\\/protech.nu\\\/lt\\\/#website\",\"url\":\"https:\\\/\\\/protech.nu\\\/lt\\\/\",\"name\":\"PROTECH\",\"description\":\"\",\"publisher\":{\"@id\":\"https:\\\/\\\/protech.nu\\\/lt\\\/#organization\"},\"potentialAction\":[{\"@type\":\"SearchAction\",\"target\":{\"@type\":\"EntryPoint\",\"urlTemplate\":\"https:\\\/\\\/protech.nu\\\/lt\\\/?s={search_term_string}\"},\"query-input\":{\"@type\":\"PropertyValueSpecification\",\"valueRequired\":true,\"valueName\":\"search_term_string\"}}],\"inLanguage\":\"lt-LT\"},{\"@type\":\"Organization\",\"@id\":\"https:\\\/\\\/protech.nu\\\/lt\\\/#organization\",\"name\":\"MYPOWERTOOLSBOX\",\"alternateName\":\"ProTech\",\"url\":\"https:\\\/\\\/protech.nu\\\/lt\\\/\",\"logo\":{\"@type\":\"ImageObject\",\"inLanguage\":\"lt-LT\",\"@id\":\"https:\\\/\\\/protech.nu\\\/lt\\\/#\\\/schema\\\/logo\\\/image\\\/\",\"url\":\"https:\\\/\\\/2026.protech.nu\\\/wp-content\\\/uploads\\\/2026\\\/02\\\/ProTech.png\",\"contentUrl\":\"https:\\\/\\\/2026.protech.nu\\\/wp-content\\\/uploads\\\/2026\\\/02\\\/ProTech.png\",\"width\":1024,\"height\":1024,\"caption\":\"MYPOWERTOOLSBOX\"},\"image\":{\"@id\":\"https:\\\/\\\/protech.nu\\\/lt\\\/#\\\/schema\\\/logo\\\/image\\\/\"},\"sameAs\":[\"https:\\\/\\\/www.facebook.com\\\/Protech.nu\\\/\",\"https:\\\/\\\/www.instagram.com\\\/protech_sweden\\\/\",\"https:\\\/\\\/www.linkedin.com\\\/company\\\/protech-professional-technologies-sweden-ab\\\/\",\"https:\\\/\\\/www.youtube.com\\\/@Protech_nu\"]}]}<\/script>\n<!-- \/ Yoast SEO plugin. -->","yoast_head_json":{"title":"Ingersoll Rand BL2022 akumuliatorius 20V 5.0Ah","description":"Ingersoll Rand BL2022 akumuliatorius (20V, 5.0Ah) IQV20\u2122 Li-Ion \u012frankiams. Galingas, patikimas ir didel\u0117s talpos akumuliatorius profesionaliam naudojimui.","robots":{"index":"index","follow":"follow","max-snippet":"max-snippet:-1","max-image-preview":"max-image-preview:large","max-video-preview":"max-video-preview:-1"},"canonical":"https:\/\/protech.nu\/lt\/produktas\/ingersoll-rand-bl2022-battery\/","og_locale":"lt_LT","og_type":"article","og_title":"Ingersoll Rand BL2022 akumuliatorius 20V 5.0Ah","og_description":"Ingersoll Rand BL2022 akumuliatorius (20V, 5.0Ah) IQV20\u2122 Li-Ion \u012frankiams. Galingas, patikimas ir didel\u0117s talpos akumuliatorius profesionaliam naudojimui.","og_url":"https:\/\/protech.nu\/lt\/produktas\/ingersoll-rand-bl2022-battery\/","og_site_name":"ProTech","article_publisher":"https:\/\/www.facebook.com\/Protech.nu\/","article_modified_time":"2026-01-19T23:32:58+00:00","og_image":[{"width":600,"height":600,"url":"https:\/\/protech.nu\/wp-content\/uploads\/2025\/08\/ingersoll-rand-bl2022-aku-20v-5ah.png.jpg","type":"image\/jpeg"}],"twitter_card":"summary_large_image","twitter_misc":{"Est. reading time":"1 minut\u0117"},"schema":{"@context":"https:\/\/schema.org","@graph":[{"@type":"WebPage","@id":"https:\/\/protech.nu\/lt\/produktas\/ingersoll-rand-bl2022-battery\/","url":"https:\/\/protech.nu\/lt\/produktas\/ingersoll-rand-bl2022-battery\/","name":"Ingersoll Rand BL2022 akumuliatorius 20V 5.0Ah","isPartOf":{"@id":"https:\/\/protech.nu\/lt\/#website"},"primaryImageOfPage":{"@id":"https:\/\/protech.nu\/lt\/produktas\/ingersoll-rand-bl2022-battery\/#primaryimage"},"image":{"@id":"https:\/\/protech.nu\/lt\/produktas\/ingersoll-rand-bl2022-battery\/#primaryimage"},"thumbnailUrl":"https:\/\/protech.nu\/wp-content\/uploads\/2025\/08\/ingersoll-rand-bl2022-aku-20v-5ah.png.jpg","datePublished":"2025-11-08T01:35:39+00:00","dateModified":"2026-01-19T23:32:58+00:00","description":"Ingersoll Rand BL2022 akumuliatorius (20V, 5.0Ah) IQV20\u2122 Li-Ion \u012frankiams. Galingas, patikimas ir didel\u0117s talpos akumuliatorius profesionaliam naudojimui.","breadcrumb":{"@id":"https:\/\/protech.nu\/lt\/produktas\/ingersoll-rand-bl2022-battery\/#breadcrumb"},"inLanguage":"lt-LT","potentialAction":[{"@type":"ReadAction","target":["https:\/\/protech.nu\/lt\/produktas\/ingersoll-rand-bl2022-battery\/"]}]},{"@type":"ImageObject","inLanguage":"lt-LT","@id":"https:\/\/protech.nu\/lt\/produktas\/ingersoll-rand-bl2022-battery\/#primaryimage","url":"https:\/\/protech.nu\/wp-content\/uploads\/2025\/08\/ingersoll-rand-bl2022-aku-20v-5ah.png.jpg","contentUrl":"https:\/\/protech.nu\/wp-content\/uploads\/2025\/08\/ingersoll-rand-bl2022-aku-20v-5ah.png.jpg","width":600,"height":600,"caption":"Ingersoll Rand BL2022 Li-Ion akumuliatorius 20V 5.0 Ah \u2013 IQV20\u2122 \u012frankiams"},{"@type":"BreadcrumbList","@id":"https:\/\/protech.nu\/lt\/produktas\/ingersoll-rand-bl2022-battery\/#breadcrumb","itemListElement":[{"@type":"ListItem","position":1,"name":"WooCommerce Skydelis","item":"https:\/\/protech.nu\/lt\/"},{"@type":"ListItem","position":2,"name":"Tooted","item":"https:\/\/protech.nu\/products\/"},{"@type":"ListItem","position":3,"name":"Ingersoll Rand BL2022 akumuliatorius (20V, 5.0Ah)"}]},{"@type":"WebSite","@id":"https:\/\/protech.nu\/lt\/#website","url":"https:\/\/protech.nu\/lt\/","name":"PROTECH","description":"","publisher":{"@id":"https:\/\/protech.nu\/lt\/#organization"},"potentialAction":[{"@type":"SearchAction","target":{"@type":"EntryPoint","urlTemplate":"https:\/\/protech.nu\/lt\/?s={search_term_string}"},"query-input":{"@type":"PropertyValueSpecification","valueRequired":true,"valueName":"search_term_string"}}],"inLanguage":"lt-LT"},{"@type":"Organization","@id":"https:\/\/protech.nu\/lt\/#organization","name":"MYPOWERTOOLSBOX","alternateName":"ProTech","url":"https:\/\/protech.nu\/lt\/","logo":{"@type":"ImageObject","inLanguage":"lt-LT","@id":"https:\/\/protech.nu\/lt\/#\/schema\/logo\/image\/","url":"https:\/\/2026.protech.nu\/wp-content\/uploads\/2026\/02\/ProTech.png","contentUrl":"https:\/\/2026.protech.nu\/wp-content\/uploads\/2026\/02\/ProTech.png","width":1024,"height":1024,"caption":"MYPOWERTOOLSBOX"},"image":{"@id":"https:\/\/protech.nu\/lt\/#\/schema\/logo\/image\/"},"sameAs":["https:\/\/www.facebook.com\/Protech.nu\/","https:\/\/www.instagram.com\/protech_sweden\/","https:\/\/www.linkedin.com\/company\/protech-professional-technologies-sweden-ab\/","https:\/\/www.youtube.com\/@Protech_nu"]}]}},"_links":{"self":[{"href":"https:\/\/protech.nu\/lt\/wp-json\/wp\/v2\/product\/2730","targetHints":{"allow":["GET"]}}],"collection":[{"href":"https:\/\/protech.nu\/lt\/wp-json\/wp\/v2\/product"}],"about":[{"href":"https:\/\/protech.nu\/lt\/wp-json\/wp\/v2\/types\/product"}],"replies":[{"embeddable":true,"href":"https:\/\/protech.nu\/lt\/wp-json\/wp\/v2\/comments?post=2730"}],"wp:featuredmedia":[{"embeddable":true,"href":"https:\/\/protech.nu\/lt\/wp-json\/wp\/v2\/media\/1575"}],"wp:attachment":[{"href":"https:\/\/protech.nu\/lt\/wp-json\/wp\/v2\/media?parent=2730"}],"wp:term":[{"taxonomy":"product_brand","embeddable":true,"href":"https:\/\/protech.nu\/lt\/wp-json\/wp\/v2\/product_brand?post=2730"},{"taxonomy":"product_cat","embeddable":true,"href":"https:\/\/protech.nu\/lt\/wp-json\/wp\/v2\/product_cat?post=2730"},{"taxonomy":"product_tag","embeddable":true,"href":"https:\/\/protech.nu\/lt\/wp-json\/wp\/v2\/product_tag?post=2730"}],"curies":[{"name":"wp","href":"https:\/\/api.w.org\/{rel}","templated":true}]}}