{"id":2988,"date":"2025-11-13T21:54:18","date_gmt":"2025-11-13T21:54:18","guid":{"rendered":"https:\/\/protech.nu\/toode\/ingersoll-rand-w5153-1-2%e2%80%b3-745-nm-iqv20-akumuliatorinis-smuginis-verzliasukis-tik-irankis\/"},"modified":"2025-12-01T23:12:58","modified_gmt":"2025-12-01T23:12:58","slug":"ingersoll-rand-w5153-1-2%e2%80%b3-745-nm-iqv20-akumuliatorinis-smuginis-verzliasukis-tik-irankis","status":"publish","type":"product","link":"https:\/\/protech.nu\/lt\/produktas\/ingersoll-rand-w5153-1-2%e2%80%b3-745-nm-iqv20-akumuliatorinis-smuginis-verzliasukis-tik-irankis\/","title":{"rendered":"Ingersoll Rand W5153 \u2013 1\/2\u2033, 745 Nm IQV20\u2122 akumuliatorinis sm\u016bginis ver\u017eliasukis (tik \u012frankis)"},"content":{"rendered":"<p><strong>Prek\u0117s kodas (SKU):<\/strong> W5153-EU<\/p>\n<p><strong>Ingersoll Rand W5153 1\/2\u2033 IQV20\u2122 akumuliatorinis sm\u016bginis ver\u017eliasukis<\/strong> u\u017etikrina i\u0161man\u0173 galios valdym\u0105 ir tiksl\u0173 kontrol\u0119, naudojant <strong>IQV\u00ae Power Control System<\/strong> keturis darbo re\u017eimus: Max, Mid, Wrench Tight ir Hand Tight. <strong>Be\u0161epet\u0117linis variklis<\/strong>, <strong>metalin\u0117 pavar\u0173 d\u0117\u017e\u0117<\/strong> ir <strong>plienu sutvirtintas korpusas<\/strong> garantuoja ilg\u0105 tarnavimo laik\u0105 net sud\u0117tingiausiomis s\u0105lygomis.<\/p>\n<h3>Techniniai duomenys<\/h3>\n<ul>\n<li><strong>Galvut\u0117:<\/strong> 1\/2\u2033 kvadratas<\/li>\n<li><strong>Atsukimo momentas:<\/strong> 745 Nm<\/li>\n<li><strong>U\u017ever\u017eimo momentas:<\/strong> 495 Nm<\/li>\n<li><strong>S\u016bki\u0173 skai\u010dius tu\u0161\u010di\u0105ja eiga:<\/strong> 2100 aps.\/min<\/li>\n<li><strong>Sm\u016bgi\u0173 da\u017enis:<\/strong> 3300 sm\u016bgiai\/min<\/li>\n<li><strong>Svoris be akumuliatoriaus:<\/strong> 2,0 kg<\/li>\n<li><strong>Svoris su akumuliatoriumi:<\/strong> 2,4 kg<\/li>\n<li><strong>Ilgis:<\/strong> 179 mm<\/li>\n<li><strong>Ap\u0161vietimas:<\/strong> 360\u00b0 LED<\/li>\n<\/ul>\n<h3>Suderinami akumuliatoriai ir \u012fkrovikliai<\/h3>\n<ul>\n<li><strong>Suderinami akumuliatoriai:<\/strong> BL2012 (2.5 Ah), BL2022 (5.0 Ah)<\/li>\n<li><strong>Suderinamas \u012fkroviklis:<\/strong> BC1121-EU (IQV20\u2122 platformai)<\/li>\n<li><strong>Platformos suderinamumas:<\/strong> IQV20\u2122 (20 V Li-Ion)<\/li>\n<\/ul>\n<p><em>Pastaba:<\/em> \u0160i versija yra <strong>tik \u012frankis<\/strong> \u2013 akumuliatoriai ir \u012fkroviklis \u012f komplekt\u0105 ne\u012feina.<\/p>\n<h3>Atsisi\u0173sti katalogus<\/h3>\n<p><a href=\"https:\/\/protech.nu\/wp-content\/uploads\/2025\/10\/ingersoll-rand-iqv20-akutooriistad-kataloog-2025.pdf\" target=\"_blank\" rel=\"noopener\">IQV20\u2122 akumuliatorini\u0173 \u012franki\u0173 katalogas \u2013 galia ir patikimumas<\/a><\/p>\n<p><a href=\"https:\/\/protech.nu\/wp-content\/uploads\/2025\/09\/ingersoll-rand-iqv20-cordless-tools-catalog.pdf\" target=\"_blank\" rel=\"noopener\">Ingersoll Rand IQV20 Cordless Tools | Impact Wrenches, Drills &#038; Drivers<\/a><\/p>\n<p class=\"p1\"><b>Ingersoll Rand W5153 1\/2\u2033 IQV20\u2122 sm\u016bginis ver\u017eliasukis<\/b> suteikia <b>i\u0161mani\u0105 gali\u0105 ir kontrol\u0119<\/b>, naudojant keturis IQV\u00ae Power Control System darbo re\u017eimus.<\/p>\n<p class=\"p2\"><span class=\"s2\"><b>Be\u0161epet\u0117linis variklis<\/b><\/span>, <span class=\"s2\"><b>metalin\u0117 pavar\u0173 d\u0117\u017e\u0117<\/b><\/span> ir <span class=\"s2\"><b>plienu sutvirtintas korpusas<\/b><\/span> u\u017etikrina ilgaam\u017ei\u0161kum\u0105 net pa\u010diomis sud\u0117tingiausiomis darbo s\u0105lygomis.<\/p>\n<p class=\"p1\"><b>Tikras profesionalus \u012frankis Baltijos ir \u0160iaur\u0117s \u0161ali\u0173 s\u0105lygoms \u2013 galia, tikslumas ir ilgaam\u017ei\u0161kumas viename.<\/b><\/p>\n<div style=\"width: 1200px;\" class=\"wp-video\"><video class=\"wp-video-shortcode\" id=\"video-2988-1\" loop autoplay muted preload=\"metadata\" controls=\"controls\" playsinline><source type=\"video\/mp4\" src=\"https:\/\/protech.nu\/wp-content\/uploads\/2025\/08\/W5133-20V-3-8-Compact-Impact-Wrench.mp4?_=1\" \/><a href=\"https:\/\/protech.nu\/wp-content\/uploads\/2025\/08\/W5133-20V-3-8-Compact-Impact-Wrench.mp4\">https:\/\/protech.nu\/wp-content\/uploads\/2025\/08\/W5133-20V-3-8-Compact-Impact-Wrench.mp4<\/a><\/video><\/div>\n","protected":false},"excerpt":{"rendered":"<p>Ingersoll Rand W5153 1\/2\u2033 IQV20\u2122 akumuliatorinis sm\u016bginis ver\u017eliasukis su 745 Nm galia, keturiais darbo re\u017eimais ir be\u0161epet\u0117liniu varikliu. Patikimas profesionalams sud\u0117tingomis darbo s\u0105lygomis. Tik \u012frankis \u2013 akumuliatoriai ir \u012fkroviklis ne\u012feina.<\/p>\n","protected":false},"featured_media":2987,"comment_status":"open","ping_status":"closed","template":"","meta":{"_acf_changed":false,"_monsterinsights_skip_tracking":false,"_monsterinsights_sitenote_active":false,"_monsterinsights_sitenote_note":"","_monsterinsights_sitenote_category":0,"_themeisle_gutenberg_block_has_review":false},"product_brand":[],"product_cat":[127,126],"product_tag":[],"class_list":{"0":"post-2988","1":"product","2":"type-product","3":"status-publish","4":"has-post-thumbnail","6":"product_cat-ingersoll-rand-belaidziai-smuginiai-verzliasukiai-ir-atsuktuvai","7":"product_cat-ingersoll-rand-iqv20-series","9":"first","10":"instock","11":"taxable","12":"shipping-taxable","13":"purchasable","14":"product-type-simple"},"acf":[],"yoast_head":"<!-- This site is optimized with the Yoast SEO plugin v27.4 - https:\/\/yoast.com\/product\/yoast-seo-wordpress\/ -->\n<title>Ingersoll Rand W5153 \u2013 1\/2\u2033 IQV20\u2122 sm\u016bginis ver\u017eliasukis | MyPowerToolsBox<\/title>\n<meta name=\"description\" content=\"Ingersoll Rand W5153 1\/2\u2033 IQV20\u2122 akumuliatorinis sm\u016bginis ver\u017eliasukis \u2013 745 Nm galia, be\u0161epet\u0117linis variklis ir keturi darbo re\u017eimai. Greitas pristatymas Lietuvoje ir Europoje.\" \/>\n<meta name=\"robots\" content=\"index, follow, max-snippet:-1, max-image-preview:large, max-video-preview:-1\" \/>\n<link rel=\"canonical\" href=\"https:\/\/protech.nu\/lt\/produktas\/ingersoll-rand-w5153-1-2%e2%80%b3-745-nm-iqv20-akumuliatorinis-smuginis-verzliasukis-tik-irankis\/\" \/>\n<meta property=\"og:locale\" content=\"lt_LT\" \/>\n<meta property=\"og:type\" content=\"article\" \/>\n<meta property=\"og:title\" content=\"Ingersoll Rand W5153 \u2013 1\/2\u2033 IQV20\u2122 sm\u016bginis ver\u017eliasukis | MyPowerToolsBox\" \/>\n<meta property=\"og:description\" content=\"Ingersoll Rand W5153 1\/2\u2033 IQV20\u2122 akumuliatorinis sm\u016bginis ver\u017eliasukis \u2013 745 Nm galia, be\u0161epet\u0117linis variklis ir keturi darbo re\u017eimai. Greitas pristatymas Lietuvoje ir Europoje.\" \/>\n<meta property=\"og:url\" content=\"https:\/\/protech.nu\/lt\/produktas\/ingersoll-rand-w5153-1-2%e2%80%b3-745-nm-iqv20-akumuliatorinis-smuginis-verzliasukis-tik-irankis\/\" \/>\n<meta property=\"og:site_name\" content=\"ProTech\" \/>\n<meta property=\"article:publisher\" content=\"https:\/\/www.facebook.com\/Protech.nu\/\" \/>\n<meta property=\"article:modified_time\" content=\"2025-12-01T23:12:58+00:00\" \/>\n<meta property=\"og:image\" content=\"https:\/\/protech.nu\/wp-content\/uploads\/2025\/08\/ingersoll-rand-w5153-akuga-lokmutrikeeraja-1-2.jpg\" \/>\n\t<meta property=\"og:image:width\" content=\"600\" \/>\n\t<meta property=\"og:image:height\" content=\"600\" \/>\n\t<meta property=\"og:image:type\" content=\"image\/jpeg\" \/>\n<meta name=\"twitter:card\" content=\"summary_large_image\" \/>\n<meta name=\"twitter:label1\" content=\"Est. reading time\" \/>\n\t<meta name=\"twitter:data1\" content=\"1 minut\u0117\" \/>\n<script type=\"application\/ld+json\" class=\"yoast-schema-graph\">{\"@context\":\"https:\\\/\\\/schema.org\",\"@graph\":[{\"@type\":\"WebPage\",\"@id\":\"https:\\\/\\\/protech.nu\\\/lt\\\/produktas\\\/ingersoll-rand-w5153-1-2%e2%80%b3-745-nm-iqv20-akumuliatorinis-smuginis-verzliasukis-tik-irankis\\\/\",\"url\":\"https:\\\/\\\/protech.nu\\\/lt\\\/produktas\\\/ingersoll-rand-w5153-1-2%e2%80%b3-745-nm-iqv20-akumuliatorinis-smuginis-verzliasukis-tik-irankis\\\/\",\"name\":\"Ingersoll Rand W5153 \u2013 1\\\/2\u2033 IQV20\u2122 sm\u016bginis ver\u017eliasukis | MyPowerToolsBox\",\"isPartOf\":{\"@id\":\"https:\\\/\\\/protech.nu\\\/lt\\\/#website\"},\"primaryImageOfPage\":{\"@id\":\"https:\\\/\\\/protech.nu\\\/lt\\\/produktas\\\/ingersoll-rand-w5153-1-2%e2%80%b3-745-nm-iqv20-akumuliatorinis-smuginis-verzliasukis-tik-irankis\\\/#primaryimage\"},\"image\":{\"@id\":\"https:\\\/\\\/protech.nu\\\/lt\\\/produktas\\\/ingersoll-rand-w5153-1-2%e2%80%b3-745-nm-iqv20-akumuliatorinis-smuginis-verzliasukis-tik-irankis\\\/#primaryimage\"},\"thumbnailUrl\":\"https:\\\/\\\/protech.nu\\\/wp-content\\\/uploads\\\/2025\\\/08\\\/ingersoll-rand-w5153-akuga-lokmutrikeeraja-1-2.jpg\",\"datePublished\":\"2025-11-13T21:54:18+00:00\",\"dateModified\":\"2025-12-01T23:12:58+00:00\",\"description\":\"Ingersoll Rand W5153 1\\\/2\u2033 IQV20\u2122 akumuliatorinis sm\u016bginis ver\u017eliasukis \u2013 745 Nm galia, be\u0161epet\u0117linis variklis ir keturi darbo re\u017eimai. Greitas pristatymas Lietuvoje ir Europoje.\",\"breadcrumb\":{\"@id\":\"https:\\\/\\\/protech.nu\\\/lt\\\/produktas\\\/ingersoll-rand-w5153-1-2%e2%80%b3-745-nm-iqv20-akumuliatorinis-smuginis-verzliasukis-tik-irankis\\\/#breadcrumb\"},\"inLanguage\":\"lt-LT\",\"potentialAction\":[{\"@type\":\"ReadAction\",\"target\":[\"https:\\\/\\\/protech.nu\\\/lt\\\/produktas\\\/ingersoll-rand-w5153-1-2%e2%80%b3-745-nm-iqv20-akumuliatorinis-smuginis-verzliasukis-tik-irankis\\\/\"]}]},{\"@type\":\"ImageObject\",\"inLanguage\":\"lt-LT\",\"@id\":\"https:\\\/\\\/protech.nu\\\/lt\\\/produktas\\\/ingersoll-rand-w5153-1-2%e2%80%b3-745-nm-iqv20-akumuliatorinis-smuginis-verzliasukis-tik-irankis\\\/#primaryimage\",\"url\":\"https:\\\/\\\/protech.nu\\\/wp-content\\\/uploads\\\/2025\\\/08\\\/ingersoll-rand-w5153-akuga-lokmutrikeeraja-1-2.jpg\",\"contentUrl\":\"https:\\\/\\\/protech.nu\\\/wp-content\\\/uploads\\\/2025\\\/08\\\/ingersoll-rand-w5153-akuga-lokmutrikeeraja-1-2.jpg\",\"width\":600,\"height\":600,\"caption\":\"Ingersoll Rand W5153 \u2013 galingas 1\\\/2\u2033 IQV20\u2122 akumuliatorinis sm\u016bginis ver\u017eliasukis profesionalams.\"},{\"@type\":\"BreadcrumbList\",\"@id\":\"https:\\\/\\\/protech.nu\\\/lt\\\/produktas\\\/ingersoll-rand-w5153-1-2%e2%80%b3-745-nm-iqv20-akumuliatorinis-smuginis-verzliasukis-tik-irankis\\\/#breadcrumb\",\"itemListElement\":[{\"@type\":\"ListItem\",\"position\":1,\"name\":\"WooCommerce Skydelis\",\"item\":\"https:\\\/\\\/protech.nu\\\/lt\\\/\"},{\"@type\":\"ListItem\",\"position\":2,\"name\":\"Tooted\",\"item\":\"https:\\\/\\\/protech.nu\\\/products\\\/\"},{\"@type\":\"ListItem\",\"position\":3,\"name\":\"Ingersoll Rand W5153 \u2013 1\\\/2\u2033, 745 Nm IQV20\u2122 akumuliatorinis sm\u016bginis ver\u017eliasukis (tik \u012frankis)\"}]},{\"@type\":\"WebSite\",\"@id\":\"https:\\\/\\\/protech.nu\\\/lt\\\/#website\",\"url\":\"https:\\\/\\\/protech.nu\\\/lt\\\/\",\"name\":\"PROTECH\",\"description\":\"\",\"publisher\":{\"@id\":\"https:\\\/\\\/protech.nu\\\/lt\\\/#organization\"},\"potentialAction\":[{\"@type\":\"SearchAction\",\"target\":{\"@type\":\"EntryPoint\",\"urlTemplate\":\"https:\\\/\\\/protech.nu\\\/lt\\\/?s={search_term_string}\"},\"query-input\":{\"@type\":\"PropertyValueSpecification\",\"valueRequired\":true,\"valueName\":\"search_term_string\"}}],\"inLanguage\":\"lt-LT\"},{\"@type\":\"Organization\",\"@id\":\"https:\\\/\\\/protech.nu\\\/lt\\\/#organization\",\"name\":\"MYPOWERTOOLSBOX\",\"alternateName\":\"ProTech\",\"url\":\"https:\\\/\\\/protech.nu\\\/lt\\\/\",\"logo\":{\"@type\":\"ImageObject\",\"inLanguage\":\"lt-LT\",\"@id\":\"https:\\\/\\\/protech.nu\\\/lt\\\/#\\\/schema\\\/logo\\\/image\\\/\",\"url\":\"https:\\\/\\\/2026.protech.nu\\\/wp-content\\\/uploads\\\/2026\\\/02\\\/ProTech.png\",\"contentUrl\":\"https:\\\/\\\/2026.protech.nu\\\/wp-content\\\/uploads\\\/2026\\\/02\\\/ProTech.png\",\"width\":1024,\"height\":1024,\"caption\":\"MYPOWERTOOLSBOX\"},\"image\":{\"@id\":\"https:\\\/\\\/protech.nu\\\/lt\\\/#\\\/schema\\\/logo\\\/image\\\/\"},\"sameAs\":[\"https:\\\/\\\/www.facebook.com\\\/Protech.nu\\\/\",\"https:\\\/\\\/www.instagram.com\\\/protech_sweden\\\/\",\"https:\\\/\\\/www.linkedin.com\\\/company\\\/protech-professional-technologies-sweden-ab\\\/\",\"https:\\\/\\\/www.youtube.com\\\/@Protech_nu\"]}]}<\/script>\n<!-- \/ Yoast SEO plugin. -->","yoast_head_json":{"title":"Ingersoll Rand W5153 \u2013 1\/2\u2033 IQV20\u2122 sm\u016bginis ver\u017eliasukis | MyPowerToolsBox","description":"Ingersoll Rand W5153 1\/2\u2033 IQV20\u2122 akumuliatorinis sm\u016bginis ver\u017eliasukis \u2013 745 Nm galia, be\u0161epet\u0117linis variklis ir keturi darbo re\u017eimai. Greitas pristatymas Lietuvoje ir Europoje.","robots":{"index":"index","follow":"follow","max-snippet":"max-snippet:-1","max-image-preview":"max-image-preview:large","max-video-preview":"max-video-preview:-1"},"canonical":"https:\/\/protech.nu\/lt\/produktas\/ingersoll-rand-w5153-1-2%e2%80%b3-745-nm-iqv20-akumuliatorinis-smuginis-verzliasukis-tik-irankis\/","og_locale":"lt_LT","og_type":"article","og_title":"Ingersoll Rand W5153 \u2013 1\/2\u2033 IQV20\u2122 sm\u016bginis ver\u017eliasukis | MyPowerToolsBox","og_description":"Ingersoll Rand W5153 1\/2\u2033 IQV20\u2122 akumuliatorinis sm\u016bginis ver\u017eliasukis \u2013 745 Nm galia, be\u0161epet\u0117linis variklis ir keturi darbo re\u017eimai. Greitas pristatymas Lietuvoje ir Europoje.","og_url":"https:\/\/protech.nu\/lt\/produktas\/ingersoll-rand-w5153-1-2%e2%80%b3-745-nm-iqv20-akumuliatorinis-smuginis-verzliasukis-tik-irankis\/","og_site_name":"ProTech","article_publisher":"https:\/\/www.facebook.com\/Protech.nu\/","article_modified_time":"2025-12-01T23:12:58+00:00","og_image":[{"width":600,"height":600,"url":"https:\/\/protech.nu\/wp-content\/uploads\/2025\/08\/ingersoll-rand-w5153-akuga-lokmutrikeeraja-1-2.jpg","type":"image\/jpeg"}],"twitter_card":"summary_large_image","twitter_misc":{"Est. reading time":"1 minut\u0117"},"schema":{"@context":"https:\/\/schema.org","@graph":[{"@type":"WebPage","@id":"https:\/\/protech.nu\/lt\/produktas\/ingersoll-rand-w5153-1-2%e2%80%b3-745-nm-iqv20-akumuliatorinis-smuginis-verzliasukis-tik-irankis\/","url":"https:\/\/protech.nu\/lt\/produktas\/ingersoll-rand-w5153-1-2%e2%80%b3-745-nm-iqv20-akumuliatorinis-smuginis-verzliasukis-tik-irankis\/","name":"Ingersoll Rand W5153 \u2013 1\/2\u2033 IQV20\u2122 sm\u016bginis ver\u017eliasukis | MyPowerToolsBox","isPartOf":{"@id":"https:\/\/protech.nu\/lt\/#website"},"primaryImageOfPage":{"@id":"https:\/\/protech.nu\/lt\/produktas\/ingersoll-rand-w5153-1-2%e2%80%b3-745-nm-iqv20-akumuliatorinis-smuginis-verzliasukis-tik-irankis\/#primaryimage"},"image":{"@id":"https:\/\/protech.nu\/lt\/produktas\/ingersoll-rand-w5153-1-2%e2%80%b3-745-nm-iqv20-akumuliatorinis-smuginis-verzliasukis-tik-irankis\/#primaryimage"},"thumbnailUrl":"https:\/\/protech.nu\/wp-content\/uploads\/2025\/08\/ingersoll-rand-w5153-akuga-lokmutrikeeraja-1-2.jpg","datePublished":"2025-11-13T21:54:18+00:00","dateModified":"2025-12-01T23:12:58+00:00","description":"Ingersoll Rand W5153 1\/2\u2033 IQV20\u2122 akumuliatorinis sm\u016bginis ver\u017eliasukis \u2013 745 Nm galia, be\u0161epet\u0117linis variklis ir keturi darbo re\u017eimai. Greitas pristatymas Lietuvoje ir Europoje.","breadcrumb":{"@id":"https:\/\/protech.nu\/lt\/produktas\/ingersoll-rand-w5153-1-2%e2%80%b3-745-nm-iqv20-akumuliatorinis-smuginis-verzliasukis-tik-irankis\/#breadcrumb"},"inLanguage":"lt-LT","potentialAction":[{"@type":"ReadAction","target":["https:\/\/protech.nu\/lt\/produktas\/ingersoll-rand-w5153-1-2%e2%80%b3-745-nm-iqv20-akumuliatorinis-smuginis-verzliasukis-tik-irankis\/"]}]},{"@type":"ImageObject","inLanguage":"lt-LT","@id":"https:\/\/protech.nu\/lt\/produktas\/ingersoll-rand-w5153-1-2%e2%80%b3-745-nm-iqv20-akumuliatorinis-smuginis-verzliasukis-tik-irankis\/#primaryimage","url":"https:\/\/protech.nu\/wp-content\/uploads\/2025\/08\/ingersoll-rand-w5153-akuga-lokmutrikeeraja-1-2.jpg","contentUrl":"https:\/\/protech.nu\/wp-content\/uploads\/2025\/08\/ingersoll-rand-w5153-akuga-lokmutrikeeraja-1-2.jpg","width":600,"height":600,"caption":"Ingersoll Rand W5153 \u2013 galingas 1\/2\u2033 IQV20\u2122 akumuliatorinis sm\u016bginis ver\u017eliasukis profesionalams."},{"@type":"BreadcrumbList","@id":"https:\/\/protech.nu\/lt\/produktas\/ingersoll-rand-w5153-1-2%e2%80%b3-745-nm-iqv20-akumuliatorinis-smuginis-verzliasukis-tik-irankis\/#breadcrumb","itemListElement":[{"@type":"ListItem","position":1,"name":"WooCommerce Skydelis","item":"https:\/\/protech.nu\/lt\/"},{"@type":"ListItem","position":2,"name":"Tooted","item":"https:\/\/protech.nu\/products\/"},{"@type":"ListItem","position":3,"name":"Ingersoll Rand W5153 \u2013 1\/2\u2033, 745 Nm IQV20\u2122 akumuliatorinis sm\u016bginis ver\u017eliasukis (tik \u012frankis)"}]},{"@type":"WebSite","@id":"https:\/\/protech.nu\/lt\/#website","url":"https:\/\/protech.nu\/lt\/","name":"PROTECH","description":"","publisher":{"@id":"https:\/\/protech.nu\/lt\/#organization"},"potentialAction":[{"@type":"SearchAction","target":{"@type":"EntryPoint","urlTemplate":"https:\/\/protech.nu\/lt\/?s={search_term_string}"},"query-input":{"@type":"PropertyValueSpecification","valueRequired":true,"valueName":"search_term_string"}}],"inLanguage":"lt-LT"},{"@type":"Organization","@id":"https:\/\/protech.nu\/lt\/#organization","name":"MYPOWERTOOLSBOX","alternateName":"ProTech","url":"https:\/\/protech.nu\/lt\/","logo":{"@type":"ImageObject","inLanguage":"lt-LT","@id":"https:\/\/protech.nu\/lt\/#\/schema\/logo\/image\/","url":"https:\/\/2026.protech.nu\/wp-content\/uploads\/2026\/02\/ProTech.png","contentUrl":"https:\/\/2026.protech.nu\/wp-content\/uploads\/2026\/02\/ProTech.png","width":1024,"height":1024,"caption":"MYPOWERTOOLSBOX"},"image":{"@id":"https:\/\/protech.nu\/lt\/#\/schema\/logo\/image\/"},"sameAs":["https:\/\/www.facebook.com\/Protech.nu\/","https:\/\/www.instagram.com\/protech_sweden\/","https:\/\/www.linkedin.com\/company\/protech-professional-technologies-sweden-ab\/","https:\/\/www.youtube.com\/@Protech_nu"]}]}},"_links":{"self":[{"href":"https:\/\/protech.nu\/lt\/wp-json\/wp\/v2\/product\/2988","targetHints":{"allow":["GET"]}}],"collection":[{"href":"https:\/\/protech.nu\/lt\/wp-json\/wp\/v2\/product"}],"about":[{"href":"https:\/\/protech.nu\/lt\/wp-json\/wp\/v2\/types\/product"}],"replies":[{"embeddable":true,"href":"https:\/\/protech.nu\/lt\/wp-json\/wp\/v2\/comments?post=2988"}],"wp:featuredmedia":[{"embeddable":true,"href":"https:\/\/protech.nu\/lt\/wp-json\/wp\/v2\/media\/2987"}],"wp:attachment":[{"href":"https:\/\/protech.nu\/lt\/wp-json\/wp\/v2\/media?parent=2988"}],"wp:term":[{"taxonomy":"product_brand","embeddable":true,"href":"https:\/\/protech.nu\/lt\/wp-json\/wp\/v2\/product_brand?post=2988"},{"taxonomy":"product_cat","embeddable":true,"href":"https:\/\/protech.nu\/lt\/wp-json\/wp\/v2\/product_cat?post=2988"},{"taxonomy":"product_tag","embeddable":true,"href":"https:\/\/protech.nu\/lt\/wp-json\/wp\/v2\/product_tag?post=2988"}],"curies":[{"name":"wp","href":"https:\/\/api.w.org\/{rel}","templated":true}]}}