{"id":3043,"date":"2025-11-13T21:22:45","date_gmt":"2025-11-13T21:22:45","guid":{"rendered":"https:\/\/protech.nu\/toode\/ingersoll-rand-w5153-k22a-eu-1-2%e2%80%b3-745-nm-iqv20-akumuliatorinis-smuginis-verzliasukis-rinkinys-2-5-ah-5-0-ah-akumuliatoriai-ikroviklis-ir-deklas\/"},"modified":"2025-12-01T23:12:59","modified_gmt":"2025-12-01T23:12:59","slug":"ingersoll-rand-w5153-k22a-eu-1-2%e2%80%b3-745-nm-iqv20-akumuliatorinis-smuginis-verzliasukis-rinkinys-2-5-ah-5-0-ah-akumuliatoriai-ikroviklis-ir-deklas","status":"publish","type":"product","link":"https:\/\/protech.nu\/lt\/produktas\/ingersoll-rand-w5153-k22a-eu-1-2%e2%80%b3-745-nm-iqv20-akumuliatorinis-smuginis-verzliasukis-rinkinys-2-5-ah-5-0-ah-akumuliatoriai-ikroviklis-ir-deklas\/","title":{"rendered":"Ingersoll Rand W5153-K22A-EU \u2013 1\/2\u2033, 745 Nm IQV20\u2122 akumuliatorinis sm\u016bginis ver\u017eliasukis rinkinys (2.5 Ah + 5.0 Ah akumuliatoriai, \u012fkroviklis ir d\u0117klas)"},"content":{"rendered":"<p><strong>Produkto kodas (SKU):<\/strong> W5153-K22A-EU<\/p>\n<p><strong>Ingersoll Rand W5153 1\/2\u2033 IQV20\u2122 akumuliatorinis sm\u016bginis ver\u017eliasukis<\/strong> u\u017etikrina i\u0161man\u0173 veikim\u0105 ir tiksl\u0173 valdym\u0105, pasitelkiant <strong>IQV\u00ae Power Control System<\/strong> su keturiais darbo re\u017eimais: Max, Mid, Wrench Tight ir Hand Tight. <strong>Bekolektorinis variklis<\/strong>, <strong>metalin\u0117 pavar\u0173 d\u0117\u017e\u0117<\/strong> ir <strong>plienu sutvirtintas korpusas<\/strong> garantuoja ilgaam\u017ei\u0161kum\u0105 net labai sud\u0117tingomis s\u0105lygomis.<\/p>\n<h3>Techniniai duomenys<\/h3>\n<ul>\n<li><strong>Pajungimas:<\/strong> 1\/2\u2033 kvadratin\u0117 jungtis<\/li>\n<li><strong>Atsukimo momentas:<\/strong> 745 Nm<\/li>\n<li><strong>U\u017ever\u017eimo momentas:<\/strong> 495 Nm<\/li>\n<li><strong>Tu\u0161\u010dios eigos greitis:<\/strong> 2100 aps.\/min.<\/li>\n<li><strong>Sm\u016bgi\u0173 da\u017enis:<\/strong> 3300 sm\u016bgi\u0173\/min.<\/li>\n<li><strong>Svoris be akumuliatoriaus:<\/strong> 2,0 kg<\/li>\n<li><strong>Svoris su akumuliatoriumi:<\/strong> 2,4 kg<\/li>\n<li><strong>Ilgis:<\/strong> 179 mm<\/li>\n<li><strong>Ap\u0161vietimas:<\/strong> 360\u00b0 LED<\/li>\n<\/ul>\n<h3>Komplekte esantys akumuliatoriai ir \u012fkroviklis<\/h3>\n<ul>\n<li><strong>Akumuliatoriai:<\/strong> 2.5 Ah (BL2012) ir 5.0 Ah (BL2022)<\/li>\n<li><strong>\u012ekroviklis:<\/strong> BC1121-EU<\/li>\n<li><strong>Platforma:<\/strong> IQV20\u2122 (20 V Li-Ion)<\/li>\n<\/ul>\n<p><em>Pastaba:<\/em> Tai yra <strong>K22A rinkinys<\/strong> \u2013 akumuliatoriai, \u012fkroviklis ir d\u0117klas \u012ftraukti.<\/p>\n<h3>Atsisi\u0173sti katalog\u0105<\/h3>\n<p><a href=\"https:\/\/protech.nu\/wp-content\/uploads\/2025\/10\/ingersoll-rand-iqv20-akutooriistad-kataloog-2025.pdf\" target=\"_blank\" rel=\"noopener\">IQV20\u2122 akumuliatorini\u0173 \u012franki\u0173 katalogas \u2013 galia ir patikimumas be laid\u0173<\/a><\/p>\n<p><a href=\"https:\/\/protech.nu\/wp-content\/uploads\/2025\/09\/ingersoll-rand-iqv20-cordless-tools-catalog.pdf\" target=\"_blank\" rel=\"noopener\">Ingersoll Rand IQV20 Cordless Tools | Impact Wrenches, Drills &#038; Drivers<\/a><\/p>\n","protected":false},"excerpt":{"rendered":"<p class=\"p1\"><b>Ingersoll Rand W5153 1\/2\u2033 IQV20\u2122 akumuliatorinis sm\u016bginis ver\u017eliasukis<\/b><span class=\"s1\"> u\u017etikrina <\/span><b>i\u0161mani\u0105 gali\u0105 ir tiksl\u0173 valdym\u0105<\/b><span class=\"s1\">, pasitelkiant <\/span><b>IQV\u00ae Power Control System<\/b><span class=\"s1\"> keturis darbo re\u017eimus: Max, Mid, Wrench Tight ir Hand Tight.<\/span><\/p>\n<p class=\"p2\"><span class=\"s2\"><b>Bekolektorinis variklis<\/b><\/span>, <span class=\"s2\"><b>metalin\u0117 pavar\u0173 d\u0117\u017e\u0117<\/b><\/span> ir <span class=\"s2\"><b>plienu sutvirtintas korpusas<\/b><\/span> u\u017etikrina ilg\u0105 tarnavimo laik\u0105 net sud\u0117tingose darbo s\u0105lygose.<\/p>\n<p class=\"p1\"><span class=\"s1\">Rinkin\u012f sudaro <\/span><b>2.5 Ah ir 5.0 Ah akumuliatoriai<\/b><span class=\"s1\">, <\/span><b>\u012fkroviklis<\/b><span class=\"s1\"> ir <\/span><b>d\u0117klas<\/b><span class=\"s1\">.<\/span><\/p>\n<p class=\"p1\"><b>Tvirtas, patikimas ir paruo\u0161tas darbui Baltijos bei \u0160iaur\u0117s \u0161ali\u0173 s\u0105lygomis \u2013 galia, tikslumas ir ilgaam\u017ei\u0161kumas viename rinkinyje.<\/b><\/p>\n[video width=\"1920\" height=\"1080\" mp4=\"https:\/\/protech.nu\/wp-content\/uploads\/2025\/08\/W5133-20V-3-8-Compact-Impact-Wrench.mp4\"][\/video]\n","protected":false},"featured_media":3042,"comment_status":"open","ping_status":"closed","template":"","meta":{"_acf_changed":false,"_monsterinsights_skip_tracking":false,"_monsterinsights_sitenote_active":false,"_monsterinsights_sitenote_note":"","_monsterinsights_sitenote_category":0,"_themeisle_gutenberg_block_has_review":false},"product_brand":[],"product_cat":[127,126],"product_tag":[],"class_list":{"0":"post-3043","1":"product","2":"type-product","3":"status-publish","4":"has-post-thumbnail","6":"product_cat-ingersoll-rand-belaidziai-smuginiai-verzliasukiai-ir-atsuktuvai","7":"product_cat-ingersoll-rand-iqv20-series","9":"first","10":"instock","11":"taxable","12":"shipping-taxable","13":"purchasable","14":"product-type-simple"},"acf":[],"yoast_head":"<!-- This site is optimized with the Yoast SEO plugin v27.4 - https:\/\/yoast.com\/product\/yoast-seo-wordpress\/ -->\n<title>Ingersoll Rand W5153-K22A-EU | 1\/2\u2033 745 Nm IQV20\u2122 akumuliatorinio sm\u016bginio ver\u017eliasukio rinkinys<\/title>\n<meta name=\"description\" content=\"Ingersoll Rand W5153-K22A-EU \u2013 1\/2\u2033, 745 Nm IQV20\u2122 akumuliatorinis sm\u016bginis ver\u017eliasukis rinkinys su 2.5 Ah ir 5.0 Ah akumuliatoriais, \u012fkrovikliu ir tvirtu d\u0117klu. Puikus pasirinkimas automobili\u0173 remontui, industrijai ir \u012frangos prie\u017ei\u016brai. Greitas pristatymas Lietuvoje, Latvijoje, Estijoje ir Suomijoje.\" \/>\n<meta name=\"robots\" content=\"index, follow, max-snippet:-1, max-image-preview:large, max-video-preview:-1\" \/>\n<link rel=\"canonical\" href=\"https:\/\/protech.nu\/lt\/produktas\/ingersoll-rand-w5153-k22a-eu-1-2%e2%80%b3-745-nm-iqv20-akumuliatorinis-smuginis-verzliasukis-rinkinys-2-5-ah-5-0-ah-akumuliatoriai-ikroviklis-ir-deklas\/\" \/>\n<meta property=\"og:locale\" content=\"lt_LT\" \/>\n<meta property=\"og:type\" content=\"article\" \/>\n<meta property=\"og:title\" content=\"Ingersoll Rand W5153-K22A-EU | 1\/2\u2033 745 Nm IQV20\u2122 akumuliatorinio sm\u016bginio ver\u017eliasukio rinkinys\" \/>\n<meta property=\"og:description\" content=\"Ingersoll Rand W5153-K22A-EU \u2013 1\/2\u2033, 745 Nm IQV20\u2122 akumuliatorinis sm\u016bginis ver\u017eliasukis rinkinys su 2.5 Ah ir 5.0 Ah akumuliatoriais, \u012fkrovikliu ir tvirtu d\u0117klu. Puikus pasirinkimas automobili\u0173 remontui, industrijai ir \u012frangos prie\u017ei\u016brai. Greitas pristatymas Lietuvoje, Latvijoje, Estijoje ir Suomijoje.\" \/>\n<meta property=\"og:url\" content=\"https:\/\/protech.nu\/lt\/produktas\/ingersoll-rand-w5153-k22a-eu-1-2%e2%80%b3-745-nm-iqv20-akumuliatorinis-smuginis-verzliasukis-rinkinys-2-5-ah-5-0-ah-akumuliatoriai-ikroviklis-ir-deklas\/\" \/>\n<meta property=\"og:site_name\" content=\"ProTech\" \/>\n<meta property=\"article:publisher\" content=\"https:\/\/www.facebook.com\/Protech.nu\/\" \/>\n<meta property=\"article:modified_time\" content=\"2025-12-01T23:12:59+00:00\" \/>\n<meta property=\"og:image\" content=\"https:\/\/protech.nu\/wp-content\/uploads\/2025\/08\/ingersoll-rand-w5153-k22a-eu-aku-lookmutrikeeraja-komplekt.jpg\" \/>\n\t<meta property=\"og:image:width\" content=\"600\" \/>\n\t<meta property=\"og:image:height\" content=\"600\" \/>\n\t<meta property=\"og:image:type\" content=\"image\/jpeg\" \/>\n<meta name=\"twitter:card\" content=\"summary_large_image\" \/>\n<meta name=\"twitter:label1\" content=\"Est. reading time\" \/>\n\t<meta name=\"twitter:data1\" content=\"1 minut\u0117\" \/>\n<script type=\"application\/ld+json\" class=\"yoast-schema-graph\">{\"@context\":\"https:\\\/\\\/schema.org\",\"@graph\":[{\"@type\":\"WebPage\",\"@id\":\"https:\\\/\\\/protech.nu\\\/lt\\\/produktas\\\/ingersoll-rand-w5153-k22a-eu-1-2%e2%80%b3-745-nm-iqv20-akumuliatorinis-smuginis-verzliasukis-rinkinys-2-5-ah-5-0-ah-akumuliatoriai-ikroviklis-ir-deklas\\\/\",\"url\":\"https:\\\/\\\/protech.nu\\\/lt\\\/produktas\\\/ingersoll-rand-w5153-k22a-eu-1-2%e2%80%b3-745-nm-iqv20-akumuliatorinis-smuginis-verzliasukis-rinkinys-2-5-ah-5-0-ah-akumuliatoriai-ikroviklis-ir-deklas\\\/\",\"name\":\"Ingersoll Rand W5153-K22A-EU | 1\\\/2\u2033 745 Nm IQV20\u2122 akumuliatorinio sm\u016bginio ver\u017eliasukio rinkinys\",\"isPartOf\":{\"@id\":\"https:\\\/\\\/protech.nu\\\/lt\\\/#website\"},\"primaryImageOfPage\":{\"@id\":\"https:\\\/\\\/protech.nu\\\/lt\\\/produktas\\\/ingersoll-rand-w5153-k22a-eu-1-2%e2%80%b3-745-nm-iqv20-akumuliatorinis-smuginis-verzliasukis-rinkinys-2-5-ah-5-0-ah-akumuliatoriai-ikroviklis-ir-deklas\\\/#primaryimage\"},\"image\":{\"@id\":\"https:\\\/\\\/protech.nu\\\/lt\\\/produktas\\\/ingersoll-rand-w5153-k22a-eu-1-2%e2%80%b3-745-nm-iqv20-akumuliatorinis-smuginis-verzliasukis-rinkinys-2-5-ah-5-0-ah-akumuliatoriai-ikroviklis-ir-deklas\\\/#primaryimage\"},\"thumbnailUrl\":\"https:\\\/\\\/protech.nu\\\/wp-content\\\/uploads\\\/2025\\\/08\\\/ingersoll-rand-w5153-k22a-eu-aku-lookmutrikeeraja-komplekt.jpg\",\"datePublished\":\"2025-11-13T21:22:45+00:00\",\"dateModified\":\"2025-12-01T23:12:59+00:00\",\"description\":\"Ingersoll Rand W5153-K22A-EU \u2013 1\\\/2\u2033, 745 Nm IQV20\u2122 akumuliatorinis sm\u016bginis ver\u017eliasukis rinkinys su 2.5 Ah ir 5.0 Ah akumuliatoriais, \u012fkrovikliu ir tvirtu d\u0117klu. Puikus pasirinkimas automobili\u0173 remontui, industrijai ir \u012frangos prie\u017ei\u016brai. Greitas pristatymas Lietuvoje, Latvijoje, Estijoje ir Suomijoje.\",\"breadcrumb\":{\"@id\":\"https:\\\/\\\/protech.nu\\\/lt\\\/produktas\\\/ingersoll-rand-w5153-k22a-eu-1-2%e2%80%b3-745-nm-iqv20-akumuliatorinis-smuginis-verzliasukis-rinkinys-2-5-ah-5-0-ah-akumuliatoriai-ikroviklis-ir-deklas\\\/#breadcrumb\"},\"inLanguage\":\"lt-LT\",\"potentialAction\":[{\"@type\":\"ReadAction\",\"target\":[\"https:\\\/\\\/protech.nu\\\/lt\\\/produktas\\\/ingersoll-rand-w5153-k22a-eu-1-2%e2%80%b3-745-nm-iqv20-akumuliatorinis-smuginis-verzliasukis-rinkinys-2-5-ah-5-0-ah-akumuliatoriai-ikroviklis-ir-deklas\\\/\"]}]},{\"@type\":\"ImageObject\",\"inLanguage\":\"lt-LT\",\"@id\":\"https:\\\/\\\/protech.nu\\\/lt\\\/produktas\\\/ingersoll-rand-w5153-k22a-eu-1-2%e2%80%b3-745-nm-iqv20-akumuliatorinis-smuginis-verzliasukis-rinkinys-2-5-ah-5-0-ah-akumuliatoriai-ikroviklis-ir-deklas\\\/#primaryimage\",\"url\":\"https:\\\/\\\/protech.nu\\\/wp-content\\\/uploads\\\/2025\\\/08\\\/ingersoll-rand-w5153-k22a-eu-aku-lookmutrikeeraja-komplekt.jpg\",\"contentUrl\":\"https:\\\/\\\/protech.nu\\\/wp-content\\\/uploads\\\/2025\\\/08\\\/ingersoll-rand-w5153-k22a-eu-aku-lookmutrikeeraja-komplekt.jpg\",\"width\":600,\"height\":600,\"caption\":\"Ingersoll Rand W5153-K22A-EU \u2013 1\\\/2\u2033, 745 Nm IQV20\u2122 akumuliatorinis sm\u016bginis ver\u017eliasukis rinkinys (2.5 Ah + 5.0 Ah akumuliatoriai, \u012fkroviklis ir d\u0117klas)\"},{\"@type\":\"BreadcrumbList\",\"@id\":\"https:\\\/\\\/protech.nu\\\/lt\\\/produktas\\\/ingersoll-rand-w5153-k22a-eu-1-2%e2%80%b3-745-nm-iqv20-akumuliatorinis-smuginis-verzliasukis-rinkinys-2-5-ah-5-0-ah-akumuliatoriai-ikroviklis-ir-deklas\\\/#breadcrumb\",\"itemListElement\":[{\"@type\":\"ListItem\",\"position\":1,\"name\":\"WooCommerce Skydelis\",\"item\":\"https:\\\/\\\/protech.nu\\\/lt\\\/\"},{\"@type\":\"ListItem\",\"position\":2,\"name\":\"Tooted\",\"item\":\"https:\\\/\\\/protech.nu\\\/products\\\/\"},{\"@type\":\"ListItem\",\"position\":3,\"name\":\"Ingersoll Rand W5153-K22A-EU \u2013 1\\\/2\u2033, 745 Nm IQV20\u2122 akumuliatorinis sm\u016bginis ver\u017eliasukis rinkinys (2.5 Ah + 5.0 Ah akumuliatoriai, \u012fkroviklis ir d\u0117klas)\"}]},{\"@type\":\"WebSite\",\"@id\":\"https:\\\/\\\/protech.nu\\\/lt\\\/#website\",\"url\":\"https:\\\/\\\/protech.nu\\\/lt\\\/\",\"name\":\"PROTECH\",\"description\":\"\",\"publisher\":{\"@id\":\"https:\\\/\\\/protech.nu\\\/lt\\\/#organization\"},\"potentialAction\":[{\"@type\":\"SearchAction\",\"target\":{\"@type\":\"EntryPoint\",\"urlTemplate\":\"https:\\\/\\\/protech.nu\\\/lt\\\/?s={search_term_string}\"},\"query-input\":{\"@type\":\"PropertyValueSpecification\",\"valueRequired\":true,\"valueName\":\"search_term_string\"}}],\"inLanguage\":\"lt-LT\"},{\"@type\":\"Organization\",\"@id\":\"https:\\\/\\\/protech.nu\\\/lt\\\/#organization\",\"name\":\"MYPOWERTOOLSBOX\",\"alternateName\":\"ProTech\",\"url\":\"https:\\\/\\\/protech.nu\\\/lt\\\/\",\"logo\":{\"@type\":\"ImageObject\",\"inLanguage\":\"lt-LT\",\"@id\":\"https:\\\/\\\/protech.nu\\\/lt\\\/#\\\/schema\\\/logo\\\/image\\\/\",\"url\":\"https:\\\/\\\/2026.protech.nu\\\/wp-content\\\/uploads\\\/2026\\\/02\\\/ProTech.png\",\"contentUrl\":\"https:\\\/\\\/2026.protech.nu\\\/wp-content\\\/uploads\\\/2026\\\/02\\\/ProTech.png\",\"width\":1024,\"height\":1024,\"caption\":\"MYPOWERTOOLSBOX\"},\"image\":{\"@id\":\"https:\\\/\\\/protech.nu\\\/lt\\\/#\\\/schema\\\/logo\\\/image\\\/\"},\"sameAs\":[\"https:\\\/\\\/www.facebook.com\\\/Protech.nu\\\/\",\"https:\\\/\\\/www.instagram.com\\\/protech_sweden\\\/\",\"https:\\\/\\\/www.linkedin.com\\\/company\\\/protech-professional-technologies-sweden-ab\\\/\",\"https:\\\/\\\/www.youtube.com\\\/@Protech_nu\"]}]}<\/script>\n<!-- \/ Yoast SEO plugin. -->","yoast_head_json":{"title":"Ingersoll Rand W5153-K22A-EU | 1\/2\u2033 745 Nm IQV20\u2122 akumuliatorinio sm\u016bginio ver\u017eliasukio rinkinys","description":"Ingersoll Rand W5153-K22A-EU \u2013 1\/2\u2033, 745 Nm IQV20\u2122 akumuliatorinis sm\u016bginis ver\u017eliasukis rinkinys su 2.5 Ah ir 5.0 Ah akumuliatoriais, \u012fkrovikliu ir tvirtu d\u0117klu. Puikus pasirinkimas automobili\u0173 remontui, industrijai ir \u012frangos prie\u017ei\u016brai. Greitas pristatymas Lietuvoje, Latvijoje, Estijoje ir Suomijoje.","robots":{"index":"index","follow":"follow","max-snippet":"max-snippet:-1","max-image-preview":"max-image-preview:large","max-video-preview":"max-video-preview:-1"},"canonical":"https:\/\/protech.nu\/lt\/produktas\/ingersoll-rand-w5153-k22a-eu-1-2%e2%80%b3-745-nm-iqv20-akumuliatorinis-smuginis-verzliasukis-rinkinys-2-5-ah-5-0-ah-akumuliatoriai-ikroviklis-ir-deklas\/","og_locale":"lt_LT","og_type":"article","og_title":"Ingersoll Rand W5153-K22A-EU | 1\/2\u2033 745 Nm IQV20\u2122 akumuliatorinio sm\u016bginio ver\u017eliasukio rinkinys","og_description":"Ingersoll Rand W5153-K22A-EU \u2013 1\/2\u2033, 745 Nm IQV20\u2122 akumuliatorinis sm\u016bginis ver\u017eliasukis rinkinys su 2.5 Ah ir 5.0 Ah akumuliatoriais, \u012fkrovikliu ir tvirtu d\u0117klu. Puikus pasirinkimas automobili\u0173 remontui, industrijai ir \u012frangos prie\u017ei\u016brai. Greitas pristatymas Lietuvoje, Latvijoje, Estijoje ir Suomijoje.","og_url":"https:\/\/protech.nu\/lt\/produktas\/ingersoll-rand-w5153-k22a-eu-1-2%e2%80%b3-745-nm-iqv20-akumuliatorinis-smuginis-verzliasukis-rinkinys-2-5-ah-5-0-ah-akumuliatoriai-ikroviklis-ir-deklas\/","og_site_name":"ProTech","article_publisher":"https:\/\/www.facebook.com\/Protech.nu\/","article_modified_time":"2025-12-01T23:12:59+00:00","og_image":[{"width":600,"height":600,"url":"https:\/\/protech.nu\/wp-content\/uploads\/2025\/08\/ingersoll-rand-w5153-k22a-eu-aku-lookmutrikeeraja-komplekt.jpg","type":"image\/jpeg"}],"twitter_card":"summary_large_image","twitter_misc":{"Est. reading time":"1 minut\u0117"},"schema":{"@context":"https:\/\/schema.org","@graph":[{"@type":"WebPage","@id":"https:\/\/protech.nu\/lt\/produktas\/ingersoll-rand-w5153-k22a-eu-1-2%e2%80%b3-745-nm-iqv20-akumuliatorinis-smuginis-verzliasukis-rinkinys-2-5-ah-5-0-ah-akumuliatoriai-ikroviklis-ir-deklas\/","url":"https:\/\/protech.nu\/lt\/produktas\/ingersoll-rand-w5153-k22a-eu-1-2%e2%80%b3-745-nm-iqv20-akumuliatorinis-smuginis-verzliasukis-rinkinys-2-5-ah-5-0-ah-akumuliatoriai-ikroviklis-ir-deklas\/","name":"Ingersoll Rand W5153-K22A-EU | 1\/2\u2033 745 Nm IQV20\u2122 akumuliatorinio sm\u016bginio ver\u017eliasukio rinkinys","isPartOf":{"@id":"https:\/\/protech.nu\/lt\/#website"},"primaryImageOfPage":{"@id":"https:\/\/protech.nu\/lt\/produktas\/ingersoll-rand-w5153-k22a-eu-1-2%e2%80%b3-745-nm-iqv20-akumuliatorinis-smuginis-verzliasukis-rinkinys-2-5-ah-5-0-ah-akumuliatoriai-ikroviklis-ir-deklas\/#primaryimage"},"image":{"@id":"https:\/\/protech.nu\/lt\/produktas\/ingersoll-rand-w5153-k22a-eu-1-2%e2%80%b3-745-nm-iqv20-akumuliatorinis-smuginis-verzliasukis-rinkinys-2-5-ah-5-0-ah-akumuliatoriai-ikroviklis-ir-deklas\/#primaryimage"},"thumbnailUrl":"https:\/\/protech.nu\/wp-content\/uploads\/2025\/08\/ingersoll-rand-w5153-k22a-eu-aku-lookmutrikeeraja-komplekt.jpg","datePublished":"2025-11-13T21:22:45+00:00","dateModified":"2025-12-01T23:12:59+00:00","description":"Ingersoll Rand W5153-K22A-EU \u2013 1\/2\u2033, 745 Nm IQV20\u2122 akumuliatorinis sm\u016bginis ver\u017eliasukis rinkinys su 2.5 Ah ir 5.0 Ah akumuliatoriais, \u012fkrovikliu ir tvirtu d\u0117klu. Puikus pasirinkimas automobili\u0173 remontui, industrijai ir \u012frangos prie\u017ei\u016brai. Greitas pristatymas Lietuvoje, Latvijoje, Estijoje ir Suomijoje.","breadcrumb":{"@id":"https:\/\/protech.nu\/lt\/produktas\/ingersoll-rand-w5153-k22a-eu-1-2%e2%80%b3-745-nm-iqv20-akumuliatorinis-smuginis-verzliasukis-rinkinys-2-5-ah-5-0-ah-akumuliatoriai-ikroviklis-ir-deklas\/#breadcrumb"},"inLanguage":"lt-LT","potentialAction":[{"@type":"ReadAction","target":["https:\/\/protech.nu\/lt\/produktas\/ingersoll-rand-w5153-k22a-eu-1-2%e2%80%b3-745-nm-iqv20-akumuliatorinis-smuginis-verzliasukis-rinkinys-2-5-ah-5-0-ah-akumuliatoriai-ikroviklis-ir-deklas\/"]}]},{"@type":"ImageObject","inLanguage":"lt-LT","@id":"https:\/\/protech.nu\/lt\/produktas\/ingersoll-rand-w5153-k22a-eu-1-2%e2%80%b3-745-nm-iqv20-akumuliatorinis-smuginis-verzliasukis-rinkinys-2-5-ah-5-0-ah-akumuliatoriai-ikroviklis-ir-deklas\/#primaryimage","url":"https:\/\/protech.nu\/wp-content\/uploads\/2025\/08\/ingersoll-rand-w5153-k22a-eu-aku-lookmutrikeeraja-komplekt.jpg","contentUrl":"https:\/\/protech.nu\/wp-content\/uploads\/2025\/08\/ingersoll-rand-w5153-k22a-eu-aku-lookmutrikeeraja-komplekt.jpg","width":600,"height":600,"caption":"Ingersoll Rand W5153-K22A-EU \u2013 1\/2\u2033, 745 Nm IQV20\u2122 akumuliatorinis sm\u016bginis ver\u017eliasukis rinkinys (2.5 Ah + 5.0 Ah akumuliatoriai, \u012fkroviklis ir d\u0117klas)"},{"@type":"BreadcrumbList","@id":"https:\/\/protech.nu\/lt\/produktas\/ingersoll-rand-w5153-k22a-eu-1-2%e2%80%b3-745-nm-iqv20-akumuliatorinis-smuginis-verzliasukis-rinkinys-2-5-ah-5-0-ah-akumuliatoriai-ikroviklis-ir-deklas\/#breadcrumb","itemListElement":[{"@type":"ListItem","position":1,"name":"WooCommerce Skydelis","item":"https:\/\/protech.nu\/lt\/"},{"@type":"ListItem","position":2,"name":"Tooted","item":"https:\/\/protech.nu\/products\/"},{"@type":"ListItem","position":3,"name":"Ingersoll Rand W5153-K22A-EU \u2013 1\/2\u2033, 745 Nm IQV20\u2122 akumuliatorinis sm\u016bginis ver\u017eliasukis rinkinys (2.5 Ah + 5.0 Ah akumuliatoriai, \u012fkroviklis ir d\u0117klas)"}]},{"@type":"WebSite","@id":"https:\/\/protech.nu\/lt\/#website","url":"https:\/\/protech.nu\/lt\/","name":"PROTECH","description":"","publisher":{"@id":"https:\/\/protech.nu\/lt\/#organization"},"potentialAction":[{"@type":"SearchAction","target":{"@type":"EntryPoint","urlTemplate":"https:\/\/protech.nu\/lt\/?s={search_term_string}"},"query-input":{"@type":"PropertyValueSpecification","valueRequired":true,"valueName":"search_term_string"}}],"inLanguage":"lt-LT"},{"@type":"Organization","@id":"https:\/\/protech.nu\/lt\/#organization","name":"MYPOWERTOOLSBOX","alternateName":"ProTech","url":"https:\/\/protech.nu\/lt\/","logo":{"@type":"ImageObject","inLanguage":"lt-LT","@id":"https:\/\/protech.nu\/lt\/#\/schema\/logo\/image\/","url":"https:\/\/2026.protech.nu\/wp-content\/uploads\/2026\/02\/ProTech.png","contentUrl":"https:\/\/2026.protech.nu\/wp-content\/uploads\/2026\/02\/ProTech.png","width":1024,"height":1024,"caption":"MYPOWERTOOLSBOX"},"image":{"@id":"https:\/\/protech.nu\/lt\/#\/schema\/logo\/image\/"},"sameAs":["https:\/\/www.facebook.com\/Protech.nu\/","https:\/\/www.instagram.com\/protech_sweden\/","https:\/\/www.linkedin.com\/company\/protech-professional-technologies-sweden-ab\/","https:\/\/www.youtube.com\/@Protech_nu"]}]}},"_links":{"self":[{"href":"https:\/\/protech.nu\/lt\/wp-json\/wp\/v2\/product\/3043","targetHints":{"allow":["GET"]}}],"collection":[{"href":"https:\/\/protech.nu\/lt\/wp-json\/wp\/v2\/product"}],"about":[{"href":"https:\/\/protech.nu\/lt\/wp-json\/wp\/v2\/types\/product"}],"replies":[{"embeddable":true,"href":"https:\/\/protech.nu\/lt\/wp-json\/wp\/v2\/comments?post=3043"}],"wp:featuredmedia":[{"embeddable":true,"href":"https:\/\/protech.nu\/lt\/wp-json\/wp\/v2\/media\/3042"}],"wp:attachment":[{"href":"https:\/\/protech.nu\/lt\/wp-json\/wp\/v2\/media?parent=3043"}],"wp:term":[{"taxonomy":"product_brand","embeddable":true,"href":"https:\/\/protech.nu\/lt\/wp-json\/wp\/v2\/product_brand?post=3043"},{"taxonomy":"product_cat","embeddable":true,"href":"https:\/\/protech.nu\/lt\/wp-json\/wp\/v2\/product_cat?post=3043"},{"taxonomy":"product_tag","embeddable":true,"href":"https:\/\/protech.nu\/lt\/wp-json\/wp\/v2\/product_tag?post=3043"}],"curies":[{"name":"wp","href":"https:\/\/api.w.org\/{rel}","templated":true}]}}