{"id":5810,"date":"2025-08-30T20:05:22","date_gmt":"2025-08-30T20:05:22","guid":{"rendered":"https:\/\/protech.nu\/toode\/ingersoll-rand-r3130-k12-eu-3-8%e2%80%b3-73-nm-iqv20-akumuliatorinio-terkslinio-rakto-komplektas-1x25-ah-akumuliatorius-ikroviklis-ir-deklas\/"},"modified":"2026-01-03T15:36:46","modified_gmt":"2026-01-03T15:36:46","slug":"ingersoll-rand-r3130-k12-eu-akumuliatorinio-terkslinio-rakto-komplektas","status":"publish","type":"product","link":"https:\/\/protech.nu\/lt\/produktas\/ingersoll-rand-r3130-k12-eu-akumuliatorinio-terkslinio-rakto-komplektas\/","title":{"rendered":"Ingersoll Rand R3130-K12-EU \u2013 3\/8\u2033, 73 Nm IQV20\u2122 akumuliatorinio terk\u0161linio rakto komplektas (1\u00d72,5 Ah akumuliatorius, \u012fkroviklis ir d\u0117klas)"},"content":{"rendered":"<div style=\"width: 1200px;\" class=\"wp-video\"><video class=\"wp-video-shortcode\" id=\"video-5810-1\" loop autoplay muted preload=\"metadata\" controls=\"controls\" playsinline><source type=\"video\/mp4\" src=\"https:\/\/protech.nu\/wp-content\/uploads\/2026\/01\/Slim-line-Cordless-Rachet-Ideal-for-Tight-Spaces.mp4?_=1\" \/><a href=\"https:\/\/protech.nu\/wp-content\/uploads\/2026\/01\/Slim-line-Cordless-Rachet-Ideal-for-Tight-Spaces.mp4\">https:\/\/protech.nu\/wp-content\/uploads\/2026\/01\/Slim-line-Cordless-Rachet-Ideal-for-Tight-Spaces.mp4<\/a><\/video><\/div>\n<p>&nbsp;<\/p>\n<p><strong>Ingersoll Rand R3130-K12-EU \u2013 3\/8\u2033, 73 Nm IQV20\u2122 akumuliatorinio terk\u0161linio rakto komplektas<\/strong> yra pilnai paruo\u0161tas sprendimas profesionaliems tvirtinimo ir prie\u017ei\u016bros darbams vietose, kur prieiga yra ribota. Komplekt\u0105 sudaro R3130 akumuliatorinis terk\u0161linis raktas, <strong>1\u00d72,5 Ah IQV20\u2122 li\u010dio jon\u0173 akumuliatorius<\/strong>, \u012fkroviklis ir tvirtas transportavimo d\u0117klas.<\/p>\n<p><strong>R3130 IQV20\u2122 akumuliatorinis terk\u0161linis raktas<\/strong> u\u017etikrina gali\u0105, tikslum\u0105 ir patikimum\u0105, kurio profesionalai tikisi i\u0161 Ingersoll Rand. Jis idealiai tinka darbui ten, kur \u012fprasti sm\u016bginiai ver\u017eliasukiai ar rankiniai \u012frankiai nepasiekia \u2013 automobili\u0173 servisuose, transporto park\u0173 prie\u017ei\u016broje, pramonin\u0117je technin\u0117je prie\u017ei\u016broje ir montavimo darbuose.<\/p>\n<p>Iki <strong>73 Nm atlaisvinimo sukimo momentas<\/strong> ir <strong>61 Nm priver\u017eimo momentas<\/strong> u\u017etikrina stabil\u0173 veikim\u0105 kasdien\u0117se profesionaliose u\u017eduotyse. <strong>Laisvosios eigos greitis \u2013 225 aps.\/min<\/strong> leid\u017eia dirbti efektyviai, o <strong>kintamo grei\u010dio jungiklis su elektroniniu stabd\u017eiu<\/strong> suteikia maksimal\u0173 valdym\u0105 \u2013 atleidus jungikl\u012f, pavara i\u0161 karto sustoja, taip padidinant saugum\u0105 ir darbo tikslum\u0105.<\/p>\n<p>Tvirta <strong>metalo ir kompozitini\u0173 med\u017eiag\u0173 konstrukcija<\/strong> suderina nedidel\u012f svor\u012f ir didel\u012f mechanin\u012f atsparum\u0105. <strong>Sustiprinta rankena<\/strong> ir <strong>plieninis r\u0117mas<\/strong> apsaugo vidinius komponentus nuo sm\u016bgi\u0173 ir kritim\u0173, u\u017etikrindami ilgalaik\u012f naudojim\u0105 sud\u0117tingomis darbo s\u0105lygomis.<\/p>\n<p>R3130 naudoja t\u0105 pa\u010di\u0105 patikrint\u0105 <strong>terk\u0161linio rakto galvut\u0119<\/strong> ir <strong>visi\u0161kai metalin\u0119 pavar\u0173 sistem\u0105<\/strong>, kaip ir Ingersoll Rand pneumatiniai modeliai, tod\u0117l pasi\u017eymi i\u0161skirtiniu patikimumu ir ilgaam\u017ei\u0161kumu. Kaip <strong>IQV20\u2122 20 V akumuliatori\u0173 platformos<\/strong> dalis, \u0161is \u012frankis suderinamas su pla\u010diu Ingersoll Rand belaid\u017ei\u0173 \u012franki\u0173 asortimentu, ma\u017einant prastovas ir bendras eksploatacines s\u0105naudas.<\/p>\n<p>Komplekte esantis <strong>1\u00d72,5 Ah akumuliatorius<\/strong>, <strong>\u012fkroviklis<\/strong> ir <strong>apsauginis d\u0117klas<\/strong> leid\u017eia i\u0161 karto prad\u0117ti darb\u0105 ir u\u017etikrina patog\u0173 transportavim\u0105 bei laikym\u0105.<\/p>\n<h3>Pagrindiniai privalumai<\/h3>\n<ul>\n<li><strong>Paruo\u0161tas komplektas<\/strong> \u2013 \u012frankis, 1\u00d72,5 Ah akumuliatorius, \u012fkroviklis ir d\u0117klas<\/li>\n<li><strong>Belaidis patogumas<\/strong> \u2013 nereikia oro \u017earn\u0173 ir kompresoriaus<\/li>\n<li><strong>Kompakti\u0161ka \u201eslim-line\u201c konstrukcija<\/strong> \u2013 darbui ank\u0161tose ir sunkiai pasiekiamose vietose<\/li>\n<li><strong>Tikslus valdymas<\/strong> \u2013 kintamo grei\u010dio jungiklis su elektroniniu stabd\u017eiu<\/li>\n<li><strong>Tvirta konstrukcija<\/strong> \u2013 metalin\u0117 pavara, plieninis r\u0117mas, sustiprinta rankena<\/li>\n<li><strong>IQV20\u2122 platforma<\/strong> \u2013 vienas akumuliatorius visiems Ingersoll Rand 20 V \u012frankiams<\/li>\n<li><strong>3 met\u0173 garantija<\/strong> \u2013 skirta kasdieniam profesionaliam naudojimui<\/li>\n<\/ul>\n<h3>Naudojimo sritys<\/h3>\n<ul>\n<li>Automobili\u0173 servisai ir remonto dirbtuv\u0117s<\/li>\n<li>Sunkve\u017eimi\u0173, autobus\u0173 ir transporto park\u0173 prie\u017ei\u016bra<\/li>\n<li>Pramonin\u0117 technin\u0117 prie\u017ei\u016bra ir gamybos linijos<\/li>\n<li>Profesionalai, kuriems reikalingas kompakti\u0161kas ir tikslus tvirtinimo \u012frankis<\/li>\n<\/ul>\n<p><strong>Atsisi\u0173sti IQV20\u2122 produkt\u0173 katalog\u0105:<\/strong><\/p>\n<div style=\"margin: 0 0 10px 0;\"><a style=\"display: inline-block; padding: 10px 16px; border: 2px solid #E14A2D; border-radius: 4px; text-decoration: none; font-weight: 600; color: #e14a2d;\" href=\"https:\/\/protech.nu\/wp-content\/uploads\/2025\/09\/ingersoll-rand-iqv20-cordless-tools-catalog.pdf\" target=\"_blank\" rel=\"noopener\">Ingersoll Rand IQV20\u2122 Cordless Tools \u2013 Product Catalog (EN)<br \/>\n<\/a><\/div>\n","protected":false},"excerpt":{"rendered":"<p><strong>Ingersoll Rand R3130-K12-EU \u2013 3\/8\u2033 IQV20\u2122 akumuliatorinio terk\u0161linio rakto komplektas<\/strong> apima \u012frank\u012f, <strong>1\u00d72,5 Ah akumuliatori\u0173<\/strong>, \u012fkrovikl\u012f ir d\u0117kl\u0105 \u2013 paruo\u0161ta profesionaliam naudojimui.<\/p>\n<p>Iki <strong>73 Nm atlaisvinimo sukimo momentas<\/strong>, kompakti\u0161ka \u201eslim-line\u201c konstrukcija ir kintamas greitis su elektroniniu stabd\u017eiu u\u017etikrina tiksl\u0173 darb\u0105 ank\u0161tose vietose.<\/p>\n<p><strong>IQV20\u2122 akumuliatori\u0173 platforma<\/strong> u\u017etikrina suderinamum\u0105 su visais Ingersoll Rand 20 V belaid\u017eiais \u012frankiais.<\/p>\n","protected":false},"featured_media":5809,"comment_status":"open","ping_status":"closed","template":"","meta":{"_acf_changed":false,"_monsterinsights_skip_tracking":false,"_monsterinsights_sitenote_active":false,"_monsterinsights_sitenote_note":"","_monsterinsights_sitenote_category":0,"_themeisle_gutenberg_block_has_review":false},"product_brand":[],"product_cat":[235,126],"product_tag":[161],"class_list":{"0":"post-5810","1":"product","2":"type-product","3":"status-publish","4":"has-post-thumbnail","6":"product_cat-ingersoll-rand-akumuliatoriniai-terksliniai-raktai","7":"product_cat-ingersoll-rand-iqv20-series","8":"product_tag-no-demo","10":"first","11":"instock","12":"taxable","13":"shipping-taxable","14":"purchasable","15":"product-type-simple"},"acf":[],"yoast_head":"<!-- This site is optimized with the Yoast SEO plugin v27.5 - https:\/\/yoast.com\/product\/yoast-seo-wordpress\/ -->\n<title>Ingersoll Rand R3130-K12-EU \u2013 3\/8\u2033 73 Nm IQV20\u2122 akumuliatorinio terk\u0161linio rakto komplektas<\/title>\n<meta name=\"description\" content=\"Ingersoll Rand R3130-K12-EU IQV20\u2122 akumuliatorinio terk\u0161linio rakto komplektas su 1\u00d72,5 Ah akumuliatoriumi, \u012fkrovikliu ir d\u0117klu. 73 Nm galia, kompakti\u0161ka konstrukcija ir profesionalus patikimumas.\" \/>\n<meta name=\"robots\" content=\"index, follow, max-snippet:-1, max-image-preview:large, max-video-preview:-1\" \/>\n<link rel=\"canonical\" href=\"https:\/\/protech.nu\/lt\/produktas\/ingersoll-rand-r3130-k12-eu-akumuliatorinio-terkslinio-rakto-komplektas\/\" \/>\n<meta property=\"og:locale\" content=\"lt_LT\" \/>\n<meta property=\"og:type\" content=\"article\" \/>\n<meta property=\"og:title\" content=\"Ingersoll Rand R3130-K12-EU \u2013 3\/8\u2033 73 Nm IQV20\u2122 akumuliatorinio terk\u0161linio rakto komplektas\" \/>\n<meta property=\"og:description\" content=\"Ingersoll Rand R3130-K12-EU IQV20\u2122 akumuliatorinio terk\u0161linio rakto komplektas su 1\u00d72,5 Ah akumuliatoriumi, \u012fkrovikliu ir d\u0117klu. 73 Nm galia, kompakti\u0161ka konstrukcija ir profesionalus patikimumas.\" \/>\n<meta property=\"og:url\" content=\"https:\/\/protech.nu\/lt\/produktas\/ingersoll-rand-r3130-k12-eu-akumuliatorinio-terkslinio-rakto-komplektas\/\" \/>\n<meta property=\"og:site_name\" content=\"ProTech\" \/>\n<meta property=\"article:publisher\" content=\"https:\/\/www.facebook.com\/Protech.nu\/\" \/>\n<meta property=\"article:modified_time\" content=\"2026-01-03T15:36:46+00:00\" \/>\n<meta property=\"og:image\" content=\"https:\/\/protech.nu\/wp-content\/uploads\/2026\/02\/ProTech.png\" \/>\n\t<meta property=\"og:image:width\" content=\"1024\" \/>\n\t<meta property=\"og:image:height\" content=\"1024\" \/>\n\t<meta property=\"og:image:type\" content=\"image\/png\" \/>\n<meta name=\"twitter:card\" content=\"summary_large_image\" \/>\n<meta name=\"twitter:label1\" content=\"Est. reading time\" \/>\n\t<meta name=\"twitter:data1\" content=\"2 minut\u0117s\" \/>\n<script type=\"application\/ld+json\" class=\"yoast-schema-graph\">{\"@context\":\"https:\\\/\\\/schema.org\",\"@graph\":[{\"@type\":\"WebPage\",\"@id\":\"https:\\\/\\\/protech.nu\\\/lt\\\/produktas\\\/ingersoll-rand-r3130-k12-eu-akumuliatorinio-terkslinio-rakto-komplektas\\\/\",\"url\":\"https:\\\/\\\/protech.nu\\\/lt\\\/produktas\\\/ingersoll-rand-r3130-k12-eu-akumuliatorinio-terkslinio-rakto-komplektas\\\/\",\"name\":\"Ingersoll Rand R3130-K12-EU \u2013 3\\\/8\u2033 73 Nm IQV20\u2122 akumuliatorinio terk\u0161linio rakto komplektas\",\"isPartOf\":{\"@id\":\"https:\\\/\\\/protech.nu\\\/lt\\\/#website\"},\"primaryImageOfPage\":{\"@id\":\"https:\\\/\\\/protech.nu\\\/lt\\\/produktas\\\/ingersoll-rand-r3130-k12-eu-akumuliatorinio-terkslinio-rakto-komplektas\\\/#primaryimage\"},\"image\":{\"@id\":\"https:\\\/\\\/protech.nu\\\/lt\\\/produktas\\\/ingersoll-rand-r3130-k12-eu-akumuliatorinio-terkslinio-rakto-komplektas\\\/#primaryimage\"},\"thumbnailUrl\":\"https:\\\/\\\/protech.nu\\\/wp-content\\\/uploads\\\/2025\\\/08\\\/ingersoll-rand-r3130-k12-eu-aku-ratsellikomplekt.avif\",\"datePublished\":\"2025-08-30T20:05:22+00:00\",\"dateModified\":\"2026-01-03T15:36:46+00:00\",\"description\":\"Ingersoll Rand R3130-K12-EU IQV20\u2122 akumuliatorinio terk\u0161linio rakto komplektas su 1\u00d72,5 Ah akumuliatoriumi, \u012fkrovikliu ir d\u0117klu. 73 Nm galia, kompakti\u0161ka konstrukcija ir profesionalus patikimumas.\",\"breadcrumb\":{\"@id\":\"https:\\\/\\\/protech.nu\\\/lt\\\/produktas\\\/ingersoll-rand-r3130-k12-eu-akumuliatorinio-terkslinio-rakto-komplektas\\\/#breadcrumb\"},\"inLanguage\":\"lt-LT\",\"potentialAction\":[{\"@type\":\"ReadAction\",\"target\":[\"https:\\\/\\\/protech.nu\\\/lt\\\/produktas\\\/ingersoll-rand-r3130-k12-eu-akumuliatorinio-terkslinio-rakto-komplektas\\\/\"]}]},{\"@type\":\"ImageObject\",\"inLanguage\":\"lt-LT\",\"@id\":\"https:\\\/\\\/protech.nu\\\/lt\\\/produktas\\\/ingersoll-rand-r3130-k12-eu-akumuliatorinio-terkslinio-rakto-komplektas\\\/#primaryimage\",\"url\":\"https:\\\/\\\/protech.nu\\\/wp-content\\\/uploads\\\/2025\\\/08\\\/ingersoll-rand-r3130-k12-eu-aku-ratsellikomplekt.avif\",\"contentUrl\":\"https:\\\/\\\/protech.nu\\\/wp-content\\\/uploads\\\/2025\\\/08\\\/ingersoll-rand-r3130-k12-eu-aku-ratsellikomplekt.avif\",\"width\":450,\"height\":450,\"caption\":\"Ingersoll Rand R3150-K12-EU \u2013 profesionalus IQV20\u2122 akumuliatorinio terk\u0161linio rakto komplektas.\"},{\"@type\":\"BreadcrumbList\",\"@id\":\"https:\\\/\\\/protech.nu\\\/lt\\\/produktas\\\/ingersoll-rand-r3130-k12-eu-akumuliatorinio-terkslinio-rakto-komplektas\\\/#breadcrumb\",\"itemListElement\":[{\"@type\":\"ListItem\",\"position\":1,\"name\":\"WooCommerce Skydelis\",\"item\":\"https:\\\/\\\/protech.nu\\\/lt\\\/\"},{\"@type\":\"ListItem\",\"position\":2,\"name\":\"Tooted\",\"item\":\"https:\\\/\\\/protech.nu\\\/products\\\/\"},{\"@type\":\"ListItem\",\"position\":3,\"name\":\"Ingersoll Rand R3130-K12-EU \u2013 3\\\/8\u2033, 73 Nm IQV20\u2122 akumuliatorinio terk\u0161linio rakto komplektas (1\u00d72,5 Ah akumuliatorius, \u012fkroviklis ir d\u0117klas)\"}]},{\"@type\":\"WebSite\",\"@id\":\"https:\\\/\\\/protech.nu\\\/lt\\\/#website\",\"url\":\"https:\\\/\\\/protech.nu\\\/lt\\\/\",\"name\":\"PROTECH\",\"description\":\"\",\"publisher\":{\"@id\":\"https:\\\/\\\/protech.nu\\\/lt\\\/#organization\"},\"potentialAction\":[{\"@type\":\"SearchAction\",\"target\":{\"@type\":\"EntryPoint\",\"urlTemplate\":\"https:\\\/\\\/protech.nu\\\/lt\\\/?s={search_term_string}\"},\"query-input\":{\"@type\":\"PropertyValueSpecification\",\"valueRequired\":true,\"valueName\":\"search_term_string\"}}],\"inLanguage\":\"lt-LT\"},{\"@type\":\"Organization\",\"@id\":\"https:\\\/\\\/protech.nu\\\/lt\\\/#organization\",\"name\":\"MYPOWERTOOLSBOX\",\"alternateName\":\"ProTech\",\"url\":\"https:\\\/\\\/protech.nu\\\/lt\\\/\",\"logo\":{\"@type\":\"ImageObject\",\"inLanguage\":\"lt-LT\",\"@id\":\"https:\\\/\\\/protech.nu\\\/lt\\\/#\\\/schema\\\/logo\\\/image\\\/\",\"url\":\"https:\\\/\\\/2026.protech.nu\\\/wp-content\\\/uploads\\\/2026\\\/02\\\/ProTech.png\",\"contentUrl\":\"https:\\\/\\\/2026.protech.nu\\\/wp-content\\\/uploads\\\/2026\\\/02\\\/ProTech.png\",\"width\":1024,\"height\":1024,\"caption\":\"MYPOWERTOOLSBOX\"},\"image\":{\"@id\":\"https:\\\/\\\/protech.nu\\\/lt\\\/#\\\/schema\\\/logo\\\/image\\\/\"},\"sameAs\":[\"https:\\\/\\\/www.facebook.com\\\/Protech.nu\\\/\",\"https:\\\/\\\/www.instagram.com\\\/protech_sweden\\\/\",\"https:\\\/\\\/www.linkedin.com\\\/company\\\/protech-professional-technologies-sweden-ab\\\/\",\"https:\\\/\\\/www.youtube.com\\\/@Protech_nu\"]}]}<\/script>\n<!-- \/ Yoast SEO plugin. -->","yoast_head_json":{"title":"Ingersoll Rand R3130-K12-EU \u2013 3\/8\u2033 73 Nm IQV20\u2122 akumuliatorinio terk\u0161linio rakto komplektas","description":"Ingersoll Rand R3130-K12-EU IQV20\u2122 akumuliatorinio terk\u0161linio rakto komplektas su 1\u00d72,5 Ah akumuliatoriumi, \u012fkrovikliu ir d\u0117klu. 73 Nm galia, kompakti\u0161ka konstrukcija ir profesionalus patikimumas.","robots":{"index":"index","follow":"follow","max-snippet":"max-snippet:-1","max-image-preview":"max-image-preview:large","max-video-preview":"max-video-preview:-1"},"canonical":"https:\/\/protech.nu\/lt\/produktas\/ingersoll-rand-r3130-k12-eu-akumuliatorinio-terkslinio-rakto-komplektas\/","og_locale":"lt_LT","og_type":"article","og_title":"Ingersoll Rand R3130-K12-EU \u2013 3\/8\u2033 73 Nm IQV20\u2122 akumuliatorinio terk\u0161linio rakto komplektas","og_description":"Ingersoll Rand R3130-K12-EU IQV20\u2122 akumuliatorinio terk\u0161linio rakto komplektas su 1\u00d72,5 Ah akumuliatoriumi, \u012fkrovikliu ir d\u0117klu. 73 Nm galia, kompakti\u0161ka konstrukcija ir profesionalus patikimumas.","og_url":"https:\/\/protech.nu\/lt\/produktas\/ingersoll-rand-r3130-k12-eu-akumuliatorinio-terkslinio-rakto-komplektas\/","og_site_name":"ProTech","article_publisher":"https:\/\/www.facebook.com\/Protech.nu\/","article_modified_time":"2026-01-03T15:36:46+00:00","og_image":[{"width":1024,"height":1024,"url":"https:\/\/protech.nu\/wp-content\/uploads\/2026\/02\/ProTech.png","type":"image\/png"}],"twitter_card":"summary_large_image","twitter_misc":{"Est. reading time":"2 minut\u0117s"},"schema":{"@context":"https:\/\/schema.org","@graph":[{"@type":"WebPage","@id":"https:\/\/protech.nu\/lt\/produktas\/ingersoll-rand-r3130-k12-eu-akumuliatorinio-terkslinio-rakto-komplektas\/","url":"https:\/\/protech.nu\/lt\/produktas\/ingersoll-rand-r3130-k12-eu-akumuliatorinio-terkslinio-rakto-komplektas\/","name":"Ingersoll Rand R3130-K12-EU \u2013 3\/8\u2033 73 Nm IQV20\u2122 akumuliatorinio terk\u0161linio rakto komplektas","isPartOf":{"@id":"https:\/\/protech.nu\/lt\/#website"},"primaryImageOfPage":{"@id":"https:\/\/protech.nu\/lt\/produktas\/ingersoll-rand-r3130-k12-eu-akumuliatorinio-terkslinio-rakto-komplektas\/#primaryimage"},"image":{"@id":"https:\/\/protech.nu\/lt\/produktas\/ingersoll-rand-r3130-k12-eu-akumuliatorinio-terkslinio-rakto-komplektas\/#primaryimage"},"thumbnailUrl":"https:\/\/protech.nu\/wp-content\/uploads\/2025\/08\/ingersoll-rand-r3130-k12-eu-aku-ratsellikomplekt.avif","datePublished":"2025-08-30T20:05:22+00:00","dateModified":"2026-01-03T15:36:46+00:00","description":"Ingersoll Rand R3130-K12-EU IQV20\u2122 akumuliatorinio terk\u0161linio rakto komplektas su 1\u00d72,5 Ah akumuliatoriumi, \u012fkrovikliu ir d\u0117klu. 73 Nm galia, kompakti\u0161ka konstrukcija ir profesionalus patikimumas.","breadcrumb":{"@id":"https:\/\/protech.nu\/lt\/produktas\/ingersoll-rand-r3130-k12-eu-akumuliatorinio-terkslinio-rakto-komplektas\/#breadcrumb"},"inLanguage":"lt-LT","potentialAction":[{"@type":"ReadAction","target":["https:\/\/protech.nu\/lt\/produktas\/ingersoll-rand-r3130-k12-eu-akumuliatorinio-terkslinio-rakto-komplektas\/"]}]},{"@type":"ImageObject","inLanguage":"lt-LT","@id":"https:\/\/protech.nu\/lt\/produktas\/ingersoll-rand-r3130-k12-eu-akumuliatorinio-terkslinio-rakto-komplektas\/#primaryimage","url":"https:\/\/protech.nu\/wp-content\/uploads\/2025\/08\/ingersoll-rand-r3130-k12-eu-aku-ratsellikomplekt.avif","contentUrl":"https:\/\/protech.nu\/wp-content\/uploads\/2025\/08\/ingersoll-rand-r3130-k12-eu-aku-ratsellikomplekt.avif","width":450,"height":450,"caption":"Ingersoll Rand R3150-K12-EU \u2013 profesionalus IQV20\u2122 akumuliatorinio terk\u0161linio rakto komplektas."},{"@type":"BreadcrumbList","@id":"https:\/\/protech.nu\/lt\/produktas\/ingersoll-rand-r3130-k12-eu-akumuliatorinio-terkslinio-rakto-komplektas\/#breadcrumb","itemListElement":[{"@type":"ListItem","position":1,"name":"WooCommerce Skydelis","item":"https:\/\/protech.nu\/lt\/"},{"@type":"ListItem","position":2,"name":"Tooted","item":"https:\/\/protech.nu\/products\/"},{"@type":"ListItem","position":3,"name":"Ingersoll Rand R3130-K12-EU \u2013 3\/8\u2033, 73 Nm IQV20\u2122 akumuliatorinio terk\u0161linio rakto komplektas (1\u00d72,5 Ah akumuliatorius, \u012fkroviklis ir d\u0117klas)"}]},{"@type":"WebSite","@id":"https:\/\/protech.nu\/lt\/#website","url":"https:\/\/protech.nu\/lt\/","name":"PROTECH","description":"","publisher":{"@id":"https:\/\/protech.nu\/lt\/#organization"},"potentialAction":[{"@type":"SearchAction","target":{"@type":"EntryPoint","urlTemplate":"https:\/\/protech.nu\/lt\/?s={search_term_string}"},"query-input":{"@type":"PropertyValueSpecification","valueRequired":true,"valueName":"search_term_string"}}],"inLanguage":"lt-LT"},{"@type":"Organization","@id":"https:\/\/protech.nu\/lt\/#organization","name":"MYPOWERTOOLSBOX","alternateName":"ProTech","url":"https:\/\/protech.nu\/lt\/","logo":{"@type":"ImageObject","inLanguage":"lt-LT","@id":"https:\/\/protech.nu\/lt\/#\/schema\/logo\/image\/","url":"https:\/\/2026.protech.nu\/wp-content\/uploads\/2026\/02\/ProTech.png","contentUrl":"https:\/\/2026.protech.nu\/wp-content\/uploads\/2026\/02\/ProTech.png","width":1024,"height":1024,"caption":"MYPOWERTOOLSBOX"},"image":{"@id":"https:\/\/protech.nu\/lt\/#\/schema\/logo\/image\/"},"sameAs":["https:\/\/www.facebook.com\/Protech.nu\/","https:\/\/www.instagram.com\/protech_sweden\/","https:\/\/www.linkedin.com\/company\/protech-professional-technologies-sweden-ab\/","https:\/\/www.youtube.com\/@Protech_nu"]}]}},"_links":{"self":[{"href":"https:\/\/protech.nu\/lt\/wp-json\/wp\/v2\/product\/5810","targetHints":{"allow":["GET"]}}],"collection":[{"href":"https:\/\/protech.nu\/lt\/wp-json\/wp\/v2\/product"}],"about":[{"href":"https:\/\/protech.nu\/lt\/wp-json\/wp\/v2\/types\/product"}],"replies":[{"embeddable":true,"href":"https:\/\/protech.nu\/lt\/wp-json\/wp\/v2\/comments?post=5810"}],"wp:featuredmedia":[{"embeddable":true,"href":"https:\/\/protech.nu\/lt\/wp-json\/wp\/v2\/media\/5809"}],"wp:attachment":[{"href":"https:\/\/protech.nu\/lt\/wp-json\/wp\/v2\/media?parent=5810"}],"wp:term":[{"taxonomy":"product_brand","embeddable":true,"href":"https:\/\/protech.nu\/lt\/wp-json\/wp\/v2\/product_brand?post=5810"},{"taxonomy":"product_cat","embeddable":true,"href":"https:\/\/protech.nu\/lt\/wp-json\/wp\/v2\/product_cat?post=5810"},{"taxonomy":"product_tag","embeddable":true,"href":"https:\/\/protech.nu\/lt\/wp-json\/wp\/v2\/product_tag?post=5810"}],"curies":[{"name":"wp","href":"https:\/\/api.w.org\/{rel}","templated":true}]}}