{"id":6385,"date":"2026-01-15T15:44:34","date_gmt":"2026-01-15T14:44:34","guid":{"rendered":"https:\/\/protech.nu\/par-mums\/"},"modified":"2026-01-15T19:45:02","modified_gmt":"2026-01-15T19:45:02","slug":"par-mums","status":"publish","type":"page","link":"https:\/\/protech.nu\/lv\/par-mums\/","title":{"rendered":"Par mums"},"content":{"rendered":"<section class=\"protech-about\" style=\"max-width: 900px; margin: 0 auto;\">\n<p><!-- LOGO --><\/p>\n<div class=\"protech-about-logo\" style=\"text-align: center; margin: 10px 0 30px 0;\">\n  <img fetchpriority=\"high\" decoding=\"async\" class=\"size-full wp-image-6130 alignleft\"\n       src=\"https:\/\/protech.nu\/wp-content\/uploads\/2026\/01\/cropped-3039344f-dba9-4168-b8d7-ff9fa42b7fe1.jpeg\"\n       alt=\"Professional Technologies Sweden AB (ProTech) logo\"\n       width=\"493\"\n       height=\"250\" srcset=\"https:\/\/protech.nu\/wp-content\/uploads\/2026\/01\/cropped-3039344f-dba9-4168-b8d7-ff9fa42b7fe1.jpeg 493w, https:\/\/protech.nu\/wp-content\/uploads\/2026\/01\/cropped-3039344f-dba9-4168-b8d7-ff9fa42b7fe1-300x152.jpeg 300w, https:\/\/protech.nu\/wp-content\/uploads\/2026\/01\/cropped-3039344f-dba9-4168-b8d7-ff9fa42b7fe1-18x9.jpeg 18w\" sizes=\"(max-width: 493px) 100vw, 493px\" \/>\n<\/div>\n<p><!-- INTRO --><\/p>\n<p>\n  <strong>Professional Technologies Sweden AB (ProTech)<\/strong> ir Zviedrijas r\u016bpniecisko instrumentu un pakalpojumu uz\u0146\u0113mums, kas koncentr\u0113jas uz augstas kvalit\u0101tes risin\u0101jumiem ra\u017eo\u0161anas, apkopes un r\u016bpniec\u012bbas uz\u0146\u0113mumiem.<br \/>\n  M\u016bsu galvenais birojs atrodas Zviedrijas rietumu piekrast\u0113 <strong>Stenungsund\u0101<\/strong>, aptuveni da\u017eus desmitus kilometru uz zieme\u013ciem no G\u0113teborgas, un m\u0113s apkalpojam klientus vis\u0101 Zviedrij\u0101.\n<\/p>\n<p>\n  ProTech stipr\u0101 puse ir padzi\u013cin\u0101tas tehnisk\u0101s zin\u0101\u0161anas, ilggad\u0113ja pieredze un cie\u0161a sadarb\u012bba ar vado\u0161ajiem r\u016bpniec\u012bbas z\u012bmoliem.\n<\/p>\n<hr style=\"margin: 28px 0;\" \/>\n<p><!-- HISTORY --><\/p>\n<h3>M\u016bsu v\u0113sture un att\u012bst\u012bba<\/h3>\n<ul style=\"margin-top: 12px;\">\n<li><strong>2006<\/strong> \u2013 ProTech uzs\u0101ka darb\u012bbu, kad Ingersoll Rand l\u016bdza m\u016bs p\u0101r\u0146emt pneimatisko starteru tirdzniec\u012bbu un apkalpo\u0161anu Volvo Penta pielietojumiem. Taj\u0101 pa\u0161\u0101 period\u0101 tika uzs\u0101kta ar\u012b Ingersoll Rand gaisa motoru tirdzniec\u012bba, k\u0101 ar\u012b pabeigta kvalit\u0101tes un vides vad\u012bbas sist\u0113mu sertifik\u0101cija.<\/li>\n<li><strong>2008<\/strong> \u2013 P\u0101rcel\u0161an\u0101s uz piem\u0113rot\u0101k\u0101m telp\u0101m Munker\u00f6d apkaim\u0113 Stenungsund\u0101 un piek\u013cuve visam Ingersoll Rand produktu portfelim.<\/li>\n<li><strong>2010<\/strong> \u2013 Servisa darb\u012bbas papla\u0161in\u0101\u0161ana, papildu speci\u0101lista pie\u0146em\u0161ana darb\u0101 un invest\u012bcijas griezes momenta instrumentu kalibr\u0113\u0161anas iek\u0101rt\u0101s. Uzs\u0101kta Stahlwille un Simson produktu izplat\u012b\u0161ana.<\/li>\n<li><strong>2011<\/strong> \u2013 Papildu person\u0101la pie\u0146em\u0161ana darb\u0101 un darbn\u012bcas izveide Sk\u00f6vde.<\/li>\n<li><strong>2012<\/strong> \u2013 Sortimenta papla\u0161in\u0101\u0161ana un izplat\u012b\u0161anas un sadarb\u012bbas l\u012bgumu nosl\u0113g\u0161ana ar vair\u0101kiem r\u016bpniec\u012bbas partneriem.<\/li>\n<li><strong>2013<\/strong> \u2013 Papildu darb\u012bbas ieg\u0101de Sk\u00f6vde, kas nodro\u0161in\u0101ja jaunas telpas un papla\u0161in\u0101tu kompetenci.<\/li>\n<li><strong>2015<\/strong> \u2013 Strat\u0113\u0123isks l\u0113mums koncentr\u0113ties uz pamatkompetenc\u0113m; hidraulikas darb\u012bba tika p\u0101rdota.<\/li>\n<li><strong>2016<\/strong> \u2013 Sk\u00f6vde darb\u012bba tika p\u0101rdota uz\u0146\u0113mumam Svets och Materialteknik i Skaraborg AB. Fokuss un invest\u012bcijas tika koncentr\u0113tas Stenungsund\u0101.<\/li>\n<li><strong>2018<\/strong> \u2013 Nosl\u0113gts valsts m\u0113roga sadarb\u012bbas l\u012bgums ar RECNorm, kas ir noz\u012bm\u012bgs pat\u0113ri\u0146a un stiprin\u0101jumu materi\u0101lu pieg\u0101d\u0101t\u0101js r\u016bpniec\u012bbai un apkopei.<\/li>\n<\/ul>\n<hr style=\"margin: 28px 0;\" \/>\n<p><!-- NEW ERA --><\/p>\n<h3>Jauns posms no 2026. gada<\/h3>\n<p>\n  <strong>2026. gada 1. janv\u0101r\u012b<\/strong> <strong>Andrus Paabusk<\/strong> pievienoj\u0101s ProTech k\u0101 l\u012bdz\u012bpa\u0161nieks, ienesot vair\u0101k nek\u0101 <strong>20 gadu pieredzi<\/strong> Ingersoll Rand produktu, tehnisko risin\u0101jumu un starptautisk\u0101s p\u0101rdo\u0161anas jom\u0101.\n<\/p>\n<p>\u0160is solis stiprina ProTech poz\u012bcijas \u012bpa\u0161i \u0161\u0101d\u0101s jom\u0101s:<\/p>\n<ul>\n<li>tehnisk\u0101 kompetence r\u016bpniecisko instrumentu jom\u0101,<\/li>\n<li>konsult\u0101cijas sare\u017e\u0123\u012btos klientu pielietojumos,<\/li>\n<li>kvalit\u0101tes, izsekojam\u012bbas un procesu risin\u0101jumi.<\/li>\n<\/ul>\n<p>\n  M\u016bsu m\u0113r\u0137is ir izveidot stabilu pamatu ProTech turpm\u0101kai izaugsmei un ilgtermi\u0146a partner\u012bbai ar r\u016bpniec\u012bbas klientiem Zviedrij\u0101 un kaimi\u0146re\u0123ionos.\n<\/p>\n<hr style=\"margin: 28px 0;\" \/>\n<p><!-- TODAY --><\/p>\n<h3>M\u016bsu fokuss \u0161odien<\/h3>\n<p>\u0160obr\u012bd ProTech koncentr\u0113jas uz:<\/p>\n<ul>\n<li>r\u016bpniecisko instrumentu tirdzniec\u012bbu un apkalpo\u0161anu,<\/li>\n<li>kalibr\u0113\u0161anas un kvalit\u0101tes pakalpojumiem,<\/li>\n<li>ilgtermi\u0146a sadarb\u012bbu ar profesion\u0101liem klientiem.<\/li>\n<\/ul>\n<p>\n  M\u016bsu m\u0113r\u0137is ir b\u016bt <strong>uzticamam un tehniski kompetentam partnerim<\/strong>, kas pal\u012bdz klientiem uzlabot darb\u012bbas dro\u0161\u012bbu, kvalit\u0101ti un efektivit\u0101ti.\n<\/p>\n<\/section>\n\n<figure class=\"wp-block-image size-full is-resized\"><img decoding=\"async\" width=\"125\" height=\"60\" src=\"https:\/\/protech.nu\/wp-content\/uploads\/2026\/01\/Picture1.jpg\" alt=\"\" class=\"wp-image-6113\" style=\"aspect-ratio:2.083482676224612;width:275px;height:auto\" srcset=\"https:\/\/protech.nu\/wp-content\/uploads\/2026\/01\/Picture1.jpg 125w, https:\/\/protech.nu\/wp-content\/uploads\/2026\/01\/Picture1-18x9.jpg 18w\" sizes=\"(max-width: 125px) 100vw, 125px\" \/><\/figure>\n\n<p><\/p>\n","protected":false},"excerpt":{"rendered":"<p>Professional Technologies Sweden AB (ProTech) ir Zviedrijas r\u016bpniecisko instrumentu un pakalpojumu uz\u0146\u0113mums, kas koncentr\u0113jas uz augstas kvalit\u0101tes risin\u0101jumiem ra\u017eo\u0161anas, apkopes un r\u016bpniec\u012bbas uz\u0146\u0113mumiem. M\u016bsu galvenais birojs atrodas Zviedrijas rietumu piekrast\u0113 Stenungsund\u0101, aptuveni da\u017eus desmitus kilometru uz zieme\u013ciem no G\u0113teborgas, un m\u0113s apkalpojam klientus vis\u0101 Zviedrij\u0101. ProTech stipr\u0101 puse ir padzi\u013cin\u0101tas tehnisk\u0101s zin\u0101\u0161anas, ilggad\u0113ja pieredze un [&hellip;]<\/p>\n","protected":false},"author":1,"featured_media":0,"parent":0,"menu_order":0,"comment_status":"closed","ping_status":"closed","template":"","meta":{"_acf_changed":false,"_monsterinsights_skip_tracking":false,"_monsterinsights_sitenote_active":false,"_monsterinsights_sitenote_note":"","_monsterinsights_sitenote_category":0,"_themeisle_gutenberg_block_has_review":false,"footnotes":""},"class_list":["post-6385","page","type-page","status-publish","hentry"],"acf":[],"yoast_head":"<!-- This site is optimized with the Yoast SEO plugin v27.4 - https:\/\/yoast.com\/product\/yoast-seo-wordpress\/ -->\n<title>Par mums \u2013 Professional Technologies Sweden AB | ProTech<\/title>\n<meta name=\"description\" content=\"Professional Technologies Sweden AB (ProTech) ir Zviedrijas r\u016bpniecisko instrumentu un pakalpojumu uz\u0146\u0113mums, kas profesion\u0101liem klientiem pied\u0101v\u0101 tirdzniec\u012bbas, servisa un kalibr\u0113\u0161anas risin\u0101jumus.\" \/>\n<meta name=\"robots\" content=\"index, follow, max-snippet:-1, max-image-preview:large, max-video-preview:-1\" \/>\n<link rel=\"canonical\" href=\"https:\/\/protech.nu\/lv\/par-mums\/\" \/>\n<meta property=\"og:locale\" content=\"lv_LV\" \/>\n<meta property=\"og:type\" content=\"article\" \/>\n<meta property=\"og:title\" content=\"Par mums \u2013 Professional Technologies Sweden AB | ProTech\" \/>\n<meta property=\"og:description\" content=\"Professional Technologies Sweden AB (ProTech) ir Zviedrijas r\u016bpniecisko instrumentu un pakalpojumu uz\u0146\u0113mums, kas profesion\u0101liem klientiem pied\u0101v\u0101 tirdzniec\u012bbas, servisa un kalibr\u0113\u0161anas risin\u0101jumus.\" \/>\n<meta property=\"og:url\" content=\"https:\/\/protech.nu\/lv\/par-mums\/\" \/>\n<meta property=\"og:site_name\" content=\"ProTech\" \/>\n<meta property=\"article:publisher\" content=\"https:\/\/www.facebook.com\/Protech.nu\/\" \/>\n<meta property=\"article:modified_time\" content=\"2026-01-15T19:45:02+00:00\" \/>\n<meta property=\"og:image\" content=\"https:\/\/2026.protech.nu\/wp-content\/uploads\/2026\/01\/cropped-3039344f-dba9-4168-b8d7-ff9fa42b7fe1.jpeg\" \/>\n<meta name=\"twitter:card\" content=\"summary_large_image\" \/>\n<meta name=\"twitter:label1\" content=\"Est. reading time\" \/>\n\t<meta name=\"twitter:data1\" content=\"2 min\u016btes\" \/>\n<script type=\"application\/ld+json\" class=\"yoast-schema-graph\">{\"@context\":\"https:\\\/\\\/schema.org\",\"@graph\":[{\"@type\":[\"WebPage\",\"AboutPage\"],\"@id\":\"https:\\\/\\\/protech.nu\\\/lv\\\/par-mums\\\/\",\"url\":\"https:\\\/\\\/protech.nu\\\/lv\\\/par-mums\\\/\",\"name\":\"Par mums \u2013 Professional Technologies Sweden AB | ProTech\",\"isPartOf\":{\"@id\":\"https:\\\/\\\/protech.nu\\\/lv\\\/#website\"},\"primaryImageOfPage\":{\"@id\":\"https:\\\/\\\/protech.nu\\\/lv\\\/par-mums\\\/#primaryimage\"},\"image\":{\"@id\":\"https:\\\/\\\/protech.nu\\\/lv\\\/par-mums\\\/#primaryimage\"},\"thumbnailUrl\":\"https:\\\/\\\/2026.protech.nu\\\/wp-content\\\/uploads\\\/2026\\\/01\\\/cropped-3039344f-dba9-4168-b8d7-ff9fa42b7fe1.jpeg\",\"datePublished\":\"2026-01-15T14:44:34+00:00\",\"dateModified\":\"2026-01-15T19:45:02+00:00\",\"description\":\"Professional Technologies Sweden AB (ProTech) ir Zviedrijas r\u016bpniecisko instrumentu un pakalpojumu uz\u0146\u0113mums, kas profesion\u0101liem klientiem pied\u0101v\u0101 tirdzniec\u012bbas, servisa un kalibr\u0113\u0161anas risin\u0101jumus.\",\"breadcrumb\":{\"@id\":\"https:\\\/\\\/protech.nu\\\/lv\\\/par-mums\\\/#breadcrumb\"},\"inLanguage\":\"lv-LV\",\"potentialAction\":[{\"@type\":\"ReadAction\",\"target\":[\"https:\\\/\\\/protech.nu\\\/lv\\\/par-mums\\\/\"]}]},{\"@type\":\"ImageObject\",\"inLanguage\":\"lv-LV\",\"@id\":\"https:\\\/\\\/protech.nu\\\/lv\\\/par-mums\\\/#primaryimage\",\"url\":\"https:\\\/\\\/2026.protech.nu\\\/wp-content\\\/uploads\\\/2026\\\/01\\\/cropped-3039344f-dba9-4168-b8d7-ff9fa42b7fe1.jpeg\",\"contentUrl\":\"https:\\\/\\\/2026.protech.nu\\\/wp-content\\\/uploads\\\/2026\\\/01\\\/cropped-3039344f-dba9-4168-b8d7-ff9fa42b7fe1.jpeg\"},{\"@type\":\"BreadcrumbList\",\"@id\":\"https:\\\/\\\/protech.nu\\\/lv\\\/par-mums\\\/#breadcrumb\",\"itemListElement\":[{\"@type\":\"ListItem\",\"position\":1,\"name\":\"S\u0101kums\",\"item\":\"https:\\\/\\\/protech.nu\\\/lv\\\/\"},{\"@type\":\"ListItem\",\"position\":2,\"name\":\"Par mums\"}]},{\"@type\":\"WebSite\",\"@id\":\"https:\\\/\\\/protech.nu\\\/lv\\\/#website\",\"url\":\"https:\\\/\\\/protech.nu\\\/lv\\\/\",\"name\":\"PROTECH\",\"description\":\"\",\"publisher\":{\"@id\":\"https:\\\/\\\/protech.nu\\\/lv\\\/#organization\"},\"potentialAction\":[{\"@type\":\"SearchAction\",\"target\":{\"@type\":\"EntryPoint\",\"urlTemplate\":\"https:\\\/\\\/protech.nu\\\/lv\\\/?s={search_term_string}\"},\"query-input\":{\"@type\":\"PropertyValueSpecification\",\"valueRequired\":true,\"valueName\":\"search_term_string\"}}],\"inLanguage\":\"lv-LV\"},{\"@type\":\"Organization\",\"@id\":\"https:\\\/\\\/protech.nu\\\/lv\\\/#organization\",\"name\":\"MYPOWERTOOLSBOX\",\"alternateName\":\"ProTech\",\"url\":\"https:\\\/\\\/protech.nu\\\/lv\\\/\",\"logo\":{\"@type\":\"ImageObject\",\"inLanguage\":\"lv-LV\",\"@id\":\"https:\\\/\\\/protech.nu\\\/lv\\\/#\\\/schema\\\/logo\\\/image\\\/\",\"url\":\"https:\\\/\\\/2026.protech.nu\\\/wp-content\\\/uploads\\\/2026\\\/02\\\/ProTech.png\",\"contentUrl\":\"https:\\\/\\\/2026.protech.nu\\\/wp-content\\\/uploads\\\/2026\\\/02\\\/ProTech.png\",\"width\":1024,\"height\":1024,\"caption\":\"MYPOWERTOOLSBOX\"},\"image\":{\"@id\":\"https:\\\/\\\/protech.nu\\\/lv\\\/#\\\/schema\\\/logo\\\/image\\\/\"},\"sameAs\":[\"https:\\\/\\\/www.facebook.com\\\/Protech.nu\\\/\",\"https:\\\/\\\/www.instagram.com\\\/protech_sweden\\\/\",\"https:\\\/\\\/www.linkedin.com\\\/company\\\/protech-professional-technologies-sweden-ab\\\/\",\"https:\\\/\\\/www.youtube.com\\\/@Protech_nu\"]}]}<\/script>\n<!-- \/ Yoast SEO plugin. -->","yoast_head_json":{"title":"Par mums \u2013 Professional Technologies Sweden AB | ProTech","description":"Professional Technologies Sweden AB (ProTech) ir Zviedrijas r\u016bpniecisko instrumentu un pakalpojumu uz\u0146\u0113mums, kas profesion\u0101liem klientiem pied\u0101v\u0101 tirdzniec\u012bbas, servisa un kalibr\u0113\u0161anas risin\u0101jumus.","robots":{"index":"index","follow":"follow","max-snippet":"max-snippet:-1","max-image-preview":"max-image-preview:large","max-video-preview":"max-video-preview:-1"},"canonical":"https:\/\/protech.nu\/lv\/par-mums\/","og_locale":"lv_LV","og_type":"article","og_title":"Par mums \u2013 Professional Technologies Sweden AB | ProTech","og_description":"Professional Technologies Sweden AB (ProTech) ir Zviedrijas r\u016bpniecisko instrumentu un pakalpojumu uz\u0146\u0113mums, kas profesion\u0101liem klientiem pied\u0101v\u0101 tirdzniec\u012bbas, servisa un kalibr\u0113\u0161anas risin\u0101jumus.","og_url":"https:\/\/protech.nu\/lv\/par-mums\/","og_site_name":"ProTech","article_publisher":"https:\/\/www.facebook.com\/Protech.nu\/","article_modified_time":"2026-01-15T19:45:02+00:00","og_image":[{"url":"https:\/\/2026.protech.nu\/wp-content\/uploads\/2026\/01\/cropped-3039344f-dba9-4168-b8d7-ff9fa42b7fe1.jpeg","type":"","width":"","height":""}],"twitter_card":"summary_large_image","twitter_misc":{"Est. reading time":"2 min\u016btes"},"schema":{"@context":"https:\/\/schema.org","@graph":[{"@type":["WebPage","AboutPage"],"@id":"https:\/\/protech.nu\/lv\/par-mums\/","url":"https:\/\/protech.nu\/lv\/par-mums\/","name":"Par mums \u2013 Professional Technologies Sweden AB | ProTech","isPartOf":{"@id":"https:\/\/protech.nu\/lv\/#website"},"primaryImageOfPage":{"@id":"https:\/\/protech.nu\/lv\/par-mums\/#primaryimage"},"image":{"@id":"https:\/\/protech.nu\/lv\/par-mums\/#primaryimage"},"thumbnailUrl":"https:\/\/2026.protech.nu\/wp-content\/uploads\/2026\/01\/cropped-3039344f-dba9-4168-b8d7-ff9fa42b7fe1.jpeg","datePublished":"2026-01-15T14:44:34+00:00","dateModified":"2026-01-15T19:45:02+00:00","description":"Professional Technologies Sweden AB (ProTech) ir Zviedrijas r\u016bpniecisko instrumentu un pakalpojumu uz\u0146\u0113mums, kas profesion\u0101liem klientiem pied\u0101v\u0101 tirdzniec\u012bbas, servisa un kalibr\u0113\u0161anas risin\u0101jumus.","breadcrumb":{"@id":"https:\/\/protech.nu\/lv\/par-mums\/#breadcrumb"},"inLanguage":"lv-LV","potentialAction":[{"@type":"ReadAction","target":["https:\/\/protech.nu\/lv\/par-mums\/"]}]},{"@type":"ImageObject","inLanguage":"lv-LV","@id":"https:\/\/protech.nu\/lv\/par-mums\/#primaryimage","url":"https:\/\/2026.protech.nu\/wp-content\/uploads\/2026\/01\/cropped-3039344f-dba9-4168-b8d7-ff9fa42b7fe1.jpeg","contentUrl":"https:\/\/2026.protech.nu\/wp-content\/uploads\/2026\/01\/cropped-3039344f-dba9-4168-b8d7-ff9fa42b7fe1.jpeg"},{"@type":"BreadcrumbList","@id":"https:\/\/protech.nu\/lv\/par-mums\/#breadcrumb","itemListElement":[{"@type":"ListItem","position":1,"name":"S\u0101kums","item":"https:\/\/protech.nu\/lv\/"},{"@type":"ListItem","position":2,"name":"Par mums"}]},{"@type":"WebSite","@id":"https:\/\/protech.nu\/lv\/#website","url":"https:\/\/protech.nu\/lv\/","name":"PROTECH","description":"","publisher":{"@id":"https:\/\/protech.nu\/lv\/#organization"},"potentialAction":[{"@type":"SearchAction","target":{"@type":"EntryPoint","urlTemplate":"https:\/\/protech.nu\/lv\/?s={search_term_string}"},"query-input":{"@type":"PropertyValueSpecification","valueRequired":true,"valueName":"search_term_string"}}],"inLanguage":"lv-LV"},{"@type":"Organization","@id":"https:\/\/protech.nu\/lv\/#organization","name":"MYPOWERTOOLSBOX","alternateName":"ProTech","url":"https:\/\/protech.nu\/lv\/","logo":{"@type":"ImageObject","inLanguage":"lv-LV","@id":"https:\/\/protech.nu\/lv\/#\/schema\/logo\/image\/","url":"https:\/\/2026.protech.nu\/wp-content\/uploads\/2026\/02\/ProTech.png","contentUrl":"https:\/\/2026.protech.nu\/wp-content\/uploads\/2026\/02\/ProTech.png","width":1024,"height":1024,"caption":"MYPOWERTOOLSBOX"},"image":{"@id":"https:\/\/protech.nu\/lv\/#\/schema\/logo\/image\/"},"sameAs":["https:\/\/www.facebook.com\/Protech.nu\/","https:\/\/www.instagram.com\/protech_sweden\/","https:\/\/www.linkedin.com\/company\/protech-professional-technologies-sweden-ab\/","https:\/\/www.youtube.com\/@Protech_nu"]}]}},"_links":{"self":[{"href":"https:\/\/protech.nu\/lv\/wp-json\/wp\/v2\/pages\/6385","targetHints":{"allow":["GET"]}}],"collection":[{"href":"https:\/\/protech.nu\/lv\/wp-json\/wp\/v2\/pages"}],"about":[{"href":"https:\/\/protech.nu\/lv\/wp-json\/wp\/v2\/types\/page"}],"author":[{"embeddable":true,"href":"https:\/\/protech.nu\/lv\/wp-json\/wp\/v2\/users\/1"}],"replies":[{"embeddable":true,"href":"https:\/\/protech.nu\/lv\/wp-json\/wp\/v2\/comments?post=6385"}],"version-history":[{"count":1,"href":"https:\/\/protech.nu\/lv\/wp-json\/wp\/v2\/pages\/6385\/revisions"}],"predecessor-version":[{"id":6387,"href":"https:\/\/protech.nu\/lv\/wp-json\/wp\/v2\/pages\/6385\/revisions\/6387"}],"wp:attachment":[{"href":"https:\/\/protech.nu\/lv\/wp-json\/wp\/v2\/media?parent=6385"}],"curies":[{"name":"wp","href":"https:\/\/api.w.org\/{rel}","templated":true}]}}