{"id":942,"date":"2025-03-22T22:34:12","date_gmt":"2025-03-22T22:34:12","guid":{"rendered":"https:\/\/protech.nu\/veikals\/"},"modified":"2025-10-13T22:55:41","modified_gmt":"2025-10-13T22:55:41","slug":"veikals","status":"publish","type":"page","link":"https:\/\/protech.nu\/lv\/veikals\/","title":{"rendered":"Veikals"},"content":{"rendered":"","protected":false},"excerpt":{"rendered":"","protected":false},"author":1,"featured_media":0,"parent":0,"menu_order":0,"comment_status":"closed","ping_status":"closed","template":"","meta":{"_acf_changed":false,"_monsterinsights_skip_tracking":false,"_monsterinsights_sitenote_active":false,"_monsterinsights_sitenote_note":"","_monsterinsights_sitenote_category":0,"_themeisle_gutenberg_block_has_review":false,"footnotes":""},"class_list":["post-942","page","type-page","status-publish","hentry"],"acf":[],"yoast_head":"<!-- This site is optimized with the Yoast SEO plugin v27.4 - https:\/\/yoast.com\/product\/yoast-seo-wordpress\/ -->\n<title>Veikals - ProTech<\/title>\n<meta name=\"description\" content=\"Atkl\u0101jiet m\u016bsu izv\u0113li da\u017e\u0101d\u0101m nozar\u0113m: Ingersoll Rand uzgrie\u017e\u0146u skr\u016bvgrie\u017ei, skr\u016bvgrie\u017ei, prec\u012bzijas instrumenti, motori, starteri un piederumi. \u0100tra pieg\u0101de un profesion\u0101ls atbalsts Igaunij\u0101, Baltijas valst\u012bs un Skandin\u0101vij\u0101.\" \/>\n<meta name=\"robots\" content=\"index, follow, max-snippet:-1, max-image-preview:large, max-video-preview:-1\" \/>\n<link rel=\"canonical\" href=\"https:\/\/protech.nu\/lv\/veikals\/\" \/>\n<meta property=\"og:locale\" content=\"lv_LV\" \/>\n<meta property=\"og:type\" content=\"article\" \/>\n<meta property=\"og:title\" content=\"Veikals - ProTech\" \/>\n<meta property=\"og:description\" content=\"Atkl\u0101jiet m\u016bsu izv\u0113li da\u017e\u0101d\u0101m nozar\u0113m: Ingersoll Rand uzgrie\u017e\u0146u skr\u016bvgrie\u017ei, skr\u016bvgrie\u017ei, prec\u012bzijas instrumenti, motori, starteri un piederumi. \u0100tra pieg\u0101de un profesion\u0101ls atbalsts Igaunij\u0101, Baltijas valst\u012bs un Skandin\u0101vij\u0101.\" \/>\n<meta property=\"og:url\" content=\"https:\/\/protech.nu\/lv\/veikals\/\" \/>\n<meta property=\"og:site_name\" content=\"ProTech\" \/>\n<meta property=\"article:publisher\" content=\"https:\/\/www.facebook.com\/Protech.nu\/\" \/>\n<meta property=\"article:modified_time\" content=\"2025-10-13T22:55:41+00:00\" \/>\n<meta property=\"og:image\" content=\"https:\/\/protech.nu\/wp-content\/uploads\/2026\/02\/ProTech.png\" \/>\n\t<meta property=\"og:image:width\" content=\"1024\" \/>\n\t<meta property=\"og:image:height\" content=\"1024\" \/>\n\t<meta property=\"og:image:type\" content=\"image\/png\" \/>\n<meta name=\"twitter:card\" content=\"summary_large_image\" \/>\n<script type=\"application\/ld+json\" class=\"yoast-schema-graph\">{\"@context\":\"https:\\\/\\\/schema.org\",\"@graph\":[{\"@type\":[\"WebPage\",\"AboutPage\"],\"@id\":\"https:\\\/\\\/protech.nu\\\/lv\\\/veikals\\\/\",\"url\":\"https:\\\/\\\/protech.nu\\\/lv\\\/veikals\\\/\",\"name\":\"Veikals - ProTech\",\"isPartOf\":{\"@id\":\"https:\\\/\\\/protech.nu\\\/lv\\\/#website\"},\"datePublished\":\"2025-03-22T22:34:12+00:00\",\"dateModified\":\"2025-10-13T22:55:41+00:00\",\"description\":\"Atkl\u0101jiet m\u016bsu izv\u0113li da\u017e\u0101d\u0101m nozar\u0113m: Ingersoll Rand uzgrie\u017e\u0146u skr\u016bvgrie\u017ei, skr\u016bvgrie\u017ei, prec\u012bzijas instrumenti, motori, starteri un piederumi. \u0100tra pieg\u0101de un profesion\u0101ls atbalsts Igaunij\u0101, Baltijas valst\u012bs un Skandin\u0101vij\u0101.\",\"breadcrumb\":{\"@id\":\"https:\\\/\\\/protech.nu\\\/lv\\\/veikals\\\/#breadcrumb\"},\"inLanguage\":\"lv-LV\",\"potentialAction\":[{\"@type\":\"ReadAction\",\"target\":[\"https:\\\/\\\/protech.nu\\\/lv\\\/veikals\\\/\"]}]},{\"@type\":\"BreadcrumbList\",\"@id\":\"https:\\\/\\\/protech.nu\\\/lv\\\/veikals\\\/#breadcrumb\",\"itemListElement\":[{\"@type\":\"ListItem\",\"position\":1,\"name\":\"S\u0101kums\",\"item\":\"https:\\\/\\\/protech.nu\\\/lv\\\/\"},{\"@type\":\"ListItem\",\"position\":2,\"name\":\"Veikals\"}]},{\"@type\":\"WebSite\",\"@id\":\"https:\\\/\\\/protech.nu\\\/lv\\\/#website\",\"url\":\"https:\\\/\\\/protech.nu\\\/lv\\\/\",\"name\":\"PROTECH\",\"description\":\"\",\"publisher\":{\"@id\":\"https:\\\/\\\/protech.nu\\\/lv\\\/#organization\"},\"potentialAction\":[{\"@type\":\"SearchAction\",\"target\":{\"@type\":\"EntryPoint\",\"urlTemplate\":\"https:\\\/\\\/protech.nu\\\/lv\\\/?s={search_term_string}\"},\"query-input\":{\"@type\":\"PropertyValueSpecification\",\"valueRequired\":true,\"valueName\":\"search_term_string\"}}],\"inLanguage\":\"lv-LV\"},{\"@type\":\"Organization\",\"@id\":\"https:\\\/\\\/protech.nu\\\/lv\\\/#organization\",\"name\":\"MYPOWERTOOLSBOX\",\"alternateName\":\"ProTech\",\"url\":\"https:\\\/\\\/protech.nu\\\/lv\\\/\",\"logo\":{\"@type\":\"ImageObject\",\"inLanguage\":\"lv-LV\",\"@id\":\"https:\\\/\\\/protech.nu\\\/lv\\\/#\\\/schema\\\/logo\\\/image\\\/\",\"url\":\"https:\\\/\\\/2026.protech.nu\\\/wp-content\\\/uploads\\\/2026\\\/02\\\/ProTech.png\",\"contentUrl\":\"https:\\\/\\\/2026.protech.nu\\\/wp-content\\\/uploads\\\/2026\\\/02\\\/ProTech.png\",\"width\":1024,\"height\":1024,\"caption\":\"MYPOWERTOOLSBOX\"},\"image\":{\"@id\":\"https:\\\/\\\/protech.nu\\\/lv\\\/#\\\/schema\\\/logo\\\/image\\\/\"},\"sameAs\":[\"https:\\\/\\\/www.facebook.com\\\/Protech.nu\\\/\",\"https:\\\/\\\/www.instagram.com\\\/protech_sweden\\\/\",\"https:\\\/\\\/www.linkedin.com\\\/company\\\/protech-professional-technologies-sweden-ab\\\/\",\"https:\\\/\\\/www.youtube.com\\\/@Protech_nu\"]}]}<\/script>\n<!-- \/ Yoast SEO plugin. -->","yoast_head_json":{"title":"Veikals - ProTech","description":"Atkl\u0101jiet m\u016bsu izv\u0113li da\u017e\u0101d\u0101m nozar\u0113m: Ingersoll Rand uzgrie\u017e\u0146u skr\u016bvgrie\u017ei, skr\u016bvgrie\u017ei, prec\u012bzijas instrumenti, motori, starteri un piederumi. \u0100tra pieg\u0101de un profesion\u0101ls atbalsts Igaunij\u0101, Baltijas valst\u012bs un Skandin\u0101vij\u0101.","robots":{"index":"index","follow":"follow","max-snippet":"max-snippet:-1","max-image-preview":"max-image-preview:large","max-video-preview":"max-video-preview:-1"},"canonical":"https:\/\/protech.nu\/lv\/veikals\/","og_locale":"lv_LV","og_type":"article","og_title":"Veikals - ProTech","og_description":"Atkl\u0101jiet m\u016bsu izv\u0113li da\u017e\u0101d\u0101m nozar\u0113m: Ingersoll Rand uzgrie\u017e\u0146u skr\u016bvgrie\u017ei, skr\u016bvgrie\u017ei, prec\u012bzijas instrumenti, motori, starteri un piederumi. \u0100tra pieg\u0101de un profesion\u0101ls atbalsts Igaunij\u0101, Baltijas valst\u012bs un Skandin\u0101vij\u0101.","og_url":"https:\/\/protech.nu\/lv\/veikals\/","og_site_name":"ProTech","article_publisher":"https:\/\/www.facebook.com\/Protech.nu\/","article_modified_time":"2025-10-13T22:55:41+00:00","og_image":[{"width":1024,"height":1024,"url":"https:\/\/protech.nu\/wp-content\/uploads\/2026\/02\/ProTech.png","type":"image\/png"}],"twitter_card":"summary_large_image","schema":{"@context":"https:\/\/schema.org","@graph":[{"@type":["WebPage","AboutPage"],"@id":"https:\/\/protech.nu\/lv\/veikals\/","url":"https:\/\/protech.nu\/lv\/veikals\/","name":"Veikals - ProTech","isPartOf":{"@id":"https:\/\/protech.nu\/lv\/#website"},"datePublished":"2025-03-22T22:34:12+00:00","dateModified":"2025-10-13T22:55:41+00:00","description":"Atkl\u0101jiet m\u016bsu izv\u0113li da\u017e\u0101d\u0101m nozar\u0113m: Ingersoll Rand uzgrie\u017e\u0146u skr\u016bvgrie\u017ei, skr\u016bvgrie\u017ei, prec\u012bzijas instrumenti, motori, starteri un piederumi. \u0100tra pieg\u0101de un profesion\u0101ls atbalsts Igaunij\u0101, Baltijas valst\u012bs un Skandin\u0101vij\u0101.","breadcrumb":{"@id":"https:\/\/protech.nu\/lv\/veikals\/#breadcrumb"},"inLanguage":"lv-LV","potentialAction":[{"@type":"ReadAction","target":["https:\/\/protech.nu\/lv\/veikals\/"]}]},{"@type":"BreadcrumbList","@id":"https:\/\/protech.nu\/lv\/veikals\/#breadcrumb","itemListElement":[{"@type":"ListItem","position":1,"name":"S\u0101kums","item":"https:\/\/protech.nu\/lv\/"},{"@type":"ListItem","position":2,"name":"Veikals"}]},{"@type":"WebSite","@id":"https:\/\/protech.nu\/lv\/#website","url":"https:\/\/protech.nu\/lv\/","name":"PROTECH","description":"","publisher":{"@id":"https:\/\/protech.nu\/lv\/#organization"},"potentialAction":[{"@type":"SearchAction","target":{"@type":"EntryPoint","urlTemplate":"https:\/\/protech.nu\/lv\/?s={search_term_string}"},"query-input":{"@type":"PropertyValueSpecification","valueRequired":true,"valueName":"search_term_string"}}],"inLanguage":"lv-LV"},{"@type":"Organization","@id":"https:\/\/protech.nu\/lv\/#organization","name":"MYPOWERTOOLSBOX","alternateName":"ProTech","url":"https:\/\/protech.nu\/lv\/","logo":{"@type":"ImageObject","inLanguage":"lv-LV","@id":"https:\/\/protech.nu\/lv\/#\/schema\/logo\/image\/","url":"https:\/\/2026.protech.nu\/wp-content\/uploads\/2026\/02\/ProTech.png","contentUrl":"https:\/\/2026.protech.nu\/wp-content\/uploads\/2026\/02\/ProTech.png","width":1024,"height":1024,"caption":"MYPOWERTOOLSBOX"},"image":{"@id":"https:\/\/protech.nu\/lv\/#\/schema\/logo\/image\/"},"sameAs":["https:\/\/www.facebook.com\/Protech.nu\/","https:\/\/www.instagram.com\/protech_sweden\/","https:\/\/www.linkedin.com\/company\/protech-professional-technologies-sweden-ab\/","https:\/\/www.youtube.com\/@Protech_nu"]}]}},"_links":{"self":[{"href":"https:\/\/protech.nu\/lv\/wp-json\/wp\/v2\/pages\/942","targetHints":{"allow":["GET"]}}],"collection":[{"href":"https:\/\/protech.nu\/lv\/wp-json\/wp\/v2\/pages"}],"about":[{"href":"https:\/\/protech.nu\/lv\/wp-json\/wp\/v2\/types\/page"}],"author":[{"embeddable":true,"href":"https:\/\/protech.nu\/lv\/wp-json\/wp\/v2\/users\/1"}],"replies":[{"embeddable":true,"href":"https:\/\/protech.nu\/lv\/wp-json\/wp\/v2\/comments?post=942"}],"version-history":[{"count":1,"href":"https:\/\/protech.nu\/lv\/wp-json\/wp\/v2\/pages\/942\/revisions"}],"predecessor-version":[{"id":1248,"href":"https:\/\/protech.nu\/lv\/wp-json\/wp\/v2\/pages\/942\/revisions\/1248"}],"wp:attachment":[{"href":"https:\/\/protech.nu\/lv\/wp-json\/wp\/v2\/media?parent=942"}],"curies":[{"name":"wp","href":"https:\/\/api.w.org\/{rel}","templated":true}]}}