{"id":2748,"date":"2025-11-08T00:42:23","date_gmt":"2025-11-08T00:42:23","guid":{"rendered":"https:\/\/protech.nu\/toode\/ingersoll-rand-bl4011-li-ion-akumulators-40-v-25-ah-iqv40-serijas-instrumentiem\/"},"modified":"2026-01-20T00:05:05","modified_gmt":"2026-01-20T00:05:05","slug":"ingersoll-rand-bl4011-battery","status":"publish","type":"product","link":"https:\/\/protech.nu\/lv\/produkts\/ingersoll-rand-bl4011-battery\/","title":{"rendered":"Ingersoll Rand BL4011 akumulators (40V, 2.5Ah)"},"content":{"rendered":"<h3>Ingersoll Rand BL4011 Li\u2011Ion akumulators (40V, 2,5 Ah)<\/h3>\n<p>Ingersoll Rand <strong>BL4011<\/strong> ir jaud\u012bgs 40V Li\u2011Ion akumulators no IQV40\u2122 s\u0113rijas ar 2,5 Ah ietilp\u012bbu. Pateicoties zemajai iek\u0161\u0113jai pretest\u012bbai, tas nodro\u0161ina maksim\u0101lu jaudu un izcilu darb\u012bbas laiku pat vissmag\u0101kajos apst\u0101k\u013cos.<\/p>\n<p>Akumulators ir apr\u012bkots ar inteli\u0123entu <strong>Battery Management System (BMS)<\/strong> aizsardz\u012bbas sist\u0113mu, kas nov\u0113r\u0161 p\u0101rslodzi, p\u0101rl\u0101di un p\u0101rm\u0113r\u012bgu izl\u0101di, aizsarg\u0101jot gan akumulatoru, gan instrumentu. \u0160is akumulators ir paredz\u0113ts lieto\u0161anai ar QX un IQV40 instrumentiem un ir optimiz\u0113ts precizit\u0101tes un veiktsp\u0113jas palielin\u0101\u0161anai.<\/p>\n<hr \/>\n<h3>Tehniskie dati:<\/h3>\n<ul>\n<li><strong>\u0136\u012bmija:<\/strong> Li\u2011Ion<\/li>\n<li><strong>Spriegums:<\/strong> 40 V<\/li>\n<li><strong>Kapacit\u0101te:<\/strong> 2,5 Ah<\/li>\n<li><strong>Aizsardz\u012bbas sist\u0113ma:<\/strong> Inteli\u0123ent\u0101 BMS (p\u0101rslodzes, p\u0101rl\u0101des un izl\u0101des aizsardz\u012bba)<\/li>\n<li><strong>Savietojam\u012bba:<\/strong> Visi IQV40\u2122 instrumenti un l\u0101d\u0113t\u0101ji<\/li>\n<li><strong>Svars:<\/strong> 0,70 kg<\/li>\n<\/ul>\n<p><strong>Download the IQV Series Product Catalog:<\/strong><\/p>\n<div style=\"margin: 15px 0 36px 0;\"><a style=\"display: inline-block; border: 2px solid #E14A2D; color: #e14a2d; padding: 12px 20px; border-radius: 4px; text-decoration: none; font-weight: 600; background: transparent;\" href=\"https:\/\/protech.nu\/wp-content\/uploads\/2025\/09\/ingersoll-rand-iqv20-cordless-tools-catalog.pdf\" target=\"_blank\" rel=\"noopener\">Ingersoll Rand IQV Cordless Tools | Power, Precision and Performance<br \/>\n<\/a><\/div>\n","protected":false},"excerpt":{"rendered":"<p>Ingersoll Rand <strong>BL4011 Li\u2011Ion akumulators<\/strong> (40V, 2,5 Ah) IQV40\u2122 instrumentiem. Pateicoties zemajai iek\u0161\u0113jai pretest\u012bbai un inteli\u0123entajai BMS aizsardz\u012bbai, tas nodro\u0161ina maksim\u0101lu veiktsp\u0113ju un optim\u0101lu darb\u012bbas laiku.<\/p>\n","protected":false},"featured_media":1595,"comment_status":"open","ping_status":"closed","template":"","meta":{"_acf_changed":false,"_monsterinsights_skip_tracking":false,"_monsterinsights_sitenote_active":false,"_monsterinsights_sitenote_note":"","_monsterinsights_sitenote_category":0,"_themeisle_gutenberg_block_has_review":false},"product_brand":[],"product_cat":[195,271,142],"product_tag":[],"class_list":{"0":"post-2748","1":"product","2":"type-product","3":"status-publish","4":"has-post-thumbnail","6":"product_cat-ingersoll-rand-akumulatori-un-ladetaji","7":"product_cat-ingersoll-rand-qx-series","8":"product_cat-ingersoll-rand-precizie-skrugriezi-un-uzgrieznu-pievilceji","10":"first","11":"instock","12":"taxable","13":"shipping-taxable","14":"purchasable","15":"product-type-simple"},"acf":[],"yoast_head":"<!-- This site is optimized with the Yoast SEO plugin v27.4 - https:\/\/yoast.com\/product\/yoast-seo-wordpress\/ -->\n<title>Ingersoll Rand BL4011 akumulators 40V 2.5Ah<\/title>\n<meta name=\"description\" content=\"Ingersoll Rand BL4011 akumulators (40V, 2.5Ah) IQV40\u2122 Li-Ion instrumentiem. Uzticams un jaud\u012bgs akumulators ar lielu ietilp\u012bbu profesion\u0101lai lieto\u0161anai.\" \/>\n<meta name=\"robots\" content=\"index, follow, max-snippet:-1, max-image-preview:large, max-video-preview:-1\" \/>\n<link rel=\"canonical\" href=\"https:\/\/protech.nu\/lv\/produkts\/ingersoll-rand-bl4011-battery\/\" \/>\n<meta property=\"og:locale\" content=\"lv_LV\" \/>\n<meta property=\"og:type\" content=\"article\" \/>\n<meta property=\"og:title\" content=\"Ingersoll Rand BL4011 akumulators 40V 2.5Ah\" \/>\n<meta property=\"og:description\" content=\"Ingersoll Rand BL4011 akumulators (40V, 2.5Ah) IQV40\u2122 Li-Ion instrumentiem. Uzticams un jaud\u012bgs akumulators ar lielu ietilp\u012bbu profesion\u0101lai lieto\u0161anai.\" \/>\n<meta property=\"og:url\" content=\"https:\/\/protech.nu\/lv\/produkts\/ingersoll-rand-bl4011-battery\/\" \/>\n<meta property=\"og:site_name\" content=\"ProTech\" \/>\n<meta property=\"article:publisher\" content=\"https:\/\/www.facebook.com\/Protech.nu\/\" \/>\n<meta property=\"article:modified_time\" content=\"2026-01-20T00:05:05+00:00\" \/>\n<meta property=\"og:image\" content=\"https:\/\/protech.nu\/wp-content\/uploads\/2025\/08\/ingersoll-rand-bl4011-aku-40v-2-5ah.jpg\" \/>\n\t<meta property=\"og:image:width\" content=\"600\" \/>\n\t<meta property=\"og:image:height\" content=\"600\" \/>\n\t<meta property=\"og:image:type\" content=\"image\/jpeg\" \/>\n<meta name=\"twitter:card\" content=\"summary_large_image\" \/>\n<meta name=\"twitter:label1\" content=\"Est. reading time\" \/>\n\t<meta name=\"twitter:data1\" content=\"1 min\u016b\u0161u\" \/>\n<script type=\"application\/ld+json\" class=\"yoast-schema-graph\">{\"@context\":\"https:\\\/\\\/schema.org\",\"@graph\":[{\"@type\":\"WebPage\",\"@id\":\"https:\\\/\\\/protech.nu\\\/lv\\\/produkts\\\/ingersoll-rand-bl4011-battery\\\/\",\"url\":\"https:\\\/\\\/protech.nu\\\/lv\\\/produkts\\\/ingersoll-rand-bl4011-battery\\\/\",\"name\":\"Ingersoll Rand BL4011 akumulators 40V 2.5Ah\",\"isPartOf\":{\"@id\":\"https:\\\/\\\/protech.nu\\\/lv\\\/#website\"},\"primaryImageOfPage\":{\"@id\":\"https:\\\/\\\/protech.nu\\\/lv\\\/produkts\\\/ingersoll-rand-bl4011-battery\\\/#primaryimage\"},\"image\":{\"@id\":\"https:\\\/\\\/protech.nu\\\/lv\\\/produkts\\\/ingersoll-rand-bl4011-battery\\\/#primaryimage\"},\"thumbnailUrl\":\"https:\\\/\\\/protech.nu\\\/wp-content\\\/uploads\\\/2025\\\/08\\\/ingersoll-rand-bl4011-aku-40v-2-5ah.jpg\",\"datePublished\":\"2025-11-08T00:42:23+00:00\",\"dateModified\":\"2026-01-20T00:05:05+00:00\",\"description\":\"Ingersoll Rand BL4011 akumulators (40V, 2.5Ah) IQV40\u2122 Li-Ion instrumentiem. Uzticams un jaud\u012bgs akumulators ar lielu ietilp\u012bbu profesion\u0101lai lieto\u0161anai.\",\"breadcrumb\":{\"@id\":\"https:\\\/\\\/protech.nu\\\/lv\\\/produkts\\\/ingersoll-rand-bl4011-battery\\\/#breadcrumb\"},\"inLanguage\":\"lv-LV\",\"potentialAction\":[{\"@type\":\"ReadAction\",\"target\":[\"https:\\\/\\\/protech.nu\\\/lv\\\/produkts\\\/ingersoll-rand-bl4011-battery\\\/\"]}]},{\"@type\":\"ImageObject\",\"inLanguage\":\"lv-LV\",\"@id\":\"https:\\\/\\\/protech.nu\\\/lv\\\/produkts\\\/ingersoll-rand-bl4011-battery\\\/#primaryimage\",\"url\":\"https:\\\/\\\/protech.nu\\\/wp-content\\\/uploads\\\/2025\\\/08\\\/ingersoll-rand-bl4011-aku-40v-2-5ah.jpg\",\"contentUrl\":\"https:\\\/\\\/protech.nu\\\/wp-content\\\/uploads\\\/2025\\\/08\\\/ingersoll-rand-bl4011-aku-40v-2-5ah.jpg\",\"width\":600,\"height\":600,\"caption\":\"Ingersoll Rand BL4011 Li-ion 40 V 2,5 Ah\"},{\"@type\":\"BreadcrumbList\",\"@id\":\"https:\\\/\\\/protech.nu\\\/lv\\\/produkts\\\/ingersoll-rand-bl4011-battery\\\/#breadcrumb\",\"itemListElement\":[{\"@type\":\"ListItem\",\"position\":1,\"name\":\"S\u0101kums\",\"item\":\"https:\\\/\\\/protech.nu\\\/lv\\\/\"},{\"@type\":\"ListItem\",\"position\":2,\"name\":\"Tooted\",\"item\":\"https:\\\/\\\/protech.nu\\\/products\\\/\"},{\"@type\":\"ListItem\",\"position\":3,\"name\":\"Ingersoll Rand BL4011 akumulators (40V, 2.5Ah)\"}]},{\"@type\":\"WebSite\",\"@id\":\"https:\\\/\\\/protech.nu\\\/lv\\\/#website\",\"url\":\"https:\\\/\\\/protech.nu\\\/lv\\\/\",\"name\":\"PROTECH\",\"description\":\"\",\"publisher\":{\"@id\":\"https:\\\/\\\/protech.nu\\\/lv\\\/#organization\"},\"potentialAction\":[{\"@type\":\"SearchAction\",\"target\":{\"@type\":\"EntryPoint\",\"urlTemplate\":\"https:\\\/\\\/protech.nu\\\/lv\\\/?s={search_term_string}\"},\"query-input\":{\"@type\":\"PropertyValueSpecification\",\"valueRequired\":true,\"valueName\":\"search_term_string\"}}],\"inLanguage\":\"lv-LV\"},{\"@type\":\"Organization\",\"@id\":\"https:\\\/\\\/protech.nu\\\/lv\\\/#organization\",\"name\":\"MYPOWERTOOLSBOX\",\"alternateName\":\"ProTech\",\"url\":\"https:\\\/\\\/protech.nu\\\/lv\\\/\",\"logo\":{\"@type\":\"ImageObject\",\"inLanguage\":\"lv-LV\",\"@id\":\"https:\\\/\\\/protech.nu\\\/lv\\\/#\\\/schema\\\/logo\\\/image\\\/\",\"url\":\"https:\\\/\\\/2026.protech.nu\\\/wp-content\\\/uploads\\\/2026\\\/02\\\/ProTech.png\",\"contentUrl\":\"https:\\\/\\\/2026.protech.nu\\\/wp-content\\\/uploads\\\/2026\\\/02\\\/ProTech.png\",\"width\":1024,\"height\":1024,\"caption\":\"MYPOWERTOOLSBOX\"},\"image\":{\"@id\":\"https:\\\/\\\/protech.nu\\\/lv\\\/#\\\/schema\\\/logo\\\/image\\\/\"},\"sameAs\":[\"https:\\\/\\\/www.facebook.com\\\/Protech.nu\\\/\",\"https:\\\/\\\/www.instagram.com\\\/protech_sweden\\\/\",\"https:\\\/\\\/www.linkedin.com\\\/company\\\/protech-professional-technologies-sweden-ab\\\/\",\"https:\\\/\\\/www.youtube.com\\\/@Protech_nu\"]}]}<\/script>\n<!-- \/ Yoast SEO plugin. -->","yoast_head_json":{"title":"Ingersoll Rand BL4011 akumulators 40V 2.5Ah","description":"Ingersoll Rand BL4011 akumulators (40V, 2.5Ah) IQV40\u2122 Li-Ion instrumentiem. Uzticams un jaud\u012bgs akumulators ar lielu ietilp\u012bbu profesion\u0101lai lieto\u0161anai.","robots":{"index":"index","follow":"follow","max-snippet":"max-snippet:-1","max-image-preview":"max-image-preview:large","max-video-preview":"max-video-preview:-1"},"canonical":"https:\/\/protech.nu\/lv\/produkts\/ingersoll-rand-bl4011-battery\/","og_locale":"lv_LV","og_type":"article","og_title":"Ingersoll Rand BL4011 akumulators 40V 2.5Ah","og_description":"Ingersoll Rand BL4011 akumulators (40V, 2.5Ah) IQV40\u2122 Li-Ion instrumentiem. Uzticams un jaud\u012bgs akumulators ar lielu ietilp\u012bbu profesion\u0101lai lieto\u0161anai.","og_url":"https:\/\/protech.nu\/lv\/produkts\/ingersoll-rand-bl4011-battery\/","og_site_name":"ProTech","article_publisher":"https:\/\/www.facebook.com\/Protech.nu\/","article_modified_time":"2026-01-20T00:05:05+00:00","og_image":[{"width":600,"height":600,"url":"https:\/\/protech.nu\/wp-content\/uploads\/2025\/08\/ingersoll-rand-bl4011-aku-40v-2-5ah.jpg","type":"image\/jpeg"}],"twitter_card":"summary_large_image","twitter_misc":{"Est. reading time":"1 min\u016b\u0161u"},"schema":{"@context":"https:\/\/schema.org","@graph":[{"@type":"WebPage","@id":"https:\/\/protech.nu\/lv\/produkts\/ingersoll-rand-bl4011-battery\/","url":"https:\/\/protech.nu\/lv\/produkts\/ingersoll-rand-bl4011-battery\/","name":"Ingersoll Rand BL4011 akumulators 40V 2.5Ah","isPartOf":{"@id":"https:\/\/protech.nu\/lv\/#website"},"primaryImageOfPage":{"@id":"https:\/\/protech.nu\/lv\/produkts\/ingersoll-rand-bl4011-battery\/#primaryimage"},"image":{"@id":"https:\/\/protech.nu\/lv\/produkts\/ingersoll-rand-bl4011-battery\/#primaryimage"},"thumbnailUrl":"https:\/\/protech.nu\/wp-content\/uploads\/2025\/08\/ingersoll-rand-bl4011-aku-40v-2-5ah.jpg","datePublished":"2025-11-08T00:42:23+00:00","dateModified":"2026-01-20T00:05:05+00:00","description":"Ingersoll Rand BL4011 akumulators (40V, 2.5Ah) IQV40\u2122 Li-Ion instrumentiem. Uzticams un jaud\u012bgs akumulators ar lielu ietilp\u012bbu profesion\u0101lai lieto\u0161anai.","breadcrumb":{"@id":"https:\/\/protech.nu\/lv\/produkts\/ingersoll-rand-bl4011-battery\/#breadcrumb"},"inLanguage":"lv-LV","potentialAction":[{"@type":"ReadAction","target":["https:\/\/protech.nu\/lv\/produkts\/ingersoll-rand-bl4011-battery\/"]}]},{"@type":"ImageObject","inLanguage":"lv-LV","@id":"https:\/\/protech.nu\/lv\/produkts\/ingersoll-rand-bl4011-battery\/#primaryimage","url":"https:\/\/protech.nu\/wp-content\/uploads\/2025\/08\/ingersoll-rand-bl4011-aku-40v-2-5ah.jpg","contentUrl":"https:\/\/protech.nu\/wp-content\/uploads\/2025\/08\/ingersoll-rand-bl4011-aku-40v-2-5ah.jpg","width":600,"height":600,"caption":"Ingersoll Rand BL4011 Li-ion 40 V 2,5 Ah"},{"@type":"BreadcrumbList","@id":"https:\/\/protech.nu\/lv\/produkts\/ingersoll-rand-bl4011-battery\/#breadcrumb","itemListElement":[{"@type":"ListItem","position":1,"name":"S\u0101kums","item":"https:\/\/protech.nu\/lv\/"},{"@type":"ListItem","position":2,"name":"Tooted","item":"https:\/\/protech.nu\/products\/"},{"@type":"ListItem","position":3,"name":"Ingersoll Rand BL4011 akumulators (40V, 2.5Ah)"}]},{"@type":"WebSite","@id":"https:\/\/protech.nu\/lv\/#website","url":"https:\/\/protech.nu\/lv\/","name":"PROTECH","description":"","publisher":{"@id":"https:\/\/protech.nu\/lv\/#organization"},"potentialAction":[{"@type":"SearchAction","target":{"@type":"EntryPoint","urlTemplate":"https:\/\/protech.nu\/lv\/?s={search_term_string}"},"query-input":{"@type":"PropertyValueSpecification","valueRequired":true,"valueName":"search_term_string"}}],"inLanguage":"lv-LV"},{"@type":"Organization","@id":"https:\/\/protech.nu\/lv\/#organization","name":"MYPOWERTOOLSBOX","alternateName":"ProTech","url":"https:\/\/protech.nu\/lv\/","logo":{"@type":"ImageObject","inLanguage":"lv-LV","@id":"https:\/\/protech.nu\/lv\/#\/schema\/logo\/image\/","url":"https:\/\/2026.protech.nu\/wp-content\/uploads\/2026\/02\/ProTech.png","contentUrl":"https:\/\/2026.protech.nu\/wp-content\/uploads\/2026\/02\/ProTech.png","width":1024,"height":1024,"caption":"MYPOWERTOOLSBOX"},"image":{"@id":"https:\/\/protech.nu\/lv\/#\/schema\/logo\/image\/"},"sameAs":["https:\/\/www.facebook.com\/Protech.nu\/","https:\/\/www.instagram.com\/protech_sweden\/","https:\/\/www.linkedin.com\/company\/protech-professional-technologies-sweden-ab\/","https:\/\/www.youtube.com\/@Protech_nu"]}]}},"_links":{"self":[{"href":"https:\/\/protech.nu\/lv\/wp-json\/wp\/v2\/product\/2748","targetHints":{"allow":["GET"]}}],"collection":[{"href":"https:\/\/protech.nu\/lv\/wp-json\/wp\/v2\/product"}],"about":[{"href":"https:\/\/protech.nu\/lv\/wp-json\/wp\/v2\/types\/product"}],"replies":[{"embeddable":true,"href":"https:\/\/protech.nu\/lv\/wp-json\/wp\/v2\/comments?post=2748"}],"wp:featuredmedia":[{"embeddable":true,"href":"https:\/\/protech.nu\/lv\/wp-json\/wp\/v2\/media\/1595"}],"wp:attachment":[{"href":"https:\/\/protech.nu\/lv\/wp-json\/wp\/v2\/media?parent=2748"}],"wp:term":[{"taxonomy":"product_brand","embeddable":true,"href":"https:\/\/protech.nu\/lv\/wp-json\/wp\/v2\/product_brand?post=2748"},{"taxonomy":"product_cat","embeddable":true,"href":"https:\/\/protech.nu\/lv\/wp-json\/wp\/v2\/product_cat?post=2748"},{"taxonomy":"product_tag","embeddable":true,"href":"https:\/\/protech.nu\/lv\/wp-json\/wp\/v2\/product_tag?post=2748"}],"curies":[{"name":"wp","href":"https:\/\/api.w.org\/{rel}","templated":true}]}}