{"id":2986,"date":"2025-11-13T21:54:18","date_gmt":"2025-11-13T21:54:18","guid":{"rendered":"https:\/\/protech.nu\/toode\/ingersoll-rand-w5153-1-2%e2%80%b3-745-nm-iqv20-akumulatora-triecienskruvgriezis-tikai-instruments\/"},"modified":"2025-12-01T23:12:58","modified_gmt":"2025-12-01T23:12:58","slug":"ingersoll-rand-w5153-1-2%e2%80%b3-745-nm-iqv20-akumulatora-triecienskruvgriezis-tikai-instruments","status":"publish","type":"product","link":"https:\/\/protech.nu\/lv\/produkt\/ingersoll-rand-w5153-1-2%e2%80%b3-745-nm-iqv20-akumulatora-triecienskruvgriezis-tikai-instruments\/","title":{"rendered":"Ingersoll Rand W5153 \u2013 1\/2\u2033, 745 Nm IQV20\u2122 akumulatora triecienskr\u016bvgriezis (tikai instruments)"},"content":{"rendered":"<p><strong>Preces kods (SKU):<\/strong> W5153-EU<\/p>\n<p><strong>Ingersoll Rand W5153 1\/2\u2033 IQV20\u2122 akumulatora triecienskr\u016bvgriezis<\/strong> nodro\u0161ina gudru jaudu un prec\u012bzu kontroli, pateicoties <strong>IQV\u00ae Power Control System<\/strong> \u010detriem darba re\u017e\u012bmiem: Max, Mid, Wrench Tight un Hand Tight. <strong>Bezsuku motors<\/strong>, <strong>met\u0101la p\u0101rnesumk\u0101rba<\/strong> un <strong>ar t\u0113raudu pastiprin\u0101ts korpuss<\/strong> nodro\u0161ina ilgu kalpo\u0161anas laiku pat vissmag\u0101kajos darba apst\u0101k\u013cos.<\/p>\n<h3>Tehniskie dati<\/h3>\n<ul>\n<li><strong>Uzgalis:<\/strong> 1\/2\u2033 kvadr\u0101ts<\/li>\n<li><strong>Atskr\u016bv\u0113\u0161anas moments:<\/strong> 745 Nm<\/li>\n<li><strong>Pieskr\u016bv\u0113\u0161anas moments:<\/strong> 495 Nm<\/li>\n<li><strong>Tuk\u0161gaitas \u0101trums:<\/strong> 2100 apgr.\/min<\/li>\n<li><strong>Triecienu bie\u017eums:<\/strong> 3300 triecieni\/min<\/li>\n<li><strong>Svars bez akumulatora:<\/strong> 2,0 kg<\/li>\n<li><strong>Svars ar akumulatoru:<\/strong> 2,4 kg<\/li>\n<li><strong>Garums:<\/strong> 179 mm<\/li>\n<li><strong>Apgaismojums:<\/strong> 360\u00b0 LED<\/li>\n<\/ul>\n<h3>Sader\u012bgie akumulatori un l\u0101d\u0113t\u0101ji<\/h3>\n<ul>\n<li><strong>Sader\u012bgie akumulatori:<\/strong> BL2012 (2.5 Ah), BL2022 (5.0 Ah)<\/li>\n<li><strong>Sader\u012bgais l\u0101d\u0113t\u0101js:<\/strong> BC1121-EU (IQV20\u2122 platformai)<\/li>\n<li><strong>Platformas sader\u012bba:<\/strong> IQV20\u2122 (20 V Li-Ion)<\/li>\n<\/ul>\n<p><em>Piez\u012bme:<\/em> \u0160\u012b versija ir <strong>tikai instruments<\/strong> \u2014 akumulatori un l\u0101d\u0113t\u0101js komplekt\u0101 nav iek\u013cauti.<\/p>\n<h3>Lejupiel\u0101d\u0113t katalogus<\/h3>\n<p><a href=\"https:\/\/protech.nu\/wp-content\/uploads\/2025\/10\/ingersoll-rand-iqv20-akutooriistad-kataloog-2025.pdf\" target=\"_blank\" rel=\"noopener\">IQV20\u2122 akumulatoru instrumentu katalogs \u2014 jauda un uzticam\u012bba<\/a><\/p>\n<p><a href=\"https:\/\/protech.nu\/wp-content\/uploads\/2025\/09\/ingersoll-rand-iqv20-cordless-tools\n\n<\/p>\n","protected":false},"excerpt":{"rendered":"<p>Ingersoll Rand W5153 1\/2\u2033 IQV20\u2122 akumulatora triecienskr\u016bvgriezis nodro\u0161ina 745 Nm jaudu, \u010detrus darba re\u017e\u012bmus un iztur\u012bgu bezsuku motoru. Piem\u0113rots profesion\u0101lai lieto\u0161anai smagos darba apst\u0101k\u013cos. Tikai instruments \u2013 akumulatori un l\u0101d\u0113t\u0101js nav iek\u013cauti.<\/p>\n","protected":false},"featured_media":2985,"comment_status":"open","ping_status":"closed","template":"","meta":{"_acf_changed":false,"_monsterinsights_skip_tracking":false,"_monsterinsights_sitenote_active":false,"_monsterinsights_sitenote_note":"","_monsterinsights_sitenote_category":0,"_themeisle_gutenberg_block_has_review":false},"product_brand":[],"product_cat":[119,118],"product_tag":[],"class_list":{"0":"post-2986","1":"product","2":"type-product","3":"status-publish","4":"has-post-thumbnail","6":"product_cat-ingersoll-rand-bezvadu-triecienskrugriezi-un-uzgrieznu-atslegas","7":"product_cat-ingersoll-rand-iqv20-series","9":"first","10":"instock","11":"taxable","12":"shipping-taxable","13":"purchasable","14":"product-type-simple"},"acf":[],"yoast_head":"<!-- This site is optimized with the Yoast SEO plugin v27.5 - https:\/\/yoast.com\/product\/yoast-seo-wordpress\/ -->\n<title>Ingersoll Rand W5153 \u2013 1\/2\u2033 IQV20\u2122 triecienskr\u016bvgriezis | MyPowerToolsBox<\/title>\n<meta name=\"description\" content=\"Ingersoll Rand W5153 1\/2\u2033 IQV20\u2122 akumulatora triecienskr\u016bvgriezis \u2013 745 Nm jauda, bezsuku motors un \u010detri darba re\u017e\u012bmi profesion\u0101lai precizit\u0101tei. \u0100tra pieg\u0101de Latvij\u0101 un Eirop\u0101.\" \/>\n<meta name=\"robots\" content=\"index, follow, max-snippet:-1, max-image-preview:large, max-video-preview:-1\" \/>\n<link rel=\"canonical\" href=\"https:\/\/protech.nu\/lv\/produkt\/ingersoll-rand-w5153-1-2%e2%80%b3-745-nm-iqv20-akumulatora-triecienskruvgriezis-tikai-instruments\/\" \/>\n<meta property=\"og:locale\" content=\"lv_LV\" \/>\n<meta property=\"og:type\" content=\"article\" \/>\n<meta property=\"og:title\" content=\"Ingersoll Rand W5153 \u2013 1\/2\u2033 IQV20\u2122 triecienskr\u016bvgriezis | MyPowerToolsBox\" \/>\n<meta property=\"og:description\" content=\"Ingersoll Rand W5153 1\/2\u2033 IQV20\u2122 akumulatora triecienskr\u016bvgriezis \u2013 745 Nm jauda, bezsuku motors un \u010detri darba re\u017e\u012bmi profesion\u0101lai precizit\u0101tei. \u0100tra pieg\u0101de Latvij\u0101 un Eirop\u0101.\" \/>\n<meta property=\"og:url\" content=\"https:\/\/protech.nu\/lv\/produkt\/ingersoll-rand-w5153-1-2%e2%80%b3-745-nm-iqv20-akumulatora-triecienskruvgriezis-tikai-instruments\/\" \/>\n<meta property=\"og:site_name\" content=\"ProTech\" \/>\n<meta property=\"article:publisher\" content=\"https:\/\/www.facebook.com\/Protech.nu\/\" \/>\n<meta property=\"article:modified_time\" content=\"2025-12-01T23:12:58+00:00\" \/>\n<meta property=\"og:image\" content=\"https:\/\/protech.nu\/wp-content\/uploads\/2025\/08\/ingersoll-rand-w5153-akuga-lokmutrikeeraja-1-2.jpg\" \/>\n\t<meta property=\"og:image:width\" content=\"600\" \/>\n\t<meta property=\"og:image:height\" content=\"600\" \/>\n\t<meta property=\"og:image:type\" content=\"image\/jpeg\" \/>\n<meta name=\"twitter:card\" content=\"summary_large_image\" \/>\n<meta name=\"twitter:label1\" content=\"Est. reading time\" \/>\n\t<meta name=\"twitter:data1\" content=\"1 min\u016b\u0161u\" \/>\n<script type=\"application\/ld+json\" class=\"yoast-schema-graph\">{\"@context\":\"https:\\\/\\\/schema.org\",\"@graph\":[{\"@type\":\"WebPage\",\"@id\":\"https:\\\/\\\/protech.nu\\\/lv\\\/produkt\\\/ingersoll-rand-w5153-1-2%e2%80%b3-745-nm-iqv20-akumulatora-triecienskruvgriezis-tikai-instruments\\\/\",\"url\":\"https:\\\/\\\/protech.nu\\\/lv\\\/produkt\\\/ingersoll-rand-w5153-1-2%e2%80%b3-745-nm-iqv20-akumulatora-triecienskruvgriezis-tikai-instruments\\\/\",\"name\":\"Ingersoll Rand W5153 \u2013 1\\\/2\u2033 IQV20\u2122 triecienskr\u016bvgriezis | MyPowerToolsBox\",\"isPartOf\":{\"@id\":\"https:\\\/\\\/protech.nu\\\/lv\\\/#website\"},\"primaryImageOfPage\":{\"@id\":\"https:\\\/\\\/protech.nu\\\/lv\\\/produkt\\\/ingersoll-rand-w5153-1-2%e2%80%b3-745-nm-iqv20-akumulatora-triecienskruvgriezis-tikai-instruments\\\/#primaryimage\"},\"image\":{\"@id\":\"https:\\\/\\\/protech.nu\\\/lv\\\/produkt\\\/ingersoll-rand-w5153-1-2%e2%80%b3-745-nm-iqv20-akumulatora-triecienskruvgriezis-tikai-instruments\\\/#primaryimage\"},\"thumbnailUrl\":\"https:\\\/\\\/protech.nu\\\/wp-content\\\/uploads\\\/2025\\\/08\\\/ingersoll-rand-w5153-akuga-lokmutrikeeraja-1-2.jpg\",\"datePublished\":\"2025-11-13T21:54:18+00:00\",\"dateModified\":\"2025-12-01T23:12:58+00:00\",\"description\":\"Ingersoll Rand W5153 1\\\/2\u2033 IQV20\u2122 akumulatora triecienskr\u016bvgriezis \u2013 745 Nm jauda, bezsuku motors un \u010detri darba re\u017e\u012bmi profesion\u0101lai precizit\u0101tei. \u0100tra pieg\u0101de Latvij\u0101 un Eirop\u0101.\",\"breadcrumb\":{\"@id\":\"https:\\\/\\\/protech.nu\\\/lv\\\/produkt\\\/ingersoll-rand-w5153-1-2%e2%80%b3-745-nm-iqv20-akumulatora-triecienskruvgriezis-tikai-instruments\\\/#breadcrumb\"},\"inLanguage\":\"lv-LV\",\"potentialAction\":[{\"@type\":\"ReadAction\",\"target\":[\"https:\\\/\\\/protech.nu\\\/lv\\\/produkt\\\/ingersoll-rand-w5153-1-2%e2%80%b3-745-nm-iqv20-akumulatora-triecienskruvgriezis-tikai-instruments\\\/\"]}]},{\"@type\":\"ImageObject\",\"inLanguage\":\"lv-LV\",\"@id\":\"https:\\\/\\\/protech.nu\\\/lv\\\/produkt\\\/ingersoll-rand-w5153-1-2%e2%80%b3-745-nm-iqv20-akumulatora-triecienskruvgriezis-tikai-instruments\\\/#primaryimage\",\"url\":\"https:\\\/\\\/protech.nu\\\/wp-content\\\/uploads\\\/2025\\\/08\\\/ingersoll-rand-w5153-akuga-lokmutrikeeraja-1-2.jpg\",\"contentUrl\":\"https:\\\/\\\/protech.nu\\\/wp-content\\\/uploads\\\/2025\\\/08\\\/ingersoll-rand-w5153-akuga-lokmutrikeeraja-1-2.jpg\",\"width\":600,\"height\":600,\"caption\":\"Ingersoll Rand W5153 \u2013 jaud\u012bgs 1\\\/2\u2033 IQV20\u2122 akumulatora triecienskr\u016bvgriezis profesion\u0101\u013ciem.\"},{\"@type\":\"BreadcrumbList\",\"@id\":\"https:\\\/\\\/protech.nu\\\/lv\\\/produkt\\\/ingersoll-rand-w5153-1-2%e2%80%b3-745-nm-iqv20-akumulatora-triecienskruvgriezis-tikai-instruments\\\/#breadcrumb\",\"itemListElement\":[{\"@type\":\"ListItem\",\"position\":1,\"name\":\"S\u0101kums\",\"item\":\"https:\\\/\\\/protech.nu\\\/lv\\\/\"},{\"@type\":\"ListItem\",\"position\":2,\"name\":\"Tooted\",\"item\":\"https:\\\/\\\/protech.nu\\\/products\\\/\"},{\"@type\":\"ListItem\",\"position\":3,\"name\":\"Ingersoll Rand W5153 \u2013 1\\\/2\u2033, 745 Nm IQV20\u2122 akumulatora triecienskr\u016bvgriezis (tikai instruments)\"}]},{\"@type\":\"WebSite\",\"@id\":\"https:\\\/\\\/protech.nu\\\/lv\\\/#website\",\"url\":\"https:\\\/\\\/protech.nu\\\/lv\\\/\",\"name\":\"PROTECH\",\"description\":\"\",\"publisher\":{\"@id\":\"https:\\\/\\\/protech.nu\\\/lv\\\/#organization\"},\"potentialAction\":[{\"@type\":\"SearchAction\",\"target\":{\"@type\":\"EntryPoint\",\"urlTemplate\":\"https:\\\/\\\/protech.nu\\\/lv\\\/?s={search_term_string}\"},\"query-input\":{\"@type\":\"PropertyValueSpecification\",\"valueRequired\":true,\"valueName\":\"search_term_string\"}}],\"inLanguage\":\"lv-LV\"},{\"@type\":\"Organization\",\"@id\":\"https:\\\/\\\/protech.nu\\\/lv\\\/#organization\",\"name\":\"MYPOWERTOOLSBOX\",\"alternateName\":\"ProTech\",\"url\":\"https:\\\/\\\/protech.nu\\\/lv\\\/\",\"logo\":{\"@type\":\"ImageObject\",\"inLanguage\":\"lv-LV\",\"@id\":\"https:\\\/\\\/protech.nu\\\/lv\\\/#\\\/schema\\\/logo\\\/image\\\/\",\"url\":\"https:\\\/\\\/2026.protech.nu\\\/wp-content\\\/uploads\\\/2026\\\/02\\\/ProTech.png\",\"contentUrl\":\"https:\\\/\\\/2026.protech.nu\\\/wp-content\\\/uploads\\\/2026\\\/02\\\/ProTech.png\",\"width\":1024,\"height\":1024,\"caption\":\"MYPOWERTOOLSBOX\"},\"image\":{\"@id\":\"https:\\\/\\\/protech.nu\\\/lv\\\/#\\\/schema\\\/logo\\\/image\\\/\"},\"sameAs\":[\"https:\\\/\\\/www.facebook.com\\\/Protech.nu\\\/\",\"https:\\\/\\\/www.instagram.com\\\/protech_sweden\\\/\",\"https:\\\/\\\/www.linkedin.com\\\/company\\\/protech-professional-technologies-sweden-ab\\\/\",\"https:\\\/\\\/www.youtube.com\\\/@Protech_nu\"]}]}<\/script>\n<!-- \/ Yoast SEO plugin. -->","yoast_head_json":{"title":"Ingersoll Rand W5153 \u2013 1\/2\u2033 IQV20\u2122 triecienskr\u016bvgriezis | MyPowerToolsBox","description":"Ingersoll Rand W5153 1\/2\u2033 IQV20\u2122 akumulatora triecienskr\u016bvgriezis \u2013 745 Nm jauda, bezsuku motors un \u010detri darba re\u017e\u012bmi profesion\u0101lai precizit\u0101tei. \u0100tra pieg\u0101de Latvij\u0101 un Eirop\u0101.","robots":{"index":"index","follow":"follow","max-snippet":"max-snippet:-1","max-image-preview":"max-image-preview:large","max-video-preview":"max-video-preview:-1"},"canonical":"https:\/\/protech.nu\/lv\/produkt\/ingersoll-rand-w5153-1-2%e2%80%b3-745-nm-iqv20-akumulatora-triecienskruvgriezis-tikai-instruments\/","og_locale":"lv_LV","og_type":"article","og_title":"Ingersoll Rand W5153 \u2013 1\/2\u2033 IQV20\u2122 triecienskr\u016bvgriezis | MyPowerToolsBox","og_description":"Ingersoll Rand W5153 1\/2\u2033 IQV20\u2122 akumulatora triecienskr\u016bvgriezis \u2013 745 Nm jauda, bezsuku motors un \u010detri darba re\u017e\u012bmi profesion\u0101lai precizit\u0101tei. \u0100tra pieg\u0101de Latvij\u0101 un Eirop\u0101.","og_url":"https:\/\/protech.nu\/lv\/produkt\/ingersoll-rand-w5153-1-2%e2%80%b3-745-nm-iqv20-akumulatora-triecienskruvgriezis-tikai-instruments\/","og_site_name":"ProTech","article_publisher":"https:\/\/www.facebook.com\/Protech.nu\/","article_modified_time":"2025-12-01T23:12:58+00:00","og_image":[{"width":600,"height":600,"url":"https:\/\/protech.nu\/wp-content\/uploads\/2025\/08\/ingersoll-rand-w5153-akuga-lokmutrikeeraja-1-2.jpg","type":"image\/jpeg"}],"twitter_card":"summary_large_image","twitter_misc":{"Est. reading time":"1 min\u016b\u0161u"},"schema":{"@context":"https:\/\/schema.org","@graph":[{"@type":"WebPage","@id":"https:\/\/protech.nu\/lv\/produkt\/ingersoll-rand-w5153-1-2%e2%80%b3-745-nm-iqv20-akumulatora-triecienskruvgriezis-tikai-instruments\/","url":"https:\/\/protech.nu\/lv\/produkt\/ingersoll-rand-w5153-1-2%e2%80%b3-745-nm-iqv20-akumulatora-triecienskruvgriezis-tikai-instruments\/","name":"Ingersoll Rand W5153 \u2013 1\/2\u2033 IQV20\u2122 triecienskr\u016bvgriezis | MyPowerToolsBox","isPartOf":{"@id":"https:\/\/protech.nu\/lv\/#website"},"primaryImageOfPage":{"@id":"https:\/\/protech.nu\/lv\/produkt\/ingersoll-rand-w5153-1-2%e2%80%b3-745-nm-iqv20-akumulatora-triecienskruvgriezis-tikai-instruments\/#primaryimage"},"image":{"@id":"https:\/\/protech.nu\/lv\/produkt\/ingersoll-rand-w5153-1-2%e2%80%b3-745-nm-iqv20-akumulatora-triecienskruvgriezis-tikai-instruments\/#primaryimage"},"thumbnailUrl":"https:\/\/protech.nu\/wp-content\/uploads\/2025\/08\/ingersoll-rand-w5153-akuga-lokmutrikeeraja-1-2.jpg","datePublished":"2025-11-13T21:54:18+00:00","dateModified":"2025-12-01T23:12:58+00:00","description":"Ingersoll Rand W5153 1\/2\u2033 IQV20\u2122 akumulatora triecienskr\u016bvgriezis \u2013 745 Nm jauda, bezsuku motors un \u010detri darba re\u017e\u012bmi profesion\u0101lai precizit\u0101tei. \u0100tra pieg\u0101de Latvij\u0101 un Eirop\u0101.","breadcrumb":{"@id":"https:\/\/protech.nu\/lv\/produkt\/ingersoll-rand-w5153-1-2%e2%80%b3-745-nm-iqv20-akumulatora-triecienskruvgriezis-tikai-instruments\/#breadcrumb"},"inLanguage":"lv-LV","potentialAction":[{"@type":"ReadAction","target":["https:\/\/protech.nu\/lv\/produkt\/ingersoll-rand-w5153-1-2%e2%80%b3-745-nm-iqv20-akumulatora-triecienskruvgriezis-tikai-instruments\/"]}]},{"@type":"ImageObject","inLanguage":"lv-LV","@id":"https:\/\/protech.nu\/lv\/produkt\/ingersoll-rand-w5153-1-2%e2%80%b3-745-nm-iqv20-akumulatora-triecienskruvgriezis-tikai-instruments\/#primaryimage","url":"https:\/\/protech.nu\/wp-content\/uploads\/2025\/08\/ingersoll-rand-w5153-akuga-lokmutrikeeraja-1-2.jpg","contentUrl":"https:\/\/protech.nu\/wp-content\/uploads\/2025\/08\/ingersoll-rand-w5153-akuga-lokmutrikeeraja-1-2.jpg","width":600,"height":600,"caption":"Ingersoll Rand W5153 \u2013 jaud\u012bgs 1\/2\u2033 IQV20\u2122 akumulatora triecienskr\u016bvgriezis profesion\u0101\u013ciem."},{"@type":"BreadcrumbList","@id":"https:\/\/protech.nu\/lv\/produkt\/ingersoll-rand-w5153-1-2%e2%80%b3-745-nm-iqv20-akumulatora-triecienskruvgriezis-tikai-instruments\/#breadcrumb","itemListElement":[{"@type":"ListItem","position":1,"name":"S\u0101kums","item":"https:\/\/protech.nu\/lv\/"},{"@type":"ListItem","position":2,"name":"Tooted","item":"https:\/\/protech.nu\/products\/"},{"@type":"ListItem","position":3,"name":"Ingersoll Rand W5153 \u2013 1\/2\u2033, 745 Nm IQV20\u2122 akumulatora triecienskr\u016bvgriezis (tikai instruments)"}]},{"@type":"WebSite","@id":"https:\/\/protech.nu\/lv\/#website","url":"https:\/\/protech.nu\/lv\/","name":"PROTECH","description":"","publisher":{"@id":"https:\/\/protech.nu\/lv\/#organization"},"potentialAction":[{"@type":"SearchAction","target":{"@type":"EntryPoint","urlTemplate":"https:\/\/protech.nu\/lv\/?s={search_term_string}"},"query-input":{"@type":"PropertyValueSpecification","valueRequired":true,"valueName":"search_term_string"}}],"inLanguage":"lv-LV"},{"@type":"Organization","@id":"https:\/\/protech.nu\/lv\/#organization","name":"MYPOWERTOOLSBOX","alternateName":"ProTech","url":"https:\/\/protech.nu\/lv\/","logo":{"@type":"ImageObject","inLanguage":"lv-LV","@id":"https:\/\/protech.nu\/lv\/#\/schema\/logo\/image\/","url":"https:\/\/2026.protech.nu\/wp-content\/uploads\/2026\/02\/ProTech.png","contentUrl":"https:\/\/2026.protech.nu\/wp-content\/uploads\/2026\/02\/ProTech.png","width":1024,"height":1024,"caption":"MYPOWERTOOLSBOX"},"image":{"@id":"https:\/\/protech.nu\/lv\/#\/schema\/logo\/image\/"},"sameAs":["https:\/\/www.facebook.com\/Protech.nu\/","https:\/\/www.instagram.com\/protech_sweden\/","https:\/\/www.linkedin.com\/company\/protech-professional-technologies-sweden-ab\/","https:\/\/www.youtube.com\/@Protech_nu"]}]}},"_links":{"self":[{"href":"https:\/\/protech.nu\/lv\/wp-json\/wp\/v2\/product\/2986","targetHints":{"allow":["GET"]}}],"collection":[{"href":"https:\/\/protech.nu\/lv\/wp-json\/wp\/v2\/product"}],"about":[{"href":"https:\/\/protech.nu\/lv\/wp-json\/wp\/v2\/types\/product"}],"replies":[{"embeddable":true,"href":"https:\/\/protech.nu\/lv\/wp-json\/wp\/v2\/comments?post=2986"}],"wp:featuredmedia":[{"embeddable":true,"href":"https:\/\/protech.nu\/lv\/wp-json\/wp\/v2\/media\/2985"}],"wp:attachment":[{"href":"https:\/\/protech.nu\/lv\/wp-json\/wp\/v2\/media?parent=2986"}],"wp:term":[{"taxonomy":"product_brand","embeddable":true,"href":"https:\/\/protech.nu\/lv\/wp-json\/wp\/v2\/product_brand?post=2986"},{"taxonomy":"product_cat","embeddable":true,"href":"https:\/\/protech.nu\/lv\/wp-json\/wp\/v2\/product_cat?post=2986"},{"taxonomy":"product_tag","embeddable":true,"href":"https:\/\/protech.nu\/lv\/wp-json\/wp\/v2\/product_tag?post=2986"}],"curies":[{"name":"wp","href":"https:\/\/api.w.org\/{rel}","templated":true}]}}