{"id":3087,"date":"2025-11-22T12:07:03","date_gmt":"2025-11-22T12:07:03","guid":{"rendered":"https:\/\/protech.nu\/toode\/ingersoll-rand-w7153-k22b-eu-1-2%e2%80%b3-2040-nm-iqv20-dxs-akumulatora-triecienskruvgrieza-komplekts-2-x-5-0-ah-akumulatori-ladetajs-un-koferis\/"},"modified":"2026-04-01T16:17:21","modified_gmt":"2026-04-01T14:17:21","slug":"ingersoll-rand-w7153-k22b-eu-1-2%e2%80%b3-2040-nm-iqv20-dxs-akumulatora-triecienskruvgrieza-komplekts-2-x-5-0-ah-akumulatori-ladetajs-un-koferis","status":"publish","type":"product","link":"https:\/\/protech.nu\/lv\/produkts\/ingersoll-rand-w7153-k22b-eu-1-2%e2%80%b3-2040-nm-iqv20-dxs-akumulatora-triecienskruvgrieza-komplekts-2-x-5-0-ah-akumulatori-ladetajs-un-koferis\/","title":{"rendered":"Ingersoll Rand W7153-K22B-EU \u2013 1\/2\u2033, 2040 Nm IQV20\u2122 DXS\u00ae akumulatora triecienskr\u016bvgrie\u017ea komplekts (2 \u00d7 5.0 Ah akumulatori, l\u0101d\u0113t\u0101js un koferis)"},"content":{"rendered":"<div style=\"display: flex; flex-wrap: wrap; gap: 30px; align-items: flex-start; font-family: Arial, sans-serif; line-height: 1.6; color: #333;\">\n<div style=\"flex: 1; min-width: 320px;\">\n<p><strong>Ingersoll Rand W7153-K22B-EU<\/strong> ir revolucion\u0101ra akumulatora triecienuzgrie\u017e\u0146atsl\u0113ga, kas apr\u012bkota ar patent\u0113to <strong>Drive Xchange System\u2122 (DXS\u00ae)<\/strong> tehnolo\u0123iju. \u0160\u012b sist\u0113ma \u013cauj nomain\u012bt uzga\u013cus tie\u0161i, bez adapteriem, nodro\u0161inot l\u012bdz pat 15% liel\u0101ku griezes momenta p\u0101rvadi sal\u012bdzin\u0101jum\u0101 ar parastajiem risin\u0101jumiem.<\/p>\n<h4 style=\"color: #000; margin-top: 20px;\">IQV Power Control \u2013 vieda jaudas vad\u012bba<\/h4>\n<p>Instrumentam ir \u010detri inteli\u0123enti darb\u012bbas re\u017e\u012bmi, kas \u013cauj prec\u012bzi pievilkt un nov\u0113r\u0161 p\u0101rm\u0113r\u012bgu pievilk\u0161anu:<\/p>\n<ul style=\"margin-top: 10px;\">\n<li><strong>Hand Tight (Pievilk\u0161ana ar roku):<\/strong> Ierobe\u017eo griezes momentu robe\u017e\u0101s no <strong>5\u201314 Nm<\/strong>, ide\u0101li piem\u0113rots jut\u012bgiem darbiem.<\/li>\n<li><strong>Wrench Tight (Pievilk\u0161ana ar atsl\u0113gu):<\/strong> Pievilk\u0161anas moments no <strong>50\u2013150 Nm<\/strong>, nov\u0113r\u0161ot stiprin\u0101jumu boj\u0101jumus.<\/li>\n<li><strong>Half Power (Puse jaudas):<\/strong> Nodro\u0161ina nep\u0101rtrauktu pievilk\u0161anu l\u012bdz <strong>720 Nm<\/strong>.<\/li>\n<li><strong>Max Power (Maksim\u0101l\u0101 jauda):<\/strong> Nodro\u0161ina pilnu instrumenta jaudu \u2013 l\u012bdz <strong>1360 Nm<\/strong> pievilk\u0161anas momentu un <strong>2034 Nm<\/strong> atskr\u016bv\u0113\u0161anas momentu.<\/li>\n<\/ul>\n<h4 style=\"color: #000; margin-top: 20px;\">R\u016bpniecisk\u0101 iztur\u012bba un kontrole<\/h4>\n<p>W7153 ir rad\u012bts, lai iztur\u0113tu vissmag\u0101kos apst\u0101k\u013cus:<\/p>\n<ul style=\"margin-top: 10px;\">\n<li><strong>Iztur\u012bga konstrukcija:<\/strong> Ar t\u0113raudu pastiprin\u0101ts r\u0101mis un pret \u0137\u012bmisk\u0101m viel\u0101m un triecieniem iztur\u012bgi korpusi aizsarg\u0101 ier\u012bci no kritieniem un agres\u012bviem \u0161\u0137idrumiem.<\/li>\n<li><strong>IPX6 reitings:<\/strong> Nodro\u0161ina iztur\u012bbu pret laikapst\u0101k\u013ciem lieto\u0161anai jebkuros apst\u0101k\u013cos.<\/li>\n<li><strong>Maksim\u0101la redzam\u012bba:<\/strong> Patent\u0113tais 360\u00b0 bez\u0113nu LED gaismas gredzens apgaismo darba zonu no vis\u0101m pus\u0113m.<\/li>\n<li><strong>Prec\u012bzs spr\u016bds:<\/strong> Main\u0101ma \u0101truma spr\u016bds ar elektronisko bremzi nodro\u0161ina piln\u012bgu kontroli p\u0101r instrumentu.<\/li>\n<\/ul>\n<h4 style=\"color: #d71920; margin-top: 20px;\">5 gadu garantija<\/h4>\n<p>Ingersoll Rand le\u0123end\u0101ro kvalit\u0101ti apliecina jaun\u0101 <strong>5 gadu ierobe\u017eot\u0101 garantija<\/strong>, sniedzot profesion\u0101\u013ciem ilgtermi\u0146a mieru.<\/p>\n<div style=\"display: flex; flex-wrap: wrap; gap: 40px; margin-top: 20px; background: #f9f9f9; padding: 20px; border-radius: 12px;\">\n<div style=\"flex: 1; min-width: 200px;\">\n                <strong>Komplekt\u0101 ietilpst:<\/strong><\/p>\n<ul style=\"margin-top: 10px;\">\n<li>1 \u00d7 W7153 DXS\u00ae triecienuzgrie\u017e\u0146atsl\u0113ga<\/li>\n<li>2 \u00d7 5.0 Ah IQV20\u2122 akumulatori (BL2022)<\/li>\n<li>1 \u00d7 BC1124 l\u0101d\u0113t\u0101js<\/li>\n<li>Koferis un 1\/2&#8243; standarta uzgalis (A41H)<\/li>\n<\/ul><\/div>\n<div style=\"flex: 1; min-width: 200px;\">\n                <strong>Tehniskie dati:<\/strong><\/p>\n<ul style=\"margin-top: 10px;\">\n<li>Maks. atskr\u016bv\u0113\u0161anas moments: 2034 Nm<\/li>\n<li>Maks. pievilk\u0161anas moments: 1360 Nm<\/li>\n<li>Triecienu bie\u017eums: 2450 triec.\/min.<\/li>\n<li>Tuk\u0161gaitas \u0101trums: 0\u20131900 apgr.\/min.<\/li>\n<li>Svars bez akumulatora: 2,76 kg<\/li>\n<\/ul><\/div>\n<\/p><\/div>\n<\/p><\/div>\n<div style=\"flex: 0 0 260px; text-align: center; background: #fff; padding: 20px; border: 1px solid #eee; border-radius: 12px; box-shadow: 0 4px 12px rgba(0,0,0,0.08);\">\n        <img decoding=\"async\" src=\"https:\/\/protech.nu\/wp-content\/uploads\/2025\/11\/Image-4-1-26-at-15.04.png\" alt=\"Ingersoll Rand 5 gadu garantija\" style=\"width: 100%; max-width: 220px; height: auto; margin-bottom: 15px;\" \/><\/p>\n<div style=\"font-size: 14px; line-height: 1.5; text-align: left; color: #333;\">\n<p style=\"margin-bottom: 10px;\"><strong>JAUNS nozares standarts:<\/strong><\/p>\n<p style=\"margin: 0;\">\u0160\u012b embl\u0113ma apz\u012bm\u0113 Ingersoll Rand jauno <strong>5 gadu ierobe\u017eoto garantiju<\/strong>, kas apliecina instrumenta izcilo iztur\u012bbu un kvalit\u0101ti.<\/p>\n<\/p><\/div>\n<\/p><\/div>\n<\/div>\n","protected":false},"excerpt":{"rendered":"<p><strong>Ingersoll Rand W7153 1\/2\u2033 IQV20\u2122 DXS\u00ae akumulatora triecienuzgrie\u017e\u0146atsl\u0113ga<\/strong> nodro\u0161ina sav\u0101 klas\u0113 lab\u0101ko <strong>2040 Nm atskr\u016bv\u0113\u0161anas griezes momentu<\/strong> un izmanto patent\u0113to <strong>DXS\u00ae Drive eXchange System<\/strong> risin\u0101jumu \u0101trai uzga\u013cu mai\u0146ai un maksim\u0101lai jaudas p\u0101rvadei. <strong>Bezsuku motors<\/strong>, <strong>pilna met\u0101la transmisija<\/strong> un <strong>ar t\u0113raudu pastiprin\u0101ts r\u0101mis<\/strong> garant\u0113 ilgu kalpo\u0161anas laiku pat vissmag\u0101kajos darba apst\u0101k\u013cos.<\/p>\n<p>Ide\u0101li piem\u0113rots profesion\u0101liem meh\u0101ni\u0137iem un r\u016bpniecisk\u0101s apkopes komand\u0101m, pied\u0101v\u0101jot pneimatisk\u0101 instrumenta jaudu bezvadu form\u0101t\u0101.<\/p>\n<div style=\"background: #f9f9f9; padding: 15px; border-radius: 10px; margin-bottom: 20px; border: 1px solid #eee;\">\n<ul style=\"list-style: none; padding: 0; margin: 0;\">\n<li style=\"margin-bottom: 8px;\"><b>Galven\u0101s priek\u0161roc\u012bbas:<\/b> 2040 Nm veiktsp\u0113ja, 360\u00b0 LED gaisma, kompakts dizains, IQV20\u2122 akumulatoru platforma.<\/li>\n<li style=\"margin-bottom: 8px;\"><b>Garantija:<\/b> Jauna 5 gadu ierobe\u017eot\u0101 garantija.<\/li>\n<li style=\"margin-bottom: 0;\"><b>Komplekt\u0101 ietilpst:<\/b> W7153 instruments, 2 \u00d7 5.0 Ah akumulatori (BL2022), l\u0101d\u0113t\u0101js (BC1124) un koferis.<\/li>\n<\/ul>\n<\/div>\n<div style=\"max-width: 720px; border-radius: 12px; overflow: hidden;\">\n[video width=\"1920\" height=\"1080\" mp4=\"https:\/\/protech.nu\/wp-content\/uploads\/2025\/08\/W7153-DXS\u00ae-1-2-Cordless-Impact-Wrench-Product-Overview.mp4\" autoplay=\"true\" preload=\"auto\"][\/video]\n<\/div>\n","protected":false},"featured_media":3086,"comment_status":"open","ping_status":"closed","template":"","meta":{"_acf_changed":false,"_monsterinsights_skip_tracking":false,"_monsterinsights_sitenote_active":false,"_monsterinsights_sitenote_note":"","_monsterinsights_sitenote_category":0,"_themeisle_gutenberg_block_has_review":false},"product_brand":[],"product_cat":[6253,119,118],"product_tag":[],"class_list":{"0":"post-3087","1":"product","2":"type-product","3":"status-publish","4":"has-post-thumbnail","6":"product_cat-promotions","7":"product_cat-ingersoll-rand-bezvadu-triecienskrugriezi-un-uzgrieznu-atslegas","8":"product_cat-ingersoll-rand-iqv20-series","10":"first","11":"onbackorder","12":"sale","13":"taxable","14":"shipping-taxable","15":"purchasable","16":"product-type-simple"},"acf":[],"yoast_head":"<!-- This site is optimized with the Yoast SEO plugin v27.4 - https:\/\/yoast.com\/product\/yoast-seo-wordpress\/ -->\n<title>Ingersoll Rand W7153-K22B-EU | 1\/2\u2033 2040 Nm IQV20\u2122 DXS\u00ae triecienskr\u016bvgrie\u017ea komplekts<\/title>\n<meta name=\"description\" content=\"Ingersoll Rand W7153-K22B-EU \u2013 1\/2\u2033, 2040 Nm IQV20\u2122 DXS\u00ae akumulatora triecienskr\u016bvgrie\u017ea komplekts ar diviem 5.0 Ah akumulatoriem, l\u0101d\u0113t\u0101ju un iztur\u012bgu koferi. Jaud\u012bgs un uzticams risin\u0101jums autoservisam un r\u016bpnieciskai apkopei. \u0100tra pieg\u0101de Latvij\u0101, Lietuv\u0101, Igaunij\u0101 un Somij\u0101.\" \/>\n<meta name=\"robots\" content=\"index, follow, max-snippet:-1, max-image-preview:large, max-video-preview:-1\" \/>\n<link rel=\"canonical\" href=\"https:\/\/protech.nu\/lv\/produkts\/ingersoll-rand-w7153-k22b-eu-1-2%e2%80%b3-2040-nm-iqv20-dxs-akumulatora-triecienskruvgrieza-komplekts-2-x-5-0-ah-akumulatori-ladetajs-un-koferis\/\" \/>\n<meta property=\"og:locale\" content=\"lv_LV\" \/>\n<meta property=\"og:type\" content=\"article\" \/>\n<meta property=\"og:title\" content=\"Ingersoll Rand W7153-K22B-EU | 1\/2\u2033 2040 Nm IQV20\u2122 DXS\u00ae triecienskr\u016bvgrie\u017ea komplekts\" \/>\n<meta property=\"og:description\" content=\"Ingersoll Rand W7153-K22B-EU \u2013 1\/2\u2033, 2040 Nm IQV20\u2122 DXS\u00ae akumulatora triecienskr\u016bvgrie\u017ea komplekts ar diviem 5.0 Ah akumulatoriem, l\u0101d\u0113t\u0101ju un iztur\u012bgu koferi. Jaud\u012bgs un uzticams risin\u0101jums autoservisam un r\u016bpnieciskai apkopei. \u0100tra pieg\u0101de Latvij\u0101, Lietuv\u0101, Igaunij\u0101 un Somij\u0101.\" \/>\n<meta property=\"og:url\" content=\"https:\/\/protech.nu\/lv\/produkts\/ingersoll-rand-w7153-k22b-eu-1-2%e2%80%b3-2040-nm-iqv20-dxs-akumulatora-triecienskruvgrieza-komplekts-2-x-5-0-ah-akumulatori-ladetajs-un-koferis\/\" \/>\n<meta property=\"og:site_name\" content=\"ProTech\" \/>\n<meta property=\"article:publisher\" content=\"https:\/\/www.facebook.com\/Protech.nu\/\" \/>\n<meta property=\"article:modified_time\" content=\"2026-04-01T14:17:21+00:00\" \/>\n<meta property=\"og:image\" content=\"https:\/\/protech.nu\/wp-content\/uploads\/2025\/11\/W7153-K22_web.webp\" \/>\n\t<meta property=\"og:image:width\" content=\"1600\" \/>\n\t<meta property=\"og:image:height\" content=\"1600\" \/>\n\t<meta property=\"og:image:type\" content=\"image\/webp\" \/>\n<meta name=\"twitter:card\" content=\"summary_large_image\" \/>\n<meta name=\"twitter:label1\" content=\"Est. reading time\" \/>\n\t<meta name=\"twitter:data1\" content=\"1 min\u016b\u0161u\" \/>\n<script type=\"application\/ld+json\" class=\"yoast-schema-graph\">{\"@context\":\"https:\\\/\\\/schema.org\",\"@graph\":[{\"@type\":\"WebPage\",\"@id\":\"https:\\\/\\\/protech.nu\\\/lv\\\/produkts\\\/ingersoll-rand-w7153-k22b-eu-1-2%e2%80%b3-2040-nm-iqv20-dxs-akumulatora-triecienskruvgrieza-komplekts-2-x-5-0-ah-akumulatori-ladetajs-un-koferis\\\/\",\"url\":\"https:\\\/\\\/protech.nu\\\/lv\\\/produkts\\\/ingersoll-rand-w7153-k22b-eu-1-2%e2%80%b3-2040-nm-iqv20-dxs-akumulatora-triecienskruvgrieza-komplekts-2-x-5-0-ah-akumulatori-ladetajs-un-koferis\\\/\",\"name\":\"Ingersoll Rand W7153-K22B-EU | 1\\\/2\u2033 2040 Nm IQV20\u2122 DXS\u00ae triecienskr\u016bvgrie\u017ea komplekts\",\"isPartOf\":{\"@id\":\"https:\\\/\\\/protech.nu\\\/lv\\\/#website\"},\"primaryImageOfPage\":{\"@id\":\"https:\\\/\\\/protech.nu\\\/lv\\\/produkts\\\/ingersoll-rand-w7153-k22b-eu-1-2%e2%80%b3-2040-nm-iqv20-dxs-akumulatora-triecienskruvgrieza-komplekts-2-x-5-0-ah-akumulatori-ladetajs-un-koferis\\\/#primaryimage\"},\"image\":{\"@id\":\"https:\\\/\\\/protech.nu\\\/lv\\\/produkts\\\/ingersoll-rand-w7153-k22b-eu-1-2%e2%80%b3-2040-nm-iqv20-dxs-akumulatora-triecienskruvgrieza-komplekts-2-x-5-0-ah-akumulatori-ladetajs-un-koferis\\\/#primaryimage\"},\"thumbnailUrl\":\"https:\\\/\\\/protech.nu\\\/wp-content\\\/uploads\\\/2025\\\/11\\\/W7153-K22_web.webp\",\"datePublished\":\"2025-11-22T12:07:03+00:00\",\"dateModified\":\"2026-04-01T14:17:21+00:00\",\"description\":\"Ingersoll Rand W7153-K22B-EU \u2013 1\\\/2\u2033, 2040 Nm IQV20\u2122 DXS\u00ae akumulatora triecienskr\u016bvgrie\u017ea komplekts ar diviem 5.0 Ah akumulatoriem, l\u0101d\u0113t\u0101ju un iztur\u012bgu koferi. Jaud\u012bgs un uzticams risin\u0101jums autoservisam un r\u016bpnieciskai apkopei. \u0100tra pieg\u0101de Latvij\u0101, Lietuv\u0101, Igaunij\u0101 un Somij\u0101.\",\"breadcrumb\":{\"@id\":\"https:\\\/\\\/protech.nu\\\/lv\\\/produkts\\\/ingersoll-rand-w7153-k22b-eu-1-2%e2%80%b3-2040-nm-iqv20-dxs-akumulatora-triecienskruvgrieza-komplekts-2-x-5-0-ah-akumulatori-ladetajs-un-koferis\\\/#breadcrumb\"},\"inLanguage\":\"lv-LV\",\"potentialAction\":[{\"@type\":\"ReadAction\",\"target\":[\"https:\\\/\\\/protech.nu\\\/lv\\\/produkts\\\/ingersoll-rand-w7153-k22b-eu-1-2%e2%80%b3-2040-nm-iqv20-dxs-akumulatora-triecienskruvgrieza-komplekts-2-x-5-0-ah-akumulatori-ladetajs-un-koferis\\\/\"]}]},{\"@type\":\"ImageObject\",\"inLanguage\":\"lv-LV\",\"@id\":\"https:\\\/\\\/protech.nu\\\/lv\\\/produkts\\\/ingersoll-rand-w7153-k22b-eu-1-2%e2%80%b3-2040-nm-iqv20-dxs-akumulatora-triecienskruvgrieza-komplekts-2-x-5-0-ah-akumulatori-ladetajs-un-koferis\\\/#primaryimage\",\"url\":\"https:\\\/\\\/protech.nu\\\/wp-content\\\/uploads\\\/2025\\\/11\\\/W7153-K22_web.webp\",\"contentUrl\":\"https:\\\/\\\/protech.nu\\\/wp-content\\\/uploads\\\/2025\\\/11\\\/W7153-K22_web.webp\",\"width\":1600,\"height\":1600,\"caption\":\"Ingersoll Rand W7153-K22B-EU \u2013 1\\\/2\u2033, 2040 Nm IQV20\u2122 DXS\u00ae akumulatora triecienskr\u016bvgrie\u017ea komplekts (2 \u00d7 5.0 Ah akumulatori, l\u0101d\u0113t\u0101js un koferis)\"},{\"@type\":\"BreadcrumbList\",\"@id\":\"https:\\\/\\\/protech.nu\\\/lv\\\/produkts\\\/ingersoll-rand-w7153-k22b-eu-1-2%e2%80%b3-2040-nm-iqv20-dxs-akumulatora-triecienskruvgrieza-komplekts-2-x-5-0-ah-akumulatori-ladetajs-un-koferis\\\/#breadcrumb\",\"itemListElement\":[{\"@type\":\"ListItem\",\"position\":1,\"name\":\"S\u0101kums\",\"item\":\"https:\\\/\\\/protech.nu\\\/lv\\\/\"},{\"@type\":\"ListItem\",\"position\":2,\"name\":\"Tooted\",\"item\":\"https:\\\/\\\/protech.nu\\\/products\\\/\"},{\"@type\":\"ListItem\",\"position\":3,\"name\":\"Ingersoll Rand W7153-K22B-EU \u2013 1\\\/2\u2033, 2040 Nm IQV20\u2122 DXS\u00ae akumulatora triecienskr\u016bvgrie\u017ea komplekts (2 \u00d7 5.0 Ah akumulatori, l\u0101d\u0113t\u0101js un koferis)\"}]},{\"@type\":\"WebSite\",\"@id\":\"https:\\\/\\\/protech.nu\\\/lv\\\/#website\",\"url\":\"https:\\\/\\\/protech.nu\\\/lv\\\/\",\"name\":\"PROTECH\",\"description\":\"\",\"publisher\":{\"@id\":\"https:\\\/\\\/protech.nu\\\/lv\\\/#organization\"},\"potentialAction\":[{\"@type\":\"SearchAction\",\"target\":{\"@type\":\"EntryPoint\",\"urlTemplate\":\"https:\\\/\\\/protech.nu\\\/lv\\\/?s={search_term_string}\"},\"query-input\":{\"@type\":\"PropertyValueSpecification\",\"valueRequired\":true,\"valueName\":\"search_term_string\"}}],\"inLanguage\":\"lv-LV\"},{\"@type\":\"Organization\",\"@id\":\"https:\\\/\\\/protech.nu\\\/lv\\\/#organization\",\"name\":\"MYPOWERTOOLSBOX\",\"alternateName\":\"ProTech\",\"url\":\"https:\\\/\\\/protech.nu\\\/lv\\\/\",\"logo\":{\"@type\":\"ImageObject\",\"inLanguage\":\"lv-LV\",\"@id\":\"https:\\\/\\\/protech.nu\\\/lv\\\/#\\\/schema\\\/logo\\\/image\\\/\",\"url\":\"https:\\\/\\\/2026.protech.nu\\\/wp-content\\\/uploads\\\/2026\\\/02\\\/ProTech.png\",\"contentUrl\":\"https:\\\/\\\/2026.protech.nu\\\/wp-content\\\/uploads\\\/2026\\\/02\\\/ProTech.png\",\"width\":1024,\"height\":1024,\"caption\":\"MYPOWERTOOLSBOX\"},\"image\":{\"@id\":\"https:\\\/\\\/protech.nu\\\/lv\\\/#\\\/schema\\\/logo\\\/image\\\/\"},\"sameAs\":[\"https:\\\/\\\/www.facebook.com\\\/Protech.nu\\\/\",\"https:\\\/\\\/www.instagram.com\\\/protech_sweden\\\/\",\"https:\\\/\\\/www.linkedin.com\\\/company\\\/protech-professional-technologies-sweden-ab\\\/\",\"https:\\\/\\\/www.youtube.com\\\/@Protech_nu\"]}]}<\/script>\n<!-- \/ Yoast SEO plugin. -->","yoast_head_json":{"title":"Ingersoll Rand W7153-K22B-EU | 1\/2\u2033 2040 Nm IQV20\u2122 DXS\u00ae triecienskr\u016bvgrie\u017ea komplekts","description":"Ingersoll Rand W7153-K22B-EU \u2013 1\/2\u2033, 2040 Nm IQV20\u2122 DXS\u00ae akumulatora triecienskr\u016bvgrie\u017ea komplekts ar diviem 5.0 Ah akumulatoriem, l\u0101d\u0113t\u0101ju un iztur\u012bgu koferi. Jaud\u012bgs un uzticams risin\u0101jums autoservisam un r\u016bpnieciskai apkopei. \u0100tra pieg\u0101de Latvij\u0101, Lietuv\u0101, Igaunij\u0101 un Somij\u0101.","robots":{"index":"index","follow":"follow","max-snippet":"max-snippet:-1","max-image-preview":"max-image-preview:large","max-video-preview":"max-video-preview:-1"},"canonical":"https:\/\/protech.nu\/lv\/produkts\/ingersoll-rand-w7153-k22b-eu-1-2%e2%80%b3-2040-nm-iqv20-dxs-akumulatora-triecienskruvgrieza-komplekts-2-x-5-0-ah-akumulatori-ladetajs-un-koferis\/","og_locale":"lv_LV","og_type":"article","og_title":"Ingersoll Rand W7153-K22B-EU | 1\/2\u2033 2040 Nm IQV20\u2122 DXS\u00ae triecienskr\u016bvgrie\u017ea komplekts","og_description":"Ingersoll Rand W7153-K22B-EU \u2013 1\/2\u2033, 2040 Nm IQV20\u2122 DXS\u00ae akumulatora triecienskr\u016bvgrie\u017ea komplekts ar diviem 5.0 Ah akumulatoriem, l\u0101d\u0113t\u0101ju un iztur\u012bgu koferi. Jaud\u012bgs un uzticams risin\u0101jums autoservisam un r\u016bpnieciskai apkopei. \u0100tra pieg\u0101de Latvij\u0101, Lietuv\u0101, Igaunij\u0101 un Somij\u0101.","og_url":"https:\/\/protech.nu\/lv\/produkts\/ingersoll-rand-w7153-k22b-eu-1-2%e2%80%b3-2040-nm-iqv20-dxs-akumulatora-triecienskruvgrieza-komplekts-2-x-5-0-ah-akumulatori-ladetajs-un-koferis\/","og_site_name":"ProTech","article_publisher":"https:\/\/www.facebook.com\/Protech.nu\/","article_modified_time":"2026-04-01T14:17:21+00:00","og_image":[{"width":1600,"height":1600,"url":"https:\/\/protech.nu\/wp-content\/uploads\/2025\/11\/W7153-K22_web.webp","type":"image\/webp"}],"twitter_card":"summary_large_image","twitter_misc":{"Est. reading time":"1 min\u016b\u0161u"},"schema":{"@context":"https:\/\/schema.org","@graph":[{"@type":"WebPage","@id":"https:\/\/protech.nu\/lv\/produkts\/ingersoll-rand-w7153-k22b-eu-1-2%e2%80%b3-2040-nm-iqv20-dxs-akumulatora-triecienskruvgrieza-komplekts-2-x-5-0-ah-akumulatori-ladetajs-un-koferis\/","url":"https:\/\/protech.nu\/lv\/produkts\/ingersoll-rand-w7153-k22b-eu-1-2%e2%80%b3-2040-nm-iqv20-dxs-akumulatora-triecienskruvgrieza-komplekts-2-x-5-0-ah-akumulatori-ladetajs-un-koferis\/","name":"Ingersoll Rand W7153-K22B-EU | 1\/2\u2033 2040 Nm IQV20\u2122 DXS\u00ae triecienskr\u016bvgrie\u017ea komplekts","isPartOf":{"@id":"https:\/\/protech.nu\/lv\/#website"},"primaryImageOfPage":{"@id":"https:\/\/protech.nu\/lv\/produkts\/ingersoll-rand-w7153-k22b-eu-1-2%e2%80%b3-2040-nm-iqv20-dxs-akumulatora-triecienskruvgrieza-komplekts-2-x-5-0-ah-akumulatori-ladetajs-un-koferis\/#primaryimage"},"image":{"@id":"https:\/\/protech.nu\/lv\/produkts\/ingersoll-rand-w7153-k22b-eu-1-2%e2%80%b3-2040-nm-iqv20-dxs-akumulatora-triecienskruvgrieza-komplekts-2-x-5-0-ah-akumulatori-ladetajs-un-koferis\/#primaryimage"},"thumbnailUrl":"https:\/\/protech.nu\/wp-content\/uploads\/2025\/11\/W7153-K22_web.webp","datePublished":"2025-11-22T12:07:03+00:00","dateModified":"2026-04-01T14:17:21+00:00","description":"Ingersoll Rand W7153-K22B-EU \u2013 1\/2\u2033, 2040 Nm IQV20\u2122 DXS\u00ae akumulatora triecienskr\u016bvgrie\u017ea komplekts ar diviem 5.0 Ah akumulatoriem, l\u0101d\u0113t\u0101ju un iztur\u012bgu koferi. Jaud\u012bgs un uzticams risin\u0101jums autoservisam un r\u016bpnieciskai apkopei. \u0100tra pieg\u0101de Latvij\u0101, Lietuv\u0101, Igaunij\u0101 un Somij\u0101.","breadcrumb":{"@id":"https:\/\/protech.nu\/lv\/produkts\/ingersoll-rand-w7153-k22b-eu-1-2%e2%80%b3-2040-nm-iqv20-dxs-akumulatora-triecienskruvgrieza-komplekts-2-x-5-0-ah-akumulatori-ladetajs-un-koferis\/#breadcrumb"},"inLanguage":"lv-LV","potentialAction":[{"@type":"ReadAction","target":["https:\/\/protech.nu\/lv\/produkts\/ingersoll-rand-w7153-k22b-eu-1-2%e2%80%b3-2040-nm-iqv20-dxs-akumulatora-triecienskruvgrieza-komplekts-2-x-5-0-ah-akumulatori-ladetajs-un-koferis\/"]}]},{"@type":"ImageObject","inLanguage":"lv-LV","@id":"https:\/\/protech.nu\/lv\/produkts\/ingersoll-rand-w7153-k22b-eu-1-2%e2%80%b3-2040-nm-iqv20-dxs-akumulatora-triecienskruvgrieza-komplekts-2-x-5-0-ah-akumulatori-ladetajs-un-koferis\/#primaryimage","url":"https:\/\/protech.nu\/wp-content\/uploads\/2025\/11\/W7153-K22_web.webp","contentUrl":"https:\/\/protech.nu\/wp-content\/uploads\/2025\/11\/W7153-K22_web.webp","width":1600,"height":1600,"caption":"Ingersoll Rand W7153-K22B-EU \u2013 1\/2\u2033, 2040 Nm IQV20\u2122 DXS\u00ae akumulatora triecienskr\u016bvgrie\u017ea komplekts (2 \u00d7 5.0 Ah akumulatori, l\u0101d\u0113t\u0101js un koferis)"},{"@type":"BreadcrumbList","@id":"https:\/\/protech.nu\/lv\/produkts\/ingersoll-rand-w7153-k22b-eu-1-2%e2%80%b3-2040-nm-iqv20-dxs-akumulatora-triecienskruvgrieza-komplekts-2-x-5-0-ah-akumulatori-ladetajs-un-koferis\/#breadcrumb","itemListElement":[{"@type":"ListItem","position":1,"name":"S\u0101kums","item":"https:\/\/protech.nu\/lv\/"},{"@type":"ListItem","position":2,"name":"Tooted","item":"https:\/\/protech.nu\/products\/"},{"@type":"ListItem","position":3,"name":"Ingersoll Rand W7153-K22B-EU \u2013 1\/2\u2033, 2040 Nm IQV20\u2122 DXS\u00ae akumulatora triecienskr\u016bvgrie\u017ea komplekts (2 \u00d7 5.0 Ah akumulatori, l\u0101d\u0113t\u0101js un koferis)"}]},{"@type":"WebSite","@id":"https:\/\/protech.nu\/lv\/#website","url":"https:\/\/protech.nu\/lv\/","name":"PROTECH","description":"","publisher":{"@id":"https:\/\/protech.nu\/lv\/#organization"},"potentialAction":[{"@type":"SearchAction","target":{"@type":"EntryPoint","urlTemplate":"https:\/\/protech.nu\/lv\/?s={search_term_string}"},"query-input":{"@type":"PropertyValueSpecification","valueRequired":true,"valueName":"search_term_string"}}],"inLanguage":"lv-LV"},{"@type":"Organization","@id":"https:\/\/protech.nu\/lv\/#organization","name":"MYPOWERTOOLSBOX","alternateName":"ProTech","url":"https:\/\/protech.nu\/lv\/","logo":{"@type":"ImageObject","inLanguage":"lv-LV","@id":"https:\/\/protech.nu\/lv\/#\/schema\/logo\/image\/","url":"https:\/\/2026.protech.nu\/wp-content\/uploads\/2026\/02\/ProTech.png","contentUrl":"https:\/\/2026.protech.nu\/wp-content\/uploads\/2026\/02\/ProTech.png","width":1024,"height":1024,"caption":"MYPOWERTOOLSBOX"},"image":{"@id":"https:\/\/protech.nu\/lv\/#\/schema\/logo\/image\/"},"sameAs":["https:\/\/www.facebook.com\/Protech.nu\/","https:\/\/www.instagram.com\/protech_sweden\/","https:\/\/www.linkedin.com\/company\/protech-professional-technologies-sweden-ab\/","https:\/\/www.youtube.com\/@Protech_nu"]}]}},"_links":{"self":[{"href":"https:\/\/protech.nu\/lv\/wp-json\/wp\/v2\/product\/3087","targetHints":{"allow":["GET"]}}],"collection":[{"href":"https:\/\/protech.nu\/lv\/wp-json\/wp\/v2\/product"}],"about":[{"href":"https:\/\/protech.nu\/lv\/wp-json\/wp\/v2\/types\/product"}],"replies":[{"embeddable":true,"href":"https:\/\/protech.nu\/lv\/wp-json\/wp\/v2\/comments?post=3087"}],"wp:featuredmedia":[{"embeddable":true,"href":"https:\/\/protech.nu\/lv\/wp-json\/wp\/v2\/media\/3086"}],"wp:attachment":[{"href":"https:\/\/protech.nu\/lv\/wp-json\/wp\/v2\/media?parent=3087"}],"wp:term":[{"taxonomy":"product_brand","embeddable":true,"href":"https:\/\/protech.nu\/lv\/wp-json\/wp\/v2\/product_brand?post=3087"},{"taxonomy":"product_cat","embeddable":true,"href":"https:\/\/protech.nu\/lv\/wp-json\/wp\/v2\/product_cat?post=3087"},{"taxonomy":"product_tag","embeddable":true,"href":"https:\/\/protech.nu\/lv\/wp-json\/wp\/v2\/product_tag?post=3087"}],"curies":[{"name":"wp","href":"https:\/\/api.w.org\/{rel}","templated":true}]}}