{"id":3717,"date":"2025-11-27T11:09:50","date_gmt":"2025-11-27T11:09:50","guid":{"rendered":"https:\/\/protech.nu\/?post_type=product&#038;p=3717"},"modified":"2026-01-01T01:28:11","modified_gmt":"2026-01-01T01:28:11","slug":"ingersoll-rand-w8191-1%e2%80%b3-2710-nm-iqv20-akumulatora-triecienskruvgriezis-tikai-instruments-copy","status":"publish","type":"product","link":"https:\/\/protech.nu\/lv\/produkts\/ingersoll-rand-w8191-1%e2%80%b3-2710-nm-iqv20-akumulatora-triecienskruvgriezis-tikai-instruments-copy\/","title":{"rendered":"Ingersoll Rand W8191-K2-EU \u2013 1\u2033, 2710 Nm IQV20\u2122 akumulatora triecienskr\u016bvgrie\u017ea komplekts (2 \u00d7 5.0 Ah akumulatori un l\u0101d\u0113t\u0101js)"},"content":{"rendered":"<p><strong>Ingersoll Rand W8191<\/strong> ir izstr\u0101d\u0101ts, lai nodro\u0161in\u0101tu maksim\u0101lu veiktsp\u0113ju vissmag\u0101kajos darba apst\u0101k\u013cos \u2013 kravas automa\u0161\u012bnu, celtniec\u012bbas tehnikas un r\u016bpniecisko iek\u0101rtu apkop\u0113. R\u012bks nodro\u0161ina l\u012bdz <strong>2710 Nm atskr\u016bv\u0113\u0161anas griezes momentu<\/strong> un <strong>1765 Nm pievilk\u0161anas griezes momentu<\/strong>, padarot to ide\u0101li piem\u0113rotu lielu skr\u016bvju un uzgrie\u017e\u0146u atskr\u016bv\u0113\u0161anai un pievilk\u0161anai.<\/p>\n<p>Bezogl\u012b\u0161u motors, iztur\u012bgs met\u0101la korpuss un <strong>IPX6 aizsardz\u012bbas klase<\/strong> nodro\u0161ina ilgm\u016b\u017e\u012bbu pat vissmag\u0101kajos darba apst\u0101k\u013cos. W8191 ir kompakt\u0101ks nek\u0101 pneimatisk\u0101s alternat\u012bvas, ta\u010du tikpat jaud\u012bgs \u2013 nodro\u0161inot uzticamu darb\u012bbu r\u016bpnieciskaj\u0101 vid\u0113.<\/p>\n<h3>Tehniskie dati:<\/h3>\n<ul>\n<li>Piedzi\u0146as izm\u0113rs: 1&#8243; kvadr\u0101ts<\/li>\n<li>Atskr\u016bv\u0113\u0161anas moments: l\u012bdz 2710 Nm<\/li>\n<li>Pievilk\u0161anas moments: l\u012bdz 1765 Nm<\/li>\n<li>Tuk\u0161gaitas \u0101trums: 1050 apgr.\/min<\/li>\n<li>Triecienu bie\u017eums: 1350 triecieni\/min<\/li>\n<li>Svars ar akumulatoru: 4,1 kg (ar 5.0 Ah akumulatoru)<\/li>\n<li>Garums: 223 mm<\/li>\n<li>Apgaismojums: 360\u00b0 LED<\/li>\n<\/ul>\n<h3>Komplekta saturs:<\/h3>\n<ul>\n<li>1 \u00d7 Ingersoll Rand W8191 akumulatora triecienskr\u016bvgriezis (1\u2033)<\/li>\n<li>2 \u00d7 20V 5.0Ah BL2022 IQV20\u2122 Li-Ion akumulatori<\/li>\n<li>1 \u00d7 BC1121-EU akumulatora l\u0101d\u0113t\u0101js<\/li>\n<\/ul>\n<h3>Lejupiel\u0101d\u0113jiet IQV20\u2122 produktu katalogus:<\/h3>\n<div style=\"margin: 0 0 10px 0;\"><\/div>\n<div style=\"margin: 0 0 10px 0;\"><a style=\"display: inline-block; background: #E14A2D; color: #ffffff; padding: 12px 20px; border-radius: 4px; text-decoration: none; font-weight: 600;\" href=\"https:\/\/protech.nu\/wp-content\/uploads\/2025\/09\/ingersoll-rand-iqv20-cordless-tools-catalog.pdf\">Ingersoll Rand IQV20\u2122 Cordless Tools | Impact Wrenches, Drills &amp; Drivers<br \/>\n<\/a><\/div>\n","protected":false},"excerpt":{"rendered":"<p>Ingersoll Rand W8191 ir 1&#8243; akumulatora triecienskr\u016bvgriezis ar l\u012bdz 2710 Nm atskr\u016bv\u0113\u0161anas momentu un 1765 Nm pievilk\u0161anas momentu. Svars ar akumulatoru 4,1 kg, 360\u00b0 LED apgaismojums, paredz\u0113ts smag\u0101s tehnikas apkopei.<\/p>\n[video width=\"1620\" height=\"1080\" mp4=\"https:\/\/protech.nu\/wp-content\/uploads\/2025\/08\/IQV20\u2122-Cordless-High-Torque-Impact-Wrenches.mp4\"][\/video]\n","protected":false},"featured_media":3727,"comment_status":"open","ping_status":"closed","template":"","meta":{"_acf_changed":false,"_monsterinsights_skip_tracking":false,"_monsterinsights_sitenote_active":false,"_monsterinsights_sitenote_note":"","_monsterinsights_sitenote_category":0,"_themeisle_gutenberg_block_has_review":false},"product_brand":[],"product_cat":[119,118],"product_tag":[],"class_list":{"0":"post-3717","1":"product","2":"type-product","3":"status-publish","4":"has-post-thumbnail","6":"product_cat-ingersoll-rand-bezvadu-triecienskrugriezi-un-uzgrieznu-atslegas","7":"product_cat-ingersoll-rand-iqv20-series","9":"first","10":"instock","11":"taxable","12":"shipping-taxable","13":"purchasable","14":"product-type-simple"},"acf":[],"yoast_head":"<!-- This site is optimized with the Yoast SEO plugin v27.4 - https:\/\/yoast.com\/product\/yoast-seo-wordpress\/ -->\n<title>Ingersoll Rand W8191-K2-EU \u2013 1\u2033 IQV20 triecienskr\u016bvgrie\u017ea komplekts (2 \u00d7 5.0 Ah akumulatori un l\u0101d\u0113t\u0101js)<\/title>\n<meta name=\"description\" content=\"Ingersoll Rand W8191-K2-EU 1\u2033 IQV20 akumulatora triecienskr\u016bvgrie\u017ea komplekts ar diviem 5.0 Ah akumulatoriem un l\u0101d\u0113t\u0101ju. L\u012bdz 2710 Nm atskr\u016bv\u0113\u0161anas moments, IPX6 aizsardz\u012bba un 360\u00b0 LED. Ide\u0101ls smago transportl\u012bdzek\u013cu un r\u016bpniec\u012bbas apkopes darbiem.\" \/>\n<meta name=\"robots\" content=\"index, follow, max-snippet:-1, max-image-preview:large, max-video-preview:-1\" \/>\n<link rel=\"canonical\" href=\"https:\/\/protech.nu\/lv\/produkts\/ingersoll-rand-w8191-1%e2%80%b3-2710-nm-iqv20-akumulatora-triecienskruvgriezis-tikai-instruments-copy\/\" \/>\n<meta property=\"og:locale\" content=\"lv_LV\" \/>\n<meta property=\"og:type\" content=\"article\" \/>\n<meta property=\"og:title\" content=\"Ingersoll Rand W8191-K2-EU \u2013 1\u2033 IQV20 triecienskr\u016bvgrie\u017ea komplekts (2 \u00d7 5.0 Ah akumulatori un l\u0101d\u0113t\u0101js)\" \/>\n<meta property=\"og:description\" content=\"Ingersoll Rand W8191-K2-EU 1\u2033 IQV20 akumulatora triecienskr\u016bvgrie\u017ea komplekts ar diviem 5.0 Ah akumulatoriem un l\u0101d\u0113t\u0101ju. L\u012bdz 2710 Nm atskr\u016bv\u0113\u0161anas moments, IPX6 aizsardz\u012bba un 360\u00b0 LED. Ide\u0101ls smago transportl\u012bdzek\u013cu un r\u016bpniec\u012bbas apkopes darbiem.\" \/>\n<meta property=\"og:url\" content=\"https:\/\/protech.nu\/lv\/produkts\/ingersoll-rand-w8191-1%e2%80%b3-2710-nm-iqv20-akumulatora-triecienskruvgriezis-tikai-instruments-copy\/\" \/>\n<meta property=\"og:site_name\" content=\"ProTech\" \/>\n<meta property=\"article:publisher\" content=\"https:\/\/www.facebook.com\/Protech.nu\/\" \/>\n<meta property=\"article:modified_time\" content=\"2026-01-01T01:28:11+00:00\" \/>\n<meta property=\"og:image\" content=\"https:\/\/protech.nu\/wp-content\/uploads\/2025\/11\/ingersoll-rand-w8191-k2-eu-1-inch-aku-lookmutrikeeraja-komplekt.jpg\" \/>\n\t<meta property=\"og:image:width\" content=\"600\" \/>\n\t<meta property=\"og:image:height\" content=\"600\" \/>\n\t<meta property=\"og:image:type\" content=\"image\/jpeg\" \/>\n<meta name=\"twitter:card\" content=\"summary_large_image\" \/>\n<meta name=\"twitter:label1\" content=\"Est. reading time\" \/>\n\t<meta name=\"twitter:data1\" content=\"1 min\u016b\u0161u\" \/>\n<script type=\"application\/ld+json\" class=\"yoast-schema-graph\">{\"@context\":\"https:\\\/\\\/schema.org\",\"@graph\":[{\"@type\":\"WebPage\",\"@id\":\"https:\\\/\\\/protech.nu\\\/lv\\\/produkts\\\/ingersoll-rand-w8191-1%e2%80%b3-2710-nm-iqv20-akumulatora-triecienskruvgriezis-tikai-instruments-copy\\\/\",\"url\":\"https:\\\/\\\/protech.nu\\\/lv\\\/produkts\\\/ingersoll-rand-w8191-1%e2%80%b3-2710-nm-iqv20-akumulatora-triecienskruvgriezis-tikai-instruments-copy\\\/\",\"name\":\"Ingersoll Rand W8191-K2-EU \u2013 1\u2033 IQV20 triecienskr\u016bvgrie\u017ea komplekts (2 \u00d7 5.0 Ah akumulatori un l\u0101d\u0113t\u0101js)\",\"isPartOf\":{\"@id\":\"https:\\\/\\\/protech.nu\\\/lv\\\/#website\"},\"primaryImageOfPage\":{\"@id\":\"https:\\\/\\\/protech.nu\\\/lv\\\/produkts\\\/ingersoll-rand-w8191-1%e2%80%b3-2710-nm-iqv20-akumulatora-triecienskruvgriezis-tikai-instruments-copy\\\/#primaryimage\"},\"image\":{\"@id\":\"https:\\\/\\\/protech.nu\\\/lv\\\/produkts\\\/ingersoll-rand-w8191-1%e2%80%b3-2710-nm-iqv20-akumulatora-triecienskruvgriezis-tikai-instruments-copy\\\/#primaryimage\"},\"thumbnailUrl\":\"https:\\\/\\\/protech.nu\\\/wp-content\\\/uploads\\\/2025\\\/11\\\/ingersoll-rand-w8191-k2-eu-1-inch-aku-lookmutrikeeraja-komplekt.jpg\",\"datePublished\":\"2025-11-27T11:09:50+00:00\",\"dateModified\":\"2026-01-01T01:28:11+00:00\",\"description\":\"Ingersoll Rand W8191-K2-EU 1\u2033 IQV20 akumulatora triecienskr\u016bvgrie\u017ea komplekts ar diviem 5.0 Ah akumulatoriem un l\u0101d\u0113t\u0101ju. L\u012bdz 2710 Nm atskr\u016bv\u0113\u0161anas moments, IPX6 aizsardz\u012bba un 360\u00b0 LED. Ide\u0101ls smago transportl\u012bdzek\u013cu un r\u016bpniec\u012bbas apkopes darbiem.\",\"breadcrumb\":{\"@id\":\"https:\\\/\\\/protech.nu\\\/lv\\\/produkts\\\/ingersoll-rand-w8191-1%e2%80%b3-2710-nm-iqv20-akumulatora-triecienskruvgriezis-tikai-instruments-copy\\\/#breadcrumb\"},\"inLanguage\":\"lv-LV\",\"potentialAction\":[{\"@type\":\"ReadAction\",\"target\":[\"https:\\\/\\\/protech.nu\\\/lv\\\/produkts\\\/ingersoll-rand-w8191-1%e2%80%b3-2710-nm-iqv20-akumulatora-triecienskruvgriezis-tikai-instruments-copy\\\/\"]}]},{\"@type\":\"ImageObject\",\"inLanguage\":\"lv-LV\",\"@id\":\"https:\\\/\\\/protech.nu\\\/lv\\\/produkts\\\/ingersoll-rand-w8191-1%e2%80%b3-2710-nm-iqv20-akumulatora-triecienskruvgriezis-tikai-instruments-copy\\\/#primaryimage\",\"url\":\"https:\\\/\\\/protech.nu\\\/wp-content\\\/uploads\\\/2025\\\/11\\\/ingersoll-rand-w8191-k2-eu-1-inch-aku-lookmutrikeeraja-komplekt.jpg\",\"contentUrl\":\"https:\\\/\\\/protech.nu\\\/wp-content\\\/uploads\\\/2025\\\/11\\\/ingersoll-rand-w8191-k2-eu-1-inch-aku-lookmutrikeeraja-komplekt.jpg\",\"width\":600,\"height\":600,\"caption\":\"Ingersoll Rand W8191-K2-EU \u2013 1\u2033 IQV20\u2122 triecienskr\u016bvgrie\u017ea komplekts (2 \u00d7 5.0 Ah akumulatori un l\u0101d\u0113t\u0101js)\"},{\"@type\":\"BreadcrumbList\",\"@id\":\"https:\\\/\\\/protech.nu\\\/lv\\\/produkts\\\/ingersoll-rand-w8191-1%e2%80%b3-2710-nm-iqv20-akumulatora-triecienskruvgriezis-tikai-instruments-copy\\\/#breadcrumb\",\"itemListElement\":[{\"@type\":\"ListItem\",\"position\":1,\"name\":\"S\u0101kums\",\"item\":\"https:\\\/\\\/protech.nu\\\/lv\\\/\"},{\"@type\":\"ListItem\",\"position\":2,\"name\":\"Tooted\",\"item\":\"https:\\\/\\\/protech.nu\\\/products\\\/\"},{\"@type\":\"ListItem\",\"position\":3,\"name\":\"Ingersoll Rand W8191-K2-EU \u2013 1\u2033, 2710 Nm IQV20\u2122 akumulatora triecienskr\u016bvgrie\u017ea komplekts (2 \u00d7 5.0 Ah akumulatori un l\u0101d\u0113t\u0101js)\"}]},{\"@type\":\"WebSite\",\"@id\":\"https:\\\/\\\/protech.nu\\\/lv\\\/#website\",\"url\":\"https:\\\/\\\/protech.nu\\\/lv\\\/\",\"name\":\"PROTECH\",\"description\":\"\",\"publisher\":{\"@id\":\"https:\\\/\\\/protech.nu\\\/lv\\\/#organization\"},\"potentialAction\":[{\"@type\":\"SearchAction\",\"target\":{\"@type\":\"EntryPoint\",\"urlTemplate\":\"https:\\\/\\\/protech.nu\\\/lv\\\/?s={search_term_string}\"},\"query-input\":{\"@type\":\"PropertyValueSpecification\",\"valueRequired\":true,\"valueName\":\"search_term_string\"}}],\"inLanguage\":\"lv-LV\"},{\"@type\":\"Organization\",\"@id\":\"https:\\\/\\\/protech.nu\\\/lv\\\/#organization\",\"name\":\"MYPOWERTOOLSBOX\",\"alternateName\":\"ProTech\",\"url\":\"https:\\\/\\\/protech.nu\\\/lv\\\/\",\"logo\":{\"@type\":\"ImageObject\",\"inLanguage\":\"lv-LV\",\"@id\":\"https:\\\/\\\/protech.nu\\\/lv\\\/#\\\/schema\\\/logo\\\/image\\\/\",\"url\":\"https:\\\/\\\/2026.protech.nu\\\/wp-content\\\/uploads\\\/2026\\\/02\\\/ProTech.png\",\"contentUrl\":\"https:\\\/\\\/2026.protech.nu\\\/wp-content\\\/uploads\\\/2026\\\/02\\\/ProTech.png\",\"width\":1024,\"height\":1024,\"caption\":\"MYPOWERTOOLSBOX\"},\"image\":{\"@id\":\"https:\\\/\\\/protech.nu\\\/lv\\\/#\\\/schema\\\/logo\\\/image\\\/\"},\"sameAs\":[\"https:\\\/\\\/www.facebook.com\\\/Protech.nu\\\/\",\"https:\\\/\\\/www.instagram.com\\\/protech_sweden\\\/\",\"https:\\\/\\\/www.linkedin.com\\\/company\\\/protech-professional-technologies-sweden-ab\\\/\",\"https:\\\/\\\/www.youtube.com\\\/@Protech_nu\"]}]}<\/script>\n<!-- \/ Yoast SEO plugin. -->","yoast_head_json":{"title":"Ingersoll Rand W8191-K2-EU \u2013 1\u2033 IQV20 triecienskr\u016bvgrie\u017ea komplekts (2 \u00d7 5.0 Ah akumulatori un l\u0101d\u0113t\u0101js)","description":"Ingersoll Rand W8191-K2-EU 1\u2033 IQV20 akumulatora triecienskr\u016bvgrie\u017ea komplekts ar diviem 5.0 Ah akumulatoriem un l\u0101d\u0113t\u0101ju. L\u012bdz 2710 Nm atskr\u016bv\u0113\u0161anas moments, IPX6 aizsardz\u012bba un 360\u00b0 LED. Ide\u0101ls smago transportl\u012bdzek\u013cu un r\u016bpniec\u012bbas apkopes darbiem.","robots":{"index":"index","follow":"follow","max-snippet":"max-snippet:-1","max-image-preview":"max-image-preview:large","max-video-preview":"max-video-preview:-1"},"canonical":"https:\/\/protech.nu\/lv\/produkts\/ingersoll-rand-w8191-1%e2%80%b3-2710-nm-iqv20-akumulatora-triecienskruvgriezis-tikai-instruments-copy\/","og_locale":"lv_LV","og_type":"article","og_title":"Ingersoll Rand W8191-K2-EU \u2013 1\u2033 IQV20 triecienskr\u016bvgrie\u017ea komplekts (2 \u00d7 5.0 Ah akumulatori un l\u0101d\u0113t\u0101js)","og_description":"Ingersoll Rand W8191-K2-EU 1\u2033 IQV20 akumulatora triecienskr\u016bvgrie\u017ea komplekts ar diviem 5.0 Ah akumulatoriem un l\u0101d\u0113t\u0101ju. L\u012bdz 2710 Nm atskr\u016bv\u0113\u0161anas moments, IPX6 aizsardz\u012bba un 360\u00b0 LED. Ide\u0101ls smago transportl\u012bdzek\u013cu un r\u016bpniec\u012bbas apkopes darbiem.","og_url":"https:\/\/protech.nu\/lv\/produkts\/ingersoll-rand-w8191-1%e2%80%b3-2710-nm-iqv20-akumulatora-triecienskruvgriezis-tikai-instruments-copy\/","og_site_name":"ProTech","article_publisher":"https:\/\/www.facebook.com\/Protech.nu\/","article_modified_time":"2026-01-01T01:28:11+00:00","og_image":[{"width":600,"height":600,"url":"https:\/\/protech.nu\/wp-content\/uploads\/2025\/11\/ingersoll-rand-w8191-k2-eu-1-inch-aku-lookmutrikeeraja-komplekt.jpg","type":"image\/jpeg"}],"twitter_card":"summary_large_image","twitter_misc":{"Est. reading time":"1 min\u016b\u0161u"},"schema":{"@context":"https:\/\/schema.org","@graph":[{"@type":"WebPage","@id":"https:\/\/protech.nu\/lv\/produkts\/ingersoll-rand-w8191-1%e2%80%b3-2710-nm-iqv20-akumulatora-triecienskruvgriezis-tikai-instruments-copy\/","url":"https:\/\/protech.nu\/lv\/produkts\/ingersoll-rand-w8191-1%e2%80%b3-2710-nm-iqv20-akumulatora-triecienskruvgriezis-tikai-instruments-copy\/","name":"Ingersoll Rand W8191-K2-EU \u2013 1\u2033 IQV20 triecienskr\u016bvgrie\u017ea komplekts (2 \u00d7 5.0 Ah akumulatori un l\u0101d\u0113t\u0101js)","isPartOf":{"@id":"https:\/\/protech.nu\/lv\/#website"},"primaryImageOfPage":{"@id":"https:\/\/protech.nu\/lv\/produkts\/ingersoll-rand-w8191-1%e2%80%b3-2710-nm-iqv20-akumulatora-triecienskruvgriezis-tikai-instruments-copy\/#primaryimage"},"image":{"@id":"https:\/\/protech.nu\/lv\/produkts\/ingersoll-rand-w8191-1%e2%80%b3-2710-nm-iqv20-akumulatora-triecienskruvgriezis-tikai-instruments-copy\/#primaryimage"},"thumbnailUrl":"https:\/\/protech.nu\/wp-content\/uploads\/2025\/11\/ingersoll-rand-w8191-k2-eu-1-inch-aku-lookmutrikeeraja-komplekt.jpg","datePublished":"2025-11-27T11:09:50+00:00","dateModified":"2026-01-01T01:28:11+00:00","description":"Ingersoll Rand W8191-K2-EU 1\u2033 IQV20 akumulatora triecienskr\u016bvgrie\u017ea komplekts ar diviem 5.0 Ah akumulatoriem un l\u0101d\u0113t\u0101ju. L\u012bdz 2710 Nm atskr\u016bv\u0113\u0161anas moments, IPX6 aizsardz\u012bba un 360\u00b0 LED. Ide\u0101ls smago transportl\u012bdzek\u013cu un r\u016bpniec\u012bbas apkopes darbiem.","breadcrumb":{"@id":"https:\/\/protech.nu\/lv\/produkts\/ingersoll-rand-w8191-1%e2%80%b3-2710-nm-iqv20-akumulatora-triecienskruvgriezis-tikai-instruments-copy\/#breadcrumb"},"inLanguage":"lv-LV","potentialAction":[{"@type":"ReadAction","target":["https:\/\/protech.nu\/lv\/produkts\/ingersoll-rand-w8191-1%e2%80%b3-2710-nm-iqv20-akumulatora-triecienskruvgriezis-tikai-instruments-copy\/"]}]},{"@type":"ImageObject","inLanguage":"lv-LV","@id":"https:\/\/protech.nu\/lv\/produkts\/ingersoll-rand-w8191-1%e2%80%b3-2710-nm-iqv20-akumulatora-triecienskruvgriezis-tikai-instruments-copy\/#primaryimage","url":"https:\/\/protech.nu\/wp-content\/uploads\/2025\/11\/ingersoll-rand-w8191-k2-eu-1-inch-aku-lookmutrikeeraja-komplekt.jpg","contentUrl":"https:\/\/protech.nu\/wp-content\/uploads\/2025\/11\/ingersoll-rand-w8191-k2-eu-1-inch-aku-lookmutrikeeraja-komplekt.jpg","width":600,"height":600,"caption":"Ingersoll Rand W8191-K2-EU \u2013 1\u2033 IQV20\u2122 triecienskr\u016bvgrie\u017ea komplekts (2 \u00d7 5.0 Ah akumulatori un l\u0101d\u0113t\u0101js)"},{"@type":"BreadcrumbList","@id":"https:\/\/protech.nu\/lv\/produkts\/ingersoll-rand-w8191-1%e2%80%b3-2710-nm-iqv20-akumulatora-triecienskruvgriezis-tikai-instruments-copy\/#breadcrumb","itemListElement":[{"@type":"ListItem","position":1,"name":"S\u0101kums","item":"https:\/\/protech.nu\/lv\/"},{"@type":"ListItem","position":2,"name":"Tooted","item":"https:\/\/protech.nu\/products\/"},{"@type":"ListItem","position":3,"name":"Ingersoll Rand W8191-K2-EU \u2013 1\u2033, 2710 Nm IQV20\u2122 akumulatora triecienskr\u016bvgrie\u017ea komplekts (2 \u00d7 5.0 Ah akumulatori un l\u0101d\u0113t\u0101js)"}]},{"@type":"WebSite","@id":"https:\/\/protech.nu\/lv\/#website","url":"https:\/\/protech.nu\/lv\/","name":"PROTECH","description":"","publisher":{"@id":"https:\/\/protech.nu\/lv\/#organization"},"potentialAction":[{"@type":"SearchAction","target":{"@type":"EntryPoint","urlTemplate":"https:\/\/protech.nu\/lv\/?s={search_term_string}"},"query-input":{"@type":"PropertyValueSpecification","valueRequired":true,"valueName":"search_term_string"}}],"inLanguage":"lv-LV"},{"@type":"Organization","@id":"https:\/\/protech.nu\/lv\/#organization","name":"MYPOWERTOOLSBOX","alternateName":"ProTech","url":"https:\/\/protech.nu\/lv\/","logo":{"@type":"ImageObject","inLanguage":"lv-LV","@id":"https:\/\/protech.nu\/lv\/#\/schema\/logo\/image\/","url":"https:\/\/2026.protech.nu\/wp-content\/uploads\/2026\/02\/ProTech.png","contentUrl":"https:\/\/2026.protech.nu\/wp-content\/uploads\/2026\/02\/ProTech.png","width":1024,"height":1024,"caption":"MYPOWERTOOLSBOX"},"image":{"@id":"https:\/\/protech.nu\/lv\/#\/schema\/logo\/image\/"},"sameAs":["https:\/\/www.facebook.com\/Protech.nu\/","https:\/\/www.instagram.com\/protech_sweden\/","https:\/\/www.linkedin.com\/company\/protech-professional-technologies-sweden-ab\/","https:\/\/www.youtube.com\/@Protech_nu"]}]}},"_links":{"self":[{"href":"https:\/\/protech.nu\/lv\/wp-json\/wp\/v2\/product\/3717","targetHints":{"allow":["GET"]}}],"collection":[{"href":"https:\/\/protech.nu\/lv\/wp-json\/wp\/v2\/product"}],"about":[{"href":"https:\/\/protech.nu\/lv\/wp-json\/wp\/v2\/types\/product"}],"replies":[{"embeddable":true,"href":"https:\/\/protech.nu\/lv\/wp-json\/wp\/v2\/comments?post=3717"}],"wp:featuredmedia":[{"embeddable":true,"href":"https:\/\/protech.nu\/lv\/wp-json\/wp\/v2\/media\/3727"}],"wp:attachment":[{"href":"https:\/\/protech.nu\/lv\/wp-json\/wp\/v2\/media?parent=3717"}],"wp:term":[{"taxonomy":"product_brand","embeddable":true,"href":"https:\/\/protech.nu\/lv\/wp-json\/wp\/v2\/product_brand?post=3717"},{"taxonomy":"product_cat","embeddable":true,"href":"https:\/\/protech.nu\/lv\/wp-json\/wp\/v2\/product_cat?post=3717"},{"taxonomy":"product_tag","embeddable":true,"href":"https:\/\/protech.nu\/lv\/wp-json\/wp\/v2\/product_tag?post=3717"}],"curies":[{"name":"wp","href":"https:\/\/api.w.org\/{rel}","templated":true}]}}