{"id":4690,"date":"2025-09-09T21:09:28","date_gmt":"2025-09-09T21:09:28","guid":{"rendered":"https:\/\/protech.nu\/toode\/ingersoll-rand-rts025pq4-1-4%e2%80%b3-25-nm-rts-connect-series-precizais-mehaniskais-pulsa-skruvgriezis-tikai-instruments\/"},"modified":"2025-12-09T18:38:25","modified_gmt":"2025-12-09T18:38:25","slug":"ingersoll-rand-rts025pq4-1-4%e2%80%b3-25-nm-rts-connect-series-precizais-mehaniskais-pulsa-skruvgriezis-tikai-instruments","status":"publish","type":"product","link":"https:\/\/protech.nu\/lv\/produkts\/ingersoll-rand-rts025pq4-1-4%e2%80%b3-25-nm-rts-connect-series-precizais-mehaniskais-pulsa-skruvgriezis-tikai-instruments\/","title":{"rendered":"Ingersoll Rand RTS025PQ4 \u2013 1\/4\u2033, 25 Nm RTS Connect Series\u2122 prec\u012bzais meh\u0101niskais pulsa skr\u016bvgriezis (tikai instruments)"},"content":{"rendered":"<p>Ingersoll Rand RTS025PQ4 \u2013 1\/4\u2033, 25 Nm RTS Connect Series\u2122 prec\u012bzais meh\u0101niskais pulsa skr\u016bvgriezis ir izstr\u0101d\u0101ts pras\u012bgiem mont\u0101\u017eas darbiem, kuros svar\u012bga ir augsta produktivit\u0101te, stabila pievilk\u0161anas kvalit\u0101te un zema atgriezenisk\u0101 reakcija. Meh\u0101niskais impulsa meh\u0101nisms samazina vibr\u0101cijas un nodro\u0161ina operatoram \u0113rt\u0101ku un dro\u0161\u0101ku darbu sal\u012bdzin\u0101jum\u0101 ar tradicion\u0101lajiem trieciena instrumentiem.<\/p>\n<p>RTS Connect Series\u2122 instrumenti izmanto sl\u0113gt\u0101s cilpas griezes momenta vad\u012bbu, kas uzlabo pievilk\u0161anas precizit\u0101ti un atk\u0101rtojam\u012bbu. Integr\u0113t\u0101 elektronika, impulsa meh\u0101nisms un re\u0101llaika atgriezenisk\u0101 saite pal\u012bdz samazin\u0101t br\u0101\u0137us un nodro\u0161ina vienm\u0113r\u012bgu kvalit\u0101ti ar\u012b intens\u012bv\u0101s ra\u017eo\u0161anas l\u012bnij\u0101s.<\/p>\n<p>RTS025PQ4 ir ide\u0101li piem\u0113rots pielietojumiem ar M6\u2013M8 stiprin\u0101jumiem, kur nepiecie\u0161ams \u0101trs cikls, lab\u0101ka ergonomika un iev\u0113rojami maz\u0101ka \u201ckickback\u201d reakcija. Instruments darbojas ar IQV20 akumulatoru platformu \u2013 vienu no uzticam\u0101kaj\u0101m un jaud\u012bg\u0101kaj\u0101m 20V sist\u0113m\u0101m tirg\u016b.<\/p>\n<p><strong>Galven\u0101s priek\u0161roc\u012bbas:<\/strong><br \/>\n\u2022 1\/4\u2033 Hex stiprin\u0101jums \u2013 paredz\u0113ts skr\u016bvgrie\u017ea uzga\u013ciem<br \/>\n\u2022 Griezes momenta diapazons: 8\u201325 Nm<br \/>\n\u2022 Meh\u0101niskais impulsa meh\u0101nisms samazina atgriezenisko sp\u0113ku un vibr\u0101cijas<br \/>\n\u2022 Sl\u0113gt\u0101s cilpas vad\u012bba \u2013 augst\u0101ka precizit\u0101te un kvalit\u0101tes atk\u0101rtojam\u012bba<br \/>\n\u2022 LED apgaismojums un skaidra vizu\u0101l\u0101 atgriezenisk\u0101 saite<br \/>\n\u2022 Programm\u0113jami iestat\u012bjumi RTS Connect platform\u0101<br \/>\n\u2022 Atbalsta MTC funkcijas, izmantojot INSIGHT Connect\u2122 sist\u0113mu<br \/>\n\u2022 Tikai 1,05 kg (bez akumulatora) \u2013 viegls un \u0113rts lieto\u0161an\u0101<br \/>\n\u2022 \u0100trs cikls un augsta produktivit\u0101te atk\u0101rtotu mont\u0101\u017eas darb\u012bbu veik\u0161anai<\/p>\n<p><strong>Tehniskie dati:<\/strong><br \/>\n\u2022 Piedzi\u0146a: 1\/4\u2033 Hex<br \/>\n\u2022 Fiksators: Quick-Change<br \/>\n\u2022 Stiprin\u0101jumu diapazons: M6\u2013M8<br \/>\n\u2022 Griezes momenta diapazons: 8\u201325 Nm<br \/>\n\u2022 Garums (bez uzga\u013ca): 155 mm<br \/>\n\u2022 Svars (bez akumulatora): 1,05 kg<br \/>\n\u2022 Optimiz\u0113ti impulsa parametri \u0101trai mont\u0101\u017eai<br \/>\n\u2022 Savietojams ar IQV20 2.5Ah un 5Ah akumulatoriem<\/p>\n<div style=\"margin: 0 0 10px 0;\"><a style=\"display: inline-block; background: #E14A2D; color: #fff; padding: 12px 20px; border-radius: 4px; text-decoration: none; font-weight: 600;\" href=\"https:\/\/protech.nu\/wp-content\/uploads\/2025\/09\/RTS-ingersoll-rand-rts-series-catalog-2025.pdf\" target=\"_blank\" rel=\"noopener\">Ingersoll Rand RTS Series\u2122 \u2013 Official Catalog (EN)<br \/>\n<\/a><\/div>\n","protected":false},"excerpt":{"rendered":"<p>1\/4\u2033 Hex, 8\u201325 Nm meh\u0101niskais pulsa skr\u016bvgriezis RTS Connect Series\u2122 mont\u0101\u017eas darbiem. \u0100trs, prec\u012bzs un ar samazin\u0101tu vibr\u0101ciju profesion\u0101lai ra\u017eo\u0161anai.<\/p>\n[video width=\"1920\" height=\"1080\" mp4=\"https:\/\/protech.nu\/wp-content\/uploads\/2025\/09\/ingersoll-rand-rts-responsive-tightening-system-mechanical-pulse-tool.mp4\"][\/video]\n","protected":false},"featured_media":4689,"comment_status":"open","ping_status":"closed","template":"","meta":{"_acf_changed":false,"_monsterinsights_skip_tracking":false,"_monsterinsights_sitenote_active":false,"_monsterinsights_sitenote_note":"","_monsterinsights_sitenote_category":0,"_themeisle_gutenberg_block_has_review":false},"product_brand":[28],"product_cat":[155,142],"product_tag":[156],"class_list":{"0":"post-4690","1":"product","2":"type-product","3":"status-publish","4":"has-post-thumbnail","6":"product_brand-ingersoll-rand","7":"product_cat-ingersoll-rand-rts-series","8":"product_cat-ingersoll-rand-precizie-skrugriezi-un-uzgrieznu-pievilceji","9":"product_tag-nav-demonstracijas","10":"pa_kaal-kg-1-05","11":"pa_pikkus-mm-4809","13":"first","14":"outofstock","15":"taxable","16":"shipping-taxable","17":"product-type-simple"},"acf":[],"yoast_head":"<!-- This site is optimized with the Yoast SEO plugin v27.4 - https:\/\/yoast.com\/product\/yoast-seo-wordpress\/ -->\n<title>Ingersoll Rand RTS025PQ4 \u2013 1\/4\u2033, 25 Nm meh\u0101niskais pulsa skr\u016bvgriezis (tikai instruments)<\/title>\n<meta name=\"description\" content=\"Ingersoll Rand RTS025PQ4 ir 1\/4\u2033, 25 Nm meh\u0101niskais pulsa skr\u016bvgriezis RTS Connect Series\u2122 platformai. Ide\u0101li piem\u0113rots M6\u2013M8 industri\u0101liem mont\u0101\u017eas darbiem \u2013 \u0101trs, prec\u012bzs, ar zemu vibr\u0101ciju.\" \/>\n<meta name=\"robots\" content=\"index, follow, max-snippet:-1, max-image-preview:large, max-video-preview:-1\" \/>\n<link rel=\"canonical\" href=\"https:\/\/protech.nu\/lv\/produkts\/ingersoll-rand-rts025pq4-1-4%e2%80%b3-25-nm-rts-connect-series-precizais-mehaniskais-pulsa-skruvgriezis-tikai-instruments\/\" \/>\n<meta property=\"og:locale\" content=\"lv_LV\" \/>\n<meta property=\"og:type\" content=\"article\" \/>\n<meta property=\"og:title\" content=\"Ingersoll Rand RTS025PQ4 \u2013 1\/4\u2033, 25 Nm meh\u0101niskais pulsa skr\u016bvgriezis (tikai instruments)\" \/>\n<meta property=\"og:description\" content=\"Ingersoll Rand RTS025PQ4 ir 1\/4\u2033, 25 Nm meh\u0101niskais pulsa skr\u016bvgriezis RTS Connect Series\u2122 platformai. Ide\u0101li piem\u0113rots M6\u2013M8 industri\u0101liem mont\u0101\u017eas darbiem \u2013 \u0101trs, prec\u012bzs, ar zemu vibr\u0101ciju.\" \/>\n<meta property=\"og:url\" content=\"https:\/\/protech.nu\/lv\/produkts\/ingersoll-rand-rts025pq4-1-4%e2%80%b3-25-nm-rts-connect-series-precizais-mehaniskais-pulsa-skruvgriezis-tikai-instruments\/\" \/>\n<meta property=\"og:site_name\" content=\"ProTech\" \/>\n<meta property=\"article:publisher\" content=\"https:\/\/www.facebook.com\/Protech.nu\/\" \/>\n<meta property=\"article:modified_time\" content=\"2025-12-09T18:38:25+00:00\" \/>\n<meta property=\"og:image\" content=\"https:\/\/protech.nu\/wp-content\/uploads\/2025\/09\/ingersoll-rand-rts025pq4-impulssmehhanismiga-kruvikeeraja.jpg\" \/>\n\t<meta property=\"og:image:width\" content=\"600\" \/>\n\t<meta property=\"og:image:height\" content=\"600\" \/>\n\t<meta property=\"og:image:type\" content=\"image\/jpeg\" \/>\n<meta name=\"twitter:card\" content=\"summary_large_image\" \/>\n<meta name=\"twitter:label1\" content=\"Est. reading time\" \/>\n\t<meta name=\"twitter:data1\" content=\"2 min\u016btes\" \/>\n<script type=\"application\/ld+json\" class=\"yoast-schema-graph\">{\"@context\":\"https:\\\/\\\/schema.org\",\"@graph\":[{\"@type\":\"WebPage\",\"@id\":\"https:\\\/\\\/protech.nu\\\/lv\\\/produkts\\\/ingersoll-rand-rts025pq4-1-4%e2%80%b3-25-nm-rts-connect-series-precizais-mehaniskais-pulsa-skruvgriezis-tikai-instruments\\\/\",\"url\":\"https:\\\/\\\/protech.nu\\\/lv\\\/produkts\\\/ingersoll-rand-rts025pq4-1-4%e2%80%b3-25-nm-rts-connect-series-precizais-mehaniskais-pulsa-skruvgriezis-tikai-instruments\\\/\",\"name\":\"Ingersoll Rand RTS025PQ4 \u2013 1\\\/4\u2033, 25 Nm meh\u0101niskais pulsa skr\u016bvgriezis (tikai instruments)\",\"isPartOf\":{\"@id\":\"https:\\\/\\\/protech.nu\\\/lv\\\/#website\"},\"primaryImageOfPage\":{\"@id\":\"https:\\\/\\\/protech.nu\\\/lv\\\/produkts\\\/ingersoll-rand-rts025pq4-1-4%e2%80%b3-25-nm-rts-connect-series-precizais-mehaniskais-pulsa-skruvgriezis-tikai-instruments\\\/#primaryimage\"},\"image\":{\"@id\":\"https:\\\/\\\/protech.nu\\\/lv\\\/produkts\\\/ingersoll-rand-rts025pq4-1-4%e2%80%b3-25-nm-rts-connect-series-precizais-mehaniskais-pulsa-skruvgriezis-tikai-instruments\\\/#primaryimage\"},\"thumbnailUrl\":\"https:\\\/\\\/protech.nu\\\/wp-content\\\/uploads\\\/2025\\\/09\\\/ingersoll-rand-rts025pq4-impulssmehhanismiga-kruvikeeraja.jpg\",\"datePublished\":\"2025-09-09T21:09:28+00:00\",\"dateModified\":\"2025-12-09T18:38:25+00:00\",\"description\":\"Ingersoll Rand RTS025PQ4 ir 1\\\/4\u2033, 25 Nm meh\u0101niskais pulsa skr\u016bvgriezis RTS Connect Series\u2122 platformai. Ide\u0101li piem\u0113rots M6\u2013M8 industri\u0101liem mont\u0101\u017eas darbiem \u2013 \u0101trs, prec\u012bzs, ar zemu vibr\u0101ciju.\",\"breadcrumb\":{\"@id\":\"https:\\\/\\\/protech.nu\\\/lv\\\/produkts\\\/ingersoll-rand-rts025pq4-1-4%e2%80%b3-25-nm-rts-connect-series-precizais-mehaniskais-pulsa-skruvgriezis-tikai-instruments\\\/#breadcrumb\"},\"inLanguage\":\"lv-LV\",\"potentialAction\":[{\"@type\":\"ReadAction\",\"target\":[\"https:\\\/\\\/protech.nu\\\/lv\\\/produkts\\\/ingersoll-rand-rts025pq4-1-4%e2%80%b3-25-nm-rts-connect-series-precizais-mehaniskais-pulsa-skruvgriezis-tikai-instruments\\\/\"]}]},{\"@type\":\"ImageObject\",\"inLanguage\":\"lv-LV\",\"@id\":\"https:\\\/\\\/protech.nu\\\/lv\\\/produkts\\\/ingersoll-rand-rts025pq4-1-4%e2%80%b3-25-nm-rts-connect-series-precizais-mehaniskais-pulsa-skruvgriezis-tikai-instruments\\\/#primaryimage\",\"url\":\"https:\\\/\\\/protech.nu\\\/wp-content\\\/uploads\\\/2025\\\/09\\\/ingersoll-rand-rts025pq4-impulssmehhanismiga-kruvikeeraja.jpg\",\"contentUrl\":\"https:\\\/\\\/protech.nu\\\/wp-content\\\/uploads\\\/2025\\\/09\\\/ingersoll-rand-rts025pq4-impulssmehhanismiga-kruvikeeraja.jpg\",\"width\":600,\"height\":600,\"caption\":\"Ingersoll Rand RTS025PQ4 \u2013 meh\u0101niskais pulsa skr\u016bvgriezis RTS Connect Series\u2122 industri\u0101lai mont\u0101\u017eai\"},{\"@type\":\"BreadcrumbList\",\"@id\":\"https:\\\/\\\/protech.nu\\\/lv\\\/produkts\\\/ingersoll-rand-rts025pq4-1-4%e2%80%b3-25-nm-rts-connect-series-precizais-mehaniskais-pulsa-skruvgriezis-tikai-instruments\\\/#breadcrumb\",\"itemListElement\":[{\"@type\":\"ListItem\",\"position\":1,\"name\":\"S\u0101kums\",\"item\":\"https:\\\/\\\/protech.nu\\\/lv\\\/\"},{\"@type\":\"ListItem\",\"position\":2,\"name\":\"Tooted\",\"item\":\"https:\\\/\\\/protech.nu\\\/products\\\/\"},{\"@type\":\"ListItem\",\"position\":3,\"name\":\"Ingersoll Rand RTS025PQ4 \u2013 1\\\/4\u2033, 25 Nm RTS Connect Series\u2122 prec\u012bzais meh\u0101niskais pulsa skr\u016bvgriezis (tikai instruments)\"}]},{\"@type\":\"WebSite\",\"@id\":\"https:\\\/\\\/protech.nu\\\/lv\\\/#website\",\"url\":\"https:\\\/\\\/protech.nu\\\/lv\\\/\",\"name\":\"PROTECH\",\"description\":\"\",\"publisher\":{\"@id\":\"https:\\\/\\\/protech.nu\\\/lv\\\/#organization\"},\"potentialAction\":[{\"@type\":\"SearchAction\",\"target\":{\"@type\":\"EntryPoint\",\"urlTemplate\":\"https:\\\/\\\/protech.nu\\\/lv\\\/?s={search_term_string}\"},\"query-input\":{\"@type\":\"PropertyValueSpecification\",\"valueRequired\":true,\"valueName\":\"search_term_string\"}}],\"inLanguage\":\"lv-LV\"},{\"@type\":\"Organization\",\"@id\":\"https:\\\/\\\/protech.nu\\\/lv\\\/#organization\",\"name\":\"MYPOWERTOOLSBOX\",\"alternateName\":\"ProTech\",\"url\":\"https:\\\/\\\/protech.nu\\\/lv\\\/\",\"logo\":{\"@type\":\"ImageObject\",\"inLanguage\":\"lv-LV\",\"@id\":\"https:\\\/\\\/protech.nu\\\/lv\\\/#\\\/schema\\\/logo\\\/image\\\/\",\"url\":\"https:\\\/\\\/2026.protech.nu\\\/wp-content\\\/uploads\\\/2026\\\/02\\\/ProTech.png\",\"contentUrl\":\"https:\\\/\\\/2026.protech.nu\\\/wp-content\\\/uploads\\\/2026\\\/02\\\/ProTech.png\",\"width\":1024,\"height\":1024,\"caption\":\"MYPOWERTOOLSBOX\"},\"image\":{\"@id\":\"https:\\\/\\\/protech.nu\\\/lv\\\/#\\\/schema\\\/logo\\\/image\\\/\"},\"sameAs\":[\"https:\\\/\\\/www.facebook.com\\\/Protech.nu\\\/\",\"https:\\\/\\\/www.instagram.com\\\/protech_sweden\\\/\",\"https:\\\/\\\/www.linkedin.com\\\/company\\\/protech-professional-technologies-sweden-ab\\\/\",\"https:\\\/\\\/www.youtube.com\\\/@Protech_nu\"]}]}<\/script>\n<!-- \/ Yoast SEO plugin. -->","yoast_head_json":{"title":"Ingersoll Rand RTS025PQ4 \u2013 1\/4\u2033, 25 Nm meh\u0101niskais pulsa skr\u016bvgriezis (tikai instruments)","description":"Ingersoll Rand RTS025PQ4 ir 1\/4\u2033, 25 Nm meh\u0101niskais pulsa skr\u016bvgriezis RTS Connect Series\u2122 platformai. Ide\u0101li piem\u0113rots M6\u2013M8 industri\u0101liem mont\u0101\u017eas darbiem \u2013 \u0101trs, prec\u012bzs, ar zemu vibr\u0101ciju.","robots":{"index":"index","follow":"follow","max-snippet":"max-snippet:-1","max-image-preview":"max-image-preview:large","max-video-preview":"max-video-preview:-1"},"canonical":"https:\/\/protech.nu\/lv\/produkts\/ingersoll-rand-rts025pq4-1-4%e2%80%b3-25-nm-rts-connect-series-precizais-mehaniskais-pulsa-skruvgriezis-tikai-instruments\/","og_locale":"lv_LV","og_type":"article","og_title":"Ingersoll Rand RTS025PQ4 \u2013 1\/4\u2033, 25 Nm meh\u0101niskais pulsa skr\u016bvgriezis (tikai instruments)","og_description":"Ingersoll Rand RTS025PQ4 ir 1\/4\u2033, 25 Nm meh\u0101niskais pulsa skr\u016bvgriezis RTS Connect Series\u2122 platformai. Ide\u0101li piem\u0113rots M6\u2013M8 industri\u0101liem mont\u0101\u017eas darbiem \u2013 \u0101trs, prec\u012bzs, ar zemu vibr\u0101ciju.","og_url":"https:\/\/protech.nu\/lv\/produkts\/ingersoll-rand-rts025pq4-1-4%e2%80%b3-25-nm-rts-connect-series-precizais-mehaniskais-pulsa-skruvgriezis-tikai-instruments\/","og_site_name":"ProTech","article_publisher":"https:\/\/www.facebook.com\/Protech.nu\/","article_modified_time":"2025-12-09T18:38:25+00:00","og_image":[{"width":600,"height":600,"url":"https:\/\/protech.nu\/wp-content\/uploads\/2025\/09\/ingersoll-rand-rts025pq4-impulssmehhanismiga-kruvikeeraja.jpg","type":"image\/jpeg"}],"twitter_card":"summary_large_image","twitter_misc":{"Est. reading time":"2 min\u016btes"},"schema":{"@context":"https:\/\/schema.org","@graph":[{"@type":"WebPage","@id":"https:\/\/protech.nu\/lv\/produkts\/ingersoll-rand-rts025pq4-1-4%e2%80%b3-25-nm-rts-connect-series-precizais-mehaniskais-pulsa-skruvgriezis-tikai-instruments\/","url":"https:\/\/protech.nu\/lv\/produkts\/ingersoll-rand-rts025pq4-1-4%e2%80%b3-25-nm-rts-connect-series-precizais-mehaniskais-pulsa-skruvgriezis-tikai-instruments\/","name":"Ingersoll Rand RTS025PQ4 \u2013 1\/4\u2033, 25 Nm meh\u0101niskais pulsa skr\u016bvgriezis (tikai instruments)","isPartOf":{"@id":"https:\/\/protech.nu\/lv\/#website"},"primaryImageOfPage":{"@id":"https:\/\/protech.nu\/lv\/produkts\/ingersoll-rand-rts025pq4-1-4%e2%80%b3-25-nm-rts-connect-series-precizais-mehaniskais-pulsa-skruvgriezis-tikai-instruments\/#primaryimage"},"image":{"@id":"https:\/\/protech.nu\/lv\/produkts\/ingersoll-rand-rts025pq4-1-4%e2%80%b3-25-nm-rts-connect-series-precizais-mehaniskais-pulsa-skruvgriezis-tikai-instruments\/#primaryimage"},"thumbnailUrl":"https:\/\/protech.nu\/wp-content\/uploads\/2025\/09\/ingersoll-rand-rts025pq4-impulssmehhanismiga-kruvikeeraja.jpg","datePublished":"2025-09-09T21:09:28+00:00","dateModified":"2025-12-09T18:38:25+00:00","description":"Ingersoll Rand RTS025PQ4 ir 1\/4\u2033, 25 Nm meh\u0101niskais pulsa skr\u016bvgriezis RTS Connect Series\u2122 platformai. Ide\u0101li piem\u0113rots M6\u2013M8 industri\u0101liem mont\u0101\u017eas darbiem \u2013 \u0101trs, prec\u012bzs, ar zemu vibr\u0101ciju.","breadcrumb":{"@id":"https:\/\/protech.nu\/lv\/produkts\/ingersoll-rand-rts025pq4-1-4%e2%80%b3-25-nm-rts-connect-series-precizais-mehaniskais-pulsa-skruvgriezis-tikai-instruments\/#breadcrumb"},"inLanguage":"lv-LV","potentialAction":[{"@type":"ReadAction","target":["https:\/\/protech.nu\/lv\/produkts\/ingersoll-rand-rts025pq4-1-4%e2%80%b3-25-nm-rts-connect-series-precizais-mehaniskais-pulsa-skruvgriezis-tikai-instruments\/"]}]},{"@type":"ImageObject","inLanguage":"lv-LV","@id":"https:\/\/protech.nu\/lv\/produkts\/ingersoll-rand-rts025pq4-1-4%e2%80%b3-25-nm-rts-connect-series-precizais-mehaniskais-pulsa-skruvgriezis-tikai-instruments\/#primaryimage","url":"https:\/\/protech.nu\/wp-content\/uploads\/2025\/09\/ingersoll-rand-rts025pq4-impulssmehhanismiga-kruvikeeraja.jpg","contentUrl":"https:\/\/protech.nu\/wp-content\/uploads\/2025\/09\/ingersoll-rand-rts025pq4-impulssmehhanismiga-kruvikeeraja.jpg","width":600,"height":600,"caption":"Ingersoll Rand RTS025PQ4 \u2013 meh\u0101niskais pulsa skr\u016bvgriezis RTS Connect Series\u2122 industri\u0101lai mont\u0101\u017eai"},{"@type":"BreadcrumbList","@id":"https:\/\/protech.nu\/lv\/produkts\/ingersoll-rand-rts025pq4-1-4%e2%80%b3-25-nm-rts-connect-series-precizais-mehaniskais-pulsa-skruvgriezis-tikai-instruments\/#breadcrumb","itemListElement":[{"@type":"ListItem","position":1,"name":"S\u0101kums","item":"https:\/\/protech.nu\/lv\/"},{"@type":"ListItem","position":2,"name":"Tooted","item":"https:\/\/protech.nu\/products\/"},{"@type":"ListItem","position":3,"name":"Ingersoll Rand RTS025PQ4 \u2013 1\/4\u2033, 25 Nm RTS Connect Series\u2122 prec\u012bzais meh\u0101niskais pulsa skr\u016bvgriezis (tikai instruments)"}]},{"@type":"WebSite","@id":"https:\/\/protech.nu\/lv\/#website","url":"https:\/\/protech.nu\/lv\/","name":"PROTECH","description":"","publisher":{"@id":"https:\/\/protech.nu\/lv\/#organization"},"potentialAction":[{"@type":"SearchAction","target":{"@type":"EntryPoint","urlTemplate":"https:\/\/protech.nu\/lv\/?s={search_term_string}"},"query-input":{"@type":"PropertyValueSpecification","valueRequired":true,"valueName":"search_term_string"}}],"inLanguage":"lv-LV"},{"@type":"Organization","@id":"https:\/\/protech.nu\/lv\/#organization","name":"MYPOWERTOOLSBOX","alternateName":"ProTech","url":"https:\/\/protech.nu\/lv\/","logo":{"@type":"ImageObject","inLanguage":"lv-LV","@id":"https:\/\/protech.nu\/lv\/#\/schema\/logo\/image\/","url":"https:\/\/2026.protech.nu\/wp-content\/uploads\/2026\/02\/ProTech.png","contentUrl":"https:\/\/2026.protech.nu\/wp-content\/uploads\/2026\/02\/ProTech.png","width":1024,"height":1024,"caption":"MYPOWERTOOLSBOX"},"image":{"@id":"https:\/\/protech.nu\/lv\/#\/schema\/logo\/image\/"},"sameAs":["https:\/\/www.facebook.com\/Protech.nu\/","https:\/\/www.instagram.com\/protech_sweden\/","https:\/\/www.linkedin.com\/company\/protech-professional-technologies-sweden-ab\/","https:\/\/www.youtube.com\/@Protech_nu"]}]}},"_links":{"self":[{"href":"https:\/\/protech.nu\/lv\/wp-json\/wp\/v2\/product\/4690","targetHints":{"allow":["GET"]}}],"collection":[{"href":"https:\/\/protech.nu\/lv\/wp-json\/wp\/v2\/product"}],"about":[{"href":"https:\/\/protech.nu\/lv\/wp-json\/wp\/v2\/types\/product"}],"replies":[{"embeddable":true,"href":"https:\/\/protech.nu\/lv\/wp-json\/wp\/v2\/comments?post=4690"}],"wp:featuredmedia":[{"embeddable":true,"href":"https:\/\/protech.nu\/lv\/wp-json\/wp\/v2\/media\/4689"}],"wp:attachment":[{"href":"https:\/\/protech.nu\/lv\/wp-json\/wp\/v2\/media?parent=4690"}],"wp:term":[{"taxonomy":"product_brand","embeddable":true,"href":"https:\/\/protech.nu\/lv\/wp-json\/wp\/v2\/product_brand?post=4690"},{"taxonomy":"product_cat","embeddable":true,"href":"https:\/\/protech.nu\/lv\/wp-json\/wp\/v2\/product_cat?post=4690"},{"taxonomy":"product_tag","embeddable":true,"href":"https:\/\/protech.nu\/lv\/wp-json\/wp\/v2\/product_tag?post=4690"}],"curies":[{"name":"wp","href":"https:\/\/api.w.org\/{rel}","templated":true}]}}