{"id":1059,"date":"2025-02-23T13:58:44","date_gmt":"2025-02-23T13:58:44","guid":{"rendered":"https:\/\/protech.nu\/hjem\/"},"modified":"2025-10-14T21:08:30","modified_gmt":"2025-10-14T21:08:30","slug":"hjem","status":"publish","type":"page","link":"https:\/\/protech.nu\/no\/hjem\/","title":{"rendered":"Hjem"},"content":{"rendered":"\n<figure class=\"wp-block-image size-large\"><img decoding=\"async\" src=\"https:\/\/protech.nu\/wp-content\/uploads\/2025\/07\/IQi_Transducerized-Contoller_800x600px-1024x768.webp\" alt=\"ELEKTRISK PRESISJONSSKRUTREKKER MED LAVT DREIEMOMENT I IQi-SERIEN\" class=\"wp-image-111\"\/><\/figure>\n","protected":false},"excerpt":{"rendered":"","protected":false},"author":1,"featured_media":0,"parent":0,"menu_order":0,"comment_status":"closed","ping_status":"closed","template":"elementor_header_footer","meta":{"_acf_changed":false,"_monsterinsights_skip_tracking":false,"_monsterinsights_sitenote_active":false,"_monsterinsights_sitenote_note":"","_monsterinsights_sitenote_category":0,"_themeisle_gutenberg_block_has_review":false,"footnotes":""},"class_list":["post-1059","page","type-page","status-publish","hentry"],"acf":[],"yoast_head":"<!-- This site is optimized with the Yoast SEO plugin v27.6 - https:\/\/yoast.com\/product\/yoast-seo-wordpress\/ -->\n<title>MyPowerToolsBox O\u00dc \u2013 Ingersoll Rand batteriverkt\u00f8y og l\u00f8sninger<\/title>\n<meta name=\"description\" content=\"Vi er den offisielle distribut\u00f8ren av Ingersoll Rand-verkt\u00f8y i Estland. Batteriverkt\u00f8y, presisjons batteridrevne skrutrekkere og ergonomiske produksjonsl\u00f8sninger.\" \/>\n<meta name=\"robots\" content=\"index, follow, max-snippet:-1, max-image-preview:large, max-video-preview:-1\" \/>\n<link rel=\"canonical\" href=\"https:\/\/protech.nu\/no\/hjem\/\" \/>\n<meta property=\"og:locale\" content=\"nb_NO\" \/>\n<meta property=\"og:type\" content=\"article\" \/>\n<meta property=\"og:title\" content=\"MyPowerToolsBox O\u00dc \u2013 Ingersoll Rand batteriverkt\u00f8y og l\u00f8sninger\" \/>\n<meta property=\"og:description\" content=\"Vi er den offisielle distribut\u00f8ren av Ingersoll Rand-verkt\u00f8y i Estland. Batteriverkt\u00f8y, presisjons batteridrevne skrutrekkere og ergonomiske produksjonsl\u00f8sninger.\" \/>\n<meta property=\"og:url\" content=\"https:\/\/protech.nu\/no\/hjem\/\" \/>\n<meta property=\"og:site_name\" content=\"ProTech\" \/>\n<meta property=\"article:publisher\" content=\"https:\/\/www.facebook.com\/Protech.nu\/\" \/>\n<meta property=\"article:modified_time\" content=\"2025-10-14T21:08:30+00:00\" \/>\n<meta property=\"og:image\" content=\"https:\/\/2026.protech.nu\/wp-content\/uploads\/2025\/07\/IQi_Transducerized-Contoller_800x600px-1024x768.webp\" \/>\n<meta name=\"twitter:card\" content=\"summary_large_image\" \/>\n<script type=\"application\/ld+json\" class=\"yoast-schema-graph\">{\"@context\":\"https:\\\/\\\/schema.org\",\"@graph\":[{\"@type\":[\"WebPage\",\"AboutPage\"],\"@id\":\"https:\\\/\\\/protech.nu\\\/no\\\/hjem\\\/\",\"url\":\"https:\\\/\\\/protech.nu\\\/no\\\/hjem\\\/\",\"name\":\"MyPowerToolsBox O\u00dc \u2013 Ingersoll Rand batteriverkt\u00f8y og l\u00f8sninger\",\"isPartOf\":{\"@id\":\"https:\\\/\\\/protech.nu\\\/no\\\/#website\"},\"primaryImageOfPage\":{\"@id\":\"https:\\\/\\\/protech.nu\\\/no\\\/hjem\\\/#primaryimage\"},\"image\":{\"@id\":\"https:\\\/\\\/protech.nu\\\/no\\\/hjem\\\/#primaryimage\"},\"thumbnailUrl\":\"https:\\\/\\\/2026.protech.nu\\\/wp-content\\\/uploads\\\/2025\\\/07\\\/IQi_Transducerized-Contoller_800x600px-1024x768.webp\",\"datePublished\":\"2025-02-23T13:58:44+00:00\",\"dateModified\":\"2025-10-14T21:08:30+00:00\",\"description\":\"Vi er den offisielle distribut\u00f8ren av Ingersoll Rand-verkt\u00f8y i Estland. Batteriverkt\u00f8y, presisjons batteridrevne skrutrekkere og ergonomiske produksjonsl\u00f8sninger.\",\"breadcrumb\":{\"@id\":\"https:\\\/\\\/protech.nu\\\/no\\\/hjem\\\/#breadcrumb\"},\"inLanguage\":\"nb-NO\",\"potentialAction\":[{\"@type\":\"ReadAction\",\"target\":[\"https:\\\/\\\/protech.nu\\\/no\\\/hjem\\\/\"]}]},{\"@type\":\"ImageObject\",\"inLanguage\":\"nb-NO\",\"@id\":\"https:\\\/\\\/protech.nu\\\/no\\\/hjem\\\/#primaryimage\",\"url\":\"https:\\\/\\\/2026.protech.nu\\\/wp-content\\\/uploads\\\/2025\\\/07\\\/IQi_Transducerized-Contoller_800x600px-1024x768.webp\",\"contentUrl\":\"https:\\\/\\\/2026.protech.nu\\\/wp-content\\\/uploads\\\/2025\\\/07\\\/IQi_Transducerized-Contoller_800x600px-1024x768.webp\"},{\"@type\":\"BreadcrumbList\",\"@id\":\"https:\\\/\\\/protech.nu\\\/no\\\/hjem\\\/#breadcrumb\",\"itemListElement\":[{\"@type\":\"ListItem\",\"position\":1,\"name\":\"Hjem\",\"item\":\"https:\\\/\\\/protech.nu\\\/no\\\/\"},{\"@type\":\"ListItem\",\"position\":2,\"name\":\"Hjem\"}]},{\"@type\":\"WebSite\",\"@id\":\"https:\\\/\\\/protech.nu\\\/no\\\/#website\",\"url\":\"https:\\\/\\\/protech.nu\\\/no\\\/\",\"name\":\"PROTECH\",\"description\":\"\",\"publisher\":{\"@id\":\"https:\\\/\\\/protech.nu\\\/no\\\/#organization\"},\"potentialAction\":[{\"@type\":\"SearchAction\",\"target\":{\"@type\":\"EntryPoint\",\"urlTemplate\":\"https:\\\/\\\/protech.nu\\\/no\\\/?s={search_term_string}\"},\"query-input\":{\"@type\":\"PropertyValueSpecification\",\"valueRequired\":true,\"valueName\":\"search_term_string\"}}],\"inLanguage\":\"nb-NO\"},{\"@type\":\"Organization\",\"@id\":\"https:\\\/\\\/protech.nu\\\/no\\\/#organization\",\"name\":\"MYPOWERTOOLSBOX\",\"alternateName\":\"ProTech\",\"url\":\"https:\\\/\\\/protech.nu\\\/no\\\/\",\"logo\":{\"@type\":\"ImageObject\",\"inLanguage\":\"nb-NO\",\"@id\":\"https:\\\/\\\/protech.nu\\\/no\\\/#\\\/schema\\\/logo\\\/image\\\/\",\"url\":\"https:\\\/\\\/2026.protech.nu\\\/wp-content\\\/uploads\\\/2026\\\/02\\\/ProTech.png\",\"contentUrl\":\"https:\\\/\\\/2026.protech.nu\\\/wp-content\\\/uploads\\\/2026\\\/02\\\/ProTech.png\",\"width\":1024,\"height\":1024,\"caption\":\"MYPOWERTOOLSBOX\"},\"image\":{\"@id\":\"https:\\\/\\\/protech.nu\\\/no\\\/#\\\/schema\\\/logo\\\/image\\\/\"},\"sameAs\":[\"https:\\\/\\\/www.facebook.com\\\/Protech.nu\\\/\",\"https:\\\/\\\/www.instagram.com\\\/protech_sweden\\\/\",\"https:\\\/\\\/www.linkedin.com\\\/company\\\/protech-professional-technologies-sweden-ab\\\/\",\"https:\\\/\\\/www.youtube.com\\\/@Protech_nu\"]}]}<\/script>\n<!-- \/ Yoast SEO plugin. -->","yoast_head_json":{"title":"MyPowerToolsBox O\u00dc \u2013 Ingersoll Rand batteriverkt\u00f8y og l\u00f8sninger","description":"Vi er den offisielle distribut\u00f8ren av Ingersoll Rand-verkt\u00f8y i Estland. Batteriverkt\u00f8y, presisjons batteridrevne skrutrekkere og ergonomiske produksjonsl\u00f8sninger.","robots":{"index":"index","follow":"follow","max-snippet":"max-snippet:-1","max-image-preview":"max-image-preview:large","max-video-preview":"max-video-preview:-1"},"canonical":"https:\/\/protech.nu\/no\/hjem\/","og_locale":"nb_NO","og_type":"article","og_title":"MyPowerToolsBox O\u00dc \u2013 Ingersoll Rand batteriverkt\u00f8y og l\u00f8sninger","og_description":"Vi er den offisielle distribut\u00f8ren av Ingersoll Rand-verkt\u00f8y i Estland. Batteriverkt\u00f8y, presisjons batteridrevne skrutrekkere og ergonomiske produksjonsl\u00f8sninger.","og_url":"https:\/\/protech.nu\/no\/hjem\/","og_site_name":"ProTech","article_publisher":"https:\/\/www.facebook.com\/Protech.nu\/","article_modified_time":"2025-10-14T21:08:30+00:00","og_image":[{"url":"https:\/\/2026.protech.nu\/wp-content\/uploads\/2025\/07\/IQi_Transducerized-Contoller_800x600px-1024x768.webp","type":"","width":"","height":""}],"twitter_card":"summary_large_image","schema":{"@context":"https:\/\/schema.org","@graph":[{"@type":["WebPage","AboutPage"],"@id":"https:\/\/protech.nu\/no\/hjem\/","url":"https:\/\/protech.nu\/no\/hjem\/","name":"MyPowerToolsBox O\u00dc \u2013 Ingersoll Rand batteriverkt\u00f8y og l\u00f8sninger","isPartOf":{"@id":"https:\/\/protech.nu\/no\/#website"},"primaryImageOfPage":{"@id":"https:\/\/protech.nu\/no\/hjem\/#primaryimage"},"image":{"@id":"https:\/\/protech.nu\/no\/hjem\/#primaryimage"},"thumbnailUrl":"https:\/\/2026.protech.nu\/wp-content\/uploads\/2025\/07\/IQi_Transducerized-Contoller_800x600px-1024x768.webp","datePublished":"2025-02-23T13:58:44+00:00","dateModified":"2025-10-14T21:08:30+00:00","description":"Vi er den offisielle distribut\u00f8ren av Ingersoll Rand-verkt\u00f8y i Estland. Batteriverkt\u00f8y, presisjons batteridrevne skrutrekkere og ergonomiske produksjonsl\u00f8sninger.","breadcrumb":{"@id":"https:\/\/protech.nu\/no\/hjem\/#breadcrumb"},"inLanguage":"nb-NO","potentialAction":[{"@type":"ReadAction","target":["https:\/\/protech.nu\/no\/hjem\/"]}]},{"@type":"ImageObject","inLanguage":"nb-NO","@id":"https:\/\/protech.nu\/no\/hjem\/#primaryimage","url":"https:\/\/2026.protech.nu\/wp-content\/uploads\/2025\/07\/IQi_Transducerized-Contoller_800x600px-1024x768.webp","contentUrl":"https:\/\/2026.protech.nu\/wp-content\/uploads\/2025\/07\/IQi_Transducerized-Contoller_800x600px-1024x768.webp"},{"@type":"BreadcrumbList","@id":"https:\/\/protech.nu\/no\/hjem\/#breadcrumb","itemListElement":[{"@type":"ListItem","position":1,"name":"Hjem","item":"https:\/\/protech.nu\/no\/"},{"@type":"ListItem","position":2,"name":"Hjem"}]},{"@type":"WebSite","@id":"https:\/\/protech.nu\/no\/#website","url":"https:\/\/protech.nu\/no\/","name":"PROTECH","description":"","publisher":{"@id":"https:\/\/protech.nu\/no\/#organization"},"potentialAction":[{"@type":"SearchAction","target":{"@type":"EntryPoint","urlTemplate":"https:\/\/protech.nu\/no\/?s={search_term_string}"},"query-input":{"@type":"PropertyValueSpecification","valueRequired":true,"valueName":"search_term_string"}}],"inLanguage":"nb-NO"},{"@type":"Organization","@id":"https:\/\/protech.nu\/no\/#organization","name":"MYPOWERTOOLSBOX","alternateName":"ProTech","url":"https:\/\/protech.nu\/no\/","logo":{"@type":"ImageObject","inLanguage":"nb-NO","@id":"https:\/\/protech.nu\/no\/#\/schema\/logo\/image\/","url":"https:\/\/2026.protech.nu\/wp-content\/uploads\/2026\/02\/ProTech.png","contentUrl":"https:\/\/2026.protech.nu\/wp-content\/uploads\/2026\/02\/ProTech.png","width":1024,"height":1024,"caption":"MYPOWERTOOLSBOX"},"image":{"@id":"https:\/\/protech.nu\/no\/#\/schema\/logo\/image\/"},"sameAs":["https:\/\/www.facebook.com\/Protech.nu\/","https:\/\/www.instagram.com\/protech_sweden\/","https:\/\/www.linkedin.com\/company\/protech-professional-technologies-sweden-ab\/","https:\/\/www.youtube.com\/@Protech_nu"]}]}},"_links":{"self":[{"href":"https:\/\/protech.nu\/no\/wp-json\/wp\/v2\/pages\/1059","targetHints":{"allow":["GET"]}}],"collection":[{"href":"https:\/\/protech.nu\/no\/wp-json\/wp\/v2\/pages"}],"about":[{"href":"https:\/\/protech.nu\/no\/wp-json\/wp\/v2\/types\/page"}],"author":[{"embeddable":true,"href":"https:\/\/protech.nu\/no\/wp-json\/wp\/v2\/users\/1"}],"replies":[{"embeddable":true,"href":"https:\/\/protech.nu\/no\/wp-json\/wp\/v2\/comments?post=1059"}],"version-history":[{"count":1,"href":"https:\/\/protech.nu\/no\/wp-json\/wp\/v2\/pages\/1059\/revisions"}],"predecessor-version":[{"id":1061,"href":"https:\/\/protech.nu\/no\/wp-json\/wp\/v2\/pages\/1059\/revisions\/1061"}],"wp:attachment":[{"href":"https:\/\/protech.nu\/no\/wp-json\/wp\/v2\/media?parent=1059"}],"curies":[{"name":"wp","href":"https:\/\/api.w.org\/{rel}","templated":true}]}}