{"id":1130,"date":"2025-08-21T16:51:19","date_gmt":"2025-08-21T16:51:19","guid":{"rendered":"https:\/\/protech.nu\/toode\/1-4-sekskant-5-12-nm-20v-batteridrevet-skrutrekker-qcp2p12q4\/"},"modified":"2025-11-21T15:47:49","modified_gmt":"2025-11-21T15:47:49","slug":"1-4-sekskant-5-12-nm-20v-batteridrevet-skrutrekker-qcp2p12q4","status":"publish","type":"product","link":"https:\/\/protech.nu\/no\/produkt\/1-4-sekskant-5-12-nm-20v-batteridrevet-skrutrekker-qcp2p12q4\/","title":{"rendered":"1\/4&#8243; sekskant, 5-12 Nm, 20V batteridrevet skrutrekker QCP2P12Q4"},"content":{"rendered":"<p data-start=\"227\" data-end=\"650\">QCP2P12Q4 tilh\u00f8rer Ingersoll Rands <strong data-start=\"259\" data-end=\"275\">QC-serie<\/strong> \u2013 presisjons skru- og muttertrekkere med clutchmekanisme, som er designet for \u00e5 levere h\u00f8y tiltrekkingskvalitet, p\u00e5litelighet og presisjon i industrielle applikasjoner. Modellens dreiemomentomr\u00e5de er <strong data-start=\"458\" data-end=\"469\">5\u201312 Nm<\/strong>, noe som gj\u00f8r den egnet for lette og presise festeanordninger, for eksempel i elektronikk- og utstyrsindustrien, mindre monteringslinjer og andre kvalitetskritiske applikasjoner. <\/p>\n<h4 data-start=\"652\" data-end=\"677\">N\u00f8kkelegenskaper:<\/h4>\n<ul data-start=\"678\" data-end=\"1636\">\n<li data-start=\"678\" data-end=\"747\">\n<p data-start=\"680\" data-end=\"747\"><strong data-start=\"680\" data-end=\"690\">Bitfeste:<\/strong> 1\/4\u2033 sekskant \u2013 egnet for <strong data-start=\"715\" data-end=\"724\">M4\u2013M6<\/strong> festemidler.<\/p>\n<\/li>\n<li data-start=\"748\" data-end=\"787\">\n<p data-start=\"750\" data-end=\"787\"><strong data-start=\"750\" data-end=\"776\">Dreiemomentomr\u00e5de:<\/strong> 5\u201312 Nm.<\/p>\n<\/li>\n<li data-start=\"788\" data-end=\"888\">\n<p data-start=\"790\" data-end=\"888\"><strong data-start=\"790\" data-end=\"809\">Clutchmekanisme:<\/strong> tilbyr repeterbar og kontrollert tiltrekking, og reduserer risikoen for overstramming.<\/p>\n<\/li>\n<li data-start=\"889\" data-end=\"969\">\n<p data-start=\"891\" data-end=\"969\"><strong data-start=\"891\" data-end=\"915\">B\u00f8rstel\u00f8s DC-motor:<\/strong> \u00f8ker p\u00e5liteligheten og forlenger verkt\u00f8yets levetid.<\/p>\n<\/li>\n<li data-start=\"970\" data-end=\"1195\">\n<p data-start=\"972\" data-end=\"1195\"><strong data-start=\"972\" data-end=\"1008\">8 programmerbare parametere:<\/strong> inkludert hastighetskontroll (flerfaset), myk start, retningskontroll, blokkering av motsatt rotasjon, syklusrestartforsinkelse, vinkel- eller tidsbasert hastighetsreduksjon, rehit-deteksjon.<\/p>\n<\/li>\n<li data-start=\"1196\" data-end=\"1303\">\n<p data-start=\"1198\" data-end=\"1303\"><strong data-start=\"1198\" data-end=\"1228\">St\u00f8tte for INSIGHT\u2122 Connect App:<\/strong> konfigurerbare arbeidsprofiler og enkel sammenkobling via Bluetooth\u00ae og Wi-Fi.<\/p>\n<\/li>\n<li data-start=\"1304\" data-end=\"1426\">\n<p data-start=\"1306\" data-end=\"1426\"><strong data-start=\"1306\" data-end=\"1331\">Visuell tilbakemelding:<\/strong> LED-ring med lys \u2013 r\u00f8d (NOK), gr\u00f8nn (OK), hvit (arbeidslys); PASS\/FAIL-indikator.<\/p>\n<\/li>\n<li data-start=\"1427\" data-end=\"1545\">\n<p data-start=\"1429\" data-end=\"1545\"><strong data-start=\"1429\" data-end=\"1454\">Ergonomisk design:<\/strong> lett og balansert konstruksjon for komfortabel bruk selv under lengre arbeidssykluser.<\/p>\n<\/li>\n<li data-start=\"1546\" data-end=\"1636\">\n<p data-start=\"1548\" data-end=\"1636\"><strong data-start=\"1548\" data-end=\"1576\">IQV20 batterisystem (20 V):<\/strong> Tilh\u00f8rer Ingersoll Rand\u00ae IQV20\u2122-serien. Kompatible batterier og ladere: BL2012, BL2022 og BC1121-EU <\/p>\n<\/li>\n<\/ul>\n<p data-start=\"1638\" data-end=\"1887\">Mypowertoolsbox O\u00dc er en offisiell forhandler av QCP2P12Q4 i Estland og tilbyr verkt\u00f8yet med oppsett, oppl\u00e6ring og vedlikeholdstjenester. Hvis produksjonslinjen din trenger en l\u00f8sning med lavere dreiemoment, men som er presis og tilkoblet, er QCP2P12Q4 et utmerket valg. <\/p>\n<p><b>Last ned QC-seriens produktkatalog:<\/b><\/p>\n<p><a href=\"https:\/\/protech.nu\/wp-content\/uploads\/2025\/09\/ingersoll-rand-qc-seeria-kataloog.pdf\">Ingersoll Rand QC-serie katalog | Mypowertoolsbox<\/a><\/p>\n<p><a href=\"https:\/\/protech.nu\/wp-content\/uploads\/2025\/09\/ingersoll-rand-qc-series-catalog.pdf\">Ingersoll Rand QC Series Catalog | Clutch Tools<\/a><\/p>\n<hr data-start=\"1758\" data-end=\"1761\">\n<hr data-start=\"2268\" data-end=\"2271\">\n","protected":false},"excerpt":{"rendered":"<p>QCP2P12Q4 er en batteridrevet Ingersoll Rand QC-serie skrutrekker med clutchmekanisme, med et dreiemomentomr\u00e5de p\u00e5 <strong data-start=\"2045\" data-end=\"2056\">5\u201312 Nm<\/strong>. Utstyrt med 1\/4\u2033 sekskantbitfeste, egnet for M4\u2013M6 festemidler. B\u00f8rstel\u00f8s motor, LED-ring (OK\/NOK), 8 programmerbare profiler og Bluetooth\u00ae + Wi-Fi-tilkobling. Den drives av IQV20 batterisystemet. Offisiell forhandler i Estland \u2013 Mypowertoolsbox.    <\/p>\n[video width=\"1920\" height=\"1080\" mp4=\"https:\/\/protech.nu\/wp-content\/uploads\/2025\/08\/QC-Series-Clutch-Tools-Built-to-Last-for-Critical-Assembly-1.mp4\"][\/video]\n","protected":false},"featured_media":1140,"comment_status":"open","ping_status":"closed","template":"","meta":{"_acf_changed":false,"_monsterinsights_skip_tracking":false,"_monsterinsights_sitenote_active":false,"_monsterinsights_sitenote_note":"","_monsterinsights_sitenote_category":0,"_themeisle_gutenberg_block_has_review":false},"product_brand":[28],"product_cat":[148,147],"product_tag":[],"class_list":{"0":"post-1130","1":"product","2":"type-product","3":"status-publish","4":"has-post-thumbnail","6":"product_brand-ingersoll-rand","7":"product_cat-ingersoll-rand-qc-series","8":"product_cat-ingersoll-rand-presisjonsskrutrekkere-og-muttertrekkere","10":"first","11":"instock","12":"taxable","13":"shipping-taxable","14":"product-type-simple"},"acf":[],"yoast_head":"<!-- This site is optimized with the Yoast SEO plugin v27.5 - https:\/\/yoast.com\/product\/yoast-seo-wordpress\/ -->\n<title>Ingersoll Rand QCP2P12Q4 \u2013 5\u201312 Nm QC-serie skrutrekker med clutchmekanisme | Mypowertoolsbox<\/title>\n<meta name=\"description\" content=\"Kj\u00f8p Ingersoll Rand QCP2P12Q4 QC-serie skrutrekker (5\u201312 Nm, M4\u2013M6) fra en offisiell forhandler i Estland. Presisjons clutchmekanisme, b\u00f8rstel\u00f8s motor, LED-ring (OK\/NOK) og st\u00f8tte for INSIGHT\u2122 Connect App.\" \/>\n<meta name=\"robots\" content=\"index, follow, max-snippet:-1, max-image-preview:large, max-video-preview:-1\" \/>\n<link rel=\"canonical\" href=\"https:\/\/protech.nu\/no\/produkt\/1-4-sekskant-5-12-nm-20v-batteridrevet-skrutrekker-qcp2p12q4\/\" \/>\n<meta property=\"og:locale\" content=\"nb_NO\" \/>\n<meta property=\"og:type\" content=\"article\" \/>\n<meta property=\"og:title\" content=\"Ingersoll Rand QCP2P12Q4 \u2013 5\u201312 Nm QC-serie skrutrekker med clutchmekanisme | Mypowertoolsbox\" \/>\n<meta property=\"og:description\" content=\"Kj\u00f8p Ingersoll Rand QCP2P12Q4 QC-serie skrutrekker (5\u201312 Nm, M4\u2013M6) fra en offisiell forhandler i Estland. Presisjons clutchmekanisme, b\u00f8rstel\u00f8s motor, LED-ring (OK\/NOK) og st\u00f8tte for INSIGHT\u2122 Connect App.\" \/>\n<meta property=\"og:url\" content=\"https:\/\/protech.nu\/no\/produkt\/1-4-sekskant-5-12-nm-20v-batteridrevet-skrutrekker-qcp2p12q4\/\" \/>\n<meta property=\"og:site_name\" content=\"ProTech\" \/>\n<meta property=\"article:publisher\" content=\"https:\/\/www.facebook.com\/Protech.nu\/\" \/>\n<meta property=\"article:modified_time\" content=\"2025-11-21T15:47:49+00:00\" \/>\n<meta property=\"og:image\" content=\"https:\/\/protech.nu\/wp-content\/uploads\/2025\/08\/ingersoll-rand-qcp2p12q4-20v-siduriga-kruvikeeraja-mypowertoolsbox.jpg-.jpg\" \/>\n\t<meta property=\"og:image:width\" content=\"600\" \/>\n\t<meta property=\"og:image:height\" content=\"600\" \/>\n\t<meta property=\"og:image:type\" content=\"image\/jpeg\" \/>\n<meta name=\"twitter:card\" content=\"summary_large_image\" \/>\n<meta name=\"twitter:label1\" content=\"Ansl. lesetid\" \/>\n\t<meta name=\"twitter:data1\" content=\"2 minutter\" \/>\n<script type=\"application\/ld+json\" class=\"yoast-schema-graph\">{\"@context\":\"https:\\\/\\\/schema.org\",\"@graph\":[{\"@type\":\"WebPage\",\"@id\":\"https:\\\/\\\/protech.nu\\\/no\\\/produkt\\\/1-4-sekskant-5-12-nm-20v-batteridrevet-skrutrekker-qcp2p12q4\\\/\",\"url\":\"https:\\\/\\\/protech.nu\\\/no\\\/produkt\\\/1-4-sekskant-5-12-nm-20v-batteridrevet-skrutrekker-qcp2p12q4\\\/\",\"name\":\"Ingersoll Rand QCP2P12Q4 \u2013 5\u201312 Nm QC-serie skrutrekker med clutchmekanisme | Mypowertoolsbox\",\"isPartOf\":{\"@id\":\"https:\\\/\\\/protech.nu\\\/no\\\/#website\"},\"primaryImageOfPage\":{\"@id\":\"https:\\\/\\\/protech.nu\\\/no\\\/produkt\\\/1-4-sekskant-5-12-nm-20v-batteridrevet-skrutrekker-qcp2p12q4\\\/#primaryimage\"},\"image\":{\"@id\":\"https:\\\/\\\/protech.nu\\\/no\\\/produkt\\\/1-4-sekskant-5-12-nm-20v-batteridrevet-skrutrekker-qcp2p12q4\\\/#primaryimage\"},\"thumbnailUrl\":\"https:\\\/\\\/protech.nu\\\/wp-content\\\/uploads\\\/2025\\\/08\\\/ingersoll-rand-qcp2p12q4-20v-siduriga-kruvikeeraja-mypowertoolsbox.jpg-.jpg\",\"datePublished\":\"2025-08-21T16:51:19+00:00\",\"dateModified\":\"2025-11-21T15:47:49+00:00\",\"description\":\"Kj\u00f8p Ingersoll Rand QCP2P12Q4 QC-serie skrutrekker (5\u201312 Nm, M4\u2013M6) fra en offisiell forhandler i Estland. Presisjons clutchmekanisme, b\u00f8rstel\u00f8s motor, LED-ring (OK\\\/NOK) og st\u00f8tte for INSIGHT\u2122 Connect App.\",\"breadcrumb\":{\"@id\":\"https:\\\/\\\/protech.nu\\\/no\\\/produkt\\\/1-4-sekskant-5-12-nm-20v-batteridrevet-skrutrekker-qcp2p12q4\\\/#breadcrumb\"},\"inLanguage\":\"nb-NO\",\"potentialAction\":[{\"@type\":\"ReadAction\",\"target\":[\"https:\\\/\\\/protech.nu\\\/no\\\/produkt\\\/1-4-sekskant-5-12-nm-20v-batteridrevet-skrutrekker-qcp2p12q4\\\/\"]}]},{\"@type\":\"ImageObject\",\"inLanguage\":\"nb-NO\",\"@id\":\"https:\\\/\\\/protech.nu\\\/no\\\/produkt\\\/1-4-sekskant-5-12-nm-20v-batteridrevet-skrutrekker-qcp2p12q4\\\/#primaryimage\",\"url\":\"https:\\\/\\\/protech.nu\\\/wp-content\\\/uploads\\\/2025\\\/08\\\/ingersoll-rand-qcp2p12q4-20v-siduriga-kruvikeeraja-mypowertoolsbox.jpg-.jpg\",\"contentUrl\":\"https:\\\/\\\/protech.nu\\\/wp-content\\\/uploads\\\/2025\\\/08\\\/ingersoll-rand-qcp2p12q4-20v-siduriga-kruvikeeraja-mypowertoolsbox.jpg-.jpg\",\"width\":600,\"height\":600,\"caption\":\"QCP2P12Q4 \u2013 20V tr\u00e5dl\u00f8s skrutrekker med clutch, med \u00b110% n\u00f8yaktighet. Tilgjengelig fra Mypowertoolsbox i Estland, Latvia, Litauen og Finland.\"},{\"@type\":\"BreadcrumbList\",\"@id\":\"https:\\\/\\\/protech.nu\\\/no\\\/produkt\\\/1-4-sekskant-5-12-nm-20v-batteridrevet-skrutrekker-qcp2p12q4\\\/#breadcrumb\",\"itemListElement\":[{\"@type\":\"ListItem\",\"position\":1,\"name\":\"Hjem\",\"item\":\"https:\\\/\\\/protech.nu\\\/no\\\/\"},{\"@type\":\"ListItem\",\"position\":2,\"name\":\"Tooted\",\"item\":\"https:\\\/\\\/protech.nu\\\/products\\\/\"},{\"@type\":\"ListItem\",\"position\":3,\"name\":\"1\\\/4&#8243; sekskant, 5-12 Nm, 20V batteridrevet skrutrekker QCP2P12Q4\"}]},{\"@type\":\"WebSite\",\"@id\":\"https:\\\/\\\/protech.nu\\\/no\\\/#website\",\"url\":\"https:\\\/\\\/protech.nu\\\/no\\\/\",\"name\":\"PROTECH\",\"description\":\"\",\"publisher\":{\"@id\":\"https:\\\/\\\/protech.nu\\\/no\\\/#organization\"},\"potentialAction\":[{\"@type\":\"SearchAction\",\"target\":{\"@type\":\"EntryPoint\",\"urlTemplate\":\"https:\\\/\\\/protech.nu\\\/no\\\/?s={search_term_string}\"},\"query-input\":{\"@type\":\"PropertyValueSpecification\",\"valueRequired\":true,\"valueName\":\"search_term_string\"}}],\"inLanguage\":\"nb-NO\"},{\"@type\":\"Organization\",\"@id\":\"https:\\\/\\\/protech.nu\\\/no\\\/#organization\",\"name\":\"MYPOWERTOOLSBOX\",\"alternateName\":\"ProTech\",\"url\":\"https:\\\/\\\/protech.nu\\\/no\\\/\",\"logo\":{\"@type\":\"ImageObject\",\"inLanguage\":\"nb-NO\",\"@id\":\"https:\\\/\\\/protech.nu\\\/no\\\/#\\\/schema\\\/logo\\\/image\\\/\",\"url\":\"https:\\\/\\\/2026.protech.nu\\\/wp-content\\\/uploads\\\/2026\\\/02\\\/ProTech.png\",\"contentUrl\":\"https:\\\/\\\/2026.protech.nu\\\/wp-content\\\/uploads\\\/2026\\\/02\\\/ProTech.png\",\"width\":1024,\"height\":1024,\"caption\":\"MYPOWERTOOLSBOX\"},\"image\":{\"@id\":\"https:\\\/\\\/protech.nu\\\/no\\\/#\\\/schema\\\/logo\\\/image\\\/\"},\"sameAs\":[\"https:\\\/\\\/www.facebook.com\\\/Protech.nu\\\/\",\"https:\\\/\\\/www.instagram.com\\\/protech_sweden\\\/\",\"https:\\\/\\\/www.linkedin.com\\\/company\\\/protech-professional-technologies-sweden-ab\\\/\",\"https:\\\/\\\/www.youtube.com\\\/@Protech_nu\"]}]}<\/script>\n<!-- \/ Yoast SEO plugin. -->","yoast_head_json":{"title":"Ingersoll Rand QCP2P12Q4 \u2013 5\u201312 Nm QC-serie skrutrekker med clutchmekanisme | Mypowertoolsbox","description":"Kj\u00f8p Ingersoll Rand QCP2P12Q4 QC-serie skrutrekker (5\u201312 Nm, M4\u2013M6) fra en offisiell forhandler i Estland. Presisjons clutchmekanisme, b\u00f8rstel\u00f8s motor, LED-ring (OK\/NOK) og st\u00f8tte for INSIGHT\u2122 Connect App.","robots":{"index":"index","follow":"follow","max-snippet":"max-snippet:-1","max-image-preview":"max-image-preview:large","max-video-preview":"max-video-preview:-1"},"canonical":"https:\/\/protech.nu\/no\/produkt\/1-4-sekskant-5-12-nm-20v-batteridrevet-skrutrekker-qcp2p12q4\/","og_locale":"nb_NO","og_type":"article","og_title":"Ingersoll Rand QCP2P12Q4 \u2013 5\u201312 Nm QC-serie skrutrekker med clutchmekanisme | Mypowertoolsbox","og_description":"Kj\u00f8p Ingersoll Rand QCP2P12Q4 QC-serie skrutrekker (5\u201312 Nm, M4\u2013M6) fra en offisiell forhandler i Estland. Presisjons clutchmekanisme, b\u00f8rstel\u00f8s motor, LED-ring (OK\/NOK) og st\u00f8tte for INSIGHT\u2122 Connect App.","og_url":"https:\/\/protech.nu\/no\/produkt\/1-4-sekskant-5-12-nm-20v-batteridrevet-skrutrekker-qcp2p12q4\/","og_site_name":"ProTech","article_publisher":"https:\/\/www.facebook.com\/Protech.nu\/","article_modified_time":"2025-11-21T15:47:49+00:00","og_image":[{"width":600,"height":600,"url":"https:\/\/protech.nu\/wp-content\/uploads\/2025\/08\/ingersoll-rand-qcp2p12q4-20v-siduriga-kruvikeeraja-mypowertoolsbox.jpg-.jpg","type":"image\/jpeg"}],"twitter_card":"summary_large_image","twitter_misc":{"Ansl. lesetid":"2 minutter"},"schema":{"@context":"https:\/\/schema.org","@graph":[{"@type":"WebPage","@id":"https:\/\/protech.nu\/no\/produkt\/1-4-sekskant-5-12-nm-20v-batteridrevet-skrutrekker-qcp2p12q4\/","url":"https:\/\/protech.nu\/no\/produkt\/1-4-sekskant-5-12-nm-20v-batteridrevet-skrutrekker-qcp2p12q4\/","name":"Ingersoll Rand QCP2P12Q4 \u2013 5\u201312 Nm QC-serie skrutrekker med clutchmekanisme | Mypowertoolsbox","isPartOf":{"@id":"https:\/\/protech.nu\/no\/#website"},"primaryImageOfPage":{"@id":"https:\/\/protech.nu\/no\/produkt\/1-4-sekskant-5-12-nm-20v-batteridrevet-skrutrekker-qcp2p12q4\/#primaryimage"},"image":{"@id":"https:\/\/protech.nu\/no\/produkt\/1-4-sekskant-5-12-nm-20v-batteridrevet-skrutrekker-qcp2p12q4\/#primaryimage"},"thumbnailUrl":"https:\/\/protech.nu\/wp-content\/uploads\/2025\/08\/ingersoll-rand-qcp2p12q4-20v-siduriga-kruvikeeraja-mypowertoolsbox.jpg-.jpg","datePublished":"2025-08-21T16:51:19+00:00","dateModified":"2025-11-21T15:47:49+00:00","description":"Kj\u00f8p Ingersoll Rand QCP2P12Q4 QC-serie skrutrekker (5\u201312 Nm, M4\u2013M6) fra en offisiell forhandler i Estland. Presisjons clutchmekanisme, b\u00f8rstel\u00f8s motor, LED-ring (OK\/NOK) og st\u00f8tte for INSIGHT\u2122 Connect App.","breadcrumb":{"@id":"https:\/\/protech.nu\/no\/produkt\/1-4-sekskant-5-12-nm-20v-batteridrevet-skrutrekker-qcp2p12q4\/#breadcrumb"},"inLanguage":"nb-NO","potentialAction":[{"@type":"ReadAction","target":["https:\/\/protech.nu\/no\/produkt\/1-4-sekskant-5-12-nm-20v-batteridrevet-skrutrekker-qcp2p12q4\/"]}]},{"@type":"ImageObject","inLanguage":"nb-NO","@id":"https:\/\/protech.nu\/no\/produkt\/1-4-sekskant-5-12-nm-20v-batteridrevet-skrutrekker-qcp2p12q4\/#primaryimage","url":"https:\/\/protech.nu\/wp-content\/uploads\/2025\/08\/ingersoll-rand-qcp2p12q4-20v-siduriga-kruvikeeraja-mypowertoolsbox.jpg-.jpg","contentUrl":"https:\/\/protech.nu\/wp-content\/uploads\/2025\/08\/ingersoll-rand-qcp2p12q4-20v-siduriga-kruvikeeraja-mypowertoolsbox.jpg-.jpg","width":600,"height":600,"caption":"QCP2P12Q4 \u2013 20V tr\u00e5dl\u00f8s skrutrekker med clutch, med \u00b110% n\u00f8yaktighet. Tilgjengelig fra Mypowertoolsbox i Estland, Latvia, Litauen og Finland."},{"@type":"BreadcrumbList","@id":"https:\/\/protech.nu\/no\/produkt\/1-4-sekskant-5-12-nm-20v-batteridrevet-skrutrekker-qcp2p12q4\/#breadcrumb","itemListElement":[{"@type":"ListItem","position":1,"name":"Hjem","item":"https:\/\/protech.nu\/no\/"},{"@type":"ListItem","position":2,"name":"Tooted","item":"https:\/\/protech.nu\/products\/"},{"@type":"ListItem","position":3,"name":"1\/4&#8243; sekskant, 5-12 Nm, 20V batteridrevet skrutrekker QCP2P12Q4"}]},{"@type":"WebSite","@id":"https:\/\/protech.nu\/no\/#website","url":"https:\/\/protech.nu\/no\/","name":"PROTECH","description":"","publisher":{"@id":"https:\/\/protech.nu\/no\/#organization"},"potentialAction":[{"@type":"SearchAction","target":{"@type":"EntryPoint","urlTemplate":"https:\/\/protech.nu\/no\/?s={search_term_string}"},"query-input":{"@type":"PropertyValueSpecification","valueRequired":true,"valueName":"search_term_string"}}],"inLanguage":"nb-NO"},{"@type":"Organization","@id":"https:\/\/protech.nu\/no\/#organization","name":"MYPOWERTOOLSBOX","alternateName":"ProTech","url":"https:\/\/protech.nu\/no\/","logo":{"@type":"ImageObject","inLanguage":"nb-NO","@id":"https:\/\/protech.nu\/no\/#\/schema\/logo\/image\/","url":"https:\/\/2026.protech.nu\/wp-content\/uploads\/2026\/02\/ProTech.png","contentUrl":"https:\/\/2026.protech.nu\/wp-content\/uploads\/2026\/02\/ProTech.png","width":1024,"height":1024,"caption":"MYPOWERTOOLSBOX"},"image":{"@id":"https:\/\/protech.nu\/no\/#\/schema\/logo\/image\/"},"sameAs":["https:\/\/www.facebook.com\/Protech.nu\/","https:\/\/www.instagram.com\/protech_sweden\/","https:\/\/www.linkedin.com\/company\/protech-professional-technologies-sweden-ab\/","https:\/\/www.youtube.com\/@Protech_nu"]}]}},"_links":{"self":[{"href":"https:\/\/protech.nu\/no\/wp-json\/wp\/v2\/product\/1130","targetHints":{"allow":["GET"]}}],"collection":[{"href":"https:\/\/protech.nu\/no\/wp-json\/wp\/v2\/product"}],"about":[{"href":"https:\/\/protech.nu\/no\/wp-json\/wp\/v2\/types\/product"}],"replies":[{"embeddable":true,"href":"https:\/\/protech.nu\/no\/wp-json\/wp\/v2\/comments?post=1130"}],"wp:featuredmedia":[{"embeddable":true,"href":"https:\/\/protech.nu\/no\/wp-json\/wp\/v2\/media\/1140"}],"wp:attachment":[{"href":"https:\/\/protech.nu\/no\/wp-json\/wp\/v2\/media?parent=1130"}],"wp:term":[{"taxonomy":"product_brand","embeddable":true,"href":"https:\/\/protech.nu\/no\/wp-json\/wp\/v2\/product_brand?post=1130"},{"taxonomy":"product_cat","embeddable":true,"href":"https:\/\/protech.nu\/no\/wp-json\/wp\/v2\/product_cat?post=1130"},{"taxonomy":"product_tag","embeddable":true,"href":"https:\/\/protech.nu\/no\/wp-json\/wp\/v2\/product_tag?post=1130"}],"curies":[{"name":"wp","href":"https:\/\/api.w.org\/{rel}","templated":true}]}}