{"id":3027,"date":"2025-11-13T20:04:03","date_gmt":"2025-11-13T20:04:03","guid":{"rendered":"https:\/\/protech.nu\/toode\/ngersoll-rand-w5133-k22a-eu-3-8%e2%80%b3-745-nm-iqv20-batteridrevet-muttertrekker-sett-2-5-ah-5-0-ah-batterier-lader-og-koffert\/"},"modified":"2025-12-01T23:12:59","modified_gmt":"2025-12-01T23:12:59","slug":"ngersoll-rand-w5133-k22a-eu-3-8%e2%80%b3-745-nm-iqv20-batteridrevet-muttertrekker-sett-2-5-ah-5-0-ah-batterier-lader-og-koffert","status":"publish","type":"product","link":"https:\/\/protech.nu\/no\/produkt\/ngersoll-rand-w5133-k22a-eu-3-8%e2%80%b3-745-nm-iqv20-batteridrevet-muttertrekker-sett-2-5-ah-5-0-ah-batterier-lader-og-koffert\/","title":{"rendered":"ngersoll Rand W5133-K22A-EU \u2013 3\/8\u2033, 745 Nm IQV20\u2122 batteridrevet muttertrekker sett (2.5 Ah + 5.0 Ah batterier, lader og koffert)"},"content":{"rendered":"<p>W5153 er en kraftig, men kompakt batteridrevet muttertrekker utviklet for p\u00e5litelighet og allsidighet. Med det intelligente <strong>IQV\u00ae Power Control System<\/strong> har verkt\u00f8yet fire driftsmoduser (Max, Mid, Wrench Tight, Hand Tight), som gj\u00f8r det mulig \u00e5 utf\u00f8re et bredt spekter av oppgaver med ett og samme verkt\u00f8y. Den b\u00f8rstel\u00f8se motoren, girkassen i metall og den st\u00e5lforsterkede rammen sikrer lang levetid selv under krevende forhold.<\/p>\n<p><strong>Tekniske spesifikasjoner:<\/strong><\/p>\n<ul>\n<li>\n<p>Feste: 3\/8\u2033 firkant<\/p>\n<\/li>\n<li>\n<p>L\u00f8sningsmoment: 745 Nm<\/p>\n<\/li>\n<li>\n<p>Tiltrekkingsmoment: 495 Nm<\/p>\n<\/li>\n<li>\n<p>Hastighet uten belastning: 2100 o\/min<\/p>\n<\/li>\n<li>\n<p>Slagtall: 3300 slag\/min<\/p>\n<\/li>\n<li>\n<p>Vekt uten batteri: 2,0 kg<\/p>\n<\/li>\n<li>\n<p>Vekt med batteri: 2,4 kg<\/p>\n<\/li>\n<li>\n<p>Lengde: 183 mm<\/p>\n<\/li>\n<li>\n<p>Belysning: 360\u00b0 LED<\/p>\n<\/li>\n<\/ul>\n<p><strong>Last ned IQV20\u2122 produktkatalogen:<\/strong><\/p>\n<p><a href=\"https:\/\/protech.nu\/wp-content\/uploads\/2025\/10\/ingersoll-rand-iqv20-akutooriistad-kataloog-2025.pdf\">IQV20\u2122 katalog for batteriverkt\u00f8y \u2013 kraft og p\u00e5litelighet uten ledning<\/a><\/p>\n<p><a href=\"https:\/\/protech.nu\/wp-content\/uploads\/2025\/09\/ingersoll-rand-iqv20-cordless-tools-catalog.pdf\">Ingersoll Rand IQV20 Cordless Tools | Impact Wrenches, Drills &#038; Drivers<\/a><\/p>\n<p>&nbsp;<\/p>\n","protected":false},"excerpt":{"rendered":"<p class=\"p1\"><b>Ingersoll Rand W5153 3\/8\u2033 IQV20\u2122 batteridrevet muttertrekker<\/b><span class=\"s1\"> leverer <\/span><b>smart ytelse og presis kontroll<\/b><span class=\"s1\"> takket v\u00e6re <\/span><b>IQV\u00ae Power Control System<\/b><span class=\"s1\"> med fire moduser: Max, Mid, Wrench Tight og Hand Tight.<\/span><\/p>\n<p class=\"p2\"><span class=\"s2\"><b>B\u00f8rstel\u00f8s motor<\/b><\/span>, <span class=\"s2\"><b>girkasse i metall<\/b><\/span> og <span class=\"s2\"><b>st\u00e5lforsterket ramme<\/b><\/span> sikrer lang levetid selv i sv\u00e6rt krevende arbeidsmilj\u00f8er.<\/p>\n<p class=\"p1\"><span class=\"s1\">S\u00e6ttet inkluderer <\/span><b>to batterier (2.5 Ah + 5.0 Ah)<\/b><span class=\"s1\">, <\/span><b>lader<\/b><span class=\"s1\"> og <\/span><b>koffert<\/b><span class=\"s1\">.<\/span><\/p>\n<p class=\"p1\"><b>Perfekt for t\u00f8ffe forhold i Norden og Baltikum \u2013 kraft, presisjon og holdbarhet i \u00e9n pakke.<\/b><\/p>\n[video width=\"1920\" height=\"1080\" mp4=\"https:\/\/protech.nu\/wp-content\/uploads\/2025\/08\/W5133-20V-3-8-Compact-Impact-Wrench.mp4\"][\/video]\n","protected":false},"featured_media":3026,"comment_status":"open","ping_status":"closed","template":"","meta":{"_acf_changed":false,"_monsterinsights_skip_tracking":false,"_monsterinsights_sitenote_active":false,"_monsterinsights_sitenote_note":"","_monsterinsights_sitenote_category":0,"_themeisle_gutenberg_block_has_review":false},"product_brand":[],"product_cat":[131,130],"product_tag":[],"class_list":{"0":"post-3027","1":"product","2":"type-product","3":"status-publish","4":"has-post-thumbnail","6":"product_cat-ingersoll-rand-tradlose-slagtrekkere-og-skrutrekkere","7":"product_cat-ingersoll-rand-iqv20-series","9":"first","10":"instock","11":"taxable","12":"shipping-taxable","13":"purchasable","14":"product-type-simple"},"acf":[],"yoast_head":"<!-- This site is optimized with the Yoast SEO plugin v27.5 - https:\/\/yoast.com\/product\/yoast-seo-wordpress\/ -->\n<title>Ingersoll Rand W5133-K22A-EU | 3\/8\u2033 745 Nm IQV20\u2122 batteridrevet muttertrekker sett<\/title>\n<meta name=\"description\" content=\"Ingersoll Rand W5133-K22A-EU \u2013 3\/8\u2033, 745 Nm IQV20\u2122 batteridrevet muttertrekker sett med 2.5 Ah og 5.0 Ah batterier, lader og solid koffert. Ideelt for bilverksteder, industrielt vedlikehold og krevende festearbeid. Rask levering til Norge, Sverige, Finland og Baltikum.\" \/>\n<meta name=\"robots\" content=\"index, follow, max-snippet:-1, max-image-preview:large, max-video-preview:-1\" \/>\n<link rel=\"canonical\" href=\"https:\/\/protech.nu\/no\/produkt\/ngersoll-rand-w5133-k22a-eu-3-8%e2%80%b3-745-nm-iqv20-batteridrevet-muttertrekker-sett-2-5-ah-5-0-ah-batterier-lader-og-koffert\/\" \/>\n<meta property=\"og:locale\" content=\"nb_NO\" \/>\n<meta property=\"og:type\" content=\"article\" \/>\n<meta property=\"og:title\" content=\"Ingersoll Rand W5133-K22A-EU | 3\/8\u2033 745 Nm IQV20\u2122 batteridrevet muttertrekker sett\" \/>\n<meta property=\"og:description\" content=\"Ingersoll Rand W5133-K22A-EU \u2013 3\/8\u2033, 745 Nm IQV20\u2122 batteridrevet muttertrekker sett med 2.5 Ah og 5.0 Ah batterier, lader og solid koffert. Ideelt for bilverksteder, industrielt vedlikehold og krevende festearbeid. Rask levering til Norge, Sverige, Finland og Baltikum.\" \/>\n<meta property=\"og:url\" content=\"https:\/\/protech.nu\/no\/produkt\/ngersoll-rand-w5133-k22a-eu-3-8%e2%80%b3-745-nm-iqv20-batteridrevet-muttertrekker-sett-2-5-ah-5-0-ah-batterier-lader-og-koffert\/\" \/>\n<meta property=\"og:site_name\" content=\"ProTech\" \/>\n<meta property=\"article:publisher\" content=\"https:\/\/www.facebook.com\/Protech.nu\/\" \/>\n<meta property=\"article:modified_time\" content=\"2025-12-01T23:12:59+00:00\" \/>\n<meta property=\"og:image\" content=\"https:\/\/protech.nu\/wp-content\/uploads\/2025\/11\/ingersoll-rand-w5133-k22a-eu-aku-lookmutrikeeraja-komplekt.jpg\" \/>\n\t<meta property=\"og:image:width\" content=\"600\" \/>\n\t<meta property=\"og:image:height\" content=\"600\" \/>\n\t<meta property=\"og:image:type\" content=\"image\/jpeg\" \/>\n<meta name=\"twitter:card\" content=\"summary_large_image\" \/>\n<meta name=\"twitter:label1\" content=\"Ansl. lesetid\" \/>\n\t<meta name=\"twitter:data1\" content=\"1 minutt\" \/>\n<script type=\"application\/ld+json\" class=\"yoast-schema-graph\">{\"@context\":\"https:\\\/\\\/schema.org\",\"@graph\":[{\"@type\":\"WebPage\",\"@id\":\"https:\\\/\\\/protech.nu\\\/no\\\/produkt\\\/ngersoll-rand-w5133-k22a-eu-3-8%e2%80%b3-745-nm-iqv20-batteridrevet-muttertrekker-sett-2-5-ah-5-0-ah-batterier-lader-og-koffert\\\/\",\"url\":\"https:\\\/\\\/protech.nu\\\/no\\\/produkt\\\/ngersoll-rand-w5133-k22a-eu-3-8%e2%80%b3-745-nm-iqv20-batteridrevet-muttertrekker-sett-2-5-ah-5-0-ah-batterier-lader-og-koffert\\\/\",\"name\":\"Ingersoll Rand W5133-K22A-EU | 3\\\/8\u2033 745 Nm IQV20\u2122 batteridrevet muttertrekker sett\",\"isPartOf\":{\"@id\":\"https:\\\/\\\/protech.nu\\\/no\\\/#website\"},\"primaryImageOfPage\":{\"@id\":\"https:\\\/\\\/protech.nu\\\/no\\\/produkt\\\/ngersoll-rand-w5133-k22a-eu-3-8%e2%80%b3-745-nm-iqv20-batteridrevet-muttertrekker-sett-2-5-ah-5-0-ah-batterier-lader-og-koffert\\\/#primaryimage\"},\"image\":{\"@id\":\"https:\\\/\\\/protech.nu\\\/no\\\/produkt\\\/ngersoll-rand-w5133-k22a-eu-3-8%e2%80%b3-745-nm-iqv20-batteridrevet-muttertrekker-sett-2-5-ah-5-0-ah-batterier-lader-og-koffert\\\/#primaryimage\"},\"thumbnailUrl\":\"https:\\\/\\\/protech.nu\\\/wp-content\\\/uploads\\\/2025\\\/11\\\/ingersoll-rand-w5133-k22a-eu-aku-lookmutrikeeraja-komplekt.jpg\",\"datePublished\":\"2025-11-13T20:04:03+00:00\",\"dateModified\":\"2025-12-01T23:12:59+00:00\",\"description\":\"Ingersoll Rand W5133-K22A-EU \u2013 3\\\/8\u2033, 745 Nm IQV20\u2122 batteridrevet muttertrekker sett med 2.5 Ah og 5.0 Ah batterier, lader og solid koffert. Ideelt for bilverksteder, industrielt vedlikehold og krevende festearbeid. Rask levering til Norge, Sverige, Finland og Baltikum.\",\"breadcrumb\":{\"@id\":\"https:\\\/\\\/protech.nu\\\/no\\\/produkt\\\/ngersoll-rand-w5133-k22a-eu-3-8%e2%80%b3-745-nm-iqv20-batteridrevet-muttertrekker-sett-2-5-ah-5-0-ah-batterier-lader-og-koffert\\\/#breadcrumb\"},\"inLanguage\":\"nb-NO\",\"potentialAction\":[{\"@type\":\"ReadAction\",\"target\":[\"https:\\\/\\\/protech.nu\\\/no\\\/produkt\\\/ngersoll-rand-w5133-k22a-eu-3-8%e2%80%b3-745-nm-iqv20-batteridrevet-muttertrekker-sett-2-5-ah-5-0-ah-batterier-lader-og-koffert\\\/\"]}]},{\"@type\":\"ImageObject\",\"inLanguage\":\"nb-NO\",\"@id\":\"https:\\\/\\\/protech.nu\\\/no\\\/produkt\\\/ngersoll-rand-w5133-k22a-eu-3-8%e2%80%b3-745-nm-iqv20-batteridrevet-muttertrekker-sett-2-5-ah-5-0-ah-batterier-lader-og-koffert\\\/#primaryimage\",\"url\":\"https:\\\/\\\/protech.nu\\\/wp-content\\\/uploads\\\/2025\\\/11\\\/ingersoll-rand-w5133-k22a-eu-aku-lookmutrikeeraja-komplekt.jpg\",\"contentUrl\":\"https:\\\/\\\/protech.nu\\\/wp-content\\\/uploads\\\/2025\\\/11\\\/ingersoll-rand-w5133-k22a-eu-aku-lookmutrikeeraja-komplekt.jpg\",\"width\":600,\"height\":600,\"caption\":\"Ingersoll Rand W5133-K22A-EU \u2013 3\\\/8\u2033, 745 Nm IQV20\u2122 batteridrevet muttertrekker sett (2.5 Ah + 5.0 Ah batterier, lader og koffert)\"},{\"@type\":\"BreadcrumbList\",\"@id\":\"https:\\\/\\\/protech.nu\\\/no\\\/produkt\\\/ngersoll-rand-w5133-k22a-eu-3-8%e2%80%b3-745-nm-iqv20-batteridrevet-muttertrekker-sett-2-5-ah-5-0-ah-batterier-lader-og-koffert\\\/#breadcrumb\",\"itemListElement\":[{\"@type\":\"ListItem\",\"position\":1,\"name\":\"Hjem\",\"item\":\"https:\\\/\\\/protech.nu\\\/no\\\/\"},{\"@type\":\"ListItem\",\"position\":2,\"name\":\"Tooted\",\"item\":\"https:\\\/\\\/protech.nu\\\/products\\\/\"},{\"@type\":\"ListItem\",\"position\":3,\"name\":\"ngersoll Rand W5133-K22A-EU \u2013 3\\\/8\u2033, 745 Nm IQV20\u2122 batteridrevet muttertrekker sett (2.5 Ah + 5.0 Ah batterier, lader og koffert)\"}]},{\"@type\":\"WebSite\",\"@id\":\"https:\\\/\\\/protech.nu\\\/no\\\/#website\",\"url\":\"https:\\\/\\\/protech.nu\\\/no\\\/\",\"name\":\"PROTECH\",\"description\":\"\",\"publisher\":{\"@id\":\"https:\\\/\\\/protech.nu\\\/no\\\/#organization\"},\"potentialAction\":[{\"@type\":\"SearchAction\",\"target\":{\"@type\":\"EntryPoint\",\"urlTemplate\":\"https:\\\/\\\/protech.nu\\\/no\\\/?s={search_term_string}\"},\"query-input\":{\"@type\":\"PropertyValueSpecification\",\"valueRequired\":true,\"valueName\":\"search_term_string\"}}],\"inLanguage\":\"nb-NO\"},{\"@type\":\"Organization\",\"@id\":\"https:\\\/\\\/protech.nu\\\/no\\\/#organization\",\"name\":\"MYPOWERTOOLSBOX\",\"alternateName\":\"ProTech\",\"url\":\"https:\\\/\\\/protech.nu\\\/no\\\/\",\"logo\":{\"@type\":\"ImageObject\",\"inLanguage\":\"nb-NO\",\"@id\":\"https:\\\/\\\/protech.nu\\\/no\\\/#\\\/schema\\\/logo\\\/image\\\/\",\"url\":\"https:\\\/\\\/2026.protech.nu\\\/wp-content\\\/uploads\\\/2026\\\/02\\\/ProTech.png\",\"contentUrl\":\"https:\\\/\\\/2026.protech.nu\\\/wp-content\\\/uploads\\\/2026\\\/02\\\/ProTech.png\",\"width\":1024,\"height\":1024,\"caption\":\"MYPOWERTOOLSBOX\"},\"image\":{\"@id\":\"https:\\\/\\\/protech.nu\\\/no\\\/#\\\/schema\\\/logo\\\/image\\\/\"},\"sameAs\":[\"https:\\\/\\\/www.facebook.com\\\/Protech.nu\\\/\",\"https:\\\/\\\/www.instagram.com\\\/protech_sweden\\\/\",\"https:\\\/\\\/www.linkedin.com\\\/company\\\/protech-professional-technologies-sweden-ab\\\/\",\"https:\\\/\\\/www.youtube.com\\\/@Protech_nu\"]}]}<\/script>\n<!-- \/ Yoast SEO plugin. -->","yoast_head_json":{"title":"Ingersoll Rand W5133-K22A-EU | 3\/8\u2033 745 Nm IQV20\u2122 batteridrevet muttertrekker sett","description":"Ingersoll Rand W5133-K22A-EU \u2013 3\/8\u2033, 745 Nm IQV20\u2122 batteridrevet muttertrekker sett med 2.5 Ah og 5.0 Ah batterier, lader og solid koffert. Ideelt for bilverksteder, industrielt vedlikehold og krevende festearbeid. Rask levering til Norge, Sverige, Finland og Baltikum.","robots":{"index":"index","follow":"follow","max-snippet":"max-snippet:-1","max-image-preview":"max-image-preview:large","max-video-preview":"max-video-preview:-1"},"canonical":"https:\/\/protech.nu\/no\/produkt\/ngersoll-rand-w5133-k22a-eu-3-8%e2%80%b3-745-nm-iqv20-batteridrevet-muttertrekker-sett-2-5-ah-5-0-ah-batterier-lader-og-koffert\/","og_locale":"nb_NO","og_type":"article","og_title":"Ingersoll Rand W5133-K22A-EU | 3\/8\u2033 745 Nm IQV20\u2122 batteridrevet muttertrekker sett","og_description":"Ingersoll Rand W5133-K22A-EU \u2013 3\/8\u2033, 745 Nm IQV20\u2122 batteridrevet muttertrekker sett med 2.5 Ah og 5.0 Ah batterier, lader og solid koffert. Ideelt for bilverksteder, industrielt vedlikehold og krevende festearbeid. Rask levering til Norge, Sverige, Finland og Baltikum.","og_url":"https:\/\/protech.nu\/no\/produkt\/ngersoll-rand-w5133-k22a-eu-3-8%e2%80%b3-745-nm-iqv20-batteridrevet-muttertrekker-sett-2-5-ah-5-0-ah-batterier-lader-og-koffert\/","og_site_name":"ProTech","article_publisher":"https:\/\/www.facebook.com\/Protech.nu\/","article_modified_time":"2025-12-01T23:12:59+00:00","og_image":[{"width":600,"height":600,"url":"https:\/\/protech.nu\/wp-content\/uploads\/2025\/11\/ingersoll-rand-w5133-k22a-eu-aku-lookmutrikeeraja-komplekt.jpg","type":"image\/jpeg"}],"twitter_card":"summary_large_image","twitter_misc":{"Ansl. lesetid":"1 minutt"},"schema":{"@context":"https:\/\/schema.org","@graph":[{"@type":"WebPage","@id":"https:\/\/protech.nu\/no\/produkt\/ngersoll-rand-w5133-k22a-eu-3-8%e2%80%b3-745-nm-iqv20-batteridrevet-muttertrekker-sett-2-5-ah-5-0-ah-batterier-lader-og-koffert\/","url":"https:\/\/protech.nu\/no\/produkt\/ngersoll-rand-w5133-k22a-eu-3-8%e2%80%b3-745-nm-iqv20-batteridrevet-muttertrekker-sett-2-5-ah-5-0-ah-batterier-lader-og-koffert\/","name":"Ingersoll Rand W5133-K22A-EU | 3\/8\u2033 745 Nm IQV20\u2122 batteridrevet muttertrekker sett","isPartOf":{"@id":"https:\/\/protech.nu\/no\/#website"},"primaryImageOfPage":{"@id":"https:\/\/protech.nu\/no\/produkt\/ngersoll-rand-w5133-k22a-eu-3-8%e2%80%b3-745-nm-iqv20-batteridrevet-muttertrekker-sett-2-5-ah-5-0-ah-batterier-lader-og-koffert\/#primaryimage"},"image":{"@id":"https:\/\/protech.nu\/no\/produkt\/ngersoll-rand-w5133-k22a-eu-3-8%e2%80%b3-745-nm-iqv20-batteridrevet-muttertrekker-sett-2-5-ah-5-0-ah-batterier-lader-og-koffert\/#primaryimage"},"thumbnailUrl":"https:\/\/protech.nu\/wp-content\/uploads\/2025\/11\/ingersoll-rand-w5133-k22a-eu-aku-lookmutrikeeraja-komplekt.jpg","datePublished":"2025-11-13T20:04:03+00:00","dateModified":"2025-12-01T23:12:59+00:00","description":"Ingersoll Rand W5133-K22A-EU \u2013 3\/8\u2033, 745 Nm IQV20\u2122 batteridrevet muttertrekker sett med 2.5 Ah og 5.0 Ah batterier, lader og solid koffert. Ideelt for bilverksteder, industrielt vedlikehold og krevende festearbeid. Rask levering til Norge, Sverige, Finland og Baltikum.","breadcrumb":{"@id":"https:\/\/protech.nu\/no\/produkt\/ngersoll-rand-w5133-k22a-eu-3-8%e2%80%b3-745-nm-iqv20-batteridrevet-muttertrekker-sett-2-5-ah-5-0-ah-batterier-lader-og-koffert\/#breadcrumb"},"inLanguage":"nb-NO","potentialAction":[{"@type":"ReadAction","target":["https:\/\/protech.nu\/no\/produkt\/ngersoll-rand-w5133-k22a-eu-3-8%e2%80%b3-745-nm-iqv20-batteridrevet-muttertrekker-sett-2-5-ah-5-0-ah-batterier-lader-og-koffert\/"]}]},{"@type":"ImageObject","inLanguage":"nb-NO","@id":"https:\/\/protech.nu\/no\/produkt\/ngersoll-rand-w5133-k22a-eu-3-8%e2%80%b3-745-nm-iqv20-batteridrevet-muttertrekker-sett-2-5-ah-5-0-ah-batterier-lader-og-koffert\/#primaryimage","url":"https:\/\/protech.nu\/wp-content\/uploads\/2025\/11\/ingersoll-rand-w5133-k22a-eu-aku-lookmutrikeeraja-komplekt.jpg","contentUrl":"https:\/\/protech.nu\/wp-content\/uploads\/2025\/11\/ingersoll-rand-w5133-k22a-eu-aku-lookmutrikeeraja-komplekt.jpg","width":600,"height":600,"caption":"Ingersoll Rand W5133-K22A-EU \u2013 3\/8\u2033, 745 Nm IQV20\u2122 batteridrevet muttertrekker sett (2.5 Ah + 5.0 Ah batterier, lader og koffert)"},{"@type":"BreadcrumbList","@id":"https:\/\/protech.nu\/no\/produkt\/ngersoll-rand-w5133-k22a-eu-3-8%e2%80%b3-745-nm-iqv20-batteridrevet-muttertrekker-sett-2-5-ah-5-0-ah-batterier-lader-og-koffert\/#breadcrumb","itemListElement":[{"@type":"ListItem","position":1,"name":"Hjem","item":"https:\/\/protech.nu\/no\/"},{"@type":"ListItem","position":2,"name":"Tooted","item":"https:\/\/protech.nu\/products\/"},{"@type":"ListItem","position":3,"name":"ngersoll Rand W5133-K22A-EU \u2013 3\/8\u2033, 745 Nm IQV20\u2122 batteridrevet muttertrekker sett (2.5 Ah + 5.0 Ah batterier, lader og koffert)"}]},{"@type":"WebSite","@id":"https:\/\/protech.nu\/no\/#website","url":"https:\/\/protech.nu\/no\/","name":"PROTECH","description":"","publisher":{"@id":"https:\/\/protech.nu\/no\/#organization"},"potentialAction":[{"@type":"SearchAction","target":{"@type":"EntryPoint","urlTemplate":"https:\/\/protech.nu\/no\/?s={search_term_string}"},"query-input":{"@type":"PropertyValueSpecification","valueRequired":true,"valueName":"search_term_string"}}],"inLanguage":"nb-NO"},{"@type":"Organization","@id":"https:\/\/protech.nu\/no\/#organization","name":"MYPOWERTOOLSBOX","alternateName":"ProTech","url":"https:\/\/protech.nu\/no\/","logo":{"@type":"ImageObject","inLanguage":"nb-NO","@id":"https:\/\/protech.nu\/no\/#\/schema\/logo\/image\/","url":"https:\/\/2026.protech.nu\/wp-content\/uploads\/2026\/02\/ProTech.png","contentUrl":"https:\/\/2026.protech.nu\/wp-content\/uploads\/2026\/02\/ProTech.png","width":1024,"height":1024,"caption":"MYPOWERTOOLSBOX"},"image":{"@id":"https:\/\/protech.nu\/no\/#\/schema\/logo\/image\/"},"sameAs":["https:\/\/www.facebook.com\/Protech.nu\/","https:\/\/www.instagram.com\/protech_sweden\/","https:\/\/www.linkedin.com\/company\/protech-professional-technologies-sweden-ab\/","https:\/\/www.youtube.com\/@Protech_nu"]}]}},"_links":{"self":[{"href":"https:\/\/protech.nu\/no\/wp-json\/wp\/v2\/product\/3027","targetHints":{"allow":["GET"]}}],"collection":[{"href":"https:\/\/protech.nu\/no\/wp-json\/wp\/v2\/product"}],"about":[{"href":"https:\/\/protech.nu\/no\/wp-json\/wp\/v2\/types\/product"}],"replies":[{"embeddable":true,"href":"https:\/\/protech.nu\/no\/wp-json\/wp\/v2\/comments?post=3027"}],"wp:featuredmedia":[{"embeddable":true,"href":"https:\/\/protech.nu\/no\/wp-json\/wp\/v2\/media\/3026"}],"wp:attachment":[{"href":"https:\/\/protech.nu\/no\/wp-json\/wp\/v2\/media?parent=3027"}],"wp:term":[{"taxonomy":"product_brand","embeddable":true,"href":"https:\/\/protech.nu\/no\/wp-json\/wp\/v2\/product_brand?post=3027"},{"taxonomy":"product_cat","embeddable":true,"href":"https:\/\/protech.nu\/no\/wp-json\/wp\/v2\/product_cat?post=3027"},{"taxonomy":"product_tag","embeddable":true,"href":"https:\/\/protech.nu\/no\/wp-json\/wp\/v2\/product_tag?post=3027"}],"curies":[{"name":"wp","href":"https:\/\/api.w.org\/{rel}","templated":true}]}}