{"id":3782,"date":"2025-11-27T23:31:57","date_gmt":"2025-11-27T23:31:57","guid":{"rendered":"https:\/\/protech.nu\/?post_type=product&#038;p=3782"},"modified":"2026-01-01T01:28:12","modified_gmt":"2026-01-01T01:28:12","slug":"ingersoll-rand-w9491-1%e2%80%b3-3500-nm-iqv20-batteridrevet-muttertrekker-kun-verktoy-copy","status":"publish","type":"product","link":"https:\/\/protech.nu\/no\/produkt\/ingersoll-rand-w9491-1%e2%80%b3-3500-nm-iqv20-batteridrevet-muttertrekker-kun-verktoy-copy\/","title":{"rendered":"Ingersoll Rand W9691 \u2013 1\u2033 \u00d7 6\u2033, 4000 Nm IQV20\u2122 batteridrevet muttertrekker (Kun verkt\u00f8y)"},"content":{"rendered":"<p>W9691 l\u00f8fter Ingersoll Rands batteriserie til et nytt niv\u00e5 og leverer ytelse som overg\u00e5r mange pneumatiske alternativer. Denne 1&#8243; \u00d7 6&#8243; muttertrekkeren leverer opptil 4000 Nm l\u00f8snemoment og 3000 Nm tiltrekkingsmoment, noe som gj\u00f8r den egnet for arbeid med store bolter og festemidler innen tungtransport, jernbane, maritim industri og industrielt vedlikehold. Den b\u00f8rstel\u00f8se motoren og det robuste huset sikrer driftssikkerhet selv under ekstreme arbeidsforhold.<\/p>\n<p><strong>Tekniske spesifikasjoner:<\/strong><\/p>\n<ul>\n<li>Firkantfeste \/ tapp: 1&#8243; firkant, 6&#8243; lengde<\/li>\n<li>L\u00f8snemoment: opptil 4000 Nm<\/li>\n<li>Tiltrekkingsmoment: opptil 3000 Nm<\/li>\n<li>Turtall uten belastning: 890 o\/min<\/li>\n<li>Slagtall: 1170 slag\/min<\/li>\n<li>Vekt med batteri: 13,2 kg (med 5.0 Ah batteri)<\/li>\n<li>Lengde: 663 mm<\/li>\n<li>Belysning: ingen<\/li>\n<\/ul>\n<p><strong>Last ned IQV20\u2122 produktkatalogen:<\/strong><\/p>\n<div style=\"margin: 0 0 10px 0;\"><a style=\"display: inline-block; background: #E14A2D; color: #ffffff; padding: 12px 20px; border-radius: 4px; text-decoration: none; font-weight: 600;\" href=\"https:\/\/protech.nu\/wp-content\/uploads\/2025\/09\/ingersoll-rand-iqv20-cordless-tools-catalog.pdf\">Ingersoll Rand IQV20 Cordless Tools | Impact Wrenches, Drills &amp; Drivers<br \/>\n<\/a><\/div>\n","protected":false},"excerpt":{"rendered":"<p>Ingersoll Rand W9691 er en 1&#8243; \u00d7 6&#8243; batteridrevet muttertrekker med opptil 400 Nm l\u00f8snemoment og 3000 Nm tiltrekkingsmoment. Verkt\u00f8yet veier 13,2 kg med batteri og har 360\u00b0 LED-arbeidslys \u2013 bygget for de t\u00f8ffeste industrielle og vedlikeholdsoppgavene.<\/p>\n[video width=\"1920\" height=\"1012\" mp4=\"https:\/\/protech.nu\/wp-content\/uploads\/2025\/08\/Worlds-Most-Powerful-20V-1-Cordless-Impact-Wrench-W9691-W9491.mp4\"][\/video]\n","protected":false},"featured_media":3792,"comment_status":"open","ping_status":"closed","template":"","meta":{"_acf_changed":false,"_monsterinsights_skip_tracking":false,"_monsterinsights_sitenote_active":false,"_monsterinsights_sitenote_note":"","_monsterinsights_sitenote_category":0,"_themeisle_gutenberg_block_has_review":false},"product_brand":[],"product_cat":[131,130],"product_tag":[],"class_list":{"0":"post-3782","1":"product","2":"type-product","3":"status-publish","4":"has-post-thumbnail","6":"product_cat-ingersoll-rand-tradlose-slagtrekkere-og-skrutrekkere","7":"product_cat-ingersoll-rand-iqv20-series","8":"pa_pikkus-mm-1566","10":"first","11":"instock","12":"taxable","13":"shipping-taxable","14":"purchasable","15":"product-type-simple"},"acf":[],"yoast_head":"<!-- This site is optimized with the Yoast SEO plugin v27.5 - https:\/\/yoast.com\/product\/yoast-seo-wordpress\/ -->\n<title>Ingersoll Rand W9691 \u2013 1\u2033 \u00d7 6\u2033 4000 Nm IQV20 batteridrevet muttertrekker (Kun verkt\u00f8y)<\/title>\n<meta name=\"description\" content=\"Ingersoll Rand W9691 er en 1\u2033 \u00d7 6\u2033 og 4000 Nm IQV20\u2122 batteridrevet muttertrekker for krevende industrioppgaver. B\u00f8rstel\u00f8s motor, robust konstruksjon og maksimal ytelse uten luftslanger. Kun verkt\u00f8y.\" \/>\n<meta name=\"robots\" content=\"index, follow, max-snippet:-1, max-image-preview:large, max-video-preview:-1\" \/>\n<link rel=\"canonical\" href=\"https:\/\/protech.nu\/no\/produkt\/ingersoll-rand-w9491-1%e2%80%b3-3500-nm-iqv20-batteridrevet-muttertrekker-kun-verktoy-copy\/\" \/>\n<meta property=\"og:locale\" content=\"nb_NO\" \/>\n<meta property=\"og:type\" content=\"article\" \/>\n<meta property=\"og:title\" content=\"Ingersoll Rand W9691 \u2013 1\u2033 \u00d7 6\u2033 4000 Nm IQV20 batteridrevet muttertrekker (Kun verkt\u00f8y)\" \/>\n<meta property=\"og:description\" content=\"Ingersoll Rand W9691 er en 1\u2033 \u00d7 6\u2033 og 4000 Nm IQV20\u2122 batteridrevet muttertrekker for krevende industrioppgaver. B\u00f8rstel\u00f8s motor, robust konstruksjon og maksimal ytelse uten luftslanger. Kun verkt\u00f8y.\" \/>\n<meta property=\"og:url\" content=\"https:\/\/protech.nu\/no\/produkt\/ingersoll-rand-w9491-1%e2%80%b3-3500-nm-iqv20-batteridrevet-muttertrekker-kun-verktoy-copy\/\" \/>\n<meta property=\"og:site_name\" content=\"ProTech\" \/>\n<meta property=\"article:publisher\" content=\"https:\/\/www.facebook.com\/Protech.nu\/\" \/>\n<meta property=\"article:modified_time\" content=\"2026-01-01T01:28:12+00:00\" \/>\n<meta property=\"og:image\" content=\"https:\/\/protech.nu\/wp-content\/uploads\/2025\/11\/ingersoll-rand-w9691-1x6in-4000nm-iqv20-akuloogmutrikeeraja.jpg\" \/>\n\t<meta property=\"og:image:width\" content=\"600\" \/>\n\t<meta property=\"og:image:height\" content=\"600\" \/>\n\t<meta property=\"og:image:type\" content=\"image\/jpeg\" \/>\n<meta name=\"twitter:card\" content=\"summary_large_image\" \/>\n<meta name=\"twitter:label1\" content=\"Ansl. lesetid\" \/>\n\t<meta name=\"twitter:data1\" content=\"1 minutt\" \/>\n<script type=\"application\/ld+json\" class=\"yoast-schema-graph\">{\"@context\":\"https:\\\/\\\/schema.org\",\"@graph\":[{\"@type\":\"WebPage\",\"@id\":\"https:\\\/\\\/protech.nu\\\/no\\\/produkt\\\/ingersoll-rand-w9491-1%e2%80%b3-3500-nm-iqv20-batteridrevet-muttertrekker-kun-verktoy-copy\\\/\",\"url\":\"https:\\\/\\\/protech.nu\\\/no\\\/produkt\\\/ingersoll-rand-w9491-1%e2%80%b3-3500-nm-iqv20-batteridrevet-muttertrekker-kun-verktoy-copy\\\/\",\"name\":\"Ingersoll Rand W9691 \u2013 1\u2033 \u00d7 6\u2033 4000 Nm IQV20 batteridrevet muttertrekker (Kun verkt\u00f8y)\",\"isPartOf\":{\"@id\":\"https:\\\/\\\/protech.nu\\\/no\\\/#website\"},\"primaryImageOfPage\":{\"@id\":\"https:\\\/\\\/protech.nu\\\/no\\\/produkt\\\/ingersoll-rand-w9491-1%e2%80%b3-3500-nm-iqv20-batteridrevet-muttertrekker-kun-verktoy-copy\\\/#primaryimage\"},\"image\":{\"@id\":\"https:\\\/\\\/protech.nu\\\/no\\\/produkt\\\/ingersoll-rand-w9491-1%e2%80%b3-3500-nm-iqv20-batteridrevet-muttertrekker-kun-verktoy-copy\\\/#primaryimage\"},\"thumbnailUrl\":\"https:\\\/\\\/protech.nu\\\/wp-content\\\/uploads\\\/2025\\\/11\\\/ingersoll-rand-w9691-1x6in-4000nm-iqv20-akuloogmutrikeeraja.jpg\",\"datePublished\":\"2025-11-27T23:31:57+00:00\",\"dateModified\":\"2026-01-01T01:28:12+00:00\",\"description\":\"Ingersoll Rand W9691 er en 1\u2033 \u00d7 6\u2033 og 4000 Nm IQV20\u2122 batteridrevet muttertrekker for krevende industrioppgaver. B\u00f8rstel\u00f8s motor, robust konstruksjon og maksimal ytelse uten luftslanger. Kun verkt\u00f8y.\",\"breadcrumb\":{\"@id\":\"https:\\\/\\\/protech.nu\\\/no\\\/produkt\\\/ingersoll-rand-w9491-1%e2%80%b3-3500-nm-iqv20-batteridrevet-muttertrekker-kun-verktoy-copy\\\/#breadcrumb\"},\"inLanguage\":\"nb-NO\",\"potentialAction\":[{\"@type\":\"ReadAction\",\"target\":[\"https:\\\/\\\/protech.nu\\\/no\\\/produkt\\\/ingersoll-rand-w9491-1%e2%80%b3-3500-nm-iqv20-batteridrevet-muttertrekker-kun-verktoy-copy\\\/\"]}]},{\"@type\":\"ImageObject\",\"inLanguage\":\"nb-NO\",\"@id\":\"https:\\\/\\\/protech.nu\\\/no\\\/produkt\\\/ingersoll-rand-w9491-1%e2%80%b3-3500-nm-iqv20-batteridrevet-muttertrekker-kun-verktoy-copy\\\/#primaryimage\",\"url\":\"https:\\\/\\\/protech.nu\\\/wp-content\\\/uploads\\\/2025\\\/11\\\/ingersoll-rand-w9691-1x6in-4000nm-iqv20-akuloogmutrikeeraja.jpg\",\"contentUrl\":\"https:\\\/\\\/protech.nu\\\/wp-content\\\/uploads\\\/2025\\\/11\\\/ingersoll-rand-w9691-1x6in-4000nm-iqv20-akuloogmutrikeeraja.jpg\",\"width\":600,\"height\":600,\"caption\":\"Ingersoll Rand W9691 \u2013 1\u2033 \u00d7 6\u2033, 4000 Nm IQV20\u2122 profesjonell batteridrevet muttertrekker\"},{\"@type\":\"BreadcrumbList\",\"@id\":\"https:\\\/\\\/protech.nu\\\/no\\\/produkt\\\/ingersoll-rand-w9491-1%e2%80%b3-3500-nm-iqv20-batteridrevet-muttertrekker-kun-verktoy-copy\\\/#breadcrumb\",\"itemListElement\":[{\"@type\":\"ListItem\",\"position\":1,\"name\":\"Hjem\",\"item\":\"https:\\\/\\\/protech.nu\\\/no\\\/\"},{\"@type\":\"ListItem\",\"position\":2,\"name\":\"Tooted\",\"item\":\"https:\\\/\\\/protech.nu\\\/products\\\/\"},{\"@type\":\"ListItem\",\"position\":3,\"name\":\"Ingersoll Rand W9691 \u2013 1\u2033 \u00d7 6\u2033, 4000 Nm IQV20\u2122 batteridrevet muttertrekker (Kun verkt\u00f8y)\"}]},{\"@type\":\"WebSite\",\"@id\":\"https:\\\/\\\/protech.nu\\\/no\\\/#website\",\"url\":\"https:\\\/\\\/protech.nu\\\/no\\\/\",\"name\":\"PROTECH\",\"description\":\"\",\"publisher\":{\"@id\":\"https:\\\/\\\/protech.nu\\\/no\\\/#organization\"},\"potentialAction\":[{\"@type\":\"SearchAction\",\"target\":{\"@type\":\"EntryPoint\",\"urlTemplate\":\"https:\\\/\\\/protech.nu\\\/no\\\/?s={search_term_string}\"},\"query-input\":{\"@type\":\"PropertyValueSpecification\",\"valueRequired\":true,\"valueName\":\"search_term_string\"}}],\"inLanguage\":\"nb-NO\"},{\"@type\":\"Organization\",\"@id\":\"https:\\\/\\\/protech.nu\\\/no\\\/#organization\",\"name\":\"MYPOWERTOOLSBOX\",\"alternateName\":\"ProTech\",\"url\":\"https:\\\/\\\/protech.nu\\\/no\\\/\",\"logo\":{\"@type\":\"ImageObject\",\"inLanguage\":\"nb-NO\",\"@id\":\"https:\\\/\\\/protech.nu\\\/no\\\/#\\\/schema\\\/logo\\\/image\\\/\",\"url\":\"https:\\\/\\\/2026.protech.nu\\\/wp-content\\\/uploads\\\/2026\\\/02\\\/ProTech.png\",\"contentUrl\":\"https:\\\/\\\/2026.protech.nu\\\/wp-content\\\/uploads\\\/2026\\\/02\\\/ProTech.png\",\"width\":1024,\"height\":1024,\"caption\":\"MYPOWERTOOLSBOX\"},\"image\":{\"@id\":\"https:\\\/\\\/protech.nu\\\/no\\\/#\\\/schema\\\/logo\\\/image\\\/\"},\"sameAs\":[\"https:\\\/\\\/www.facebook.com\\\/Protech.nu\\\/\",\"https:\\\/\\\/www.instagram.com\\\/protech_sweden\\\/\",\"https:\\\/\\\/www.linkedin.com\\\/company\\\/protech-professional-technologies-sweden-ab\\\/\",\"https:\\\/\\\/www.youtube.com\\\/@Protech_nu\"]}]}<\/script>\n<!-- \/ Yoast SEO plugin. -->","yoast_head_json":{"title":"Ingersoll Rand W9691 \u2013 1\u2033 \u00d7 6\u2033 4000 Nm IQV20 batteridrevet muttertrekker (Kun verkt\u00f8y)","description":"Ingersoll Rand W9691 er en 1\u2033 \u00d7 6\u2033 og 4000 Nm IQV20\u2122 batteridrevet muttertrekker for krevende industrioppgaver. B\u00f8rstel\u00f8s motor, robust konstruksjon og maksimal ytelse uten luftslanger. Kun verkt\u00f8y.","robots":{"index":"index","follow":"follow","max-snippet":"max-snippet:-1","max-image-preview":"max-image-preview:large","max-video-preview":"max-video-preview:-1"},"canonical":"https:\/\/protech.nu\/no\/produkt\/ingersoll-rand-w9491-1%e2%80%b3-3500-nm-iqv20-batteridrevet-muttertrekker-kun-verktoy-copy\/","og_locale":"nb_NO","og_type":"article","og_title":"Ingersoll Rand W9691 \u2013 1\u2033 \u00d7 6\u2033 4000 Nm IQV20 batteridrevet muttertrekker (Kun verkt\u00f8y)","og_description":"Ingersoll Rand W9691 er en 1\u2033 \u00d7 6\u2033 og 4000 Nm IQV20\u2122 batteridrevet muttertrekker for krevende industrioppgaver. B\u00f8rstel\u00f8s motor, robust konstruksjon og maksimal ytelse uten luftslanger. Kun verkt\u00f8y.","og_url":"https:\/\/protech.nu\/no\/produkt\/ingersoll-rand-w9491-1%e2%80%b3-3500-nm-iqv20-batteridrevet-muttertrekker-kun-verktoy-copy\/","og_site_name":"ProTech","article_publisher":"https:\/\/www.facebook.com\/Protech.nu\/","article_modified_time":"2026-01-01T01:28:12+00:00","og_image":[{"width":600,"height":600,"url":"https:\/\/protech.nu\/wp-content\/uploads\/2025\/11\/ingersoll-rand-w9691-1x6in-4000nm-iqv20-akuloogmutrikeeraja.jpg","type":"image\/jpeg"}],"twitter_card":"summary_large_image","twitter_misc":{"Ansl. lesetid":"1 minutt"},"schema":{"@context":"https:\/\/schema.org","@graph":[{"@type":"WebPage","@id":"https:\/\/protech.nu\/no\/produkt\/ingersoll-rand-w9491-1%e2%80%b3-3500-nm-iqv20-batteridrevet-muttertrekker-kun-verktoy-copy\/","url":"https:\/\/protech.nu\/no\/produkt\/ingersoll-rand-w9491-1%e2%80%b3-3500-nm-iqv20-batteridrevet-muttertrekker-kun-verktoy-copy\/","name":"Ingersoll Rand W9691 \u2013 1\u2033 \u00d7 6\u2033 4000 Nm IQV20 batteridrevet muttertrekker (Kun verkt\u00f8y)","isPartOf":{"@id":"https:\/\/protech.nu\/no\/#website"},"primaryImageOfPage":{"@id":"https:\/\/protech.nu\/no\/produkt\/ingersoll-rand-w9491-1%e2%80%b3-3500-nm-iqv20-batteridrevet-muttertrekker-kun-verktoy-copy\/#primaryimage"},"image":{"@id":"https:\/\/protech.nu\/no\/produkt\/ingersoll-rand-w9491-1%e2%80%b3-3500-nm-iqv20-batteridrevet-muttertrekker-kun-verktoy-copy\/#primaryimage"},"thumbnailUrl":"https:\/\/protech.nu\/wp-content\/uploads\/2025\/11\/ingersoll-rand-w9691-1x6in-4000nm-iqv20-akuloogmutrikeeraja.jpg","datePublished":"2025-11-27T23:31:57+00:00","dateModified":"2026-01-01T01:28:12+00:00","description":"Ingersoll Rand W9691 er en 1\u2033 \u00d7 6\u2033 og 4000 Nm IQV20\u2122 batteridrevet muttertrekker for krevende industrioppgaver. B\u00f8rstel\u00f8s motor, robust konstruksjon og maksimal ytelse uten luftslanger. Kun verkt\u00f8y.","breadcrumb":{"@id":"https:\/\/protech.nu\/no\/produkt\/ingersoll-rand-w9491-1%e2%80%b3-3500-nm-iqv20-batteridrevet-muttertrekker-kun-verktoy-copy\/#breadcrumb"},"inLanguage":"nb-NO","potentialAction":[{"@type":"ReadAction","target":["https:\/\/protech.nu\/no\/produkt\/ingersoll-rand-w9491-1%e2%80%b3-3500-nm-iqv20-batteridrevet-muttertrekker-kun-verktoy-copy\/"]}]},{"@type":"ImageObject","inLanguage":"nb-NO","@id":"https:\/\/protech.nu\/no\/produkt\/ingersoll-rand-w9491-1%e2%80%b3-3500-nm-iqv20-batteridrevet-muttertrekker-kun-verktoy-copy\/#primaryimage","url":"https:\/\/protech.nu\/wp-content\/uploads\/2025\/11\/ingersoll-rand-w9691-1x6in-4000nm-iqv20-akuloogmutrikeeraja.jpg","contentUrl":"https:\/\/protech.nu\/wp-content\/uploads\/2025\/11\/ingersoll-rand-w9691-1x6in-4000nm-iqv20-akuloogmutrikeeraja.jpg","width":600,"height":600,"caption":"Ingersoll Rand W9691 \u2013 1\u2033 \u00d7 6\u2033, 4000 Nm IQV20\u2122 profesjonell batteridrevet muttertrekker"},{"@type":"BreadcrumbList","@id":"https:\/\/protech.nu\/no\/produkt\/ingersoll-rand-w9491-1%e2%80%b3-3500-nm-iqv20-batteridrevet-muttertrekker-kun-verktoy-copy\/#breadcrumb","itemListElement":[{"@type":"ListItem","position":1,"name":"Hjem","item":"https:\/\/protech.nu\/no\/"},{"@type":"ListItem","position":2,"name":"Tooted","item":"https:\/\/protech.nu\/products\/"},{"@type":"ListItem","position":3,"name":"Ingersoll Rand W9691 \u2013 1\u2033 \u00d7 6\u2033, 4000 Nm IQV20\u2122 batteridrevet muttertrekker (Kun verkt\u00f8y)"}]},{"@type":"WebSite","@id":"https:\/\/protech.nu\/no\/#website","url":"https:\/\/protech.nu\/no\/","name":"PROTECH","description":"","publisher":{"@id":"https:\/\/protech.nu\/no\/#organization"},"potentialAction":[{"@type":"SearchAction","target":{"@type":"EntryPoint","urlTemplate":"https:\/\/protech.nu\/no\/?s={search_term_string}"},"query-input":{"@type":"PropertyValueSpecification","valueRequired":true,"valueName":"search_term_string"}}],"inLanguage":"nb-NO"},{"@type":"Organization","@id":"https:\/\/protech.nu\/no\/#organization","name":"MYPOWERTOOLSBOX","alternateName":"ProTech","url":"https:\/\/protech.nu\/no\/","logo":{"@type":"ImageObject","inLanguage":"nb-NO","@id":"https:\/\/protech.nu\/no\/#\/schema\/logo\/image\/","url":"https:\/\/2026.protech.nu\/wp-content\/uploads\/2026\/02\/ProTech.png","contentUrl":"https:\/\/2026.protech.nu\/wp-content\/uploads\/2026\/02\/ProTech.png","width":1024,"height":1024,"caption":"MYPOWERTOOLSBOX"},"image":{"@id":"https:\/\/protech.nu\/no\/#\/schema\/logo\/image\/"},"sameAs":["https:\/\/www.facebook.com\/Protech.nu\/","https:\/\/www.instagram.com\/protech_sweden\/","https:\/\/www.linkedin.com\/company\/protech-professional-technologies-sweden-ab\/","https:\/\/www.youtube.com\/@Protech_nu"]}]}},"_links":{"self":[{"href":"https:\/\/protech.nu\/no\/wp-json\/wp\/v2\/product\/3782","targetHints":{"allow":["GET"]}}],"collection":[{"href":"https:\/\/protech.nu\/no\/wp-json\/wp\/v2\/product"}],"about":[{"href":"https:\/\/protech.nu\/no\/wp-json\/wp\/v2\/types\/product"}],"replies":[{"embeddable":true,"href":"https:\/\/protech.nu\/no\/wp-json\/wp\/v2\/comments?post=3782"}],"wp:featuredmedia":[{"embeddable":true,"href":"https:\/\/protech.nu\/no\/wp-json\/wp\/v2\/media\/3792"}],"wp:attachment":[{"href":"https:\/\/protech.nu\/no\/wp-json\/wp\/v2\/media?parent=3782"}],"wp:term":[{"taxonomy":"product_brand","embeddable":true,"href":"https:\/\/protech.nu\/no\/wp-json\/wp\/v2\/product_brand?post=3782"},{"taxonomy":"product_cat","embeddable":true,"href":"https:\/\/protech.nu\/no\/wp-json\/wp\/v2\/product_cat?post=3782"},{"taxonomy":"product_tag","embeddable":true,"href":"https:\/\/protech.nu\/no\/wp-json\/wp\/v2\/product_tag?post=3782"}],"curies":[{"name":"wp","href":"https:\/\/api.w.org\/{rel}","templated":true}]}}