{"id":4694,"date":"2025-09-09T21:09:28","date_gmt":"2025-09-09T21:09:28","guid":{"rendered":"https:\/\/protech.nu\/toode\/ingersoll-rand-rts025pq4-1-4%e2%80%b3-25-nm-rts-connect-series-mekanisk-pulsskrutrekker-kun-verktoy\/"},"modified":"2025-12-09T18:39:36","modified_gmt":"2025-12-09T18:39:36","slug":"ingersoll-rand-rts025pq4-1-4%e2%80%b3-25-nm-rts-connect-series-mekanisk-pulsskrutrekker-kun-verktoy","status":"publish","type":"product","link":"https:\/\/protech.nu\/no\/produkt\/ingersoll-rand-rts025pq4-1-4%e2%80%b3-25-nm-rts-connect-series-mekanisk-pulsskrutrekker-kun-verktoy\/","title":{"rendered":"Ingersoll Rand RTS025PQ4 \u2013 1\/4\u2033, 25 Nm RTS Connect Series\u2122 mekanisk pulsskrutrekker (kun verkt\u00f8y)"},"content":{"rendered":"<p>Ingersoll Rand RTS025PQ4 \u2013 1\/4\u2033, 25 Nm RTS Connect Series\u2122 mekanisk pulsskrutrekker er utviklet for krevende monteringsarbeid der hastighet, jevn tiltrekningskvalitet og lav reaksjonskraft er avgj\u00f8rende. Den mekaniske pulsteknologien reduserer vibrasjon og gir operat\u00f8ren en mer komfortabel og sikker arbeidsdag sammenlignet med tradisjonelle slagverkt\u00f8y.<\/p>\n<p>RTS Connect Series\u2122 benytter lukket sl\u00f8yfe-momentkontroll som forbedrer n\u00f8yaktighet og repeterbarhet. Integrert elektronikk, pulsmekanisme og sanntids tilbakemelding bidrar til \u00e5 redusere feilmontering og sikre stabil tiltrekningskvalitet \u2013 selv ved h\u00f8yt produksjonstempo.<\/p>\n<p>RTS025PQ4 passer spesielt godt for applikasjoner med M6\u2013M8 festeelementer, der rask syklustid, bedre ergonomi og minimal \u201ckickback\u201d er viktig. Verkt\u00f8yet drives av IQV20-batteriplattformen \u2013 en av de mest robuste og p\u00e5litelige 20V-l\u00f8sningene i industrien.<\/p>\n<p><strong>Viktige fordeler:<\/strong><br \/>\n\u2022 1\/4\u2033 Hex bitsfeste \u2013 ideelt for skruebits<br \/>\n\u2022 Dreiemomentomr\u00e5de: 8\u201325 Nm<br \/>\n\u2022 Mekanisk pulsmekanisme for redusert reaksjonskraft og vibrasjon<br \/>\n\u2022 Lukket sl\u00f8yfe-kontroll for presis tiltrekning<br \/>\n\u2022 LED-lys og tydelig visuell tilbakemelding<br \/>\n\u2022 Programmerbare innstillinger via RTS Connect-plattformen<br \/>\n\u2022 St\u00f8tte for MTC (Multi-Tool Control) gjennom INSIGHT Connect\u2122<br \/>\n\u2022 Lett og kompakt \u2013 kun 1,05 kg (uten batteri)<br \/>\n\u2022 Rask syklus og h\u00f8y produktivitet i serieproduksjon<\/p>\n<p><strong>Tekniske data:<\/strong><br \/>\n\u2022 Drift: 1\/4\u2033 Hex<br \/>\n\u2022 Retainer-type: Quick-Change<br \/>\n\u2022 Festest\u00f8rrelser: M6\u2013M8<br \/>\n\u2022 Dreiemomentomr\u00e5de: 8\u201325 Nm<br \/>\n\u2022 Lengde (uten pipe): 155 mm<br \/>\n\u2022 Vekt (uten batteri): 1,05 kg<br \/>\n\u2022 Optimaliserte pulsegenskaper for rask montering<br \/>\n\u2022 Kompatibel med IQV20 2.5Ah og 5Ah batterier<\/p>\n<div style=\"margin: 0 0 10px 0;\"><a style=\"display: inline-block; background: #E14A2D; color: #fff; padding: 12px 20px; border-radius: 4px; text-decoration: none; font-weight: 600;\" href=\"https:\/\/protech.nu\/wp-content\/uploads\/2025\/09\/RTS-ingersoll-rand-rts-series-catalog-2025.pdf\" target=\"_blank\" rel=\"noopener\">Ingersoll Rand RTS Series\u2122 \u2013 Official Catalog (EN)<br \/>\n<\/a><\/div>\n","protected":false},"excerpt":{"rendered":"<p>1\/4\u2033 Hex, 8\u201325 Nm mekanisk pulsskrutrekker i RTS Connect Series\u2122. Rask, presis og med redusert vibrasjon for profesjonelle monteringsoppgaver.<\/p>\n[video width=\"1920\" height=\"1080\" mp4=\"https:\/\/protech.nu\/wp-content\/uploads\/2025\/09\/ingersoll-rand-rts-responsive-tightening-system-mechanical-pulse-tool.mp4\"][\/video]\n","protected":false},"featured_media":4693,"comment_status":"open","ping_status":"closed","template":"","meta":{"_acf_changed":false,"_monsterinsights_skip_tracking":false,"_monsterinsights_sitenote_active":false,"_monsterinsights_sitenote_note":"","_monsterinsights_sitenote_category":0,"_themeisle_gutenberg_block_has_review":false},"product_brand":[28],"product_cat":[165,147],"product_tag":[160],"class_list":{"0":"post-4694","1":"product","2":"type-product","3":"status-publish","4":"has-post-thumbnail","6":"product_brand-ingersoll-rand","7":"product_cat-ingersoll-rand-rts-series","8":"product_cat-ingersoll-rand-presisjonsskrutrekkere-og-muttertrekkere","9":"product_tag-no-demo","10":"pa_kaal-kg-1-05","11":"pa_pikkus-mm-4807","13":"first","14":"outofstock","15":"taxable","16":"shipping-taxable","17":"product-type-simple"},"acf":[],"yoast_head":"<!-- This site is optimized with the Yoast SEO plugin v27.4 - https:\/\/yoast.com\/product\/yoast-seo-wordpress\/ -->\n<title>Ingersoll Rand RTS025PQ4 \u2013 1\/4\u2033, 25 Nm mekanisk pulsskrutrekker (kun verkt\u00f8y)<\/title>\n<meta name=\"description\" content=\"Ingersoll Rand RTS025PQ4 \u2013 1\/4\u2033, 25 Nm mekanisk pulsskrutrekker i RTS Connect Series\u2122. Ideell for M6\u2013M8 monteringsarbeid med h\u00f8y presisjon og redusert vibrasjon.\" \/>\n<meta name=\"robots\" content=\"index, follow, max-snippet:-1, max-image-preview:large, max-video-preview:-1\" \/>\n<link rel=\"canonical\" href=\"https:\/\/protech.nu\/no\/produkt\/ingersoll-rand-rts025pq4-1-4%e2%80%b3-25-nm-rts-connect-series-mekanisk-pulsskrutrekker-kun-verktoy\/\" \/>\n<meta property=\"og:locale\" content=\"nb_NO\" \/>\n<meta property=\"og:type\" content=\"article\" \/>\n<meta property=\"og:title\" content=\"Ingersoll Rand RTS025PQ4 \u2013 1\/4\u2033, 25 Nm mekanisk pulsskrutrekker (kun verkt\u00f8y)\" \/>\n<meta property=\"og:description\" content=\"Ingersoll Rand RTS025PQ4 \u2013 1\/4\u2033, 25 Nm mekanisk pulsskrutrekker i RTS Connect Series\u2122. Ideell for M6\u2013M8 monteringsarbeid med h\u00f8y presisjon og redusert vibrasjon.\" \/>\n<meta property=\"og:url\" content=\"https:\/\/protech.nu\/no\/produkt\/ingersoll-rand-rts025pq4-1-4%e2%80%b3-25-nm-rts-connect-series-mekanisk-pulsskrutrekker-kun-verktoy\/\" \/>\n<meta property=\"og:site_name\" content=\"ProTech\" \/>\n<meta property=\"article:publisher\" content=\"https:\/\/www.facebook.com\/Protech.nu\/\" \/>\n<meta property=\"article:modified_time\" content=\"2025-12-09T18:39:36+00:00\" \/>\n<meta property=\"og:image\" content=\"https:\/\/protech.nu\/wp-content\/uploads\/2025\/09\/ingersoll-rand-rts025pq4-impulssmehhanismiga-kruvikeeraja.jpg\" \/>\n\t<meta property=\"og:image:width\" content=\"600\" \/>\n\t<meta property=\"og:image:height\" content=\"600\" \/>\n\t<meta property=\"og:image:type\" content=\"image\/jpeg\" \/>\n<meta name=\"twitter:card\" content=\"summary_large_image\" \/>\n<meta name=\"twitter:label1\" content=\"Ansl. lesetid\" \/>\n\t<meta name=\"twitter:data1\" content=\"1 minutt\" \/>\n<script type=\"application\/ld+json\" class=\"yoast-schema-graph\">{\"@context\":\"https:\\\/\\\/schema.org\",\"@graph\":[{\"@type\":\"WebPage\",\"@id\":\"https:\\\/\\\/protech.nu\\\/no\\\/produkt\\\/ingersoll-rand-rts025pq4-1-4%e2%80%b3-25-nm-rts-connect-series-mekanisk-pulsskrutrekker-kun-verktoy\\\/\",\"url\":\"https:\\\/\\\/protech.nu\\\/no\\\/produkt\\\/ingersoll-rand-rts025pq4-1-4%e2%80%b3-25-nm-rts-connect-series-mekanisk-pulsskrutrekker-kun-verktoy\\\/\",\"name\":\"Ingersoll Rand RTS025PQ4 \u2013 1\\\/4\u2033, 25 Nm mekanisk pulsskrutrekker (kun verkt\u00f8y)\",\"isPartOf\":{\"@id\":\"https:\\\/\\\/protech.nu\\\/no\\\/#website\"},\"primaryImageOfPage\":{\"@id\":\"https:\\\/\\\/protech.nu\\\/no\\\/produkt\\\/ingersoll-rand-rts025pq4-1-4%e2%80%b3-25-nm-rts-connect-series-mekanisk-pulsskrutrekker-kun-verktoy\\\/#primaryimage\"},\"image\":{\"@id\":\"https:\\\/\\\/protech.nu\\\/no\\\/produkt\\\/ingersoll-rand-rts025pq4-1-4%e2%80%b3-25-nm-rts-connect-series-mekanisk-pulsskrutrekker-kun-verktoy\\\/#primaryimage\"},\"thumbnailUrl\":\"https:\\\/\\\/protech.nu\\\/wp-content\\\/uploads\\\/2025\\\/09\\\/ingersoll-rand-rts025pq4-impulssmehhanismiga-kruvikeeraja.jpg\",\"datePublished\":\"2025-09-09T21:09:28+00:00\",\"dateModified\":\"2025-12-09T18:39:36+00:00\",\"description\":\"Ingersoll Rand RTS025PQ4 \u2013 1\\\/4\u2033, 25 Nm mekanisk pulsskrutrekker i RTS Connect Series\u2122. Ideell for M6\u2013M8 monteringsarbeid med h\u00f8y presisjon og redusert vibrasjon.\",\"breadcrumb\":{\"@id\":\"https:\\\/\\\/protech.nu\\\/no\\\/produkt\\\/ingersoll-rand-rts025pq4-1-4%e2%80%b3-25-nm-rts-connect-series-mekanisk-pulsskrutrekker-kun-verktoy\\\/#breadcrumb\"},\"inLanguage\":\"nb-NO\",\"potentialAction\":[{\"@type\":\"ReadAction\",\"target\":[\"https:\\\/\\\/protech.nu\\\/no\\\/produkt\\\/ingersoll-rand-rts025pq4-1-4%e2%80%b3-25-nm-rts-connect-series-mekanisk-pulsskrutrekker-kun-verktoy\\\/\"]}]},{\"@type\":\"ImageObject\",\"inLanguage\":\"nb-NO\",\"@id\":\"https:\\\/\\\/protech.nu\\\/no\\\/produkt\\\/ingersoll-rand-rts025pq4-1-4%e2%80%b3-25-nm-rts-connect-series-mekanisk-pulsskrutrekker-kun-verktoy\\\/#primaryimage\",\"url\":\"https:\\\/\\\/protech.nu\\\/wp-content\\\/uploads\\\/2025\\\/09\\\/ingersoll-rand-rts025pq4-impulssmehhanismiga-kruvikeeraja.jpg\",\"contentUrl\":\"https:\\\/\\\/protech.nu\\\/wp-content\\\/uploads\\\/2025\\\/09\\\/ingersoll-rand-rts025pq4-impulssmehhanismiga-kruvikeeraja.jpg\",\"width\":600,\"height\":600,\"caption\":\"Ingersoll Rand RTS025PQ4 \u2013 RTS Connect Series\u2122 mekanisk pulsskrutrekker for industriell montering\"},{\"@type\":\"BreadcrumbList\",\"@id\":\"https:\\\/\\\/protech.nu\\\/no\\\/produkt\\\/ingersoll-rand-rts025pq4-1-4%e2%80%b3-25-nm-rts-connect-series-mekanisk-pulsskrutrekker-kun-verktoy\\\/#breadcrumb\",\"itemListElement\":[{\"@type\":\"ListItem\",\"position\":1,\"name\":\"Hjem\",\"item\":\"https:\\\/\\\/protech.nu\\\/no\\\/\"},{\"@type\":\"ListItem\",\"position\":2,\"name\":\"Tooted\",\"item\":\"https:\\\/\\\/protech.nu\\\/products\\\/\"},{\"@type\":\"ListItem\",\"position\":3,\"name\":\"Ingersoll Rand RTS025PQ4 \u2013 1\\\/4\u2033, 25 Nm RTS Connect Series\u2122 mekanisk pulsskrutrekker (kun verkt\u00f8y)\"}]},{\"@type\":\"WebSite\",\"@id\":\"https:\\\/\\\/protech.nu\\\/no\\\/#website\",\"url\":\"https:\\\/\\\/protech.nu\\\/no\\\/\",\"name\":\"PROTECH\",\"description\":\"\",\"publisher\":{\"@id\":\"https:\\\/\\\/protech.nu\\\/no\\\/#organization\"},\"potentialAction\":[{\"@type\":\"SearchAction\",\"target\":{\"@type\":\"EntryPoint\",\"urlTemplate\":\"https:\\\/\\\/protech.nu\\\/no\\\/?s={search_term_string}\"},\"query-input\":{\"@type\":\"PropertyValueSpecification\",\"valueRequired\":true,\"valueName\":\"search_term_string\"}}],\"inLanguage\":\"nb-NO\"},{\"@type\":\"Organization\",\"@id\":\"https:\\\/\\\/protech.nu\\\/no\\\/#organization\",\"name\":\"MYPOWERTOOLSBOX\",\"alternateName\":\"ProTech\",\"url\":\"https:\\\/\\\/protech.nu\\\/no\\\/\",\"logo\":{\"@type\":\"ImageObject\",\"inLanguage\":\"nb-NO\",\"@id\":\"https:\\\/\\\/protech.nu\\\/no\\\/#\\\/schema\\\/logo\\\/image\\\/\",\"url\":\"https:\\\/\\\/2026.protech.nu\\\/wp-content\\\/uploads\\\/2026\\\/02\\\/ProTech.png\",\"contentUrl\":\"https:\\\/\\\/2026.protech.nu\\\/wp-content\\\/uploads\\\/2026\\\/02\\\/ProTech.png\",\"width\":1024,\"height\":1024,\"caption\":\"MYPOWERTOOLSBOX\"},\"image\":{\"@id\":\"https:\\\/\\\/protech.nu\\\/no\\\/#\\\/schema\\\/logo\\\/image\\\/\"},\"sameAs\":[\"https:\\\/\\\/www.facebook.com\\\/Protech.nu\\\/\",\"https:\\\/\\\/www.instagram.com\\\/protech_sweden\\\/\",\"https:\\\/\\\/www.linkedin.com\\\/company\\\/protech-professional-technologies-sweden-ab\\\/\",\"https:\\\/\\\/www.youtube.com\\\/@Protech_nu\"]}]}<\/script>\n<!-- \/ Yoast SEO plugin. -->","yoast_head_json":{"title":"Ingersoll Rand RTS025PQ4 \u2013 1\/4\u2033, 25 Nm mekanisk pulsskrutrekker (kun verkt\u00f8y)","description":"Ingersoll Rand RTS025PQ4 \u2013 1\/4\u2033, 25 Nm mekanisk pulsskrutrekker i RTS Connect Series\u2122. Ideell for M6\u2013M8 monteringsarbeid med h\u00f8y presisjon og redusert vibrasjon.","robots":{"index":"index","follow":"follow","max-snippet":"max-snippet:-1","max-image-preview":"max-image-preview:large","max-video-preview":"max-video-preview:-1"},"canonical":"https:\/\/protech.nu\/no\/produkt\/ingersoll-rand-rts025pq4-1-4%e2%80%b3-25-nm-rts-connect-series-mekanisk-pulsskrutrekker-kun-verktoy\/","og_locale":"nb_NO","og_type":"article","og_title":"Ingersoll Rand RTS025PQ4 \u2013 1\/4\u2033, 25 Nm mekanisk pulsskrutrekker (kun verkt\u00f8y)","og_description":"Ingersoll Rand RTS025PQ4 \u2013 1\/4\u2033, 25 Nm mekanisk pulsskrutrekker i RTS Connect Series\u2122. Ideell for M6\u2013M8 monteringsarbeid med h\u00f8y presisjon og redusert vibrasjon.","og_url":"https:\/\/protech.nu\/no\/produkt\/ingersoll-rand-rts025pq4-1-4%e2%80%b3-25-nm-rts-connect-series-mekanisk-pulsskrutrekker-kun-verktoy\/","og_site_name":"ProTech","article_publisher":"https:\/\/www.facebook.com\/Protech.nu\/","article_modified_time":"2025-12-09T18:39:36+00:00","og_image":[{"width":600,"height":600,"url":"https:\/\/protech.nu\/wp-content\/uploads\/2025\/09\/ingersoll-rand-rts025pq4-impulssmehhanismiga-kruvikeeraja.jpg","type":"image\/jpeg"}],"twitter_card":"summary_large_image","twitter_misc":{"Ansl. lesetid":"1 minutt"},"schema":{"@context":"https:\/\/schema.org","@graph":[{"@type":"WebPage","@id":"https:\/\/protech.nu\/no\/produkt\/ingersoll-rand-rts025pq4-1-4%e2%80%b3-25-nm-rts-connect-series-mekanisk-pulsskrutrekker-kun-verktoy\/","url":"https:\/\/protech.nu\/no\/produkt\/ingersoll-rand-rts025pq4-1-4%e2%80%b3-25-nm-rts-connect-series-mekanisk-pulsskrutrekker-kun-verktoy\/","name":"Ingersoll Rand RTS025PQ4 \u2013 1\/4\u2033, 25 Nm mekanisk pulsskrutrekker (kun verkt\u00f8y)","isPartOf":{"@id":"https:\/\/protech.nu\/no\/#website"},"primaryImageOfPage":{"@id":"https:\/\/protech.nu\/no\/produkt\/ingersoll-rand-rts025pq4-1-4%e2%80%b3-25-nm-rts-connect-series-mekanisk-pulsskrutrekker-kun-verktoy\/#primaryimage"},"image":{"@id":"https:\/\/protech.nu\/no\/produkt\/ingersoll-rand-rts025pq4-1-4%e2%80%b3-25-nm-rts-connect-series-mekanisk-pulsskrutrekker-kun-verktoy\/#primaryimage"},"thumbnailUrl":"https:\/\/protech.nu\/wp-content\/uploads\/2025\/09\/ingersoll-rand-rts025pq4-impulssmehhanismiga-kruvikeeraja.jpg","datePublished":"2025-09-09T21:09:28+00:00","dateModified":"2025-12-09T18:39:36+00:00","description":"Ingersoll Rand RTS025PQ4 \u2013 1\/4\u2033, 25 Nm mekanisk pulsskrutrekker i RTS Connect Series\u2122. Ideell for M6\u2013M8 monteringsarbeid med h\u00f8y presisjon og redusert vibrasjon.","breadcrumb":{"@id":"https:\/\/protech.nu\/no\/produkt\/ingersoll-rand-rts025pq4-1-4%e2%80%b3-25-nm-rts-connect-series-mekanisk-pulsskrutrekker-kun-verktoy\/#breadcrumb"},"inLanguage":"nb-NO","potentialAction":[{"@type":"ReadAction","target":["https:\/\/protech.nu\/no\/produkt\/ingersoll-rand-rts025pq4-1-4%e2%80%b3-25-nm-rts-connect-series-mekanisk-pulsskrutrekker-kun-verktoy\/"]}]},{"@type":"ImageObject","inLanguage":"nb-NO","@id":"https:\/\/protech.nu\/no\/produkt\/ingersoll-rand-rts025pq4-1-4%e2%80%b3-25-nm-rts-connect-series-mekanisk-pulsskrutrekker-kun-verktoy\/#primaryimage","url":"https:\/\/protech.nu\/wp-content\/uploads\/2025\/09\/ingersoll-rand-rts025pq4-impulssmehhanismiga-kruvikeeraja.jpg","contentUrl":"https:\/\/protech.nu\/wp-content\/uploads\/2025\/09\/ingersoll-rand-rts025pq4-impulssmehhanismiga-kruvikeeraja.jpg","width":600,"height":600,"caption":"Ingersoll Rand RTS025PQ4 \u2013 RTS Connect Series\u2122 mekanisk pulsskrutrekker for industriell montering"},{"@type":"BreadcrumbList","@id":"https:\/\/protech.nu\/no\/produkt\/ingersoll-rand-rts025pq4-1-4%e2%80%b3-25-nm-rts-connect-series-mekanisk-pulsskrutrekker-kun-verktoy\/#breadcrumb","itemListElement":[{"@type":"ListItem","position":1,"name":"Hjem","item":"https:\/\/protech.nu\/no\/"},{"@type":"ListItem","position":2,"name":"Tooted","item":"https:\/\/protech.nu\/products\/"},{"@type":"ListItem","position":3,"name":"Ingersoll Rand RTS025PQ4 \u2013 1\/4\u2033, 25 Nm RTS Connect Series\u2122 mekanisk pulsskrutrekker (kun verkt\u00f8y)"}]},{"@type":"WebSite","@id":"https:\/\/protech.nu\/no\/#website","url":"https:\/\/protech.nu\/no\/","name":"PROTECH","description":"","publisher":{"@id":"https:\/\/protech.nu\/no\/#organization"},"potentialAction":[{"@type":"SearchAction","target":{"@type":"EntryPoint","urlTemplate":"https:\/\/protech.nu\/no\/?s={search_term_string}"},"query-input":{"@type":"PropertyValueSpecification","valueRequired":true,"valueName":"search_term_string"}}],"inLanguage":"nb-NO"},{"@type":"Organization","@id":"https:\/\/protech.nu\/no\/#organization","name":"MYPOWERTOOLSBOX","alternateName":"ProTech","url":"https:\/\/protech.nu\/no\/","logo":{"@type":"ImageObject","inLanguage":"nb-NO","@id":"https:\/\/protech.nu\/no\/#\/schema\/logo\/image\/","url":"https:\/\/2026.protech.nu\/wp-content\/uploads\/2026\/02\/ProTech.png","contentUrl":"https:\/\/2026.protech.nu\/wp-content\/uploads\/2026\/02\/ProTech.png","width":1024,"height":1024,"caption":"MYPOWERTOOLSBOX"},"image":{"@id":"https:\/\/protech.nu\/no\/#\/schema\/logo\/image\/"},"sameAs":["https:\/\/www.facebook.com\/Protech.nu\/","https:\/\/www.instagram.com\/protech_sweden\/","https:\/\/www.linkedin.com\/company\/protech-professional-technologies-sweden-ab\/","https:\/\/www.youtube.com\/@Protech_nu"]}]}},"_links":{"self":[{"href":"https:\/\/protech.nu\/no\/wp-json\/wp\/v2\/product\/4694","targetHints":{"allow":["GET"]}}],"collection":[{"href":"https:\/\/protech.nu\/no\/wp-json\/wp\/v2\/product"}],"about":[{"href":"https:\/\/protech.nu\/no\/wp-json\/wp\/v2\/types\/product"}],"replies":[{"embeddable":true,"href":"https:\/\/protech.nu\/no\/wp-json\/wp\/v2\/comments?post=4694"}],"wp:featuredmedia":[{"embeddable":true,"href":"https:\/\/protech.nu\/no\/wp-json\/wp\/v2\/media\/4693"}],"wp:attachment":[{"href":"https:\/\/protech.nu\/no\/wp-json\/wp\/v2\/media?parent=4694"}],"wp:term":[{"taxonomy":"product_brand","embeddable":true,"href":"https:\/\/protech.nu\/no\/wp-json\/wp\/v2\/product_brand?post=4694"},{"taxonomy":"product_cat","embeddable":true,"href":"https:\/\/protech.nu\/no\/wp-json\/wp\/v2\/product_cat?post=4694"},{"taxonomy":"product_tag","embeddable":true,"href":"https:\/\/protech.nu\/no\/wp-json\/wp\/v2\/product_tag?post=4694"}],"curies":[{"name":"wp","href":"https:\/\/api.w.org\/{rel}","templated":true}]}}