{"id":4862,"date":"2025-12-27T10:38:11","date_gmt":"2025-12-27T10:38:11","guid":{"rendered":"https:\/\/protech.nu\/toode\/ingersoll-rand-w3151-1-2%e2%80%b3-435-nm-iqv20-batteridrevet-slagtrekker-kun-verktoy\/"},"modified":"2025-12-27T23:50:19","modified_gmt":"2025-12-27T23:50:19","slug":"ingersoll-rand-w3151-iqv20-cordless-impact-wrench","status":"publish","type":"product","link":"https:\/\/protech.nu\/no\/produkt\/ingersoll-rand-w3151-iqv20-cordless-impact-wrench\/","title":{"rendered":"Ingersoll Rand W3151 \u2013 1\/2\u2033, 610 Nm IQV20\u2122 batteridrevet slagtrekker (kun verkt\u00f8y)"},"content":{"rendered":"<p><strong>Ingersoll Rand W3151<\/strong> batteridrevet slagtrekker er utviklet for profesjonelle som krever h\u00f8y ytelse og p\u00e5litelighet i et kompakt format. Den b\u00f8rstel\u00f8se motoren og det robuste metallgiret sikrer lang levetid, selv ved intensiv bruk.<\/p>\n<p>Takket v\u00e6re den lette konstruksjonen egner W3151 seg sv\u00e6rt godt til bilreparasjoner, vedlikeholdsarbeid samt bruk p\u00e5 produksjonslinjer og i monteringsarbeid. Den patenterte <strong>360\u00b0 LED-lysring<\/strong> forbedrer synligheten i arbeidsomr\u00e5det, reduserer skygger og \u00f8ker arbeidssikkerheten. Tre hastighetsinnstillinger gj\u00f8r det enkelt \u00e5 velge riktig effekt basert p\u00e5 festest\u00f8rrelse og arbeidsoppgave.<\/p>\n<p>W3151 er en del av <strong>IQV20\u2122<\/strong>-plattformen \u2014 det samme batterisystemet kan brukes p\u00e5 tvers av flere Ingersoll Rand IQV20\u2122-verkt\u00f8y, noe som gir en mer effektiv og kostnadsbesparende arbeidsflyt.<\/p>\n<p><strong>Tekniske spesifikasjoner:<\/strong><\/p>\n<ul>\n<li>Drift \/ feste: 1\/2\u2033 firkant<\/li>\n<li>L\u00f8sningsmoment: 610 Nm<\/li>\n<li>Tiltrekningsmoment: 435 Nm<\/li>\n<li>Turtall uten belastning: 2 800 o\/min<\/li>\n<li>Slagfrekvens: 4 200 slag\/min<\/li>\n<li>Vekt uten batteri: 1,0 kg<\/li>\n<li>Vekt med 2.5 Ah batteri: 1,4 kg<\/li>\n<li>Vekt med 5.0 Ah batteri: 1,7 kg<\/li>\n<li>Lengde: 135 mm<\/li>\n<li>Belysning: 360\u00b0 LED-lysring<\/li>\n<\/ul>\n<p><strong>Last ned IQV20\u2122 produktkataloger:<\/strong><\/p>\n<p><!-- EN CATALOG BOX --><\/p>\n<div style=\"margin: 0 0 10px 0;\"><a style=\"display: inline-block; padding: 10px 16px; border: 2px solid #E14A2D; border-radius: 4px; text-decoration: none; font-weight: 600; color: #e14a2d;\" href=\"https:\/\/protech.nu\/wp-content\/uploads\/2025\/09\/ingersoll-rand-iqv20-cordless-tools-catalog.pdf\" target=\"_blank\" rel=\"noopener\">Ingersoll Rand IQV20\u2122 Cordless Tools Catalog | Impact Wrenches, Drills &amp; Drivers<br \/>\n<\/a><\/div>\n","protected":false},"excerpt":{"rendered":"[video width=\"1920\" height=\"1080\" mp4=\"https:\/\/protech.nu\/wp-content\/uploads\/2025\/08\/IQV\u2122-20V-Cordless-Compact-Impact-Wrenches.mp4\" autoplay=\"true\"][\/video]\n<p>&nbsp;<\/p>\n<p><strong>Ingersoll Rand W3151<\/strong> er en 1\/2\u2033 batteridrevet slagtrekker som leverer opptil <strong>610 Nm l\u00f8sningsmoment<\/strong> og <strong>435 Nm tiltrekningsmoment<\/strong>. Det kompakte huset p\u00e5 135 mm og <strong>360\u00b0 LED-belysning<\/strong> gj\u00f8r arbeidet komfortabelt, selv p\u00e5 trange steder.<\/p>\n","protected":false},"featured_media":4861,"comment_status":"open","ping_status":"closed","template":"","meta":{"_acf_changed":false,"_monsterinsights_skip_tracking":false,"_monsterinsights_sitenote_active":false,"_monsterinsights_sitenote_note":"","_monsterinsights_sitenote_category":0,"_themeisle_gutenberg_block_has_review":false},"product_brand":[],"product_cat":[131,130],"product_tag":[],"class_list":{"0":"post-4862","1":"product","2":"type-product","3":"status-publish","4":"has-post-thumbnail","6":"product_cat-ingersoll-rand-tradlose-slagtrekkere-og-skrutrekkere","7":"product_cat-ingersoll-rand-iqv20-series","8":"pa_kaal-kg-1-0","9":"pa_pikkus-mm-5072","11":"first","12":"instock","13":"taxable","14":"shipping-taxable","15":"purchasable","16":"product-type-simple"},"acf":[],"yoast_head":"<!-- This site is optimized with the Yoast SEO plugin v27.5 - https:\/\/yoast.com\/product\/yoast-seo-wordpress\/ -->\n<title>Ingersoll Rand W3151 \u2013 1\/2\u2033 610 Nm IQV20\u2122 batteridrevet slagtrekker<\/title>\n<meta name=\"description\" content=\"Ingersoll Rand W3151 1\/2\u2033 IQV20\u2122 batteridrevet slagtrekker med 610 Nm tiltrekningsmoment, kompakt 135 mm design og 360\u00b0 LED-belysning for profesjonell bruk.\" \/>\n<meta name=\"robots\" content=\"index, follow, max-snippet:-1, max-image-preview:large, max-video-preview:-1\" \/>\n<link rel=\"canonical\" href=\"https:\/\/protech.nu\/no\/produkt\/ingersoll-rand-w3151-iqv20-cordless-impact-wrench\/\" \/>\n<meta property=\"og:locale\" content=\"nb_NO\" \/>\n<meta property=\"og:type\" content=\"article\" \/>\n<meta property=\"og:title\" content=\"Ingersoll Rand W3151 \u2013 1\/2\u2033 610 Nm IQV20\u2122 batteridrevet slagtrekker\" \/>\n<meta property=\"og:description\" content=\"Ingersoll Rand W3151 1\/2\u2033 IQV20\u2122 batteridrevet slagtrekker med 610 Nm tiltrekningsmoment, kompakt 135 mm design og 360\u00b0 LED-belysning for profesjonell bruk.\" \/>\n<meta property=\"og:url\" content=\"https:\/\/protech.nu\/no\/produkt\/ingersoll-rand-w3151-iqv20-cordless-impact-wrench\/\" \/>\n<meta property=\"og:site_name\" content=\"ProTech\" \/>\n<meta property=\"article:publisher\" content=\"https:\/\/www.facebook.com\/Protech.nu\/\" \/>\n<meta property=\"article:modified_time\" content=\"2025-12-27T23:50:19+00:00\" \/>\n<meta property=\"og:image\" content=\"https:\/\/protech.nu\/wp-content\/uploads\/2025\/12\/ingersoll-rand-w3151-1-2-iqv20-aku-lookmutterkeeraja-1.jpg\" \/>\n\t<meta property=\"og:image:width\" content=\"600\" \/>\n\t<meta property=\"og:image:height\" content=\"600\" \/>\n\t<meta property=\"og:image:type\" content=\"image\/jpeg\" \/>\n<meta name=\"twitter:card\" content=\"summary_large_image\" \/>\n<meta name=\"twitter:label1\" content=\"Ansl. lesetid\" \/>\n\t<meta name=\"twitter:data1\" content=\"1 minutt\" \/>\n<script type=\"application\/ld+json\" class=\"yoast-schema-graph\">{\"@context\":\"https:\\\/\\\/schema.org\",\"@graph\":[{\"@type\":\"WebPage\",\"@id\":\"https:\\\/\\\/protech.nu\\\/no\\\/produkt\\\/ingersoll-rand-w3151-iqv20-cordless-impact-wrench\\\/\",\"url\":\"https:\\\/\\\/protech.nu\\\/no\\\/produkt\\\/ingersoll-rand-w3151-iqv20-cordless-impact-wrench\\\/\",\"name\":\"Ingersoll Rand W3151 \u2013 1\\\/2\u2033 610 Nm IQV20\u2122 batteridrevet slagtrekker\",\"isPartOf\":{\"@id\":\"https:\\\/\\\/protech.nu\\\/no\\\/#website\"},\"primaryImageOfPage\":{\"@id\":\"https:\\\/\\\/protech.nu\\\/no\\\/produkt\\\/ingersoll-rand-w3151-iqv20-cordless-impact-wrench\\\/#primaryimage\"},\"image\":{\"@id\":\"https:\\\/\\\/protech.nu\\\/no\\\/produkt\\\/ingersoll-rand-w3151-iqv20-cordless-impact-wrench\\\/#primaryimage\"},\"thumbnailUrl\":\"https:\\\/\\\/protech.nu\\\/wp-content\\\/uploads\\\/2025\\\/12\\\/ingersoll-rand-w3151-1-2-iqv20-aku-lookmutterkeeraja-1.jpg\",\"datePublished\":\"2025-12-27T10:38:11+00:00\",\"dateModified\":\"2025-12-27T23:50:19+00:00\",\"description\":\"Ingersoll Rand W3151 1\\\/2\u2033 IQV20\u2122 batteridrevet slagtrekker med 610 Nm tiltrekningsmoment, kompakt 135 mm design og 360\u00b0 LED-belysning for profesjonell bruk.\",\"breadcrumb\":{\"@id\":\"https:\\\/\\\/protech.nu\\\/no\\\/produkt\\\/ingersoll-rand-w3151-iqv20-cordless-impact-wrench\\\/#breadcrumb\"},\"inLanguage\":\"nb-NO\",\"potentialAction\":[{\"@type\":\"ReadAction\",\"target\":[\"https:\\\/\\\/protech.nu\\\/no\\\/produkt\\\/ingersoll-rand-w3151-iqv20-cordless-impact-wrench\\\/\"]}]},{\"@type\":\"ImageObject\",\"inLanguage\":\"nb-NO\",\"@id\":\"https:\\\/\\\/protech.nu\\\/no\\\/produkt\\\/ingersoll-rand-w3151-iqv20-cordless-impact-wrench\\\/#primaryimage\",\"url\":\"https:\\\/\\\/protech.nu\\\/wp-content\\\/uploads\\\/2025\\\/12\\\/ingersoll-rand-w3151-1-2-iqv20-aku-lookmutterkeeraja-1.jpg\",\"contentUrl\":\"https:\\\/\\\/protech.nu\\\/wp-content\\\/uploads\\\/2025\\\/12\\\/ingersoll-rand-w3151-1-2-iqv20-aku-lookmutterkeeraja-1.jpg\",\"width\":600,\"height\":600,\"caption\":\"Ingersoll Rand W3151 \u2013 kompakt og kraftig IQV20\u2122 slagtrekker for profesjonell bruk\"},{\"@type\":\"BreadcrumbList\",\"@id\":\"https:\\\/\\\/protech.nu\\\/no\\\/produkt\\\/ingersoll-rand-w3151-iqv20-cordless-impact-wrench\\\/#breadcrumb\",\"itemListElement\":[{\"@type\":\"ListItem\",\"position\":1,\"name\":\"Hjem\",\"item\":\"https:\\\/\\\/protech.nu\\\/no\\\/\"},{\"@type\":\"ListItem\",\"position\":2,\"name\":\"Tooted\",\"item\":\"https:\\\/\\\/protech.nu\\\/products\\\/\"},{\"@type\":\"ListItem\",\"position\":3,\"name\":\"Ingersoll Rand W3151 \u2013 1\\\/2\u2033, 610 Nm IQV20\u2122 batteridrevet slagtrekker (kun verkt\u00f8y)\"}]},{\"@type\":\"WebSite\",\"@id\":\"https:\\\/\\\/protech.nu\\\/no\\\/#website\",\"url\":\"https:\\\/\\\/protech.nu\\\/no\\\/\",\"name\":\"PROTECH\",\"description\":\"\",\"publisher\":{\"@id\":\"https:\\\/\\\/protech.nu\\\/no\\\/#organization\"},\"potentialAction\":[{\"@type\":\"SearchAction\",\"target\":{\"@type\":\"EntryPoint\",\"urlTemplate\":\"https:\\\/\\\/protech.nu\\\/no\\\/?s={search_term_string}\"},\"query-input\":{\"@type\":\"PropertyValueSpecification\",\"valueRequired\":true,\"valueName\":\"search_term_string\"}}],\"inLanguage\":\"nb-NO\"},{\"@type\":\"Organization\",\"@id\":\"https:\\\/\\\/protech.nu\\\/no\\\/#organization\",\"name\":\"MYPOWERTOOLSBOX\",\"alternateName\":\"ProTech\",\"url\":\"https:\\\/\\\/protech.nu\\\/no\\\/\",\"logo\":{\"@type\":\"ImageObject\",\"inLanguage\":\"nb-NO\",\"@id\":\"https:\\\/\\\/protech.nu\\\/no\\\/#\\\/schema\\\/logo\\\/image\\\/\",\"url\":\"https:\\\/\\\/2026.protech.nu\\\/wp-content\\\/uploads\\\/2026\\\/02\\\/ProTech.png\",\"contentUrl\":\"https:\\\/\\\/2026.protech.nu\\\/wp-content\\\/uploads\\\/2026\\\/02\\\/ProTech.png\",\"width\":1024,\"height\":1024,\"caption\":\"MYPOWERTOOLSBOX\"},\"image\":{\"@id\":\"https:\\\/\\\/protech.nu\\\/no\\\/#\\\/schema\\\/logo\\\/image\\\/\"},\"sameAs\":[\"https:\\\/\\\/www.facebook.com\\\/Protech.nu\\\/\",\"https:\\\/\\\/www.instagram.com\\\/protech_sweden\\\/\",\"https:\\\/\\\/www.linkedin.com\\\/company\\\/protech-professional-technologies-sweden-ab\\\/\",\"https:\\\/\\\/www.youtube.com\\\/@Protech_nu\"]}]}<\/script>\n<!-- \/ Yoast SEO plugin. -->","yoast_head_json":{"title":"Ingersoll Rand W3151 \u2013 1\/2\u2033 610 Nm IQV20\u2122 batteridrevet slagtrekker","description":"Ingersoll Rand W3151 1\/2\u2033 IQV20\u2122 batteridrevet slagtrekker med 610 Nm tiltrekningsmoment, kompakt 135 mm design og 360\u00b0 LED-belysning for profesjonell bruk.","robots":{"index":"index","follow":"follow","max-snippet":"max-snippet:-1","max-image-preview":"max-image-preview:large","max-video-preview":"max-video-preview:-1"},"canonical":"https:\/\/protech.nu\/no\/produkt\/ingersoll-rand-w3151-iqv20-cordless-impact-wrench\/","og_locale":"nb_NO","og_type":"article","og_title":"Ingersoll Rand W3151 \u2013 1\/2\u2033 610 Nm IQV20\u2122 batteridrevet slagtrekker","og_description":"Ingersoll Rand W3151 1\/2\u2033 IQV20\u2122 batteridrevet slagtrekker med 610 Nm tiltrekningsmoment, kompakt 135 mm design og 360\u00b0 LED-belysning for profesjonell bruk.","og_url":"https:\/\/protech.nu\/no\/produkt\/ingersoll-rand-w3151-iqv20-cordless-impact-wrench\/","og_site_name":"ProTech","article_publisher":"https:\/\/www.facebook.com\/Protech.nu\/","article_modified_time":"2025-12-27T23:50:19+00:00","og_image":[{"width":600,"height":600,"url":"https:\/\/protech.nu\/wp-content\/uploads\/2025\/12\/ingersoll-rand-w3151-1-2-iqv20-aku-lookmutterkeeraja-1.jpg","type":"image\/jpeg"}],"twitter_card":"summary_large_image","twitter_misc":{"Ansl. lesetid":"1 minutt"},"schema":{"@context":"https:\/\/schema.org","@graph":[{"@type":"WebPage","@id":"https:\/\/protech.nu\/no\/produkt\/ingersoll-rand-w3151-iqv20-cordless-impact-wrench\/","url":"https:\/\/protech.nu\/no\/produkt\/ingersoll-rand-w3151-iqv20-cordless-impact-wrench\/","name":"Ingersoll Rand W3151 \u2013 1\/2\u2033 610 Nm IQV20\u2122 batteridrevet slagtrekker","isPartOf":{"@id":"https:\/\/protech.nu\/no\/#website"},"primaryImageOfPage":{"@id":"https:\/\/protech.nu\/no\/produkt\/ingersoll-rand-w3151-iqv20-cordless-impact-wrench\/#primaryimage"},"image":{"@id":"https:\/\/protech.nu\/no\/produkt\/ingersoll-rand-w3151-iqv20-cordless-impact-wrench\/#primaryimage"},"thumbnailUrl":"https:\/\/protech.nu\/wp-content\/uploads\/2025\/12\/ingersoll-rand-w3151-1-2-iqv20-aku-lookmutterkeeraja-1.jpg","datePublished":"2025-12-27T10:38:11+00:00","dateModified":"2025-12-27T23:50:19+00:00","description":"Ingersoll Rand W3151 1\/2\u2033 IQV20\u2122 batteridrevet slagtrekker med 610 Nm tiltrekningsmoment, kompakt 135 mm design og 360\u00b0 LED-belysning for profesjonell bruk.","breadcrumb":{"@id":"https:\/\/protech.nu\/no\/produkt\/ingersoll-rand-w3151-iqv20-cordless-impact-wrench\/#breadcrumb"},"inLanguage":"nb-NO","potentialAction":[{"@type":"ReadAction","target":["https:\/\/protech.nu\/no\/produkt\/ingersoll-rand-w3151-iqv20-cordless-impact-wrench\/"]}]},{"@type":"ImageObject","inLanguage":"nb-NO","@id":"https:\/\/protech.nu\/no\/produkt\/ingersoll-rand-w3151-iqv20-cordless-impact-wrench\/#primaryimage","url":"https:\/\/protech.nu\/wp-content\/uploads\/2025\/12\/ingersoll-rand-w3151-1-2-iqv20-aku-lookmutterkeeraja-1.jpg","contentUrl":"https:\/\/protech.nu\/wp-content\/uploads\/2025\/12\/ingersoll-rand-w3151-1-2-iqv20-aku-lookmutterkeeraja-1.jpg","width":600,"height":600,"caption":"Ingersoll Rand W3151 \u2013 kompakt og kraftig IQV20\u2122 slagtrekker for profesjonell bruk"},{"@type":"BreadcrumbList","@id":"https:\/\/protech.nu\/no\/produkt\/ingersoll-rand-w3151-iqv20-cordless-impact-wrench\/#breadcrumb","itemListElement":[{"@type":"ListItem","position":1,"name":"Hjem","item":"https:\/\/protech.nu\/no\/"},{"@type":"ListItem","position":2,"name":"Tooted","item":"https:\/\/protech.nu\/products\/"},{"@type":"ListItem","position":3,"name":"Ingersoll Rand W3151 \u2013 1\/2\u2033, 610 Nm IQV20\u2122 batteridrevet slagtrekker (kun verkt\u00f8y)"}]},{"@type":"WebSite","@id":"https:\/\/protech.nu\/no\/#website","url":"https:\/\/protech.nu\/no\/","name":"PROTECH","description":"","publisher":{"@id":"https:\/\/protech.nu\/no\/#organization"},"potentialAction":[{"@type":"SearchAction","target":{"@type":"EntryPoint","urlTemplate":"https:\/\/protech.nu\/no\/?s={search_term_string}"},"query-input":{"@type":"PropertyValueSpecification","valueRequired":true,"valueName":"search_term_string"}}],"inLanguage":"nb-NO"},{"@type":"Organization","@id":"https:\/\/protech.nu\/no\/#organization","name":"MYPOWERTOOLSBOX","alternateName":"ProTech","url":"https:\/\/protech.nu\/no\/","logo":{"@type":"ImageObject","inLanguage":"nb-NO","@id":"https:\/\/protech.nu\/no\/#\/schema\/logo\/image\/","url":"https:\/\/2026.protech.nu\/wp-content\/uploads\/2026\/02\/ProTech.png","contentUrl":"https:\/\/2026.protech.nu\/wp-content\/uploads\/2026\/02\/ProTech.png","width":1024,"height":1024,"caption":"MYPOWERTOOLSBOX"},"image":{"@id":"https:\/\/protech.nu\/no\/#\/schema\/logo\/image\/"},"sameAs":["https:\/\/www.facebook.com\/Protech.nu\/","https:\/\/www.instagram.com\/protech_sweden\/","https:\/\/www.linkedin.com\/company\/protech-professional-technologies-sweden-ab\/","https:\/\/www.youtube.com\/@Protech_nu"]}]}},"_links":{"self":[{"href":"https:\/\/protech.nu\/no\/wp-json\/wp\/v2\/product\/4862","targetHints":{"allow":["GET"]}}],"collection":[{"href":"https:\/\/protech.nu\/no\/wp-json\/wp\/v2\/product"}],"about":[{"href":"https:\/\/protech.nu\/no\/wp-json\/wp\/v2\/types\/product"}],"replies":[{"embeddable":true,"href":"https:\/\/protech.nu\/no\/wp-json\/wp\/v2\/comments?post=4862"}],"wp:featuredmedia":[{"embeddable":true,"href":"https:\/\/protech.nu\/no\/wp-json\/wp\/v2\/media\/4861"}],"wp:attachment":[{"href":"https:\/\/protech.nu\/no\/wp-json\/wp\/v2\/media?parent=4862"}],"wp:term":[{"taxonomy":"product_brand","embeddable":true,"href":"https:\/\/protech.nu\/no\/wp-json\/wp\/v2\/product_brand?post=4862"},{"taxonomy":"product_cat","embeddable":true,"href":"https:\/\/protech.nu\/no\/wp-json\/wp\/v2\/product_cat?post=4862"},{"taxonomy":"product_tag","embeddable":true,"href":"https:\/\/protech.nu\/no\/wp-json\/wp\/v2\/product_tag?post=4862"}],"curies":[{"name":"wp","href":"https:\/\/api.w.org\/{rel}","templated":true}]}}