{"id":4942,"date":"2025-12-27T22:20:40","date_gmt":"2025-12-27T22:20:40","guid":{"rendered":"https:\/\/protech.nu\/?post_type=product&#038;p=4942"},"modified":"2025-12-27T23:28:08","modified_gmt":"2025-12-27T23:28:08","slug":"ingersoll-rand-w3131-iqv20-cordless-impact-wrench","status":"publish","type":"product","link":"https:\/\/protech.nu\/no\/produkt\/ingersoll-rand-w3131-iqv20-cordless-impact-wrench\/","title":{"rendered":"Ingersoll Rand W3131 \u2013 3\/8\u2033, 545 Nm IQV20\u2122 batteridrevet slagtrekker (kun verkt\u00f8y)"},"content":{"rendered":"<p><strong>Ingersoll Rand W3131<\/strong> batteridrevet slagtrekker er utviklet for profesjonelle brukere som trenger h\u00f8y ytelse og p\u00e5litelighet i et kompakt format. Den b\u00f8rstel\u00f8se (brushless) motoren og den robuste girkassen i metall sikrer lang levetid, selv ved intensiv bruk.<\/p>\n<p>Takket v\u00e6re den lette konstruksjonen egner W3131 seg utmerket til bilreparasjoner, vedlikeholdsarbeid samt bruk p\u00e5 produksjonslinjer og i montering. Den patenterte <strong>360\u00b0 LED-lysringen<\/strong> gir optimal belysning av arbeidsomr\u00e5det, reduserer skygger og \u00f8ker arbeidssikkerheten. Tre hastighetsinnstillinger gj\u00f8r det mulig \u00e5 tilpasse ytelsen etter festeelementets st\u00f8rrelse og arbeidsoppgaven.<\/p>\n<p>W3131 er en del av <strong>IQV20\u2122<\/strong>-plattformen \u2013 ett felles batterisystem som gj\u00f8r det mulig \u00e5 bruke Ingersoll Rand IQV20\u2122-batterier p\u00e5 tvers av flere verkt\u00f8y for en effektiv og kostnadsbesparende arbeidsflyt.<\/p>\n<p><strong>Tekniske spesifikasjoner:<\/strong><\/p>\n<ul>\n<li>Feste \/ firkant: 3\/8\u2033 firkant<\/li>\n<li>L\u00f8snemoment: 545 Nm<\/li>\n<li>Tiltrekkingsmoment: 410 Nm<\/li>\n<li>Turtall uten belastning: 2 800 o\/min<\/li>\n<li>Slagfrekvens: 4 200 slag\/min<\/li>\n<li>Vekt uten batteri: 1,0 kg<\/li>\n<li>Vekt med 2.5 Ah batteri: 1,4 kg<\/li>\n<li>Vekt med 5.0 Ah batteri: 1,7 kg<\/li>\n<li>Lengde: 132 mm<\/li>\n<li>Belysning: 360\u00b0 LED-lysringsystem<\/li>\n<\/ul>\n<p><strong>Last ned produktkataloger for IQV20\u2122-serien:<\/strong><\/p>\n<div style=\"margin: 0 0 10px 0;\"><a style=\"display: inline-block; padding: 10px 16px; border: 2px solid #E14A2D; border-radius: 4px; text-decoration: none; font-weight: 600; color: #e14a2d;\" href=\"https:\/\/protech.nu\/wp-content\/uploads\/2025\/09\/ingersoll-rand-iqv20-cordless-tools-catalog.pdf\" target=\"_blank\" rel=\"noopener\">Ingersoll Rand IQV20\u2122 Cordless Tools Catalog | Impact Wrenches, Drills &amp; Drivers<br \/>\n<\/a><\/div>\n","protected":false},"excerpt":{"rendered":"[video width=\"1920\" height=\"1080\" mp4=\"https:\/\/protech.nu\/wp-content\/uploads\/2025\/08\/IQV\u2122-20V-Cordless-Compact-Impact-Wrenches.mp4\" autoplay=\"true\"][\/video]\n<p>&nbsp;<\/p>\n<p>Ingersoll Rand W3131 er en 3\/8\u2033 batteridrevet slagtrekker som leverer opptil 545 Nm l\u00f8snemoment og 410 Nm tiltrekking. Det kompakte huset p\u00e5 132 mm og 360\u00b0 LED-belysning gj\u00f8r verkt\u00f8yet ideelt for arbeid i trange omr\u00e5der.<\/p>\n","protected":false},"featured_media":4965,"comment_status":"open","ping_status":"closed","template":"","meta":{"_acf_changed":false,"_monsterinsights_skip_tracking":false,"_monsterinsights_sitenote_active":false,"_monsterinsights_sitenote_note":"","_monsterinsights_sitenote_category":0,"_themeisle_gutenberg_block_has_review":false},"product_brand":[],"product_cat":[131,130],"product_tag":[],"class_list":{"0":"post-4942","1":"product","2":"type-product","3":"status-publish","4":"has-post-thumbnail","6":"product_cat-ingersoll-rand-tradlose-slagtrekkere-og-skrutrekkere","7":"product_cat-ingersoll-rand-iqv20-series","8":"pa_kaal-kg-1-0","9":"pa_pikkus-mm-5334","11":"first","12":"instock","13":"downloadable","14":"taxable","15":"shipping-taxable","16":"purchasable","17":"product-type-simple"},"acf":[],"yoast_head":"<!-- This site is optimized with the Yoast SEO plugin v27.5 - https:\/\/yoast.com\/product\/yoast-seo-wordpress\/ -->\n<title>Ingersoll Rand W3131 \u2013 3\/8\u2033 545 Nm IQV20\u2122 batteridrevet slagtrekker<\/title>\n<meta name=\"description\" content=\"Ingersoll Rand W3131 er en kompakt 3\/8\u2033 IQV20\u2122 batteridrevet slagtrekker med 545 Nm l\u00f8snemoment, b\u00f8rstel\u00f8s motor og 360\u00b0 LED-lys. Ideell for profesjonell bruk.\" \/>\n<meta name=\"robots\" content=\"index, follow, max-snippet:-1, max-image-preview:large, max-video-preview:-1\" \/>\n<link rel=\"canonical\" href=\"https:\/\/protech.nu\/no\/produkt\/ingersoll-rand-w3131-iqv20-cordless-impact-wrench\/\" \/>\n<meta property=\"og:locale\" content=\"nb_NO\" \/>\n<meta property=\"og:type\" content=\"article\" \/>\n<meta property=\"og:title\" content=\"Ingersoll Rand W3131 \u2013 3\/8\u2033 545 Nm IQV20\u2122 batteridrevet slagtrekker\" \/>\n<meta property=\"og:description\" content=\"Ingersoll Rand W3131 er en kompakt 3\/8\u2033 IQV20\u2122 batteridrevet slagtrekker med 545 Nm l\u00f8snemoment, b\u00f8rstel\u00f8s motor og 360\u00b0 LED-lys. Ideell for profesjonell bruk.\" \/>\n<meta property=\"og:url\" content=\"https:\/\/protech.nu\/no\/produkt\/ingersoll-rand-w3131-iqv20-cordless-impact-wrench\/\" \/>\n<meta property=\"og:site_name\" content=\"ProTech\" \/>\n<meta property=\"article:publisher\" content=\"https:\/\/www.facebook.com\/Protech.nu\/\" \/>\n<meta property=\"article:modified_time\" content=\"2025-12-27T23:28:08+00:00\" \/>\n<meta property=\"og:image\" content=\"https:\/\/protech.nu\/wp-content\/uploads\/2025\/12\/Ingersoll-Rand-W3131-\u2013-38\u2033-IQV20\u2122-akulookmutterkeeraja-7.jpg\" \/>\n\t<meta property=\"og:image:width\" content=\"600\" \/>\n\t<meta property=\"og:image:height\" content=\"600\" \/>\n\t<meta property=\"og:image:type\" content=\"image\/jpeg\" \/>\n<meta name=\"twitter:card\" content=\"summary_large_image\" \/>\n<meta name=\"twitter:label1\" content=\"Ansl. lesetid\" \/>\n\t<meta name=\"twitter:data1\" content=\"1 minutt\" \/>\n<script type=\"application\/ld+json\" class=\"yoast-schema-graph\">{\"@context\":\"https:\\\/\\\/schema.org\",\"@graph\":[{\"@type\":\"WebPage\",\"@id\":\"https:\\\/\\\/protech.nu\\\/no\\\/produkt\\\/ingersoll-rand-w3131-iqv20-cordless-impact-wrench\\\/\",\"url\":\"https:\\\/\\\/protech.nu\\\/no\\\/produkt\\\/ingersoll-rand-w3131-iqv20-cordless-impact-wrench\\\/\",\"name\":\"Ingersoll Rand W3131 \u2013 3\\\/8\u2033 545 Nm IQV20\u2122 batteridrevet slagtrekker\",\"isPartOf\":{\"@id\":\"https:\\\/\\\/protech.nu\\\/no\\\/#website\"},\"primaryImageOfPage\":{\"@id\":\"https:\\\/\\\/protech.nu\\\/no\\\/produkt\\\/ingersoll-rand-w3131-iqv20-cordless-impact-wrench\\\/#primaryimage\"},\"image\":{\"@id\":\"https:\\\/\\\/protech.nu\\\/no\\\/produkt\\\/ingersoll-rand-w3131-iqv20-cordless-impact-wrench\\\/#primaryimage\"},\"thumbnailUrl\":\"https:\\\/\\\/protech.nu\\\/wp-content\\\/uploads\\\/2025\\\/12\\\/Ingersoll-Rand-W3131-\u2013-38\u2033-IQV20\u2122-akulookmutterkeeraja-7.jpg\",\"datePublished\":\"2025-12-27T22:20:40+00:00\",\"dateModified\":\"2025-12-27T23:28:08+00:00\",\"description\":\"Ingersoll Rand W3131 er en kompakt 3\\\/8\u2033 IQV20\u2122 batteridrevet slagtrekker med 545 Nm l\u00f8snemoment, b\u00f8rstel\u00f8s motor og 360\u00b0 LED-lys. Ideell for profesjonell bruk.\",\"breadcrumb\":{\"@id\":\"https:\\\/\\\/protech.nu\\\/no\\\/produkt\\\/ingersoll-rand-w3131-iqv20-cordless-impact-wrench\\\/#breadcrumb\"},\"inLanguage\":\"nb-NO\",\"potentialAction\":[{\"@type\":\"ReadAction\",\"target\":[\"https:\\\/\\\/protech.nu\\\/no\\\/produkt\\\/ingersoll-rand-w3131-iqv20-cordless-impact-wrench\\\/\"]}]},{\"@type\":\"ImageObject\",\"inLanguage\":\"nb-NO\",\"@id\":\"https:\\\/\\\/protech.nu\\\/no\\\/produkt\\\/ingersoll-rand-w3131-iqv20-cordless-impact-wrench\\\/#primaryimage\",\"url\":\"https:\\\/\\\/protech.nu\\\/wp-content\\\/uploads\\\/2025\\\/12\\\/Ingersoll-Rand-W3131-\u2013-38\u2033-IQV20\u2122-akulookmutterkeeraja-7.jpg\",\"contentUrl\":\"https:\\\/\\\/protech.nu\\\/wp-content\\\/uploads\\\/2025\\\/12\\\/Ingersoll-Rand-W3131-\u2013-38\u2033-IQV20\u2122-akulookmutterkeeraja-7.jpg\",\"width\":600,\"height\":600,\"caption\":\"Ingersoll Rand W3131 \u2013 kompakt og kraftig 3\\\/8\u2033 IQV20\u2122 batteridrevet slagtrekker\"},{\"@type\":\"BreadcrumbList\",\"@id\":\"https:\\\/\\\/protech.nu\\\/no\\\/produkt\\\/ingersoll-rand-w3131-iqv20-cordless-impact-wrench\\\/#breadcrumb\",\"itemListElement\":[{\"@type\":\"ListItem\",\"position\":1,\"name\":\"Hjem\",\"item\":\"https:\\\/\\\/protech.nu\\\/no\\\/\"},{\"@type\":\"ListItem\",\"position\":2,\"name\":\"Tooted\",\"item\":\"https:\\\/\\\/protech.nu\\\/products\\\/\"},{\"@type\":\"ListItem\",\"position\":3,\"name\":\"Ingersoll Rand W3131 \u2013 3\\\/8\u2033, 545 Nm IQV20\u2122 batteridrevet slagtrekker (kun verkt\u00f8y)\"}]},{\"@type\":\"WebSite\",\"@id\":\"https:\\\/\\\/protech.nu\\\/no\\\/#website\",\"url\":\"https:\\\/\\\/protech.nu\\\/no\\\/\",\"name\":\"PROTECH\",\"description\":\"\",\"publisher\":{\"@id\":\"https:\\\/\\\/protech.nu\\\/no\\\/#organization\"},\"potentialAction\":[{\"@type\":\"SearchAction\",\"target\":{\"@type\":\"EntryPoint\",\"urlTemplate\":\"https:\\\/\\\/protech.nu\\\/no\\\/?s={search_term_string}\"},\"query-input\":{\"@type\":\"PropertyValueSpecification\",\"valueRequired\":true,\"valueName\":\"search_term_string\"}}],\"inLanguage\":\"nb-NO\"},{\"@type\":\"Organization\",\"@id\":\"https:\\\/\\\/protech.nu\\\/no\\\/#organization\",\"name\":\"MYPOWERTOOLSBOX\",\"alternateName\":\"ProTech\",\"url\":\"https:\\\/\\\/protech.nu\\\/no\\\/\",\"logo\":{\"@type\":\"ImageObject\",\"inLanguage\":\"nb-NO\",\"@id\":\"https:\\\/\\\/protech.nu\\\/no\\\/#\\\/schema\\\/logo\\\/image\\\/\",\"url\":\"https:\\\/\\\/2026.protech.nu\\\/wp-content\\\/uploads\\\/2026\\\/02\\\/ProTech.png\",\"contentUrl\":\"https:\\\/\\\/2026.protech.nu\\\/wp-content\\\/uploads\\\/2026\\\/02\\\/ProTech.png\",\"width\":1024,\"height\":1024,\"caption\":\"MYPOWERTOOLSBOX\"},\"image\":{\"@id\":\"https:\\\/\\\/protech.nu\\\/no\\\/#\\\/schema\\\/logo\\\/image\\\/\"},\"sameAs\":[\"https:\\\/\\\/www.facebook.com\\\/Protech.nu\\\/\",\"https:\\\/\\\/www.instagram.com\\\/protech_sweden\\\/\",\"https:\\\/\\\/www.linkedin.com\\\/company\\\/protech-professional-technologies-sweden-ab\\\/\",\"https:\\\/\\\/www.youtube.com\\\/@Protech_nu\"]}]}<\/script>\n<!-- \/ Yoast SEO plugin. -->","yoast_head_json":{"title":"Ingersoll Rand W3131 \u2013 3\/8\u2033 545 Nm IQV20\u2122 batteridrevet slagtrekker","description":"Ingersoll Rand W3131 er en kompakt 3\/8\u2033 IQV20\u2122 batteridrevet slagtrekker med 545 Nm l\u00f8snemoment, b\u00f8rstel\u00f8s motor og 360\u00b0 LED-lys. Ideell for profesjonell bruk.","robots":{"index":"index","follow":"follow","max-snippet":"max-snippet:-1","max-image-preview":"max-image-preview:large","max-video-preview":"max-video-preview:-1"},"canonical":"https:\/\/protech.nu\/no\/produkt\/ingersoll-rand-w3131-iqv20-cordless-impact-wrench\/","og_locale":"nb_NO","og_type":"article","og_title":"Ingersoll Rand W3131 \u2013 3\/8\u2033 545 Nm IQV20\u2122 batteridrevet slagtrekker","og_description":"Ingersoll Rand W3131 er en kompakt 3\/8\u2033 IQV20\u2122 batteridrevet slagtrekker med 545 Nm l\u00f8snemoment, b\u00f8rstel\u00f8s motor og 360\u00b0 LED-lys. Ideell for profesjonell bruk.","og_url":"https:\/\/protech.nu\/no\/produkt\/ingersoll-rand-w3131-iqv20-cordless-impact-wrench\/","og_site_name":"ProTech","article_publisher":"https:\/\/www.facebook.com\/Protech.nu\/","article_modified_time":"2025-12-27T23:28:08+00:00","og_image":[{"width":600,"height":600,"url":"https:\/\/protech.nu\/wp-content\/uploads\/2025\/12\/Ingersoll-Rand-W3131-\u2013-38\u2033-IQV20\u2122-akulookmutterkeeraja-7.jpg","type":"image\/jpeg"}],"twitter_card":"summary_large_image","twitter_misc":{"Ansl. lesetid":"1 minutt"},"schema":{"@context":"https:\/\/schema.org","@graph":[{"@type":"WebPage","@id":"https:\/\/protech.nu\/no\/produkt\/ingersoll-rand-w3131-iqv20-cordless-impact-wrench\/","url":"https:\/\/protech.nu\/no\/produkt\/ingersoll-rand-w3131-iqv20-cordless-impact-wrench\/","name":"Ingersoll Rand W3131 \u2013 3\/8\u2033 545 Nm IQV20\u2122 batteridrevet slagtrekker","isPartOf":{"@id":"https:\/\/protech.nu\/no\/#website"},"primaryImageOfPage":{"@id":"https:\/\/protech.nu\/no\/produkt\/ingersoll-rand-w3131-iqv20-cordless-impact-wrench\/#primaryimage"},"image":{"@id":"https:\/\/protech.nu\/no\/produkt\/ingersoll-rand-w3131-iqv20-cordless-impact-wrench\/#primaryimage"},"thumbnailUrl":"https:\/\/protech.nu\/wp-content\/uploads\/2025\/12\/Ingersoll-Rand-W3131-\u2013-38\u2033-IQV20\u2122-akulookmutterkeeraja-7.jpg","datePublished":"2025-12-27T22:20:40+00:00","dateModified":"2025-12-27T23:28:08+00:00","description":"Ingersoll Rand W3131 er en kompakt 3\/8\u2033 IQV20\u2122 batteridrevet slagtrekker med 545 Nm l\u00f8snemoment, b\u00f8rstel\u00f8s motor og 360\u00b0 LED-lys. Ideell for profesjonell bruk.","breadcrumb":{"@id":"https:\/\/protech.nu\/no\/produkt\/ingersoll-rand-w3131-iqv20-cordless-impact-wrench\/#breadcrumb"},"inLanguage":"nb-NO","potentialAction":[{"@type":"ReadAction","target":["https:\/\/protech.nu\/no\/produkt\/ingersoll-rand-w3131-iqv20-cordless-impact-wrench\/"]}]},{"@type":"ImageObject","inLanguage":"nb-NO","@id":"https:\/\/protech.nu\/no\/produkt\/ingersoll-rand-w3131-iqv20-cordless-impact-wrench\/#primaryimage","url":"https:\/\/protech.nu\/wp-content\/uploads\/2025\/12\/Ingersoll-Rand-W3131-\u2013-38\u2033-IQV20\u2122-akulookmutterkeeraja-7.jpg","contentUrl":"https:\/\/protech.nu\/wp-content\/uploads\/2025\/12\/Ingersoll-Rand-W3131-\u2013-38\u2033-IQV20\u2122-akulookmutterkeeraja-7.jpg","width":600,"height":600,"caption":"Ingersoll Rand W3131 \u2013 kompakt og kraftig 3\/8\u2033 IQV20\u2122 batteridrevet slagtrekker"},{"@type":"BreadcrumbList","@id":"https:\/\/protech.nu\/no\/produkt\/ingersoll-rand-w3131-iqv20-cordless-impact-wrench\/#breadcrumb","itemListElement":[{"@type":"ListItem","position":1,"name":"Hjem","item":"https:\/\/protech.nu\/no\/"},{"@type":"ListItem","position":2,"name":"Tooted","item":"https:\/\/protech.nu\/products\/"},{"@type":"ListItem","position":3,"name":"Ingersoll Rand W3131 \u2013 3\/8\u2033, 545 Nm IQV20\u2122 batteridrevet slagtrekker (kun verkt\u00f8y)"}]},{"@type":"WebSite","@id":"https:\/\/protech.nu\/no\/#website","url":"https:\/\/protech.nu\/no\/","name":"PROTECH","description":"","publisher":{"@id":"https:\/\/protech.nu\/no\/#organization"},"potentialAction":[{"@type":"SearchAction","target":{"@type":"EntryPoint","urlTemplate":"https:\/\/protech.nu\/no\/?s={search_term_string}"},"query-input":{"@type":"PropertyValueSpecification","valueRequired":true,"valueName":"search_term_string"}}],"inLanguage":"nb-NO"},{"@type":"Organization","@id":"https:\/\/protech.nu\/no\/#organization","name":"MYPOWERTOOLSBOX","alternateName":"ProTech","url":"https:\/\/protech.nu\/no\/","logo":{"@type":"ImageObject","inLanguage":"nb-NO","@id":"https:\/\/protech.nu\/no\/#\/schema\/logo\/image\/","url":"https:\/\/2026.protech.nu\/wp-content\/uploads\/2026\/02\/ProTech.png","contentUrl":"https:\/\/2026.protech.nu\/wp-content\/uploads\/2026\/02\/ProTech.png","width":1024,"height":1024,"caption":"MYPOWERTOOLSBOX"},"image":{"@id":"https:\/\/protech.nu\/no\/#\/schema\/logo\/image\/"},"sameAs":["https:\/\/www.facebook.com\/Protech.nu\/","https:\/\/www.instagram.com\/protech_sweden\/","https:\/\/www.linkedin.com\/company\/protech-professional-technologies-sweden-ab\/","https:\/\/www.youtube.com\/@Protech_nu"]}]}},"_links":{"self":[{"href":"https:\/\/protech.nu\/no\/wp-json\/wp\/v2\/product\/4942","targetHints":{"allow":["GET"]}}],"collection":[{"href":"https:\/\/protech.nu\/no\/wp-json\/wp\/v2\/product"}],"about":[{"href":"https:\/\/protech.nu\/no\/wp-json\/wp\/v2\/types\/product"}],"replies":[{"embeddable":true,"href":"https:\/\/protech.nu\/no\/wp-json\/wp\/v2\/comments?post=4942"}],"wp:featuredmedia":[{"embeddable":true,"href":"https:\/\/protech.nu\/no\/wp-json\/wp\/v2\/media\/4965"}],"wp:attachment":[{"href":"https:\/\/protech.nu\/no\/wp-json\/wp\/v2\/media?parent=4942"}],"wp:term":[{"taxonomy":"product_brand","embeddable":true,"href":"https:\/\/protech.nu\/no\/wp-json\/wp\/v2\/product_brand?post=4942"},{"taxonomy":"product_cat","embeddable":true,"href":"https:\/\/protech.nu\/no\/wp-json\/wp\/v2\/product_cat?post=4942"},{"taxonomy":"product_tag","embeddable":true,"href":"https:\/\/protech.nu\/no\/wp-json\/wp\/v2\/product_tag?post=4942"}],"curies":[{"name":"wp","href":"https:\/\/api.w.org\/{rel}","templated":true}]}}