{"id":9463,"date":"2025-08-22T09:02:34","date_gmt":"2025-08-22T09:02:34","guid":{"rendered":"https:\/\/protech.nu\/toode\/zero-gravity-intelligent-balanser\/"},"modified":"2026-04-19T11:53:52","modified_gmt":"2026-04-19T09:53:52","slug":"zero-gravity-intelligent-balanser","status":"publish","type":"product","link":"https:\/\/protech.nu\/no\/produkt\/zero-gravity-intelligent-balanser\/","title":{"rendered":"Zero Gravity Intelligent Balanser"},"content":{"rendered":"<section style=\"text-align: left !important; max-width: 900px; margin-left: 0; margin-right: auto; font-family: Arial, sans-serif;\">\n<h2 style=\"color: #d40000; text-align: left !important; font-weight: bold; border-bottom: 2px solid #d40000; padding-bottom: 10px;\">Ingersoll Rand Zero Gravity Intelligent Balanser \u2013 Smart lasth\u00e5ndtering<\/h2>\n<p style=\"text-align: left !important;\"><strong>Ingersoll Rand Zero Gravity Intelligent Balanser<\/strong> er en h\u00f8yteknologisk l\u00f8sning som kombinerer kraften fra en pneumatisk balanser med presisjonen fra elektronisk styring. Systemet tilpasser seg automatisk enhver belastning mellom <strong>0\u2013500 kg<\/strong>, noe som gir operat\u00f8ren en total f\u00f8lelse av vektl\u00f8shet.<\/p>\n<p style=\"text-align: left !important;\"><strong>Professional Technologies Sweden AB (ProTech)<\/strong> tilbyr komplette l\u00f8sninger fra systemdesign til installasjon. V\u00e5rt kompetansesenter i <strong>Stenungsund, Sverige<\/strong> er spesialisert p\u00e5 \u00e5 integrere komplekse l\u00f8fte-l\u00f8sninger for industrien i hele Norden og Baltikum.<\/p>\n<h3 style=\"text-align: left !important;\">Hvorfor velge Zero Gravity-systemet?<\/h3>\n<ul style=\"text-align: left !important; padding-left: 20px;\">\n<li><strong>Automatisk lastdeteksjon:<\/strong> Ikke behov for manuell justering \u2013 systemet beregner belastningen umiddelbart.<\/li>\n<li><strong>Maksimal sikkerhet:<\/strong> Innebygd beskyttelse ved tap av str\u00f8m eller lufttrykk, samt Z-brake hastighetsbegrenser.<\/li>\n<li><strong>&laquo;Flytende&raquo; styring:<\/strong> Operat\u00f8ren kan flytte delen direkte med hendene eller ved hjelp av det ergonomiske h\u00e5ndtaket.<\/li>\n<li><strong>Presisjon og kvalitet:<\/strong> F\u00e6rre menneskelige feil og bedre prosess-stabilitet ved presisjonsmontering.<\/li>\n<li><strong>Fleksibilitet:<\/strong> 3 programmerbare inn-\/utganger muliggj\u00f8r integrasjon med ulike gripere.<\/li>\n<li><strong>Forebyggende vedlikehold:<\/strong> Syklustelling og diagnostikk bidrar til \u00e5 forhindre uventet nedetid.<\/li>\n<\/ul>\n<div style=\"margin: 12px 0;\"><a style=\"display: inline-block; padding: 10px 16px; border: 2px solid #E14A2D; border-radius: 4px; text-decoration: none; font-weight: 600; color: #e14a2d;\" href=\"https:\/\/protech.nu\/wp-content\/uploads\/2025\/08\/ingersoll-rand-zero-gravity-2-0-air-balancer-flyer.pdf\" target=\"_blank\" rel=\"noopener\">Last ned Zero Gravity 2.0 flyer (PDF)<\/a><\/div>\n<h3 style=\"text-align: left !important; margin-top: 30px;\">Tekniske spesifikasjoner<\/h3>\n<table style=\"width: 100%; border-collapse: collapse; margin-top: 10px; text-align: left;\">\n<thead>\n<tr style=\"background-color: #f2f2f2; border-bottom: 2px solid #d40000;\">\n<th style=\"padding: 10px;\">Artikkelnummer<\/th>\n<th style=\"padding: 10px;\">Beskrivelse<\/th>\n<\/tr>\n<\/thead>\n<tbody>\n<tr style=\"border-bottom: 1px solid #eee;\">\n<td style=\"padding: 10px;\"><strong>ZG2W015080HMB<\/strong><\/td>\n<td style=\"padding: 10px;\">Kapasitet: 68 kg, Slaglengde: 2 m, Feste: Krok, Vekt: 25 kg<\/td>\n<\/tr>\n<tr style=\"border-bottom: 1px solid #eee;\">\n<td style=\"padding: 10px;\"><strong>ZG2W015080A1B<\/strong><\/td>\n<td style=\"padding: 10px;\">Kapasitet: 68 kg, Slaglengde: 2 m, Feste: L\u00f8pekatt ZRA1, Vekt: 25 kg<\/td>\n<\/tr>\n<tr style=\"border-bottom: 1px solid #eee;\">\n<td style=\"padding: 10px;\"><strong>ZG2W015080A2B<\/strong><\/td>\n<td style=\"padding: 10px;\">Kapasitet: 68 kg, Slaglengde: 2 m, Feste: L\u00f8pekatt ZRA2, Vekt: 25 kg<\/td>\n<\/tr>\n<tr style=\"border-bottom: 1px solid #eee;\">\n<td style=\"padding: 10px;\"><strong>ZG2W020120HMB<\/strong><\/td>\n<td style=\"padding: 10px;\">Kapasitet: 90 kg, Slaglengde: 3 m, Feste: Krok, Vekt: 31 kg<\/td>\n<\/tr>\n<tr style=\"border-bottom: 1px solid #eee;\">\n<td style=\"padding: 10px;\"><strong>ZG2W020120A1B<\/strong><\/td>\n<td style=\"padding: 10px;\">Kapasitet: 90 kg, Slaglengde: 3 m, Feste: L\u00f8pekatt ZRA1, Vekt: 31 kg<\/td>\n<\/tr>\n<tr style=\"border-bottom: 1px solid #eee;\">\n<td style=\"padding: 10px;\"><strong>ZG2W020120A2B<\/strong><\/td>\n<td style=\"padding: 10px;\">Kapasitet: 90 kg, Slaglengde: 3 m, Feste: L\u00f8pekatt ZRA2, Vekt: 31 kg<\/td>\n<\/tr>\n<tr style=\"border-bottom: 1px solid #eee;\">\n<td style=\"padding: 10px;\"><strong>ZG2W035080HMB<\/strong><\/td>\n<td style=\"padding: 10px;\">Kapasitet: 160 kg, Slaglengde: 2 m, Feste: Krok, Vekt: 31 kg<\/td>\n<\/tr>\n<tr style=\"border-bottom: 1px solid #eee;\">\n<td style=\"padding: 10px;\"><strong>ZG2W035080A1B<\/strong><\/td>\n<td style=\"padding: 10px;\">Kapasitet: 160 kg, Slaglengde: 2 m, Feste: L\u00f8pekatt ZRA1, Vekt: 31 kg<\/td>\n<\/tr>\n<tr style=\"border-bottom: 1px solid #eee;\">\n<td style=\"padding: 10px;\"><strong>ZG2W035080A2B<\/strong><\/td>\n<td style=\"padding: 10px;\">Kapasitet: 160 kg, Slaglengde: 2 m, Feste: L\u00f8pekatt ZRA2, Vekt: 31 kg<\/td>\n<\/tr>\n<tr style=\"border-bottom: 1px solid #eee;\">\n<td style=\"padding: 10px;\"><strong>ZG2W050080HMB<\/strong><\/td>\n<td style=\"padding: 10px;\">Kapasitet: 225 kg, Slaglengde: 2 m, Feste: Krok, Vekt: 52 kg<\/td>\n<\/tr>\n<tr style=\"border-bottom: 1px solid #eee;\">\n<td style=\"padding: 10px;\"><strong>ZG2W050080A1B<\/strong><\/td>\n<td style=\"padding: 10px;\">Kapasitet: 225 kg, Slaglengde: 2 m, Feste: L\u00f8pekatt ZRA1, Vekt: 52 kg<\/td>\n<\/tr>\n<tr style=\"border-bottom: 1px solid #eee;\">\n<td style=\"padding: 10px;\"><strong>ZG2W050080A2B<\/strong><\/td>\n<td style=\"padding: 10px;\">Kapasitet: 225 kg, Slaglengde: 2 m, Feste: L\u00f8pekatt ZRA2, Vekt: 52 kg<\/td>\n<\/tr>\n<\/tbody>\n<\/table>\n<p style=\"font-size: 0.9em; color: #888; margin-top: 20px;\">Professional Technologies Sweden AB (ProTech) tilbyr full service fra behovsanalyse til langsiktig vedlikehold av utstyr.<\/p>\n<\/section>\n","protected":false},"excerpt":{"rendered":"<section style=\"text-align: left !important;max-width: 900px;margin-left: 0;margin-right: auto;font-family: Arial, sans-serif\">\n<div style=\"max-width: 720px; margin: 0 0 20px 0; border-radius: 12px; overflow: hidden; box-shadow: 0 10px 30px rgba(0,0,0,0.15);\">\n[video width=\"1920\" height=\"1080\" mp4=\"https:\/\/protech.nu\/wp-content\/uploads\/2025\/08\/Zero-Gravity-Intelligent-Air-Balancer.mp4\" preload=\"auto\" autoplay=\"true\" loop=\"true\" muted=\"true\"][\/video]\n<\/div>\n<p style=\"font-size: 1.1em; line-height: 1.5;\">H\u00e5ndter last opptil <strong>500 kg like enkelt som 1 kg<\/strong>. Ingersoll Rand Zero Gravity Intelligent Balanser tilbyr automatisk balansering, ekstrem presisjon og <strong>innebygd fallsikring<\/strong> for sikkerhet i alle situasjoner.<\/p>\n<p style=\"color: #d40000; font-weight: bold;\">Professional Technologies Sweden AB (ProTech) er offisiell Ingersoll Rand-partner i Norden og Baltikum.<\/p>\n<\/section>\n","protected":false},"featured_media":9462,"comment_status":"open","ping_status":"closed","template":"","meta":{"_acf_changed":false,"_monsterinsights_skip_tracking":false,"_monsterinsights_sitenote_active":false,"_monsterinsights_sitenote_note":"","_monsterinsights_sitenote_category":0,"_themeisle_gutenberg_block_has_review":false},"product_brand":[],"product_cat":[300],"product_tag":[160],"class_list":{"0":"post-9463","1":"product","2":"type-product","3":"status-publish","4":"has-post-thumbnail","6":"product_cat-lifting-and-handling-systems-precision-assembly","7":"product_tag-no-demo","9":"first","10":"onbackorder","11":"sold-individually","12":"taxable","13":"shipping-taxable","14":"product-type-simple"},"acf":[],"yoast_head":"<!-- This site is optimized with the Yoast SEO plugin v27.6 - https:\/\/yoast.com\/product\/yoast-seo-wordpress\/ -->\n<title>Ingersoll Rand Zero Gravity Intelligent Balancer | ProTech<\/title>\n<meta name=\"description\" content=\"H\u00e5ndter last opptil 500 kg uten anstrengelse. Ingersoll Rand Zero Gravity-system fra ProTech \u2013 automatisk balansering og fallsikring for presisjonsmontering.\" \/>\n<meta name=\"robots\" content=\"index, follow, max-snippet:-1, max-image-preview:large, max-video-preview:-1\" \/>\n<link rel=\"canonical\" href=\"https:\/\/protech.nu\/no\/produkt\/zero-gravity-intelligent-balanser\/\" \/>\n<meta property=\"og:locale\" content=\"nb_NO\" \/>\n<meta property=\"og:type\" content=\"article\" \/>\n<meta property=\"og:title\" content=\"Ingersoll Rand Zero Gravity Intelligent Balancer | ProTech\" \/>\n<meta property=\"og:description\" content=\"H\u00e5ndter last opptil 500 kg uten anstrengelse. Ingersoll Rand Zero Gravity-system fra ProTech \u2013 automatisk balansering og fallsikring for presisjonsmontering.\" \/>\n<meta property=\"og:url\" content=\"https:\/\/protech.nu\/no\/produkt\/zero-gravity-intelligent-balanser\/\" \/>\n<meta property=\"og:site_name\" content=\"ProTech\" \/>\n<meta property=\"article:publisher\" content=\"https:\/\/www.facebook.com\/Protech.nu\/\" \/>\n<meta property=\"article:modified_time\" content=\"2026-04-19T09:53:52+00:00\" \/>\n<meta property=\"og:image\" content=\"https:\/\/protech.nu\/wp-content\/uploads\/2025\/08\/zero-gravity-with-numbers.webp\" \/>\n\t<meta property=\"og:image:width\" content=\"1432\" \/>\n\t<meta property=\"og:image:height\" content=\"1112\" \/>\n\t<meta property=\"og:image:type\" content=\"image\/webp\" \/>\n<meta name=\"twitter:card\" content=\"summary_large_image\" \/>\n<meta name=\"twitter:label1\" content=\"Ansl. lesetid\" \/>\n\t<meta name=\"twitter:data1\" content=\"2 minutter\" \/>\n<script type=\"application\/ld+json\" class=\"yoast-schema-graph\">{\"@context\":\"https:\\\/\\\/schema.org\",\"@graph\":[{\"@type\":\"WebPage\",\"@id\":\"https:\\\/\\\/protech.nu\\\/no\\\/produkt\\\/zero-gravity-intelligent-balanser\\\/\",\"url\":\"https:\\\/\\\/protech.nu\\\/no\\\/produkt\\\/zero-gravity-intelligent-balanser\\\/\",\"name\":\"Ingersoll Rand Zero Gravity Intelligent Balancer | ProTech\",\"isPartOf\":{\"@id\":\"https:\\\/\\\/protech.nu\\\/no\\\/#website\"},\"primaryImageOfPage\":{\"@id\":\"https:\\\/\\\/protech.nu\\\/no\\\/produkt\\\/zero-gravity-intelligent-balanser\\\/#primaryimage\"},\"image\":{\"@id\":\"https:\\\/\\\/protech.nu\\\/no\\\/produkt\\\/zero-gravity-intelligent-balanser\\\/#primaryimage\"},\"thumbnailUrl\":\"https:\\\/\\\/protech.nu\\\/wp-content\\\/uploads\\\/2025\\\/08\\\/zero-gravity-with-numbers.webp\",\"datePublished\":\"2025-08-22T09:02:34+00:00\",\"dateModified\":\"2026-04-19T09:53:52+00:00\",\"description\":\"H\u00e5ndter last opptil 500 kg uten anstrengelse. Ingersoll Rand Zero Gravity-system fra ProTech \u2013 automatisk balansering og fallsikring for presisjonsmontering.\",\"breadcrumb\":{\"@id\":\"https:\\\/\\\/protech.nu\\\/no\\\/produkt\\\/zero-gravity-intelligent-balanser\\\/#breadcrumb\"},\"inLanguage\":\"nb-NO\",\"potentialAction\":[{\"@type\":\"ReadAction\",\"target\":[\"https:\\\/\\\/protech.nu\\\/no\\\/produkt\\\/zero-gravity-intelligent-balanser\\\/\"]}]},{\"@type\":\"ImageObject\",\"inLanguage\":\"nb-NO\",\"@id\":\"https:\\\/\\\/protech.nu\\\/no\\\/produkt\\\/zero-gravity-intelligent-balanser\\\/#primaryimage\",\"url\":\"https:\\\/\\\/protech.nu\\\/wp-content\\\/uploads\\\/2025\\\/08\\\/zero-gravity-with-numbers.webp\",\"contentUrl\":\"https:\\\/\\\/protech.nu\\\/wp-content\\\/uploads\\\/2025\\\/08\\\/zero-gravity-with-numbers.webp\",\"width\":1432,\"height\":1112,\"caption\":\"Gj\u00f8r lasten vektl\u00f8s for operat\u00f8ren og sikrer trygg h\u00e5ndtering.\"},{\"@type\":\"BreadcrumbList\",\"@id\":\"https:\\\/\\\/protech.nu\\\/no\\\/produkt\\\/zero-gravity-intelligent-balanser\\\/#breadcrumb\",\"itemListElement\":[{\"@type\":\"ListItem\",\"position\":1,\"name\":\"Hjem\",\"item\":\"https:\\\/\\\/protech.nu\\\/no\\\/\"},{\"@type\":\"ListItem\",\"position\":2,\"name\":\"Tooted\",\"item\":\"https:\\\/\\\/protech.nu\\\/products\\\/\"},{\"@type\":\"ListItem\",\"position\":3,\"name\":\"Zero Gravity Intelligent Balanser\"}]},{\"@type\":\"WebSite\",\"@id\":\"https:\\\/\\\/protech.nu\\\/no\\\/#website\",\"url\":\"https:\\\/\\\/protech.nu\\\/no\\\/\",\"name\":\"PROTECH\",\"description\":\"\",\"publisher\":{\"@id\":\"https:\\\/\\\/protech.nu\\\/no\\\/#organization\"},\"potentialAction\":[{\"@type\":\"SearchAction\",\"target\":{\"@type\":\"EntryPoint\",\"urlTemplate\":\"https:\\\/\\\/protech.nu\\\/no\\\/?s={search_term_string}\"},\"query-input\":{\"@type\":\"PropertyValueSpecification\",\"valueRequired\":true,\"valueName\":\"search_term_string\"}}],\"inLanguage\":\"nb-NO\"},{\"@type\":\"Organization\",\"@id\":\"https:\\\/\\\/protech.nu\\\/no\\\/#organization\",\"name\":\"MYPOWERTOOLSBOX\",\"alternateName\":\"ProTech\",\"url\":\"https:\\\/\\\/protech.nu\\\/no\\\/\",\"logo\":{\"@type\":\"ImageObject\",\"inLanguage\":\"nb-NO\",\"@id\":\"https:\\\/\\\/protech.nu\\\/no\\\/#\\\/schema\\\/logo\\\/image\\\/\",\"url\":\"https:\\\/\\\/2026.protech.nu\\\/wp-content\\\/uploads\\\/2026\\\/02\\\/ProTech.png\",\"contentUrl\":\"https:\\\/\\\/2026.protech.nu\\\/wp-content\\\/uploads\\\/2026\\\/02\\\/ProTech.png\",\"width\":1024,\"height\":1024,\"caption\":\"MYPOWERTOOLSBOX\"},\"image\":{\"@id\":\"https:\\\/\\\/protech.nu\\\/no\\\/#\\\/schema\\\/logo\\\/image\\\/\"},\"sameAs\":[\"https:\\\/\\\/www.facebook.com\\\/Protech.nu\\\/\",\"https:\\\/\\\/www.instagram.com\\\/protech_sweden\\\/\",\"https:\\\/\\\/www.linkedin.com\\\/company\\\/protech-professional-technologies-sweden-ab\\\/\",\"https:\\\/\\\/www.youtube.com\\\/@Protech_nu\"]}]}<\/script>\n<!-- \/ Yoast SEO plugin. -->","yoast_head_json":{"title":"Ingersoll Rand Zero Gravity Intelligent Balancer | ProTech","description":"H\u00e5ndter last opptil 500 kg uten anstrengelse. Ingersoll Rand Zero Gravity-system fra ProTech \u2013 automatisk balansering og fallsikring for presisjonsmontering.","robots":{"index":"index","follow":"follow","max-snippet":"max-snippet:-1","max-image-preview":"max-image-preview:large","max-video-preview":"max-video-preview:-1"},"canonical":"https:\/\/protech.nu\/no\/produkt\/zero-gravity-intelligent-balanser\/","og_locale":"nb_NO","og_type":"article","og_title":"Ingersoll Rand Zero Gravity Intelligent Balancer | ProTech","og_description":"H\u00e5ndter last opptil 500 kg uten anstrengelse. Ingersoll Rand Zero Gravity-system fra ProTech \u2013 automatisk balansering og fallsikring for presisjonsmontering.","og_url":"https:\/\/protech.nu\/no\/produkt\/zero-gravity-intelligent-balanser\/","og_site_name":"ProTech","article_publisher":"https:\/\/www.facebook.com\/Protech.nu\/","article_modified_time":"2026-04-19T09:53:52+00:00","og_image":[{"width":1432,"height":1112,"url":"https:\/\/protech.nu\/wp-content\/uploads\/2025\/08\/zero-gravity-with-numbers.webp","type":"image\/webp"}],"twitter_card":"summary_large_image","twitter_misc":{"Ansl. lesetid":"2 minutter"},"schema":{"@context":"https:\/\/schema.org","@graph":[{"@type":"WebPage","@id":"https:\/\/protech.nu\/no\/produkt\/zero-gravity-intelligent-balanser\/","url":"https:\/\/protech.nu\/no\/produkt\/zero-gravity-intelligent-balanser\/","name":"Ingersoll Rand Zero Gravity Intelligent Balancer | ProTech","isPartOf":{"@id":"https:\/\/protech.nu\/no\/#website"},"primaryImageOfPage":{"@id":"https:\/\/protech.nu\/no\/produkt\/zero-gravity-intelligent-balanser\/#primaryimage"},"image":{"@id":"https:\/\/protech.nu\/no\/produkt\/zero-gravity-intelligent-balanser\/#primaryimage"},"thumbnailUrl":"https:\/\/protech.nu\/wp-content\/uploads\/2025\/08\/zero-gravity-with-numbers.webp","datePublished":"2025-08-22T09:02:34+00:00","dateModified":"2026-04-19T09:53:52+00:00","description":"H\u00e5ndter last opptil 500 kg uten anstrengelse. Ingersoll Rand Zero Gravity-system fra ProTech \u2013 automatisk balansering og fallsikring for presisjonsmontering.","breadcrumb":{"@id":"https:\/\/protech.nu\/no\/produkt\/zero-gravity-intelligent-balanser\/#breadcrumb"},"inLanguage":"nb-NO","potentialAction":[{"@type":"ReadAction","target":["https:\/\/protech.nu\/no\/produkt\/zero-gravity-intelligent-balanser\/"]}]},{"@type":"ImageObject","inLanguage":"nb-NO","@id":"https:\/\/protech.nu\/no\/produkt\/zero-gravity-intelligent-balanser\/#primaryimage","url":"https:\/\/protech.nu\/wp-content\/uploads\/2025\/08\/zero-gravity-with-numbers.webp","contentUrl":"https:\/\/protech.nu\/wp-content\/uploads\/2025\/08\/zero-gravity-with-numbers.webp","width":1432,"height":1112,"caption":"Gj\u00f8r lasten vektl\u00f8s for operat\u00f8ren og sikrer trygg h\u00e5ndtering."},{"@type":"BreadcrumbList","@id":"https:\/\/protech.nu\/no\/produkt\/zero-gravity-intelligent-balanser\/#breadcrumb","itemListElement":[{"@type":"ListItem","position":1,"name":"Hjem","item":"https:\/\/protech.nu\/no\/"},{"@type":"ListItem","position":2,"name":"Tooted","item":"https:\/\/protech.nu\/products\/"},{"@type":"ListItem","position":3,"name":"Zero Gravity Intelligent Balanser"}]},{"@type":"WebSite","@id":"https:\/\/protech.nu\/no\/#website","url":"https:\/\/protech.nu\/no\/","name":"PROTECH","description":"","publisher":{"@id":"https:\/\/protech.nu\/no\/#organization"},"potentialAction":[{"@type":"SearchAction","target":{"@type":"EntryPoint","urlTemplate":"https:\/\/protech.nu\/no\/?s={search_term_string}"},"query-input":{"@type":"PropertyValueSpecification","valueRequired":true,"valueName":"search_term_string"}}],"inLanguage":"nb-NO"},{"@type":"Organization","@id":"https:\/\/protech.nu\/no\/#organization","name":"MYPOWERTOOLSBOX","alternateName":"ProTech","url":"https:\/\/protech.nu\/no\/","logo":{"@type":"ImageObject","inLanguage":"nb-NO","@id":"https:\/\/protech.nu\/no\/#\/schema\/logo\/image\/","url":"https:\/\/2026.protech.nu\/wp-content\/uploads\/2026\/02\/ProTech.png","contentUrl":"https:\/\/2026.protech.nu\/wp-content\/uploads\/2026\/02\/ProTech.png","width":1024,"height":1024,"caption":"MYPOWERTOOLSBOX"},"image":{"@id":"https:\/\/protech.nu\/no\/#\/schema\/logo\/image\/"},"sameAs":["https:\/\/www.facebook.com\/Protech.nu\/","https:\/\/www.instagram.com\/protech_sweden\/","https:\/\/www.linkedin.com\/company\/protech-professional-technologies-sweden-ab\/","https:\/\/www.youtube.com\/@Protech_nu"]}]}},"_links":{"self":[{"href":"https:\/\/protech.nu\/no\/wp-json\/wp\/v2\/product\/9463","targetHints":{"allow":["GET"]}}],"collection":[{"href":"https:\/\/protech.nu\/no\/wp-json\/wp\/v2\/product"}],"about":[{"href":"https:\/\/protech.nu\/no\/wp-json\/wp\/v2\/types\/product"}],"replies":[{"embeddable":true,"href":"https:\/\/protech.nu\/no\/wp-json\/wp\/v2\/comments?post=9463"}],"wp:featuredmedia":[{"embeddable":true,"href":"https:\/\/protech.nu\/no\/wp-json\/wp\/v2\/media\/9462"}],"wp:attachment":[{"href":"https:\/\/protech.nu\/no\/wp-json\/wp\/v2\/media?parent=9463"}],"wp:term":[{"taxonomy":"product_brand","embeddable":true,"href":"https:\/\/protech.nu\/no\/wp-json\/wp\/v2\/product_brand?post=9463"},{"taxonomy":"product_cat","embeddable":true,"href":"https:\/\/protech.nu\/no\/wp-json\/wp\/v2\/product_cat?post=9463"},{"taxonomy":"product_tag","embeddable":true,"href":"https:\/\/protech.nu\/no\/wp-json\/wp\/v2\/product_tag?post=9463"}],"curies":[{"name":"wp","href":"https:\/\/api.w.org\/{rel}","templated":true}]}}