{"id":2751,"date":"2025-11-08T00:42:23","date_gmt":"2025-11-08T00:42:23","guid":{"rendered":"https:\/\/protech.nu\/toode\/ingersoll-rand-bl4011-li-ion-batteri-40-v-25-ah-for-iqv40-verktyg\/"},"modified":"2026-01-20T00:04:13","modified_gmt":"2026-01-20T00:04:13","slug":"ingersoll-rand-bl4011-battery","status":"publish","type":"product","link":"https:\/\/protech.nu\/produkt\/ingersoll-rand-bl4011-battery\/","title":{"rendered":"Ingersoll Rand BL4011 batteri (40V, 2.5Ah)"},"content":{"rendered":"<h3>Ingersoll Rand BL4011 Li\u2011Ion batteri (40V, 2,5 Ah)<\/h3>\n<p>Ingersoll Rand <strong>BL4011<\/strong> \u00e4r ett kraftfullt 40V Li\u2011Ion batteri fr\u00e5n IQV40\u2122-serien med en kapacitet p\u00e5 2,5 Ah. Tack vare l\u00e5gt inre motst\u00e5nd levererar det maximal effekt och enast\u00e5ende drifttid \u00e4ven under de mest kr\u00e4vande f\u00f6rh\u00e5llanden.<\/p>\n<p>Batteriet \u00e4r utrustat med ett intelligent <strong>Battery Management System (BMS)<\/strong> skyddssystem som f\u00f6rhindrar \u00f6verbelastning, \u00f6verladdning och djupurladdning, vilket skyddar b\u00e5de batteriet och verktyget. Detta batteri \u00e4r designat f\u00f6r anv\u00e4ndning med QX- och IQV40-verktyg och \u00e4r optimerat f\u00f6r att \u00f6ka precision och prestanda.<\/p>\n<hr \/>\n<h3>Tekniska specifikationer:<\/h3>\n<ul>\n<li><strong>Kemi:<\/strong> Li\u2011Ion<\/li>\n<li><strong>Sp\u00e4nning:<\/strong> 40 V<\/li>\n<li><strong>Kapacitet:<\/strong> 2,5 Ah<\/li>\n<li><strong>Skyddssystem:<\/strong> Intelligent BMS (skydd mot \u00f6verbelastning, \u00f6verladdning och urladdning)<\/li>\n<li><strong>Kompatibilitet:<\/strong> Alla IQV40\u2122-verktyg och laddare<\/li>\n<li><strong>Vikt:<\/strong> 0,70 kg<\/li>\n<\/ul>\n<p><strong>Download the IQV Series Product Catalog:<\/strong><\/p>\n<div style=\"margin: 15px 0 36px 0;\"><a style=\"display: inline-block; border: 2px solid #E14A2D; color: #e14a2d; padding: 12px 20px; border-radius: 4px; text-decoration: none; font-weight: 600; background: transparent;\" href=\"https:\/\/protech.nu\/wp-content\/uploads\/2025\/09\/ingersoll-rand-iqv20-cordless-tools-catalog.pdf\" target=\"_blank\" rel=\"noopener\">Ingersoll Rand IQV Cordless Tools | Power, Precision and Performance<br \/>\n<\/a><\/div>\n","protected":false},"excerpt":{"rendered":"<p>Ingersoll Rand <strong>BL4011 Li\u2011Ion batteri<\/strong> (40V, 2,5 Ah) f\u00f6r IQV40\u2122-verktyg. Tack vare l\u00e5gt inre motst\u00e5nd och intelligent BMS-skydd garanteras maximal prestanda och optimal drifttid.<\/p>\n","protected":false},"featured_media":1603,"comment_status":"open","ping_status":"closed","template":"","meta":{"_acf_changed":false,"_monsterinsights_skip_tracking":false,"_monsterinsights_sitenote_active":false,"_monsterinsights_sitenote_note":"","_monsterinsights_sitenote_category":0,"_themeisle_gutenberg_block_has_review":false},"product_brand":[],"product_cat":[197,275,149],"product_tag":[],"class_list":{"0":"post-2751","1":"product","2":"type-product","3":"status-publish","4":"has-post-thumbnail","6":"product_cat-ingersoll-rand-batterier-och-laddare","7":"product_cat-ingersoll-rand-qx-series","8":"product_cat-ingersoll-rand-precisionsskruvdragare-och-mutterdragare","10":"first","11":"instock","12":"taxable","13":"shipping-taxable","14":"purchasable","15":"product-type-simple"},"acf":[],"yoast_head":"<!-- This site is optimized with the Yoast SEO plugin v27.5 - https:\/\/yoast.com\/product\/yoast-seo-wordpress\/ -->\n<title>Ingersoll Rand BL4011 batteri 40V 2.5Ah<\/title>\n<meta name=\"description\" content=\"Ingersoll Rand BL4011 batteri (40V, 2.5Ah) f\u00f6r IQV40\u2122 Li-Ion-verktyg. Kraftfullt och p\u00e5litligt batteri med l\u00e5ng livsl\u00e4ngd f\u00f6r professionell anv\u00e4ndning.\" \/>\n<meta name=\"robots\" content=\"index, follow, max-snippet:-1, max-image-preview:large, max-video-preview:-1\" \/>\n<link rel=\"canonical\" href=\"https:\/\/protech.nu\/produkt\/ingersoll-rand-bl4011-battery\/\" \/>\n<meta property=\"og:locale\" content=\"sv_SE\" \/>\n<meta property=\"og:type\" content=\"article\" \/>\n<meta property=\"og:title\" content=\"Ingersoll Rand BL4011 batteri 40V 2.5Ah\" \/>\n<meta property=\"og:description\" content=\"Ingersoll Rand BL4011 batteri (40V, 2.5Ah) f\u00f6r IQV40\u2122 Li-Ion-verktyg. Kraftfullt och p\u00e5litligt batteri med l\u00e5ng livsl\u00e4ngd f\u00f6r professionell anv\u00e4ndning.\" \/>\n<meta property=\"og:url\" content=\"https:\/\/protech.nu\/produkt\/ingersoll-rand-bl4011-battery\/\" \/>\n<meta property=\"og:site_name\" content=\"ProTech\" \/>\n<meta property=\"article:publisher\" content=\"https:\/\/www.facebook.com\/Protech.nu\/\" \/>\n<meta property=\"article:modified_time\" content=\"2026-01-20T00:04:13+00:00\" \/>\n<meta property=\"og:image\" content=\"https:\/\/protech.nu\/wp-content\/uploads\/2025\/08\/ingersoll-rand-bl4011-aku-40v-2-5ah.jpg\" \/>\n\t<meta property=\"og:image:width\" content=\"600\" \/>\n\t<meta property=\"og:image:height\" content=\"600\" \/>\n\t<meta property=\"og:image:type\" content=\"image\/jpeg\" \/>\n<meta name=\"twitter:card\" content=\"summary_large_image\" \/>\n<meta name=\"twitter:label1\" content=\"Ber\u00e4knad l\u00e4stid\" \/>\n\t<meta name=\"twitter:data1\" content=\"1 minut\" \/>\n<script type=\"application\/ld+json\" class=\"yoast-schema-graph\">{\"@context\":\"https:\\\/\\\/schema.org\",\"@graph\":[{\"@type\":\"WebPage\",\"@id\":\"https:\\\/\\\/protech.nu\\\/produkt\\\/ingersoll-rand-bl4011-battery\\\/\",\"url\":\"https:\\\/\\\/protech.nu\\\/produkt\\\/ingersoll-rand-bl4011-battery\\\/\",\"name\":\"Ingersoll Rand BL4011 batteri 40V 2.5Ah\",\"isPartOf\":{\"@id\":\"https:\\\/\\\/protech.nu\\\/#website\"},\"primaryImageOfPage\":{\"@id\":\"https:\\\/\\\/protech.nu\\\/produkt\\\/ingersoll-rand-bl4011-battery\\\/#primaryimage\"},\"image\":{\"@id\":\"https:\\\/\\\/protech.nu\\\/produkt\\\/ingersoll-rand-bl4011-battery\\\/#primaryimage\"},\"thumbnailUrl\":\"https:\\\/\\\/protech.nu\\\/wp-content\\\/uploads\\\/2025\\\/08\\\/ingersoll-rand-bl4011-aku-40v-2-5ah.jpg\",\"datePublished\":\"2025-11-08T00:42:23+00:00\",\"dateModified\":\"2026-01-20T00:04:13+00:00\",\"description\":\"Ingersoll Rand BL4011 batteri (40V, 2.5Ah) f\u00f6r IQV40\u2122 Li-Ion-verktyg. Kraftfullt och p\u00e5litligt batteri med l\u00e5ng livsl\u00e4ngd f\u00f6r professionell anv\u00e4ndning.\",\"breadcrumb\":{\"@id\":\"https:\\\/\\\/protech.nu\\\/produkt\\\/ingersoll-rand-bl4011-battery\\\/#breadcrumb\"},\"inLanguage\":\"sv-SE\",\"potentialAction\":[{\"@type\":\"ReadAction\",\"target\":[\"https:\\\/\\\/protech.nu\\\/produkt\\\/ingersoll-rand-bl4011-battery\\\/\"]}]},{\"@type\":\"ImageObject\",\"inLanguage\":\"sv-SE\",\"@id\":\"https:\\\/\\\/protech.nu\\\/produkt\\\/ingersoll-rand-bl4011-battery\\\/#primaryimage\",\"url\":\"https:\\\/\\\/protech.nu\\\/wp-content\\\/uploads\\\/2025\\\/08\\\/ingersoll-rand-bl4011-aku-40v-2-5ah.jpg\",\"contentUrl\":\"https:\\\/\\\/protech.nu\\\/wp-content\\\/uploads\\\/2025\\\/08\\\/ingersoll-rand-bl4011-aku-40v-2-5ah.jpg\",\"width\":600,\"height\":600,\"caption\":\"Ingersoll Rand BL4011 Li-ion 40 V 2,5 Ah\"},{\"@type\":\"BreadcrumbList\",\"@id\":\"https:\\\/\\\/protech.nu\\\/produkt\\\/ingersoll-rand-bl4011-battery\\\/#breadcrumb\",\"itemListElement\":[{\"@type\":\"ListItem\",\"position\":1,\"name\":\"Hem\",\"item\":\"https:\\\/\\\/protech.nu\\\/sv\\\/\"},{\"@type\":\"ListItem\",\"position\":2,\"name\":\"Tooted\",\"item\":\"https:\\\/\\\/protech.nu\\\/products\\\/\"},{\"@type\":\"ListItem\",\"position\":3,\"name\":\"Ingersoll Rand BL4011 batteri (40V, 2.5Ah)\"}]},{\"@type\":\"WebSite\",\"@id\":\"https:\\\/\\\/protech.nu\\\/#website\",\"url\":\"https:\\\/\\\/protech.nu\\\/\",\"name\":\"PROTECH\",\"description\":\"\",\"publisher\":{\"@id\":\"https:\\\/\\\/protech.nu\\\/#organization\"},\"potentialAction\":[{\"@type\":\"SearchAction\",\"target\":{\"@type\":\"EntryPoint\",\"urlTemplate\":\"https:\\\/\\\/protech.nu\\\/?s={search_term_string}\"},\"query-input\":{\"@type\":\"PropertyValueSpecification\",\"valueRequired\":true,\"valueName\":\"search_term_string\"}}],\"inLanguage\":\"sv-SE\"},{\"@type\":\"Organization\",\"@id\":\"https:\\\/\\\/protech.nu\\\/#organization\",\"name\":\"MYPOWERTOOLSBOX\",\"alternateName\":\"ProTech\",\"url\":\"https:\\\/\\\/protech.nu\\\/\",\"logo\":{\"@type\":\"ImageObject\",\"inLanguage\":\"sv-SE\",\"@id\":\"https:\\\/\\\/protech.nu\\\/#\\\/schema\\\/logo\\\/image\\\/\",\"url\":\"https:\\\/\\\/2026.protech.nu\\\/wp-content\\\/uploads\\\/2026\\\/02\\\/ProTech.png\",\"contentUrl\":\"https:\\\/\\\/2026.protech.nu\\\/wp-content\\\/uploads\\\/2026\\\/02\\\/ProTech.png\",\"width\":1024,\"height\":1024,\"caption\":\"MYPOWERTOOLSBOX\"},\"image\":{\"@id\":\"https:\\\/\\\/protech.nu\\\/#\\\/schema\\\/logo\\\/image\\\/\"},\"sameAs\":[\"https:\\\/\\\/www.facebook.com\\\/Protech.nu\\\/\",\"https:\\\/\\\/www.instagram.com\\\/protech_sweden\\\/\",\"https:\\\/\\\/www.linkedin.com\\\/company\\\/protech-professional-technologies-sweden-ab\\\/\",\"https:\\\/\\\/www.youtube.com\\\/@Protech_nu\"]}]}<\/script>\n<!-- \/ Yoast SEO plugin. -->","yoast_head_json":{"title":"Ingersoll Rand BL4011 batteri 40V 2.5Ah","description":"Ingersoll Rand BL4011 batteri (40V, 2.5Ah) f\u00f6r IQV40\u2122 Li-Ion-verktyg. Kraftfullt och p\u00e5litligt batteri med l\u00e5ng livsl\u00e4ngd f\u00f6r professionell anv\u00e4ndning.","robots":{"index":"index","follow":"follow","max-snippet":"max-snippet:-1","max-image-preview":"max-image-preview:large","max-video-preview":"max-video-preview:-1"},"canonical":"https:\/\/protech.nu\/produkt\/ingersoll-rand-bl4011-battery\/","og_locale":"sv_SE","og_type":"article","og_title":"Ingersoll Rand BL4011 batteri 40V 2.5Ah","og_description":"Ingersoll Rand BL4011 batteri (40V, 2.5Ah) f\u00f6r IQV40\u2122 Li-Ion-verktyg. Kraftfullt och p\u00e5litligt batteri med l\u00e5ng livsl\u00e4ngd f\u00f6r professionell anv\u00e4ndning.","og_url":"https:\/\/protech.nu\/produkt\/ingersoll-rand-bl4011-battery\/","og_site_name":"ProTech","article_publisher":"https:\/\/www.facebook.com\/Protech.nu\/","article_modified_time":"2026-01-20T00:04:13+00:00","og_image":[{"width":600,"height":600,"url":"https:\/\/protech.nu\/wp-content\/uploads\/2025\/08\/ingersoll-rand-bl4011-aku-40v-2-5ah.jpg","type":"image\/jpeg"}],"twitter_card":"summary_large_image","twitter_misc":{"Ber\u00e4knad l\u00e4stid":"1 minut"},"schema":{"@context":"https:\/\/schema.org","@graph":[{"@type":"WebPage","@id":"https:\/\/protech.nu\/produkt\/ingersoll-rand-bl4011-battery\/","url":"https:\/\/protech.nu\/produkt\/ingersoll-rand-bl4011-battery\/","name":"Ingersoll Rand BL4011 batteri 40V 2.5Ah","isPartOf":{"@id":"https:\/\/protech.nu\/#website"},"primaryImageOfPage":{"@id":"https:\/\/protech.nu\/produkt\/ingersoll-rand-bl4011-battery\/#primaryimage"},"image":{"@id":"https:\/\/protech.nu\/produkt\/ingersoll-rand-bl4011-battery\/#primaryimage"},"thumbnailUrl":"https:\/\/protech.nu\/wp-content\/uploads\/2025\/08\/ingersoll-rand-bl4011-aku-40v-2-5ah.jpg","datePublished":"2025-11-08T00:42:23+00:00","dateModified":"2026-01-20T00:04:13+00:00","description":"Ingersoll Rand BL4011 batteri (40V, 2.5Ah) f\u00f6r IQV40\u2122 Li-Ion-verktyg. Kraftfullt och p\u00e5litligt batteri med l\u00e5ng livsl\u00e4ngd f\u00f6r professionell anv\u00e4ndning.","breadcrumb":{"@id":"https:\/\/protech.nu\/produkt\/ingersoll-rand-bl4011-battery\/#breadcrumb"},"inLanguage":"sv-SE","potentialAction":[{"@type":"ReadAction","target":["https:\/\/protech.nu\/produkt\/ingersoll-rand-bl4011-battery\/"]}]},{"@type":"ImageObject","inLanguage":"sv-SE","@id":"https:\/\/protech.nu\/produkt\/ingersoll-rand-bl4011-battery\/#primaryimage","url":"https:\/\/protech.nu\/wp-content\/uploads\/2025\/08\/ingersoll-rand-bl4011-aku-40v-2-5ah.jpg","contentUrl":"https:\/\/protech.nu\/wp-content\/uploads\/2025\/08\/ingersoll-rand-bl4011-aku-40v-2-5ah.jpg","width":600,"height":600,"caption":"Ingersoll Rand BL4011 Li-ion 40 V 2,5 Ah"},{"@type":"BreadcrumbList","@id":"https:\/\/protech.nu\/produkt\/ingersoll-rand-bl4011-battery\/#breadcrumb","itemListElement":[{"@type":"ListItem","position":1,"name":"Hem","item":"https:\/\/protech.nu\/sv\/"},{"@type":"ListItem","position":2,"name":"Tooted","item":"https:\/\/protech.nu\/products\/"},{"@type":"ListItem","position":3,"name":"Ingersoll Rand BL4011 batteri (40V, 2.5Ah)"}]},{"@type":"WebSite","@id":"https:\/\/protech.nu\/#website","url":"https:\/\/protech.nu\/","name":"PROTECH","description":"","publisher":{"@id":"https:\/\/protech.nu\/#organization"},"potentialAction":[{"@type":"SearchAction","target":{"@type":"EntryPoint","urlTemplate":"https:\/\/protech.nu\/?s={search_term_string}"},"query-input":{"@type":"PropertyValueSpecification","valueRequired":true,"valueName":"search_term_string"}}],"inLanguage":"sv-SE"},{"@type":"Organization","@id":"https:\/\/protech.nu\/#organization","name":"MYPOWERTOOLSBOX","alternateName":"ProTech","url":"https:\/\/protech.nu\/","logo":{"@type":"ImageObject","inLanguage":"sv-SE","@id":"https:\/\/protech.nu\/#\/schema\/logo\/image\/","url":"https:\/\/2026.protech.nu\/wp-content\/uploads\/2026\/02\/ProTech.png","contentUrl":"https:\/\/2026.protech.nu\/wp-content\/uploads\/2026\/02\/ProTech.png","width":1024,"height":1024,"caption":"MYPOWERTOOLSBOX"},"image":{"@id":"https:\/\/protech.nu\/#\/schema\/logo\/image\/"},"sameAs":["https:\/\/www.facebook.com\/Protech.nu\/","https:\/\/www.instagram.com\/protech_sweden\/","https:\/\/www.linkedin.com\/company\/protech-professional-technologies-sweden-ab\/","https:\/\/www.youtube.com\/@Protech_nu"]}]}},"_links":{"self":[{"href":"https:\/\/protech.nu\/wp-json\/wp\/v2\/product\/2751","targetHints":{"allow":["GET"]}}],"collection":[{"href":"https:\/\/protech.nu\/wp-json\/wp\/v2\/product"}],"about":[{"href":"https:\/\/protech.nu\/wp-json\/wp\/v2\/types\/product"}],"replies":[{"embeddable":true,"href":"https:\/\/protech.nu\/wp-json\/wp\/v2\/comments?post=2751"}],"wp:featuredmedia":[{"embeddable":true,"href":"https:\/\/protech.nu\/wp-json\/wp\/v2\/media\/1603"}],"wp:attachment":[{"href":"https:\/\/protech.nu\/wp-json\/wp\/v2\/media?parent=2751"}],"wp:term":[{"taxonomy":"product_brand","embeddable":true,"href":"https:\/\/protech.nu\/wp-json\/wp\/v2\/product_brand?post=2751"},{"taxonomy":"product_cat","embeddable":true,"href":"https:\/\/protech.nu\/wp-json\/wp\/v2\/product_cat?post=2751"},{"taxonomy":"product_tag","embeddable":true,"href":"https:\/\/protech.nu\/wp-json\/wp\/v2\/product_tag?post=2751"}],"curies":[{"name":"wp","href":"https:\/\/api.w.org\/{rel}","templated":true}]}}