{"id":9306,"date":"2026-03-23T14:57:34","date_gmt":"2026-03-23T13:57:34","guid":{"rendered":"https:\/\/protech.nu\/toode\/ingersoll-rand-2850max-1%e2%80%b3-tryckluftsdriven-mutterdragare-2850-nm\/"},"modified":"2026-04-04T17:34:13","modified_gmt":"2026-04-04T15:34:13","slug":"ingersoll-rand-2850max-1-tryckluftsdriven-mutterdragare","status":"publish","type":"product","link":"https:\/\/protech.nu\/produkt\/ingersoll-rand-2850max-1-tryckluftsdriven-mutterdragare\/","title":{"rendered":"Ingersoll Rand 2850MAX \u2013 1\u2033 tryckluftsdriven mutterdragare, 2850 Nm"},"content":{"rendered":"<h3>Ingersoll Rand 2850MAX \u2013 maximal kraft f\u00f6r tunga applikationer<\/h3>\n<p>Ingersoll Rand 2850MAX \u00e4r en professionell 1\u2033 tryckluftsdriven mutterdragare utvecklad f\u00f6r de mest kr\u00e4vande arbetena inom lastbilsservice, tung utrustning och industriellt underh\u00e5ll. Den kombinerar extremt vridmoment, robust konstruktion och optimerad vikt f\u00f6r h\u00f6g produktivitet i dagligt arbete.<\/p>\n<p>K\u00e4rnan i verktyget \u00e4r en <strong>st\u00e5lk\u00e4rnemotor<\/strong> tillsammans med en <strong>precisionsbearbetad slagmekanism i helst\u00e5l<\/strong>, vilket ger upp till <strong>2850 Nm lossningsmoment<\/strong> (breakaway torque \/ nut-busting torque). Detta g\u00f6r det m\u00f6jligt att snabbt lossa \u00e4ven h\u00e5rt \u00e5tdragna eller fastrostade f\u00f6rband.<\/p>\n<p>Trots sin h\u00f6ga effekt v\u00e4ger 2850MAX endast cirka <strong>8,8 kg<\/strong>, vilket g\u00f6r den upp till 25 % l\u00e4ttare \u00e4n j\u00e4mf\u00f6rbara 1\u2033 mutterdragare. Det minskar operat\u00f6rens belastning och f\u00f6rb\u00e4ttrar effektiviteten vid l\u00e4ngre arbetspass.<\/p>\n<p>Verktyget \u00e4r byggt f\u00f6r tuffa milj\u00f6er med <strong>kemikaliebest\u00e4ndigt h\u00f6lje<\/strong> och slitstarka interna komponenter. Ett <strong>360\u00b0 justerbart st\u00f6dhandtag<\/strong> och en <strong>roterande luftanslutning<\/strong> ger optimal kontroll och flexibilitet i tr\u00e5nga arbetsutrymmen.<\/p>\n<p><b>Nyckelfunktioner:<\/b><\/p>\n<ul>\n<li>1\u2033 fyrkantsf\u00e4ste f\u00f6r tunga applikationer<\/li>\n<li>Upp till 2850 Nm lossningsmoment<\/li>\n<li>St\u00e5lk\u00e4rnemotor och slagmekanism i helst\u00e5l<\/li>\n<li>Upp till 25 % l\u00e4gre vikt \u00e4n j\u00e4mf\u00f6rbara verktyg<\/li>\n<li>360\u00b0 justerbart sidohandtag<\/li>\n<li>Roterande luftanslutning f\u00f6r b\u00e4ttre r\u00f6rlighet<\/li>\n<\/ul>\n<p><b>Anv\u00e4ndningsomr\u00e5den:<\/b><\/p>\n<ul>\n<li>Lastbils- och bussunderh\u00e5ll<\/li>\n<li>Tung utrustning och entreprenadmaskiner<\/li>\n<li>Industriellt underh\u00e5ll (MRO)<\/li>\n<li>Energi- och infrastrukturprojekt<\/li>\n<\/ul>\n<p>Ingersoll Rand 2850MAX anv\u00e4nds av professionella i Sverige, Norden och Baltikum d\u00e4r tillf\u00f6rlitlighet, kraft och ergonomi \u00e4r avg\u00f6rande.<\/p>\n<div style=\"margin-top: 15px;\"><a style=\"border: 2px solid #E14A2D; padding: 10px 14px; display: inline-block; border-radius: 4px; text-decoration: none; color: #e14a2d; font-weight: 600;\" href=\"https:\/\/protech.nu\/wp-content\/uploads\/2026\/03\/ingersoll-rand-2850max-1-inch-impact-wrench-brochure.pdf\" target=\"_blank\" rel=\"noopener\">Ingersoll Rand 2850MAX teknisk broschyr (PDF)<br \/>\n<\/a><\/div>\n","protected":false},"excerpt":{"rendered":"<p><strong>Ingersoll Rand 2850MAX<\/strong> \u00e4r en 1\u2033 tryckluftsdriven mutterdragare med upp till <strong>2850 Nm lossningsmoment<\/strong>. Robust men l\u00e4tt (~8,8 kg), idealisk f\u00f6r tung service, industri och entreprenad.<\/p>\n<p><video style=\"width:100%; height:auto; border-radius:6px;\" autoplay muted loop controls playsinline><source src=\"https:\/\/protech.nu\/wp-content\/uploads\/2026\/03\/ingersoll-rand-2850max-1-inch-air-impact-wrench.mp4\" type=\"video\/mp4\"><\/video><\/p>\n","protected":false},"featured_media":9305,"comment_status":"open","ping_status":"closed","template":"","meta":{"_acf_changed":false,"_monsterinsights_skip_tracking":false,"_monsterinsights_sitenote_active":false,"_monsterinsights_sitenote_note":"","_monsterinsights_sitenote_category":0,"_themeisle_gutenberg_block_has_review":false},"product_brand":[],"product_cat":[6194,6238,6218],"product_tag":[],"class_list":{"0":"post-9306","1":"product","2":"type-product","3":"status-publish","4":"has-post-thumbnail","6":"product_cat-ingersoll-rand-air-tools","7":"product_cat-air-impact-wrenches","8":"product_cat-air-tools-service-maintenance","10":"first","11":"instock","12":"taxable","13":"shipping-taxable","14":"purchasable","15":"product-type-simple"},"acf":[],"yoast_head":"<!-- This site is optimized with the Yoast SEO plugin v27.5 - https:\/\/yoast.com\/product\/yoast-seo-wordpress\/ -->\n<title>Ingersoll Rand 2850MAX 1\u2033 Mutterdragare \u2013 2850 Nm | ProTech<\/title>\n<meta name=\"description\" content=\"Ingersoll Rand 2850MAX 1\u2033 mutterdragare med 2850 Nm. Kraftfull, l\u00e4tt och robust f\u00f6r lastbilar, industri och tungt underh\u00e5ll.\" \/>\n<meta name=\"robots\" content=\"index, follow, max-snippet:-1, max-image-preview:large, max-video-preview:-1\" \/>\n<link rel=\"canonical\" href=\"https:\/\/protech.nu\/produkt\/ingersoll-rand-2850max-1-tryckluftsdriven-mutterdragare\/\" \/>\n<meta property=\"og:locale\" content=\"sv_SE\" \/>\n<meta property=\"og:type\" content=\"article\" \/>\n<meta property=\"og:title\" content=\"Ingersoll Rand 2850MAX 1\u2033 Mutterdragare \u2013 2850 Nm | ProTech\" \/>\n<meta property=\"og:description\" content=\"Ingersoll Rand 2850MAX 1\u2033 mutterdragare med 2850 Nm. Kraftfull, l\u00e4tt och robust f\u00f6r lastbilar, industri och tungt underh\u00e5ll.\" \/>\n<meta property=\"og:url\" content=\"https:\/\/protech.nu\/produkt\/ingersoll-rand-2850max-1-tryckluftsdriven-mutterdragare\/\" \/>\n<meta property=\"og:site_name\" content=\"ProTech\" \/>\n<meta property=\"article:publisher\" content=\"https:\/\/www.facebook.com\/Protech.nu\/\" \/>\n<meta property=\"article:modified_time\" content=\"2026-04-04T15:34:13+00:00\" \/>\n<meta property=\"og:image\" content=\"https:\/\/protech.nu\/wp-content\/uploads\/2026\/03\/ingersoll-rand-2850max-1-inch-air-impact-wrench.jpg\" \/>\n\t<meta property=\"og:image:width\" content=\"600\" \/>\n\t<meta property=\"og:image:height\" content=\"389\" \/>\n\t<meta property=\"og:image:type\" content=\"image\/jpeg\" \/>\n<meta name=\"twitter:card\" content=\"summary_large_image\" \/>\n<meta name=\"twitter:label1\" content=\"Ber\u00e4knad l\u00e4stid\" \/>\n\t<meta name=\"twitter:data1\" content=\"2 minuter\" \/>\n<script type=\"application\/ld+json\" class=\"yoast-schema-graph\">{\"@context\":\"https:\\\/\\\/schema.org\",\"@graph\":[{\"@type\":\"WebPage\",\"@id\":\"https:\\\/\\\/protech.nu\\\/produkt\\\/ingersoll-rand-2850max-1-tryckluftsdriven-mutterdragare\\\/\",\"url\":\"https:\\\/\\\/protech.nu\\\/produkt\\\/ingersoll-rand-2850max-1-tryckluftsdriven-mutterdragare\\\/\",\"name\":\"Ingersoll Rand 2850MAX 1\u2033 Mutterdragare \u2013 2850 Nm | ProTech\",\"isPartOf\":{\"@id\":\"https:\\\/\\\/protech.nu\\\/#website\"},\"primaryImageOfPage\":{\"@id\":\"https:\\\/\\\/protech.nu\\\/produkt\\\/ingersoll-rand-2850max-1-tryckluftsdriven-mutterdragare\\\/#primaryimage\"},\"image\":{\"@id\":\"https:\\\/\\\/protech.nu\\\/produkt\\\/ingersoll-rand-2850max-1-tryckluftsdriven-mutterdragare\\\/#primaryimage\"},\"thumbnailUrl\":\"https:\\\/\\\/protech.nu\\\/wp-content\\\/uploads\\\/2026\\\/03\\\/ingersoll-rand-2850max-1-inch-air-impact-wrench.jpg\",\"datePublished\":\"2026-03-23T13:57:34+00:00\",\"dateModified\":\"2026-04-04T15:34:13+00:00\",\"description\":\"Ingersoll Rand 2850MAX 1\u2033 mutterdragare med 2850 Nm. Kraftfull, l\u00e4tt och robust f\u00f6r lastbilar, industri och tungt underh\u00e5ll.\",\"breadcrumb\":{\"@id\":\"https:\\\/\\\/protech.nu\\\/produkt\\\/ingersoll-rand-2850max-1-tryckluftsdriven-mutterdragare\\\/#breadcrumb\"},\"inLanguage\":\"sv-SE\",\"potentialAction\":[{\"@type\":\"ReadAction\",\"target\":[\"https:\\\/\\\/protech.nu\\\/produkt\\\/ingersoll-rand-2850max-1-tryckluftsdriven-mutterdragare\\\/\"]}]},{\"@type\":\"ImageObject\",\"inLanguage\":\"sv-SE\",\"@id\":\"https:\\\/\\\/protech.nu\\\/produkt\\\/ingersoll-rand-2850max-1-tryckluftsdriven-mutterdragare\\\/#primaryimage\",\"url\":\"https:\\\/\\\/protech.nu\\\/wp-content\\\/uploads\\\/2026\\\/03\\\/ingersoll-rand-2850max-1-inch-air-impact-wrench.jpg\",\"contentUrl\":\"https:\\\/\\\/protech.nu\\\/wp-content\\\/uploads\\\/2026\\\/03\\\/ingersoll-rand-2850max-1-inch-air-impact-wrench.jpg\",\"width\":600,\"height\":389,\"caption\":\"Ingersoll Rand 2850MAX 1\u2033 mutterdragare \u2013 2850 Nm f\u00f6r tunga applikationer\"},{\"@type\":\"BreadcrumbList\",\"@id\":\"https:\\\/\\\/protech.nu\\\/produkt\\\/ingersoll-rand-2850max-1-tryckluftsdriven-mutterdragare\\\/#breadcrumb\",\"itemListElement\":[{\"@type\":\"ListItem\",\"position\":1,\"name\":\"Hem\",\"item\":\"https:\\\/\\\/protech.nu\\\/sv\\\/\"},{\"@type\":\"ListItem\",\"position\":2,\"name\":\"Tooted\",\"item\":\"https:\\\/\\\/protech.nu\\\/products\\\/\"},{\"@type\":\"ListItem\",\"position\":3,\"name\":\"Ingersoll Rand 2850MAX \u2013 1\u2033 tryckluftsdriven mutterdragare, 2850 Nm\"}]},{\"@type\":\"WebSite\",\"@id\":\"https:\\\/\\\/protech.nu\\\/#website\",\"url\":\"https:\\\/\\\/protech.nu\\\/\",\"name\":\"PROTECH\",\"description\":\"\",\"publisher\":{\"@id\":\"https:\\\/\\\/protech.nu\\\/#organization\"},\"potentialAction\":[{\"@type\":\"SearchAction\",\"target\":{\"@type\":\"EntryPoint\",\"urlTemplate\":\"https:\\\/\\\/protech.nu\\\/?s={search_term_string}\"},\"query-input\":{\"@type\":\"PropertyValueSpecification\",\"valueRequired\":true,\"valueName\":\"search_term_string\"}}],\"inLanguage\":\"sv-SE\"},{\"@type\":\"Organization\",\"@id\":\"https:\\\/\\\/protech.nu\\\/#organization\",\"name\":\"MYPOWERTOOLSBOX\",\"alternateName\":\"ProTech\",\"url\":\"https:\\\/\\\/protech.nu\\\/\",\"logo\":{\"@type\":\"ImageObject\",\"inLanguage\":\"sv-SE\",\"@id\":\"https:\\\/\\\/protech.nu\\\/#\\\/schema\\\/logo\\\/image\\\/\",\"url\":\"https:\\\/\\\/2026.protech.nu\\\/wp-content\\\/uploads\\\/2026\\\/02\\\/ProTech.png\",\"contentUrl\":\"https:\\\/\\\/2026.protech.nu\\\/wp-content\\\/uploads\\\/2026\\\/02\\\/ProTech.png\",\"width\":1024,\"height\":1024,\"caption\":\"MYPOWERTOOLSBOX\"},\"image\":{\"@id\":\"https:\\\/\\\/protech.nu\\\/#\\\/schema\\\/logo\\\/image\\\/\"},\"sameAs\":[\"https:\\\/\\\/www.facebook.com\\\/Protech.nu\\\/\",\"https:\\\/\\\/www.instagram.com\\\/protech_sweden\\\/\",\"https:\\\/\\\/www.linkedin.com\\\/company\\\/protech-professional-technologies-sweden-ab\\\/\",\"https:\\\/\\\/www.youtube.com\\\/@Protech_nu\"]}]}<\/script>\n<!-- \/ Yoast SEO plugin. -->","yoast_head_json":{"title":"Ingersoll Rand 2850MAX 1\u2033 Mutterdragare \u2013 2850 Nm | ProTech","description":"Ingersoll Rand 2850MAX 1\u2033 mutterdragare med 2850 Nm. Kraftfull, l\u00e4tt och robust f\u00f6r lastbilar, industri och tungt underh\u00e5ll.","robots":{"index":"index","follow":"follow","max-snippet":"max-snippet:-1","max-image-preview":"max-image-preview:large","max-video-preview":"max-video-preview:-1"},"canonical":"https:\/\/protech.nu\/produkt\/ingersoll-rand-2850max-1-tryckluftsdriven-mutterdragare\/","og_locale":"sv_SE","og_type":"article","og_title":"Ingersoll Rand 2850MAX 1\u2033 Mutterdragare \u2013 2850 Nm | ProTech","og_description":"Ingersoll Rand 2850MAX 1\u2033 mutterdragare med 2850 Nm. Kraftfull, l\u00e4tt och robust f\u00f6r lastbilar, industri och tungt underh\u00e5ll.","og_url":"https:\/\/protech.nu\/produkt\/ingersoll-rand-2850max-1-tryckluftsdriven-mutterdragare\/","og_site_name":"ProTech","article_publisher":"https:\/\/www.facebook.com\/Protech.nu\/","article_modified_time":"2026-04-04T15:34:13+00:00","og_image":[{"width":600,"height":389,"url":"https:\/\/protech.nu\/wp-content\/uploads\/2026\/03\/ingersoll-rand-2850max-1-inch-air-impact-wrench.jpg","type":"image\/jpeg"}],"twitter_card":"summary_large_image","twitter_misc":{"Ber\u00e4knad l\u00e4stid":"2 minuter"},"schema":{"@context":"https:\/\/schema.org","@graph":[{"@type":"WebPage","@id":"https:\/\/protech.nu\/produkt\/ingersoll-rand-2850max-1-tryckluftsdriven-mutterdragare\/","url":"https:\/\/protech.nu\/produkt\/ingersoll-rand-2850max-1-tryckluftsdriven-mutterdragare\/","name":"Ingersoll Rand 2850MAX 1\u2033 Mutterdragare \u2013 2850 Nm | ProTech","isPartOf":{"@id":"https:\/\/protech.nu\/#website"},"primaryImageOfPage":{"@id":"https:\/\/protech.nu\/produkt\/ingersoll-rand-2850max-1-tryckluftsdriven-mutterdragare\/#primaryimage"},"image":{"@id":"https:\/\/protech.nu\/produkt\/ingersoll-rand-2850max-1-tryckluftsdriven-mutterdragare\/#primaryimage"},"thumbnailUrl":"https:\/\/protech.nu\/wp-content\/uploads\/2026\/03\/ingersoll-rand-2850max-1-inch-air-impact-wrench.jpg","datePublished":"2026-03-23T13:57:34+00:00","dateModified":"2026-04-04T15:34:13+00:00","description":"Ingersoll Rand 2850MAX 1\u2033 mutterdragare med 2850 Nm. Kraftfull, l\u00e4tt och robust f\u00f6r lastbilar, industri och tungt underh\u00e5ll.","breadcrumb":{"@id":"https:\/\/protech.nu\/produkt\/ingersoll-rand-2850max-1-tryckluftsdriven-mutterdragare\/#breadcrumb"},"inLanguage":"sv-SE","potentialAction":[{"@type":"ReadAction","target":["https:\/\/protech.nu\/produkt\/ingersoll-rand-2850max-1-tryckluftsdriven-mutterdragare\/"]}]},{"@type":"ImageObject","inLanguage":"sv-SE","@id":"https:\/\/protech.nu\/produkt\/ingersoll-rand-2850max-1-tryckluftsdriven-mutterdragare\/#primaryimage","url":"https:\/\/protech.nu\/wp-content\/uploads\/2026\/03\/ingersoll-rand-2850max-1-inch-air-impact-wrench.jpg","contentUrl":"https:\/\/protech.nu\/wp-content\/uploads\/2026\/03\/ingersoll-rand-2850max-1-inch-air-impact-wrench.jpg","width":600,"height":389,"caption":"Ingersoll Rand 2850MAX 1\u2033 mutterdragare \u2013 2850 Nm f\u00f6r tunga applikationer"},{"@type":"BreadcrumbList","@id":"https:\/\/protech.nu\/produkt\/ingersoll-rand-2850max-1-tryckluftsdriven-mutterdragare\/#breadcrumb","itemListElement":[{"@type":"ListItem","position":1,"name":"Hem","item":"https:\/\/protech.nu\/sv\/"},{"@type":"ListItem","position":2,"name":"Tooted","item":"https:\/\/protech.nu\/products\/"},{"@type":"ListItem","position":3,"name":"Ingersoll Rand 2850MAX \u2013 1\u2033 tryckluftsdriven mutterdragare, 2850 Nm"}]},{"@type":"WebSite","@id":"https:\/\/protech.nu\/#website","url":"https:\/\/protech.nu\/","name":"PROTECH","description":"","publisher":{"@id":"https:\/\/protech.nu\/#organization"},"potentialAction":[{"@type":"SearchAction","target":{"@type":"EntryPoint","urlTemplate":"https:\/\/protech.nu\/?s={search_term_string}"},"query-input":{"@type":"PropertyValueSpecification","valueRequired":true,"valueName":"search_term_string"}}],"inLanguage":"sv-SE"},{"@type":"Organization","@id":"https:\/\/protech.nu\/#organization","name":"MYPOWERTOOLSBOX","alternateName":"ProTech","url":"https:\/\/protech.nu\/","logo":{"@type":"ImageObject","inLanguage":"sv-SE","@id":"https:\/\/protech.nu\/#\/schema\/logo\/image\/","url":"https:\/\/2026.protech.nu\/wp-content\/uploads\/2026\/02\/ProTech.png","contentUrl":"https:\/\/2026.protech.nu\/wp-content\/uploads\/2026\/02\/ProTech.png","width":1024,"height":1024,"caption":"MYPOWERTOOLSBOX"},"image":{"@id":"https:\/\/protech.nu\/#\/schema\/logo\/image\/"},"sameAs":["https:\/\/www.facebook.com\/Protech.nu\/","https:\/\/www.instagram.com\/protech_sweden\/","https:\/\/www.linkedin.com\/company\/protech-professional-technologies-sweden-ab\/","https:\/\/www.youtube.com\/@Protech_nu"]}]}},"_links":{"self":[{"href":"https:\/\/protech.nu\/wp-json\/wp\/v2\/product\/9306","targetHints":{"allow":["GET"]}}],"collection":[{"href":"https:\/\/protech.nu\/wp-json\/wp\/v2\/product"}],"about":[{"href":"https:\/\/protech.nu\/wp-json\/wp\/v2\/types\/product"}],"replies":[{"embeddable":true,"href":"https:\/\/protech.nu\/wp-json\/wp\/v2\/comments?post=9306"}],"wp:featuredmedia":[{"embeddable":true,"href":"https:\/\/protech.nu\/wp-json\/wp\/v2\/media\/9305"}],"wp:attachment":[{"href":"https:\/\/protech.nu\/wp-json\/wp\/v2\/media?parent=9306"}],"wp:term":[{"taxonomy":"product_brand","embeddable":true,"href":"https:\/\/protech.nu\/wp-json\/wp\/v2\/product_brand?post=9306"},{"taxonomy":"product_cat","embeddable":true,"href":"https:\/\/protech.nu\/wp-json\/wp\/v2\/product_cat?post=9306"},{"taxonomy":"product_tag","embeddable":true,"href":"https:\/\/protech.nu\/wp-json\/wp\/v2\/product_tag?post=9306"}],"curies":[{"name":"wp","href":"https:\/\/api.w.org\/{rel}","templated":true}]}}